{"id":52671,"date":"2021-04-03T00:42:09","date_gmt":"2021-04-02T21:42:09","guid":{"rendered":"https:\/\/rodoaed.ee\/toode\/talvipuutarha-t-classic-19m2\/"},"modified":"2026-04-13T10:50:30","modified_gmt":"2026-04-13T07:50:30","slug":"talvipuutarha-t-classic-19m2","status":"publish","type":"product","link":"https:\/\/rodoaed.ee\/fi\/tuote\/talvipuutarha-t-classic-19m2\/","title":{"rendered":"Talvipuutarha T-Classic <sup>19m2<\/sup>"},"content":{"rendered":"<p>Tyylik\u00e4s T-muotoinen konservatorio tai kasvihuone, joka sopii molempiin k\u00e4ytt\u00f6tarkoituksiin.<\/p>\n<h2>Kasvihuoneen mitat<\/h2>\n<p>Kasvihuoneen pohjaratkaisu on T-muotoinen.  <span style=\"line-height: 18px;\">Kasvihuoneen suorakulmainen pohja on 309 cm leve\u00e4 ja 4,57 cm pitk\u00e4. P\u00e4\u00e4tyseinien leveys on 309 cm ja niin sanotun eteisen ulkonema on 156 cm. Pinta-ala on 18,9 m2.  <\/span><\/p>\n<p>Kattoharjanteen korkeus perusrunko mukaan lukien on 273 cm ja sivusein\u00e4n korkeus perusrunko mukaan lukien on 201 cm. Suuret kattoaukot varmistavat hyv\u00e4n ilmankierron. Kasvihuoneen mukana toimitetaan leve\u00e4t sadekourut ja asianmukaiset alumiiniset sy\u00f6ksyputket. Katto on koristeltu viktoriaaniseen tyyliin.   <\/p>\n<p>Mallissa on 84 cm leve\u00e4 liukuovi ja 3 kattoikkunaa.<\/p>\n<h2>Lasikatto<\/h2>\n<p>T-Classic on varustettu kest\u00e4v\u00e4ll\u00e4 4 mm:n karkaistulla lasilla.<\/p>\n<p>Karkaistu lasi on jopa 7 kertaa vahvempaa kuin tavallinen kasvihuonelasi. T\u00e4m\u00e4 merkitsee suurempaa turvallisuutta asennuksen aikana ja my\u00f6hemm\u00e4ss\u00e4 k\u00e4yt\u00f6ss\u00e4. Jos lasi rikkoutuu, siit\u00e4 ei tule vaarallisia ter\u00e4vi\u00e4 sirpaleita, vaan vain lasinsiruja, kuten auton lasin rikkoutuessa. N\u00e4m\u00e4 roskat eiv\u00e4t vahingoita eiv\u00e4tk\u00e4 riko kasvihuoneen pintaa.   <\/p>\n<p>Pyynn\u00f6st\u00e4 voimme my\u00f6s valmistaa mittatilausty\u00f6n\u00e4 katon vahvasta 8 mm:n kirkkaasta polykarbonaatista, joka hajottaa miellytt\u00e4v\u00e4sti ylim\u00e4\u00e4r\u00e4ist\u00e4 valoa ja l\u00e4mp\u00f6\u00e4.<\/p>\n<h2>Alusraam<\/h2>\n<p>Tukeva alumiininen pohjakehys antaa kasvihuoneelle enemm\u00e4n vakautta ja helpottaa kokoamista huomattavasti. Pohjakehys on valmistettu vahvasta carapace-profiilista, joka antaa sille lis\u00e4\u00e4 j\u00e4ykkyytt\u00e4 esimerkiksi pakkasrapautumista vastaan. Pohjakehyksess\u00e4 on ankkurointilistat, jotka voidaan kaivaa maahan tai valaa sekaan. N\u00e4in ollen sit\u00e4 voidaan k\u00e4ytt\u00e4\u00e4 erillisen perustuksen korvikkeena.   <\/p>\n<h2>RAL maalattu runko<\/h2>\n<p>Oletusarvoisesti koko kehys on mattaharmaa tai alumiininen. Pyynn\u00f6st\u00e4 koko runko voidaan pulverimaalata RAL-standardiv\u00e4reill\u00e4. Vakiov\u00e4rit  <\/p>\n<p>Koko runko on oletusarvoisesti matta-alumiinia, mutta se voidaan pulverimaalata vakiov\u00e4reill\u00e4 RAL (1013, 1019, 3004, 3011, 6005, 6009, 6013, 7016 ja 9005). Erikoistilauksesta voidaan tilata my\u00f6s laaja valikoima muita v\u00e4rej\u00e4. <\/p>\n<p><a href=\"https:\/\/rodoaed.ee\/fi\/\">kotisivu<\/a> <a href=\"https:\/\/rodoaed.ee\/tootekategooria\/kasvuhooned-ja-talveaiad\/\">k\u00e4ynnist\u00e4<\/a> <a href=\"https:\/\/rodoaed.ee\/fi\/tootekategooria\/euro-serren-talvipuutarhat\/\">konservatoriot<\/a><\/p>\n<p>&nbsp;<\/p>\n","protected":false},"excerpt":{"rendered":"<p>Tyylik\u00e4s T-muotoinen konservatorio tai kasvihuone, joka sopii molempiin k\u00e4ytt\u00f6tarkoituksiin. Kasvihuoneen mitat Kasvihuoneen pohjaratkaisu on T-muotoinen. Kasvihuoneen suorakulmainen pohja on 309 cm leve\u00e4 ja 4,57 cm pitk\u00e4. P\u00e4\u00e4tyseinien leveys on 309 cm ja niin sanotun eteisen ulkonema on 156 cm. Pinta-ala on 18,9 m2. Kattoharjanteen korkeus perusrunko mukaan lukien on 273 cm ja sivusein\u00e4n korkeus perusrunko mukaan lukien on 201 cm. Suuret kattoaukot varmistavat hyv\u00e4n ilmankierron&#8230;.<\/p>\n","protected":false},"featured_media":37064,"template":"","meta":{"_acf_changed":false},"product_brand":[],"product_cat":[1828,1831],"product_tag":[],"class_list":{"0":"post-52671","1":"product","2":"type-product","3":"status-publish","4":"has-post-thumbnail","6":"product_cat-euro-serren-talvipuutarhat","7":"product_cat-talveaed-t-classic","8":"pa_variatsioon-kasvihuoneen-paviljonki-sophie-ral-23m2","10":"first","11":"instock","12":"taxable","13":"shipping-taxable","14":"purchasable","15":"product-type-simple"},"acf":[],"yoast_head":"<!-- This site is optimized with the Yoast SEO Premium plugin v27.3 (Yoast SEO v27.3) - https:\/\/yoast.com\/product\/yoast-seo-premium-wordpress\/ -->\n<title>Talvipuutarha T-Classic 19m2 - Rodoaed<\/title>\n<meta name=\"robots\" content=\"index, follow, max-snippet:-1, max-image-preview:large, max-video-preview:-1\" \/>\n<link rel=\"canonical\" href=\"https:\/\/rodoaed.ee\/fi\/toode\/talvipuutarha-t-classic-19m2\/\" \/>\n<meta property=\"og:locale\" content=\"fi_FI\" \/>\n<meta property=\"og:type\" content=\"article\" \/>\n<meta property=\"og:title\" content=\"Talvipuutarha T-Classic 19m2\" \/>\n<meta property=\"og:description\" content=\"Tyylik\u00e4s T-muotoinen konservatorio tai kasvihuone, joka sopii molempiin k\u00e4ytt\u00f6tarkoituksiin. Kasvihuoneen mitat Kasvihuoneen pohjaratkaisu on T-muotoinen.\" \/>\n<meta property=\"og:url\" content=\"https:\/\/rodoaed.ee\/fi\/toode\/talvipuutarha-t-classic-19m2\/\" \/>\n<meta property=\"og:site_name\" content=\"Rodoaed\" \/>\n<meta property=\"article:publisher\" content=\"https:\/\/www.facebook.com\/kasvuhooned\/\" \/>\n<meta property=\"article:modified_time\" content=\"2026-04-13T07:50:30+00:00\" \/>\n<meta property=\"og:image\" content=\"https:\/\/rodoaed.ee\/wp-content\/uploads\/2021\/04\/Kasvuhooned_T-Classic_01_s-scaled.jpg\" \/>\n\t<meta property=\"og:image:width\" content=\"2560\" \/>\n\t<meta property=\"og:image:height\" content=\"1438\" \/>\n\t<meta property=\"og:image:type\" content=\"image\/jpeg\" \/>\n<meta name=\"twitter:card\" content=\"summary_large_image\" \/>\n<meta name=\"twitter:label1\" content=\"Arvioitu lukuaika\" \/>\n\t<meta name=\"twitter:data1\" content=\"1 minuutti\" \/>\n<script type=\"application\/ld+json\" class=\"yoast-schema-graph\">{\"@context\":\"https:\\\/\\\/schema.org\",\"@graph\":[{\"@type\":\"WebPage\",\"@id\":\"https:\\\/\\\/rodoaed.ee\\\/fi\\\/toode\\\/talvipuutarha-t-classic-19m2\\\/\",\"url\":\"https:\\\/\\\/rodoaed.ee\\\/fi\\\/toode\\\/talvipuutarha-t-classic-19m2\\\/\",\"name\":\"Talvipuutarha T-Classic 19m2 - Rodoaed\",\"isPartOf\":{\"@id\":\"https:\\\/\\\/rodoaed.ee\\\/#website\"},\"primaryImageOfPage\":{\"@id\":\"https:\\\/\\\/rodoaed.ee\\\/fi\\\/toode\\\/talvipuutarha-t-classic-19m2\\\/#primaryimage\"},\"image\":{\"@id\":\"https:\\\/\\\/rodoaed.ee\\\/fi\\\/toode\\\/talvipuutarha-t-classic-19m2\\\/#primaryimage\"},\"thumbnailUrl\":\"https:\\\/\\\/rodoaed.ee\\\/wp-content\\\/uploads\\\/2021\\\/04\\\/Kasvuhooned_T-Classic_01_s-scaled.jpg\",\"datePublished\":\"2021-04-02T21:42:09+00:00\",\"dateModified\":\"2026-04-13T07:50:30+00:00\",\"breadcrumb\":{\"@id\":\"https:\\\/\\\/rodoaed.ee\\\/fi\\\/toode\\\/talvipuutarha-t-classic-19m2\\\/#breadcrumb\"},\"inLanguage\":\"fi\",\"potentialAction\":[{\"@type\":\"ReadAction\",\"target\":[\"https:\\\/\\\/rodoaed.ee\\\/fi\\\/toode\\\/talvipuutarha-t-classic-19m2\\\/\"]}]},{\"@type\":\"ImageObject\",\"inLanguage\":\"fi\",\"@id\":\"https:\\\/\\\/rodoaed.ee\\\/fi\\\/toode\\\/talvipuutarha-t-classic-19m2\\\/#primaryimage\",\"url\":\"https:\\\/\\\/rodoaed.ee\\\/wp-content\\\/uploads\\\/2021\\\/04\\\/Kasvuhooned_T-Classic_01_s-scaled.jpg\",\"contentUrl\":\"https:\\\/\\\/rodoaed.ee\\\/wp-content\\\/uploads\\\/2021\\\/04\\\/Kasvuhooned_T-Classic_01_s-scaled.jpg\",\"width\":2560,\"height\":1438,\"caption\":\"Talvipuutarha T-klassikko\"},{\"@type\":\"BreadcrumbList\",\"@id\":\"https:\\\/\\\/rodoaed.ee\\\/fi\\\/toode\\\/talvipuutarha-t-classic-19m2\\\/#breadcrumb\",\"itemListElement\":[{\"@type\":\"ListItem\",\"position\":1,\"name\":\"Home\",\"item\":\"https:\\\/\\\/rodoaed.ee\\\/fi\\\/\"},{\"@type\":\"ListItem\",\"position\":2,\"name\":\"Osta osoitteessa\",\"item\":\"https:\\\/\\\/rodoaed.ee\\\/osta-osoitteessa\\\/\"},{\"@type\":\"ListItem\",\"position\":3,\"name\":\"Talvipuutarha T-Classic 19m2\"}]},{\"@type\":\"WebSite\",\"@id\":\"https:\\\/\\\/rodoaed.ee\\\/#website\",\"url\":\"https:\\\/\\\/rodoaed.ee\\\/\",\"name\":\"Rodoaed\",\"description\":\"\",\"publisher\":{\"@id\":\"https:\\\/\\\/rodoaed.ee\\\/#organization\"},\"potentialAction\":[{\"@type\":\"SearchAction\",\"target\":{\"@type\":\"EntryPoint\",\"urlTemplate\":\"https:\\\/\\\/rodoaed.ee\\\/?s={search_term_string}\"},\"query-input\":{\"@type\":\"PropertyValueSpecification\",\"valueRequired\":true,\"valueName\":\"search_term_string\"}}],\"inLanguage\":\"fi\"},{\"@type\":\"Organization\",\"@id\":\"https:\\\/\\\/rodoaed.ee\\\/#organization\",\"name\":\"Rodoaed\",\"url\":\"https:\\\/\\\/rodoaed.ee\\\/\",\"logo\":{\"@type\":\"ImageObject\",\"inLanguage\":\"fi\",\"@id\":\"https:\\\/\\\/rodoaed.ee\\\/#\\\/schema\\\/logo\\\/image\\\/\",\"url\":\"https:\\\/\\\/rodoaed.ee\\\/wp-content\\\/uploads\\\/2019\\\/11\\\/rodoaed-logo-ilma-taustata.jpg\",\"contentUrl\":\"https:\\\/\\\/rodoaed.ee\\\/wp-content\\\/uploads\\\/2019\\\/11\\\/rodoaed-logo-ilma-taustata.jpg\",\"width\":769,\"height\":268,\"caption\":\"Rodoaed\"},\"image\":{\"@id\":\"https:\\\/\\\/rodoaed.ee\\\/#\\\/schema\\\/logo\\\/image\\\/\"},\"sameAs\":[\"https:\\\/\\\/www.facebook.com\\\/kasvuhooned\\\/\",\"https:\\\/\\\/rodoaed.ee\"]}]}<\/script>\n<!-- \/ Yoast SEO Premium plugin. -->","yoast_head_json":{"title":"Talvipuutarha T-Classic 19m2 - Rodoaed","robots":{"index":"index","follow":"follow","max-snippet":"max-snippet:-1","max-image-preview":"max-image-preview:large","max-video-preview":"max-video-preview:-1"},"canonical":"https:\/\/rodoaed.ee\/fi\/toode\/talvipuutarha-t-classic-19m2\/","og_locale":"fi_FI","og_type":"article","og_title":"Talvipuutarha T-Classic 19m2","og_description":"Tyylik\u00e4s T-muotoinen konservatorio tai kasvihuone, joka sopii molempiin k\u00e4ytt\u00f6tarkoituksiin. Kasvihuoneen mitat Kasvihuoneen pohjaratkaisu on T-muotoinen.","og_url":"https:\/\/rodoaed.ee\/fi\/toode\/talvipuutarha-t-classic-19m2\/","og_site_name":"Rodoaed","article_publisher":"https:\/\/www.facebook.com\/kasvuhooned\/","article_modified_time":"2026-04-13T07:50:30+00:00","og_image":[{"width":2560,"height":1438,"url":"https:\/\/rodoaed.ee\/wp-content\/uploads\/2021\/04\/Kasvuhooned_T-Classic_01_s-scaled.jpg","type":"image\/jpeg"}],"twitter_card":"summary_large_image","twitter_misc":{"Arvioitu lukuaika":"1 minuutti"},"schema":{"@context":"https:\/\/schema.org","@graph":[{"@type":"WebPage","@id":"https:\/\/rodoaed.ee\/fi\/toode\/talvipuutarha-t-classic-19m2\/","url":"https:\/\/rodoaed.ee\/fi\/toode\/talvipuutarha-t-classic-19m2\/","name":"Talvipuutarha T-Classic 19m2 - Rodoaed","isPartOf":{"@id":"https:\/\/rodoaed.ee\/#website"},"primaryImageOfPage":{"@id":"https:\/\/rodoaed.ee\/fi\/toode\/talvipuutarha-t-classic-19m2\/#primaryimage"},"image":{"@id":"https:\/\/rodoaed.ee\/fi\/toode\/talvipuutarha-t-classic-19m2\/#primaryimage"},"thumbnailUrl":"https:\/\/rodoaed.ee\/wp-content\/uploads\/2021\/04\/Kasvuhooned_T-Classic_01_s-scaled.jpg","datePublished":"2021-04-02T21:42:09+00:00","dateModified":"2026-04-13T07:50:30+00:00","breadcrumb":{"@id":"https:\/\/rodoaed.ee\/fi\/toode\/talvipuutarha-t-classic-19m2\/#breadcrumb"},"inLanguage":"fi","potentialAction":[{"@type":"ReadAction","target":["https:\/\/rodoaed.ee\/fi\/toode\/talvipuutarha-t-classic-19m2\/"]}]},{"@type":"ImageObject","inLanguage":"fi","@id":"https:\/\/rodoaed.ee\/fi\/toode\/talvipuutarha-t-classic-19m2\/#primaryimage","url":"https:\/\/rodoaed.ee\/wp-content\/uploads\/2021\/04\/Kasvuhooned_T-Classic_01_s-scaled.jpg","contentUrl":"https:\/\/rodoaed.ee\/wp-content\/uploads\/2021\/04\/Kasvuhooned_T-Classic_01_s-scaled.jpg","width":2560,"height":1438,"caption":"Talvipuutarha T-klassikko"},{"@type":"BreadcrumbList","@id":"https:\/\/rodoaed.ee\/fi\/toode\/talvipuutarha-t-classic-19m2\/#breadcrumb","itemListElement":[{"@type":"ListItem","position":1,"name":"Home","item":"https:\/\/rodoaed.ee\/fi\/"},{"@type":"ListItem","position":2,"name":"Osta osoitteessa","item":"https:\/\/rodoaed.ee\/osta-osoitteessa\/"},{"@type":"ListItem","position":3,"name":"Talvipuutarha T-Classic 19m2"}]},{"@type":"WebSite","@id":"https:\/\/rodoaed.ee\/#website","url":"https:\/\/rodoaed.ee\/","name":"Rodoaed","description":"","publisher":{"@id":"https:\/\/rodoaed.ee\/#organization"},"potentialAction":[{"@type":"SearchAction","target":{"@type":"EntryPoint","urlTemplate":"https:\/\/rodoaed.ee\/?s={search_term_string}"},"query-input":{"@type":"PropertyValueSpecification","valueRequired":true,"valueName":"search_term_string"}}],"inLanguage":"fi"},{"@type":"Organization","@id":"https:\/\/rodoaed.ee\/#organization","name":"Rodoaed","url":"https:\/\/rodoaed.ee\/","logo":{"@type":"ImageObject","inLanguage":"fi","@id":"https:\/\/rodoaed.ee\/#\/schema\/logo\/image\/","url":"https:\/\/rodoaed.ee\/wp-content\/uploads\/2019\/11\/rodoaed-logo-ilma-taustata.jpg","contentUrl":"https:\/\/rodoaed.ee\/wp-content\/uploads\/2019\/11\/rodoaed-logo-ilma-taustata.jpg","width":769,"height":268,"caption":"Rodoaed"},"image":{"@id":"https:\/\/rodoaed.ee\/#\/schema\/logo\/image\/"},"sameAs":["https:\/\/www.facebook.com\/kasvuhooned\/","https:\/\/rodoaed.ee"]}]}},"_links":{"self":[{"href":"https:\/\/rodoaed.ee\/fi\/wp-json\/wp\/v2\/product\/52671","targetHints":{"allow":["GET"]}}],"collection":[{"href":"https:\/\/rodoaed.ee\/fi\/wp-json\/wp\/v2\/product"}],"about":[{"href":"https:\/\/rodoaed.ee\/fi\/wp-json\/wp\/v2\/types\/product"}],"wp:featuredmedia":[{"embeddable":true,"href":"https:\/\/rodoaed.ee\/fi\/wp-json\/wp\/v2\/media\/37064"}],"wp:attachment":[{"href":"https:\/\/rodoaed.ee\/fi\/wp-json\/wp\/v2\/media?parent=52671"}],"wp:term":[{"taxonomy":"product_brand","embeddable":true,"href":"https:\/\/rodoaed.ee\/fi\/wp-json\/wp\/v2\/product_brand?post=52671"},{"taxonomy":"product_cat","embeddable":true,"href":"https:\/\/rodoaed.ee\/fi\/wp-json\/wp\/v2\/product_cat?post=52671"},{"taxonomy":"product_tag","embeddable":true,"href":"https:\/\/rodoaed.ee\/fi\/wp-json\/wp\/v2\/product_tag?post=52671"}],"curies":[{"name":"wp","href":"https:\/\/api.w.org\/{rel}","templated":true}]}}