{"id":52673,"date":"2021-04-23T19:10:03","date_gmt":"2021-04-23T16:10:03","guid":{"rendered":"https:\/\/rodoaed.ee\/toode\/leikkuulauta-pienelle-kokille-245x150mm\/"},"modified":"2026-04-13T10:50:36","modified_gmt":"2026-04-13T07:50:36","slug":"leikkuulauta-pienelle-kokille-245x150mm","status":"publish","type":"product","link":"https:\/\/rodoaed.ee\/fi\/tuote\/leikkuulauta-pienelle-kokille-245x150mm\/","title":{"rendered":"Leikkuulauta pienelle kokille 245x150mm"},"content":{"rendered":"<h2>Paras leikkuulauta pienelle oppivalle kokille. punainen py\u00f6kki, h\u00f6yrytetty. <\/h2>\n<div class=\"text\">\n<p>Mukavan kokoinen leikkuulauta nuorelle kokille, joka opettelee ja kokeilee. Sopii yhteen erityisesti nuorelle kokille suunnitellun veitsen kanssa, jossa on turvallisesti py\u00f6ristetty k\u00e4rki. <\/p>\n<p>Leikkuulauta on valmistettu yhdest\u00e4 massiivisesta punaisesta py\u00f6kkilaudasta. Leikkuulaudan alapuoli on jyrsitty, jotta siit\u00e4 on helppo pit\u00e4\u00e4 kiinni ja nostaa. <\/p>\n<p>Puu k\u00e4sitell\u00e4\u00e4n kuumalla h\u00f6yryll\u00e4 hartsien, tanniinien ja j\u00e4nnitteiden poistamiseksi. Puu ei v\u00e4\u00e4ntyile eik\u00e4 halkeile. Koska leikkuulauta on valmistettu yhdest\u00e4 kokonaisesta laudasta, puukuvio on erityisen kaunis ja katkeamaton.  <\/p>\n<\/div>\n<h2>T\u00e4rkeimm\u00e4t ominaisuudet:<\/h2>\n<ul>\n<li>Materiaali: punainen py\u00f6kki, h\u00f6yrytetty<\/li>\n<li>Mitat: 245 x 150 mm, paksuus 10 mm.<\/li>\n<\/ul>\n<p>&nbsp;<\/p>\n<p><a href=\"https:\/\/rodoaed.ee\/fi\/\">kotisivu<\/a> <a href=\"https:\/\/rodoaed.ee\/fi\/tootekategooria\/keittiolaitteet\/\">k\u00e4ynnist\u00e4<\/a> <a href=\"https:\/\/rodoaed.ee\/fi\/tootekategooria\/keittiolaitteet\/keittion-pesuallas\/\">Keitti\u00f6n portaat<\/a> <a href=\"https:\/\/rodoaed.ee\/fi\/toode\/poyta-jossa-on-vanhan-saksalaisen-luumupuun-kahva\/\">p\u00f6yd\u00e4ll\u00e4<\/a> <a href=\"https:\/\/rodoaed.ee\/fi\/toode\/kokanuga-k5-luumupuukahva-182mm\/\">ruoanlaitto veitsi<\/a> <a href=\"https:\/\/rodoaed.ee\/fi\/toode\/leivanuga-k-b2-luumupuukahva-230mm\/\">leip\u00e4 veitsi<\/a><\/p>\n","protected":false},"excerpt":{"rendered":"<p>Paras leikkuulauta pienelle oppivalle kokille. punainen py\u00f6kki, h\u00f6yrytetty. Mukavan kokoinen leikkuulauta nuorelle kokille, joka opettelee ja kokeilee. Sopii yhteen erityisesti nuorelle kokille suunnitellun veitsen kanssa, jossa on turvallisesti py\u00f6ristetty k\u00e4rki. Leikkuulauta on valmistettu yhdest\u00e4 massiivisesta punaisesta py\u00f6kkilaudasta. Leikkuulaudan alapuoli on jyrsitty, jotta siit\u00e4 on helppo pit\u00e4\u00e4 kiinni ja nostaa. Puu k\u00e4sitell\u00e4\u00e4n kuumalla h\u00f6yryll\u00e4 hartsien, tanniinien ja j\u00e4nnitteiden poistamiseksi. Puu ei v\u00e4\u00e4ntyile eik\u00e4 halkeile. Koska leikkuulauta&#8230;<\/p>\n","protected":false},"featured_media":37367,"template":"","meta":{"_acf_changed":false},"product_brand":[],"product_cat":[1751,1830,1785,1835,1743,1745],"product_tag":[],"class_list":{"0":"post-52673","1":"product","2":"type-product","3":"status-publish","4":"has-post-thumbnail","6":"product_cat-keittiolaitteet","7":"product_cat-keittion-pesuallas","8":"product_cat-lahjat-lapsille-6-12a","9":"product_cat-leikkuulaudat","10":"product_cat-lisalahjat-lahjat","11":"product_cat-suuri-varaston-tyhjennysmyynti","12":"product_shipping_class-toimitus-1-3-tyopaivan-kuluessa","13":"pa_variatsioon-keittioveitsi-k0-hiiliteras-kiillotettu-varsi-luumupuuta","15":"first","16":"instock","17":"sale","18":"taxable","19":"shipping-taxable","20":"purchasable","21":"product-type-simple"},"acf":[],"yoast_head":"<!-- This site is optimized with the Yoast SEO Premium plugin v27.3 (Yoast SEO v27.3) - https:\/\/yoast.com\/product\/yoast-seo-premium-wordpress\/ -->\n<title>Leikkuulauta pienelle kokille 245x150mm - Rodoaed<\/title>\n<meta name=\"description\" content=\"Rober Herder -keitti\u00f6veitsi on maailman tunnetuin ja k\u00e4yt\u00e4nn\u00f6llisin monitoimiveitsi ja vihannesten kuorimaveitsi. Keitti\u00f6veitsi kirsikkapuukahvalla\" \/>\n<meta name=\"robots\" content=\"index, follow, max-snippet:-1, max-image-preview:large, max-video-preview:-1\" \/>\n<link rel=\"canonical\" href=\"https:\/\/rodoaed.ee\/fi\/toode\/leikkuulauta-pienelle-kokille-245x150mm\/\" \/>\n<meta property=\"og:locale\" content=\"fi_FI\" \/>\n<meta property=\"og:type\" content=\"article\" \/>\n<meta property=\"og:title\" content=\"Leikkuulauta pienelle kokille 245x150mm\" \/>\n<meta property=\"og:description\" content=\"Paras leikkuulauta pienelle oppivalle kokille. punainen py\u00f6kki, h\u00f6yrytetty. Mukavan kokoinen leikkuulauta nuorelle kokille, joka opettelee ja kokeilee.\" \/>\n<meta property=\"og:url\" content=\"https:\/\/rodoaed.ee\/fi\/toode\/leikkuulauta-pienelle-kokille-245x150mm\/\" \/>\n<meta property=\"og:site_name\" content=\"Rodoaed\" \/>\n<meta property=\"article:publisher\" content=\"https:\/\/www.facebook.com\/kasvuhooned\/\" \/>\n<meta property=\"article:modified_time\" content=\"2026-04-13T07:50:36+00:00\" \/>\n<meta property=\"og:image\" content=\"https:\/\/rodoaed.ee\/wp-content\/uploads\/2021\/04\/920924501_loikelaud_Brettchen_rechteckig_klein_Rotbuche.jpg\" \/>\n\t<meta property=\"og:image:width\" content=\"2500\" \/>\n\t<meta property=\"og:image:height\" content=\"1702\" \/>\n\t<meta property=\"og:image:type\" content=\"image\/jpeg\" \/>\n<meta name=\"twitter:card\" content=\"summary_large_image\" \/>\n<meta name=\"twitter:label1\" content=\"Arvioitu lukuaika\" \/>\n\t<meta name=\"twitter:data1\" content=\"1 minuutti\" \/>\n<script type=\"application\/ld+json\" class=\"yoast-schema-graph\">{\"@context\":\"https:\\\/\\\/schema.org\",\"@graph\":[{\"@type\":\"WebPage\",\"@id\":\"https:\\\/\\\/rodoaed.ee\\\/fi\\\/toode\\\/leikkuulauta-pienelle-kokille-245x150mm\\\/\",\"url\":\"https:\\\/\\\/rodoaed.ee\\\/fi\\\/toode\\\/leikkuulauta-pienelle-kokille-245x150mm\\\/\",\"name\":\"Leikkuulauta pienelle kokille 245x150mm - Rodoaed\",\"isPartOf\":{\"@id\":\"https:\\\/\\\/rodoaed.ee\\\/#website\"},\"primaryImageOfPage\":{\"@id\":\"https:\\\/\\\/rodoaed.ee\\\/fi\\\/toode\\\/leikkuulauta-pienelle-kokille-245x150mm\\\/#primaryimage\"},\"image\":{\"@id\":\"https:\\\/\\\/rodoaed.ee\\\/fi\\\/toode\\\/leikkuulauta-pienelle-kokille-245x150mm\\\/#primaryimage\"},\"thumbnailUrl\":\"https:\\\/\\\/rodoaed.ee\\\/wp-content\\\/uploads\\\/2021\\\/04\\\/920924501_loikelaud_Brettchen_rechteckig_klein_Rotbuche.jpg\",\"datePublished\":\"2021-04-23T16:10:03+00:00\",\"dateModified\":\"2026-04-13T07:50:36+00:00\",\"description\":\"Rober Herder -keitti\u00f6veitsi on maailman tunnetuin ja k\u00e4yt\u00e4nn\u00f6llisin monitoimiveitsi ja vihannesten kuorimaveitsi. Keitti\u00f6veitsi kirsikkapuukahvalla\",\"breadcrumb\":{\"@id\":\"https:\\\/\\\/rodoaed.ee\\\/fi\\\/toode\\\/leikkuulauta-pienelle-kokille-245x150mm\\\/#breadcrumb\"},\"inLanguage\":\"fi\",\"potentialAction\":[{\"@type\":\"ReadAction\",\"target\":[\"https:\\\/\\\/rodoaed.ee\\\/fi\\\/toode\\\/leikkuulauta-pienelle-kokille-245x150mm\\\/\"]}]},{\"@type\":\"ImageObject\",\"inLanguage\":\"fi\",\"@id\":\"https:\\\/\\\/rodoaed.ee\\\/fi\\\/toode\\\/leikkuulauta-pienelle-kokille-245x150mm\\\/#primaryimage\",\"url\":\"https:\\\/\\\/rodoaed.ee\\\/wp-content\\\/uploads\\\/2021\\\/04\\\/920924501_loikelaud_Brettchen_rechteckig_klein_Rotbuche.jpg\",\"contentUrl\":\"https:\\\/\\\/rodoaed.ee\\\/wp-content\\\/uploads\\\/2021\\\/04\\\/920924501_loikelaud_Brettchen_rechteckig_klein_Rotbuche.jpg\",\"width\":2500,\"height\":1702,\"caption\":\"leikkuulauta lapsille 245x150cm\"},{\"@type\":\"BreadcrumbList\",\"@id\":\"https:\\\/\\\/rodoaed.ee\\\/fi\\\/toode\\\/leikkuulauta-pienelle-kokille-245x150mm\\\/#breadcrumb\",\"itemListElement\":[{\"@type\":\"ListItem\",\"position\":1,\"name\":\"Home\",\"item\":\"https:\\\/\\\/rodoaed.ee\\\/fi\\\/\"},{\"@type\":\"ListItem\",\"position\":2,\"name\":\"Osta osoitteessa\",\"item\":\"https:\\\/\\\/rodoaed.ee\\\/osta-osoitteessa\\\/\"},{\"@type\":\"ListItem\",\"position\":3,\"name\":\"Leikkuulauta pienelle kokille 245x150mm\"}]},{\"@type\":\"WebSite\",\"@id\":\"https:\\\/\\\/rodoaed.ee\\\/#website\",\"url\":\"https:\\\/\\\/rodoaed.ee\\\/\",\"name\":\"Rodoaed\",\"description\":\"\",\"publisher\":{\"@id\":\"https:\\\/\\\/rodoaed.ee\\\/#organization\"},\"potentialAction\":[{\"@type\":\"SearchAction\",\"target\":{\"@type\":\"EntryPoint\",\"urlTemplate\":\"https:\\\/\\\/rodoaed.ee\\\/?s={search_term_string}\"},\"query-input\":{\"@type\":\"PropertyValueSpecification\",\"valueRequired\":true,\"valueName\":\"search_term_string\"}}],\"inLanguage\":\"fi\"},{\"@type\":\"Organization\",\"@id\":\"https:\\\/\\\/rodoaed.ee\\\/#organization\",\"name\":\"Rodoaed\",\"url\":\"https:\\\/\\\/rodoaed.ee\\\/\",\"logo\":{\"@type\":\"ImageObject\",\"inLanguage\":\"fi\",\"@id\":\"https:\\\/\\\/rodoaed.ee\\\/#\\\/schema\\\/logo\\\/image\\\/\",\"url\":\"https:\\\/\\\/rodoaed.ee\\\/wp-content\\\/uploads\\\/2019\\\/11\\\/rodoaed-logo-ilma-taustata.jpg\",\"contentUrl\":\"https:\\\/\\\/rodoaed.ee\\\/wp-content\\\/uploads\\\/2019\\\/11\\\/rodoaed-logo-ilma-taustata.jpg\",\"width\":769,\"height\":268,\"caption\":\"Rodoaed\"},\"image\":{\"@id\":\"https:\\\/\\\/rodoaed.ee\\\/#\\\/schema\\\/logo\\\/image\\\/\"},\"sameAs\":[\"https:\\\/\\\/www.facebook.com\\\/kasvuhooned\\\/\",\"https:\\\/\\\/rodoaed.ee\"]}]}<\/script>\n<!-- \/ Yoast SEO Premium plugin. -->","yoast_head_json":{"title":"Leikkuulauta pienelle kokille 245x150mm - Rodoaed","description":"Rober Herder -keitti\u00f6veitsi on maailman tunnetuin ja k\u00e4yt\u00e4nn\u00f6llisin monitoimiveitsi ja vihannesten kuorimaveitsi. Keitti\u00f6veitsi kirsikkapuukahvalla","robots":{"index":"index","follow":"follow","max-snippet":"max-snippet:-1","max-image-preview":"max-image-preview:large","max-video-preview":"max-video-preview:-1"},"canonical":"https:\/\/rodoaed.ee\/fi\/toode\/leikkuulauta-pienelle-kokille-245x150mm\/","og_locale":"fi_FI","og_type":"article","og_title":"Leikkuulauta pienelle kokille 245x150mm","og_description":"Paras leikkuulauta pienelle oppivalle kokille. punainen py\u00f6kki, h\u00f6yrytetty. Mukavan kokoinen leikkuulauta nuorelle kokille, joka opettelee ja kokeilee.","og_url":"https:\/\/rodoaed.ee\/fi\/toode\/leikkuulauta-pienelle-kokille-245x150mm\/","og_site_name":"Rodoaed","article_publisher":"https:\/\/www.facebook.com\/kasvuhooned\/","article_modified_time":"2026-04-13T07:50:36+00:00","og_image":[{"width":2500,"height":1702,"url":"https:\/\/rodoaed.ee\/wp-content\/uploads\/2021\/04\/920924501_loikelaud_Brettchen_rechteckig_klein_Rotbuche.jpg","type":"image\/jpeg"}],"twitter_card":"summary_large_image","twitter_misc":{"Arvioitu lukuaika":"1 minuutti"},"schema":{"@context":"https:\/\/schema.org","@graph":[{"@type":"WebPage","@id":"https:\/\/rodoaed.ee\/fi\/toode\/leikkuulauta-pienelle-kokille-245x150mm\/","url":"https:\/\/rodoaed.ee\/fi\/toode\/leikkuulauta-pienelle-kokille-245x150mm\/","name":"Leikkuulauta pienelle kokille 245x150mm - Rodoaed","isPartOf":{"@id":"https:\/\/rodoaed.ee\/#website"},"primaryImageOfPage":{"@id":"https:\/\/rodoaed.ee\/fi\/toode\/leikkuulauta-pienelle-kokille-245x150mm\/#primaryimage"},"image":{"@id":"https:\/\/rodoaed.ee\/fi\/toode\/leikkuulauta-pienelle-kokille-245x150mm\/#primaryimage"},"thumbnailUrl":"https:\/\/rodoaed.ee\/wp-content\/uploads\/2021\/04\/920924501_loikelaud_Brettchen_rechteckig_klein_Rotbuche.jpg","datePublished":"2021-04-23T16:10:03+00:00","dateModified":"2026-04-13T07:50:36+00:00","description":"Rober Herder -keitti\u00f6veitsi on maailman tunnetuin ja k\u00e4yt\u00e4nn\u00f6llisin monitoimiveitsi ja vihannesten kuorimaveitsi. Keitti\u00f6veitsi kirsikkapuukahvalla","breadcrumb":{"@id":"https:\/\/rodoaed.ee\/fi\/toode\/leikkuulauta-pienelle-kokille-245x150mm\/#breadcrumb"},"inLanguage":"fi","potentialAction":[{"@type":"ReadAction","target":["https:\/\/rodoaed.ee\/fi\/toode\/leikkuulauta-pienelle-kokille-245x150mm\/"]}]},{"@type":"ImageObject","inLanguage":"fi","@id":"https:\/\/rodoaed.ee\/fi\/toode\/leikkuulauta-pienelle-kokille-245x150mm\/#primaryimage","url":"https:\/\/rodoaed.ee\/wp-content\/uploads\/2021\/04\/920924501_loikelaud_Brettchen_rechteckig_klein_Rotbuche.jpg","contentUrl":"https:\/\/rodoaed.ee\/wp-content\/uploads\/2021\/04\/920924501_loikelaud_Brettchen_rechteckig_klein_Rotbuche.jpg","width":2500,"height":1702,"caption":"leikkuulauta lapsille 245x150cm"},{"@type":"BreadcrumbList","@id":"https:\/\/rodoaed.ee\/fi\/toode\/leikkuulauta-pienelle-kokille-245x150mm\/#breadcrumb","itemListElement":[{"@type":"ListItem","position":1,"name":"Home","item":"https:\/\/rodoaed.ee\/fi\/"},{"@type":"ListItem","position":2,"name":"Osta osoitteessa","item":"https:\/\/rodoaed.ee\/osta-osoitteessa\/"},{"@type":"ListItem","position":3,"name":"Leikkuulauta pienelle kokille 245x150mm"}]},{"@type":"WebSite","@id":"https:\/\/rodoaed.ee\/#website","url":"https:\/\/rodoaed.ee\/","name":"Rodoaed","description":"","publisher":{"@id":"https:\/\/rodoaed.ee\/#organization"},"potentialAction":[{"@type":"SearchAction","target":{"@type":"EntryPoint","urlTemplate":"https:\/\/rodoaed.ee\/?s={search_term_string}"},"query-input":{"@type":"PropertyValueSpecification","valueRequired":true,"valueName":"search_term_string"}}],"inLanguage":"fi"},{"@type":"Organization","@id":"https:\/\/rodoaed.ee\/#organization","name":"Rodoaed","url":"https:\/\/rodoaed.ee\/","logo":{"@type":"ImageObject","inLanguage":"fi","@id":"https:\/\/rodoaed.ee\/#\/schema\/logo\/image\/","url":"https:\/\/rodoaed.ee\/wp-content\/uploads\/2019\/11\/rodoaed-logo-ilma-taustata.jpg","contentUrl":"https:\/\/rodoaed.ee\/wp-content\/uploads\/2019\/11\/rodoaed-logo-ilma-taustata.jpg","width":769,"height":268,"caption":"Rodoaed"},"image":{"@id":"https:\/\/rodoaed.ee\/#\/schema\/logo\/image\/"},"sameAs":["https:\/\/www.facebook.com\/kasvuhooned\/","https:\/\/rodoaed.ee"]}]}},"_links":{"self":[{"href":"https:\/\/rodoaed.ee\/fi\/wp-json\/wp\/v2\/product\/52673","targetHints":{"allow":["GET"]}}],"collection":[{"href":"https:\/\/rodoaed.ee\/fi\/wp-json\/wp\/v2\/product"}],"about":[{"href":"https:\/\/rodoaed.ee\/fi\/wp-json\/wp\/v2\/types\/product"}],"wp:featuredmedia":[{"embeddable":true,"href":"https:\/\/rodoaed.ee\/fi\/wp-json\/wp\/v2\/media\/37367"}],"wp:attachment":[{"href":"https:\/\/rodoaed.ee\/fi\/wp-json\/wp\/v2\/media?parent=52673"}],"wp:term":[{"taxonomy":"product_brand","embeddable":true,"href":"https:\/\/rodoaed.ee\/fi\/wp-json\/wp\/v2\/product_brand?post=52673"},{"taxonomy":"product_cat","embeddable":true,"href":"https:\/\/rodoaed.ee\/fi\/wp-json\/wp\/v2\/product_cat?post=52673"},{"taxonomy":"product_tag","embeddable":true,"href":"https:\/\/rodoaed.ee\/fi\/wp-json\/wp\/v2\/product_tag?post=52673"}],"curies":[{"name":"wp","href":"https:\/\/api.w.org\/{rel}","templated":true}]}}