{"id":52675,"date":"2021-04-23T19:25:57","date_gmt":"2021-04-23T16:25:57","guid":{"rendered":"https:\/\/rodoaed.ee\/toode\/parranajoveitsi-kaarevalla-teralla-kirsikkapuinen-kahva-71mm\/"},"modified":"2026-04-13T10:50:44","modified_gmt":"2026-04-13T07:50:44","slug":"parranajoveitsi-kaarevalla-teralla-kirsikkapuinen-kahva-71mm","status":"publish","type":"product","link":"https:\/\/rodoaed.ee\/fi\/tuote\/parranajoveitsi-kaarevalla-teralla-kirsikkapuinen-kahva-71mm\/","title":{"rendered":"Parranajoveitsi kaarevalla ter\u00e4ll\u00e4, kirsikkapuinen kahva 71mm"},"content":{"rendered":"<h2>Keitti\u00f6veitsi &#8211; yleisk\u00e4ytt\u00f6inen vihannesten kuorimiseen ja pilkkomiseen. Kirsikkakahva <\/h2>\n<h3>Yleiseen k\u00e4ytt\u00f6\u00f6n keitti\u00f6ss\u00e4, kuorimiseen, puhdistamiseen, leikkaamiseen, viipalointiin ja pilkkomiseen.<\/h3>\n<h2>Parhaat sovellukset:<\/h2>\n<div>\n<ul>\n<li>Leikkaaminen ilman leikkuulautaa<\/li>\n<li>Kuorinta ja siementen poisto<\/li>\n<li>Hedelm\u00e4t ja vihannekset<\/li>\n<\/ul>\n<\/div>\n<h2>T\u00e4rkeimm\u00e4t ominaisuudet:<\/h2>\n<ul>\n<li>Ter\u00e4s: ruostumaton ter\u00e4s &#8211; kromi-vanadiini- ja molybdeeniseoskuituja.<\/li>\n<li>Kovuus 60 HRC (normaalit veitset ovat noin HRC 55-57).<\/li>\n<li>Hiontaluokka: hienolasitettu (Robert Herder valmistaa kahta laatua &#8211; hienolasitettu yksinkertaisempiin veitsiin ja sinilasitettu kalliimpiin veitsiin).<\/li>\n<li>Symmetrinen &#8211; sopii sek\u00e4 vasen- ett\u00e4 oikeak\u00e4tisille.<\/li>\n<li>Kahva: h\u00f6yrytetty kirsikkapuu<\/li>\n<\/ul>\n<h2>Tekniset tiedot:<\/h2>\n<ul>\n<li>Ter\u00e4n pituus 71 mm<\/li>\n<li>Ter\u00e4n korkeus 12 mm<\/li>\n<li>Paksuus 1,2 mm<\/li>\n<li>Teroituskulma 15 \u00b0<\/li>\n<li>Noahin kokonaispituus kahvan kanssa 172 mm<\/li>\n<li>Paino: 17 grammaa<\/li>\n<\/ul>\n<div data-fullscreen=\"disabled\" data-mode=\"normal\" data-oembed=\"1\" data-provider=\"youtube\" data-reset-after-played id=\"arve-youtube-nxvuuaaq29c\" class=\"arve\">\n<div class=\"arve-inner\">\n<div style=\"aspect-ratio:1140\/641\" class=\"arve-embed arve-embed--has-aspect-ratio\">\n<div class=\"arve-ar\" style=\"padding-top:56.228070%\"><\/div>\n<p>\t\t\t<iframe allow=\"accelerometer &apos;none&apos;;autoplay &apos;none&apos;;bluetooth &apos;none&apos;;browsing-topics &apos;none&apos;;camera &apos;none&apos;;clipboard-read &apos;none&apos;;clipboard-write;display-capture &apos;none&apos;;encrypted-media &apos;none&apos;;gamepad &apos;none&apos;;geolocation &apos;none&apos;;gyroscope &apos;none&apos;;hid &apos;none&apos;;identity-credentials-get &apos;none&apos;;idle-detection &apos;none&apos;;keyboard-map &apos;none&apos;;local-fonts;magnetometer &apos;none&apos;;microphone &apos;none&apos;;midi &apos;none&apos;;otp-credentials &apos;none&apos;;payment &apos;none&apos;;picture-in-picture;publickey-credentials-create &apos;none&apos;;publickey-credentials-get &apos;none&apos;;screen-wake-lock &apos;none&apos;;serial &apos;none&apos;;summarizer &apos;none&apos;;sync-xhr;usb &apos;none&apos;;web-share;window-management &apos;none&apos;;xr-spatial-tracking &apos;none&apos;;\" allowfullscreen=\"\" class=\"arve-iframe fitvidsignore\" credentialless data-arve=\"arve-youtube-nxvuuaaq29c\" data-lenis-prevent=\"\" data-src-no-ap=\"https:\/\/www.youtube-nocookie.com\/embed\/nXvUuAaQ29c?feature=oembed&amp;iv_load_policy=3&amp;modestbranding=1&amp;rel=0&amp;autohide=1&amp;playsinline=0&amp;autoplay=0&amp;enablejsapi=1\" frameborder=\"0\" height=\"0\" loading=\"lazy\" name=\"\" referrerpolicy=\"strict-origin-when-cross-origin\" sandbox=\"allow-scripts allow-same-origin allow-presentation allow-popups allow-popups-to-escape-sandbox\" scrolling=\"no\" src=\"https:\/\/www.youtube-nocookie.com\/embed\/nXvUuAaQ29c?feature=oembed&#038;iv_load_policy=3&#038;modestbranding=1&#038;rel=0&#038;autohide=1&#038;playsinline=0&#038;autoplay=0&#038;enablejsapi=1\" title=\"Robert Herder Kitchen Knives\" width=\"0\"><\/iframe><\/p><\/div>\n<\/p><\/div>\n<p>\t<script type=\"application\/ld+json\">{\"@context\":\"http:\\\/\\\/schema.org\\\/\",\"@id\":\"https:\\\/\\\/rodoaed.ee\\\/fi\\\/tuote\\\/parranajoveitsi-kaarevalla-teralla-kirsikkapuinen-kahva-71mm\\\/#arve-youtube-nxvuuaaq29c\",\"type\":\"VideoObject\",\"embedURL\":\"https:\\\/\\\/www.youtube-nocookie.com\\\/embed\\\/nXvUuAaQ29c?feature=oembed&iv_load_policy=3&modestbranding=1&rel=0&autohide=1&playsinline=0&autoplay=0&enablejsapi=1\",\"name\":\"Robert Herder Kitchen Knives\",\"thumbnailUrl\":\"https:\\\/\\\/i.ytimg.com\\\/vi\\\/nXvUuAaQ29c\\\/hqdefault.jpg\",\"uploadDate\":\"2026-04-20T23:04:15+03:00\",\"author\":\"EdenWebshopsCoUK\",\"description\":\"Keitti\\u00f6veitsi - yleisk\\u00e4ytt\\u00f6inen vihannesten kuorimiseen ja pilkkomiseen. Kirsikkakahva Yleiseen k\\u00e4ytt\\u00f6\\u00f6n keitti\\u00f6ss\\u00e4, kuorimiseen, puhdistamiseen, leikkaamiseen, viipalointiin ja pilkkomiseen. Parhaat sovellukset: Leikkaaminen ilman leikkuulautaa Kuorinta ja siementen poisto Hedelm\\u00e4t ja vihannekset T\"}<\/script><\/p>\n<\/div>\n<p><a href=\"https:\/\/rodoaed.ee\/fi\/\">kotisivu<\/a> <a href=\"https:\/\/rodoaed.ee\/fi\/tootekategooria\/keittiolaitteet\/\">k\u00e4ynnist\u00e4<\/a> <a href=\"https:\/\/rodoaed.ee\/fi\/tootekategooria\/keittiolaitteet\/keittion-pesuallas\/\">Keitti\u00f6n portaat<\/a> <a href=\"https:\/\/rodoaed.ee\/toode\/lauanuga-old-german-ploomipuust-kaepide\/\">p\u00f6yd\u00e4ll\u00e4<\/a> <a href=\"https:\/\/rodoaed.ee\/toode\/kokanuga-k5-ploomipuust-kaepide\/\">ruoanlaitto veitsi<\/a> <a href=\"https:\/\/rodoaed.ee\/toode\/leivanuga-k-b2-ploomipuust-kaepide\/\">leip\u00e4 veitsi<\/a><\/p>\n<p>&nbsp;<\/p>\n","protected":false},"excerpt":{"rendered":"<p>Keitti\u00f6veitsi &#8211; yleisk\u00e4ytt\u00f6inen vihannesten kuorimiseen ja pilkkomiseen. Kirsikkakahva Yleiseen k\u00e4ytt\u00f6\u00f6n keitti\u00f6ss\u00e4, kuorimiseen, puhdistamiseen, leikkaamiseen, viipalointiin ja pilkkomiseen. Parhaat sovellukset: Leikkaaminen ilman leikkuulautaa Kuorinta ja siementen poisto Hedelm\u00e4t ja vihannekset T\u00e4rkeimm\u00e4t ominaisuudet: Ter\u00e4s: ruostumaton ter\u00e4s &#8211; kromi-vanadiini- ja molybdeeniseoskuituja. Kovuus 60 HRC (normaalit veitset ovat noin HRC 55-57). Hiontaluokka: hienolasitettu (Robert Herder valmistaa kahta laatua &#8211; hienolasitettu yksinkertaisempiin veitsiin ja sinilasitettu kalliimpiin veitsiin). Symmetrinen &#8211; sopii&#8230;<\/p>\n","protected":false},"featured_media":27953,"template":"","meta":{"_acf_changed":false},"product_brand":[],"product_cat":[1832,1751,1830],"product_tag":[],"class_list":{"0":"post-52675","1":"product","2":"type-product","3":"status-publish","4":"has-post-thumbnail","6":"product_cat-juuripavut-ja-kuoripavut","7":"product_cat-keittiolaitteet","8":"product_cat-keittion-pesuallas","9":"product_shipping_class-toimitus-1-3-tyopaivan-kuluessa","10":"pa_variatsioon-keittioveitsi-k0-hiiliteras-kiillotettu-varsi-luumupuuta","12":"first","13":"instock","14":"taxable","15":"shipping-taxable","16":"purchasable","17":"product-type-simple"},"acf":[],"yoast_head":"<!-- This site is optimized with the Yoast SEO Premium plugin v27.3 (Yoast SEO v27.3) - https:\/\/yoast.com\/product\/yoast-seo-premium-wordpress\/ -->\n<title>Parranajoveitsi kaarevalla ter\u00e4ll\u00e4, kirsikkapuinen kahva 71mm - Rodoaed<\/title>\n<meta name=\"description\" content=\"Rober Herder -keitti\u00f6veitsi on maailman tunnetuin ja k\u00e4yt\u00e4nn\u00f6llisin monitoimiveitsi ja vihannesten kuorimaveitsi. Keitti\u00f6veitsi kirsikkapuukahvalla\" \/>\n<meta name=\"robots\" content=\"index, follow, max-snippet:-1, max-image-preview:large, max-video-preview:-1\" \/>\n<link rel=\"canonical\" href=\"https:\/\/rodoaed.ee\/fi\/toode\/parranajoveitsi-kaarevalla-teralla-kirsikkapuinen-kahva-71mm\/\" \/>\n<meta property=\"og:locale\" content=\"fi_FI\" \/>\n<meta property=\"og:type\" content=\"article\" \/>\n<meta property=\"og:title\" content=\"Parranajoveitsi kaarevalla ter\u00e4ll\u00e4, kirsikkapuinen kahva 71mm\" \/>\n<meta property=\"og:description\" content=\"Keitti\u00f6veitsi - yleisk\u00e4ytt\u00f6inen vihannesten kuorimiseen ja pilkkomiseen. Kirsikkakahva Yleiseen k\u00e4ytt\u00f6\u00f6n keitti\u00f6ss\u00e4, kuorimiseen, puhdistamiseen,\" \/>\n<meta property=\"og:url\" content=\"https:\/\/rodoaed.ee\/fi\/toode\/parranajoveitsi-kaarevalla-teralla-kirsikkapuinen-kahva-71mm\/\" \/>\n<meta property=\"og:site_name\" content=\"Rodoaed\" \/>\n<meta property=\"article:publisher\" content=\"https:\/\/www.facebook.com\/kasvuhooned\/\" \/>\n<meta property=\"article:modified_time\" content=\"2026-04-13T07:50:44+00:00\" \/>\n<meta property=\"og:image\" content=\"https:\/\/rodoaed.ee\/wp-content\/uploads\/2019\/08\/k\u00f6\u00f6ginoad_178122502_Vogelschnabel_Kirsche_01.jpg\" \/>\n\t<meta property=\"og:image:width\" content=\"1905\" \/>\n\t<meta property=\"og:image:height\" content=\"236\" \/>\n\t<meta property=\"og:image:type\" content=\"image\/jpeg\" \/>\n<meta name=\"twitter:card\" content=\"summary_large_image\" \/>\n<meta name=\"twitter:label1\" content=\"Arvioitu lukuaika\" \/>\n\t<meta name=\"twitter:data1\" content=\"1 minuutti\" \/>\n<script type=\"application\/ld+json\" class=\"yoast-schema-graph\">{\"@context\":\"https:\\\/\\\/schema.org\",\"@graph\":[{\"@type\":\"WebPage\",\"@id\":\"https:\\\/\\\/rodoaed.ee\\\/fi\\\/toode\\\/parranajoveitsi-kaarevalla-teralla-kirsikkapuinen-kahva-71mm\\\/\",\"url\":\"https:\\\/\\\/rodoaed.ee\\\/fi\\\/toode\\\/parranajoveitsi-kaarevalla-teralla-kirsikkapuinen-kahva-71mm\\\/\",\"name\":\"Parranajoveitsi kaarevalla ter\u00e4ll\u00e4, kirsikkapuinen kahva 71mm - Rodoaed\",\"isPartOf\":{\"@id\":\"https:\\\/\\\/rodoaed.ee\\\/#website\"},\"primaryImageOfPage\":{\"@id\":\"https:\\\/\\\/rodoaed.ee\\\/fi\\\/toode\\\/parranajoveitsi-kaarevalla-teralla-kirsikkapuinen-kahva-71mm\\\/#primaryimage\"},\"image\":{\"@id\":\"https:\\\/\\\/rodoaed.ee\\\/fi\\\/toode\\\/parranajoveitsi-kaarevalla-teralla-kirsikkapuinen-kahva-71mm\\\/#primaryimage\"},\"thumbnailUrl\":\"https:\\\/\\\/rodoaed.ee\\\/wp-content\\\/uploads\\\/2019\\\/08\\\/k\u00f6\u00f6ginoad_178122502_Vogelschnabel_Kirsche_01.jpg\",\"datePublished\":\"2021-04-23T16:25:57+00:00\",\"dateModified\":\"2026-04-13T07:50:44+00:00\",\"description\":\"Rober Herder -keitti\u00f6veitsi on maailman tunnetuin ja k\u00e4yt\u00e4nn\u00f6llisin monitoimiveitsi ja vihannesten kuorimaveitsi. Keitti\u00f6veitsi kirsikkapuukahvalla\",\"breadcrumb\":{\"@id\":\"https:\\\/\\\/rodoaed.ee\\\/fi\\\/toode\\\/parranajoveitsi-kaarevalla-teralla-kirsikkapuinen-kahva-71mm\\\/#breadcrumb\"},\"inLanguage\":\"fi\",\"potentialAction\":[{\"@type\":\"ReadAction\",\"target\":[\"https:\\\/\\\/rodoaed.ee\\\/fi\\\/toode\\\/parranajoveitsi-kaarevalla-teralla-kirsikkapuinen-kahva-71mm\\\/\"]}]},{\"@type\":\"ImageObject\",\"inLanguage\":\"fi\",\"@id\":\"https:\\\/\\\/rodoaed.ee\\\/fi\\\/toode\\\/parranajoveitsi-kaarevalla-teralla-kirsikkapuinen-kahva-71mm\\\/#primaryimage\",\"url\":\"https:\\\/\\\/rodoaed.ee\\\/wp-content\\\/uploads\\\/2019\\\/08\\\/k\u00f6\u00f6ginoad_178122502_Vogelschnabel_Kirsche_01.jpg\",\"contentUrl\":\"https:\\\/\\\/rodoaed.ee\\\/wp-content\\\/uploads\\\/2019\\\/08\\\/k\u00f6\u00f6ginoad_178122502_Vogelschnabel_Kirsche_01.jpg\",\"width\":1905,\"height\":236,\"caption\":\"tiskiallas\"},{\"@type\":\"BreadcrumbList\",\"@id\":\"https:\\\/\\\/rodoaed.ee\\\/fi\\\/toode\\\/parranajoveitsi-kaarevalla-teralla-kirsikkapuinen-kahva-71mm\\\/#breadcrumb\",\"itemListElement\":[{\"@type\":\"ListItem\",\"position\":1,\"name\":\"Home\",\"item\":\"https:\\\/\\\/rodoaed.ee\\\/fi\\\/\"},{\"@type\":\"ListItem\",\"position\":2,\"name\":\"Osta osoitteessa\",\"item\":\"https:\\\/\\\/rodoaed.ee\\\/osta-osoitteessa\\\/\"},{\"@type\":\"ListItem\",\"position\":3,\"name\":\"Parranajoveitsi kaarevalla ter\u00e4ll\u00e4, kirsikkapuinen kahva 71mm\"}]},{\"@type\":\"WebSite\",\"@id\":\"https:\\\/\\\/rodoaed.ee\\\/#website\",\"url\":\"https:\\\/\\\/rodoaed.ee\\\/\",\"name\":\"Rodoaed\",\"description\":\"\",\"publisher\":{\"@id\":\"https:\\\/\\\/rodoaed.ee\\\/#organization\"},\"potentialAction\":[{\"@type\":\"SearchAction\",\"target\":{\"@type\":\"EntryPoint\",\"urlTemplate\":\"https:\\\/\\\/rodoaed.ee\\\/?s={search_term_string}\"},\"query-input\":{\"@type\":\"PropertyValueSpecification\",\"valueRequired\":true,\"valueName\":\"search_term_string\"}}],\"inLanguage\":\"fi\"},{\"@type\":\"Organization\",\"@id\":\"https:\\\/\\\/rodoaed.ee\\\/#organization\",\"name\":\"Rodoaed\",\"url\":\"https:\\\/\\\/rodoaed.ee\\\/\",\"logo\":{\"@type\":\"ImageObject\",\"inLanguage\":\"fi\",\"@id\":\"https:\\\/\\\/rodoaed.ee\\\/#\\\/schema\\\/logo\\\/image\\\/\",\"url\":\"https:\\\/\\\/rodoaed.ee\\\/wp-content\\\/uploads\\\/2019\\\/11\\\/rodoaed-logo-ilma-taustata.jpg\",\"contentUrl\":\"https:\\\/\\\/rodoaed.ee\\\/wp-content\\\/uploads\\\/2019\\\/11\\\/rodoaed-logo-ilma-taustata.jpg\",\"width\":769,\"height\":268,\"caption\":\"Rodoaed\"},\"image\":{\"@id\":\"https:\\\/\\\/rodoaed.ee\\\/#\\\/schema\\\/logo\\\/image\\\/\"},\"sameAs\":[\"https:\\\/\\\/www.facebook.com\\\/kasvuhooned\\\/\",\"https:\\\/\\\/rodoaed.ee\"]}]}<\/script>\n<!-- \/ Yoast SEO Premium plugin. -->","yoast_head_json":{"title":"Parranajoveitsi kaarevalla ter\u00e4ll\u00e4, kirsikkapuinen kahva 71mm - Rodoaed","description":"Rober Herder -keitti\u00f6veitsi on maailman tunnetuin ja k\u00e4yt\u00e4nn\u00f6llisin monitoimiveitsi ja vihannesten kuorimaveitsi. Keitti\u00f6veitsi kirsikkapuukahvalla","robots":{"index":"index","follow":"follow","max-snippet":"max-snippet:-1","max-image-preview":"max-image-preview:large","max-video-preview":"max-video-preview:-1"},"canonical":"https:\/\/rodoaed.ee\/fi\/toode\/parranajoveitsi-kaarevalla-teralla-kirsikkapuinen-kahva-71mm\/","og_locale":"fi_FI","og_type":"article","og_title":"Parranajoveitsi kaarevalla ter\u00e4ll\u00e4, kirsikkapuinen kahva 71mm","og_description":"Keitti\u00f6veitsi - yleisk\u00e4ytt\u00f6inen vihannesten kuorimiseen ja pilkkomiseen. Kirsikkakahva Yleiseen k\u00e4ytt\u00f6\u00f6n keitti\u00f6ss\u00e4, kuorimiseen, puhdistamiseen,","og_url":"https:\/\/rodoaed.ee\/fi\/toode\/parranajoveitsi-kaarevalla-teralla-kirsikkapuinen-kahva-71mm\/","og_site_name":"Rodoaed","article_publisher":"https:\/\/www.facebook.com\/kasvuhooned\/","article_modified_time":"2026-04-13T07:50:44+00:00","og_image":[{"width":1905,"height":236,"url":"https:\/\/rodoaed.ee\/wp-content\/uploads\/2019\/08\/k\u00f6\u00f6ginoad_178122502_Vogelschnabel_Kirsche_01.jpg","type":"image\/jpeg"}],"twitter_card":"summary_large_image","twitter_misc":{"Arvioitu lukuaika":"1 minuutti"},"schema":{"@context":"https:\/\/schema.org","@graph":[{"@type":"WebPage","@id":"https:\/\/rodoaed.ee\/fi\/toode\/parranajoveitsi-kaarevalla-teralla-kirsikkapuinen-kahva-71mm\/","url":"https:\/\/rodoaed.ee\/fi\/toode\/parranajoveitsi-kaarevalla-teralla-kirsikkapuinen-kahva-71mm\/","name":"Parranajoveitsi kaarevalla ter\u00e4ll\u00e4, kirsikkapuinen kahva 71mm - Rodoaed","isPartOf":{"@id":"https:\/\/rodoaed.ee\/#website"},"primaryImageOfPage":{"@id":"https:\/\/rodoaed.ee\/fi\/toode\/parranajoveitsi-kaarevalla-teralla-kirsikkapuinen-kahva-71mm\/#primaryimage"},"image":{"@id":"https:\/\/rodoaed.ee\/fi\/toode\/parranajoveitsi-kaarevalla-teralla-kirsikkapuinen-kahva-71mm\/#primaryimage"},"thumbnailUrl":"https:\/\/rodoaed.ee\/wp-content\/uploads\/2019\/08\/k\u00f6\u00f6ginoad_178122502_Vogelschnabel_Kirsche_01.jpg","datePublished":"2021-04-23T16:25:57+00:00","dateModified":"2026-04-13T07:50:44+00:00","description":"Rober Herder -keitti\u00f6veitsi on maailman tunnetuin ja k\u00e4yt\u00e4nn\u00f6llisin monitoimiveitsi ja vihannesten kuorimaveitsi. Keitti\u00f6veitsi kirsikkapuukahvalla","breadcrumb":{"@id":"https:\/\/rodoaed.ee\/fi\/toode\/parranajoveitsi-kaarevalla-teralla-kirsikkapuinen-kahva-71mm\/#breadcrumb"},"inLanguage":"fi","potentialAction":[{"@type":"ReadAction","target":["https:\/\/rodoaed.ee\/fi\/toode\/parranajoveitsi-kaarevalla-teralla-kirsikkapuinen-kahva-71mm\/"]}]},{"@type":"ImageObject","inLanguage":"fi","@id":"https:\/\/rodoaed.ee\/fi\/toode\/parranajoveitsi-kaarevalla-teralla-kirsikkapuinen-kahva-71mm\/#primaryimage","url":"https:\/\/rodoaed.ee\/wp-content\/uploads\/2019\/08\/k\u00f6\u00f6ginoad_178122502_Vogelschnabel_Kirsche_01.jpg","contentUrl":"https:\/\/rodoaed.ee\/wp-content\/uploads\/2019\/08\/k\u00f6\u00f6ginoad_178122502_Vogelschnabel_Kirsche_01.jpg","width":1905,"height":236,"caption":"tiskiallas"},{"@type":"BreadcrumbList","@id":"https:\/\/rodoaed.ee\/fi\/toode\/parranajoveitsi-kaarevalla-teralla-kirsikkapuinen-kahva-71mm\/#breadcrumb","itemListElement":[{"@type":"ListItem","position":1,"name":"Home","item":"https:\/\/rodoaed.ee\/fi\/"},{"@type":"ListItem","position":2,"name":"Osta osoitteessa","item":"https:\/\/rodoaed.ee\/osta-osoitteessa\/"},{"@type":"ListItem","position":3,"name":"Parranajoveitsi kaarevalla ter\u00e4ll\u00e4, kirsikkapuinen kahva 71mm"}]},{"@type":"WebSite","@id":"https:\/\/rodoaed.ee\/#website","url":"https:\/\/rodoaed.ee\/","name":"Rodoaed","description":"","publisher":{"@id":"https:\/\/rodoaed.ee\/#organization"},"potentialAction":[{"@type":"SearchAction","target":{"@type":"EntryPoint","urlTemplate":"https:\/\/rodoaed.ee\/?s={search_term_string}"},"query-input":{"@type":"PropertyValueSpecification","valueRequired":true,"valueName":"search_term_string"}}],"inLanguage":"fi"},{"@type":"Organization","@id":"https:\/\/rodoaed.ee\/#organization","name":"Rodoaed","url":"https:\/\/rodoaed.ee\/","logo":{"@type":"ImageObject","inLanguage":"fi","@id":"https:\/\/rodoaed.ee\/#\/schema\/logo\/image\/","url":"https:\/\/rodoaed.ee\/wp-content\/uploads\/2019\/11\/rodoaed-logo-ilma-taustata.jpg","contentUrl":"https:\/\/rodoaed.ee\/wp-content\/uploads\/2019\/11\/rodoaed-logo-ilma-taustata.jpg","width":769,"height":268,"caption":"Rodoaed"},"image":{"@id":"https:\/\/rodoaed.ee\/#\/schema\/logo\/image\/"},"sameAs":["https:\/\/www.facebook.com\/kasvuhooned\/","https:\/\/rodoaed.ee"]}]}},"_links":{"self":[{"href":"https:\/\/rodoaed.ee\/fi\/wp-json\/wp\/v2\/product\/52675","targetHints":{"allow":["GET"]}}],"collection":[{"href":"https:\/\/rodoaed.ee\/fi\/wp-json\/wp\/v2\/product"}],"about":[{"href":"https:\/\/rodoaed.ee\/fi\/wp-json\/wp\/v2\/types\/product"}],"wp:featuredmedia":[{"embeddable":true,"href":"https:\/\/rodoaed.ee\/fi\/wp-json\/wp\/v2\/media\/27953"}],"wp:attachment":[{"href":"https:\/\/rodoaed.ee\/fi\/wp-json\/wp\/v2\/media?parent=52675"}],"wp:term":[{"taxonomy":"product_brand","embeddable":true,"href":"https:\/\/rodoaed.ee\/fi\/wp-json\/wp\/v2\/product_brand?post=52675"},{"taxonomy":"product_cat","embeddable":true,"href":"https:\/\/rodoaed.ee\/fi\/wp-json\/wp\/v2\/product_cat?post=52675"},{"taxonomy":"product_tag","embeddable":true,"href":"https:\/\/rodoaed.ee\/fi\/wp-json\/wp\/v2\/product_tag?post=52675"}],"curies":[{"name":"wp","href":"https:\/\/api.w.org\/{rel}","templated":true}]}}