{"id":52678,"date":"2021-03-22T10:11:06","date_gmt":"2021-03-22T08:11:06","guid":{"rendered":"https:\/\/rodoaed.ee\/toode\/itsestaan-sammuva-kasviastia-berberis-80-terrakotta-norsunluu-155l\/"},"modified":"2026-04-13T10:51:11","modified_gmt":"2026-04-13T07:51:11","slug":"itsestaan-sammuva-kasviastia-berberis-80-terrakotta-norsunluu-155l","status":"publish","type":"product","link":"https:\/\/rodoaed.ee\/fi\/tuote\/itsestaan-sammuva-kasviastia-berberis-80-terrakotta-norsunluu-155l\/","title":{"rendered":"Itsest\u00e4\u00e4n sammuva kasviastia Berberis 80- terrakotta + norsunluu 15+5L"},"content":{"rendered":"<h3>Suurikokoiset kasvisastiat, joissa on vesis\u00e4ili\u00f6 Berberis-sarjasta. S\u00e4ili\u00f6n alla on kasteluvesis\u00e4ili\u00f6, josta kasvit voivat ottaa juurineen oikean m\u00e4\u00e4r\u00e4n vett\u00e4. <\/h3>\n<h3>15L pintas\u00e4ili\u00f6 + 5L vesis\u00e4ili\u00f6<\/h3>\n<p>Berberis 60- ja 80-sarjat ovat kompaktimpia kasviastioita kuin Uno-, Duo- ja Tre-sarjat. Ne sopivat erinomaisesti vihannesten ja salaatin viljelyyn, mutta tietysti my\u00f6s kukkien kasvattamiseen. Voit sijoittaa kasviastian koristeellisesti sein\u00e4lle, pihalle, verannalle ja parvekkeelle tai kasvihuoneeseen.  <\/p>\n<p>Talvella voit kasvattaa kasveja suoraan sis\u00e4tiloissa. Varhain kev\u00e4\u00e4ll\u00e4 voit istuttaa esikasvatetut kasvit heti astiaan ja nostaa ne ulos, kun s\u00e4\u00e4 sallii. <\/p>\n<p>N\u00e4iden kasviastioiden koristeellinen arvo on yht\u00e4 suuri kuin niiden k\u00e4yt\u00e4nn\u00f6llisyys. Palkittu muotoilu. <\/p>\n<p>Jos ostat metallikehyksen, kasviastia voidaan kiinnitt\u00e4\u00e4 k\u00e4tev\u00e4sti ikkunaan, parvekkeen reunaan tai kaiteeseen.<\/p>\n<p>Automaattisen kastelun lis\u00e4ksi kontin suuri etu on sen liikkuvuus, eli voit nopeasti poistaa kontin, jossa on kasvaneet kasvit, edest\u00e4 ja korvata sen toisella. Kun herneet ovat valmiita ja sy\u00f6ty, voit korvata ne kuistilla olevalla paprika-, chili- tai tomaattiastialla. Kun paprikat ovat valmiita, vaihda tilalle syksyn kukkia.  <\/p>\n<h4>Se on kuin pienikokoinen istutin, jossa on automaattinen kasteluj\u00e4rjestelm\u00e4. T\u00e4ydellinen kumppani siistille ja liikkuvalle modernille koti\u00e4idille. Voit l\u00e4hte\u00e4 leppoisalle lomalle, ja kasvisi p\u00e4rj\u00e4\u00e4v\u00e4t sill\u00e4 v\u00e4lin mainiosti.  <\/h4>\n<h4>T\u00e4rkeimm\u00e4t ominaisuudet<\/h4>\n<ul>\n<li>Mitat: 19,5 x 79 x 19,7 cm korkeus cm<\/li>\n<li>S\u00e4ili\u00f6n maaper\u00e4osan tilavuus 15 L<\/li>\n<li>Kasteluosa Vesis\u00e4ili\u00f6osa Tilavuus 5 L<\/li>\n<li>Paino 2,3 kg<\/li>\n<\/ul>\n<p><a href=\"https:\/\/rodoaed.ee\/fi\/\">kotisivu<\/a> <a href=\"https:\/\/rodoaed.ee\/tootekategooria\/kasvuhooned-ja-talveaiad\/\">k\u00e4ynnist\u00e4<\/a> <a href=\"https:\/\/rodoaed.ee\/tootekategooria\/kasvuhooned-ja-talveaiad\/kasvuhoone-lisavarustus\/\">tarvikkeet<\/a> <a href=\"https:\/\/rodoaed.ee\/tootekategooria\/kasvuhooned-ja-talveaiad\/kasvuhoone-lisavarustus\/kasvuhoone-tarvikud\/\">tarvikkeet<\/a><\/p>\n<div>\n<div><\/div>\n<\/div>\n","protected":false},"excerpt":{"rendered":"<p>Suurikokoiset kasvisastiat, joissa on vesis\u00e4ili\u00f6 Berberis-sarjasta. S\u00e4ili\u00f6n alla on kasteluvesis\u00e4ili\u00f6, josta kasvit voivat ottaa juurineen oikean m\u00e4\u00e4r\u00e4n vett\u00e4. 15L pintas\u00e4ili\u00f6 + 5L vesis\u00e4ili\u00f6 Berberis 60- ja 80-sarjat ovat kompaktimpia kasviastioita kuin Uno-, Duo- ja Tre-sarjat. Ne sopivat erinomaisesti vihannesten ja salaatin viljelyyn, mutta tietysti my\u00f6s kukkien kasvattamiseen. Voit sijoittaa kasviastian koristeellisesti sein\u00e4lle, pihalle, verannalle ja parvekkeelle tai kasvihuoneeseen. Talvella voit kasvattaa kasveja suoraan sis\u00e4tiloissa. Varhain&#8230;<\/p>\n","protected":false},"featured_media":36790,"template":"","meta":{"_acf_changed":false},"product_brand":[],"product_cat":[1780,1788,1752],"product_tag":[],"class_list":{"0":"post-52678","1":"product","2":"type-product","3":"status-publish","4":"has-post-thumbnail","6":"product_cat-kasviastiat-berberis-60-ja-80","7":"product_cat-kukkaruukut-ja-kasviastiat","8":"product_cat-puutarha-ja-piha","9":"product_shipping_class-kuljetus-ainoastaan-kuriiripalvelun-valityksella","10":"pa_variatsioon-kasvatussailio-16l2l-jossa-on-vesisailio-ja-kehys","12":"first","13":"instock","14":"sale","15":"taxable","16":"shipping-taxable","17":"purchasable","18":"product-type-simple"},"acf":[],"yoast_head":"<!-- This site is optimized with the Yoast SEO Premium plugin v27.3 (Yoast SEO v27.3) - https:\/\/yoast.com\/product\/yoast-seo-premium-wordpress\/ -->\n<title>Itsest\u00e4\u00e4n sammuva kasviastia Berberis 80- terrakotta + norsunluu 15+5L - Rodoaed<\/title>\n<meta name=\"description\" content=\"Kasvien kasvuastia. S\u00e4ili\u00f6n alla on kastelus\u00e4ili\u00f6, josta kasvit voivat ime\u00e4 juurineen sopivan m\u00e4\u00e4r\u00e4n vett\u00e4.\" \/>\n<meta name=\"robots\" content=\"index, follow, max-snippet:-1, max-image-preview:large, max-video-preview:-1\" \/>\n<link rel=\"canonical\" href=\"https:\/\/rodoaed.ee\/fi\/toode\/itsestaan-sammuva-kasviastia-berberis-80-terrakotta-norsunluu-155l\/\" \/>\n<meta property=\"og:locale\" content=\"fi_FI\" \/>\n<meta property=\"og:type\" content=\"article\" \/>\n<meta property=\"og:title\" content=\"Itsest\u00e4\u00e4n sammuva kasviastia Berberis 80- terrakotta + norsunluu 15+5L\" \/>\n<meta property=\"og:description\" content=\"Suurikokoiset kasvisastiat, joissa on vesis\u00e4ili\u00f6 Berberis-sarjasta. S\u00e4ili\u00f6n alla on kasteluvesis\u00e4ili\u00f6, josta kasvit voivat ottaa juurineen oikean m\u00e4\u00e4r\u00e4n\" \/>\n<meta property=\"og:url\" content=\"https:\/\/rodoaed.ee\/fi\/toode\/itsestaan-sammuva-kasviastia-berberis-80-terrakotta-norsunluu-155l\/\" \/>\n<meta property=\"og:site_name\" content=\"Rodoaed\" \/>\n<meta property=\"article:publisher\" content=\"https:\/\/www.facebook.com\/kasvuhooned\/\" \/>\n<meta property=\"article:modified_time\" content=\"2026-04-13T07:51:11+00:00\" \/>\n<meta property=\"og:image\" content=\"https:\/\/rodoaed.ee\/wp-content\/uploads\/2021\/03\/Taimekonteiner-Berberis-80_1909748003_2.jpg\" \/>\n\t<meta property=\"og:image:width\" content=\"1400\" \/>\n\t<meta property=\"og:image:height\" content=\"904\" \/>\n\t<meta property=\"og:image:type\" content=\"image\/jpeg\" \/>\n<meta name=\"twitter:card\" content=\"summary_large_image\" \/>\n<meta name=\"twitter:label1\" content=\"Arvioitu lukuaika\" \/>\n\t<meta name=\"twitter:data1\" content=\"1 minuutti\" \/>\n<script type=\"application\/ld+json\" class=\"yoast-schema-graph\">{\"@context\":\"https:\\\/\\\/schema.org\",\"@graph\":[{\"@type\":\"WebPage\",\"@id\":\"https:\\\/\\\/rodoaed.ee\\\/fi\\\/toode\\\/itsestaan-sammuva-kasviastia-berberis-80-terrakotta-norsunluu-155l\\\/\",\"url\":\"https:\\\/\\\/rodoaed.ee\\\/fi\\\/toode\\\/itsestaan-sammuva-kasviastia-berberis-80-terrakotta-norsunluu-155l\\\/\",\"name\":\"Itsest\u00e4\u00e4n sammuva kasviastia Berberis 80- terrakotta + norsunluu 15+5L - Rodoaed\",\"isPartOf\":{\"@id\":\"https:\\\/\\\/rodoaed.ee\\\/#website\"},\"primaryImageOfPage\":{\"@id\":\"https:\\\/\\\/rodoaed.ee\\\/fi\\\/toode\\\/itsestaan-sammuva-kasviastia-berberis-80-terrakotta-norsunluu-155l\\\/#primaryimage\"},\"image\":{\"@id\":\"https:\\\/\\\/rodoaed.ee\\\/fi\\\/toode\\\/itsestaan-sammuva-kasviastia-berberis-80-terrakotta-norsunluu-155l\\\/#primaryimage\"},\"thumbnailUrl\":\"https:\\\/\\\/rodoaed.ee\\\/wp-content\\\/uploads\\\/2021\\\/03\\\/Taimekonteiner-Berberis-80_1909748003_2.jpg\",\"datePublished\":\"2021-03-22T08:11:06+00:00\",\"dateModified\":\"2026-04-13T07:51:11+00:00\",\"description\":\"Kasvien kasvuastia. S\u00e4ili\u00f6n alla on kastelus\u00e4ili\u00f6, josta kasvit voivat ime\u00e4 juurineen sopivan m\u00e4\u00e4r\u00e4n vett\u00e4.\",\"breadcrumb\":{\"@id\":\"https:\\\/\\\/rodoaed.ee\\\/fi\\\/toode\\\/itsestaan-sammuva-kasviastia-berberis-80-terrakotta-norsunluu-155l\\\/#breadcrumb\"},\"inLanguage\":\"fi\",\"potentialAction\":[{\"@type\":\"ReadAction\",\"target\":[\"https:\\\/\\\/rodoaed.ee\\\/fi\\\/toode\\\/itsestaan-sammuva-kasviastia-berberis-80-terrakotta-norsunluu-155l\\\/\"]}]},{\"@type\":\"ImageObject\",\"inLanguage\":\"fi\",\"@id\":\"https:\\\/\\\/rodoaed.ee\\\/fi\\\/toode\\\/itsestaan-sammuva-kasviastia-berberis-80-terrakotta-norsunluu-155l\\\/#primaryimage\",\"url\":\"https:\\\/\\\/rodoaed.ee\\\/wp-content\\\/uploads\\\/2021\\\/03\\\/Taimekonteiner-Berberis-80_1909748003_2.jpg\",\"contentUrl\":\"https:\\\/\\\/rodoaed.ee\\\/wp-content\\\/uploads\\\/2021\\\/03\\\/Taimekonteiner-Berberis-80_1909748003_2.jpg\",\"width\":1400,\"height\":904},{\"@type\":\"BreadcrumbList\",\"@id\":\"https:\\\/\\\/rodoaed.ee\\\/fi\\\/toode\\\/itsestaan-sammuva-kasviastia-berberis-80-terrakotta-norsunluu-155l\\\/#breadcrumb\",\"itemListElement\":[{\"@type\":\"ListItem\",\"position\":1,\"name\":\"Home\",\"item\":\"https:\\\/\\\/rodoaed.ee\\\/fi\\\/\"},{\"@type\":\"ListItem\",\"position\":2,\"name\":\"Osta osoitteessa\",\"item\":\"https:\\\/\\\/rodoaed.ee\\\/osta-osoitteessa\\\/\"},{\"@type\":\"ListItem\",\"position\":3,\"name\":\"Itsest\u00e4\u00e4n sammuva kasviastia Berberis 80- terrakotta + norsunluu 15+5L\"}]},{\"@type\":\"WebSite\",\"@id\":\"https:\\\/\\\/rodoaed.ee\\\/#website\",\"url\":\"https:\\\/\\\/rodoaed.ee\\\/\",\"name\":\"Rodoaed\",\"description\":\"\",\"publisher\":{\"@id\":\"https:\\\/\\\/rodoaed.ee\\\/#organization\"},\"potentialAction\":[{\"@type\":\"SearchAction\",\"target\":{\"@type\":\"EntryPoint\",\"urlTemplate\":\"https:\\\/\\\/rodoaed.ee\\\/?s={search_term_string}\"},\"query-input\":{\"@type\":\"PropertyValueSpecification\",\"valueRequired\":true,\"valueName\":\"search_term_string\"}}],\"inLanguage\":\"fi\"},{\"@type\":\"Organization\",\"@id\":\"https:\\\/\\\/rodoaed.ee\\\/#organization\",\"name\":\"Rodoaed\",\"url\":\"https:\\\/\\\/rodoaed.ee\\\/\",\"logo\":{\"@type\":\"ImageObject\",\"inLanguage\":\"fi\",\"@id\":\"https:\\\/\\\/rodoaed.ee\\\/#\\\/schema\\\/logo\\\/image\\\/\",\"url\":\"https:\\\/\\\/rodoaed.ee\\\/wp-content\\\/uploads\\\/2019\\\/11\\\/rodoaed-logo-ilma-taustata.jpg\",\"contentUrl\":\"https:\\\/\\\/rodoaed.ee\\\/wp-content\\\/uploads\\\/2019\\\/11\\\/rodoaed-logo-ilma-taustata.jpg\",\"width\":769,\"height\":268,\"caption\":\"Rodoaed\"},\"image\":{\"@id\":\"https:\\\/\\\/rodoaed.ee\\\/#\\\/schema\\\/logo\\\/image\\\/\"},\"sameAs\":[\"https:\\\/\\\/www.facebook.com\\\/kasvuhooned\\\/\",\"https:\\\/\\\/rodoaed.ee\"]}]}<\/script>\n<!-- \/ Yoast SEO Premium plugin. -->","yoast_head_json":{"title":"Itsest\u00e4\u00e4n sammuva kasviastia Berberis 80- terrakotta + norsunluu 15+5L - Rodoaed","description":"Kasvien kasvuastia. S\u00e4ili\u00f6n alla on kastelus\u00e4ili\u00f6, josta kasvit voivat ime\u00e4 juurineen sopivan m\u00e4\u00e4r\u00e4n vett\u00e4.","robots":{"index":"index","follow":"follow","max-snippet":"max-snippet:-1","max-image-preview":"max-image-preview:large","max-video-preview":"max-video-preview:-1"},"canonical":"https:\/\/rodoaed.ee\/fi\/toode\/itsestaan-sammuva-kasviastia-berberis-80-terrakotta-norsunluu-155l\/","og_locale":"fi_FI","og_type":"article","og_title":"Itsest\u00e4\u00e4n sammuva kasviastia Berberis 80- terrakotta + norsunluu 15+5L","og_description":"Suurikokoiset kasvisastiat, joissa on vesis\u00e4ili\u00f6 Berberis-sarjasta. S\u00e4ili\u00f6n alla on kasteluvesis\u00e4ili\u00f6, josta kasvit voivat ottaa juurineen oikean m\u00e4\u00e4r\u00e4n","og_url":"https:\/\/rodoaed.ee\/fi\/toode\/itsestaan-sammuva-kasviastia-berberis-80-terrakotta-norsunluu-155l\/","og_site_name":"Rodoaed","article_publisher":"https:\/\/www.facebook.com\/kasvuhooned\/","article_modified_time":"2026-04-13T07:51:11+00:00","og_image":[{"width":1400,"height":904,"url":"https:\/\/rodoaed.ee\/wp-content\/uploads\/2021\/03\/Taimekonteiner-Berberis-80_1909748003_2.jpg","type":"image\/jpeg"}],"twitter_card":"summary_large_image","twitter_misc":{"Arvioitu lukuaika":"1 minuutti"},"schema":{"@context":"https:\/\/schema.org","@graph":[{"@type":"WebPage","@id":"https:\/\/rodoaed.ee\/fi\/toode\/itsestaan-sammuva-kasviastia-berberis-80-terrakotta-norsunluu-155l\/","url":"https:\/\/rodoaed.ee\/fi\/toode\/itsestaan-sammuva-kasviastia-berberis-80-terrakotta-norsunluu-155l\/","name":"Itsest\u00e4\u00e4n sammuva kasviastia Berberis 80- terrakotta + norsunluu 15+5L - Rodoaed","isPartOf":{"@id":"https:\/\/rodoaed.ee\/#website"},"primaryImageOfPage":{"@id":"https:\/\/rodoaed.ee\/fi\/toode\/itsestaan-sammuva-kasviastia-berberis-80-terrakotta-norsunluu-155l\/#primaryimage"},"image":{"@id":"https:\/\/rodoaed.ee\/fi\/toode\/itsestaan-sammuva-kasviastia-berberis-80-terrakotta-norsunluu-155l\/#primaryimage"},"thumbnailUrl":"https:\/\/rodoaed.ee\/wp-content\/uploads\/2021\/03\/Taimekonteiner-Berberis-80_1909748003_2.jpg","datePublished":"2021-03-22T08:11:06+00:00","dateModified":"2026-04-13T07:51:11+00:00","description":"Kasvien kasvuastia. S\u00e4ili\u00f6n alla on kastelus\u00e4ili\u00f6, josta kasvit voivat ime\u00e4 juurineen sopivan m\u00e4\u00e4r\u00e4n vett\u00e4.","breadcrumb":{"@id":"https:\/\/rodoaed.ee\/fi\/toode\/itsestaan-sammuva-kasviastia-berberis-80-terrakotta-norsunluu-155l\/#breadcrumb"},"inLanguage":"fi","potentialAction":[{"@type":"ReadAction","target":["https:\/\/rodoaed.ee\/fi\/toode\/itsestaan-sammuva-kasviastia-berberis-80-terrakotta-norsunluu-155l\/"]}]},{"@type":"ImageObject","inLanguage":"fi","@id":"https:\/\/rodoaed.ee\/fi\/toode\/itsestaan-sammuva-kasviastia-berberis-80-terrakotta-norsunluu-155l\/#primaryimage","url":"https:\/\/rodoaed.ee\/wp-content\/uploads\/2021\/03\/Taimekonteiner-Berberis-80_1909748003_2.jpg","contentUrl":"https:\/\/rodoaed.ee\/wp-content\/uploads\/2021\/03\/Taimekonteiner-Berberis-80_1909748003_2.jpg","width":1400,"height":904},{"@type":"BreadcrumbList","@id":"https:\/\/rodoaed.ee\/fi\/toode\/itsestaan-sammuva-kasviastia-berberis-80-terrakotta-norsunluu-155l\/#breadcrumb","itemListElement":[{"@type":"ListItem","position":1,"name":"Home","item":"https:\/\/rodoaed.ee\/fi\/"},{"@type":"ListItem","position":2,"name":"Osta osoitteessa","item":"https:\/\/rodoaed.ee\/osta-osoitteessa\/"},{"@type":"ListItem","position":3,"name":"Itsest\u00e4\u00e4n sammuva kasviastia Berberis 80- terrakotta + norsunluu 15+5L"}]},{"@type":"WebSite","@id":"https:\/\/rodoaed.ee\/#website","url":"https:\/\/rodoaed.ee\/","name":"Rodoaed","description":"","publisher":{"@id":"https:\/\/rodoaed.ee\/#organization"},"potentialAction":[{"@type":"SearchAction","target":{"@type":"EntryPoint","urlTemplate":"https:\/\/rodoaed.ee\/?s={search_term_string}"},"query-input":{"@type":"PropertyValueSpecification","valueRequired":true,"valueName":"search_term_string"}}],"inLanguage":"fi"},{"@type":"Organization","@id":"https:\/\/rodoaed.ee\/#organization","name":"Rodoaed","url":"https:\/\/rodoaed.ee\/","logo":{"@type":"ImageObject","inLanguage":"fi","@id":"https:\/\/rodoaed.ee\/#\/schema\/logo\/image\/","url":"https:\/\/rodoaed.ee\/wp-content\/uploads\/2019\/11\/rodoaed-logo-ilma-taustata.jpg","contentUrl":"https:\/\/rodoaed.ee\/wp-content\/uploads\/2019\/11\/rodoaed-logo-ilma-taustata.jpg","width":769,"height":268,"caption":"Rodoaed"},"image":{"@id":"https:\/\/rodoaed.ee\/#\/schema\/logo\/image\/"},"sameAs":["https:\/\/www.facebook.com\/kasvuhooned\/","https:\/\/rodoaed.ee"]}]}},"_links":{"self":[{"href":"https:\/\/rodoaed.ee\/fi\/wp-json\/wp\/v2\/product\/52678","targetHints":{"allow":["GET"]}}],"collection":[{"href":"https:\/\/rodoaed.ee\/fi\/wp-json\/wp\/v2\/product"}],"about":[{"href":"https:\/\/rodoaed.ee\/fi\/wp-json\/wp\/v2\/types\/product"}],"wp:featuredmedia":[{"embeddable":true,"href":"https:\/\/rodoaed.ee\/fi\/wp-json\/wp\/v2\/media\/36790"}],"wp:attachment":[{"href":"https:\/\/rodoaed.ee\/fi\/wp-json\/wp\/v2\/media?parent=52678"}],"wp:term":[{"taxonomy":"product_brand","embeddable":true,"href":"https:\/\/rodoaed.ee\/fi\/wp-json\/wp\/v2\/product_brand?post=52678"},{"taxonomy":"product_cat","embeddable":true,"href":"https:\/\/rodoaed.ee\/fi\/wp-json\/wp\/v2\/product_cat?post=52678"},{"taxonomy":"product_tag","embeddable":true,"href":"https:\/\/rodoaed.ee\/fi\/wp-json\/wp\/v2\/product_tag?post=52678"}],"curies":[{"name":"wp","href":"https:\/\/api.w.org\/{rel}","templated":true}]}}