{"id":52679,"date":"2021-03-25T13:31:41","date_gmt":"2021-03-25T11:31:41","guid":{"rendered":"https:\/\/rodoaed.ee\/toode\/poytalevy-vanha-saksalainen-katajakahva-aromaattinen-erikoistilaus\/"},"modified":"2026-04-13T10:51:11","modified_gmt":"2026-04-13T07:51:11","slug":"poytalevy-vanha-saksalainen-katajakahva-aromaattinen-erikoistilaus","status":"publish","type":"product","link":"https:\/\/rodoaed.ee\/fi\/tuote\/poytalevy-vanha-saksalainen-katajakahva-aromaattinen-erikoistilaus\/","title":{"rendered":"P\u00f6yt\u00e4levy Vanha saksalainen- katajakahva- aromaattinen, erikoistilaus"},"content":{"rendered":"<h2>P\u00f6yt\u00e4veitsi Vanha saksankielinen &#8211; ter\u00e4v\u00e4 aamiaisveitsi keitti\u00f6\u00f6n ja p\u00f6yt\u00e4\u00e4n. Aromikas kahva katajasta. Erikoisvalmisteinen yksinoikeustuote.  <\/h2>\n<h3>HUOM T\u00e4ll\u00e4 hetkell\u00e4 ei ole uutta tuotekuvaa, mutta lis\u00e4\u00e4mme sen heti kun voimme.<\/h3>\n<h3>Vanhan saksalaisen p\u00f6yt\u00e4sahan k\u00e4ytt\u00f6kohteet: yleisk\u00e4ytt\u00f6 &#8211; leiv\u00e4n, voin, juuston ja salamin leikkaamiseen.<\/h3>\n<p>Vanha saksalainen p\u00f6yt\u00e4liina p\u00f6yt\u00e4juoksuineen on suunniteltu historiallisesti maatilak\u00e4ytt\u00f6\u00f6n 140 vuotta sitten, ja se on s\u00e4ilynyt muuttumattomana t\u00e4h\u00e4n p\u00e4iv\u00e4\u00e4n asti. Leve\u00e4, py\u00f6re\u00e4k\u00e4rkinen ter\u00e4 soveltuu yht\u00e4 hyvin leiv\u00e4n ja tukevan savumakkaran viipalointiin kuin voilla leikkaamiseen. Leiv\u00e4sakset ja s\u00e4mpyl\u00e4t voidaan leikata puhtaasti kahtia murenematta, ja voita voidaan helposti voidella, vaikka se olisi kylm\u00e4\u00e4 ja kovaa. Loistava suosikki niille, joilla on aamulla kiire sy\u00f6m\u00e4\u00e4n eik\u00e4 ole aikaa leiv\u00e4n leikkaamiseen tylp\u00e4ll\u00e4 veitsell\u00e4. Ter\u00e4sosa on kiillotettu, ja kahvoja on saatavana eri puulajeista, mik\u00e4 tekee niist\u00e4 eritt\u00e4in ylellisen n\u00e4k\u00f6isi\u00e4.    <\/p>\n<p><em><strong>Robert Herder<\/strong> on ollut Euroopan tunnetuin veitsentekij\u00e4 vuodesta 1872 l\u00e4htien. Kaikki veitset ovat k\u00e4sintehtyj\u00e4. Veitsenvalmistusprosessiin kuuluu yhteens\u00e4 keskim\u00e4\u00e4rin 65 vaihetta. Toisin kuin massatuotannossa valmistetut veitset, n\u00e4iden veitsien ter\u00e4t on taottu. Ter\u00e4t valmistetaan sek\u00e4 karkaistusta ter\u00e4ksest\u00e4 ett\u00e4 hiiliter\u00e4ksest\u00e4. Hiiliter\u00e4s on vahvempaa, mutta vaatii huoltoa liitosten v\u00e4lill\u00e4. Ruostumaton ter\u00e4s ei ole yht\u00e4 vahvaa, mutta se on huoltovapaampaa.      <\/em><\/p>\n<p><em>Veitsien kahvat valmistetaan klassisesti kirsikkapuusta, luumupuusta, py\u00f6kkipuusta, p\u00e4\u00e4ryn\u00e4puusta, robiniapuusta ja oliivipuusta tai kalleimmissa ammattilaisveitsiss\u00e4 p\u00e4hkin\u00e4puusta, ruusupuusta ja eebenpuusta. Joissakin veitsiss\u00e4 kahvassa k\u00e4ytet\u00e4\u00e4n my\u00f6s erityist\u00e4 muovimassaa. <\/em><\/p>\n<p><em>Veitsien terien ja kahvojen pituuksia, muotoja ja mittasuhteita on hienos\u00e4\u00e4detty ja jalostettu vuosisatojen kuluessa, ja uusia malleja luodaan jatkuvasti.<\/em><\/p>\n<p><strong>Vanhaa saksalaista p\u00f6yt\u00e4\u00e4<\/strong> valmistetaan t\u00e4ll\u00e4 hetkell\u00e4 9 eri puukahvalla. T\u00e4m\u00e4 p\u00f6yt\u00e4veitsi on yksi rakastetuimmista lahjoista itsellesi ja perheellesi. <\/p>\n<h2>T\u00e4rkeimm\u00e4t ominaisuudet:<\/h2>\n<ul>\n<li>Ter\u00e4s: ruostumaton ter\u00e4s &#8211; kromi-vanadiini- ja molybdeeniseoskuituja.<\/li>\n<li>Kovuus 60 HRC (normaalit veitset ovat noin HRC 55-57).<\/li>\n<li>Hiontaluokka: hienolasitettu (Robert Herder valmistaa kahta laatua &#8211; hienolasitettu yksinkertaisempiin veitsiin ja sinilasitettu kalliimpiin veitsiin).<\/li>\n<li>Symmetrinen &#8211; sopii sek\u00e4 vasen- ett\u00e4 oikeak\u00e4tisille.<\/li>\n<li>Kahva: kataja<\/li>\n<\/ul>\n<h2>Tekniset tiedot:<\/h2>\n<ul>\n<li>Ter\u00e4n pituus 118 mm<\/li>\n<li>Ter\u00e4n korkeus 20 mm<\/li>\n<li>Paksuus 2 mm<\/li>\n<li>Teroituskulma 15 \u00b0<\/li>\n<li>Noahin kokonaispituus kahvan kanssa 220 mm<\/li>\n<li>Paino: 39 grammaa<\/li>\n<\/ul>\n<div data-fullscreen=\"disabled\" data-mode=\"normal\" data-oembed=\"1\" data-provider=\"youtube\" data-reset-after-played id=\"arve-youtube-uexjq3ydohe\" class=\"arve\">\n<div class=\"arve-inner\">\n<div style=\"aspect-ratio:4\/3\" class=\"arve-embed arve-embed--has-aspect-ratio\">\n<div class=\"arve-ar\" style=\"padding-top:75.000000%\"><\/div>\n<p>\t\t\t<iframe allow=\"accelerometer &apos;none&apos;;autoplay &apos;none&apos;;bluetooth &apos;none&apos;;browsing-topics &apos;none&apos;;camera &apos;none&apos;;clipboard-read &apos;none&apos;;clipboard-write;display-capture &apos;none&apos;;encrypted-media &apos;none&apos;;gamepad &apos;none&apos;;geolocation &apos;none&apos;;gyroscope &apos;none&apos;;hid &apos;none&apos;;identity-credentials-get &apos;none&apos;;idle-detection &apos;none&apos;;keyboard-map &apos;none&apos;;local-fonts;magnetometer &apos;none&apos;;microphone &apos;none&apos;;midi &apos;none&apos;;otp-credentials &apos;none&apos;;payment &apos;none&apos;;picture-in-picture;publickey-credentials-create &apos;none&apos;;publickey-credentials-get &apos;none&apos;;screen-wake-lock &apos;none&apos;;serial &apos;none&apos;;summarizer &apos;none&apos;;sync-xhr;usb &apos;none&apos;;web-share;window-management &apos;none&apos;;xr-spatial-tracking &apos;none&apos;;\" allowfullscreen=\"\" class=\"arve-iframe fitvidsignore\" credentialless data-arve=\"arve-youtube-uexjq3ydohe\" data-lenis-prevent=\"\" data-src-no-ap=\"https:\/\/www.youtube-nocookie.com\/embed\/uEXjQ3yDoHE?feature=oembed&amp;iv_load_policy=3&amp;modestbranding=1&amp;rel=0&amp;autohide=1&amp;playsinline=0&amp;autoplay=0&amp;enablejsapi=1\" frameborder=\"0\" height=\"0\" loading=\"lazy\" name=\"\" referrerpolicy=\"strict-origin-when-cross-origin\" sandbox=\"allow-scripts allow-same-origin allow-presentation allow-popups allow-popups-to-escape-sandbox\" scrolling=\"no\" src=\"https:\/\/www.youtube-nocookie.com\/embed\/uEXjQ3yDoHE?feature=oembed&#038;iv_load_policy=3&#038;modestbranding=1&#038;rel=0&#038;autohide=1&#038;playsinline=0&#038;autoplay=0&#038;enablejsapi=1\" title=\"Windm\u00fchle Produktion Messer\" width=\"0\"><\/iframe><\/p><\/div>\n<\/p><\/div>\n<p>\t<script type=\"application\/ld+json\">{\"@context\":\"http:\\\/\\\/schema.org\\\/\",\"@id\":\"https:\\\/\\\/rodoaed.ee\\\/fi\\\/tuote\\\/poytalevy-vanha-saksalainen-katajakahva-aromaattinen-erikoistilaus\\\/#arve-youtube-uexjq3ydohe\",\"type\":\"VideoObject\",\"embedURL\":\"https:\\\/\\\/www.youtube-nocookie.com\\\/embed\\\/uEXjQ3yDoHE?feature=oembed&iv_load_policy=3&modestbranding=1&rel=0&autohide=1&playsinline=0&autoplay=0&enablejsapi=1\",\"name\":\"Windm\\u00fchle Produktion Messer\",\"thumbnailUrl\":\"https:\\\/\\\/i.ytimg.com\\\/vi\\\/uEXjQ3yDoHE\\\/hqdefault.jpg\",\"uploadDate\":\"2026-04-20T17:52:58+03:00\",\"author\":\"Welt der Messer\",\"description\":\"P\\u00f6yt\\u00e4veitsi Vanha saksankielinen - ter\\u00e4v\\u00e4 aamiaisveitsi keitti\\u00f6\\u00f6n ja p\\u00f6yt\\u00e4\\u00e4n. Aromikas kahva katajasta. Erikoisvalmisteinen yksinoikeustuote. HUOM T\\u00e4ll\\u00e4 hetkell\\u00e4 ei ole uutta tuotekuvaa, mutta lis\\u00e4\\u00e4mme sen heti kun voimme. Vanhan saksalaisen p\\u00f6yt\\u00e4sahan k\\u00e4ytt\\u00f6kohteet: yleisk\\u00e4ytt\\u00f6 - leiv\\u00e4n, voin, juus\"}<\/script><\/p>\n<\/div>\n<p><a href=\"https:\/\/rodoaed.ee\/fi\/\">kotisivu<\/a> <a href=\"https:\/\/rodoaed.ee\/fi\/tootekategooria\/keittiolaitteet\/\">k\u00e4ynnist\u00e4<\/a> <a href=\"https:\/\/rodoaed.ee\/fi\/tootekategooria\/keittiolaitteet\/keittion-pesuallas\/\">Keitti\u00f6n portaat<\/a> <a href=\"https:\/\/rodoaed.ee\/fi\/toode\/poyta-jossa-on-vanhan-saksalaisen-luumupuun-kahva\/\">p\u00f6yd\u00e4ll\u00e4<\/a> <a href=\"https:\/\/rodoaed.ee\/fi\/toode\/kokanuga-k5-luumupuukahva-182mm\/\">ruoanlaitto veitsi<\/a> <a href=\"https:\/\/rodoaed.ee\/fi\/toode\/leivanuga-k-b2-luumupuukahva-230mm\/\">leip\u00e4 veitsi<\/a><\/p>\n<p>&nbsp;<\/p>\n","protected":false},"excerpt":{"rendered":"<p>P\u00f6yt\u00e4veitsi Vanha saksankielinen &#8211; ter\u00e4v\u00e4 aamiaisveitsi keitti\u00f6\u00f6n ja p\u00f6yt\u00e4\u00e4n. Aromikas kahva katajasta. Erikoisvalmisteinen yksinoikeustuote. HUOM T\u00e4ll\u00e4 hetkell\u00e4 ei ole uutta tuotekuvaa, mutta lis\u00e4\u00e4mme sen heti kun voimme. Vanhan saksalaisen p\u00f6yt\u00e4sahan k\u00e4ytt\u00f6kohteet: yleisk\u00e4ytt\u00f6 &#8211; leiv\u00e4n, voin, juuston ja salamin leikkaamiseen. Vanha saksalainen p\u00f6yt\u00e4liina p\u00f6yt\u00e4juoksuineen on suunniteltu historiallisesti maatilak\u00e4ytt\u00f6\u00f6n 140 vuotta sitten, ja se on s\u00e4ilynyt muuttumattomana t\u00e4h\u00e4n p\u00e4iv\u00e4\u00e4n asti. Leve\u00e4, py\u00f6re\u00e4k\u00e4rkinen ter\u00e4 soveltuu yht\u00e4 hyvin leiv\u00e4n&#8230;<\/p>\n","protected":false},"featured_media":28011,"template":"","meta":{"_acf_changed":false},"product_brand":[],"product_cat":[1751,1830,1834,1836,1837,1838,1743,1745],"product_tag":[],"class_list":{"0":"post-52679","1":"product","2":"type-product","3":"status-publish","4":"has-post-thumbnail","6":"product_cat-keittiolaitteet","7":"product_cat-keittion-pesuallas","8":"product_cat-lahjat-metsastajalle","9":"product_cat-lahjat-miehille","10":"product_cat-lauanoad-vanhat-saksalaiset-soljet","11":"product_cat-leivanoad","12":"product_cat-lisalahjat-lahjat","13":"product_cat-suuri-varaston-tyhjennysmyynti","14":"product_shipping_class-toimitus-1-3-tyopaivan-kuluessa","15":"pa_variatsioon-keittioveitsi-k0-hiiliteras-kiillotettu-varsi-luumupuuta","17":"first","18":"instock","19":"sale","20":"taxable","21":"shipping-taxable","22":"purchasable","23":"product-type-simple"},"acf":[],"yoast_head":"<!-- This site is optimized with the Yoast SEO Premium plugin v27.3 (Yoast SEO v27.3) - https:\/\/yoast.com\/product\/yoast-seo-premium-wordpress\/ -->\n<title>P\u00f6yt\u00e4levy Vanha saksalainen- katajakahva- aromaattinen, erikoistilaus - Rodoaed<\/title>\n<meta name=\"description\" content=\"Vanha saksalainen p\u00f6yd\u00e4n kanssa on t\u00e4ydellinen aamiaisp\u00f6yd\u00e4n seuralainen. Old German on ter\u00e4v\u00e4 veitsi leiv\u00e4n, juuston ja makkaran viipalointiin sek\u00e4 voin levitt\u00e4miseen.\" \/>\n<meta name=\"robots\" content=\"index, follow, max-snippet:-1, max-image-preview:large, max-video-preview:-1\" \/>\n<link rel=\"canonical\" href=\"https:\/\/rodoaed.ee\/fi\/toode\/poytalevy-vanha-saksalainen-katajakahva-aromaattinen-erikoistilaus\/\" \/>\n<meta property=\"og:locale\" content=\"fi_FI\" \/>\n<meta property=\"og:type\" content=\"article\" \/>\n<meta property=\"og:title\" content=\"P\u00f6yt\u00e4levy Vanha saksalainen- katajakahva- aromaattinen, erikoistilaus\" \/>\n<meta property=\"og:description\" content=\"P\u00f6yt\u00e4veitsi Vanha saksankielinen - ter\u00e4v\u00e4 aamiaisveitsi keitti\u00f6\u00f6n ja p\u00f6yt\u00e4\u00e4n. Aromikas kahva katajasta. Erikoisvalmisteinen yksinoikeustuote. HUOM T\u00e4ll\u00e4\" \/>\n<meta property=\"og:url\" content=\"https:\/\/rodoaed.ee\/fi\/toode\/poytalevy-vanha-saksalainen-katajakahva-aromaattinen-erikoistilaus\/\" \/>\n<meta property=\"og:site_name\" content=\"Rodoaed\" \/>\n<meta property=\"article:publisher\" content=\"https:\/\/www.facebook.com\/kasvuhooned\/\" \/>\n<meta property=\"article:modified_time\" content=\"2026-04-13T07:51:11+00:00\" \/>\n<meta property=\"og:image\" content=\"https:\/\/rodoaed.ee\/wp-content\/uploads\/2019\/10\/lauanuga_Old-German_aprikoosipuu_200245026_Buckels_Marille_01-scaled.jpg\" \/>\n\t<meta property=\"og:image:width\" content=\"2968\" \/>\n\t<meta property=\"og:image:height\" content=\"364\" \/>\n\t<meta property=\"og:image:type\" content=\"image\/jpeg\" \/>\n<meta name=\"twitter:card\" content=\"summary_large_image\" \/>\n<meta name=\"twitter:label1\" content=\"Arvioitu lukuaika\" \/>\n\t<meta name=\"twitter:data1\" content=\"2 minuuttia\" \/>\n<script type=\"application\/ld+json\" class=\"yoast-schema-graph\">{\"@context\":\"https:\\\/\\\/schema.org\",\"@graph\":[{\"@type\":\"WebPage\",\"@id\":\"https:\\\/\\\/rodoaed.ee\\\/fi\\\/toode\\\/poytalevy-vanha-saksalainen-katajakahva-aromaattinen-erikoistilaus\\\/\",\"url\":\"https:\\\/\\\/rodoaed.ee\\\/fi\\\/toode\\\/poytalevy-vanha-saksalainen-katajakahva-aromaattinen-erikoistilaus\\\/\",\"name\":\"P\u00f6yt\u00e4levy Vanha saksalainen- katajakahva- aromaattinen, erikoistilaus - Rodoaed\",\"isPartOf\":{\"@id\":\"https:\\\/\\\/rodoaed.ee\\\/#website\"},\"primaryImageOfPage\":{\"@id\":\"https:\\\/\\\/rodoaed.ee\\\/fi\\\/toode\\\/poytalevy-vanha-saksalainen-katajakahva-aromaattinen-erikoistilaus\\\/#primaryimage\"},\"image\":{\"@id\":\"https:\\\/\\\/rodoaed.ee\\\/fi\\\/toode\\\/poytalevy-vanha-saksalainen-katajakahva-aromaattinen-erikoistilaus\\\/#primaryimage\"},\"thumbnailUrl\":\"https:\\\/\\\/rodoaed.ee\\\/wp-content\\\/uploads\\\/2019\\\/10\\\/lauanuga_Old-German_aprikoosipuu_200245026_Buckels_Marille_01-scaled.jpg\",\"datePublished\":\"2021-03-25T11:31:41+00:00\",\"dateModified\":\"2026-04-13T07:51:11+00:00\",\"description\":\"Vanha saksalainen p\u00f6yd\u00e4n kanssa on t\u00e4ydellinen aamiaisp\u00f6yd\u00e4n seuralainen. Old German on ter\u00e4v\u00e4 veitsi leiv\u00e4n, juuston ja makkaran viipalointiin sek\u00e4 voin levitt\u00e4miseen.\",\"breadcrumb\":{\"@id\":\"https:\\\/\\\/rodoaed.ee\\\/fi\\\/toode\\\/poytalevy-vanha-saksalainen-katajakahva-aromaattinen-erikoistilaus\\\/#breadcrumb\"},\"inLanguage\":\"fi\",\"potentialAction\":[{\"@type\":\"ReadAction\",\"target\":[\"https:\\\/\\\/rodoaed.ee\\\/fi\\\/toode\\\/poytalevy-vanha-saksalainen-katajakahva-aromaattinen-erikoistilaus\\\/\"]}]},{\"@type\":\"ImageObject\",\"inLanguage\":\"fi\",\"@id\":\"https:\\\/\\\/rodoaed.ee\\\/fi\\\/toode\\\/poytalevy-vanha-saksalainen-katajakahva-aromaattinen-erikoistilaus\\\/#primaryimage\",\"url\":\"https:\\\/\\\/rodoaed.ee\\\/wp-content\\\/uploads\\\/2019\\\/10\\\/lauanuga_Old-German_aprikoosipuu_200245026_Buckels_Marille_01-scaled.jpg\",\"contentUrl\":\"https:\\\/\\\/rodoaed.ee\\\/wp-content\\\/uploads\\\/2019\\\/10\\\/lauanuga_Old-German_aprikoosipuu_200245026_Buckels_Marille_01-scaled.jpg\",\"width\":2968,\"height\":364,\"caption\":\"p\u00f6yt\u00e4veitsi keitti\u00f6veitsi\"},{\"@type\":\"BreadcrumbList\",\"@id\":\"https:\\\/\\\/rodoaed.ee\\\/fi\\\/toode\\\/poytalevy-vanha-saksalainen-katajakahva-aromaattinen-erikoistilaus\\\/#breadcrumb\",\"itemListElement\":[{\"@type\":\"ListItem\",\"position\":1,\"name\":\"Home\",\"item\":\"https:\\\/\\\/rodoaed.ee\\\/fi\\\/\"},{\"@type\":\"ListItem\",\"position\":2,\"name\":\"Osta osoitteessa\",\"item\":\"https:\\\/\\\/rodoaed.ee\\\/osta-osoitteessa\\\/\"},{\"@type\":\"ListItem\",\"position\":3,\"name\":\"P\u00f6yt\u00e4levy Vanha saksalainen- katajakahva- aromaattinen, erikoistilaus\"}]},{\"@type\":\"WebSite\",\"@id\":\"https:\\\/\\\/rodoaed.ee\\\/#website\",\"url\":\"https:\\\/\\\/rodoaed.ee\\\/\",\"name\":\"Rodoaed\",\"description\":\"\",\"publisher\":{\"@id\":\"https:\\\/\\\/rodoaed.ee\\\/#organization\"},\"potentialAction\":[{\"@type\":\"SearchAction\",\"target\":{\"@type\":\"EntryPoint\",\"urlTemplate\":\"https:\\\/\\\/rodoaed.ee\\\/?s={search_term_string}\"},\"query-input\":{\"@type\":\"PropertyValueSpecification\",\"valueRequired\":true,\"valueName\":\"search_term_string\"}}],\"inLanguage\":\"fi\"},{\"@type\":\"Organization\",\"@id\":\"https:\\\/\\\/rodoaed.ee\\\/#organization\",\"name\":\"Rodoaed\",\"url\":\"https:\\\/\\\/rodoaed.ee\\\/\",\"logo\":{\"@type\":\"ImageObject\",\"inLanguage\":\"fi\",\"@id\":\"https:\\\/\\\/rodoaed.ee\\\/#\\\/schema\\\/logo\\\/image\\\/\",\"url\":\"https:\\\/\\\/rodoaed.ee\\\/wp-content\\\/uploads\\\/2019\\\/11\\\/rodoaed-logo-ilma-taustata.jpg\",\"contentUrl\":\"https:\\\/\\\/rodoaed.ee\\\/wp-content\\\/uploads\\\/2019\\\/11\\\/rodoaed-logo-ilma-taustata.jpg\",\"width\":769,\"height\":268,\"caption\":\"Rodoaed\"},\"image\":{\"@id\":\"https:\\\/\\\/rodoaed.ee\\\/#\\\/schema\\\/logo\\\/image\\\/\"},\"sameAs\":[\"https:\\\/\\\/www.facebook.com\\\/kasvuhooned\\\/\",\"https:\\\/\\\/rodoaed.ee\"]}]}<\/script>\n<!-- \/ Yoast SEO Premium plugin. -->","yoast_head_json":{"title":"P\u00f6yt\u00e4levy Vanha saksalainen- katajakahva- aromaattinen, erikoistilaus - Rodoaed","description":"Vanha saksalainen p\u00f6yd\u00e4n kanssa on t\u00e4ydellinen aamiaisp\u00f6yd\u00e4n seuralainen. Old German on ter\u00e4v\u00e4 veitsi leiv\u00e4n, juuston ja makkaran viipalointiin sek\u00e4 voin levitt\u00e4miseen.","robots":{"index":"index","follow":"follow","max-snippet":"max-snippet:-1","max-image-preview":"max-image-preview:large","max-video-preview":"max-video-preview:-1"},"canonical":"https:\/\/rodoaed.ee\/fi\/toode\/poytalevy-vanha-saksalainen-katajakahva-aromaattinen-erikoistilaus\/","og_locale":"fi_FI","og_type":"article","og_title":"P\u00f6yt\u00e4levy Vanha saksalainen- katajakahva- aromaattinen, erikoistilaus","og_description":"P\u00f6yt\u00e4veitsi Vanha saksankielinen - ter\u00e4v\u00e4 aamiaisveitsi keitti\u00f6\u00f6n ja p\u00f6yt\u00e4\u00e4n. Aromikas kahva katajasta. Erikoisvalmisteinen yksinoikeustuote. HUOM T\u00e4ll\u00e4","og_url":"https:\/\/rodoaed.ee\/fi\/toode\/poytalevy-vanha-saksalainen-katajakahva-aromaattinen-erikoistilaus\/","og_site_name":"Rodoaed","article_publisher":"https:\/\/www.facebook.com\/kasvuhooned\/","article_modified_time":"2026-04-13T07:51:11+00:00","og_image":[{"width":2968,"height":364,"url":"https:\/\/rodoaed.ee\/wp-content\/uploads\/2019\/10\/lauanuga_Old-German_aprikoosipuu_200245026_Buckels_Marille_01-scaled.jpg","type":"image\/jpeg"}],"twitter_card":"summary_large_image","twitter_misc":{"Arvioitu lukuaika":"2 minuuttia"},"schema":{"@context":"https:\/\/schema.org","@graph":[{"@type":"WebPage","@id":"https:\/\/rodoaed.ee\/fi\/toode\/poytalevy-vanha-saksalainen-katajakahva-aromaattinen-erikoistilaus\/","url":"https:\/\/rodoaed.ee\/fi\/toode\/poytalevy-vanha-saksalainen-katajakahva-aromaattinen-erikoistilaus\/","name":"P\u00f6yt\u00e4levy Vanha saksalainen- katajakahva- aromaattinen, erikoistilaus - Rodoaed","isPartOf":{"@id":"https:\/\/rodoaed.ee\/#website"},"primaryImageOfPage":{"@id":"https:\/\/rodoaed.ee\/fi\/toode\/poytalevy-vanha-saksalainen-katajakahva-aromaattinen-erikoistilaus\/#primaryimage"},"image":{"@id":"https:\/\/rodoaed.ee\/fi\/toode\/poytalevy-vanha-saksalainen-katajakahva-aromaattinen-erikoistilaus\/#primaryimage"},"thumbnailUrl":"https:\/\/rodoaed.ee\/wp-content\/uploads\/2019\/10\/lauanuga_Old-German_aprikoosipuu_200245026_Buckels_Marille_01-scaled.jpg","datePublished":"2021-03-25T11:31:41+00:00","dateModified":"2026-04-13T07:51:11+00:00","description":"Vanha saksalainen p\u00f6yd\u00e4n kanssa on t\u00e4ydellinen aamiaisp\u00f6yd\u00e4n seuralainen. Old German on ter\u00e4v\u00e4 veitsi leiv\u00e4n, juuston ja makkaran viipalointiin sek\u00e4 voin levitt\u00e4miseen.","breadcrumb":{"@id":"https:\/\/rodoaed.ee\/fi\/toode\/poytalevy-vanha-saksalainen-katajakahva-aromaattinen-erikoistilaus\/#breadcrumb"},"inLanguage":"fi","potentialAction":[{"@type":"ReadAction","target":["https:\/\/rodoaed.ee\/fi\/toode\/poytalevy-vanha-saksalainen-katajakahva-aromaattinen-erikoistilaus\/"]}]},{"@type":"ImageObject","inLanguage":"fi","@id":"https:\/\/rodoaed.ee\/fi\/toode\/poytalevy-vanha-saksalainen-katajakahva-aromaattinen-erikoistilaus\/#primaryimage","url":"https:\/\/rodoaed.ee\/wp-content\/uploads\/2019\/10\/lauanuga_Old-German_aprikoosipuu_200245026_Buckels_Marille_01-scaled.jpg","contentUrl":"https:\/\/rodoaed.ee\/wp-content\/uploads\/2019\/10\/lauanuga_Old-German_aprikoosipuu_200245026_Buckels_Marille_01-scaled.jpg","width":2968,"height":364,"caption":"p\u00f6yt\u00e4veitsi keitti\u00f6veitsi"},{"@type":"BreadcrumbList","@id":"https:\/\/rodoaed.ee\/fi\/toode\/poytalevy-vanha-saksalainen-katajakahva-aromaattinen-erikoistilaus\/#breadcrumb","itemListElement":[{"@type":"ListItem","position":1,"name":"Home","item":"https:\/\/rodoaed.ee\/fi\/"},{"@type":"ListItem","position":2,"name":"Osta osoitteessa","item":"https:\/\/rodoaed.ee\/osta-osoitteessa\/"},{"@type":"ListItem","position":3,"name":"P\u00f6yt\u00e4levy Vanha saksalainen- katajakahva- aromaattinen, erikoistilaus"}]},{"@type":"WebSite","@id":"https:\/\/rodoaed.ee\/#website","url":"https:\/\/rodoaed.ee\/","name":"Rodoaed","description":"","publisher":{"@id":"https:\/\/rodoaed.ee\/#organization"},"potentialAction":[{"@type":"SearchAction","target":{"@type":"EntryPoint","urlTemplate":"https:\/\/rodoaed.ee\/?s={search_term_string}"},"query-input":{"@type":"PropertyValueSpecification","valueRequired":true,"valueName":"search_term_string"}}],"inLanguage":"fi"},{"@type":"Organization","@id":"https:\/\/rodoaed.ee\/#organization","name":"Rodoaed","url":"https:\/\/rodoaed.ee\/","logo":{"@type":"ImageObject","inLanguage":"fi","@id":"https:\/\/rodoaed.ee\/#\/schema\/logo\/image\/","url":"https:\/\/rodoaed.ee\/wp-content\/uploads\/2019\/11\/rodoaed-logo-ilma-taustata.jpg","contentUrl":"https:\/\/rodoaed.ee\/wp-content\/uploads\/2019\/11\/rodoaed-logo-ilma-taustata.jpg","width":769,"height":268,"caption":"Rodoaed"},"image":{"@id":"https:\/\/rodoaed.ee\/#\/schema\/logo\/image\/"},"sameAs":["https:\/\/www.facebook.com\/kasvuhooned\/","https:\/\/rodoaed.ee"]}]}},"_links":{"self":[{"href":"https:\/\/rodoaed.ee\/fi\/wp-json\/wp\/v2\/product\/52679","targetHints":{"allow":["GET"]}}],"collection":[{"href":"https:\/\/rodoaed.ee\/fi\/wp-json\/wp\/v2\/product"}],"about":[{"href":"https:\/\/rodoaed.ee\/fi\/wp-json\/wp\/v2\/types\/product"}],"wp:featuredmedia":[{"embeddable":true,"href":"https:\/\/rodoaed.ee\/fi\/wp-json\/wp\/v2\/media\/28011"}],"wp:attachment":[{"href":"https:\/\/rodoaed.ee\/fi\/wp-json\/wp\/v2\/media?parent=52679"}],"wp:term":[{"taxonomy":"product_brand","embeddable":true,"href":"https:\/\/rodoaed.ee\/fi\/wp-json\/wp\/v2\/product_brand?post=52679"},{"taxonomy":"product_cat","embeddable":true,"href":"https:\/\/rodoaed.ee\/fi\/wp-json\/wp\/v2\/product_cat?post=52679"},{"taxonomy":"product_tag","embeddable":true,"href":"https:\/\/rodoaed.ee\/fi\/wp-json\/wp\/v2\/product_tag?post=52679"}],"curies":[{"name":"wp","href":"https:\/\/api.w.org\/{rel}","templated":true}]}}