{"id":52681,"date":"2021-03-25T13:44:11","date_gmt":"2021-03-25T11:44:11","guid":{"rendered":"https:\/\/rodoaed.ee\/toode\/leikkuulauta-oljytty-kirsikkapuu-465x235mm\/"},"modified":"2026-04-13T10:51:12","modified_gmt":"2026-04-13T07:51:12","slug":"leikkuulauta-oljytty-kirsikkapuu-465x235mm","status":"publish","type":"product","link":"https:\/\/rodoaed.ee\/fi\/tuote\/leikkuulauta-oljytty-kirsikkapuu-465x235mm\/","title":{"rendered":"Leikkuulauta \u00f6ljytty kirsikkapuu 465x235mm"},"content":{"rendered":"<h2>Paras leikkuulauta laatuveitsille. H\u00f6yrytetty\u00e4 kirsikkapuuta, \u00f6ljytty. <\/h2>\n<div class=\"text\">\n<p>Laadukas leikkuulauta sopii parhaiten yhteen laadukkaan keitti\u00f6n ty\u00f6tason kanssa. Kaikki leikkuulaudat sopivat, mutta ter\u00e4v\u00e4lle veitselle paras on pehme\u00e4 puinen leikkuulauta, joka ei tylsyt\u00e4 veist\u00e4. Kirsikkapuuta pidet\u00e4\u00e4n parhaana &#8211; se on tarpeeksi vahvaa mutta ei kovaa. Kirsikkapuulevyt h\u00f6yrytet\u00e4\u00e4n j\u00e4nnityksen poistamiseksi ja \u00f6ljyt\u00e4\u00e4n sen j\u00e4lkeen.   <\/p>\n<\/div>\n<p>T\u00e4llainen leikkuulauta toimii yhdess\u00e4 veitsen ter\u00e4n kanssa leikattaessa ja muodostaa ik\u00e4\u00e4n kuin kaksi pintaa, joiden v\u00e4liin leikkaus tehd\u00e4\u00e4n.<\/p>\n<div class=\"text\">\n<p>Robert Herderin veitset ja leikkuulaudat kuuluvat yhteen. Ne ovat pohjastaan neliskulmaisia, mutta ne kaartuvat hieman reunoiltaan, ja alaosa muodostaa mukavan reunan, josta on mukava ottaa kiinni. Eritt\u00e4in miellytt\u00e4v\u00e4 muoto ja muoto k\u00e4ytt\u00e4j\u00e4lle. Vahvat mutta kevyet ja tyylikk\u00e4\u00e4t painoltaan. Se ei ole vain ergonominen leikkuulauta vaan my\u00f6s herkk\u00e4 tarjoilulauta.    <\/p>\n<p>Kaikki sen tuotemerkill\u00e4 varustetut leikkuulaudat leikataan yhdest\u00e4 ainoasta kokonaisesta kirsikkalankusta, h\u00f6yrytet\u00e4\u00e4n ja k\u00e4sitell\u00e4\u00e4n muotoonsa ja \u00f6ljyt\u00e4\u00e4n elintarvikekelpoisilla \u00f6ljyill\u00e4. Puu k\u00e4sitell\u00e4\u00e4n kuumalla h\u00f6yryll\u00e4 hartsien, tanniinien ja j\u00e4nnitteiden poistamiseksi. Puu ei v\u00e4\u00e4ntyile eik\u00e4 halkeile. Koska leikkuulauta on valmistettu yhdest\u00e4 kokonaisesta laudasta, puukuvio on erityisen kaunis ja katkeamaton.   <\/p>\n<\/div>\n<h2>T\u00e4rkeimm\u00e4t ominaisuudet:<\/h2>\n<ul>\n<li>Materiaali: h\u00f6yrytetty ja \u00f6ljytty kirsikkapuu.<\/li>\n<li>Mitat: 465 x 235 mm, paksuus 20 mm.<\/li>\n<\/ul>\n<p>&nbsp;<\/p>\n<p><a href=\"https:\/\/rodoaed.ee\/fi\/\">kotisivu<\/a> <a href=\"https:\/\/rodoaed.ee\/fi\/tootekategooria\/keittiolaitteet\/\">k\u00e4ynnist\u00e4<\/a> <a href=\"https:\/\/rodoaed.ee\/fi\/tootekategooria\/keittiolaitteet\/keittion-pesuallas\/\">Keitti\u00f6n portaat<\/a> <a href=\"https:\/\/rodoaed.ee\/fi\/toode\/poyta-jossa-on-vanhan-saksalaisen-luumupuun-kahva\/\">p\u00f6yd\u00e4ll\u00e4<\/a> <a href=\"https:\/\/rodoaed.ee\/fi\/toode\/kokanuga-k5-luumupuukahva-182mm\/\">ruoanlaitto veitsi<\/a> <a href=\"https:\/\/rodoaed.ee\/fi\/toode\/leivanuga-k-b2-luumupuukahva-230mm\/\">leip\u00e4 veitsi<\/a><\/p>\n","protected":false},"excerpt":{"rendered":"<p>Paras leikkuulauta laatuveitsille. H\u00f6yrytetty\u00e4 kirsikkapuuta, \u00f6ljytty. Laadukas leikkuulauta sopii parhaiten yhteen laadukkaan keitti\u00f6n ty\u00f6tason kanssa. Kaikki leikkuulaudat sopivat, mutta ter\u00e4v\u00e4lle veitselle paras on pehme\u00e4 puinen leikkuulauta, joka ei tylsyt\u00e4 veist\u00e4. Kirsikkapuuta pidet\u00e4\u00e4n parhaana &#8211; se on tarpeeksi vahvaa mutta ei kovaa. Kirsikkapuulevyt h\u00f6yrytet\u00e4\u00e4n j\u00e4nnityksen poistamiseksi ja \u00f6ljyt\u00e4\u00e4n sen j\u00e4lkeen. T\u00e4llainen leikkuulauta toimii yhdess\u00e4 veitsen ter\u00e4n kanssa leikattaessa ja muodostaa ik\u00e4\u00e4n kuin kaksi pintaa, joiden v\u00e4liin&#8230;<\/p>\n","protected":false},"featured_media":36972,"template":"","meta":{"_acf_changed":false},"product_brand":[],"product_cat":[1751,1830,1834,1833,1835,1743,1745],"product_tag":[],"class_list":{"0":"post-52681","1":"product","2":"type-product","3":"status-publish","4":"has-post-thumbnail","6":"product_cat-keittiolaitteet","7":"product_cat-keittion-pesuallas","8":"product_cat-lahjat-metsastajalle","9":"product_cat-lahjat-naisille","10":"product_cat-leikkuulaudat","11":"product_cat-lisalahjat-lahjat","12":"product_cat-suuri-varaston-tyhjennysmyynti","13":"product_shipping_class-toimitus-1-3-tyopaivan-kuluessa","14":"pa_variatsioon-keittioveitsi-k0-hiiliteras-kiillotettu-varsi-luumupuuta","16":"first","17":"instock","18":"sale","19":"taxable","20":"shipping-taxable","21":"purchasable","22":"product-type-simple"},"acf":[],"yoast_head":"<!-- This site is optimized with the Yoast SEO Premium plugin v27.3 (Yoast SEO v27.3) - https:\/\/yoast.com\/product\/yoast-seo-premium-wordpress\/ -->\n<title>Leikkuulauta \u00f6ljytty kirsikkapuu 465x235mm - Rodoaed<\/title>\n<meta name=\"description\" content=\"Rober Herder -keitti\u00f6veitsi on maailman tunnetuin ja k\u00e4yt\u00e4nn\u00f6llisin monitoimiveitsi ja vihannesten kuorimaveitsi. Keitti\u00f6veitsi kirsikkapuukahvalla\" \/>\n<meta name=\"robots\" content=\"index, follow, max-snippet:-1, max-image-preview:large, max-video-preview:-1\" \/>\n<link rel=\"canonical\" href=\"https:\/\/rodoaed.ee\/fi\/toode\/leikkuulauta-oljytty-kirsikkapuu-465x235mm\/\" \/>\n<meta property=\"og:locale\" content=\"fi_FI\" \/>\n<meta property=\"og:type\" content=\"article\" \/>\n<meta property=\"og:title\" content=\"Leikkuulauta \u00f6ljytty kirsikkapuu 465x235mm\" \/>\n<meta property=\"og:description\" content=\"Paras leikkuulauta laatuveitsille. H\u00f6yrytetty\u00e4 kirsikkapuuta, \u00f6ljytty. Laadukas leikkuulauta sopii parhaiten yhteen laadukkaan keitti\u00f6n ty\u00f6tason kanssa.\" \/>\n<meta property=\"og:url\" content=\"https:\/\/rodoaed.ee\/fi\/toode\/leikkuulauta-oljytty-kirsikkapuu-465x235mm\/\" \/>\n<meta property=\"og:site_name\" content=\"Rodoaed\" \/>\n<meta property=\"article:publisher\" content=\"https:\/\/www.facebook.com\/kasvuhooned\/\" \/>\n<meta property=\"article:modified_time\" content=\"2026-04-13T07:51:12+00:00\" \/>\n<meta property=\"og:image\" content=\"https:\/\/rodoaed.ee\/wp-content\/uploads\/2021\/03\/Loikelaud_kirsipuu_9265.465.02_1.jpg\" \/>\n\t<meta property=\"og:image:width\" content=\"800\" \/>\n\t<meta property=\"og:image:height\" content=\"533\" \/>\n\t<meta property=\"og:image:type\" content=\"image\/jpeg\" \/>\n<meta name=\"twitter:card\" content=\"summary_large_image\" \/>\n<meta name=\"twitter:label1\" content=\"Arvioitu lukuaika\" \/>\n\t<meta name=\"twitter:data1\" content=\"1 minuutti\" \/>\n<script type=\"application\/ld+json\" class=\"yoast-schema-graph\">{\"@context\":\"https:\\\/\\\/schema.org\",\"@graph\":[{\"@type\":\"WebPage\",\"@id\":\"https:\\\/\\\/rodoaed.ee\\\/fi\\\/toode\\\/leikkuulauta-oljytty-kirsikkapuu-465x235mm\\\/\",\"url\":\"https:\\\/\\\/rodoaed.ee\\\/fi\\\/toode\\\/leikkuulauta-oljytty-kirsikkapuu-465x235mm\\\/\",\"name\":\"Leikkuulauta \u00f6ljytty kirsikkapuu 465x235mm - Rodoaed\",\"isPartOf\":{\"@id\":\"https:\\\/\\\/rodoaed.ee\\\/#website\"},\"primaryImageOfPage\":{\"@id\":\"https:\\\/\\\/rodoaed.ee\\\/fi\\\/toode\\\/leikkuulauta-oljytty-kirsikkapuu-465x235mm\\\/#primaryimage\"},\"image\":{\"@id\":\"https:\\\/\\\/rodoaed.ee\\\/fi\\\/toode\\\/leikkuulauta-oljytty-kirsikkapuu-465x235mm\\\/#primaryimage\"},\"thumbnailUrl\":\"https:\\\/\\\/rodoaed.ee\\\/wp-content\\\/uploads\\\/2021\\\/03\\\/Loikelaud_kirsipuu_9265.465.02_1.jpg\",\"datePublished\":\"2021-03-25T11:44:11+00:00\",\"dateModified\":\"2026-04-13T07:51:12+00:00\",\"description\":\"Rober Herder -keitti\u00f6veitsi on maailman tunnetuin ja k\u00e4yt\u00e4nn\u00f6llisin monitoimiveitsi ja vihannesten kuorimaveitsi. Keitti\u00f6veitsi kirsikkapuukahvalla\",\"breadcrumb\":{\"@id\":\"https:\\\/\\\/rodoaed.ee\\\/fi\\\/toode\\\/leikkuulauta-oljytty-kirsikkapuu-465x235mm\\\/#breadcrumb\"},\"inLanguage\":\"fi\",\"potentialAction\":[{\"@type\":\"ReadAction\",\"target\":[\"https:\\\/\\\/rodoaed.ee\\\/fi\\\/toode\\\/leikkuulauta-oljytty-kirsikkapuu-465x235mm\\\/\"]}]},{\"@type\":\"ImageObject\",\"inLanguage\":\"fi\",\"@id\":\"https:\\\/\\\/rodoaed.ee\\\/fi\\\/toode\\\/leikkuulauta-oljytty-kirsikkapuu-465x235mm\\\/#primaryimage\",\"url\":\"https:\\\/\\\/rodoaed.ee\\\/wp-content\\\/uploads\\\/2021\\\/03\\\/Loikelaud_kirsipuu_9265.465.02_1.jpg\",\"contentUrl\":\"https:\\\/\\\/rodoaed.ee\\\/wp-content\\\/uploads\\\/2021\\\/03\\\/Loikelaud_kirsipuu_9265.465.02_1.jpg\",\"width\":800,\"height\":533,\"caption\":\"Leikkuulauta\"},{\"@type\":\"BreadcrumbList\",\"@id\":\"https:\\\/\\\/rodoaed.ee\\\/fi\\\/toode\\\/leikkuulauta-oljytty-kirsikkapuu-465x235mm\\\/#breadcrumb\",\"itemListElement\":[{\"@type\":\"ListItem\",\"position\":1,\"name\":\"Home\",\"item\":\"https:\\\/\\\/rodoaed.ee\\\/fi\\\/\"},{\"@type\":\"ListItem\",\"position\":2,\"name\":\"Osta osoitteessa\",\"item\":\"https:\\\/\\\/rodoaed.ee\\\/osta-osoitteessa\\\/\"},{\"@type\":\"ListItem\",\"position\":3,\"name\":\"Leikkuulauta \u00f6ljytty kirsikkapuu 465x235mm\"}]},{\"@type\":\"WebSite\",\"@id\":\"https:\\\/\\\/rodoaed.ee\\\/#website\",\"url\":\"https:\\\/\\\/rodoaed.ee\\\/\",\"name\":\"Rodoaed\",\"description\":\"\",\"publisher\":{\"@id\":\"https:\\\/\\\/rodoaed.ee\\\/#organization\"},\"potentialAction\":[{\"@type\":\"SearchAction\",\"target\":{\"@type\":\"EntryPoint\",\"urlTemplate\":\"https:\\\/\\\/rodoaed.ee\\\/?s={search_term_string}\"},\"query-input\":{\"@type\":\"PropertyValueSpecification\",\"valueRequired\":true,\"valueName\":\"search_term_string\"}}],\"inLanguage\":\"fi\"},{\"@type\":\"Organization\",\"@id\":\"https:\\\/\\\/rodoaed.ee\\\/#organization\",\"name\":\"Rodoaed\",\"url\":\"https:\\\/\\\/rodoaed.ee\\\/\",\"logo\":{\"@type\":\"ImageObject\",\"inLanguage\":\"fi\",\"@id\":\"https:\\\/\\\/rodoaed.ee\\\/#\\\/schema\\\/logo\\\/image\\\/\",\"url\":\"https:\\\/\\\/rodoaed.ee\\\/wp-content\\\/uploads\\\/2019\\\/11\\\/rodoaed-logo-ilma-taustata.jpg\",\"contentUrl\":\"https:\\\/\\\/rodoaed.ee\\\/wp-content\\\/uploads\\\/2019\\\/11\\\/rodoaed-logo-ilma-taustata.jpg\",\"width\":769,\"height\":268,\"caption\":\"Rodoaed\"},\"image\":{\"@id\":\"https:\\\/\\\/rodoaed.ee\\\/#\\\/schema\\\/logo\\\/image\\\/\"},\"sameAs\":[\"https:\\\/\\\/www.facebook.com\\\/kasvuhooned\\\/\",\"https:\\\/\\\/rodoaed.ee\"]}]}<\/script>\n<!-- \/ Yoast SEO Premium plugin. -->","yoast_head_json":{"title":"Leikkuulauta \u00f6ljytty kirsikkapuu 465x235mm - Rodoaed","description":"Rober Herder -keitti\u00f6veitsi on maailman tunnetuin ja k\u00e4yt\u00e4nn\u00f6llisin monitoimiveitsi ja vihannesten kuorimaveitsi. Keitti\u00f6veitsi kirsikkapuukahvalla","robots":{"index":"index","follow":"follow","max-snippet":"max-snippet:-1","max-image-preview":"max-image-preview:large","max-video-preview":"max-video-preview:-1"},"canonical":"https:\/\/rodoaed.ee\/fi\/toode\/leikkuulauta-oljytty-kirsikkapuu-465x235mm\/","og_locale":"fi_FI","og_type":"article","og_title":"Leikkuulauta \u00f6ljytty kirsikkapuu 465x235mm","og_description":"Paras leikkuulauta laatuveitsille. H\u00f6yrytetty\u00e4 kirsikkapuuta, \u00f6ljytty. Laadukas leikkuulauta sopii parhaiten yhteen laadukkaan keitti\u00f6n ty\u00f6tason kanssa.","og_url":"https:\/\/rodoaed.ee\/fi\/toode\/leikkuulauta-oljytty-kirsikkapuu-465x235mm\/","og_site_name":"Rodoaed","article_publisher":"https:\/\/www.facebook.com\/kasvuhooned\/","article_modified_time":"2026-04-13T07:51:12+00:00","og_image":[{"width":800,"height":533,"url":"https:\/\/rodoaed.ee\/wp-content\/uploads\/2021\/03\/Loikelaud_kirsipuu_9265.465.02_1.jpg","type":"image\/jpeg"}],"twitter_card":"summary_large_image","twitter_misc":{"Arvioitu lukuaika":"1 minuutti"},"schema":{"@context":"https:\/\/schema.org","@graph":[{"@type":"WebPage","@id":"https:\/\/rodoaed.ee\/fi\/toode\/leikkuulauta-oljytty-kirsikkapuu-465x235mm\/","url":"https:\/\/rodoaed.ee\/fi\/toode\/leikkuulauta-oljytty-kirsikkapuu-465x235mm\/","name":"Leikkuulauta \u00f6ljytty kirsikkapuu 465x235mm - Rodoaed","isPartOf":{"@id":"https:\/\/rodoaed.ee\/#website"},"primaryImageOfPage":{"@id":"https:\/\/rodoaed.ee\/fi\/toode\/leikkuulauta-oljytty-kirsikkapuu-465x235mm\/#primaryimage"},"image":{"@id":"https:\/\/rodoaed.ee\/fi\/toode\/leikkuulauta-oljytty-kirsikkapuu-465x235mm\/#primaryimage"},"thumbnailUrl":"https:\/\/rodoaed.ee\/wp-content\/uploads\/2021\/03\/Loikelaud_kirsipuu_9265.465.02_1.jpg","datePublished":"2021-03-25T11:44:11+00:00","dateModified":"2026-04-13T07:51:12+00:00","description":"Rober Herder -keitti\u00f6veitsi on maailman tunnetuin ja k\u00e4yt\u00e4nn\u00f6llisin monitoimiveitsi ja vihannesten kuorimaveitsi. Keitti\u00f6veitsi kirsikkapuukahvalla","breadcrumb":{"@id":"https:\/\/rodoaed.ee\/fi\/toode\/leikkuulauta-oljytty-kirsikkapuu-465x235mm\/#breadcrumb"},"inLanguage":"fi","potentialAction":[{"@type":"ReadAction","target":["https:\/\/rodoaed.ee\/fi\/toode\/leikkuulauta-oljytty-kirsikkapuu-465x235mm\/"]}]},{"@type":"ImageObject","inLanguage":"fi","@id":"https:\/\/rodoaed.ee\/fi\/toode\/leikkuulauta-oljytty-kirsikkapuu-465x235mm\/#primaryimage","url":"https:\/\/rodoaed.ee\/wp-content\/uploads\/2021\/03\/Loikelaud_kirsipuu_9265.465.02_1.jpg","contentUrl":"https:\/\/rodoaed.ee\/wp-content\/uploads\/2021\/03\/Loikelaud_kirsipuu_9265.465.02_1.jpg","width":800,"height":533,"caption":"Leikkuulauta"},{"@type":"BreadcrumbList","@id":"https:\/\/rodoaed.ee\/fi\/toode\/leikkuulauta-oljytty-kirsikkapuu-465x235mm\/#breadcrumb","itemListElement":[{"@type":"ListItem","position":1,"name":"Home","item":"https:\/\/rodoaed.ee\/fi\/"},{"@type":"ListItem","position":2,"name":"Osta osoitteessa","item":"https:\/\/rodoaed.ee\/osta-osoitteessa\/"},{"@type":"ListItem","position":3,"name":"Leikkuulauta \u00f6ljytty kirsikkapuu 465x235mm"}]},{"@type":"WebSite","@id":"https:\/\/rodoaed.ee\/#website","url":"https:\/\/rodoaed.ee\/","name":"Rodoaed","description":"","publisher":{"@id":"https:\/\/rodoaed.ee\/#organization"},"potentialAction":[{"@type":"SearchAction","target":{"@type":"EntryPoint","urlTemplate":"https:\/\/rodoaed.ee\/?s={search_term_string}"},"query-input":{"@type":"PropertyValueSpecification","valueRequired":true,"valueName":"search_term_string"}}],"inLanguage":"fi"},{"@type":"Organization","@id":"https:\/\/rodoaed.ee\/#organization","name":"Rodoaed","url":"https:\/\/rodoaed.ee\/","logo":{"@type":"ImageObject","inLanguage":"fi","@id":"https:\/\/rodoaed.ee\/#\/schema\/logo\/image\/","url":"https:\/\/rodoaed.ee\/wp-content\/uploads\/2019\/11\/rodoaed-logo-ilma-taustata.jpg","contentUrl":"https:\/\/rodoaed.ee\/wp-content\/uploads\/2019\/11\/rodoaed-logo-ilma-taustata.jpg","width":769,"height":268,"caption":"Rodoaed"},"image":{"@id":"https:\/\/rodoaed.ee\/#\/schema\/logo\/image\/"},"sameAs":["https:\/\/www.facebook.com\/kasvuhooned\/","https:\/\/rodoaed.ee"]}]}},"_links":{"self":[{"href":"https:\/\/rodoaed.ee\/fi\/wp-json\/wp\/v2\/product\/52681","targetHints":{"allow":["GET"]}}],"collection":[{"href":"https:\/\/rodoaed.ee\/fi\/wp-json\/wp\/v2\/product"}],"about":[{"href":"https:\/\/rodoaed.ee\/fi\/wp-json\/wp\/v2\/types\/product"}],"wp:featuredmedia":[{"embeddable":true,"href":"https:\/\/rodoaed.ee\/fi\/wp-json\/wp\/v2\/media\/36972"}],"wp:attachment":[{"href":"https:\/\/rodoaed.ee\/fi\/wp-json\/wp\/v2\/media?parent=52681"}],"wp:term":[{"taxonomy":"product_brand","embeddable":true,"href":"https:\/\/rodoaed.ee\/fi\/wp-json\/wp\/v2\/product_brand?post=52681"},{"taxonomy":"product_cat","embeddable":true,"href":"https:\/\/rodoaed.ee\/fi\/wp-json\/wp\/v2\/product_cat?post=52681"},{"taxonomy":"product_tag","embeddable":true,"href":"https:\/\/rodoaed.ee\/fi\/wp-json\/wp\/v2\/product_tag?post=52681"}],"curies":[{"name":"wp","href":"https:\/\/api.w.org\/{rel}","templated":true}]}}