{"id":52684,"date":"2021-03-22T13:57:43","date_gmt":"2021-03-22T11:57:43","guid":{"rendered":"https:\/\/rodoaed.ee\/toode\/talvipuutarha-royal-45x60m-ral-jauhemaalattu-valkoinen\/"},"modified":"2026-04-13T10:51:13","modified_gmt":"2026-04-13T07:51:13","slug":"talvipuutarha-royal-45x60m-ral-jauhemaalattu-valkoinen","status":"publish","type":"product","link":"https:\/\/rodoaed.ee\/fi\/tuote\/talvipuutarha-royal-45x60m-ral-jauhemaalattu-valkoinen\/","title":{"rendered":"Talvipuutarha Royal 4,5\u00d76,0m RAL jauhemaalattu valkoinen"},"content":{"rendered":"<h2>Talvipuutarhan mitat<\/h2>\n<p>Talvihuoneen leveys on 457 cm ja pituus 604 cm &#8211; 830 cm. Sivusein\u00e4n korkeus 13 cm:n pohjakehyksell\u00e4 on 215 cm ja katon harjan korkeus 377 cm. Talvihuoneen mukana tulee jo pohjakehys. Mukana tulee my\u00f6s kunnon alumiiniset alaslaskuputket.   <\/p>\n<p>Voimme my\u00f6s tehd\u00e4 erikoistilauksia tietyiss\u00e4 rajoissa. Esimerkiksi avoimella julkisivulla, jolloin konservatorio voidaan rakentaa rakennuksen julkisivuun ja sis\u00e4\u00e4nk\u00e4ynti on suoraan olohuoneesta. Talvihuoneen sein\u00e4n korkeutta voidaan tarvittaessa korottaa. Ilmoita meille toiveesi.   <\/p>\n<p><strong>Oheinen kuva on havainnollistava ja saattaa poiketa yksityiskohdiltaan vakiopaketista.<\/strong><\/p>\n<h2>Talvipuutarhan ovet<\/h2>\n<p>Mukana yksi leve\u00e4 pariliukuovi 2 x 140 cm ja yksi pariliukuovi 2 x 70 cm. Ovissa on lukot. Katossa on viktoriaaninen harjakoriste. Katossa on 4 kattoikkunaa.   <\/p>\n<h2>Polykarbonaatti tai lasi<\/h2>\n<p>Talvihuone on vakiona p\u00e4\u00e4llystetty 4 mm:n karkaistulla lasilla, mutta voit halutessasi tilata kattoon 8 mm:n polykarbonaattia ja seiniin lasia. Polykarbonaatin No-Drop-pinnoite est\u00e4\u00e4 kondenssiveden muodostumista ja parantaa l\u00e4pin\u00e4kyvyytt\u00e4. Katon polykarbonaatti suojaa paahtavalta kes\u00e4auringolta ja takaa tasaisemman valon ja l\u00e4mp\u00f6tilan sis\u00e4ll\u00e4.  <\/p>\n<h2>Konservatorion aluskehys<\/h2>\n<p>Tukeva alumiininen runko antaa talvihuoneelle suuremman vakauden ja helpottaa kokoamista huomattavasti. Runko on valmistettu vahvasta karppiprofiilista ja se on noin 13 cm korkea. Peruskehyksess\u00e4 on ankkurointitapit, jotka voidaan kaivaa maahan tai valaa sekaan. N\u00e4in ollen sit\u00e4 voidaan k\u00e4ytt\u00e4\u00e4 erillisen perustuksen korvikkeena.   <\/p>\n<h2>RAL maalattu runko<\/h2>\n<p>Talvihuone on jo saatavana pulverimaalattuna RAL-v\u00e4reiss\u00e4 (9010, 6005, 6009, 7016, 1013, 3004, 3011, 9005, 6013 ja 1019).<\/p>\n<p>T\u00e4t\u00e4 mallia on k\u00e4ytetty k\u00e4yt\u00e4nn\u00f6ss\u00e4 perheen ruokailu- ja kokoontumispaikkana, kasvien kasvihuoneena ja ammattivalokuvaajien valokuvausstudiona luonnonvalon hy\u00f6dynt\u00e4miseksi.<\/p>\n<p><a href=\"https:\/\/www.rodoaed.ee\/wp-content\/uploads\/2012\/02\/royal.pdf\" target=\"_blank\" rel=\"noopener noreferrer\">Kokoonpano-ohjeet<\/a><\/p>\n<p><a href=\"https:\/\/rodoaed.ee\/fi\/\">kotisivu<\/a> <a href=\"https:\/\/rodoaed.ee\/tootekategooria\/kasvuhooned-ja-talveaiad\/\">k\u00e4ynnist\u00e4<\/a> <a href=\"https:\/\/rodoaed.ee\/fi\/tootekategooria\/euro-serren-talvipuutarhat\/\">konservatoriot<\/a><\/p>\n<p>&nbsp;<\/p>\n","protected":false},"excerpt":{"rendered":"<p>Talvipuutarhan mitat Talvihuoneen leveys on 457 cm ja pituus 604 cm &#8211; 830 cm. Sivusein\u00e4n korkeus 13 cm:n pohjakehyksell\u00e4 on 215 cm ja katon harjan korkeus 377 cm. Talvihuoneen mukana tulee jo pohjakehys. Mukana tulee my\u00f6s kunnon alumiiniset alaslaskuputket. Voimme my\u00f6s tehd\u00e4 erikoistilauksia tietyiss\u00e4 rajoissa. Esimerkiksi avoimella julkisivulla, jolloin konservatorio voidaan rakentaa rakennuksen julkisivuun ja sis\u00e4\u00e4nk\u00e4ynti on suoraan olohuoneesta. Talvihuoneen sein\u00e4n korkeutta voidaan tarvittaessa korottaa&#8230;.<\/p>\n","protected":false},"featured_media":18750,"template":"","meta":{"_acf_changed":false},"product_brand":[],"product_cat":[1828,1840],"product_tag":[],"class_list":{"0":"post-52684","1":"product","2":"type-product","3":"status-publish","4":"has-post-thumbnail","6":"product_cat-euro-serren-talvipuutarhat","7":"product_cat-winter-garden-royal","8":"pa_variatsioon-talvipuutarha-royal-45x60m-ral-jauhemaalattu","10":"first","11":"instock","12":"taxable","13":"shipping-taxable","14":"purchasable","15":"product-type-simple"},"acf":[],"yoast_head":"<!-- This site is optimized with the Yoast SEO Premium plugin v27.3 (Yoast SEO v27.3) - https:\/\/yoast.com\/product\/yoast-seo-premium-wordpress\/ -->\n<title>Talvipuutarha Royal 4,5\u00d76,0m RAL jauhemaalattu valkoinen - Rodoaed<\/title>\n<meta name=\"robots\" content=\"index, follow, max-snippet:-1, max-image-preview:large, max-video-preview:-1\" \/>\n<link rel=\"canonical\" href=\"https:\/\/rodoaed.ee\/fi\/toode\/talvipuutarha-royal-45x60m-ral-jauhemaalattu-valkoinen\/\" \/>\n<meta property=\"og:locale\" content=\"fi_FI\" \/>\n<meta property=\"og:type\" content=\"article\" \/>\n<meta property=\"og:title\" content=\"Talvipuutarha Royal 4,5\u00d76,0m RAL jauhemaalattu valkoinen\" \/>\n<meta property=\"og:description\" content=\"Talvipuutarhan mitat Talvihuoneen leveys on 457 cm ja pituus 604 cm - 830 cm. Sivusein\u00e4n korkeus 13 cm:n pohjakehyksell\u00e4 on 215 cm ja katon harjan korkeus\" \/>\n<meta property=\"og:url\" content=\"https:\/\/rodoaed.ee\/fi\/toode\/talvipuutarha-royal-45x60m-ral-jauhemaalattu-valkoinen\/\" \/>\n<meta property=\"og:site_name\" content=\"Rodoaed\" \/>\n<meta property=\"article:publisher\" content=\"https:\/\/www.facebook.com\/kasvuhooned\/\" \/>\n<meta property=\"article:modified_time\" content=\"2026-04-13T07:51:13+00:00\" \/>\n<meta property=\"og:image\" content=\"https:\/\/rodoaed.ee\/wp-content\/uploads\/2019\/07\/kasvuhoone-talveaed-royal-1.jpg\" \/>\n\t<meta property=\"og:image:width\" content=\"800\" \/>\n\t<meta property=\"og:image:height\" content=\"533\" \/>\n\t<meta property=\"og:image:type\" content=\"image\/jpeg\" \/>\n<meta name=\"twitter:card\" content=\"summary_large_image\" \/>\n<meta name=\"twitter:label1\" content=\"Arvioitu lukuaika\" \/>\n\t<meta name=\"twitter:data1\" content=\"1 minuutti\" \/>\n<script type=\"application\/ld+json\" class=\"yoast-schema-graph\">{\"@context\":\"https:\\\/\\\/schema.org\",\"@graph\":[{\"@type\":\"WebPage\",\"@id\":\"https:\\\/\\\/rodoaed.ee\\\/fi\\\/toode\\\/talvipuutarha-royal-45x60m-ral-jauhemaalattu-valkoinen\\\/\",\"url\":\"https:\\\/\\\/rodoaed.ee\\\/fi\\\/toode\\\/talvipuutarha-royal-45x60m-ral-jauhemaalattu-valkoinen\\\/\",\"name\":\"Talvipuutarha Royal 4,5\u00d76,0m RAL jauhemaalattu valkoinen - Rodoaed\",\"isPartOf\":{\"@id\":\"https:\\\/\\\/rodoaed.ee\\\/#website\"},\"primaryImageOfPage\":{\"@id\":\"https:\\\/\\\/rodoaed.ee\\\/fi\\\/toode\\\/talvipuutarha-royal-45x60m-ral-jauhemaalattu-valkoinen\\\/#primaryimage\"},\"image\":{\"@id\":\"https:\\\/\\\/rodoaed.ee\\\/fi\\\/toode\\\/talvipuutarha-royal-45x60m-ral-jauhemaalattu-valkoinen\\\/#primaryimage\"},\"thumbnailUrl\":\"https:\\\/\\\/rodoaed.ee\\\/wp-content\\\/uploads\\\/2019\\\/07\\\/kasvuhoone-talveaed-royal-1.jpg\",\"datePublished\":\"2021-03-22T11:57:43+00:00\",\"dateModified\":\"2026-04-13T07:51:13+00:00\",\"breadcrumb\":{\"@id\":\"https:\\\/\\\/rodoaed.ee\\\/fi\\\/toode\\\/talvipuutarha-royal-45x60m-ral-jauhemaalattu-valkoinen\\\/#breadcrumb\"},\"inLanguage\":\"fi\",\"potentialAction\":[{\"@type\":\"ReadAction\",\"target\":[\"https:\\\/\\\/rodoaed.ee\\\/fi\\\/toode\\\/talvipuutarha-royal-45x60m-ral-jauhemaalattu-valkoinen\\\/\"]}]},{\"@type\":\"ImageObject\",\"inLanguage\":\"fi\",\"@id\":\"https:\\\/\\\/rodoaed.ee\\\/fi\\\/toode\\\/talvipuutarha-royal-45x60m-ral-jauhemaalattu-valkoinen\\\/#primaryimage\",\"url\":\"https:\\\/\\\/rodoaed.ee\\\/wp-content\\\/uploads\\\/2019\\\/07\\\/kasvuhoone-talveaed-royal-1.jpg\",\"contentUrl\":\"https:\\\/\\\/rodoaed.ee\\\/wp-content\\\/uploads\\\/2019\\\/07\\\/kasvuhoone-talveaed-royal-1.jpg\",\"width\":800,\"height\":533},{\"@type\":\"BreadcrumbList\",\"@id\":\"https:\\\/\\\/rodoaed.ee\\\/fi\\\/toode\\\/talvipuutarha-royal-45x60m-ral-jauhemaalattu-valkoinen\\\/#breadcrumb\",\"itemListElement\":[{\"@type\":\"ListItem\",\"position\":1,\"name\":\"Home\",\"item\":\"https:\\\/\\\/rodoaed.ee\\\/fi\\\/\"},{\"@type\":\"ListItem\",\"position\":2,\"name\":\"Osta osoitteessa\",\"item\":\"https:\\\/\\\/rodoaed.ee\\\/osta-osoitteessa\\\/\"},{\"@type\":\"ListItem\",\"position\":3,\"name\":\"Talvipuutarha Royal 4,5\u00d76,0m RAL jauhemaalattu valkoinen\"}]},{\"@type\":\"WebSite\",\"@id\":\"https:\\\/\\\/rodoaed.ee\\\/#website\",\"url\":\"https:\\\/\\\/rodoaed.ee\\\/\",\"name\":\"Rodoaed\",\"description\":\"\",\"publisher\":{\"@id\":\"https:\\\/\\\/rodoaed.ee\\\/#organization\"},\"potentialAction\":[{\"@type\":\"SearchAction\",\"target\":{\"@type\":\"EntryPoint\",\"urlTemplate\":\"https:\\\/\\\/rodoaed.ee\\\/?s={search_term_string}\"},\"query-input\":{\"@type\":\"PropertyValueSpecification\",\"valueRequired\":true,\"valueName\":\"search_term_string\"}}],\"inLanguage\":\"fi\"},{\"@type\":\"Organization\",\"@id\":\"https:\\\/\\\/rodoaed.ee\\\/#organization\",\"name\":\"Rodoaed\",\"url\":\"https:\\\/\\\/rodoaed.ee\\\/\",\"logo\":{\"@type\":\"ImageObject\",\"inLanguage\":\"fi\",\"@id\":\"https:\\\/\\\/rodoaed.ee\\\/#\\\/schema\\\/logo\\\/image\\\/\",\"url\":\"https:\\\/\\\/rodoaed.ee\\\/wp-content\\\/uploads\\\/2019\\\/11\\\/rodoaed-logo-ilma-taustata.jpg\",\"contentUrl\":\"https:\\\/\\\/rodoaed.ee\\\/wp-content\\\/uploads\\\/2019\\\/11\\\/rodoaed-logo-ilma-taustata.jpg\",\"width\":769,\"height\":268,\"caption\":\"Rodoaed\"},\"image\":{\"@id\":\"https:\\\/\\\/rodoaed.ee\\\/#\\\/schema\\\/logo\\\/image\\\/\"},\"sameAs\":[\"https:\\\/\\\/www.facebook.com\\\/kasvuhooned\\\/\",\"https:\\\/\\\/rodoaed.ee\"]}]}<\/script>\n<!-- \/ Yoast SEO Premium plugin. -->","yoast_head_json":{"title":"Talvipuutarha Royal 4,5\u00d76,0m RAL jauhemaalattu valkoinen - Rodoaed","robots":{"index":"index","follow":"follow","max-snippet":"max-snippet:-1","max-image-preview":"max-image-preview:large","max-video-preview":"max-video-preview:-1"},"canonical":"https:\/\/rodoaed.ee\/fi\/toode\/talvipuutarha-royal-45x60m-ral-jauhemaalattu-valkoinen\/","og_locale":"fi_FI","og_type":"article","og_title":"Talvipuutarha Royal 4,5\u00d76,0m RAL jauhemaalattu valkoinen","og_description":"Talvipuutarhan mitat Talvihuoneen leveys on 457 cm ja pituus 604 cm - 830 cm. Sivusein\u00e4n korkeus 13 cm:n pohjakehyksell\u00e4 on 215 cm ja katon harjan korkeus","og_url":"https:\/\/rodoaed.ee\/fi\/toode\/talvipuutarha-royal-45x60m-ral-jauhemaalattu-valkoinen\/","og_site_name":"Rodoaed","article_publisher":"https:\/\/www.facebook.com\/kasvuhooned\/","article_modified_time":"2026-04-13T07:51:13+00:00","og_image":[{"width":800,"height":533,"url":"https:\/\/rodoaed.ee\/wp-content\/uploads\/2019\/07\/kasvuhoone-talveaed-royal-1.jpg","type":"image\/jpeg"}],"twitter_card":"summary_large_image","twitter_misc":{"Arvioitu lukuaika":"1 minuutti"},"schema":{"@context":"https:\/\/schema.org","@graph":[{"@type":"WebPage","@id":"https:\/\/rodoaed.ee\/fi\/toode\/talvipuutarha-royal-45x60m-ral-jauhemaalattu-valkoinen\/","url":"https:\/\/rodoaed.ee\/fi\/toode\/talvipuutarha-royal-45x60m-ral-jauhemaalattu-valkoinen\/","name":"Talvipuutarha Royal 4,5\u00d76,0m RAL jauhemaalattu valkoinen - Rodoaed","isPartOf":{"@id":"https:\/\/rodoaed.ee\/#website"},"primaryImageOfPage":{"@id":"https:\/\/rodoaed.ee\/fi\/toode\/talvipuutarha-royal-45x60m-ral-jauhemaalattu-valkoinen\/#primaryimage"},"image":{"@id":"https:\/\/rodoaed.ee\/fi\/toode\/talvipuutarha-royal-45x60m-ral-jauhemaalattu-valkoinen\/#primaryimage"},"thumbnailUrl":"https:\/\/rodoaed.ee\/wp-content\/uploads\/2019\/07\/kasvuhoone-talveaed-royal-1.jpg","datePublished":"2021-03-22T11:57:43+00:00","dateModified":"2026-04-13T07:51:13+00:00","breadcrumb":{"@id":"https:\/\/rodoaed.ee\/fi\/toode\/talvipuutarha-royal-45x60m-ral-jauhemaalattu-valkoinen\/#breadcrumb"},"inLanguage":"fi","potentialAction":[{"@type":"ReadAction","target":["https:\/\/rodoaed.ee\/fi\/toode\/talvipuutarha-royal-45x60m-ral-jauhemaalattu-valkoinen\/"]}]},{"@type":"ImageObject","inLanguage":"fi","@id":"https:\/\/rodoaed.ee\/fi\/toode\/talvipuutarha-royal-45x60m-ral-jauhemaalattu-valkoinen\/#primaryimage","url":"https:\/\/rodoaed.ee\/wp-content\/uploads\/2019\/07\/kasvuhoone-talveaed-royal-1.jpg","contentUrl":"https:\/\/rodoaed.ee\/wp-content\/uploads\/2019\/07\/kasvuhoone-talveaed-royal-1.jpg","width":800,"height":533},{"@type":"BreadcrumbList","@id":"https:\/\/rodoaed.ee\/fi\/toode\/talvipuutarha-royal-45x60m-ral-jauhemaalattu-valkoinen\/#breadcrumb","itemListElement":[{"@type":"ListItem","position":1,"name":"Home","item":"https:\/\/rodoaed.ee\/fi\/"},{"@type":"ListItem","position":2,"name":"Osta osoitteessa","item":"https:\/\/rodoaed.ee\/osta-osoitteessa\/"},{"@type":"ListItem","position":3,"name":"Talvipuutarha Royal 4,5\u00d76,0m RAL jauhemaalattu valkoinen"}]},{"@type":"WebSite","@id":"https:\/\/rodoaed.ee\/#website","url":"https:\/\/rodoaed.ee\/","name":"Rodoaed","description":"","publisher":{"@id":"https:\/\/rodoaed.ee\/#organization"},"potentialAction":[{"@type":"SearchAction","target":{"@type":"EntryPoint","urlTemplate":"https:\/\/rodoaed.ee\/?s={search_term_string}"},"query-input":{"@type":"PropertyValueSpecification","valueRequired":true,"valueName":"search_term_string"}}],"inLanguage":"fi"},{"@type":"Organization","@id":"https:\/\/rodoaed.ee\/#organization","name":"Rodoaed","url":"https:\/\/rodoaed.ee\/","logo":{"@type":"ImageObject","inLanguage":"fi","@id":"https:\/\/rodoaed.ee\/#\/schema\/logo\/image\/","url":"https:\/\/rodoaed.ee\/wp-content\/uploads\/2019\/11\/rodoaed-logo-ilma-taustata.jpg","contentUrl":"https:\/\/rodoaed.ee\/wp-content\/uploads\/2019\/11\/rodoaed-logo-ilma-taustata.jpg","width":769,"height":268,"caption":"Rodoaed"},"image":{"@id":"https:\/\/rodoaed.ee\/#\/schema\/logo\/image\/"},"sameAs":["https:\/\/www.facebook.com\/kasvuhooned\/","https:\/\/rodoaed.ee"]}]}},"_links":{"self":[{"href":"https:\/\/rodoaed.ee\/fi\/wp-json\/wp\/v2\/product\/52684","targetHints":{"allow":["GET"]}}],"collection":[{"href":"https:\/\/rodoaed.ee\/fi\/wp-json\/wp\/v2\/product"}],"about":[{"href":"https:\/\/rodoaed.ee\/fi\/wp-json\/wp\/v2\/types\/product"}],"wp:featuredmedia":[{"embeddable":true,"href":"https:\/\/rodoaed.ee\/fi\/wp-json\/wp\/v2\/media\/18750"}],"wp:attachment":[{"href":"https:\/\/rodoaed.ee\/fi\/wp-json\/wp\/v2\/media?parent=52684"}],"wp:term":[{"taxonomy":"product_brand","embeddable":true,"href":"https:\/\/rodoaed.ee\/fi\/wp-json\/wp\/v2\/product_brand?post=52684"},{"taxonomy":"product_cat","embeddable":true,"href":"https:\/\/rodoaed.ee\/fi\/wp-json\/wp\/v2\/product_cat?post=52684"},{"taxonomy":"product_tag","embeddable":true,"href":"https:\/\/rodoaed.ee\/fi\/wp-json\/wp\/v2\/product_tag?post=52684"}],"curies":[{"name":"wp","href":"https:\/\/api.w.org\/{rel}","templated":true}]}}