{"id":52685,"date":"2021-04-26T17:03:19","date_gmt":"2021-04-26T14:03:19","guid":{"rendered":"https:\/\/rodoaed.ee\/toode\/metalliset-pidikkeet-berberis-40-60-ja-80-kasviastioille\/"},"modified":"2026-04-13T10:51:14","modified_gmt":"2026-04-13T07:51:14","slug":"metalliset-pidikkeet-berberis-40-60-ja-80-kasviastioille","status":"publish","type":"product","link":"https:\/\/rodoaed.ee\/fi\/tuote\/metalliset-pidikkeet-berberis-40-60-ja-80-kasviastioille\/","title":{"rendered":"Metalliset pidikkeet Berberis 40, 60 ja 80 -kasviastioille."},"content":{"rendered":"<h3>Metallipidikkeet Berberis 60 ja 80 -kasviastioiden ripustamiseen parvekkeen reunaan tai kaiteeseen.<\/h3>\n<p>Aidan enimm\u00e4isleveys, johon voit ripustaa, on 5,5 cm. Pakkaus 2 kpl. <\/p>\n<p>&nbsp;<\/p>\n<p><a href=\"https:\/\/rodoaed.ee\/fi\/\">kotisivu<\/a> <a href=\"https:\/\/rodoaed.ee\/tootekategooria\/kasvuhooned-ja-talveaiad\/\">k\u00e4ynnist\u00e4<\/a> <a href=\"https:\/\/rodoaed.ee\/tootekategooria\/kasvuhooned-ja-talveaiad\/kasvuhoone-lisavarustus\/\">tarvikkeet<\/a> <a href=\"https:\/\/rodoaed.ee\/tootekategooria\/kasvuhooned-ja-talveaiad\/kasvuhoone-lisavarustus\/kasvuhoone-tarvikud\/\">tarvikkeet<\/a><\/p>\n<div>\n<div><\/div>\n<\/div>\n","protected":false},"excerpt":{"rendered":"<p>Metallipidikkeet Berberis 60 ja 80 -kasviastioiden ripustamiseen parvekkeen reunaan tai kaiteeseen. Aidan enimm\u00e4isleveys, johon voit ripustaa, on 5,5 cm. Pakkaus 2 kpl. &nbsp; kotisivu k\u00e4ynnist\u00e4 tarvikkeet tarvikkeet<\/p>\n","protected":false},"featured_media":37411,"template":"","meta":{"_acf_changed":false},"product_brand":[],"product_cat":[1780,1788,1752,1784],"product_tag":[],"class_list":{"0":"post-52685","1":"product","2":"type-product","3":"status-publish","4":"has-post-thumbnail","6":"product_cat-kasviastiat-berberis-60-ja-80","7":"product_cat-kukkaruukut-ja-kasviastiat","8":"product_cat-puutarha-ja-piha","9":"product_cat-thaimaalaiset-sailiot-berberis-40","10":"product_shipping_class-toimitus-1-3-tyopaivan-kuluessa","11":"pa_variatsioon-kasvatussailio-16l2l-jossa-on-vesisailio-ja-kehys","13":"first","14":"instock","15":"sale","16":"taxable","17":"shipping-taxable","18":"purchasable","19":"product-type-simple"},"acf":[],"yoast_head":"<!-- This site is optimized with the Yoast SEO Premium plugin v27.3 (Yoast SEO v27.3) - https:\/\/yoast.com\/product\/yoast-seo-premium-wordpress\/ -->\n<title>Metalliset pidikkeet Berberis 40, 60 ja 80 -kasviastioille. - Rodoaed<\/title>\n<meta name=\"description\" content=\"Kasvien kasvuastia. S\u00e4ili\u00f6n alla on kastelus\u00e4ili\u00f6, josta kasvit voivat ime\u00e4 juurineen sopivan m\u00e4\u00e4r\u00e4n vett\u00e4.\" \/>\n<meta name=\"robots\" content=\"index, follow, max-snippet:-1, max-image-preview:large, max-video-preview:-1\" \/>\n<link rel=\"canonical\" href=\"https:\/\/rodoaed.ee\/fi\/toode\/metalliset-pidikkeet-berberis-40-60-ja-80-kasviastioille\/\" \/>\n<meta property=\"og:locale\" content=\"fi_FI\" \/>\n<meta property=\"og:type\" content=\"article\" \/>\n<meta property=\"og:title\" content=\"Metalliset pidikkeet Berberis 40, 60 ja 80 -kasviastioille.\" \/>\n<meta property=\"og:description\" content=\"Metallipidikkeet Berberis 60 ja 80 -kasviastioiden ripustamiseen parvekkeen reunaan tai kaiteeseen. Aidan enimm\u00e4isleveys, johon voit ripustaa, on 5,5 cm.\" \/>\n<meta property=\"og:url\" content=\"https:\/\/rodoaed.ee\/fi\/toode\/metalliset-pidikkeet-berberis-40-60-ja-80-kasviastioille\/\" \/>\n<meta property=\"og:site_name\" content=\"Rodoaed\" \/>\n<meta property=\"article:publisher\" content=\"https:\/\/www.facebook.com\/kasvuhooned\/\" \/>\n<meta property=\"article:modified_time\" content=\"2026-04-13T07:51:14+00:00\" \/>\n<meta property=\"og:image\" content=\"https:\/\/rodoaed.ee\/wp-content\/uploads\/2021\/04\/Metallklambrid_Berberis-60-ja-80_1.png\" \/>\n\t<meta property=\"og:image:width\" content=\"1042\" \/>\n\t<meta property=\"og:image:height\" content=\"708\" \/>\n\t<meta property=\"og:image:type\" content=\"image\/png\" \/>\n<meta name=\"twitter:card\" content=\"summary_large_image\" \/>\n<script type=\"application\/ld+json\" class=\"yoast-schema-graph\">{\"@context\":\"https:\\\/\\\/schema.org\",\"@graph\":[{\"@type\":\"WebPage\",\"@id\":\"https:\\\/\\\/rodoaed.ee\\\/fi\\\/toode\\\/metalliset-pidikkeet-berberis-40-60-ja-80-kasviastioille\\\/\",\"url\":\"https:\\\/\\\/rodoaed.ee\\\/fi\\\/toode\\\/metalliset-pidikkeet-berberis-40-60-ja-80-kasviastioille\\\/\",\"name\":\"Metalliset pidikkeet Berberis 40, 60 ja 80 -kasviastioille. - Rodoaed\",\"isPartOf\":{\"@id\":\"https:\\\/\\\/rodoaed.ee\\\/#website\"},\"primaryImageOfPage\":{\"@id\":\"https:\\\/\\\/rodoaed.ee\\\/fi\\\/toode\\\/metalliset-pidikkeet-berberis-40-60-ja-80-kasviastioille\\\/#primaryimage\"},\"image\":{\"@id\":\"https:\\\/\\\/rodoaed.ee\\\/fi\\\/toode\\\/metalliset-pidikkeet-berberis-40-60-ja-80-kasviastioille\\\/#primaryimage\"},\"thumbnailUrl\":\"https:\\\/\\\/rodoaed.ee\\\/wp-content\\\/uploads\\\/2021\\\/04\\\/Metallklambrid_Berberis-60-ja-80_1.png\",\"datePublished\":\"2021-04-26T14:03:19+00:00\",\"dateModified\":\"2026-04-13T07:51:14+00:00\",\"description\":\"Kasvien kasvuastia. S\u00e4ili\u00f6n alla on kastelus\u00e4ili\u00f6, josta kasvit voivat ime\u00e4 juurineen sopivan m\u00e4\u00e4r\u00e4n vett\u00e4.\",\"breadcrumb\":{\"@id\":\"https:\\\/\\\/rodoaed.ee\\\/fi\\\/toode\\\/metalliset-pidikkeet-berberis-40-60-ja-80-kasviastioille\\\/#breadcrumb\"},\"inLanguage\":\"fi\",\"potentialAction\":[{\"@type\":\"ReadAction\",\"target\":[\"https:\\\/\\\/rodoaed.ee\\\/fi\\\/toode\\\/metalliset-pidikkeet-berberis-40-60-ja-80-kasviastioille\\\/\"]}]},{\"@type\":\"ImageObject\",\"inLanguage\":\"fi\",\"@id\":\"https:\\\/\\\/rodoaed.ee\\\/fi\\\/toode\\\/metalliset-pidikkeet-berberis-40-60-ja-80-kasviastioille\\\/#primaryimage\",\"url\":\"https:\\\/\\\/rodoaed.ee\\\/wp-content\\\/uploads\\\/2021\\\/04\\\/Metallklambrid_Berberis-60-ja-80_1.png\",\"contentUrl\":\"https:\\\/\\\/rodoaed.ee\\\/wp-content\\\/uploads\\\/2021\\\/04\\\/Metallklambrid_Berberis-60-ja-80_1.png\",\"width\":1042,\"height\":708},{\"@type\":\"BreadcrumbList\",\"@id\":\"https:\\\/\\\/rodoaed.ee\\\/fi\\\/toode\\\/metalliset-pidikkeet-berberis-40-60-ja-80-kasviastioille\\\/#breadcrumb\",\"itemListElement\":[{\"@type\":\"ListItem\",\"position\":1,\"name\":\"Home\",\"item\":\"https:\\\/\\\/rodoaed.ee\\\/fi\\\/\"},{\"@type\":\"ListItem\",\"position\":2,\"name\":\"Osta osoitteessa\",\"item\":\"https:\\\/\\\/rodoaed.ee\\\/osta-osoitteessa\\\/\"},{\"@type\":\"ListItem\",\"position\":3,\"name\":\"Metalliset pidikkeet Berberis 40, 60 ja 80 -kasviastioille.\"}]},{\"@type\":\"WebSite\",\"@id\":\"https:\\\/\\\/rodoaed.ee\\\/#website\",\"url\":\"https:\\\/\\\/rodoaed.ee\\\/\",\"name\":\"Rodoaed\",\"description\":\"\",\"publisher\":{\"@id\":\"https:\\\/\\\/rodoaed.ee\\\/#organization\"},\"potentialAction\":[{\"@type\":\"SearchAction\",\"target\":{\"@type\":\"EntryPoint\",\"urlTemplate\":\"https:\\\/\\\/rodoaed.ee\\\/?s={search_term_string}\"},\"query-input\":{\"@type\":\"PropertyValueSpecification\",\"valueRequired\":true,\"valueName\":\"search_term_string\"}}],\"inLanguage\":\"fi\"},{\"@type\":\"Organization\",\"@id\":\"https:\\\/\\\/rodoaed.ee\\\/#organization\",\"name\":\"Rodoaed\",\"url\":\"https:\\\/\\\/rodoaed.ee\\\/\",\"logo\":{\"@type\":\"ImageObject\",\"inLanguage\":\"fi\",\"@id\":\"https:\\\/\\\/rodoaed.ee\\\/#\\\/schema\\\/logo\\\/image\\\/\",\"url\":\"https:\\\/\\\/rodoaed.ee\\\/wp-content\\\/uploads\\\/2019\\\/11\\\/rodoaed-logo-ilma-taustata.jpg\",\"contentUrl\":\"https:\\\/\\\/rodoaed.ee\\\/wp-content\\\/uploads\\\/2019\\\/11\\\/rodoaed-logo-ilma-taustata.jpg\",\"width\":769,\"height\":268,\"caption\":\"Rodoaed\"},\"image\":{\"@id\":\"https:\\\/\\\/rodoaed.ee\\\/#\\\/schema\\\/logo\\\/image\\\/\"},\"sameAs\":[\"https:\\\/\\\/www.facebook.com\\\/kasvuhooned\\\/\",\"https:\\\/\\\/rodoaed.ee\"]}]}<\/script>\n<!-- \/ Yoast SEO Premium plugin. -->","yoast_head_json":{"title":"Metalliset pidikkeet Berberis 40, 60 ja 80 -kasviastioille. - Rodoaed","description":"Kasvien kasvuastia. S\u00e4ili\u00f6n alla on kastelus\u00e4ili\u00f6, josta kasvit voivat ime\u00e4 juurineen sopivan m\u00e4\u00e4r\u00e4n vett\u00e4.","robots":{"index":"index","follow":"follow","max-snippet":"max-snippet:-1","max-image-preview":"max-image-preview:large","max-video-preview":"max-video-preview:-1"},"canonical":"https:\/\/rodoaed.ee\/fi\/toode\/metalliset-pidikkeet-berberis-40-60-ja-80-kasviastioille\/","og_locale":"fi_FI","og_type":"article","og_title":"Metalliset pidikkeet Berberis 40, 60 ja 80 -kasviastioille.","og_description":"Metallipidikkeet Berberis 60 ja 80 -kasviastioiden ripustamiseen parvekkeen reunaan tai kaiteeseen. Aidan enimm\u00e4isleveys, johon voit ripustaa, on 5,5 cm.","og_url":"https:\/\/rodoaed.ee\/fi\/toode\/metalliset-pidikkeet-berberis-40-60-ja-80-kasviastioille\/","og_site_name":"Rodoaed","article_publisher":"https:\/\/www.facebook.com\/kasvuhooned\/","article_modified_time":"2026-04-13T07:51:14+00:00","og_image":[{"width":1042,"height":708,"url":"https:\/\/rodoaed.ee\/wp-content\/uploads\/2021\/04\/Metallklambrid_Berberis-60-ja-80_1.png","type":"image\/png"}],"twitter_card":"summary_large_image","schema":{"@context":"https:\/\/schema.org","@graph":[{"@type":"WebPage","@id":"https:\/\/rodoaed.ee\/fi\/toode\/metalliset-pidikkeet-berberis-40-60-ja-80-kasviastioille\/","url":"https:\/\/rodoaed.ee\/fi\/toode\/metalliset-pidikkeet-berberis-40-60-ja-80-kasviastioille\/","name":"Metalliset pidikkeet Berberis 40, 60 ja 80 -kasviastioille. - Rodoaed","isPartOf":{"@id":"https:\/\/rodoaed.ee\/#website"},"primaryImageOfPage":{"@id":"https:\/\/rodoaed.ee\/fi\/toode\/metalliset-pidikkeet-berberis-40-60-ja-80-kasviastioille\/#primaryimage"},"image":{"@id":"https:\/\/rodoaed.ee\/fi\/toode\/metalliset-pidikkeet-berberis-40-60-ja-80-kasviastioille\/#primaryimage"},"thumbnailUrl":"https:\/\/rodoaed.ee\/wp-content\/uploads\/2021\/04\/Metallklambrid_Berberis-60-ja-80_1.png","datePublished":"2021-04-26T14:03:19+00:00","dateModified":"2026-04-13T07:51:14+00:00","description":"Kasvien kasvuastia. S\u00e4ili\u00f6n alla on kastelus\u00e4ili\u00f6, josta kasvit voivat ime\u00e4 juurineen sopivan m\u00e4\u00e4r\u00e4n vett\u00e4.","breadcrumb":{"@id":"https:\/\/rodoaed.ee\/fi\/toode\/metalliset-pidikkeet-berberis-40-60-ja-80-kasviastioille\/#breadcrumb"},"inLanguage":"fi","potentialAction":[{"@type":"ReadAction","target":["https:\/\/rodoaed.ee\/fi\/toode\/metalliset-pidikkeet-berberis-40-60-ja-80-kasviastioille\/"]}]},{"@type":"ImageObject","inLanguage":"fi","@id":"https:\/\/rodoaed.ee\/fi\/toode\/metalliset-pidikkeet-berberis-40-60-ja-80-kasviastioille\/#primaryimage","url":"https:\/\/rodoaed.ee\/wp-content\/uploads\/2021\/04\/Metallklambrid_Berberis-60-ja-80_1.png","contentUrl":"https:\/\/rodoaed.ee\/wp-content\/uploads\/2021\/04\/Metallklambrid_Berberis-60-ja-80_1.png","width":1042,"height":708},{"@type":"BreadcrumbList","@id":"https:\/\/rodoaed.ee\/fi\/toode\/metalliset-pidikkeet-berberis-40-60-ja-80-kasviastioille\/#breadcrumb","itemListElement":[{"@type":"ListItem","position":1,"name":"Home","item":"https:\/\/rodoaed.ee\/fi\/"},{"@type":"ListItem","position":2,"name":"Osta osoitteessa","item":"https:\/\/rodoaed.ee\/osta-osoitteessa\/"},{"@type":"ListItem","position":3,"name":"Metalliset pidikkeet Berberis 40, 60 ja 80 -kasviastioille."}]},{"@type":"WebSite","@id":"https:\/\/rodoaed.ee\/#website","url":"https:\/\/rodoaed.ee\/","name":"Rodoaed","description":"","publisher":{"@id":"https:\/\/rodoaed.ee\/#organization"},"potentialAction":[{"@type":"SearchAction","target":{"@type":"EntryPoint","urlTemplate":"https:\/\/rodoaed.ee\/?s={search_term_string}"},"query-input":{"@type":"PropertyValueSpecification","valueRequired":true,"valueName":"search_term_string"}}],"inLanguage":"fi"},{"@type":"Organization","@id":"https:\/\/rodoaed.ee\/#organization","name":"Rodoaed","url":"https:\/\/rodoaed.ee\/","logo":{"@type":"ImageObject","inLanguage":"fi","@id":"https:\/\/rodoaed.ee\/#\/schema\/logo\/image\/","url":"https:\/\/rodoaed.ee\/wp-content\/uploads\/2019\/11\/rodoaed-logo-ilma-taustata.jpg","contentUrl":"https:\/\/rodoaed.ee\/wp-content\/uploads\/2019\/11\/rodoaed-logo-ilma-taustata.jpg","width":769,"height":268,"caption":"Rodoaed"},"image":{"@id":"https:\/\/rodoaed.ee\/#\/schema\/logo\/image\/"},"sameAs":["https:\/\/www.facebook.com\/kasvuhooned\/","https:\/\/rodoaed.ee"]}]}},"_links":{"self":[{"href":"https:\/\/rodoaed.ee\/fi\/wp-json\/wp\/v2\/product\/52685","targetHints":{"allow":["GET"]}}],"collection":[{"href":"https:\/\/rodoaed.ee\/fi\/wp-json\/wp\/v2\/product"}],"about":[{"href":"https:\/\/rodoaed.ee\/fi\/wp-json\/wp\/v2\/types\/product"}],"wp:featuredmedia":[{"embeddable":true,"href":"https:\/\/rodoaed.ee\/fi\/wp-json\/wp\/v2\/media\/37411"}],"wp:attachment":[{"href":"https:\/\/rodoaed.ee\/fi\/wp-json\/wp\/v2\/media?parent=52685"}],"wp:term":[{"taxonomy":"product_brand","embeddable":true,"href":"https:\/\/rodoaed.ee\/fi\/wp-json\/wp\/v2\/product_brand?post=52685"},{"taxonomy":"product_cat","embeddable":true,"href":"https:\/\/rodoaed.ee\/fi\/wp-json\/wp\/v2\/product_cat?post=52685"},{"taxonomy":"product_tag","embeddable":true,"href":"https:\/\/rodoaed.ee\/fi\/wp-json\/wp\/v2\/product_tag?post=52685"}],"curies":[{"name":"wp","href":"https:\/\/api.w.org\/{rel}","templated":true}]}}