{"id":52691,"date":"2021-11-10T15:39:06","date_gmt":"2021-11-10T13:39:06","guid":{"rendered":"https:\/\/rodoaed.ee\/toode\/juomakulho-linnuille-antrasiitinharmaa-33cm\/"},"modified":"2026-04-13T10:51:27","modified_gmt":"2026-04-13T07:51:27","slug":"juomakulho-linnuille-antrasiitinharmaa-33cm","status":"publish","type":"product","link":"https:\/\/rodoaed.ee\/fi\/tuote\/juomakulho-linnuille-antrasiitinharmaa-33cm\/","title":{"rendered":"Juomakulho linnuille Antrasiitinharmaa 33cm"},"content":{"rendered":"<h2>Linnut tarvitsevat vett\u00e4 juomiseen, uimiseen ja peseytymiseen. Siksi on t\u00e4rke\u00e4\u00e4, ett\u00e4 puutarhassa on lintujen juoma-astia. <\/h2>\n<p>Juoma-astia on v\u00e4rilt\u00e4\u00e4n tummanharmaa<\/p>\n<p><strong>Juoma-astian asennuspaikka:<\/strong><\/p>\n<p>Suoraan maahan tai nurmikolle puutarhassa tai rakennuksen l\u00e4helle, jossa on k\u00e4tev\u00e4 lis\u00e4t\u00e4 vett\u00e4 tarvittaessa. K\u00e4yt\u00e4nn\u00f6llinen paikka on lintujen ruokintapaikan l\u00e4hell\u00e4 tai puutarhassa pensaiden edess\u00e4, jossa linnut tuntevat olonsa turvalliseksi. Aurinkoisessa, tuulisessa paikassa perhosten ja hy\u00f6nteisten on helpompi tulla juomaan kuin tuulisessa, avoimessa paikassa.  <\/p>\n<p><strong>Suositus:<\/strong><\/p>\n<p>Vaihda vesi s\u00e4\u00e4nn\u00f6llisesti<\/p>\n<p><strong>V\u00e4ri:<\/strong><\/p>\n<p>mustan tummanharmaa<\/p>\n<p><strong>Materiaali:<\/strong><\/p>\n<p>lasitettu keramiikka<\/p>\n<p><strong>Mitat :<\/strong><\/p>\n<p>pituus 32,9 x leveys 30,7 x korkeus 10,9<\/p>\n<p><strong>Juomakulhon paino: <\/strong>2,54kg<\/p>\n<p>&nbsp;<\/p>\n<p>&nbsp;<\/p>\n<p>&nbsp;<\/p>\n","protected":false},"excerpt":{"rendered":"<p>Linnut tarvitsevat vett\u00e4 juomiseen, uimiseen ja peseytymiseen. Siksi on t\u00e4rke\u00e4\u00e4, ett\u00e4 puutarhassa on lintujen juoma-astia. Juoma-astia on v\u00e4rilt\u00e4\u00e4n tummanharmaa Juoma-astian asennuspaikka: Suoraan maahan tai nurmikolle puutarhassa tai rakennuksen l\u00e4helle, jossa on k\u00e4tev\u00e4 lis\u00e4t\u00e4 vett\u00e4 tarvittaessa. K\u00e4yt\u00e4nn\u00f6llinen paikka on lintujen ruokintapaikan l\u00e4hell\u00e4 tai puutarhassa pensaiden edess\u00e4, jossa linnut tuntevat olonsa turvalliseksi. Aurinkoisessa, tuulisessa paikassa perhosten ja hy\u00f6nteisten on helpompi tulla juomaan kuin tuulisessa, avoimessa paikassa. Suositus:&#8230;<\/p>\n","protected":false},"featured_media":38603,"template":"","meta":{"_acf_changed":false},"product_brand":[],"product_cat":[1854,1855,1856,1852,1851],"product_tag":[],"class_list":{"0":"post-52691","1":"product","2":"type-product","3":"status-publish","4":"has-post-thumbnail","6":"product_cat-hyonteishotellit","7":"product_cat-hyonteisten-juoma-astiat","8":"product_cat-juomakulho-linnuille","9":"product_cat-lintujen-tarvikkeet","10":"product_cat-pesakotelot","11":"pa_variatsioon-juomakulho-linnuille-ja-hyonteisille","13":"first","14":"outofstock","15":"sale","16":"taxable","17":"shipping-taxable","18":"purchasable","19":"product-type-simple"},"acf":[],"yoast_head":"<!-- This site is optimized with the Yoast SEO Premium plugin v27.3 (Yoast SEO v27.3) - https:\/\/yoast.com\/product\/yoast-seo-premium-wordpress\/ -->\n<title>Juomakulho linnuille Antrasiitinharmaa 33cm - Rodoaed<\/title>\n<meta name=\"robots\" content=\"index, follow, max-snippet:-1, max-image-preview:large, max-video-preview:-1\" \/>\n<link rel=\"canonical\" href=\"https:\/\/rodoaed.ee\/fi\/toode\/juomakulho-linnuille-antrasiitinharmaa-33cm\/\" \/>\n<meta property=\"og:locale\" content=\"fi_FI\" \/>\n<meta property=\"og:type\" content=\"article\" \/>\n<meta property=\"og:title\" content=\"Juomakulho linnuille Antrasiitinharmaa 33cm\" \/>\n<meta property=\"og:description\" content=\"Linnut tarvitsevat vett\u00e4 juomiseen, uimiseen ja peseytymiseen. Siksi on t\u00e4rke\u00e4\u00e4, ett\u00e4 puutarhassa on lintujen juoma-astia. Juoma-astia on v\u00e4rilt\u00e4\u00e4n\" \/>\n<meta property=\"og:url\" content=\"https:\/\/rodoaed.ee\/fi\/toode\/juomakulho-linnuille-antrasiitinharmaa-33cm\/\" \/>\n<meta property=\"og:site_name\" content=\"Rodoaed\" \/>\n<meta property=\"article:publisher\" content=\"https:\/\/www.facebook.com\/kasvuhooned\/\" \/>\n<meta property=\"article:modified_time\" content=\"2026-04-13T07:51:27+00:00\" \/>\n<meta property=\"og:image\" content=\"https:\/\/rodoaed.ee\/wp-content\/uploads\/2021\/11\/jooginou-lindudele_FB487_01.png\" \/>\n\t<meta property=\"og:image:width\" content=\"1240\" \/>\n\t<meta property=\"og:image:height\" content=\"1240\" \/>\n\t<meta property=\"og:image:type\" content=\"image\/png\" \/>\n<meta name=\"twitter:card\" content=\"summary_large_image\" \/>\n<meta name=\"twitter:label1\" content=\"Arvioitu lukuaika\" \/>\n\t<meta name=\"twitter:data1\" content=\"1 minuutti\" \/>\n<script type=\"application\/ld+json\" class=\"yoast-schema-graph\">{\"@context\":\"https:\\\/\\\/schema.org\",\"@graph\":[{\"@type\":\"WebPage\",\"@id\":\"https:\\\/\\\/rodoaed.ee\\\/fi\\\/toode\\\/juomakulho-linnuille-antrasiitinharmaa-33cm\\\/\",\"url\":\"https:\\\/\\\/rodoaed.ee\\\/fi\\\/toode\\\/juomakulho-linnuille-antrasiitinharmaa-33cm\\\/\",\"name\":\"Juomakulho linnuille Antrasiitinharmaa 33cm - Rodoaed\",\"isPartOf\":{\"@id\":\"https:\\\/\\\/rodoaed.ee\\\/#website\"},\"primaryImageOfPage\":{\"@id\":\"https:\\\/\\\/rodoaed.ee\\\/fi\\\/toode\\\/juomakulho-linnuille-antrasiitinharmaa-33cm\\\/#primaryimage\"},\"image\":{\"@id\":\"https:\\\/\\\/rodoaed.ee\\\/fi\\\/toode\\\/juomakulho-linnuille-antrasiitinharmaa-33cm\\\/#primaryimage\"},\"thumbnailUrl\":\"https:\\\/\\\/rodoaed.ee\\\/wp-content\\\/uploads\\\/2021\\\/11\\\/jooginou-lindudele_FB487_01.png\",\"datePublished\":\"2021-11-10T13:39:06+00:00\",\"dateModified\":\"2026-04-13T07:51:27+00:00\",\"breadcrumb\":{\"@id\":\"https:\\\/\\\/rodoaed.ee\\\/fi\\\/toode\\\/juomakulho-linnuille-antrasiitinharmaa-33cm\\\/#breadcrumb\"},\"inLanguage\":\"fi\",\"potentialAction\":[{\"@type\":\"ReadAction\",\"target\":[\"https:\\\/\\\/rodoaed.ee\\\/fi\\\/toode\\\/juomakulho-linnuille-antrasiitinharmaa-33cm\\\/\"]}]},{\"@type\":\"ImageObject\",\"inLanguage\":\"fi\",\"@id\":\"https:\\\/\\\/rodoaed.ee\\\/fi\\\/toode\\\/juomakulho-linnuille-antrasiitinharmaa-33cm\\\/#primaryimage\",\"url\":\"https:\\\/\\\/rodoaed.ee\\\/wp-content\\\/uploads\\\/2021\\\/11\\\/jooginou-lindudele_FB487_01.png\",\"contentUrl\":\"https:\\\/\\\/rodoaed.ee\\\/wp-content\\\/uploads\\\/2021\\\/11\\\/jooginou-lindudele_FB487_01.png\",\"width\":1240,\"height\":1240,\"caption\":\"juomakulho linnuille\"},{\"@type\":\"BreadcrumbList\",\"@id\":\"https:\\\/\\\/rodoaed.ee\\\/fi\\\/toode\\\/juomakulho-linnuille-antrasiitinharmaa-33cm\\\/#breadcrumb\",\"itemListElement\":[{\"@type\":\"ListItem\",\"position\":1,\"name\":\"Home\",\"item\":\"https:\\\/\\\/rodoaed.ee\\\/fi\\\/\"},{\"@type\":\"ListItem\",\"position\":2,\"name\":\"Osta osoitteessa\",\"item\":\"https:\\\/\\\/rodoaed.ee\\\/osta-osoitteessa\\\/\"},{\"@type\":\"ListItem\",\"position\":3,\"name\":\"Juomakulho linnuille Antrasiitinharmaa 33cm\"}]},{\"@type\":\"WebSite\",\"@id\":\"https:\\\/\\\/rodoaed.ee\\\/#website\",\"url\":\"https:\\\/\\\/rodoaed.ee\\\/\",\"name\":\"Rodoaed\",\"description\":\"\",\"publisher\":{\"@id\":\"https:\\\/\\\/rodoaed.ee\\\/#organization\"},\"potentialAction\":[{\"@type\":\"SearchAction\",\"target\":{\"@type\":\"EntryPoint\",\"urlTemplate\":\"https:\\\/\\\/rodoaed.ee\\\/?s={search_term_string}\"},\"query-input\":{\"@type\":\"PropertyValueSpecification\",\"valueRequired\":true,\"valueName\":\"search_term_string\"}}],\"inLanguage\":\"fi\"},{\"@type\":\"Organization\",\"@id\":\"https:\\\/\\\/rodoaed.ee\\\/#organization\",\"name\":\"Rodoaed\",\"url\":\"https:\\\/\\\/rodoaed.ee\\\/\",\"logo\":{\"@type\":\"ImageObject\",\"inLanguage\":\"fi\",\"@id\":\"https:\\\/\\\/rodoaed.ee\\\/#\\\/schema\\\/logo\\\/image\\\/\",\"url\":\"https:\\\/\\\/rodoaed.ee\\\/wp-content\\\/uploads\\\/2019\\\/11\\\/rodoaed-logo-ilma-taustata.jpg\",\"contentUrl\":\"https:\\\/\\\/rodoaed.ee\\\/wp-content\\\/uploads\\\/2019\\\/11\\\/rodoaed-logo-ilma-taustata.jpg\",\"width\":769,\"height\":268,\"caption\":\"Rodoaed\"},\"image\":{\"@id\":\"https:\\\/\\\/rodoaed.ee\\\/#\\\/schema\\\/logo\\\/image\\\/\"},\"sameAs\":[\"https:\\\/\\\/www.facebook.com\\\/kasvuhooned\\\/\",\"https:\\\/\\\/rodoaed.ee\"]}]}<\/script>\n<!-- \/ Yoast SEO Premium plugin. -->","yoast_head_json":{"title":"Juomakulho linnuille Antrasiitinharmaa 33cm - Rodoaed","robots":{"index":"index","follow":"follow","max-snippet":"max-snippet:-1","max-image-preview":"max-image-preview:large","max-video-preview":"max-video-preview:-1"},"canonical":"https:\/\/rodoaed.ee\/fi\/toode\/juomakulho-linnuille-antrasiitinharmaa-33cm\/","og_locale":"fi_FI","og_type":"article","og_title":"Juomakulho linnuille Antrasiitinharmaa 33cm","og_description":"Linnut tarvitsevat vett\u00e4 juomiseen, uimiseen ja peseytymiseen. Siksi on t\u00e4rke\u00e4\u00e4, ett\u00e4 puutarhassa on lintujen juoma-astia. Juoma-astia on v\u00e4rilt\u00e4\u00e4n","og_url":"https:\/\/rodoaed.ee\/fi\/toode\/juomakulho-linnuille-antrasiitinharmaa-33cm\/","og_site_name":"Rodoaed","article_publisher":"https:\/\/www.facebook.com\/kasvuhooned\/","article_modified_time":"2026-04-13T07:51:27+00:00","og_image":[{"width":1240,"height":1240,"url":"https:\/\/rodoaed.ee\/wp-content\/uploads\/2021\/11\/jooginou-lindudele_FB487_01.png","type":"image\/png"}],"twitter_card":"summary_large_image","twitter_misc":{"Arvioitu lukuaika":"1 minuutti"},"schema":{"@context":"https:\/\/schema.org","@graph":[{"@type":"WebPage","@id":"https:\/\/rodoaed.ee\/fi\/toode\/juomakulho-linnuille-antrasiitinharmaa-33cm\/","url":"https:\/\/rodoaed.ee\/fi\/toode\/juomakulho-linnuille-antrasiitinharmaa-33cm\/","name":"Juomakulho linnuille Antrasiitinharmaa 33cm - Rodoaed","isPartOf":{"@id":"https:\/\/rodoaed.ee\/#website"},"primaryImageOfPage":{"@id":"https:\/\/rodoaed.ee\/fi\/toode\/juomakulho-linnuille-antrasiitinharmaa-33cm\/#primaryimage"},"image":{"@id":"https:\/\/rodoaed.ee\/fi\/toode\/juomakulho-linnuille-antrasiitinharmaa-33cm\/#primaryimage"},"thumbnailUrl":"https:\/\/rodoaed.ee\/wp-content\/uploads\/2021\/11\/jooginou-lindudele_FB487_01.png","datePublished":"2021-11-10T13:39:06+00:00","dateModified":"2026-04-13T07:51:27+00:00","breadcrumb":{"@id":"https:\/\/rodoaed.ee\/fi\/toode\/juomakulho-linnuille-antrasiitinharmaa-33cm\/#breadcrumb"},"inLanguage":"fi","potentialAction":[{"@type":"ReadAction","target":["https:\/\/rodoaed.ee\/fi\/toode\/juomakulho-linnuille-antrasiitinharmaa-33cm\/"]}]},{"@type":"ImageObject","inLanguage":"fi","@id":"https:\/\/rodoaed.ee\/fi\/toode\/juomakulho-linnuille-antrasiitinharmaa-33cm\/#primaryimage","url":"https:\/\/rodoaed.ee\/wp-content\/uploads\/2021\/11\/jooginou-lindudele_FB487_01.png","contentUrl":"https:\/\/rodoaed.ee\/wp-content\/uploads\/2021\/11\/jooginou-lindudele_FB487_01.png","width":1240,"height":1240,"caption":"juomakulho linnuille"},{"@type":"BreadcrumbList","@id":"https:\/\/rodoaed.ee\/fi\/toode\/juomakulho-linnuille-antrasiitinharmaa-33cm\/#breadcrumb","itemListElement":[{"@type":"ListItem","position":1,"name":"Home","item":"https:\/\/rodoaed.ee\/fi\/"},{"@type":"ListItem","position":2,"name":"Osta osoitteessa","item":"https:\/\/rodoaed.ee\/osta-osoitteessa\/"},{"@type":"ListItem","position":3,"name":"Juomakulho linnuille Antrasiitinharmaa 33cm"}]},{"@type":"WebSite","@id":"https:\/\/rodoaed.ee\/#website","url":"https:\/\/rodoaed.ee\/","name":"Rodoaed","description":"","publisher":{"@id":"https:\/\/rodoaed.ee\/#organization"},"potentialAction":[{"@type":"SearchAction","target":{"@type":"EntryPoint","urlTemplate":"https:\/\/rodoaed.ee\/?s={search_term_string}"},"query-input":{"@type":"PropertyValueSpecification","valueRequired":true,"valueName":"search_term_string"}}],"inLanguage":"fi"},{"@type":"Organization","@id":"https:\/\/rodoaed.ee\/#organization","name":"Rodoaed","url":"https:\/\/rodoaed.ee\/","logo":{"@type":"ImageObject","inLanguage":"fi","@id":"https:\/\/rodoaed.ee\/#\/schema\/logo\/image\/","url":"https:\/\/rodoaed.ee\/wp-content\/uploads\/2019\/11\/rodoaed-logo-ilma-taustata.jpg","contentUrl":"https:\/\/rodoaed.ee\/wp-content\/uploads\/2019\/11\/rodoaed-logo-ilma-taustata.jpg","width":769,"height":268,"caption":"Rodoaed"},"image":{"@id":"https:\/\/rodoaed.ee\/#\/schema\/logo\/image\/"},"sameAs":["https:\/\/www.facebook.com\/kasvuhooned\/","https:\/\/rodoaed.ee"]}]}},"_links":{"self":[{"href":"https:\/\/rodoaed.ee\/fi\/wp-json\/wp\/v2\/product\/52691","targetHints":{"allow":["GET"]}}],"collection":[{"href":"https:\/\/rodoaed.ee\/fi\/wp-json\/wp\/v2\/product"}],"about":[{"href":"https:\/\/rodoaed.ee\/fi\/wp-json\/wp\/v2\/types\/product"}],"wp:featuredmedia":[{"embeddable":true,"href":"https:\/\/rodoaed.ee\/fi\/wp-json\/wp\/v2\/media\/38603"}],"wp:attachment":[{"href":"https:\/\/rodoaed.ee\/fi\/wp-json\/wp\/v2\/media?parent=52691"}],"wp:term":[{"taxonomy":"product_brand","embeddable":true,"href":"https:\/\/rodoaed.ee\/fi\/wp-json\/wp\/v2\/product_brand?post=52691"},{"taxonomy":"product_cat","embeddable":true,"href":"https:\/\/rodoaed.ee\/fi\/wp-json\/wp\/v2\/product_cat?post=52691"},{"taxonomy":"product_tag","embeddable":true,"href":"https:\/\/rodoaed.ee\/fi\/wp-json\/wp\/v2\/product_tag?post=52691"}],"curies":[{"name":"wp","href":"https:\/\/api.w.org\/{rel}","templated":true}]}}