{"id":52694,"date":"2021-06-14T11:38:40","date_gmt":"2021-06-14T08:38:40","guid":{"rendered":"https:\/\/rodoaed.ee\/toode\/puinen-bumerangi-shark-jopa-30m-pitka\/"},"modified":"2026-04-13T10:51:28","modified_gmt":"2026-04-13T07:51:28","slug":"puinen-bumerangi-shark-jopa-30m-pitka","status":"publish","type":"product","link":"https:\/\/rodoaed.ee\/fi\/tuote\/puinen-bumerangi-shark-jopa-30m-pitka\/","title":{"rendered":"Puinen bumerangi Shark, jopa 30m pitk\u00e4"},"content":{"rendered":"<h2>Puinen bumerangi edistyneille k\u00e4ytt\u00e4jille, 25m lentomatka<\/h2>\n<p>Boomerang Shark on alun perin muotoiltu puinen malli. Sen erikoinen muoto tekee siit\u00e4 hieman levottoman lentelij\u00e4n, sill\u00e4 se py\u00f6rii hyvin nopeasti. Samalla se on eritt\u00e4in tarkka ja pit\u00e4\u00e4 kurssinsa hyvin tuulessa.  <\/p>\n<p>Pieni ja kevyt. Erityisen muotonsa ansiosta se sopii my\u00f6s hieman aggressiivisempaan ja urheilullisempaan heittoon. Sopii kokeneemmalle heitt\u00e4j\u00e4lle.  <\/p>\n<p>Kokeneella tarkoitamme yksinkertaisesti sit\u00e4, ett\u00e4 bumerangin perusheittoliikkeet on helpompi hallita aloittelijamalleilla, jotka antavat alun virheet anteeksi. Ammattilaismallit ovat nopeampia ja tarkempia, mutta ne edellytt\u00e4v\u00e4t aiempaa kokemusta bumerangien kanssa. <\/p>\n<h2>T\u00e4rkeimm\u00e4t ominaisuudet:<\/h2>\n<p><strong>Vaikeusaste ja ik\u00e4:<\/strong> soveltuu kaakkoisille k\u00e4ytt\u00e4jille.<\/p>\n<p><strong>Paino:<\/strong> 40 g<\/p>\n<p><strong>Lentoet\u00e4isyys:<\/strong> 25 m<\/p>\n<p id=\"product_condition\"><strong>Tiiviste:<\/strong> 29 cm<\/p>\n<p><strong>Materiaali:<\/strong> casewood aerovineer<\/p>\n<p>&nbsp;<\/p>\n<p>&nbsp;<\/p>\n","protected":false},"excerpt":{"rendered":"<p>Puinen bumerangi edistyneille k\u00e4ytt\u00e4jille, 25m lentomatka Boomerang Shark on alun perin muotoiltu puinen malli. Sen erikoinen muoto tekee siit\u00e4 hieman levottoman lentelij\u00e4n, sill\u00e4 se py\u00f6rii hyvin nopeasti. Samalla se on eritt\u00e4in tarkka ja pit\u00e4\u00e4 kurssinsa hyvin tuulessa. Pieni ja kevyt. Erityisen muotonsa ansiosta se sopii my\u00f6s hieman aggressiivisempaan ja urheilullisempaan heittoon. Sopii kokeneemmalle heitt\u00e4j\u00e4lle. Kokeneella tarkoitamme yksinkertaisesti sit\u00e4, ett\u00e4 bumerangin perusheittoliikkeet on helpompi hallita aloittelijamalleilla,&#8230;<\/p>\n","protected":false},"featured_media":37960,"template":"","meta":{"_acf_changed":false},"product_brand":[],"product_cat":[1842,1853,1763,1785,1743,1848],"product_tag":[],"class_list":{"0":"post-52694","1":"product","2":"type-product","3":"status-publish","4":"has-post-thumbnail","6":"product_cat-boomerang-loyda-uusi-intohimo","7":"product_cat-bumerangit-asiantuntijalle-ja-kokeneelle-kayttajalle","8":"product_cat-harrastukset-ja-lelut","9":"product_cat-lahjat-lapsille-6-12a","10":"product_cat-lisalahjat-lahjat","11":"product_cat-puiset-bumerangit","12":"product_shipping_class-toimitus-1-3-tyopaivan-kuluessa","13":"pa_variatsioon-320dl-hydraulinen-tela-alustainen-kaivukone","15":"first","16":"instock","17":"taxable","18":"shipping-taxable","19":"purchasable","20":"product-type-simple"},"acf":[],"yoast_head":"<!-- This site is optimized with the Yoast SEO Premium plugin v27.3 (Yoast SEO v27.3) - https:\/\/yoast.com\/product\/yoast-seo-premium-wordpress\/ -->\n<title>Puinen bumerangi Shark, jopa 30m pitk\u00e4 - Rodoaed<\/title>\n<meta name=\"robots\" content=\"index, follow, max-snippet:-1, max-image-preview:large, max-video-preview:-1\" \/>\n<link rel=\"canonical\" href=\"https:\/\/rodoaed.ee\/fi\/toode\/puinen-bumerangi-shark-jopa-30m-pitka\/\" \/>\n<meta property=\"og:locale\" content=\"fi_FI\" \/>\n<meta property=\"og:type\" content=\"article\" \/>\n<meta property=\"og:title\" content=\"Puinen bumerangi Shark, jopa 30m pitk\u00e4\" \/>\n<meta property=\"og:description\" content=\"Puinen bumerangi edistyneille k\u00e4ytt\u00e4jille, 25m lentomatka Boomerang Shark on alun perin muotoiltu puinen malli. Sen erikoinen muoto tekee siit\u00e4 hieman\" \/>\n<meta property=\"og:url\" content=\"https:\/\/rodoaed.ee\/fi\/toode\/puinen-bumerangi-shark-jopa-30m-pitka\/\" \/>\n<meta property=\"og:site_name\" content=\"Rodoaed\" \/>\n<meta property=\"article:publisher\" content=\"https:\/\/www.facebook.com\/kasvuhooned\/\" \/>\n<meta property=\"article:modified_time\" content=\"2026-04-13T07:51:28+00:00\" \/>\n<meta property=\"og:image\" content=\"https:\/\/rodoaed.ee\/wp-content\/uploads\/2021\/06\/Bumerang_SHARK.jpg\" \/>\n\t<meta property=\"og:image:width\" content=\"1000\" \/>\n\t<meta property=\"og:image:height\" content=\"1000\" \/>\n\t<meta property=\"og:image:type\" content=\"image\/jpeg\" \/>\n<meta name=\"twitter:card\" content=\"summary_large_image\" \/>\n<meta name=\"twitter:label1\" content=\"Arvioitu lukuaika\" \/>\n\t<meta name=\"twitter:data1\" content=\"1 minuutti\" \/>\n<script type=\"application\/ld+json\" class=\"yoast-schema-graph\">{\"@context\":\"https:\\\/\\\/schema.org\",\"@graph\":[{\"@type\":\"WebPage\",\"@id\":\"https:\\\/\\\/rodoaed.ee\\\/fi\\\/toode\\\/puinen-bumerangi-shark-jopa-30m-pitka\\\/\",\"url\":\"https:\\\/\\\/rodoaed.ee\\\/fi\\\/toode\\\/puinen-bumerangi-shark-jopa-30m-pitka\\\/\",\"name\":\"Puinen bumerangi Shark, jopa 30m pitk\u00e4 - Rodoaed\",\"isPartOf\":{\"@id\":\"https:\\\/\\\/rodoaed.ee\\\/#website\"},\"primaryImageOfPage\":{\"@id\":\"https:\\\/\\\/rodoaed.ee\\\/fi\\\/toode\\\/puinen-bumerangi-shark-jopa-30m-pitka\\\/#primaryimage\"},\"image\":{\"@id\":\"https:\\\/\\\/rodoaed.ee\\\/fi\\\/toode\\\/puinen-bumerangi-shark-jopa-30m-pitka\\\/#primaryimage\"},\"thumbnailUrl\":\"https:\\\/\\\/rodoaed.ee\\\/wp-content\\\/uploads\\\/2021\\\/06\\\/Bumerang_SHARK.jpg\",\"datePublished\":\"2021-06-14T08:38:40+00:00\",\"dateModified\":\"2026-04-13T07:51:28+00:00\",\"breadcrumb\":{\"@id\":\"https:\\\/\\\/rodoaed.ee\\\/fi\\\/toode\\\/puinen-bumerangi-shark-jopa-30m-pitka\\\/#breadcrumb\"},\"inLanguage\":\"fi\",\"potentialAction\":[{\"@type\":\"ReadAction\",\"target\":[\"https:\\\/\\\/rodoaed.ee\\\/fi\\\/toode\\\/puinen-bumerangi-shark-jopa-30m-pitka\\\/\"]}]},{\"@type\":\"ImageObject\",\"inLanguage\":\"fi\",\"@id\":\"https:\\\/\\\/rodoaed.ee\\\/fi\\\/toode\\\/puinen-bumerangi-shark-jopa-30m-pitka\\\/#primaryimage\",\"url\":\"https:\\\/\\\/rodoaed.ee\\\/wp-content\\\/uploads\\\/2021\\\/06\\\/Bumerang_SHARK.jpg\",\"contentUrl\":\"https:\\\/\\\/rodoaed.ee\\\/wp-content\\\/uploads\\\/2021\\\/06\\\/Bumerang_SHARK.jpg\",\"width\":1000,\"height\":1000},{\"@type\":\"BreadcrumbList\",\"@id\":\"https:\\\/\\\/rodoaed.ee\\\/fi\\\/toode\\\/puinen-bumerangi-shark-jopa-30m-pitka\\\/#breadcrumb\",\"itemListElement\":[{\"@type\":\"ListItem\",\"position\":1,\"name\":\"Home\",\"item\":\"https:\\\/\\\/rodoaed.ee\\\/fi\\\/\"},{\"@type\":\"ListItem\",\"position\":2,\"name\":\"Osta osoitteessa\",\"item\":\"https:\\\/\\\/rodoaed.ee\\\/osta-osoitteessa\\\/\"},{\"@type\":\"ListItem\",\"position\":3,\"name\":\"Puinen bumerangi Shark, jopa 30m pitk\u00e4\"}]},{\"@type\":\"WebSite\",\"@id\":\"https:\\\/\\\/rodoaed.ee\\\/#website\",\"url\":\"https:\\\/\\\/rodoaed.ee\\\/\",\"name\":\"Rodoaed\",\"description\":\"\",\"publisher\":{\"@id\":\"https:\\\/\\\/rodoaed.ee\\\/#organization\"},\"potentialAction\":[{\"@type\":\"SearchAction\",\"target\":{\"@type\":\"EntryPoint\",\"urlTemplate\":\"https:\\\/\\\/rodoaed.ee\\\/?s={search_term_string}\"},\"query-input\":{\"@type\":\"PropertyValueSpecification\",\"valueRequired\":true,\"valueName\":\"search_term_string\"}}],\"inLanguage\":\"fi\"},{\"@type\":\"Organization\",\"@id\":\"https:\\\/\\\/rodoaed.ee\\\/#organization\",\"name\":\"Rodoaed\",\"url\":\"https:\\\/\\\/rodoaed.ee\\\/\",\"logo\":{\"@type\":\"ImageObject\",\"inLanguage\":\"fi\",\"@id\":\"https:\\\/\\\/rodoaed.ee\\\/#\\\/schema\\\/logo\\\/image\\\/\",\"url\":\"https:\\\/\\\/rodoaed.ee\\\/wp-content\\\/uploads\\\/2019\\\/11\\\/rodoaed-logo-ilma-taustata.jpg\",\"contentUrl\":\"https:\\\/\\\/rodoaed.ee\\\/wp-content\\\/uploads\\\/2019\\\/11\\\/rodoaed-logo-ilma-taustata.jpg\",\"width\":769,\"height\":268,\"caption\":\"Rodoaed\"},\"image\":{\"@id\":\"https:\\\/\\\/rodoaed.ee\\\/#\\\/schema\\\/logo\\\/image\\\/\"},\"sameAs\":[\"https:\\\/\\\/www.facebook.com\\\/kasvuhooned\\\/\",\"https:\\\/\\\/rodoaed.ee\"]}]}<\/script>\n<!-- \/ Yoast SEO Premium plugin. -->","yoast_head_json":{"title":"Puinen bumerangi Shark, jopa 30m pitk\u00e4 - Rodoaed","robots":{"index":"index","follow":"follow","max-snippet":"max-snippet:-1","max-image-preview":"max-image-preview:large","max-video-preview":"max-video-preview:-1"},"canonical":"https:\/\/rodoaed.ee\/fi\/toode\/puinen-bumerangi-shark-jopa-30m-pitka\/","og_locale":"fi_FI","og_type":"article","og_title":"Puinen bumerangi Shark, jopa 30m pitk\u00e4","og_description":"Puinen bumerangi edistyneille k\u00e4ytt\u00e4jille, 25m lentomatka Boomerang Shark on alun perin muotoiltu puinen malli. Sen erikoinen muoto tekee siit\u00e4 hieman","og_url":"https:\/\/rodoaed.ee\/fi\/toode\/puinen-bumerangi-shark-jopa-30m-pitka\/","og_site_name":"Rodoaed","article_publisher":"https:\/\/www.facebook.com\/kasvuhooned\/","article_modified_time":"2026-04-13T07:51:28+00:00","og_image":[{"width":1000,"height":1000,"url":"https:\/\/rodoaed.ee\/wp-content\/uploads\/2021\/06\/Bumerang_SHARK.jpg","type":"image\/jpeg"}],"twitter_card":"summary_large_image","twitter_misc":{"Arvioitu lukuaika":"1 minuutti"},"schema":{"@context":"https:\/\/schema.org","@graph":[{"@type":"WebPage","@id":"https:\/\/rodoaed.ee\/fi\/toode\/puinen-bumerangi-shark-jopa-30m-pitka\/","url":"https:\/\/rodoaed.ee\/fi\/toode\/puinen-bumerangi-shark-jopa-30m-pitka\/","name":"Puinen bumerangi Shark, jopa 30m pitk\u00e4 - Rodoaed","isPartOf":{"@id":"https:\/\/rodoaed.ee\/#website"},"primaryImageOfPage":{"@id":"https:\/\/rodoaed.ee\/fi\/toode\/puinen-bumerangi-shark-jopa-30m-pitka\/#primaryimage"},"image":{"@id":"https:\/\/rodoaed.ee\/fi\/toode\/puinen-bumerangi-shark-jopa-30m-pitka\/#primaryimage"},"thumbnailUrl":"https:\/\/rodoaed.ee\/wp-content\/uploads\/2021\/06\/Bumerang_SHARK.jpg","datePublished":"2021-06-14T08:38:40+00:00","dateModified":"2026-04-13T07:51:28+00:00","breadcrumb":{"@id":"https:\/\/rodoaed.ee\/fi\/toode\/puinen-bumerangi-shark-jopa-30m-pitka\/#breadcrumb"},"inLanguage":"fi","potentialAction":[{"@type":"ReadAction","target":["https:\/\/rodoaed.ee\/fi\/toode\/puinen-bumerangi-shark-jopa-30m-pitka\/"]}]},{"@type":"ImageObject","inLanguage":"fi","@id":"https:\/\/rodoaed.ee\/fi\/toode\/puinen-bumerangi-shark-jopa-30m-pitka\/#primaryimage","url":"https:\/\/rodoaed.ee\/wp-content\/uploads\/2021\/06\/Bumerang_SHARK.jpg","contentUrl":"https:\/\/rodoaed.ee\/wp-content\/uploads\/2021\/06\/Bumerang_SHARK.jpg","width":1000,"height":1000},{"@type":"BreadcrumbList","@id":"https:\/\/rodoaed.ee\/fi\/toode\/puinen-bumerangi-shark-jopa-30m-pitka\/#breadcrumb","itemListElement":[{"@type":"ListItem","position":1,"name":"Home","item":"https:\/\/rodoaed.ee\/fi\/"},{"@type":"ListItem","position":2,"name":"Osta osoitteessa","item":"https:\/\/rodoaed.ee\/osta-osoitteessa\/"},{"@type":"ListItem","position":3,"name":"Puinen bumerangi Shark, jopa 30m pitk\u00e4"}]},{"@type":"WebSite","@id":"https:\/\/rodoaed.ee\/#website","url":"https:\/\/rodoaed.ee\/","name":"Rodoaed","description":"","publisher":{"@id":"https:\/\/rodoaed.ee\/#organization"},"potentialAction":[{"@type":"SearchAction","target":{"@type":"EntryPoint","urlTemplate":"https:\/\/rodoaed.ee\/?s={search_term_string}"},"query-input":{"@type":"PropertyValueSpecification","valueRequired":true,"valueName":"search_term_string"}}],"inLanguage":"fi"},{"@type":"Organization","@id":"https:\/\/rodoaed.ee\/#organization","name":"Rodoaed","url":"https:\/\/rodoaed.ee\/","logo":{"@type":"ImageObject","inLanguage":"fi","@id":"https:\/\/rodoaed.ee\/#\/schema\/logo\/image\/","url":"https:\/\/rodoaed.ee\/wp-content\/uploads\/2019\/11\/rodoaed-logo-ilma-taustata.jpg","contentUrl":"https:\/\/rodoaed.ee\/wp-content\/uploads\/2019\/11\/rodoaed-logo-ilma-taustata.jpg","width":769,"height":268,"caption":"Rodoaed"},"image":{"@id":"https:\/\/rodoaed.ee\/#\/schema\/logo\/image\/"},"sameAs":["https:\/\/www.facebook.com\/kasvuhooned\/","https:\/\/rodoaed.ee"]}]}},"_links":{"self":[{"href":"https:\/\/rodoaed.ee\/fi\/wp-json\/wp\/v2\/product\/52694","targetHints":{"allow":["GET"]}}],"collection":[{"href":"https:\/\/rodoaed.ee\/fi\/wp-json\/wp\/v2\/product"}],"about":[{"href":"https:\/\/rodoaed.ee\/fi\/wp-json\/wp\/v2\/types\/product"}],"wp:featuredmedia":[{"embeddable":true,"href":"https:\/\/rodoaed.ee\/fi\/wp-json\/wp\/v2\/media\/37960"}],"wp:attachment":[{"href":"https:\/\/rodoaed.ee\/fi\/wp-json\/wp\/v2\/media?parent=52694"}],"wp:term":[{"taxonomy":"product_brand","embeddable":true,"href":"https:\/\/rodoaed.ee\/fi\/wp-json\/wp\/v2\/product_brand?post=52694"},{"taxonomy":"product_cat","embeddable":true,"href":"https:\/\/rodoaed.ee\/fi\/wp-json\/wp\/v2\/product_cat?post=52694"},{"taxonomy":"product_tag","embeddable":true,"href":"https:\/\/rodoaed.ee\/fi\/wp-json\/wp\/v2\/product_tag?post=52694"}],"curies":[{"name":"wp","href":"https:\/\/api.w.org\/{rel}","templated":true}]}}