{"id":52696,"date":"2021-02-02T11:11:51","date_gmt":"2021-02-02T09:11:51","guid":{"rendered":"https:\/\/rodoaed.ee\/toode\/chilipaprika-viljelypakkaus-taydellinen-pakkaus-siemenineen-viimeiset\/"},"modified":"2026-04-13T10:51:54","modified_gmt":"2026-04-13T07:51:54","slug":"chilipaprika-viljelypakkaus-taydellinen-pakkaus-siemenineen-viimeiset","status":"publish","type":"product","link":"https:\/\/rodoaed.ee\/fi\/tuote\/chilipaprika-viljelypakkaus-taydellinen-pakkaus-siemenineen-viimeiset\/","title":{"rendered":"Chili&amp;Paprika viljelypakkaus &#8211; t\u00e4ydellinen pakkaus siemenineen &#8211; viimeiset!"},"content":{"rendered":"<h2>All inclusive kasvatussarja yrttej\u00e4 varten<\/h2>\n<p><strong>Setti sis\u00e4lt\u00e4\u00e4:<\/strong><\/p>\n<ol>\n<li>10 py\u00f6re\u00e4\u00e4 kasvupussia, joiden koko on 6cm<\/li>\n<li>2x 1 litran Pop Up kylv\u00f6multa<\/li>\n<li>4 siemenpakettia (2x chili ja 2x paprika)<\/li>\n<li>5 siemenmerkint\u00e4tikkua, jotka ovat my\u00f6s k\u00e4tevi\u00e4 kylv\u00f6tikkuja.<\/li>\n<li>Opas<\/li>\n<\/ol>\n<p><strong>Kasvata omia yrttej\u00e4 ja yrttej\u00e4 tyylikk\u00e4\u00e4sti<\/strong><\/p>\n<p>Aloituspakkaus sis\u00e4lt\u00e4\u00e4 kaiken, mit\u00e4 tarvitset aloitukseen, sek\u00e4 4 erilaista pakettia chili- ja pippurisiemeni\u00e4. Chili- ja paprikasiemenet tuovat ruokiin raikkautta ja vivahdetta ja tuovat esiin itse ruoan maun. Me pohjoismaalaiset tarvitsemme kes\u00e4ll\u00e4 my\u00f6s maustetta, joka auttaa meit\u00e4 kest\u00e4m\u00e4\u00e4n talven kylmyytt\u00e4. Sopii erinomaisesti salaatteihin ja keittoihin sek\u00e4 pizzoihin, piirakoihin ja kastikkeisiin. Ja tietysti lihapapuihin ja&#8230; paljon muuhun. ..On aika kylv\u00e4\u00e4.<\/p>\n<p>P\u00e4\u00e4set my\u00f6s nauttimaan itse kasvien istutus- ja kasvatusprosessista, sill\u00e4 se on kiehtovaa katseltavaa.<\/p>\n<p>&nbsp;<\/p>\n<p>Mukana tulevat kasvatusruukut ovat ihanteellisia kylv\u00e4miseen ja kasvattamiseen. Ne on valmistettu 100-prosenttisesti turpeettomina (s\u00e4ilyt\u00e4mme Viron turvesoita) ja ne ovat t\u00e4ysin kovettuneita. <\/p>\n<p>Anna puristetun kasvualustan turvota vedell\u00e4 ohjeiden mukaisesti, t\u00e4yt\u00e4 ruukut \u00e4\u00e4ri\u00e4\u00e4n my\u00f6ten ja paina ne kevyesti yhteen niin, ett\u00e4 maan pinta on noin 1 cm ruukun reunan alapuolella. T\u00e4m\u00e4 helpottaa kastelua. Kylv\u00e4 vaaleat siemenet suoraan maan pinnalle. Kylv\u00e4 tummat siemenet kylv\u00f6tikulla tehtyihin reikiin ja peit\u00e4 ne kevyesti mullalla. Aseta ruukut tarjottimelle, kylv\u00f6alustalle tai minikasvihuoneeseen. Pid\u00e4 sitten multa kosteana, kunnes siemenet it\u00e4v\u00e4t ja kasvit versovat. \u00c4l\u00e4 kastele maata liikaa, jotta siemenet eiv\u00e4t kuole liialliseen kosteuteen.      <\/p>\n<p>Mukana toimitetut kylv\u00f6kepit ovat yleisty\u00f6kaluja. Kun olet kylv\u00e4nyt siemenet, k\u00e4yt\u00e4 samoja tikkuja tarrojen kiinnitt\u00e4miseen. Voit my\u00f6s k\u00e4ytt\u00e4\u00e4 kasvipusseja ja kirjoittaa niihin kasvien nimet vedenkest\u00e4v\u00e4ll\u00e4 huovalla.  <\/p>\n<p>Tuoreet ruukut kannattaa sijoittaa l\u00e4mpim\u00e4\u00e4n, valoisaan paikkaan, jossa ei ole suoraa auringonvaloa. Voit vapaasti k\u00e4ytt\u00e4\u00e4 minikasvihuonetta, jossa on oma valaistus ja l\u00e4mmitys sis\u00e4ll\u00e4. N\u00e4in voit kylv\u00e4\u00e4 hyvin aikaisin kev\u00e4\u00e4ll\u00e4, kun valoa on viel\u00e4 niukasti tai kun asunnon ikkunat ovat pohjoiseen p\u00e4in.  <\/p>\n<p>Kun taimet ovat kasvattaneet vahvan varren, voit istuttaa ne erillisiin ruukkuihin suoraan kukkapenkkiin tai parvekelaatikkoon. K\u00e4yt\u00e4 j\u00e4lleen kylv\u00f6konetta taimien siirt\u00e4miseen vahingoittamatta taimia. Kastele kasvit juuri ennen istutusta.  <\/p>\n<div id=\"article-specifications\" class=\"tab-links__content is-active col-md-6 mb-4\"><\/div>\n","protected":false},"excerpt":{"rendered":"<p>All inclusive kasvatussarja yrttej\u00e4 varten Setti sis\u00e4lt\u00e4\u00e4: 10 py\u00f6re\u00e4\u00e4 kasvupussia, joiden koko on 6cm 2x 1 litran Pop Up kylv\u00f6multa 4 siemenpakettia (2x chili ja 2x paprika) 5 siemenmerkint\u00e4tikkua, jotka ovat my\u00f6s k\u00e4tevi\u00e4 kylv\u00f6tikkuja. Opas Kasvata omia yrttej\u00e4 ja yrttej\u00e4 tyylikk\u00e4\u00e4sti Aloituspakkaus sis\u00e4lt\u00e4\u00e4 kaiken, mit\u00e4 tarvitset aloitukseen, sek\u00e4 4 erilaista pakettia chili- ja pippurisiemeni\u00e4. Chili- ja paprikasiemenet tuovat ruokiin raikkautta ja vivahdetta ja tuovat esiin&#8230;<\/p>\n","protected":false},"featured_media":36052,"template":"","meta":{"_acf_changed":false},"product_brand":[],"product_cat":[1825,1743,1745],"product_tag":[],"class_list":{"0":"post-52696","1":"product","2":"type-product","3":"status-publish","4":"has-post-thumbnail","6":"product_cat-kasvualusta-ja-ruukkumulta","7":"product_cat-lisalahjat-lahjat","8":"product_cat-suuri-varaston-tyhjennysmyynti","9":"product_shipping_class-toimitus-1-3-tyopaivan-kuluessa","10":"pa_variatsioon-superseeder-kylvokone-21","12":"first","13":"instock","14":"sale","15":"taxable","16":"shipping-taxable","17":"purchasable","18":"product-type-simple"},"acf":[],"yoast_head":"<!-- This site is optimized with the Yoast SEO Premium plugin v27.3 (Yoast SEO v27.3) - https:\/\/yoast.com\/product\/yoast-seo-premium-wordpress\/ -->\n<title>Chili&amp;Paprika viljelypakkaus - t\u00e4ydellinen pakkaus siemenineen - viimeiset! - Rodoaed<\/title>\n<meta name=\"robots\" content=\"index, follow, max-snippet:-1, max-image-preview:large, max-video-preview:-1\" \/>\n<link rel=\"canonical\" href=\"https:\/\/rodoaed.ee\/fi\/toode\/chilipaprika-viljelypakkaus-taydellinen-pakkaus-siemenineen-viimeiset\/\" \/>\n<meta property=\"og:locale\" content=\"fi_FI\" \/>\n<meta property=\"og:type\" content=\"article\" \/>\n<meta property=\"og:title\" content=\"Chili&amp;Paprika viljelypakkaus - t\u00e4ydellinen pakkaus siemenineen - viimeiset!\" \/>\n<meta property=\"og:description\" content=\"All inclusive kasvatussarja yrttej\u00e4 varten Setti sis\u00e4lt\u00e4\u00e4: 10 py\u00f6re\u00e4\u00e4 kasvupussia, joiden koko on 6cm 2x 1 litran Pop Up kylv\u00f6multa 4 siemenpakettia (2x\" \/>\n<meta property=\"og:url\" content=\"https:\/\/rodoaed.ee\/fi\/toode\/chilipaprika-viljelypakkaus-taydellinen-pakkaus-siemenineen-viimeiset\/\" \/>\n<meta property=\"og:site_name\" content=\"Rodoaed\" \/>\n<meta property=\"article:publisher\" content=\"https:\/\/www.facebook.com\/kasvuhooned\/\" \/>\n<meta property=\"article:modified_time\" content=\"2026-04-13T07:51:54+00:00\" \/>\n<meta property=\"og:image\" content=\"https:\/\/rodoaed.ee\/wp-content\/uploads\/2021\/02\/16291498_web.jpg\" \/>\n\t<meta property=\"og:image:width\" content=\"1524\" \/>\n\t<meta property=\"og:image:height\" content=\"848\" \/>\n\t<meta property=\"og:image:type\" content=\"image\/jpeg\" \/>\n<meta name=\"twitter:card\" content=\"summary_large_image\" \/>\n<meta name=\"twitter:label1\" content=\"Arvioitu lukuaika\" \/>\n\t<meta name=\"twitter:data1\" content=\"2 minuuttia\" \/>\n<script type=\"application\/ld+json\" class=\"yoast-schema-graph\">{\"@context\":\"https:\\\/\\\/schema.org\",\"@graph\":[{\"@type\":\"WebPage\",\"@id\":\"https:\\\/\\\/rodoaed.ee\\\/fi\\\/toode\\\/chilipaprika-viljelypakkaus-taydellinen-pakkaus-siemenineen-viimeiset\\\/\",\"url\":\"https:\\\/\\\/rodoaed.ee\\\/fi\\\/toode\\\/chilipaprika-viljelypakkaus-taydellinen-pakkaus-siemenineen-viimeiset\\\/\",\"name\":\"Chili&amp;Paprika viljelypakkaus - t\u00e4ydellinen pakkaus siemenineen - viimeiset! - Rodoaed\",\"isPartOf\":{\"@id\":\"https:\\\/\\\/rodoaed.ee\\\/#website\"},\"primaryImageOfPage\":{\"@id\":\"https:\\\/\\\/rodoaed.ee\\\/fi\\\/toode\\\/chilipaprika-viljelypakkaus-taydellinen-pakkaus-siemenineen-viimeiset\\\/#primaryimage\"},\"image\":{\"@id\":\"https:\\\/\\\/rodoaed.ee\\\/fi\\\/toode\\\/chilipaprika-viljelypakkaus-taydellinen-pakkaus-siemenineen-viimeiset\\\/#primaryimage\"},\"thumbnailUrl\":\"https:\\\/\\\/rodoaed.ee\\\/wp-content\\\/uploads\\\/2021\\\/02\\\/16291498_web.jpg\",\"datePublished\":\"2021-02-02T09:11:51+00:00\",\"dateModified\":\"2026-04-13T07:51:54+00:00\",\"breadcrumb\":{\"@id\":\"https:\\\/\\\/rodoaed.ee\\\/fi\\\/toode\\\/chilipaprika-viljelypakkaus-taydellinen-pakkaus-siemenineen-viimeiset\\\/#breadcrumb\"},\"inLanguage\":\"fi\",\"potentialAction\":[{\"@type\":\"ReadAction\",\"target\":[\"https:\\\/\\\/rodoaed.ee\\\/fi\\\/toode\\\/chilipaprika-viljelypakkaus-taydellinen-pakkaus-siemenineen-viimeiset\\\/\"]}]},{\"@type\":\"ImageObject\",\"inLanguage\":\"fi\",\"@id\":\"https:\\\/\\\/rodoaed.ee\\\/fi\\\/toode\\\/chilipaprika-viljelypakkaus-taydellinen-pakkaus-siemenineen-viimeiset\\\/#primaryimage\",\"url\":\"https:\\\/\\\/rodoaed.ee\\\/wp-content\\\/uploads\\\/2021\\\/02\\\/16291498_web.jpg\",\"contentUrl\":\"https:\\\/\\\/rodoaed.ee\\\/wp-content\\\/uploads\\\/2021\\\/02\\\/16291498_web.jpg\",\"width\":1524,\"height\":848},{\"@type\":\"BreadcrumbList\",\"@id\":\"https:\\\/\\\/rodoaed.ee\\\/fi\\\/toode\\\/chilipaprika-viljelypakkaus-taydellinen-pakkaus-siemenineen-viimeiset\\\/#breadcrumb\",\"itemListElement\":[{\"@type\":\"ListItem\",\"position\":1,\"name\":\"Home\",\"item\":\"https:\\\/\\\/rodoaed.ee\\\/fi\\\/\"},{\"@type\":\"ListItem\",\"position\":2,\"name\":\"Osta osoitteessa\",\"item\":\"https:\\\/\\\/rodoaed.ee\\\/osta-osoitteessa\\\/\"},{\"@type\":\"ListItem\",\"position\":3,\"name\":\"Chili&amp;Paprika viljelypakkaus &#8211; t\u00e4ydellinen pakkaus siemenineen &#8211; viimeiset!\"}]},{\"@type\":\"WebSite\",\"@id\":\"https:\\\/\\\/rodoaed.ee\\\/#website\",\"url\":\"https:\\\/\\\/rodoaed.ee\\\/\",\"name\":\"Rodoaed\",\"description\":\"\",\"publisher\":{\"@id\":\"https:\\\/\\\/rodoaed.ee\\\/#organization\"},\"potentialAction\":[{\"@type\":\"SearchAction\",\"target\":{\"@type\":\"EntryPoint\",\"urlTemplate\":\"https:\\\/\\\/rodoaed.ee\\\/?s={search_term_string}\"},\"query-input\":{\"@type\":\"PropertyValueSpecification\",\"valueRequired\":true,\"valueName\":\"search_term_string\"}}],\"inLanguage\":\"fi\"},{\"@type\":\"Organization\",\"@id\":\"https:\\\/\\\/rodoaed.ee\\\/#organization\",\"name\":\"Rodoaed\",\"url\":\"https:\\\/\\\/rodoaed.ee\\\/\",\"logo\":{\"@type\":\"ImageObject\",\"inLanguage\":\"fi\",\"@id\":\"https:\\\/\\\/rodoaed.ee\\\/#\\\/schema\\\/logo\\\/image\\\/\",\"url\":\"https:\\\/\\\/rodoaed.ee\\\/wp-content\\\/uploads\\\/2019\\\/11\\\/rodoaed-logo-ilma-taustata.jpg\",\"contentUrl\":\"https:\\\/\\\/rodoaed.ee\\\/wp-content\\\/uploads\\\/2019\\\/11\\\/rodoaed-logo-ilma-taustata.jpg\",\"width\":769,\"height\":268,\"caption\":\"Rodoaed\"},\"image\":{\"@id\":\"https:\\\/\\\/rodoaed.ee\\\/#\\\/schema\\\/logo\\\/image\\\/\"},\"sameAs\":[\"https:\\\/\\\/www.facebook.com\\\/kasvuhooned\\\/\",\"https:\\\/\\\/rodoaed.ee\"]}]}<\/script>\n<!-- \/ Yoast SEO Premium plugin. -->","yoast_head_json":{"title":"Chili&amp;Paprika viljelypakkaus - t\u00e4ydellinen pakkaus siemenineen - viimeiset! - Rodoaed","robots":{"index":"index","follow":"follow","max-snippet":"max-snippet:-1","max-image-preview":"max-image-preview:large","max-video-preview":"max-video-preview:-1"},"canonical":"https:\/\/rodoaed.ee\/fi\/toode\/chilipaprika-viljelypakkaus-taydellinen-pakkaus-siemenineen-viimeiset\/","og_locale":"fi_FI","og_type":"article","og_title":"Chili&amp;Paprika viljelypakkaus - t\u00e4ydellinen pakkaus siemenineen - viimeiset!","og_description":"All inclusive kasvatussarja yrttej\u00e4 varten Setti sis\u00e4lt\u00e4\u00e4: 10 py\u00f6re\u00e4\u00e4 kasvupussia, joiden koko on 6cm 2x 1 litran Pop Up kylv\u00f6multa 4 siemenpakettia (2x","og_url":"https:\/\/rodoaed.ee\/fi\/toode\/chilipaprika-viljelypakkaus-taydellinen-pakkaus-siemenineen-viimeiset\/","og_site_name":"Rodoaed","article_publisher":"https:\/\/www.facebook.com\/kasvuhooned\/","article_modified_time":"2026-04-13T07:51:54+00:00","og_image":[{"width":1524,"height":848,"url":"https:\/\/rodoaed.ee\/wp-content\/uploads\/2021\/02\/16291498_web.jpg","type":"image\/jpeg"}],"twitter_card":"summary_large_image","twitter_misc":{"Arvioitu lukuaika":"2 minuuttia"},"schema":{"@context":"https:\/\/schema.org","@graph":[{"@type":"WebPage","@id":"https:\/\/rodoaed.ee\/fi\/toode\/chilipaprika-viljelypakkaus-taydellinen-pakkaus-siemenineen-viimeiset\/","url":"https:\/\/rodoaed.ee\/fi\/toode\/chilipaprika-viljelypakkaus-taydellinen-pakkaus-siemenineen-viimeiset\/","name":"Chili&amp;Paprika viljelypakkaus - t\u00e4ydellinen pakkaus siemenineen - viimeiset! - Rodoaed","isPartOf":{"@id":"https:\/\/rodoaed.ee\/#website"},"primaryImageOfPage":{"@id":"https:\/\/rodoaed.ee\/fi\/toode\/chilipaprika-viljelypakkaus-taydellinen-pakkaus-siemenineen-viimeiset\/#primaryimage"},"image":{"@id":"https:\/\/rodoaed.ee\/fi\/toode\/chilipaprika-viljelypakkaus-taydellinen-pakkaus-siemenineen-viimeiset\/#primaryimage"},"thumbnailUrl":"https:\/\/rodoaed.ee\/wp-content\/uploads\/2021\/02\/16291498_web.jpg","datePublished":"2021-02-02T09:11:51+00:00","dateModified":"2026-04-13T07:51:54+00:00","breadcrumb":{"@id":"https:\/\/rodoaed.ee\/fi\/toode\/chilipaprika-viljelypakkaus-taydellinen-pakkaus-siemenineen-viimeiset\/#breadcrumb"},"inLanguage":"fi","potentialAction":[{"@type":"ReadAction","target":["https:\/\/rodoaed.ee\/fi\/toode\/chilipaprika-viljelypakkaus-taydellinen-pakkaus-siemenineen-viimeiset\/"]}]},{"@type":"ImageObject","inLanguage":"fi","@id":"https:\/\/rodoaed.ee\/fi\/toode\/chilipaprika-viljelypakkaus-taydellinen-pakkaus-siemenineen-viimeiset\/#primaryimage","url":"https:\/\/rodoaed.ee\/wp-content\/uploads\/2021\/02\/16291498_web.jpg","contentUrl":"https:\/\/rodoaed.ee\/wp-content\/uploads\/2021\/02\/16291498_web.jpg","width":1524,"height":848},{"@type":"BreadcrumbList","@id":"https:\/\/rodoaed.ee\/fi\/toode\/chilipaprika-viljelypakkaus-taydellinen-pakkaus-siemenineen-viimeiset\/#breadcrumb","itemListElement":[{"@type":"ListItem","position":1,"name":"Home","item":"https:\/\/rodoaed.ee\/fi\/"},{"@type":"ListItem","position":2,"name":"Osta osoitteessa","item":"https:\/\/rodoaed.ee\/osta-osoitteessa\/"},{"@type":"ListItem","position":3,"name":"Chili&amp;Paprika viljelypakkaus &#8211; t\u00e4ydellinen pakkaus siemenineen &#8211; viimeiset!"}]},{"@type":"WebSite","@id":"https:\/\/rodoaed.ee\/#website","url":"https:\/\/rodoaed.ee\/","name":"Rodoaed","description":"","publisher":{"@id":"https:\/\/rodoaed.ee\/#organization"},"potentialAction":[{"@type":"SearchAction","target":{"@type":"EntryPoint","urlTemplate":"https:\/\/rodoaed.ee\/?s={search_term_string}"},"query-input":{"@type":"PropertyValueSpecification","valueRequired":true,"valueName":"search_term_string"}}],"inLanguage":"fi"},{"@type":"Organization","@id":"https:\/\/rodoaed.ee\/#organization","name":"Rodoaed","url":"https:\/\/rodoaed.ee\/","logo":{"@type":"ImageObject","inLanguage":"fi","@id":"https:\/\/rodoaed.ee\/#\/schema\/logo\/image\/","url":"https:\/\/rodoaed.ee\/wp-content\/uploads\/2019\/11\/rodoaed-logo-ilma-taustata.jpg","contentUrl":"https:\/\/rodoaed.ee\/wp-content\/uploads\/2019\/11\/rodoaed-logo-ilma-taustata.jpg","width":769,"height":268,"caption":"Rodoaed"},"image":{"@id":"https:\/\/rodoaed.ee\/#\/schema\/logo\/image\/"},"sameAs":["https:\/\/www.facebook.com\/kasvuhooned\/","https:\/\/rodoaed.ee"]}]}},"_links":{"self":[{"href":"https:\/\/rodoaed.ee\/fi\/wp-json\/wp\/v2\/product\/52696","targetHints":{"allow":["GET"]}}],"collection":[{"href":"https:\/\/rodoaed.ee\/fi\/wp-json\/wp\/v2\/product"}],"about":[{"href":"https:\/\/rodoaed.ee\/fi\/wp-json\/wp\/v2\/types\/product"}],"wp:featuredmedia":[{"embeddable":true,"href":"https:\/\/rodoaed.ee\/fi\/wp-json\/wp\/v2\/media\/36052"}],"wp:attachment":[{"href":"https:\/\/rodoaed.ee\/fi\/wp-json\/wp\/v2\/media?parent=52696"}],"wp:term":[{"taxonomy":"product_brand","embeddable":true,"href":"https:\/\/rodoaed.ee\/fi\/wp-json\/wp\/v2\/product_brand?post=52696"},{"taxonomy":"product_cat","embeddable":true,"href":"https:\/\/rodoaed.ee\/fi\/wp-json\/wp\/v2\/product_cat?post=52696"},{"taxonomy":"product_tag","embeddable":true,"href":"https:\/\/rodoaed.ee\/fi\/wp-json\/wp\/v2\/product_tag?post=52696"}],"curies":[{"name":"wp","href":"https:\/\/api.w.org\/{rel}","templated":true}]}}