{"id":52697,"date":"2021-03-04T13:55:32","date_gmt":"2021-03-04T11:55:32","guid":{"rendered":"https:\/\/rodoaed.ee\/toode\/kasvinsidontanaru-3x55m-eri-vareissa\/"},"modified":"2026-04-13T10:51:54","modified_gmt":"2026-04-13T07:51:54","slug":"kasvinsidontanaru-3x55m-eri-vareissa","status":"publish","type":"product","link":"https:\/\/rodoaed.ee\/fi\/tuote\/kasvinsidontanaru-3x55m-eri-vareissa\/","title":{"rendered":"Kasvinsidontanaru- 3x55m eri v\u00e4reiss\u00e4"},"content":{"rendered":"<h2>Puutarhanaru, kasvien sidontalanka, sopii k\u00e4ytett\u00e4v\u00e4ksi nuppipurkin t\u00e4ytt\u00f6lanka.<\/h2>\n<p>T\u00e4m\u00e4 v\u00e4rik\u00e4s luonnonpuuvillakuidusta valmistettu puutarhak\u00f6ysi sopii erinomaisesti k\u00f6ynn\u00f6sten, kuten tomaattien ja kurkkujen, sitomiseen, pensaiden tukemiseen ja moniin muihin puutarhanhoitot\u00f6ihin. Se on 100 % luonnonkuitua, s\u00e4\u00e4nkest\u00e4v\u00e4 ja 55 m pitk\u00e4. <\/p>\n<h2>T\u00e4rkeimm\u00e4t ominaisuudet :<\/h2>\n<ul>\n<li>Mitat: L 4,8 x L 4,8 x K 10,8 cm.<\/li>\n<li>Paino: 3 x 81 g<\/li>\n<li>Materiaali: puuvillaa<\/li>\n<li>Mukana 3 eriv\u00e4rist\u00e4 narua (vihre\u00e4, sininen, punainen) 3 x 55m.<\/li>\n<\/ul>\n<p>&nbsp;<\/p>\n<div id=\"article-specifications\" class=\"tab-links__content is-active col-md-6 mb-4\"><\/div>\n","protected":false},"excerpt":{"rendered":"<p>Puutarhanaru, kasvien sidontalanka, sopii k\u00e4ytett\u00e4v\u00e4ksi nuppipurkin t\u00e4ytt\u00f6lanka. T\u00e4m\u00e4 v\u00e4rik\u00e4s luonnonpuuvillakuidusta valmistettu puutarhak\u00f6ysi sopii erinomaisesti k\u00f6ynn\u00f6sten, kuten tomaattien ja kurkkujen, sitomiseen, pensaiden tukemiseen ja moniin muihin puutarhanhoitot\u00f6ihin. Se on 100 % luonnonkuitua, s\u00e4\u00e4nkest\u00e4v\u00e4 ja 55 m pitk\u00e4. T\u00e4rkeimm\u00e4t ominaisuudet : Mitat: L 4,8 x L 4,8 x K 10,8 cm. Paino: 3 x 81 g Materiaali: puuvillaa Mukana 3 eriv\u00e4rist\u00e4 narua (vihre\u00e4, sininen, punainen) 3 x&#8230;<\/p>\n","protected":false},"featured_media":36357,"template":"","meta":{"_acf_changed":false},"product_brand":[],"product_cat":[1771,1776,1811,1790,1833,1772,1743,1857],"product_tag":[],"class_list":{"0":"post-52697","1":"product","2":"type-product","3":"status-publish","4":"has-post-thumbnail","6":"product_cat-fiksuja-auttajia","7":"product_cat-hyodylliset-lisavarusteet","8":"product_cat-kasvien-kasvattaminen","9":"product_cat-kasvuun-tarvittavat-tyokalut","10":"product_cat-lahjat-naisille","11":"product_cat-lahjat-puutarhurille","12":"product_cat-lisalahjat-lahjat","13":"product_cat-tyokalupaketit","14":"product_shipping_class-toimitus-1-3-tyopaivan-kuluessa","15":"pa_variatsioon-superseeder-kylvokone-21","17":"first","18":"instock","19":"sale","20":"taxable","21":"shipping-taxable","22":"purchasable","23":"product-type-simple"},"acf":[],"yoast_head":"<!-- This site is optimized with the Yoast SEO Premium plugin v27.3 (Yoast SEO v27.3) - https:\/\/yoast.com\/product\/yoast-seo-premium-wordpress\/ -->\n<title>Kasvinsidontanaru- 3x55m eri v\u00e4reiss\u00e4 - Rodoaed<\/title>\n<meta name=\"robots\" content=\"index, follow, max-snippet:-1, max-image-preview:large, max-video-preview:-1\" \/>\n<link rel=\"canonical\" href=\"https:\/\/rodoaed.ee\/fi\/toode\/kasvinsidontanaru-3x55m-eri-vareissa\/\" \/>\n<meta property=\"og:locale\" content=\"fi_FI\" \/>\n<meta property=\"og:type\" content=\"article\" \/>\n<meta property=\"og:title\" content=\"Kasvinsidontanaru- 3x55m eri v\u00e4reiss\u00e4\" \/>\n<meta property=\"og:description\" content=\"Puutarhanaru, kasvien sidontalanka, sopii k\u00e4ytett\u00e4v\u00e4ksi nuppipurkin t\u00e4ytt\u00f6lanka. T\u00e4m\u00e4 v\u00e4rik\u00e4s luonnonpuuvillakuidusta valmistettu puutarhak\u00f6ysi sopii\" \/>\n<meta property=\"og:url\" content=\"https:\/\/rodoaed.ee\/fi\/toode\/kasvinsidontanaru-3x55m-eri-vareissa\/\" \/>\n<meta property=\"og:site_name\" content=\"Rodoaed\" \/>\n<meta property=\"article:publisher\" content=\"https:\/\/www.facebook.com\/kasvuhooned\/\" \/>\n<meta property=\"article:modified_time\" content=\"2026-04-13T07:51:54+00:00\" \/>\n<meta property=\"og:image\" content=\"https:\/\/rodoaed.ee\/wp-content\/uploads\/2021\/03\/aianoor_GT137_01.png\" \/>\n\t<meta property=\"og:image:width\" content=\"1240\" \/>\n\t<meta property=\"og:image:height\" content=\"1240\" \/>\n\t<meta property=\"og:image:type\" content=\"image\/png\" \/>\n<meta name=\"twitter:card\" content=\"summary_large_image\" \/>\n<script type=\"application\/ld+json\" class=\"yoast-schema-graph\">{\"@context\":\"https:\\\/\\\/schema.org\",\"@graph\":[{\"@type\":\"WebPage\",\"@id\":\"https:\\\/\\\/rodoaed.ee\\\/fi\\\/toode\\\/kasvinsidontanaru-3x55m-eri-vareissa\\\/\",\"url\":\"https:\\\/\\\/rodoaed.ee\\\/fi\\\/toode\\\/kasvinsidontanaru-3x55m-eri-vareissa\\\/\",\"name\":\"Kasvinsidontanaru- 3x55m eri v\u00e4reiss\u00e4 - Rodoaed\",\"isPartOf\":{\"@id\":\"https:\\\/\\\/rodoaed.ee\\\/#website\"},\"primaryImageOfPage\":{\"@id\":\"https:\\\/\\\/rodoaed.ee\\\/fi\\\/toode\\\/kasvinsidontanaru-3x55m-eri-vareissa\\\/#primaryimage\"},\"image\":{\"@id\":\"https:\\\/\\\/rodoaed.ee\\\/fi\\\/toode\\\/kasvinsidontanaru-3x55m-eri-vareissa\\\/#primaryimage\"},\"thumbnailUrl\":\"https:\\\/\\\/rodoaed.ee\\\/wp-content\\\/uploads\\\/2021\\\/03\\\/aianoor_GT137_01.png\",\"datePublished\":\"2021-03-04T11:55:32+00:00\",\"dateModified\":\"2026-04-13T07:51:54+00:00\",\"breadcrumb\":{\"@id\":\"https:\\\/\\\/rodoaed.ee\\\/fi\\\/toode\\\/kasvinsidontanaru-3x55m-eri-vareissa\\\/#breadcrumb\"},\"inLanguage\":\"fi\",\"potentialAction\":[{\"@type\":\"ReadAction\",\"target\":[\"https:\\\/\\\/rodoaed.ee\\\/fi\\\/toode\\\/kasvinsidontanaru-3x55m-eri-vareissa\\\/\"]}]},{\"@type\":\"ImageObject\",\"inLanguage\":\"fi\",\"@id\":\"https:\\\/\\\/rodoaed.ee\\\/fi\\\/toode\\\/kasvinsidontanaru-3x55m-eri-vareissa\\\/#primaryimage\",\"url\":\"https:\\\/\\\/rodoaed.ee\\\/wp-content\\\/uploads\\\/2021\\\/03\\\/aianoor_GT137_01.png\",\"contentUrl\":\"https:\\\/\\\/rodoaed.ee\\\/wp-content\\\/uploads\\\/2021\\\/03\\\/aianoor_GT137_01.png\",\"width\":1240,\"height\":1240},{\"@type\":\"BreadcrumbList\",\"@id\":\"https:\\\/\\\/rodoaed.ee\\\/fi\\\/toode\\\/kasvinsidontanaru-3x55m-eri-vareissa\\\/#breadcrumb\",\"itemListElement\":[{\"@type\":\"ListItem\",\"position\":1,\"name\":\"Home\",\"item\":\"https:\\\/\\\/rodoaed.ee\\\/fi\\\/\"},{\"@type\":\"ListItem\",\"position\":2,\"name\":\"Osta osoitteessa\",\"item\":\"https:\\\/\\\/rodoaed.ee\\\/osta-osoitteessa\\\/\"},{\"@type\":\"ListItem\",\"position\":3,\"name\":\"Kasvinsidontanaru- 3x55m eri v\u00e4reiss\u00e4\"}]},{\"@type\":\"WebSite\",\"@id\":\"https:\\\/\\\/rodoaed.ee\\\/#website\",\"url\":\"https:\\\/\\\/rodoaed.ee\\\/\",\"name\":\"Rodoaed\",\"description\":\"\",\"publisher\":{\"@id\":\"https:\\\/\\\/rodoaed.ee\\\/#organization\"},\"potentialAction\":[{\"@type\":\"SearchAction\",\"target\":{\"@type\":\"EntryPoint\",\"urlTemplate\":\"https:\\\/\\\/rodoaed.ee\\\/?s={search_term_string}\"},\"query-input\":{\"@type\":\"PropertyValueSpecification\",\"valueRequired\":true,\"valueName\":\"search_term_string\"}}],\"inLanguage\":\"fi\"},{\"@type\":\"Organization\",\"@id\":\"https:\\\/\\\/rodoaed.ee\\\/#organization\",\"name\":\"Rodoaed\",\"url\":\"https:\\\/\\\/rodoaed.ee\\\/\",\"logo\":{\"@type\":\"ImageObject\",\"inLanguage\":\"fi\",\"@id\":\"https:\\\/\\\/rodoaed.ee\\\/#\\\/schema\\\/logo\\\/image\\\/\",\"url\":\"https:\\\/\\\/rodoaed.ee\\\/wp-content\\\/uploads\\\/2019\\\/11\\\/rodoaed-logo-ilma-taustata.jpg\",\"contentUrl\":\"https:\\\/\\\/rodoaed.ee\\\/wp-content\\\/uploads\\\/2019\\\/11\\\/rodoaed-logo-ilma-taustata.jpg\",\"width\":769,\"height\":268,\"caption\":\"Rodoaed\"},\"image\":{\"@id\":\"https:\\\/\\\/rodoaed.ee\\\/#\\\/schema\\\/logo\\\/image\\\/\"},\"sameAs\":[\"https:\\\/\\\/www.facebook.com\\\/kasvuhooned\\\/\",\"https:\\\/\\\/rodoaed.ee\"]}]}<\/script>\n<!-- \/ Yoast SEO Premium plugin. -->","yoast_head_json":{"title":"Kasvinsidontanaru- 3x55m eri v\u00e4reiss\u00e4 - Rodoaed","robots":{"index":"index","follow":"follow","max-snippet":"max-snippet:-1","max-image-preview":"max-image-preview:large","max-video-preview":"max-video-preview:-1"},"canonical":"https:\/\/rodoaed.ee\/fi\/toode\/kasvinsidontanaru-3x55m-eri-vareissa\/","og_locale":"fi_FI","og_type":"article","og_title":"Kasvinsidontanaru- 3x55m eri v\u00e4reiss\u00e4","og_description":"Puutarhanaru, kasvien sidontalanka, sopii k\u00e4ytett\u00e4v\u00e4ksi nuppipurkin t\u00e4ytt\u00f6lanka. T\u00e4m\u00e4 v\u00e4rik\u00e4s luonnonpuuvillakuidusta valmistettu puutarhak\u00f6ysi sopii","og_url":"https:\/\/rodoaed.ee\/fi\/toode\/kasvinsidontanaru-3x55m-eri-vareissa\/","og_site_name":"Rodoaed","article_publisher":"https:\/\/www.facebook.com\/kasvuhooned\/","article_modified_time":"2026-04-13T07:51:54+00:00","og_image":[{"width":1240,"height":1240,"url":"https:\/\/rodoaed.ee\/wp-content\/uploads\/2021\/03\/aianoor_GT137_01.png","type":"image\/png"}],"twitter_card":"summary_large_image","schema":{"@context":"https:\/\/schema.org","@graph":[{"@type":"WebPage","@id":"https:\/\/rodoaed.ee\/fi\/toode\/kasvinsidontanaru-3x55m-eri-vareissa\/","url":"https:\/\/rodoaed.ee\/fi\/toode\/kasvinsidontanaru-3x55m-eri-vareissa\/","name":"Kasvinsidontanaru- 3x55m eri v\u00e4reiss\u00e4 - Rodoaed","isPartOf":{"@id":"https:\/\/rodoaed.ee\/#website"},"primaryImageOfPage":{"@id":"https:\/\/rodoaed.ee\/fi\/toode\/kasvinsidontanaru-3x55m-eri-vareissa\/#primaryimage"},"image":{"@id":"https:\/\/rodoaed.ee\/fi\/toode\/kasvinsidontanaru-3x55m-eri-vareissa\/#primaryimage"},"thumbnailUrl":"https:\/\/rodoaed.ee\/wp-content\/uploads\/2021\/03\/aianoor_GT137_01.png","datePublished":"2021-03-04T11:55:32+00:00","dateModified":"2026-04-13T07:51:54+00:00","breadcrumb":{"@id":"https:\/\/rodoaed.ee\/fi\/toode\/kasvinsidontanaru-3x55m-eri-vareissa\/#breadcrumb"},"inLanguage":"fi","potentialAction":[{"@type":"ReadAction","target":["https:\/\/rodoaed.ee\/fi\/toode\/kasvinsidontanaru-3x55m-eri-vareissa\/"]}]},{"@type":"ImageObject","inLanguage":"fi","@id":"https:\/\/rodoaed.ee\/fi\/toode\/kasvinsidontanaru-3x55m-eri-vareissa\/#primaryimage","url":"https:\/\/rodoaed.ee\/wp-content\/uploads\/2021\/03\/aianoor_GT137_01.png","contentUrl":"https:\/\/rodoaed.ee\/wp-content\/uploads\/2021\/03\/aianoor_GT137_01.png","width":1240,"height":1240},{"@type":"BreadcrumbList","@id":"https:\/\/rodoaed.ee\/fi\/toode\/kasvinsidontanaru-3x55m-eri-vareissa\/#breadcrumb","itemListElement":[{"@type":"ListItem","position":1,"name":"Home","item":"https:\/\/rodoaed.ee\/fi\/"},{"@type":"ListItem","position":2,"name":"Osta osoitteessa","item":"https:\/\/rodoaed.ee\/osta-osoitteessa\/"},{"@type":"ListItem","position":3,"name":"Kasvinsidontanaru- 3x55m eri v\u00e4reiss\u00e4"}]},{"@type":"WebSite","@id":"https:\/\/rodoaed.ee\/#website","url":"https:\/\/rodoaed.ee\/","name":"Rodoaed","description":"","publisher":{"@id":"https:\/\/rodoaed.ee\/#organization"},"potentialAction":[{"@type":"SearchAction","target":{"@type":"EntryPoint","urlTemplate":"https:\/\/rodoaed.ee\/?s={search_term_string}"},"query-input":{"@type":"PropertyValueSpecification","valueRequired":true,"valueName":"search_term_string"}}],"inLanguage":"fi"},{"@type":"Organization","@id":"https:\/\/rodoaed.ee\/#organization","name":"Rodoaed","url":"https:\/\/rodoaed.ee\/","logo":{"@type":"ImageObject","inLanguage":"fi","@id":"https:\/\/rodoaed.ee\/#\/schema\/logo\/image\/","url":"https:\/\/rodoaed.ee\/wp-content\/uploads\/2019\/11\/rodoaed-logo-ilma-taustata.jpg","contentUrl":"https:\/\/rodoaed.ee\/wp-content\/uploads\/2019\/11\/rodoaed-logo-ilma-taustata.jpg","width":769,"height":268,"caption":"Rodoaed"},"image":{"@id":"https:\/\/rodoaed.ee\/#\/schema\/logo\/image\/"},"sameAs":["https:\/\/www.facebook.com\/kasvuhooned\/","https:\/\/rodoaed.ee"]}]}},"_links":{"self":[{"href":"https:\/\/rodoaed.ee\/fi\/wp-json\/wp\/v2\/product\/52697","targetHints":{"allow":["GET"]}}],"collection":[{"href":"https:\/\/rodoaed.ee\/fi\/wp-json\/wp\/v2\/product"}],"about":[{"href":"https:\/\/rodoaed.ee\/fi\/wp-json\/wp\/v2\/types\/product"}],"wp:featuredmedia":[{"embeddable":true,"href":"https:\/\/rodoaed.ee\/fi\/wp-json\/wp\/v2\/media\/36357"}],"wp:attachment":[{"href":"https:\/\/rodoaed.ee\/fi\/wp-json\/wp\/v2\/media?parent=52697"}],"wp:term":[{"taxonomy":"product_brand","embeddable":true,"href":"https:\/\/rodoaed.ee\/fi\/wp-json\/wp\/v2\/product_brand?post=52697"},{"taxonomy":"product_cat","embeddable":true,"href":"https:\/\/rodoaed.ee\/fi\/wp-json\/wp\/v2\/product_cat?post=52697"},{"taxonomy":"product_tag","embeddable":true,"href":"https:\/\/rodoaed.ee\/fi\/wp-json\/wp\/v2\/product_tag?post=52697"}],"curies":[{"name":"wp","href":"https:\/\/api.w.org\/{rel}","templated":true}]}}