{"id":52698,"date":"2021-02-02T11:22:29","date_gmt":"2021-02-02T09:22:29","guid":{"rendered":"https:\/\/rodoaed.ee\/toode\/siemenpuikot-istutus-tag-pohjat-5kpl\/"},"modified":"2026-04-13T10:51:54","modified_gmt":"2026-04-13T07:51:54","slug":"siemenpuikot-istutus-tag-pohjat-5kpl","status":"publish","type":"product","link":"https:\/\/rodoaed.ee\/fi\/tuote\/siemenpuikot-istutus-tag-pohjat-5kpl\/","title":{"rendered":"Siemenpuikot-istutus tag pohjat 5kpl"},"content":{"rendered":"<h2>K\u00e4tev\u00e4t apuv\u00e4lineet taimien siirt\u00e4miseen ja istuttamiseen. My\u00f6s s\u00e4il\u00f6rehun sijoittamiseen. <\/h2>\n<p><strong>Kest\u00e4v\u00e4st\u00e4 materiaalista valmistettu saksalainen ty\u00f6<\/strong><\/p>\n<p>Tummanharmaat siemenpuikot<\/p>\n<ul>\n<li>K\u00e4tev\u00e4 herkkien taimien ja juurien turvalliseen erottamiseen, kun ne nostetaan.<\/li>\n<li>Reikien tekemiseen siemeniin<\/li>\n<li>Kukkapenkkiin tai ikkunalaatikkoon kiinnitett\u00e4vi\u00e4 kasvilappuja varten.<\/li>\n<li>Ihanteellinen k\u00e4ytett\u00e4v\u00e4ksi kaikissa minihuoneissa ja siemenlaatikoissa.<\/li>\n<li>Valmistettu Saksassa &#8211; laatutuote<\/li>\n<\/ul>\n<p>M\u00e4\u00e4r\u00e4 5kpl per pakkaus<\/p>\n<div id=\"article-specifications\" class=\"tab-links__content is-active col-md-6 mb-4\">\n<p>&nbsp;<\/p>\n<\/div>\n","protected":false},"excerpt":{"rendered":"<p>K\u00e4tev\u00e4t apuv\u00e4lineet taimien siirt\u00e4miseen ja istuttamiseen. My\u00f6s s\u00e4il\u00f6rehun sijoittamiseen. Kest\u00e4v\u00e4st\u00e4 materiaalista valmistettu saksalainen ty\u00f6 Tummanharmaat siemenpuikot K\u00e4tev\u00e4 herkkien taimien ja juurien turvalliseen erottamiseen, kun ne nostetaan. Reikien tekemiseen siemeniin Kukkapenkkiin tai ikkunalaatikkoon kiinnitett\u00e4vi\u00e4 kasvilappuja varten. Ihanteellinen k\u00e4ytett\u00e4v\u00e4ksi kaikissa minihuoneissa ja siemenlaatikoissa. Valmistettu Saksassa &#8211; laatutuote M\u00e4\u00e4r\u00e4 5kpl per pakkaus &nbsp;<\/p>\n","protected":false},"featured_media":36062,"template":"","meta":{"_acf_changed":false},"product_brand":[],"product_cat":[1776,1859,1862,1865,1825,1790,1814,1858],"product_tag":[],"class_list":{"0":"post-52698","1":"product","2":"type-product","3":"status-publish","4":"has-post-thumbnail","6":"product_cat-hyodylliset-lisavarusteet","7":"product_cat-istutuskauhat","8":"product_cat-istutusruukut","9":"product_cat-kasettikasetit","10":"product_cat-kasvualusta-ja-ruukkumulta","11":"product_cat-kasvuun-tarvittavat-tyokalut","12":"product_cat-kylvo-ja-siemenlaatikot","13":"product_cat-miniatyyritilat-ja-esikasvatus","14":"product_shipping_class-toimitus-1-3-tyopaivan-kuluessa","15":"pa_variatsioon-superseeder-kylvokone-21","17":"first","18":"instock","19":"taxable","20":"shipping-taxable","21":"purchasable","22":"product-type-simple"},"acf":[],"yoast_head":"<!-- This site is optimized with the Yoast SEO Premium plugin v27.3 (Yoast SEO v27.3) - https:\/\/yoast.com\/product\/yoast-seo-premium-wordpress\/ -->\n<title>Siemenpuikot-istutus tag pohjat 5kpl - Rodoaed<\/title>\n<meta name=\"robots\" content=\"index, follow, max-snippet:-1, max-image-preview:large, max-video-preview:-1\" \/>\n<link rel=\"canonical\" href=\"https:\/\/rodoaed.ee\/fi\/toode\/siemenpuikot-istutus-tag-pohjat-5kpl\/\" \/>\n<meta property=\"og:locale\" content=\"fi_FI\" \/>\n<meta property=\"og:type\" content=\"article\" \/>\n<meta property=\"og:title\" content=\"Siemenpuikot-istutus tag pohjat 5kpl\" \/>\n<meta property=\"og:description\" content=\"K\u00e4tev\u00e4t apuv\u00e4lineet taimien siirt\u00e4miseen ja istuttamiseen. My\u00f6s s\u00e4il\u00f6rehun sijoittamiseen. Kest\u00e4v\u00e4st\u00e4 materiaalista valmistettu saksalainen ty\u00f6\" \/>\n<meta property=\"og:url\" content=\"https:\/\/rodoaed.ee\/fi\/toode\/siemenpuikot-istutus-tag-pohjat-5kpl\/\" \/>\n<meta property=\"og:site_name\" content=\"Rodoaed\" \/>\n<meta property=\"article:publisher\" content=\"https:\/\/www.facebook.com\/kasvuhooned\/\" \/>\n<meta property=\"article:modified_time\" content=\"2026-04-13T07:51:54+00:00\" \/>\n<meta property=\"og:image\" content=\"https:\/\/rodoaed.ee\/wp-content\/uploads\/2021\/02\/16293099_1.jpg\" \/>\n\t<meta property=\"og:image:width\" content=\"1772\" \/>\n\t<meta property=\"og:image:height\" content=\"2538\" \/>\n\t<meta property=\"og:image:type\" content=\"image\/jpeg\" \/>\n<meta name=\"twitter:card\" content=\"summary_large_image\" \/>\n<script type=\"application\/ld+json\" class=\"yoast-schema-graph\">{\"@context\":\"https:\\\/\\\/schema.org\",\"@graph\":[{\"@type\":\"WebPage\",\"@id\":\"https:\\\/\\\/rodoaed.ee\\\/fi\\\/toode\\\/siemenpuikot-istutus-tag-pohjat-5kpl\\\/\",\"url\":\"https:\\\/\\\/rodoaed.ee\\\/fi\\\/toode\\\/siemenpuikot-istutus-tag-pohjat-5kpl\\\/\",\"name\":\"Siemenpuikot-istutus tag pohjat 5kpl - Rodoaed\",\"isPartOf\":{\"@id\":\"https:\\\/\\\/rodoaed.ee\\\/#website\"},\"primaryImageOfPage\":{\"@id\":\"https:\\\/\\\/rodoaed.ee\\\/fi\\\/toode\\\/siemenpuikot-istutus-tag-pohjat-5kpl\\\/#primaryimage\"},\"image\":{\"@id\":\"https:\\\/\\\/rodoaed.ee\\\/fi\\\/toode\\\/siemenpuikot-istutus-tag-pohjat-5kpl\\\/#primaryimage\"},\"thumbnailUrl\":\"https:\\\/\\\/rodoaed.ee\\\/wp-content\\\/uploads\\\/2021\\\/02\\\/16293099_1.jpg\",\"datePublished\":\"2021-02-02T09:22:29+00:00\",\"dateModified\":\"2026-04-13T07:51:54+00:00\",\"breadcrumb\":{\"@id\":\"https:\\\/\\\/rodoaed.ee\\\/fi\\\/toode\\\/siemenpuikot-istutus-tag-pohjat-5kpl\\\/#breadcrumb\"},\"inLanguage\":\"fi\",\"potentialAction\":[{\"@type\":\"ReadAction\",\"target\":[\"https:\\\/\\\/rodoaed.ee\\\/fi\\\/toode\\\/siemenpuikot-istutus-tag-pohjat-5kpl\\\/\"]}]},{\"@type\":\"ImageObject\",\"inLanguage\":\"fi\",\"@id\":\"https:\\\/\\\/rodoaed.ee\\\/fi\\\/toode\\\/siemenpuikot-istutus-tag-pohjat-5kpl\\\/#primaryimage\",\"url\":\"https:\\\/\\\/rodoaed.ee\\\/wp-content\\\/uploads\\\/2021\\\/02\\\/16293099_1.jpg\",\"contentUrl\":\"https:\\\/\\\/rodoaed.ee\\\/wp-content\\\/uploads\\\/2021\\\/02\\\/16293099_1.jpg\",\"width\":1772,\"height\":2538},{\"@type\":\"BreadcrumbList\",\"@id\":\"https:\\\/\\\/rodoaed.ee\\\/fi\\\/toode\\\/siemenpuikot-istutus-tag-pohjat-5kpl\\\/#breadcrumb\",\"itemListElement\":[{\"@type\":\"ListItem\",\"position\":1,\"name\":\"Home\",\"item\":\"https:\\\/\\\/rodoaed.ee\\\/fi\\\/\"},{\"@type\":\"ListItem\",\"position\":2,\"name\":\"Osta osoitteessa\",\"item\":\"https:\\\/\\\/rodoaed.ee\\\/osta-osoitteessa\\\/\"},{\"@type\":\"ListItem\",\"position\":3,\"name\":\"Siemenpuikot-istutus tag pohjat 5kpl\"}]},{\"@type\":\"WebSite\",\"@id\":\"https:\\\/\\\/rodoaed.ee\\\/#website\",\"url\":\"https:\\\/\\\/rodoaed.ee\\\/\",\"name\":\"Rodoaed\",\"description\":\"\",\"publisher\":{\"@id\":\"https:\\\/\\\/rodoaed.ee\\\/#organization\"},\"potentialAction\":[{\"@type\":\"SearchAction\",\"target\":{\"@type\":\"EntryPoint\",\"urlTemplate\":\"https:\\\/\\\/rodoaed.ee\\\/?s={search_term_string}\"},\"query-input\":{\"@type\":\"PropertyValueSpecification\",\"valueRequired\":true,\"valueName\":\"search_term_string\"}}],\"inLanguage\":\"fi\"},{\"@type\":\"Organization\",\"@id\":\"https:\\\/\\\/rodoaed.ee\\\/#organization\",\"name\":\"Rodoaed\",\"url\":\"https:\\\/\\\/rodoaed.ee\\\/\",\"logo\":{\"@type\":\"ImageObject\",\"inLanguage\":\"fi\",\"@id\":\"https:\\\/\\\/rodoaed.ee\\\/#\\\/schema\\\/logo\\\/image\\\/\",\"url\":\"https:\\\/\\\/rodoaed.ee\\\/wp-content\\\/uploads\\\/2019\\\/11\\\/rodoaed-logo-ilma-taustata.jpg\",\"contentUrl\":\"https:\\\/\\\/rodoaed.ee\\\/wp-content\\\/uploads\\\/2019\\\/11\\\/rodoaed-logo-ilma-taustata.jpg\",\"width\":769,\"height\":268,\"caption\":\"Rodoaed\"},\"image\":{\"@id\":\"https:\\\/\\\/rodoaed.ee\\\/#\\\/schema\\\/logo\\\/image\\\/\"},\"sameAs\":[\"https:\\\/\\\/www.facebook.com\\\/kasvuhooned\\\/\",\"https:\\\/\\\/rodoaed.ee\"]}]}<\/script>\n<!-- \/ Yoast SEO Premium plugin. -->","yoast_head_json":{"title":"Siemenpuikot-istutus tag pohjat 5kpl - Rodoaed","robots":{"index":"index","follow":"follow","max-snippet":"max-snippet:-1","max-image-preview":"max-image-preview:large","max-video-preview":"max-video-preview:-1"},"canonical":"https:\/\/rodoaed.ee\/fi\/toode\/siemenpuikot-istutus-tag-pohjat-5kpl\/","og_locale":"fi_FI","og_type":"article","og_title":"Siemenpuikot-istutus tag pohjat 5kpl","og_description":"K\u00e4tev\u00e4t apuv\u00e4lineet taimien siirt\u00e4miseen ja istuttamiseen. My\u00f6s s\u00e4il\u00f6rehun sijoittamiseen. Kest\u00e4v\u00e4st\u00e4 materiaalista valmistettu saksalainen ty\u00f6","og_url":"https:\/\/rodoaed.ee\/fi\/toode\/siemenpuikot-istutus-tag-pohjat-5kpl\/","og_site_name":"Rodoaed","article_publisher":"https:\/\/www.facebook.com\/kasvuhooned\/","article_modified_time":"2026-04-13T07:51:54+00:00","og_image":[{"width":1772,"height":2538,"url":"https:\/\/rodoaed.ee\/wp-content\/uploads\/2021\/02\/16293099_1.jpg","type":"image\/jpeg"}],"twitter_card":"summary_large_image","schema":{"@context":"https:\/\/schema.org","@graph":[{"@type":"WebPage","@id":"https:\/\/rodoaed.ee\/fi\/toode\/siemenpuikot-istutus-tag-pohjat-5kpl\/","url":"https:\/\/rodoaed.ee\/fi\/toode\/siemenpuikot-istutus-tag-pohjat-5kpl\/","name":"Siemenpuikot-istutus tag pohjat 5kpl - Rodoaed","isPartOf":{"@id":"https:\/\/rodoaed.ee\/#website"},"primaryImageOfPage":{"@id":"https:\/\/rodoaed.ee\/fi\/toode\/siemenpuikot-istutus-tag-pohjat-5kpl\/#primaryimage"},"image":{"@id":"https:\/\/rodoaed.ee\/fi\/toode\/siemenpuikot-istutus-tag-pohjat-5kpl\/#primaryimage"},"thumbnailUrl":"https:\/\/rodoaed.ee\/wp-content\/uploads\/2021\/02\/16293099_1.jpg","datePublished":"2021-02-02T09:22:29+00:00","dateModified":"2026-04-13T07:51:54+00:00","breadcrumb":{"@id":"https:\/\/rodoaed.ee\/fi\/toode\/siemenpuikot-istutus-tag-pohjat-5kpl\/#breadcrumb"},"inLanguage":"fi","potentialAction":[{"@type":"ReadAction","target":["https:\/\/rodoaed.ee\/fi\/toode\/siemenpuikot-istutus-tag-pohjat-5kpl\/"]}]},{"@type":"ImageObject","inLanguage":"fi","@id":"https:\/\/rodoaed.ee\/fi\/toode\/siemenpuikot-istutus-tag-pohjat-5kpl\/#primaryimage","url":"https:\/\/rodoaed.ee\/wp-content\/uploads\/2021\/02\/16293099_1.jpg","contentUrl":"https:\/\/rodoaed.ee\/wp-content\/uploads\/2021\/02\/16293099_1.jpg","width":1772,"height":2538},{"@type":"BreadcrumbList","@id":"https:\/\/rodoaed.ee\/fi\/toode\/siemenpuikot-istutus-tag-pohjat-5kpl\/#breadcrumb","itemListElement":[{"@type":"ListItem","position":1,"name":"Home","item":"https:\/\/rodoaed.ee\/fi\/"},{"@type":"ListItem","position":2,"name":"Osta osoitteessa","item":"https:\/\/rodoaed.ee\/osta-osoitteessa\/"},{"@type":"ListItem","position":3,"name":"Siemenpuikot-istutus tag pohjat 5kpl"}]},{"@type":"WebSite","@id":"https:\/\/rodoaed.ee\/#website","url":"https:\/\/rodoaed.ee\/","name":"Rodoaed","description":"","publisher":{"@id":"https:\/\/rodoaed.ee\/#organization"},"potentialAction":[{"@type":"SearchAction","target":{"@type":"EntryPoint","urlTemplate":"https:\/\/rodoaed.ee\/?s={search_term_string}"},"query-input":{"@type":"PropertyValueSpecification","valueRequired":true,"valueName":"search_term_string"}}],"inLanguage":"fi"},{"@type":"Organization","@id":"https:\/\/rodoaed.ee\/#organization","name":"Rodoaed","url":"https:\/\/rodoaed.ee\/","logo":{"@type":"ImageObject","inLanguage":"fi","@id":"https:\/\/rodoaed.ee\/#\/schema\/logo\/image\/","url":"https:\/\/rodoaed.ee\/wp-content\/uploads\/2019\/11\/rodoaed-logo-ilma-taustata.jpg","contentUrl":"https:\/\/rodoaed.ee\/wp-content\/uploads\/2019\/11\/rodoaed-logo-ilma-taustata.jpg","width":769,"height":268,"caption":"Rodoaed"},"image":{"@id":"https:\/\/rodoaed.ee\/#\/schema\/logo\/image\/"},"sameAs":["https:\/\/www.facebook.com\/kasvuhooned\/","https:\/\/rodoaed.ee"]}]}},"_links":{"self":[{"href":"https:\/\/rodoaed.ee\/fi\/wp-json\/wp\/v2\/product\/52698","targetHints":{"allow":["GET"]}}],"collection":[{"href":"https:\/\/rodoaed.ee\/fi\/wp-json\/wp\/v2\/product"}],"about":[{"href":"https:\/\/rodoaed.ee\/fi\/wp-json\/wp\/v2\/types\/product"}],"wp:featuredmedia":[{"embeddable":true,"href":"https:\/\/rodoaed.ee\/fi\/wp-json\/wp\/v2\/media\/36062"}],"wp:attachment":[{"href":"https:\/\/rodoaed.ee\/fi\/wp-json\/wp\/v2\/media?parent=52698"}],"wp:term":[{"taxonomy":"product_brand","embeddable":true,"href":"https:\/\/rodoaed.ee\/fi\/wp-json\/wp\/v2\/product_brand?post=52698"},{"taxonomy":"product_cat","embeddable":true,"href":"https:\/\/rodoaed.ee\/fi\/wp-json\/wp\/v2\/product_cat?post=52698"},{"taxonomy":"product_tag","embeddable":true,"href":"https:\/\/rodoaed.ee\/fi\/wp-json\/wp\/v2\/product_tag?post=52698"}],"curies":[{"name":"wp","href":"https:\/\/api.w.org\/{rel}","templated":true}]}}