{"id":52702,"date":"2021-02-02T11:35:45","date_gmt":"2021-02-02T09:35:45","guid":{"rendered":"https:\/\/rodoaed.ee\/toode\/kastelukannu-taimille-jossa-on-mittalaite-250-ml\/"},"modified":"2026-04-13T10:52:03","modified_gmt":"2026-04-13T07:52:03","slug":"kastelukannu-taimille-jossa-on-mittalaite-250-ml","status":"publish","type":"product","link":"https:\/\/rodoaed.ee\/fi\/tuote\/kastelukannu-taimille-jossa-on-mittalaite-250-ml\/","title":{"rendered":"Kastelukannu taimille, jossa on mittalaite, 250 ml"},"content":{"rendered":"<h2>Tyylik\u00e4s ja k\u00e4tev\u00e4 kastelukannu pienille kasveille ja taimille.<\/h2>\n<p><strong>Kest\u00e4v\u00e4st\u00e4 materiaalista valmistettu saksalainen ty\u00f6<\/strong><\/p>\n<p>Kauniissa kermanv\u00e4risess\u00e4 s\u00e4vyss\u00e4 oleva kastelukannu on k\u00e4tev\u00e4 pienten kasvien ja taimien kasteluun, kun suuri vesisuihku voi vahingoittaa kasveja. Oikea m\u00e4\u00e4r\u00e4 on helppo annostella, sill\u00e4 sen yl\u00e4osassa on mittausk\u00e4rjet. K\u00e4tev\u00e4 pienten lannoitem\u00e4\u00e4rien sekoittamiseen.  <\/p>\n<p>Sopii t\u00e4ydellisesti sek\u00e4 tyylilt\u00e4\u00e4n ett\u00e4 ominaisuuksiltaan BoQube-minikasvihuonemalleihimme. BoQube-minikasvihuoneissa on juuri sopivan kokoinen kasteluaukko n\u00e4in pieneen kannuun. On aina parempi kastella kastelurei\u00e4n kautta, jotta kasvihuoneen kansi pysyy kiinni. N\u00e4in kasvien mikroilmasto s\u00e4ilyy ennallaan.   <\/p>\n<ul>\n<li>K\u00e4tev\u00e4 herkkien taimien ja pienempien huonekasvien kasteluun.<\/li>\n<li>Ihanteellinen k\u00e4ytett\u00e4v\u00e4ksi kaikissa BoQube mini-kasvihuoneissa ja siemenalustoissa.<\/li>\n<li>Mukavat mittausk\u00e4rjet kantap\u00e4iss\u00e4si<\/li>\n<li>Kapasiteetti 250ml<\/li>\n<li>Valmistettu Saksassa &#8211; laatutuote<\/li>\n<\/ul>\n<div id=\"article-specifications\" class=\"tab-links__content is-active col-md-6 mb-4\">\n<p>&nbsp;<\/p>\n<\/div>\n","protected":false},"excerpt":{"rendered":"<p>Tyylik\u00e4s ja k\u00e4tev\u00e4 kastelukannu pienille kasveille ja taimille. Kest\u00e4v\u00e4st\u00e4 materiaalista valmistettu saksalainen ty\u00f6 Kauniissa kermanv\u00e4risess\u00e4 s\u00e4vyss\u00e4 oleva kastelukannu on k\u00e4tev\u00e4 pienten kasvien ja taimien kasteluun, kun suuri vesisuihku voi vahingoittaa kasveja. Oikea m\u00e4\u00e4r\u00e4 on helppo annostella, sill\u00e4 sen yl\u00e4osassa on mittausk\u00e4rjet. K\u00e4tev\u00e4 pienten lannoitem\u00e4\u00e4rien sekoittamiseen. Sopii t\u00e4ydellisesti sek\u00e4 tyylilt\u00e4\u00e4n ett\u00e4 ominaisuuksiltaan BoQube-minikasvihuonemalleihimme. BoQube-minikasvihuoneissa on juuri sopivan kokoinen kasteluaukko n\u00e4in pieneen kannuun. On aina parempi kastella&#8230;<\/p>\n","protected":false},"featured_media":36066,"template":"","meta":{"_acf_changed":false},"product_brand":[],"product_cat":[1866,1776,1862,1865,1825,1790,1814,1858],"product_tag":[],"class_list":{"0":"post-52702","1":"product","2":"type-product","3":"status-publish","4":"has-post-thumbnail","6":"product_cat-huonekasvien-ja-ikkunalaatikoiden-kastelu","7":"product_cat-hyodylliset-lisavarusteet","8":"product_cat-istutusruukut","9":"product_cat-kasettikasetit","10":"product_cat-kasvualusta-ja-ruukkumulta","11":"product_cat-kasvuun-tarvittavat-tyokalut","12":"product_cat-kylvo-ja-siemenlaatikot","13":"product_cat-miniatyyritilat-ja-esikasvatus","14":"product_shipping_class-toimitus-1-3-tyopaivan-kuluessa","15":"pa_variatsioon-superseeder-kylvokone-21","17":"first","18":"instock","19":"taxable","20":"shipping-taxable","21":"purchasable","22":"product-type-simple"},"acf":[],"yoast_head":"<!-- This site is optimized with the Yoast SEO Premium plugin v27.3 (Yoast SEO v27.3) - https:\/\/yoast.com\/product\/yoast-seo-premium-wordpress\/ -->\n<title>Kastelukannu taimille, jossa on mittalaite, 250 ml - Rodoaed<\/title>\n<meta name=\"robots\" content=\"index, follow, max-snippet:-1, max-image-preview:large, max-video-preview:-1\" \/>\n<link rel=\"canonical\" href=\"https:\/\/rodoaed.ee\/fi\/toode\/kastelukannu-taimille-jossa-on-mittalaite-250-ml\/\" \/>\n<meta property=\"og:locale\" content=\"fi_FI\" \/>\n<meta property=\"og:type\" content=\"article\" \/>\n<meta property=\"og:title\" content=\"Kastelukannu taimille, jossa on mittalaite, 250 ml\" \/>\n<meta property=\"og:description\" content=\"Tyylik\u00e4s ja k\u00e4tev\u00e4 kastelukannu pienille kasveille ja taimille. Kest\u00e4v\u00e4st\u00e4 materiaalista valmistettu saksalainen ty\u00f6 Kauniissa kermanv\u00e4risess\u00e4 s\u00e4vyss\u00e4\" \/>\n<meta property=\"og:url\" content=\"https:\/\/rodoaed.ee\/fi\/toode\/kastelukannu-taimille-jossa-on-mittalaite-250-ml\/\" \/>\n<meta property=\"og:site_name\" content=\"Rodoaed\" \/>\n<meta property=\"article:publisher\" content=\"https:\/\/www.facebook.com\/kasvuhooned\/\" \/>\n<meta property=\"article:modified_time\" content=\"2026-04-13T07:52:03+00:00\" \/>\n<meta property=\"og:image\" content=\"https:\/\/rodoaed.ee\/wp-content\/uploads\/2021\/02\/16293098_web.jpg\" \/>\n\t<meta property=\"og:image:width\" content=\"1181\" \/>\n\t<meta property=\"og:image:height\" content=\"1456\" \/>\n\t<meta property=\"og:image:type\" content=\"image\/jpeg\" \/>\n<meta name=\"twitter:card\" content=\"summary_large_image\" \/>\n<meta name=\"twitter:label1\" content=\"Arvioitu lukuaika\" \/>\n\t<meta name=\"twitter:data1\" content=\"1 minuutti\" \/>\n<script type=\"application\/ld+json\" class=\"yoast-schema-graph\">{\"@context\":\"https:\\\/\\\/schema.org\",\"@graph\":[{\"@type\":\"WebPage\",\"@id\":\"https:\\\/\\\/rodoaed.ee\\\/fi\\\/toode\\\/kastelukannu-taimille-jossa-on-mittalaite-250-ml\\\/\",\"url\":\"https:\\\/\\\/rodoaed.ee\\\/fi\\\/toode\\\/kastelukannu-taimille-jossa-on-mittalaite-250-ml\\\/\",\"name\":\"Kastelukannu taimille, jossa on mittalaite, 250 ml - Rodoaed\",\"isPartOf\":{\"@id\":\"https:\\\/\\\/rodoaed.ee\\\/#website\"},\"primaryImageOfPage\":{\"@id\":\"https:\\\/\\\/rodoaed.ee\\\/fi\\\/toode\\\/kastelukannu-taimille-jossa-on-mittalaite-250-ml\\\/#primaryimage\"},\"image\":{\"@id\":\"https:\\\/\\\/rodoaed.ee\\\/fi\\\/toode\\\/kastelukannu-taimille-jossa-on-mittalaite-250-ml\\\/#primaryimage\"},\"thumbnailUrl\":\"https:\\\/\\\/rodoaed.ee\\\/wp-content\\\/uploads\\\/2021\\\/02\\\/16293098_web.jpg\",\"datePublished\":\"2021-02-02T09:35:45+00:00\",\"dateModified\":\"2026-04-13T07:52:03+00:00\",\"breadcrumb\":{\"@id\":\"https:\\\/\\\/rodoaed.ee\\\/fi\\\/toode\\\/kastelukannu-taimille-jossa-on-mittalaite-250-ml\\\/#breadcrumb\"},\"inLanguage\":\"fi\",\"potentialAction\":[{\"@type\":\"ReadAction\",\"target\":[\"https:\\\/\\\/rodoaed.ee\\\/fi\\\/toode\\\/kastelukannu-taimille-jossa-on-mittalaite-250-ml\\\/\"]}]},{\"@type\":\"ImageObject\",\"inLanguage\":\"fi\",\"@id\":\"https:\\\/\\\/rodoaed.ee\\\/fi\\\/toode\\\/kastelukannu-taimille-jossa-on-mittalaite-250-ml\\\/#primaryimage\",\"url\":\"https:\\\/\\\/rodoaed.ee\\\/wp-content\\\/uploads\\\/2021\\\/02\\\/16293098_web.jpg\",\"contentUrl\":\"https:\\\/\\\/rodoaed.ee\\\/wp-content\\\/uploads\\\/2021\\\/02\\\/16293098_web.jpg\",\"width\":1181,\"height\":1456},{\"@type\":\"BreadcrumbList\",\"@id\":\"https:\\\/\\\/rodoaed.ee\\\/fi\\\/toode\\\/kastelukannu-taimille-jossa-on-mittalaite-250-ml\\\/#breadcrumb\",\"itemListElement\":[{\"@type\":\"ListItem\",\"position\":1,\"name\":\"Home\",\"item\":\"https:\\\/\\\/rodoaed.ee\\\/fi\\\/\"},{\"@type\":\"ListItem\",\"position\":2,\"name\":\"Osta osoitteessa\",\"item\":\"https:\\\/\\\/rodoaed.ee\\\/osta-osoitteessa\\\/\"},{\"@type\":\"ListItem\",\"position\":3,\"name\":\"Kastelukannu taimille, jossa on mittalaite, 250 ml\"}]},{\"@type\":\"WebSite\",\"@id\":\"https:\\\/\\\/rodoaed.ee\\\/#website\",\"url\":\"https:\\\/\\\/rodoaed.ee\\\/\",\"name\":\"Rodoaed\",\"description\":\"\",\"publisher\":{\"@id\":\"https:\\\/\\\/rodoaed.ee\\\/#organization\"},\"potentialAction\":[{\"@type\":\"SearchAction\",\"target\":{\"@type\":\"EntryPoint\",\"urlTemplate\":\"https:\\\/\\\/rodoaed.ee\\\/?s={search_term_string}\"},\"query-input\":{\"@type\":\"PropertyValueSpecification\",\"valueRequired\":true,\"valueName\":\"search_term_string\"}}],\"inLanguage\":\"fi\"},{\"@type\":\"Organization\",\"@id\":\"https:\\\/\\\/rodoaed.ee\\\/#organization\",\"name\":\"Rodoaed\",\"url\":\"https:\\\/\\\/rodoaed.ee\\\/\",\"logo\":{\"@type\":\"ImageObject\",\"inLanguage\":\"fi\",\"@id\":\"https:\\\/\\\/rodoaed.ee\\\/#\\\/schema\\\/logo\\\/image\\\/\",\"url\":\"https:\\\/\\\/rodoaed.ee\\\/wp-content\\\/uploads\\\/2019\\\/11\\\/rodoaed-logo-ilma-taustata.jpg\",\"contentUrl\":\"https:\\\/\\\/rodoaed.ee\\\/wp-content\\\/uploads\\\/2019\\\/11\\\/rodoaed-logo-ilma-taustata.jpg\",\"width\":769,\"height\":268,\"caption\":\"Rodoaed\"},\"image\":{\"@id\":\"https:\\\/\\\/rodoaed.ee\\\/#\\\/schema\\\/logo\\\/image\\\/\"},\"sameAs\":[\"https:\\\/\\\/www.facebook.com\\\/kasvuhooned\\\/\",\"https:\\\/\\\/rodoaed.ee\"]}]}<\/script>\n<!-- \/ Yoast SEO Premium plugin. -->","yoast_head_json":{"title":"Kastelukannu taimille, jossa on mittalaite, 250 ml - Rodoaed","robots":{"index":"index","follow":"follow","max-snippet":"max-snippet:-1","max-image-preview":"max-image-preview:large","max-video-preview":"max-video-preview:-1"},"canonical":"https:\/\/rodoaed.ee\/fi\/toode\/kastelukannu-taimille-jossa-on-mittalaite-250-ml\/","og_locale":"fi_FI","og_type":"article","og_title":"Kastelukannu taimille, jossa on mittalaite, 250 ml","og_description":"Tyylik\u00e4s ja k\u00e4tev\u00e4 kastelukannu pienille kasveille ja taimille. Kest\u00e4v\u00e4st\u00e4 materiaalista valmistettu saksalainen ty\u00f6 Kauniissa kermanv\u00e4risess\u00e4 s\u00e4vyss\u00e4","og_url":"https:\/\/rodoaed.ee\/fi\/toode\/kastelukannu-taimille-jossa-on-mittalaite-250-ml\/","og_site_name":"Rodoaed","article_publisher":"https:\/\/www.facebook.com\/kasvuhooned\/","article_modified_time":"2026-04-13T07:52:03+00:00","og_image":[{"width":1181,"height":1456,"url":"https:\/\/rodoaed.ee\/wp-content\/uploads\/2021\/02\/16293098_web.jpg","type":"image\/jpeg"}],"twitter_card":"summary_large_image","twitter_misc":{"Arvioitu lukuaika":"1 minuutti"},"schema":{"@context":"https:\/\/schema.org","@graph":[{"@type":"WebPage","@id":"https:\/\/rodoaed.ee\/fi\/toode\/kastelukannu-taimille-jossa-on-mittalaite-250-ml\/","url":"https:\/\/rodoaed.ee\/fi\/toode\/kastelukannu-taimille-jossa-on-mittalaite-250-ml\/","name":"Kastelukannu taimille, jossa on mittalaite, 250 ml - Rodoaed","isPartOf":{"@id":"https:\/\/rodoaed.ee\/#website"},"primaryImageOfPage":{"@id":"https:\/\/rodoaed.ee\/fi\/toode\/kastelukannu-taimille-jossa-on-mittalaite-250-ml\/#primaryimage"},"image":{"@id":"https:\/\/rodoaed.ee\/fi\/toode\/kastelukannu-taimille-jossa-on-mittalaite-250-ml\/#primaryimage"},"thumbnailUrl":"https:\/\/rodoaed.ee\/wp-content\/uploads\/2021\/02\/16293098_web.jpg","datePublished":"2021-02-02T09:35:45+00:00","dateModified":"2026-04-13T07:52:03+00:00","breadcrumb":{"@id":"https:\/\/rodoaed.ee\/fi\/toode\/kastelukannu-taimille-jossa-on-mittalaite-250-ml\/#breadcrumb"},"inLanguage":"fi","potentialAction":[{"@type":"ReadAction","target":["https:\/\/rodoaed.ee\/fi\/toode\/kastelukannu-taimille-jossa-on-mittalaite-250-ml\/"]}]},{"@type":"ImageObject","inLanguage":"fi","@id":"https:\/\/rodoaed.ee\/fi\/toode\/kastelukannu-taimille-jossa-on-mittalaite-250-ml\/#primaryimage","url":"https:\/\/rodoaed.ee\/wp-content\/uploads\/2021\/02\/16293098_web.jpg","contentUrl":"https:\/\/rodoaed.ee\/wp-content\/uploads\/2021\/02\/16293098_web.jpg","width":1181,"height":1456},{"@type":"BreadcrumbList","@id":"https:\/\/rodoaed.ee\/fi\/toode\/kastelukannu-taimille-jossa-on-mittalaite-250-ml\/#breadcrumb","itemListElement":[{"@type":"ListItem","position":1,"name":"Home","item":"https:\/\/rodoaed.ee\/fi\/"},{"@type":"ListItem","position":2,"name":"Osta osoitteessa","item":"https:\/\/rodoaed.ee\/osta-osoitteessa\/"},{"@type":"ListItem","position":3,"name":"Kastelukannu taimille, jossa on mittalaite, 250 ml"}]},{"@type":"WebSite","@id":"https:\/\/rodoaed.ee\/#website","url":"https:\/\/rodoaed.ee\/","name":"Rodoaed","description":"","publisher":{"@id":"https:\/\/rodoaed.ee\/#organization"},"potentialAction":[{"@type":"SearchAction","target":{"@type":"EntryPoint","urlTemplate":"https:\/\/rodoaed.ee\/?s={search_term_string}"},"query-input":{"@type":"PropertyValueSpecification","valueRequired":true,"valueName":"search_term_string"}}],"inLanguage":"fi"},{"@type":"Organization","@id":"https:\/\/rodoaed.ee\/#organization","name":"Rodoaed","url":"https:\/\/rodoaed.ee\/","logo":{"@type":"ImageObject","inLanguage":"fi","@id":"https:\/\/rodoaed.ee\/#\/schema\/logo\/image\/","url":"https:\/\/rodoaed.ee\/wp-content\/uploads\/2019\/11\/rodoaed-logo-ilma-taustata.jpg","contentUrl":"https:\/\/rodoaed.ee\/wp-content\/uploads\/2019\/11\/rodoaed-logo-ilma-taustata.jpg","width":769,"height":268,"caption":"Rodoaed"},"image":{"@id":"https:\/\/rodoaed.ee\/#\/schema\/logo\/image\/"},"sameAs":["https:\/\/www.facebook.com\/kasvuhooned\/","https:\/\/rodoaed.ee"]}]}},"_links":{"self":[{"href":"https:\/\/rodoaed.ee\/fi\/wp-json\/wp\/v2\/product\/52702","targetHints":{"allow":["GET"]}}],"collection":[{"href":"https:\/\/rodoaed.ee\/fi\/wp-json\/wp\/v2\/product"}],"about":[{"href":"https:\/\/rodoaed.ee\/fi\/wp-json\/wp\/v2\/types\/product"}],"wp:featuredmedia":[{"embeddable":true,"href":"https:\/\/rodoaed.ee\/fi\/wp-json\/wp\/v2\/media\/36066"}],"wp:attachment":[{"href":"https:\/\/rodoaed.ee\/fi\/wp-json\/wp\/v2\/media?parent=52702"}],"wp:term":[{"taxonomy":"product_brand","embeddable":true,"href":"https:\/\/rodoaed.ee\/fi\/wp-json\/wp\/v2\/product_brand?post=52702"},{"taxonomy":"product_cat","embeddable":true,"href":"https:\/\/rodoaed.ee\/fi\/wp-json\/wp\/v2\/product_cat?post=52702"},{"taxonomy":"product_tag","embeddable":true,"href":"https:\/\/rodoaed.ee\/fi\/wp-json\/wp\/v2\/product_tag?post=52702"}],"curies":[{"name":"wp","href":"https:\/\/api.w.org\/{rel}","templated":true}]}}