{"id":52704,"date":"2021-02-02T12:09:12","date_gmt":"2021-02-02T10:09:12","guid":{"rendered":"https:\/\/rodoaed.ee\/toode\/herbisidit-deluxe\/"},"modified":"2026-04-13T10:52:05","modified_gmt":"2026-04-13T07:52:05","slug":"herbisidit-deluxe","status":"publish","type":"product","link":"https:\/\/rodoaed.ee\/fi\/tuote\/herbisidit-deluxe\/","title":{"rendered":"Herbisidit Deluxe"},"content":{"rendered":"<h2>Tarkat ja k\u00e4tev\u00e4t yrttisakset yrttien ja yrttien poimimiseen.<\/h2>\n<p><strong>Kest\u00e4v\u00e4st\u00e4 materiaalista valmistettu saksalainen ty\u00f6<\/strong><\/p>\n<p>Korkealaatuiset yrttisakset vaativalle puutarhurille<\/p>\n<p>Eritt\u00e4in ter\u00e4v\u00e4t ja kest\u00e4v\u00e4t ter\u00e4t on valmistettu ruostumattomasta ter\u00e4ksest\u00e4. Hieman kaarevat ter\u00e4t eiv\u00e4t mene ohi ja leikkaavat siististi. Ergonomisissa kahvoissa on pehme\u00e4 liukumaton pinnoite sis\u00e4puolella. Tukevan rungon p\u00e4\u00e4ll\u00e4. Jousella ja lukolla.    <\/p>\n<p>Parasta vastinetta rahalle<\/p>\n<ul>\n<li>Valmistettu Saksassa &#8211; laatutuote<\/li>\n<\/ul>\n<p>&nbsp;<\/p>\n","protected":false},"excerpt":{"rendered":"<p>Tarkat ja k\u00e4tev\u00e4t yrttisakset yrttien ja yrttien poimimiseen. Kest\u00e4v\u00e4st\u00e4 materiaalista valmistettu saksalainen ty\u00f6 Korkealaatuiset yrttisakset vaativalle puutarhurille Eritt\u00e4in ter\u00e4v\u00e4t ja kest\u00e4v\u00e4t ter\u00e4t on valmistettu ruostumattomasta ter\u00e4ksest\u00e4. Hieman kaarevat ter\u00e4t eiv\u00e4t mene ohi ja leikkaavat siististi. Ergonomisissa kahvoissa on pehme\u00e4 liukumaton pinnoite sis\u00e4puolella. Tukevan rungon p\u00e4\u00e4ll\u00e4. Jousella ja lukolla. Parasta vastinetta rahalle Valmistettu Saksassa &#8211; laatutuote &nbsp;<\/p>\n","protected":false},"featured_media":36074,"template":"","meta":{"_acf_changed":false},"product_brand":[],"product_cat":[1866,1776,1790,1867,1858],"product_tag":[],"class_list":{"0":"post-52704","1":"product","2":"type-product","3":"status-publish","4":"has-post-thumbnail","6":"product_cat-huonekasvien-ja-ikkunalaatikoiden-kastelu","7":"product_cat-hyodylliset-lisavarusteet","8":"product_cat-kasvuun-tarvittavat-tyokalut","9":"product_cat-leikkuulaitteet","10":"product_cat-miniatyyritilat-ja-esikasvatus","11":"product_shipping_class-toimitus-1-3-tyopaivan-kuluessa","12":"pa_variatsioon-superseeder-kylvokone-21","14":"first","15":"instock","16":"sale","17":"taxable","18":"shipping-taxable","19":"purchasable","20":"product-type-simple"},"acf":[],"yoast_head":"<!-- This site is optimized with the Yoast SEO Premium plugin v27.3 (Yoast SEO v27.3) - https:\/\/yoast.com\/product\/yoast-seo-premium-wordpress\/ -->\n<title>Herbisidit Deluxe - Rodoaed<\/title>\n<meta name=\"robots\" content=\"index, follow, max-snippet:-1, max-image-preview:large, max-video-preview:-1\" \/>\n<link rel=\"canonical\" href=\"https:\/\/rodoaed.ee\/fi\/toode\/herbisidit-deluxe\/\" \/>\n<meta property=\"og:locale\" content=\"fi_FI\" \/>\n<meta property=\"og:type\" content=\"article\" \/>\n<meta property=\"og:title\" content=\"Herbisidit Deluxe\" \/>\n<meta property=\"og:description\" content=\"Tarkat ja k\u00e4tev\u00e4t yrttisakset yrttien ja yrttien poimimiseen. Kest\u00e4v\u00e4st\u00e4 materiaalista valmistettu saksalainen ty\u00f6 Korkealaatuiset yrttisakset vaativalle\" \/>\n<meta property=\"og:url\" content=\"https:\/\/rodoaed.ee\/fi\/toode\/herbisidit-deluxe\/\" \/>\n<meta property=\"og:site_name\" content=\"Rodoaed\" \/>\n<meta property=\"article:publisher\" content=\"https:\/\/www.facebook.com\/kasvuhooned\/\" \/>\n<meta property=\"article:modified_time\" content=\"2026-04-13T07:52:05+00:00\" \/>\n<meta property=\"og:image\" content=\"https:\/\/rodoaed.ee\/wp-content\/uploads\/2021\/02\/12093015_2.jpg\" \/>\n\t<meta property=\"og:image:width\" content=\"530\" \/>\n\t<meta property=\"og:image:height\" content=\"1026\" \/>\n\t<meta property=\"og:image:type\" content=\"image\/jpeg\" \/>\n<meta name=\"twitter:card\" content=\"summary_large_image\" \/>\n<script type=\"application\/ld+json\" class=\"yoast-schema-graph\">{\"@context\":\"https:\\\/\\\/schema.org\",\"@graph\":[{\"@type\":\"WebPage\",\"@id\":\"https:\\\/\\\/rodoaed.ee\\\/fi\\\/toode\\\/herbisidit-deluxe\\\/\",\"url\":\"https:\\\/\\\/rodoaed.ee\\\/fi\\\/toode\\\/herbisidit-deluxe\\\/\",\"name\":\"Herbisidit Deluxe - Rodoaed\",\"isPartOf\":{\"@id\":\"https:\\\/\\\/rodoaed.ee\\\/#website\"},\"primaryImageOfPage\":{\"@id\":\"https:\\\/\\\/rodoaed.ee\\\/fi\\\/toode\\\/herbisidit-deluxe\\\/#primaryimage\"},\"image\":{\"@id\":\"https:\\\/\\\/rodoaed.ee\\\/fi\\\/toode\\\/herbisidit-deluxe\\\/#primaryimage\"},\"thumbnailUrl\":\"https:\\\/\\\/rodoaed.ee\\\/wp-content\\\/uploads\\\/2021\\\/02\\\/12093015_2.jpg\",\"datePublished\":\"2021-02-02T10:09:12+00:00\",\"dateModified\":\"2026-04-13T07:52:05+00:00\",\"breadcrumb\":{\"@id\":\"https:\\\/\\\/rodoaed.ee\\\/fi\\\/toode\\\/herbisidit-deluxe\\\/#breadcrumb\"},\"inLanguage\":\"fi\",\"potentialAction\":[{\"@type\":\"ReadAction\",\"target\":[\"https:\\\/\\\/rodoaed.ee\\\/fi\\\/toode\\\/herbisidit-deluxe\\\/\"]}]},{\"@type\":\"ImageObject\",\"inLanguage\":\"fi\",\"@id\":\"https:\\\/\\\/rodoaed.ee\\\/fi\\\/toode\\\/herbisidit-deluxe\\\/#primaryimage\",\"url\":\"https:\\\/\\\/rodoaed.ee\\\/wp-content\\\/uploads\\\/2021\\\/02\\\/12093015_2.jpg\",\"contentUrl\":\"https:\\\/\\\/rodoaed.ee\\\/wp-content\\\/uploads\\\/2021\\\/02\\\/12093015_2.jpg\",\"width\":530,\"height\":1026},{\"@type\":\"BreadcrumbList\",\"@id\":\"https:\\\/\\\/rodoaed.ee\\\/fi\\\/toode\\\/herbisidit-deluxe\\\/#breadcrumb\",\"itemListElement\":[{\"@type\":\"ListItem\",\"position\":1,\"name\":\"Home\",\"item\":\"https:\\\/\\\/rodoaed.ee\\\/fi\\\/\"},{\"@type\":\"ListItem\",\"position\":2,\"name\":\"Osta osoitteessa\",\"item\":\"https:\\\/\\\/rodoaed.ee\\\/osta-osoitteessa\\\/\"},{\"@type\":\"ListItem\",\"position\":3,\"name\":\"Herbisidit Deluxe\"}]},{\"@type\":\"WebSite\",\"@id\":\"https:\\\/\\\/rodoaed.ee\\\/#website\",\"url\":\"https:\\\/\\\/rodoaed.ee\\\/\",\"name\":\"Rodoaed\",\"description\":\"\",\"publisher\":{\"@id\":\"https:\\\/\\\/rodoaed.ee\\\/#organization\"},\"potentialAction\":[{\"@type\":\"SearchAction\",\"target\":{\"@type\":\"EntryPoint\",\"urlTemplate\":\"https:\\\/\\\/rodoaed.ee\\\/?s={search_term_string}\"},\"query-input\":{\"@type\":\"PropertyValueSpecification\",\"valueRequired\":true,\"valueName\":\"search_term_string\"}}],\"inLanguage\":\"fi\"},{\"@type\":\"Organization\",\"@id\":\"https:\\\/\\\/rodoaed.ee\\\/#organization\",\"name\":\"Rodoaed\",\"url\":\"https:\\\/\\\/rodoaed.ee\\\/\",\"logo\":{\"@type\":\"ImageObject\",\"inLanguage\":\"fi\",\"@id\":\"https:\\\/\\\/rodoaed.ee\\\/#\\\/schema\\\/logo\\\/image\\\/\",\"url\":\"https:\\\/\\\/rodoaed.ee\\\/wp-content\\\/uploads\\\/2019\\\/11\\\/rodoaed-logo-ilma-taustata.jpg\",\"contentUrl\":\"https:\\\/\\\/rodoaed.ee\\\/wp-content\\\/uploads\\\/2019\\\/11\\\/rodoaed-logo-ilma-taustata.jpg\",\"width\":769,\"height\":268,\"caption\":\"Rodoaed\"},\"image\":{\"@id\":\"https:\\\/\\\/rodoaed.ee\\\/#\\\/schema\\\/logo\\\/image\\\/\"},\"sameAs\":[\"https:\\\/\\\/www.facebook.com\\\/kasvuhooned\\\/\",\"https:\\\/\\\/rodoaed.ee\"]}]}<\/script>\n<!-- \/ Yoast SEO Premium plugin. -->","yoast_head_json":{"title":"Herbisidit Deluxe - Rodoaed","robots":{"index":"index","follow":"follow","max-snippet":"max-snippet:-1","max-image-preview":"max-image-preview:large","max-video-preview":"max-video-preview:-1"},"canonical":"https:\/\/rodoaed.ee\/fi\/toode\/herbisidit-deluxe\/","og_locale":"fi_FI","og_type":"article","og_title":"Herbisidit Deluxe","og_description":"Tarkat ja k\u00e4tev\u00e4t yrttisakset yrttien ja yrttien poimimiseen. Kest\u00e4v\u00e4st\u00e4 materiaalista valmistettu saksalainen ty\u00f6 Korkealaatuiset yrttisakset vaativalle","og_url":"https:\/\/rodoaed.ee\/fi\/toode\/herbisidit-deluxe\/","og_site_name":"Rodoaed","article_publisher":"https:\/\/www.facebook.com\/kasvuhooned\/","article_modified_time":"2026-04-13T07:52:05+00:00","og_image":[{"width":530,"height":1026,"url":"https:\/\/rodoaed.ee\/wp-content\/uploads\/2021\/02\/12093015_2.jpg","type":"image\/jpeg"}],"twitter_card":"summary_large_image","schema":{"@context":"https:\/\/schema.org","@graph":[{"@type":"WebPage","@id":"https:\/\/rodoaed.ee\/fi\/toode\/herbisidit-deluxe\/","url":"https:\/\/rodoaed.ee\/fi\/toode\/herbisidit-deluxe\/","name":"Herbisidit Deluxe - Rodoaed","isPartOf":{"@id":"https:\/\/rodoaed.ee\/#website"},"primaryImageOfPage":{"@id":"https:\/\/rodoaed.ee\/fi\/toode\/herbisidit-deluxe\/#primaryimage"},"image":{"@id":"https:\/\/rodoaed.ee\/fi\/toode\/herbisidit-deluxe\/#primaryimage"},"thumbnailUrl":"https:\/\/rodoaed.ee\/wp-content\/uploads\/2021\/02\/12093015_2.jpg","datePublished":"2021-02-02T10:09:12+00:00","dateModified":"2026-04-13T07:52:05+00:00","breadcrumb":{"@id":"https:\/\/rodoaed.ee\/fi\/toode\/herbisidit-deluxe\/#breadcrumb"},"inLanguage":"fi","potentialAction":[{"@type":"ReadAction","target":["https:\/\/rodoaed.ee\/fi\/toode\/herbisidit-deluxe\/"]}]},{"@type":"ImageObject","inLanguage":"fi","@id":"https:\/\/rodoaed.ee\/fi\/toode\/herbisidit-deluxe\/#primaryimage","url":"https:\/\/rodoaed.ee\/wp-content\/uploads\/2021\/02\/12093015_2.jpg","contentUrl":"https:\/\/rodoaed.ee\/wp-content\/uploads\/2021\/02\/12093015_2.jpg","width":530,"height":1026},{"@type":"BreadcrumbList","@id":"https:\/\/rodoaed.ee\/fi\/toode\/herbisidit-deluxe\/#breadcrumb","itemListElement":[{"@type":"ListItem","position":1,"name":"Home","item":"https:\/\/rodoaed.ee\/fi\/"},{"@type":"ListItem","position":2,"name":"Osta osoitteessa","item":"https:\/\/rodoaed.ee\/osta-osoitteessa\/"},{"@type":"ListItem","position":3,"name":"Herbisidit Deluxe"}]},{"@type":"WebSite","@id":"https:\/\/rodoaed.ee\/#website","url":"https:\/\/rodoaed.ee\/","name":"Rodoaed","description":"","publisher":{"@id":"https:\/\/rodoaed.ee\/#organization"},"potentialAction":[{"@type":"SearchAction","target":{"@type":"EntryPoint","urlTemplate":"https:\/\/rodoaed.ee\/?s={search_term_string}"},"query-input":{"@type":"PropertyValueSpecification","valueRequired":true,"valueName":"search_term_string"}}],"inLanguage":"fi"},{"@type":"Organization","@id":"https:\/\/rodoaed.ee\/#organization","name":"Rodoaed","url":"https:\/\/rodoaed.ee\/","logo":{"@type":"ImageObject","inLanguage":"fi","@id":"https:\/\/rodoaed.ee\/#\/schema\/logo\/image\/","url":"https:\/\/rodoaed.ee\/wp-content\/uploads\/2019\/11\/rodoaed-logo-ilma-taustata.jpg","contentUrl":"https:\/\/rodoaed.ee\/wp-content\/uploads\/2019\/11\/rodoaed-logo-ilma-taustata.jpg","width":769,"height":268,"caption":"Rodoaed"},"image":{"@id":"https:\/\/rodoaed.ee\/#\/schema\/logo\/image\/"},"sameAs":["https:\/\/www.facebook.com\/kasvuhooned\/","https:\/\/rodoaed.ee"]}]}},"_links":{"self":[{"href":"https:\/\/rodoaed.ee\/fi\/wp-json\/wp\/v2\/product\/52704","targetHints":{"allow":["GET"]}}],"collection":[{"href":"https:\/\/rodoaed.ee\/fi\/wp-json\/wp\/v2\/product"}],"about":[{"href":"https:\/\/rodoaed.ee\/fi\/wp-json\/wp\/v2\/types\/product"}],"wp:featuredmedia":[{"embeddable":true,"href":"https:\/\/rodoaed.ee\/fi\/wp-json\/wp\/v2\/media\/36074"}],"wp:attachment":[{"href":"https:\/\/rodoaed.ee\/fi\/wp-json\/wp\/v2\/media?parent=52704"}],"wp:term":[{"taxonomy":"product_brand","embeddable":true,"href":"https:\/\/rodoaed.ee\/fi\/wp-json\/wp\/v2\/product_brand?post=52704"},{"taxonomy":"product_cat","embeddable":true,"href":"https:\/\/rodoaed.ee\/fi\/wp-json\/wp\/v2\/product_cat?post=52704"},{"taxonomy":"product_tag","embeddable":true,"href":"https:\/\/rodoaed.ee\/fi\/wp-json\/wp\/v2\/product_tag?post=52704"}],"curies":[{"name":"wp","href":"https:\/\/api.w.org\/{rel}","templated":true}]}}