{"id":52705,"date":"2021-02-09T15:12:26","date_gmt":"2021-02-09T13:12:26","guid":{"rendered":"https:\/\/rodoaed.ee\/toode\/kookoskuitu-paisuvat-tabletit-36mm-3x20kpl60kpl-mainospakkaus\/"},"modified":"2026-04-13T10:52:08","modified_gmt":"2026-04-13T07:52:08","slug":"kookoskuitu-paisuvat-tabletit-36mm-3x20kpl60kpl-mainospakkaus","status":"publish","type":"product","link":"https:\/\/rodoaed.ee\/fi\/tuote\/kookoskuitu-paisuvat-tabletit-36mm-3x20kpl60kpl-mainospakkaus\/","title":{"rendered":"Kookoskuitu paisuvat tabletit 36mm 3x20kpl=60kpl mainospakkaus"},"content":{"rendered":"<h2>Paras tapa id\u00e4tt\u00e4\u00e4 ja esi-id\u00e4tt\u00e4\u00e4 siemenet<\/h2>\n<p><strong>Kookoskuitua kuorivat tabletit. Nerokas, todistettu ja eritt\u00e4in menestyksek\u00e4s. <\/strong><\/p>\n<p>Valkaistut kookoskuidut ja kasvualusta. 100 % turvetonta (s\u00e4ilyt\u00e4mme suojeltuja turvepapuja) ja uusiutuvista materiaaleista. <\/p>\n<p>Helppo ja siisti k\u00e4ytt\u00e4\u00e4. Laajenee suoraan pakkauksessa, kun siihen kaadetaan vett\u00e4. Koska se puristetaan melko kevyesti, se laajenee nopeasti ja on melko kuohkeaa. Ihanteellinen kylv\u00f6\u00f6n ja esikylv\u00f6\u00f6n. Turvonneen tabletin keskell\u00e4 on jo reik\u00e4 siemenille.    <\/p>\n<p>Aseta tabletit kasvihuoneeseen, minikasvihuoneeseen tai siemenalustalle, kaada niiden p\u00e4\u00e4lle vett\u00e4, odota, kunnes ne ovat paisuneet, aseta siemenet reik\u00e4\u00e4n ja paina kevyesti.<\/p>\n<p>Laita kansi minikasvihuoneen p\u00e4\u00e4lle, kytke tarvittaessa l\u00e4mmitysmatto p\u00e4\u00e4lle, jotta se pysyy l\u00e4mpim\u00e4mp\u00e4n\u00e4, lis\u00e4\u00e4 valoa ja odota, ett\u00e4 j\u00e4\u00e4 kasvaa. Tabletit on pidett\u00e4v\u00e4 kosteina eik\u00e4 niiden saa antaa kuivua. Ilmasta silloin t\u00e4ll\u00f6in. Jo it\u00e4neet taimet on helppo istuttaa my\u00f6hemmin koko juuripaakun mukana. N\u00e4in ei tule siirtosokkia ja kasvit kasvavat heti uudessa paikassa.    <\/p>\n<p>M\u00e4\u00e4r\u00e4 3 x 20 kpl per pakkaus<\/p>\n<div id=\"article-specifications\" class=\"tab-links__content is-active col-md-6 mb-4\">\n<p>&nbsp;<\/p>\n<\/div>\n","protected":false},"excerpt":{"rendered":"<p>Paras tapa id\u00e4tt\u00e4\u00e4 ja esi-id\u00e4tt\u00e4\u00e4 siemenet Kookoskuitua kuorivat tabletit. Nerokas, todistettu ja eritt\u00e4in menestyksek\u00e4s. Valkaistut kookoskuidut ja kasvualusta. 100 % turvetonta (s\u00e4ilyt\u00e4mme suojeltuja turvepapuja) ja uusiutuvista materiaaleista. Helppo ja siisti k\u00e4ytt\u00e4\u00e4. Laajenee suoraan pakkauksessa, kun siihen kaadetaan vett\u00e4. Koska se puristetaan melko kevyesti, se laajenee nopeasti ja on melko kuohkeaa. Ihanteellinen kylv\u00f6\u00f6n ja esikylv\u00f6\u00f6n. Turvonneen tabletin keskell\u00e4 on jo reik\u00e4 siemenille. Aseta tabletit kasvihuoneeseen, minikasvihuoneeseen&#8230;<\/p>\n","protected":false},"featured_media":34224,"template":"","meta":{"_acf_changed":false},"product_brand":[],"product_cat":[1825,1743,1745],"product_tag":[],"class_list":{"0":"post-52705","1":"product","2":"type-product","3":"status-publish","4":"has-post-thumbnail","6":"product_cat-kasvualusta-ja-ruukkumulta","7":"product_cat-lisalahjat-lahjat","8":"product_cat-suuri-varaston-tyhjennysmyynti","9":"product_shipping_class-toimitus-1-3-tyopaivan-kuluessa","10":"pa_variatsioon-superseeder-kylvokone-21","12":"first","13":"instock","14":"sale","15":"taxable","16":"shipping-taxable","17":"purchasable","18":"product-type-simple"},"acf":[],"yoast_head":"<!-- This site is optimized with the Yoast SEO Premium plugin v27.3 (Yoast SEO v27.3) - https:\/\/yoast.com\/product\/yoast-seo-premium-wordpress\/ -->\n<title>Kookoskuitu paisuvat tabletit 36mm 3x20kpl=60kpl mainospakkaus - Rodoaed<\/title>\n<meta name=\"robots\" content=\"index, follow, max-snippet:-1, max-image-preview:large, max-video-preview:-1\" \/>\n<link rel=\"canonical\" href=\"https:\/\/rodoaed.ee\/fi\/toode\/kookoskuitu-paisuvat-tabletit-36mm-3x20kpl60kpl-mainospakkaus\/\" \/>\n<meta property=\"og:locale\" content=\"fi_FI\" \/>\n<meta property=\"og:type\" content=\"article\" \/>\n<meta property=\"og:title\" content=\"Kookoskuitu paisuvat tabletit 36mm 3x20kpl=60kpl mainospakkaus\" \/>\n<meta property=\"og:description\" content=\"Paras tapa id\u00e4tt\u00e4\u00e4 ja esi-id\u00e4tt\u00e4\u00e4 siemenet Kookoskuitua kuorivat tabletit. Nerokas, todistettu ja eritt\u00e4in menestyksek\u00e4s. Valkaistut kookoskuidut ja\" \/>\n<meta property=\"og:url\" content=\"https:\/\/rodoaed.ee\/fi\/toode\/kookoskuitu-paisuvat-tabletit-36mm-3x20kpl60kpl-mainospakkaus\/\" \/>\n<meta property=\"og:site_name\" content=\"Rodoaed\" \/>\n<meta property=\"article:publisher\" content=\"https:\/\/www.facebook.com\/kasvuhooned\/\" \/>\n<meta property=\"article:modified_time\" content=\"2026-04-13T07:52:08+00:00\" \/>\n<meta property=\"og:image\" content=\"https:\/\/rodoaed.ee\/wp-content\/uploads\/2020\/10\/kookose-tabletid_20tk_10091000_1.jpg\" \/>\n\t<meta property=\"og:image:width\" content=\"1024\" \/>\n\t<meta property=\"og:image:height\" content=\"1024\" \/>\n\t<meta property=\"og:image:type\" content=\"image\/jpeg\" \/>\n<meta name=\"twitter:card\" content=\"summary_large_image\" \/>\n<meta name=\"twitter:label1\" content=\"Arvioitu lukuaika\" \/>\n\t<meta name=\"twitter:data1\" content=\"1 minuutti\" \/>\n<script type=\"application\/ld+json\" class=\"yoast-schema-graph\">{\"@context\":\"https:\\\/\\\/schema.org\",\"@graph\":[{\"@type\":\"WebPage\",\"@id\":\"https:\\\/\\\/rodoaed.ee\\\/fi\\\/toode\\\/kookoskuitu-paisuvat-tabletit-36mm-3x20kpl60kpl-mainospakkaus\\\/\",\"url\":\"https:\\\/\\\/rodoaed.ee\\\/fi\\\/toode\\\/kookoskuitu-paisuvat-tabletit-36mm-3x20kpl60kpl-mainospakkaus\\\/\",\"name\":\"Kookoskuitu paisuvat tabletit 36mm 3x20kpl=60kpl mainospakkaus - Rodoaed\",\"isPartOf\":{\"@id\":\"https:\\\/\\\/rodoaed.ee\\\/#website\"},\"primaryImageOfPage\":{\"@id\":\"https:\\\/\\\/rodoaed.ee\\\/fi\\\/toode\\\/kookoskuitu-paisuvat-tabletit-36mm-3x20kpl60kpl-mainospakkaus\\\/#primaryimage\"},\"image\":{\"@id\":\"https:\\\/\\\/rodoaed.ee\\\/fi\\\/toode\\\/kookoskuitu-paisuvat-tabletit-36mm-3x20kpl60kpl-mainospakkaus\\\/#primaryimage\"},\"thumbnailUrl\":\"https:\\\/\\\/rodoaed.ee\\\/wp-content\\\/uploads\\\/2020\\\/10\\\/kookose-tabletid_20tk_10091000_1.jpg\",\"datePublished\":\"2021-02-09T13:12:26+00:00\",\"dateModified\":\"2026-04-13T07:52:08+00:00\",\"breadcrumb\":{\"@id\":\"https:\\\/\\\/rodoaed.ee\\\/fi\\\/toode\\\/kookoskuitu-paisuvat-tabletit-36mm-3x20kpl60kpl-mainospakkaus\\\/#breadcrumb\"},\"inLanguage\":\"fi\",\"potentialAction\":[{\"@type\":\"ReadAction\",\"target\":[\"https:\\\/\\\/rodoaed.ee\\\/fi\\\/toode\\\/kookoskuitu-paisuvat-tabletit-36mm-3x20kpl60kpl-mainospakkaus\\\/\"]}]},{\"@type\":\"ImageObject\",\"inLanguage\":\"fi\",\"@id\":\"https:\\\/\\\/rodoaed.ee\\\/fi\\\/toode\\\/kookoskuitu-paisuvat-tabletit-36mm-3x20kpl60kpl-mainospakkaus\\\/#primaryimage\",\"url\":\"https:\\\/\\\/rodoaed.ee\\\/wp-content\\\/uploads\\\/2020\\\/10\\\/kookose-tabletid_20tk_10091000_1.jpg\",\"contentUrl\":\"https:\\\/\\\/rodoaed.ee\\\/wp-content\\\/uploads\\\/2020\\\/10\\\/kookose-tabletid_20tk_10091000_1.jpg\",\"width\":1024,\"height\":1024},{\"@type\":\"BreadcrumbList\",\"@id\":\"https:\\\/\\\/rodoaed.ee\\\/fi\\\/toode\\\/kookoskuitu-paisuvat-tabletit-36mm-3x20kpl60kpl-mainospakkaus\\\/#breadcrumb\",\"itemListElement\":[{\"@type\":\"ListItem\",\"position\":1,\"name\":\"Home\",\"item\":\"https:\\\/\\\/rodoaed.ee\\\/fi\\\/\"},{\"@type\":\"ListItem\",\"position\":2,\"name\":\"Osta osoitteessa\",\"item\":\"https:\\\/\\\/rodoaed.ee\\\/osta-osoitteessa\\\/\"},{\"@type\":\"ListItem\",\"position\":3,\"name\":\"Kookoskuitu paisuvat tabletit 36mm 3x20kpl=60kpl mainospakkaus\"}]},{\"@type\":\"WebSite\",\"@id\":\"https:\\\/\\\/rodoaed.ee\\\/#website\",\"url\":\"https:\\\/\\\/rodoaed.ee\\\/\",\"name\":\"Rodoaed\",\"description\":\"\",\"publisher\":{\"@id\":\"https:\\\/\\\/rodoaed.ee\\\/#organization\"},\"potentialAction\":[{\"@type\":\"SearchAction\",\"target\":{\"@type\":\"EntryPoint\",\"urlTemplate\":\"https:\\\/\\\/rodoaed.ee\\\/?s={search_term_string}\"},\"query-input\":{\"@type\":\"PropertyValueSpecification\",\"valueRequired\":true,\"valueName\":\"search_term_string\"}}],\"inLanguage\":\"fi\"},{\"@type\":\"Organization\",\"@id\":\"https:\\\/\\\/rodoaed.ee\\\/#organization\",\"name\":\"Rodoaed\",\"url\":\"https:\\\/\\\/rodoaed.ee\\\/\",\"logo\":{\"@type\":\"ImageObject\",\"inLanguage\":\"fi\",\"@id\":\"https:\\\/\\\/rodoaed.ee\\\/#\\\/schema\\\/logo\\\/image\\\/\",\"url\":\"https:\\\/\\\/rodoaed.ee\\\/wp-content\\\/uploads\\\/2019\\\/11\\\/rodoaed-logo-ilma-taustata.jpg\",\"contentUrl\":\"https:\\\/\\\/rodoaed.ee\\\/wp-content\\\/uploads\\\/2019\\\/11\\\/rodoaed-logo-ilma-taustata.jpg\",\"width\":769,\"height\":268,\"caption\":\"Rodoaed\"},\"image\":{\"@id\":\"https:\\\/\\\/rodoaed.ee\\\/#\\\/schema\\\/logo\\\/image\\\/\"},\"sameAs\":[\"https:\\\/\\\/www.facebook.com\\\/kasvuhooned\\\/\",\"https:\\\/\\\/rodoaed.ee\"]}]}<\/script>\n<!-- \/ Yoast SEO Premium plugin. -->","yoast_head_json":{"title":"Kookoskuitu paisuvat tabletit 36mm 3x20kpl=60kpl mainospakkaus - Rodoaed","robots":{"index":"index","follow":"follow","max-snippet":"max-snippet:-1","max-image-preview":"max-image-preview:large","max-video-preview":"max-video-preview:-1"},"canonical":"https:\/\/rodoaed.ee\/fi\/toode\/kookoskuitu-paisuvat-tabletit-36mm-3x20kpl60kpl-mainospakkaus\/","og_locale":"fi_FI","og_type":"article","og_title":"Kookoskuitu paisuvat tabletit 36mm 3x20kpl=60kpl mainospakkaus","og_description":"Paras tapa id\u00e4tt\u00e4\u00e4 ja esi-id\u00e4tt\u00e4\u00e4 siemenet Kookoskuitua kuorivat tabletit. Nerokas, todistettu ja eritt\u00e4in menestyksek\u00e4s. Valkaistut kookoskuidut ja","og_url":"https:\/\/rodoaed.ee\/fi\/toode\/kookoskuitu-paisuvat-tabletit-36mm-3x20kpl60kpl-mainospakkaus\/","og_site_name":"Rodoaed","article_publisher":"https:\/\/www.facebook.com\/kasvuhooned\/","article_modified_time":"2026-04-13T07:52:08+00:00","og_image":[{"width":1024,"height":1024,"url":"https:\/\/rodoaed.ee\/wp-content\/uploads\/2020\/10\/kookose-tabletid_20tk_10091000_1.jpg","type":"image\/jpeg"}],"twitter_card":"summary_large_image","twitter_misc":{"Arvioitu lukuaika":"1 minuutti"},"schema":{"@context":"https:\/\/schema.org","@graph":[{"@type":"WebPage","@id":"https:\/\/rodoaed.ee\/fi\/toode\/kookoskuitu-paisuvat-tabletit-36mm-3x20kpl60kpl-mainospakkaus\/","url":"https:\/\/rodoaed.ee\/fi\/toode\/kookoskuitu-paisuvat-tabletit-36mm-3x20kpl60kpl-mainospakkaus\/","name":"Kookoskuitu paisuvat tabletit 36mm 3x20kpl=60kpl mainospakkaus - Rodoaed","isPartOf":{"@id":"https:\/\/rodoaed.ee\/#website"},"primaryImageOfPage":{"@id":"https:\/\/rodoaed.ee\/fi\/toode\/kookoskuitu-paisuvat-tabletit-36mm-3x20kpl60kpl-mainospakkaus\/#primaryimage"},"image":{"@id":"https:\/\/rodoaed.ee\/fi\/toode\/kookoskuitu-paisuvat-tabletit-36mm-3x20kpl60kpl-mainospakkaus\/#primaryimage"},"thumbnailUrl":"https:\/\/rodoaed.ee\/wp-content\/uploads\/2020\/10\/kookose-tabletid_20tk_10091000_1.jpg","datePublished":"2021-02-09T13:12:26+00:00","dateModified":"2026-04-13T07:52:08+00:00","breadcrumb":{"@id":"https:\/\/rodoaed.ee\/fi\/toode\/kookoskuitu-paisuvat-tabletit-36mm-3x20kpl60kpl-mainospakkaus\/#breadcrumb"},"inLanguage":"fi","potentialAction":[{"@type":"ReadAction","target":["https:\/\/rodoaed.ee\/fi\/toode\/kookoskuitu-paisuvat-tabletit-36mm-3x20kpl60kpl-mainospakkaus\/"]}]},{"@type":"ImageObject","inLanguage":"fi","@id":"https:\/\/rodoaed.ee\/fi\/toode\/kookoskuitu-paisuvat-tabletit-36mm-3x20kpl60kpl-mainospakkaus\/#primaryimage","url":"https:\/\/rodoaed.ee\/wp-content\/uploads\/2020\/10\/kookose-tabletid_20tk_10091000_1.jpg","contentUrl":"https:\/\/rodoaed.ee\/wp-content\/uploads\/2020\/10\/kookose-tabletid_20tk_10091000_1.jpg","width":1024,"height":1024},{"@type":"BreadcrumbList","@id":"https:\/\/rodoaed.ee\/fi\/toode\/kookoskuitu-paisuvat-tabletit-36mm-3x20kpl60kpl-mainospakkaus\/#breadcrumb","itemListElement":[{"@type":"ListItem","position":1,"name":"Home","item":"https:\/\/rodoaed.ee\/fi\/"},{"@type":"ListItem","position":2,"name":"Osta osoitteessa","item":"https:\/\/rodoaed.ee\/osta-osoitteessa\/"},{"@type":"ListItem","position":3,"name":"Kookoskuitu paisuvat tabletit 36mm 3x20kpl=60kpl mainospakkaus"}]},{"@type":"WebSite","@id":"https:\/\/rodoaed.ee\/#website","url":"https:\/\/rodoaed.ee\/","name":"Rodoaed","description":"","publisher":{"@id":"https:\/\/rodoaed.ee\/#organization"},"potentialAction":[{"@type":"SearchAction","target":{"@type":"EntryPoint","urlTemplate":"https:\/\/rodoaed.ee\/?s={search_term_string}"},"query-input":{"@type":"PropertyValueSpecification","valueRequired":true,"valueName":"search_term_string"}}],"inLanguage":"fi"},{"@type":"Organization","@id":"https:\/\/rodoaed.ee\/#organization","name":"Rodoaed","url":"https:\/\/rodoaed.ee\/","logo":{"@type":"ImageObject","inLanguage":"fi","@id":"https:\/\/rodoaed.ee\/#\/schema\/logo\/image\/","url":"https:\/\/rodoaed.ee\/wp-content\/uploads\/2019\/11\/rodoaed-logo-ilma-taustata.jpg","contentUrl":"https:\/\/rodoaed.ee\/wp-content\/uploads\/2019\/11\/rodoaed-logo-ilma-taustata.jpg","width":769,"height":268,"caption":"Rodoaed"},"image":{"@id":"https:\/\/rodoaed.ee\/#\/schema\/logo\/image\/"},"sameAs":["https:\/\/www.facebook.com\/kasvuhooned\/","https:\/\/rodoaed.ee"]}]}},"_links":{"self":[{"href":"https:\/\/rodoaed.ee\/fi\/wp-json\/wp\/v2\/product\/52705","targetHints":{"allow":["GET"]}}],"collection":[{"href":"https:\/\/rodoaed.ee\/fi\/wp-json\/wp\/v2\/product"}],"about":[{"href":"https:\/\/rodoaed.ee\/fi\/wp-json\/wp\/v2\/types\/product"}],"wp:featuredmedia":[{"embeddable":true,"href":"https:\/\/rodoaed.ee\/fi\/wp-json\/wp\/v2\/media\/34224"}],"wp:attachment":[{"href":"https:\/\/rodoaed.ee\/fi\/wp-json\/wp\/v2\/media?parent=52705"}],"wp:term":[{"taxonomy":"product_brand","embeddable":true,"href":"https:\/\/rodoaed.ee\/fi\/wp-json\/wp\/v2\/product_brand?post=52705"},{"taxonomy":"product_cat","embeddable":true,"href":"https:\/\/rodoaed.ee\/fi\/wp-json\/wp\/v2\/product_cat?post=52705"},{"taxonomy":"product_tag","embeddable":true,"href":"https:\/\/rodoaed.ee\/fi\/wp-json\/wp\/v2\/product_tag?post=52705"}],"curies":[{"name":"wp","href":"https:\/\/api.w.org\/{rel}","templated":true}]}}