{"id":52707,"date":"2021-03-13T19:55:14","date_gmt":"2021-03-13T17:55:14","guid":{"rendered":"https:\/\/rodoaed.ee\/toode\/modelrong-konstruktori-postivaunulle\/"},"modified":"2026-04-13T10:52:12","modified_gmt":"2026-04-13T07:52:12","slug":"modelrong-konstruktori-postivaunulle","status":"publish","type":"product","link":"https:\/\/rodoaed.ee\/fi\/tuote\/modelrong-konstruktori-postivaunulle\/","title":{"rendered":"ModelRong Konstruktori postivaunulle"},"content":{"rendered":"<h2>Postivaunu valotehosteilla rakennussarjana<\/h2>\n<p>Suuri \u00e4lyk\u00e4s lelu lapsille 6-vuotiaista yl\u00f6sp\u00e4in. <\/p>\n<p><em>Saksalainen M\u00e4rklin on ollut pienoisrautatiemallitoiminnan perustaja vuodesta 1859 l\u00e4htien ja on edelleen alan ehdoton johtaja. Aloitussarjat ovat paras tapa p\u00e4\u00e4st\u00e4 alkuun rautateiden mallinrakennuksen j\u00e4nnitt\u00e4v\u00e4n aiheen parissa. Eritt\u00e4in innostavaa toimintaa nuorelle. Nuorten tuominen pois tietokoneiden \u00e4\u00e4rest\u00e4 tuo sukupolvet yhteen. Yht\u00e4 lailla mukaansatempaavaa 6-vuotiaille kuin isille ja ukillekin.    <\/em><\/p>\n<p>Voit aina koota ja purkaa vaunun ja koota sen uudelleen toisella tavalla. Voit nauhoittaa ja toistaa vaunulla omia \u00e4\u00e4ni\u00e4si ja \u00e4\u00e4ni\u00e4si. <\/p>\n<h2>T\u00e4rkeimm\u00e4t ominaisuudet:<\/h2>\n<ul>\n<li>Rakennuspalikoista tehty junavaunu<\/li>\n<li>Kootaan rakentimen lohkoista. Yhteensopiva l\u00e4hes kaikkien muiden valmistajien palikoiden kanssa <\/li>\n<li>Sopii k\u00e4ytett\u00e4v\u00e4ksi 6-vuotiaasta alkaen<\/li>\n<li>Mittakaava H0 (1:87)<\/li>\n<li>4 erilaista valotilaa: jatkuva valo, vilkkuminen, tasaisesti vaihtuva voimakkuus voimakkaammasta heikompaan ja valon voimakkuuden vaihtaminen \u00e4\u00e4nenvoimakkuuden mukaan.<\/li>\n<li>K\u00e4tev\u00e4 akun lataus USB-kaapelilla<\/li>\n<li>Vaunun pituus 16 cm<\/li>\n<\/ul>\n<div><\/div>\n<div><\/div>\n<div><strong>Varoitukset<\/strong><\/div>\n<div>Ei alle 3-vuotiaille lapsille<\/div>\n<div><a href=\"https:\/\/rodoaed.ee\/fi\/tootekategooria\/harrastukset-ja-lelut\/mallijunat\/\">k\u00e4ynnist\u00e4<\/a><\/div>\n<div><\/div>\n","protected":false},"excerpt":{"rendered":"<p>Postivaunu valotehosteilla rakennussarjana Suuri \u00e4lyk\u00e4s lelu lapsille 6-vuotiaista yl\u00f6sp\u00e4in. Saksalainen M\u00e4rklin on ollut pienoisrautatiemallitoiminnan perustaja vuodesta 1859 l\u00e4htien ja on edelleen alan ehdoton johtaja. Aloitussarjat ovat paras tapa p\u00e4\u00e4st\u00e4 alkuun rautateiden mallinrakennuksen j\u00e4nnitt\u00e4v\u00e4n aiheen parissa. Eritt\u00e4in innostavaa toimintaa nuorelle. Nuorten tuominen pois tietokoneiden \u00e4\u00e4rest\u00e4 tuo sukupolvet yhteen. Yht\u00e4 lailla mukaansatempaavaa 6-vuotiaille kuin isille ja ukillekin. Voit aina koota ja purkaa vaunun ja koota sen uudelleen&#8230;<\/p>\n","protected":false},"featured_media":36531,"template":"","meta":{"_acf_changed":false},"product_brand":[],"product_cat":[1763,1764,1864],"product_tag":[],"class_list":{"0":"post-52707","1":"product","2":"type-product","3":"status-publish","4":"has-post-thumbnail","6":"product_cat-harrastukset-ja-lelut","7":"product_cat-mallijunat","8":"product_cat-marklin-startup-mallijunat-yli-6-vuotiaille-ja-enintaan-99-vuotiaille","9":"product_shipping_class-toimitus-1-3-tyopaivan-kuluessa","10":"pa_variatsioon-mallijuna-ensimmainen-marklin","12":"first","13":"onbackorder","14":"sale","15":"taxable","16":"shipping-taxable","17":"purchasable","18":"product-type-simple"},"acf":[],"yoast_head":"<!-- This site is optimized with the Yoast SEO Premium plugin v27.3 (Yoast SEO v27.3) - https:\/\/yoast.com\/product\/yoast-seo-premium-wordpress\/ -->\n<title>ModelRong Konstruktori postivaunulle - Rodoaed<\/title>\n<meta name=\"robots\" content=\"index, follow, max-snippet:-1, max-image-preview:large, max-video-preview:-1\" \/>\n<link rel=\"canonical\" href=\"https:\/\/rodoaed.ee\/fi\/toode\/modelrong-konstruktori-postivaunulle\/\" \/>\n<meta property=\"og:locale\" content=\"fi_FI\" \/>\n<meta property=\"og:type\" content=\"article\" \/>\n<meta property=\"og:title\" content=\"ModelRong Konstruktori postivaunulle\" \/>\n<meta property=\"og:description\" content=\"Postivaunu valotehosteilla rakennussarjana Suuri \u00e4lyk\u00e4s lelu lapsille 6-vuotiaista yl\u00f6sp\u00e4in. Saksalainen M\u00e4rklin on ollut pienoisrautatiemallitoiminnan\" \/>\n<meta property=\"og:url\" content=\"https:\/\/rodoaed.ee\/fi\/toode\/modelrong-konstruktori-postivaunulle\/\" \/>\n<meta property=\"og:site_name\" content=\"Rodoaed\" \/>\n<meta property=\"article:publisher\" content=\"https:\/\/www.facebook.com\/kasvuhooned\/\" \/>\n<meta property=\"article:modified_time\" content=\"2026-04-13T07:52:12+00:00\" \/>\n<meta property=\"og:image\" content=\"https:\/\/rodoaed.ee\/wp-content\/uploads\/2021\/03\/mudelrongid_marklin-lego-postivagun_44737_1.jpg\" \/>\n\t<meta property=\"og:image:width\" content=\"1500\" \/>\n\t<meta property=\"og:image:height\" content=\"1069\" \/>\n\t<meta property=\"og:image:type\" content=\"image\/jpeg\" \/>\n<meta name=\"twitter:card\" content=\"summary_large_image\" \/>\n<meta name=\"twitter:label1\" content=\"Arvioitu lukuaika\" \/>\n\t<meta name=\"twitter:data1\" content=\"1 minuutti\" \/>\n<script type=\"application\/ld+json\" class=\"yoast-schema-graph\">{\"@context\":\"https:\\\/\\\/schema.org\",\"@graph\":[{\"@type\":\"WebPage\",\"@id\":\"https:\\\/\\\/rodoaed.ee\\\/fi\\\/toode\\\/modelrong-konstruktori-postivaunulle\\\/\",\"url\":\"https:\\\/\\\/rodoaed.ee\\\/fi\\\/toode\\\/modelrong-konstruktori-postivaunulle\\\/\",\"name\":\"ModelRong Konstruktori postivaunulle - Rodoaed\",\"isPartOf\":{\"@id\":\"https:\\\/\\\/rodoaed.ee\\\/#website\"},\"primaryImageOfPage\":{\"@id\":\"https:\\\/\\\/rodoaed.ee\\\/fi\\\/toode\\\/modelrong-konstruktori-postivaunulle\\\/#primaryimage\"},\"image\":{\"@id\":\"https:\\\/\\\/rodoaed.ee\\\/fi\\\/toode\\\/modelrong-konstruktori-postivaunulle\\\/#primaryimage\"},\"thumbnailUrl\":\"https:\\\/\\\/rodoaed.ee\\\/wp-content\\\/uploads\\\/2021\\\/03\\\/mudelrongid_marklin-lego-postivagun_44737_1.jpg\",\"datePublished\":\"2021-03-13T17:55:14+00:00\",\"dateModified\":\"2026-04-13T07:52:12+00:00\",\"breadcrumb\":{\"@id\":\"https:\\\/\\\/rodoaed.ee\\\/fi\\\/toode\\\/modelrong-konstruktori-postivaunulle\\\/#breadcrumb\"},\"inLanguage\":\"fi\",\"potentialAction\":[{\"@type\":\"ReadAction\",\"target\":[\"https:\\\/\\\/rodoaed.ee\\\/fi\\\/toode\\\/modelrong-konstruktori-postivaunulle\\\/\"]}]},{\"@type\":\"ImageObject\",\"inLanguage\":\"fi\",\"@id\":\"https:\\\/\\\/rodoaed.ee\\\/fi\\\/toode\\\/modelrong-konstruktori-postivaunulle\\\/#primaryimage\",\"url\":\"https:\\\/\\\/rodoaed.ee\\\/wp-content\\\/uploads\\\/2021\\\/03\\\/mudelrongid_marklin-lego-postivagun_44737_1.jpg\",\"contentUrl\":\"https:\\\/\\\/rodoaed.ee\\\/wp-content\\\/uploads\\\/2021\\\/03\\\/mudelrongid_marklin-lego-postivagun_44737_1.jpg\",\"width\":1500,\"height\":1069},{\"@type\":\"BreadcrumbList\",\"@id\":\"https:\\\/\\\/rodoaed.ee\\\/fi\\\/toode\\\/modelrong-konstruktori-postivaunulle\\\/#breadcrumb\",\"itemListElement\":[{\"@type\":\"ListItem\",\"position\":1,\"name\":\"Home\",\"item\":\"https:\\\/\\\/rodoaed.ee\\\/fi\\\/\"},{\"@type\":\"ListItem\",\"position\":2,\"name\":\"Osta osoitteessa\",\"item\":\"https:\\\/\\\/rodoaed.ee\\\/osta-osoitteessa\\\/\"},{\"@type\":\"ListItem\",\"position\":3,\"name\":\"ModelRong Konstruktori postivaunulle\"}]},{\"@type\":\"WebSite\",\"@id\":\"https:\\\/\\\/rodoaed.ee\\\/#website\",\"url\":\"https:\\\/\\\/rodoaed.ee\\\/\",\"name\":\"Rodoaed\",\"description\":\"\",\"publisher\":{\"@id\":\"https:\\\/\\\/rodoaed.ee\\\/#organization\"},\"potentialAction\":[{\"@type\":\"SearchAction\",\"target\":{\"@type\":\"EntryPoint\",\"urlTemplate\":\"https:\\\/\\\/rodoaed.ee\\\/?s={search_term_string}\"},\"query-input\":{\"@type\":\"PropertyValueSpecification\",\"valueRequired\":true,\"valueName\":\"search_term_string\"}}],\"inLanguage\":\"fi\"},{\"@type\":\"Organization\",\"@id\":\"https:\\\/\\\/rodoaed.ee\\\/#organization\",\"name\":\"Rodoaed\",\"url\":\"https:\\\/\\\/rodoaed.ee\\\/\",\"logo\":{\"@type\":\"ImageObject\",\"inLanguage\":\"fi\",\"@id\":\"https:\\\/\\\/rodoaed.ee\\\/#\\\/schema\\\/logo\\\/image\\\/\",\"url\":\"https:\\\/\\\/rodoaed.ee\\\/wp-content\\\/uploads\\\/2019\\\/11\\\/rodoaed-logo-ilma-taustata.jpg\",\"contentUrl\":\"https:\\\/\\\/rodoaed.ee\\\/wp-content\\\/uploads\\\/2019\\\/11\\\/rodoaed-logo-ilma-taustata.jpg\",\"width\":769,\"height\":268,\"caption\":\"Rodoaed\"},\"image\":{\"@id\":\"https:\\\/\\\/rodoaed.ee\\\/#\\\/schema\\\/logo\\\/image\\\/\"},\"sameAs\":[\"https:\\\/\\\/www.facebook.com\\\/kasvuhooned\\\/\",\"https:\\\/\\\/rodoaed.ee\"]}]}<\/script>\n<!-- \/ Yoast SEO Premium plugin. -->","yoast_head_json":{"title":"ModelRong Konstruktori postivaunulle - Rodoaed","robots":{"index":"index","follow":"follow","max-snippet":"max-snippet:-1","max-image-preview":"max-image-preview:large","max-video-preview":"max-video-preview:-1"},"canonical":"https:\/\/rodoaed.ee\/fi\/toode\/modelrong-konstruktori-postivaunulle\/","og_locale":"fi_FI","og_type":"article","og_title":"ModelRong Konstruktori postivaunulle","og_description":"Postivaunu valotehosteilla rakennussarjana Suuri \u00e4lyk\u00e4s lelu lapsille 6-vuotiaista yl\u00f6sp\u00e4in. Saksalainen M\u00e4rklin on ollut pienoisrautatiemallitoiminnan","og_url":"https:\/\/rodoaed.ee\/fi\/toode\/modelrong-konstruktori-postivaunulle\/","og_site_name":"Rodoaed","article_publisher":"https:\/\/www.facebook.com\/kasvuhooned\/","article_modified_time":"2026-04-13T07:52:12+00:00","og_image":[{"width":1500,"height":1069,"url":"https:\/\/rodoaed.ee\/wp-content\/uploads\/2021\/03\/mudelrongid_marklin-lego-postivagun_44737_1.jpg","type":"image\/jpeg"}],"twitter_card":"summary_large_image","twitter_misc":{"Arvioitu lukuaika":"1 minuutti"},"schema":{"@context":"https:\/\/schema.org","@graph":[{"@type":"WebPage","@id":"https:\/\/rodoaed.ee\/fi\/toode\/modelrong-konstruktori-postivaunulle\/","url":"https:\/\/rodoaed.ee\/fi\/toode\/modelrong-konstruktori-postivaunulle\/","name":"ModelRong Konstruktori postivaunulle - Rodoaed","isPartOf":{"@id":"https:\/\/rodoaed.ee\/#website"},"primaryImageOfPage":{"@id":"https:\/\/rodoaed.ee\/fi\/toode\/modelrong-konstruktori-postivaunulle\/#primaryimage"},"image":{"@id":"https:\/\/rodoaed.ee\/fi\/toode\/modelrong-konstruktori-postivaunulle\/#primaryimage"},"thumbnailUrl":"https:\/\/rodoaed.ee\/wp-content\/uploads\/2021\/03\/mudelrongid_marklin-lego-postivagun_44737_1.jpg","datePublished":"2021-03-13T17:55:14+00:00","dateModified":"2026-04-13T07:52:12+00:00","breadcrumb":{"@id":"https:\/\/rodoaed.ee\/fi\/toode\/modelrong-konstruktori-postivaunulle\/#breadcrumb"},"inLanguage":"fi","potentialAction":[{"@type":"ReadAction","target":["https:\/\/rodoaed.ee\/fi\/toode\/modelrong-konstruktori-postivaunulle\/"]}]},{"@type":"ImageObject","inLanguage":"fi","@id":"https:\/\/rodoaed.ee\/fi\/toode\/modelrong-konstruktori-postivaunulle\/#primaryimage","url":"https:\/\/rodoaed.ee\/wp-content\/uploads\/2021\/03\/mudelrongid_marklin-lego-postivagun_44737_1.jpg","contentUrl":"https:\/\/rodoaed.ee\/wp-content\/uploads\/2021\/03\/mudelrongid_marklin-lego-postivagun_44737_1.jpg","width":1500,"height":1069},{"@type":"BreadcrumbList","@id":"https:\/\/rodoaed.ee\/fi\/toode\/modelrong-konstruktori-postivaunulle\/#breadcrumb","itemListElement":[{"@type":"ListItem","position":1,"name":"Home","item":"https:\/\/rodoaed.ee\/fi\/"},{"@type":"ListItem","position":2,"name":"Osta osoitteessa","item":"https:\/\/rodoaed.ee\/osta-osoitteessa\/"},{"@type":"ListItem","position":3,"name":"ModelRong Konstruktori postivaunulle"}]},{"@type":"WebSite","@id":"https:\/\/rodoaed.ee\/#website","url":"https:\/\/rodoaed.ee\/","name":"Rodoaed","description":"","publisher":{"@id":"https:\/\/rodoaed.ee\/#organization"},"potentialAction":[{"@type":"SearchAction","target":{"@type":"EntryPoint","urlTemplate":"https:\/\/rodoaed.ee\/?s={search_term_string}"},"query-input":{"@type":"PropertyValueSpecification","valueRequired":true,"valueName":"search_term_string"}}],"inLanguage":"fi"},{"@type":"Organization","@id":"https:\/\/rodoaed.ee\/#organization","name":"Rodoaed","url":"https:\/\/rodoaed.ee\/","logo":{"@type":"ImageObject","inLanguage":"fi","@id":"https:\/\/rodoaed.ee\/#\/schema\/logo\/image\/","url":"https:\/\/rodoaed.ee\/wp-content\/uploads\/2019\/11\/rodoaed-logo-ilma-taustata.jpg","contentUrl":"https:\/\/rodoaed.ee\/wp-content\/uploads\/2019\/11\/rodoaed-logo-ilma-taustata.jpg","width":769,"height":268,"caption":"Rodoaed"},"image":{"@id":"https:\/\/rodoaed.ee\/#\/schema\/logo\/image\/"},"sameAs":["https:\/\/www.facebook.com\/kasvuhooned\/","https:\/\/rodoaed.ee"]}]}},"_links":{"self":[{"href":"https:\/\/rodoaed.ee\/fi\/wp-json\/wp\/v2\/product\/52707","targetHints":{"allow":["GET"]}}],"collection":[{"href":"https:\/\/rodoaed.ee\/fi\/wp-json\/wp\/v2\/product"}],"about":[{"href":"https:\/\/rodoaed.ee\/fi\/wp-json\/wp\/v2\/types\/product"}],"wp:featuredmedia":[{"embeddable":true,"href":"https:\/\/rodoaed.ee\/fi\/wp-json\/wp\/v2\/media\/36531"}],"wp:attachment":[{"href":"https:\/\/rodoaed.ee\/fi\/wp-json\/wp\/v2\/media?parent=52707"}],"wp:term":[{"taxonomy":"product_brand","embeddable":true,"href":"https:\/\/rodoaed.ee\/fi\/wp-json\/wp\/v2\/product_brand?post=52707"},{"taxonomy":"product_cat","embeddable":true,"href":"https:\/\/rodoaed.ee\/fi\/wp-json\/wp\/v2\/product_cat?post=52707"},{"taxonomy":"product_tag","embeddable":true,"href":"https:\/\/rodoaed.ee\/fi\/wp-json\/wp\/v2\/product_tag?post=52707"}],"curies":[{"name":"wp","href":"https:\/\/api.w.org\/{rel}","templated":true}]}}