{"id":52709,"date":"2021-03-17T18:18:41","date_gmt":"2021-03-17T16:18:41","guid":{"rendered":"https:\/\/rodoaed.ee\/toode\/kastevalaisin-florabooster-lum-led-500\/"},"modified":"2026-04-13T10:52:13","modified_gmt":"2026-04-13T07:52:13","slug":"kastevalaisin-florabooster-lum-led-500","status":"publish","type":"product","link":"https:\/\/rodoaed.ee\/fi\/tuote\/kastevalaisin-florabooster-lum-led-500\/","title":{"rendered":"Kastevalaisin Florabooster LUM LED 500"},"content":{"rendered":"<h3>Uusi tekniikka oikean spektrin Taimelampulla. Kompakti, mukava ja tehokas! <\/h3>\n<p>Erikoinen Florabooster LED-kasvilamppu on ihanteellinen ratkaisu ikkunalaudalla tai kukkapenkiss\u00e4 oleville kasveille, jotka eiv\u00e4t saa riitt\u00e4v\u00e4sti valoa. LED-valaisimen valospektri on s\u00e4\u00e4detty tarkasti kasveille sopivaksi, jotta se stimuloi kasvua ja kukintaa. Kun olet asentanut t\u00e4m\u00e4n kasvivalaisimen, voit pian n\u00e4hd\u00e4 uuden tuoreen kasvun ja vahvemmat lehdet.  <\/p>\n<p>Florabooster LED-kasvilamppu on saatavana kolmessa pituudessa: 60, 90 ja 120 cm. Valaisin voidaan ripustaa vaakasuoraan jalustaan (sis\u00e4ltyy toimitukseen) tai pystysuoraan sein\u00e4lle. Valaisimen p\u00e4iss\u00e4 on k\u00e4tev\u00e4t jatkoliittimet, joten voit helposti liitt\u00e4\u00e4 3 muuta lamppua toisiinsa. N\u00e4in voit valita tarkalleen, miten lamput syttyv\u00e4t.   <\/p>\n<h4>T\u00e4rkeimm\u00e4t ominaisuudet<\/h4>\n<ul>\n<li>Korkean intensiteetin VALKOINEN valo<\/li>\n<li>Kasveille sopivalla spektrill\u00e4 varustettu LED 6,5W (vastaa noin 65W analogisia lamppuja).<\/li>\n<li>Edist\u00e4\u00e4 klorofyllin synteesi\u00e4 kasvien lehdiss\u00e4 ja kasvua.<\/li>\n<li>Ymp\u00e4rivuotinen valaistus kasveille<\/li>\n<li>Eritt\u00e4in pitk\u00e4 k\u00e4ytt\u00f6ik\u00e4 &#8211; 10 kertaa pidempi kuin analogien, eli 30 000 k\u00e4ytt\u00f6tuntia.<\/li>\n<li>Kosteudenkest\u00e4vyysluokka IP 22<\/li>\n<li>Mitat: \u00d8 24 cm x 20 cm<\/li>\n<li>Kaapelin pituus 3m<\/li>\n<li>E27-kierteinen pistorasia<\/li>\n<\/ul>\n<p>&nbsp;<\/p>\n<div><a href=\"https:\/\/rodoaed.ee\/fi\/\">kotisivu<\/a> <a href=\"https:\/\/rodoaed.ee\/tootekategooria\/kasvuhooned-ja-talveaiad\/\">k\u00e4ynnist\u00e4<\/a> <a href=\"https:\/\/rodoaed.ee\/fi\/tootekategooria\/kasvihuoneen-tarvikkeet\/\">tarvikkeet<\/a> <a href=\"https:\/\/rodoaed.ee\/fi\/tootekategooria\/kasvihuoneen-tarvikkeet\/kasvihuoneen-valaistus\/\">valaistus<\/a><\/div>\n<div>\n<div><\/div>\n<\/div>\n","protected":false},"excerpt":{"rendered":"<p>Uusi tekniikka oikean spektrin Taimelampulla. Kompakti, mukava ja tehokas! Erikoinen Florabooster LED-kasvilamppu on ihanteellinen ratkaisu ikkunalaudalla tai kukkapenkiss\u00e4 oleville kasveille, jotka eiv\u00e4t saa riitt\u00e4v\u00e4sti valoa. LED-valaisimen valospektri on s\u00e4\u00e4detty tarkasti kasveille sopivaksi, jotta se stimuloi kasvua ja kukintaa. Kun olet asentanut t\u00e4m\u00e4n kasvivalaisimen, voit pian n\u00e4hd\u00e4 uuden tuoreen kasvun ja vahvemmat lehdet. Florabooster LED-kasvilamppu on saatavana kolmessa pituudessa: 60, 90 ja 120 cm. Valaisin voidaan&#8230;<\/p>\n","protected":false},"featured_media":36697,"template":"","meta":{"_acf_changed":false},"product_brand":[],"product_cat":[1811,1869,1870,1871],"product_tag":[],"class_list":{"0":"post-52709","1":"product","2":"type-product","3":"status-publish","4":"has-post-thumbnail","6":"product_cat-kasvien-kasvattaminen","7":"product_cat-kasvihuoneen-tarvikkeet","8":"product_cat-kasvihuoneen-valaistus","9":"product_cat-kasvisipulit","10":"pa_variatsioon-energiaa-saastava-kasvilamppu-l15","12":"first","13":"onbackorder","14":"sale","15":"taxable","16":"shipping-taxable","17":"purchasable","18":"product-type-simple"},"acf":[],"yoast_head":"<!-- This site is optimized with the Yoast SEO Premium plugin v27.3 (Yoast SEO v27.3) - https:\/\/yoast.com\/product\/yoast-seo-premium-wordpress\/ -->\n<title>Kastevalaisin Florabooster LUM LED 500 - Rodoaed<\/title>\n<meta name=\"description\" content=\"Anna kasveillesi parhaat mahdolliset kasvuolosuhteet ymp\u00e4ri vuoden antamalla niille t\u00e4yden spektrin valoa my\u00f6s vuoden pimeimpin\u00e4 kuukausina.\" \/>\n<meta name=\"robots\" content=\"index, follow, max-snippet:-1, max-image-preview:large, max-video-preview:-1\" \/>\n<link rel=\"canonical\" href=\"https:\/\/rodoaed.ee\/fi\/toode\/kastevalaisin-florabooster-lum-led-500\/\" \/>\n<meta property=\"og:locale\" content=\"fi_FI\" \/>\n<meta property=\"og:type\" content=\"article\" \/>\n<meta property=\"og:title\" content=\"Kastevalaisin Florabooster LUM LED 500\" \/>\n<meta property=\"og:description\" content=\"Uusi tekniikka oikean spektrin Taimelampulla. Kompakti, mukava ja tehokas! Erikoinen Florabooster LED-kasvilamppu on ihanteellinen ratkaisu ikkunalaudalla\" \/>\n<meta property=\"og:url\" content=\"https:\/\/rodoaed.ee\/fi\/toode\/kastevalaisin-florabooster-lum-led-500\/\" \/>\n<meta property=\"og:site_name\" content=\"Rodoaed\" \/>\n<meta property=\"article:publisher\" content=\"https:\/\/www.facebook.com\/kasvuhooned\/\" \/>\n<meta property=\"article:modified_time\" content=\"2026-04-13T07:52:13+00:00\" \/>\n<meta property=\"og:image\" content=\"https:\/\/rodoaed.ee\/wp-content\/uploads\/2021\/03\/Taimelamp_Florabooster-500_3.jpg\" \/>\n\t<meta property=\"og:image:width\" content=\"1200\" \/>\n\t<meta property=\"og:image:height\" content=\"1200\" \/>\n\t<meta property=\"og:image:type\" content=\"image\/jpeg\" \/>\n<meta name=\"twitter:card\" content=\"summary_large_image\" \/>\n<meta name=\"twitter:label1\" content=\"Arvioitu lukuaika\" \/>\n\t<meta name=\"twitter:data1\" content=\"1 minuutti\" \/>\n<script type=\"application\/ld+json\" class=\"yoast-schema-graph\">{\"@context\":\"https:\\\/\\\/schema.org\",\"@graph\":[{\"@type\":\"WebPage\",\"@id\":\"https:\\\/\\\/rodoaed.ee\\\/fi\\\/toode\\\/kastevalaisin-florabooster-lum-led-500\\\/\",\"url\":\"https:\\\/\\\/rodoaed.ee\\\/fi\\\/toode\\\/kastevalaisin-florabooster-lum-led-500\\\/\",\"name\":\"Kastevalaisin Florabooster LUM LED 500 - Rodoaed\",\"isPartOf\":{\"@id\":\"https:\\\/\\\/rodoaed.ee\\\/#website\"},\"primaryImageOfPage\":{\"@id\":\"https:\\\/\\\/rodoaed.ee\\\/fi\\\/toode\\\/kastevalaisin-florabooster-lum-led-500\\\/#primaryimage\"},\"image\":{\"@id\":\"https:\\\/\\\/rodoaed.ee\\\/fi\\\/toode\\\/kastevalaisin-florabooster-lum-led-500\\\/#primaryimage\"},\"thumbnailUrl\":\"https:\\\/\\\/rodoaed.ee\\\/wp-content\\\/uploads\\\/2021\\\/03\\\/Taimelamp_Florabooster-500_3.jpg\",\"datePublished\":\"2021-03-17T16:18:41+00:00\",\"dateModified\":\"2026-04-13T07:52:13+00:00\",\"description\":\"Anna kasveillesi parhaat mahdolliset kasvuolosuhteet ymp\u00e4ri vuoden antamalla niille t\u00e4yden spektrin valoa my\u00f6s vuoden pimeimpin\u00e4 kuukausina.\",\"breadcrumb\":{\"@id\":\"https:\\\/\\\/rodoaed.ee\\\/fi\\\/toode\\\/kastevalaisin-florabooster-lum-led-500\\\/#breadcrumb\"},\"inLanguage\":\"fi\",\"potentialAction\":[{\"@type\":\"ReadAction\",\"target\":[\"https:\\\/\\\/rodoaed.ee\\\/fi\\\/toode\\\/kastevalaisin-florabooster-lum-led-500\\\/\"]}]},{\"@type\":\"ImageObject\",\"inLanguage\":\"fi\",\"@id\":\"https:\\\/\\\/rodoaed.ee\\\/fi\\\/toode\\\/kastevalaisin-florabooster-lum-led-500\\\/#primaryimage\",\"url\":\"https:\\\/\\\/rodoaed.ee\\\/wp-content\\\/uploads\\\/2021\\\/03\\\/Taimelamp_Florabooster-500_3.jpg\",\"contentUrl\":\"https:\\\/\\\/rodoaed.ee\\\/wp-content\\\/uploads\\\/2021\\\/03\\\/Taimelamp_Florabooster-500_3.jpg\",\"width\":1200,\"height\":1200,\"caption\":\"istuttaa sipuleita\"},{\"@type\":\"BreadcrumbList\",\"@id\":\"https:\\\/\\\/rodoaed.ee\\\/fi\\\/toode\\\/kastevalaisin-florabooster-lum-led-500\\\/#breadcrumb\",\"itemListElement\":[{\"@type\":\"ListItem\",\"position\":1,\"name\":\"Home\",\"item\":\"https:\\\/\\\/rodoaed.ee\\\/fi\\\/\"},{\"@type\":\"ListItem\",\"position\":2,\"name\":\"Osta osoitteessa\",\"item\":\"https:\\\/\\\/rodoaed.ee\\\/osta-osoitteessa\\\/\"},{\"@type\":\"ListItem\",\"position\":3,\"name\":\"Kastevalaisin Florabooster LUM LED 500\"}]},{\"@type\":\"WebSite\",\"@id\":\"https:\\\/\\\/rodoaed.ee\\\/#website\",\"url\":\"https:\\\/\\\/rodoaed.ee\\\/\",\"name\":\"Rodoaed\",\"description\":\"\",\"publisher\":{\"@id\":\"https:\\\/\\\/rodoaed.ee\\\/#organization\"},\"potentialAction\":[{\"@type\":\"SearchAction\",\"target\":{\"@type\":\"EntryPoint\",\"urlTemplate\":\"https:\\\/\\\/rodoaed.ee\\\/?s={search_term_string}\"},\"query-input\":{\"@type\":\"PropertyValueSpecification\",\"valueRequired\":true,\"valueName\":\"search_term_string\"}}],\"inLanguage\":\"fi\"},{\"@type\":\"Organization\",\"@id\":\"https:\\\/\\\/rodoaed.ee\\\/#organization\",\"name\":\"Rodoaed\",\"url\":\"https:\\\/\\\/rodoaed.ee\\\/\",\"logo\":{\"@type\":\"ImageObject\",\"inLanguage\":\"fi\",\"@id\":\"https:\\\/\\\/rodoaed.ee\\\/#\\\/schema\\\/logo\\\/image\\\/\",\"url\":\"https:\\\/\\\/rodoaed.ee\\\/wp-content\\\/uploads\\\/2019\\\/11\\\/rodoaed-logo-ilma-taustata.jpg\",\"contentUrl\":\"https:\\\/\\\/rodoaed.ee\\\/wp-content\\\/uploads\\\/2019\\\/11\\\/rodoaed-logo-ilma-taustata.jpg\",\"width\":769,\"height\":268,\"caption\":\"Rodoaed\"},\"image\":{\"@id\":\"https:\\\/\\\/rodoaed.ee\\\/#\\\/schema\\\/logo\\\/image\\\/\"},\"sameAs\":[\"https:\\\/\\\/www.facebook.com\\\/kasvuhooned\\\/\",\"https:\\\/\\\/rodoaed.ee\"]}]}<\/script>\n<!-- \/ Yoast SEO Premium plugin. -->","yoast_head_json":{"title":"Kastevalaisin Florabooster LUM LED 500 - Rodoaed","description":"Anna kasveillesi parhaat mahdolliset kasvuolosuhteet ymp\u00e4ri vuoden antamalla niille t\u00e4yden spektrin valoa my\u00f6s vuoden pimeimpin\u00e4 kuukausina.","robots":{"index":"index","follow":"follow","max-snippet":"max-snippet:-1","max-image-preview":"max-image-preview:large","max-video-preview":"max-video-preview:-1"},"canonical":"https:\/\/rodoaed.ee\/fi\/toode\/kastevalaisin-florabooster-lum-led-500\/","og_locale":"fi_FI","og_type":"article","og_title":"Kastevalaisin Florabooster LUM LED 500","og_description":"Uusi tekniikka oikean spektrin Taimelampulla. Kompakti, mukava ja tehokas! Erikoinen Florabooster LED-kasvilamppu on ihanteellinen ratkaisu ikkunalaudalla","og_url":"https:\/\/rodoaed.ee\/fi\/toode\/kastevalaisin-florabooster-lum-led-500\/","og_site_name":"Rodoaed","article_publisher":"https:\/\/www.facebook.com\/kasvuhooned\/","article_modified_time":"2026-04-13T07:52:13+00:00","og_image":[{"width":1200,"height":1200,"url":"https:\/\/rodoaed.ee\/wp-content\/uploads\/2021\/03\/Taimelamp_Florabooster-500_3.jpg","type":"image\/jpeg"}],"twitter_card":"summary_large_image","twitter_misc":{"Arvioitu lukuaika":"1 minuutti"},"schema":{"@context":"https:\/\/schema.org","@graph":[{"@type":"WebPage","@id":"https:\/\/rodoaed.ee\/fi\/toode\/kastevalaisin-florabooster-lum-led-500\/","url":"https:\/\/rodoaed.ee\/fi\/toode\/kastevalaisin-florabooster-lum-led-500\/","name":"Kastevalaisin Florabooster LUM LED 500 - Rodoaed","isPartOf":{"@id":"https:\/\/rodoaed.ee\/#website"},"primaryImageOfPage":{"@id":"https:\/\/rodoaed.ee\/fi\/toode\/kastevalaisin-florabooster-lum-led-500\/#primaryimage"},"image":{"@id":"https:\/\/rodoaed.ee\/fi\/toode\/kastevalaisin-florabooster-lum-led-500\/#primaryimage"},"thumbnailUrl":"https:\/\/rodoaed.ee\/wp-content\/uploads\/2021\/03\/Taimelamp_Florabooster-500_3.jpg","datePublished":"2021-03-17T16:18:41+00:00","dateModified":"2026-04-13T07:52:13+00:00","description":"Anna kasveillesi parhaat mahdolliset kasvuolosuhteet ymp\u00e4ri vuoden antamalla niille t\u00e4yden spektrin valoa my\u00f6s vuoden pimeimpin\u00e4 kuukausina.","breadcrumb":{"@id":"https:\/\/rodoaed.ee\/fi\/toode\/kastevalaisin-florabooster-lum-led-500\/#breadcrumb"},"inLanguage":"fi","potentialAction":[{"@type":"ReadAction","target":["https:\/\/rodoaed.ee\/fi\/toode\/kastevalaisin-florabooster-lum-led-500\/"]}]},{"@type":"ImageObject","inLanguage":"fi","@id":"https:\/\/rodoaed.ee\/fi\/toode\/kastevalaisin-florabooster-lum-led-500\/#primaryimage","url":"https:\/\/rodoaed.ee\/wp-content\/uploads\/2021\/03\/Taimelamp_Florabooster-500_3.jpg","contentUrl":"https:\/\/rodoaed.ee\/wp-content\/uploads\/2021\/03\/Taimelamp_Florabooster-500_3.jpg","width":1200,"height":1200,"caption":"istuttaa sipuleita"},{"@type":"BreadcrumbList","@id":"https:\/\/rodoaed.ee\/fi\/toode\/kastevalaisin-florabooster-lum-led-500\/#breadcrumb","itemListElement":[{"@type":"ListItem","position":1,"name":"Home","item":"https:\/\/rodoaed.ee\/fi\/"},{"@type":"ListItem","position":2,"name":"Osta osoitteessa","item":"https:\/\/rodoaed.ee\/osta-osoitteessa\/"},{"@type":"ListItem","position":3,"name":"Kastevalaisin Florabooster LUM LED 500"}]},{"@type":"WebSite","@id":"https:\/\/rodoaed.ee\/#website","url":"https:\/\/rodoaed.ee\/","name":"Rodoaed","description":"","publisher":{"@id":"https:\/\/rodoaed.ee\/#organization"},"potentialAction":[{"@type":"SearchAction","target":{"@type":"EntryPoint","urlTemplate":"https:\/\/rodoaed.ee\/?s={search_term_string}"},"query-input":{"@type":"PropertyValueSpecification","valueRequired":true,"valueName":"search_term_string"}}],"inLanguage":"fi"},{"@type":"Organization","@id":"https:\/\/rodoaed.ee\/#organization","name":"Rodoaed","url":"https:\/\/rodoaed.ee\/","logo":{"@type":"ImageObject","inLanguage":"fi","@id":"https:\/\/rodoaed.ee\/#\/schema\/logo\/image\/","url":"https:\/\/rodoaed.ee\/wp-content\/uploads\/2019\/11\/rodoaed-logo-ilma-taustata.jpg","contentUrl":"https:\/\/rodoaed.ee\/wp-content\/uploads\/2019\/11\/rodoaed-logo-ilma-taustata.jpg","width":769,"height":268,"caption":"Rodoaed"},"image":{"@id":"https:\/\/rodoaed.ee\/#\/schema\/logo\/image\/"},"sameAs":["https:\/\/www.facebook.com\/kasvuhooned\/","https:\/\/rodoaed.ee"]}]}},"_links":{"self":[{"href":"https:\/\/rodoaed.ee\/fi\/wp-json\/wp\/v2\/product\/52709","targetHints":{"allow":["GET"]}}],"collection":[{"href":"https:\/\/rodoaed.ee\/fi\/wp-json\/wp\/v2\/product"}],"about":[{"href":"https:\/\/rodoaed.ee\/fi\/wp-json\/wp\/v2\/types\/product"}],"wp:featuredmedia":[{"embeddable":true,"href":"https:\/\/rodoaed.ee\/fi\/wp-json\/wp\/v2\/media\/36697"}],"wp:attachment":[{"href":"https:\/\/rodoaed.ee\/fi\/wp-json\/wp\/v2\/media?parent=52709"}],"wp:term":[{"taxonomy":"product_brand","embeddable":true,"href":"https:\/\/rodoaed.ee\/fi\/wp-json\/wp\/v2\/product_brand?post=52709"},{"taxonomy":"product_cat","embeddable":true,"href":"https:\/\/rodoaed.ee\/fi\/wp-json\/wp\/v2\/product_cat?post=52709"},{"taxonomy":"product_tag","embeddable":true,"href":"https:\/\/rodoaed.ee\/fi\/wp-json\/wp\/v2\/product_tag?post=52709"}],"curies":[{"name":"wp","href":"https:\/\/api.w.org\/{rel}","templated":true}]}}