{"id":52714,"date":"2021-03-18T14:22:55","date_gmt":"2021-03-18T12:22:55","guid":{"rendered":"https:\/\/rodoaed.ee\/toode\/alumiininen-piikki-pesakoteloa-varten\/"},"modified":"2026-04-13T10:52:24","modified_gmt":"2026-04-13T07:52:24","slug":"alumiininen-piikki-pesakoteloa-varten","status":"publish","type":"product","link":"https:\/\/rodoaed.ee\/fi\/tuote\/alumiininen-piikki-pesakoteloa-varten\/","title":{"rendered":"Alumiininen piikki pes\u00e4koteloa varten"},"content":{"rendered":"<h2>Alumiininen naula pes\u00e4laatikon turvalliseen asentamiseen puihin.<\/h2>\n<p>Kokeet osoittavat, ett\u00e4 alumiininaula ei h\u00e4iritse puita samalla tavalla kuin rautanaula, jonka ymp\u00e4rille puu kasvattaa haavakudosta. Alumiininaula voidaan vet\u00e4\u00e4 ulos 5 vuoden kuluttua, ja j\u00e4ljelle j\u00e4\u00e4 puhdas reik\u00e4, joka kasvaa v\u00e4litt\u00f6m\u00e4sti takaisin. <\/p>\n<p>Alumiininaulat ovat my\u00f6s turvallisia metsureille, sill\u00e4 ne eiv\u00e4t vahingoita sahaketjua.<\/p>\n<h2>T\u00e4rkeimm\u00e4t ominaisuudet:<\/h2>\n<p><b>Materiaali:<\/b> alumiini<\/p>\n<p><b>Mitat: <\/b>\u00d8 5,0 x 85 mm<\/p>\n<p><strong>M\u00e4\u00e4r\u00e4:<\/strong> 1<\/p>\n<p>&nbsp;<\/p>\n<p><a href=\"https:\/\/rodoaed.ee\/fi\/tootekategooria\/linnaillalliset-ja-linnan-ravintolat\/\">aloita<\/a><\/p>\n","protected":false},"excerpt":{"rendered":"<p>Alumiininen naula pes\u00e4laatikon turvalliseen asentamiseen puihin. Kokeet osoittavat, ett\u00e4 alumiininaula ei h\u00e4iritse puita samalla tavalla kuin rautanaula, jonka ymp\u00e4rille puu kasvattaa haavakudosta. Alumiininaula voidaan vet\u00e4\u00e4 ulos 5 vuoden kuluttua, ja j\u00e4ljelle j\u00e4\u00e4 puhdas reik\u00e4, joka kasvaa v\u00e4litt\u00f6m\u00e4sti takaisin. Alumiininaulat ovat my\u00f6s turvallisia metsureille, sill\u00e4 ne eiv\u00e4t vahingoita sahaketjua. T\u00e4rkeimm\u00e4t ominaisuudet: Materiaali: alumiini Mitat: \u00d8 5,0 x 85 mm M\u00e4\u00e4r\u00e4: 1 &nbsp; aloita<\/p>\n","protected":false},"featured_media":36714,"template":"","meta":{"_acf_changed":false},"product_brand":[],"product_cat":[1852,1851],"product_tag":[],"class_list":{"0":"post-52714","1":"product","2":"type-product","3":"status-publish","4":"has-post-thumbnail","6":"product_cat-lintujen-tarvikkeet","7":"product_cat-pesakotelot","8":"product_shipping_class-toimitus-1-3-tyopaivan-kuluessa","9":"pa_variatsioon-20-dining-house-latern-1l","11":"first","12":"outofstock","13":"taxable","14":"shipping-taxable","15":"purchasable","16":"product-type-simple"},"acf":[],"yoast_head":"<!-- This site is optimized with the Yoast SEO Premium plugin v27.3 (Yoast SEO v27.3) - https:\/\/yoast.com\/product\/yoast-seo-premium-wordpress\/ -->\n<title>Alumiininen piikki pes\u00e4koteloa varten - Rodoaed<\/title>\n<meta name=\"robots\" content=\"index, follow, max-snippet:-1, max-image-preview:large, max-video-preview:-1\" \/>\n<link rel=\"canonical\" href=\"https:\/\/rodoaed.ee\/fi\/toode\/alumiininen-piikki-pesakoteloa-varten\/\" \/>\n<meta property=\"og:locale\" content=\"fi_FI\" \/>\n<meta property=\"og:type\" content=\"article\" \/>\n<meta property=\"og:title\" content=\"Alumiininen piikki pes\u00e4koteloa varten\" \/>\n<meta property=\"og:description\" content=\"Alumiininen naula pes\u00e4laatikon turvalliseen asentamiseen puihin. Kokeet osoittavat, ett\u00e4 alumiininaula ei h\u00e4iritse puita samalla tavalla kuin rautanaula,\" \/>\n<meta property=\"og:url\" content=\"https:\/\/rodoaed.ee\/fi\/toode\/alumiininen-piikki-pesakoteloa-varten\/\" \/>\n<meta property=\"og:site_name\" content=\"Rodoaed\" \/>\n<meta property=\"article:publisher\" content=\"https:\/\/www.facebook.com\/kasvuhooned\/\" \/>\n<meta property=\"article:modified_time\" content=\"2026-04-13T07:52:24+00:00\" \/>\n<meta property=\"og:image\" content=\"https:\/\/rodoaed.ee\/wp-content\/uploads\/2021\/03\/alumiiniumnael_440_01.jpg\" \/>\n\t<meta property=\"og:image:width\" content=\"400\" \/>\n\t<meta property=\"og:image:height\" content=\"318\" \/>\n\t<meta property=\"og:image:type\" content=\"image\/jpeg\" \/>\n<meta name=\"twitter:card\" content=\"summary_large_image\" \/>\n<script type=\"application\/ld+json\" class=\"yoast-schema-graph\">{\"@context\":\"https:\\\/\\\/schema.org\",\"@graph\":[{\"@type\":\"WebPage\",\"@id\":\"https:\\\/\\\/rodoaed.ee\\\/fi\\\/toode\\\/alumiininen-piikki-pesakoteloa-varten\\\/\",\"url\":\"https:\\\/\\\/rodoaed.ee\\\/fi\\\/toode\\\/alumiininen-piikki-pesakoteloa-varten\\\/\",\"name\":\"Alumiininen piikki pes\u00e4koteloa varten - Rodoaed\",\"isPartOf\":{\"@id\":\"https:\\\/\\\/rodoaed.ee\\\/#website\"},\"primaryImageOfPage\":{\"@id\":\"https:\\\/\\\/rodoaed.ee\\\/fi\\\/toode\\\/alumiininen-piikki-pesakoteloa-varten\\\/#primaryimage\"},\"image\":{\"@id\":\"https:\\\/\\\/rodoaed.ee\\\/fi\\\/toode\\\/alumiininen-piikki-pesakoteloa-varten\\\/#primaryimage\"},\"thumbnailUrl\":\"https:\\\/\\\/rodoaed.ee\\\/wp-content\\\/uploads\\\/2021\\\/03\\\/alumiiniumnael_440_01.jpg\",\"datePublished\":\"2021-03-18T12:22:55+00:00\",\"dateModified\":\"2026-04-13T07:52:24+00:00\",\"breadcrumb\":{\"@id\":\"https:\\\/\\\/rodoaed.ee\\\/fi\\\/toode\\\/alumiininen-piikki-pesakoteloa-varten\\\/#breadcrumb\"},\"inLanguage\":\"fi\",\"potentialAction\":[{\"@type\":\"ReadAction\",\"target\":[\"https:\\\/\\\/rodoaed.ee\\\/fi\\\/toode\\\/alumiininen-piikki-pesakoteloa-varten\\\/\"]}]},{\"@type\":\"ImageObject\",\"inLanguage\":\"fi\",\"@id\":\"https:\\\/\\\/rodoaed.ee\\\/fi\\\/toode\\\/alumiininen-piikki-pesakoteloa-varten\\\/#primaryimage\",\"url\":\"https:\\\/\\\/rodoaed.ee\\\/wp-content\\\/uploads\\\/2021\\\/03\\\/alumiiniumnael_440_01.jpg\",\"contentUrl\":\"https:\\\/\\\/rodoaed.ee\\\/wp-content\\\/uploads\\\/2021\\\/03\\\/alumiiniumnael_440_01.jpg\",\"width\":400,\"height\":318},{\"@type\":\"BreadcrumbList\",\"@id\":\"https:\\\/\\\/rodoaed.ee\\\/fi\\\/toode\\\/alumiininen-piikki-pesakoteloa-varten\\\/#breadcrumb\",\"itemListElement\":[{\"@type\":\"ListItem\",\"position\":1,\"name\":\"Home\",\"item\":\"https:\\\/\\\/rodoaed.ee\\\/fi\\\/\"},{\"@type\":\"ListItem\",\"position\":2,\"name\":\"Osta osoitteessa\",\"item\":\"https:\\\/\\\/rodoaed.ee\\\/osta-osoitteessa\\\/\"},{\"@type\":\"ListItem\",\"position\":3,\"name\":\"Alumiininen piikki pes\u00e4koteloa varten\"}]},{\"@type\":\"WebSite\",\"@id\":\"https:\\\/\\\/rodoaed.ee\\\/#website\",\"url\":\"https:\\\/\\\/rodoaed.ee\\\/\",\"name\":\"Rodoaed\",\"description\":\"\",\"publisher\":{\"@id\":\"https:\\\/\\\/rodoaed.ee\\\/#organization\"},\"potentialAction\":[{\"@type\":\"SearchAction\",\"target\":{\"@type\":\"EntryPoint\",\"urlTemplate\":\"https:\\\/\\\/rodoaed.ee\\\/?s={search_term_string}\"},\"query-input\":{\"@type\":\"PropertyValueSpecification\",\"valueRequired\":true,\"valueName\":\"search_term_string\"}}],\"inLanguage\":\"fi\"},{\"@type\":\"Organization\",\"@id\":\"https:\\\/\\\/rodoaed.ee\\\/#organization\",\"name\":\"Rodoaed\",\"url\":\"https:\\\/\\\/rodoaed.ee\\\/\",\"logo\":{\"@type\":\"ImageObject\",\"inLanguage\":\"fi\",\"@id\":\"https:\\\/\\\/rodoaed.ee\\\/#\\\/schema\\\/logo\\\/image\\\/\",\"url\":\"https:\\\/\\\/rodoaed.ee\\\/wp-content\\\/uploads\\\/2019\\\/11\\\/rodoaed-logo-ilma-taustata.jpg\",\"contentUrl\":\"https:\\\/\\\/rodoaed.ee\\\/wp-content\\\/uploads\\\/2019\\\/11\\\/rodoaed-logo-ilma-taustata.jpg\",\"width\":769,\"height\":268,\"caption\":\"Rodoaed\"},\"image\":{\"@id\":\"https:\\\/\\\/rodoaed.ee\\\/#\\\/schema\\\/logo\\\/image\\\/\"},\"sameAs\":[\"https:\\\/\\\/www.facebook.com\\\/kasvuhooned\\\/\",\"https:\\\/\\\/rodoaed.ee\"]}]}<\/script>\n<!-- \/ Yoast SEO Premium plugin. -->","yoast_head_json":{"title":"Alumiininen piikki pes\u00e4koteloa varten - Rodoaed","robots":{"index":"index","follow":"follow","max-snippet":"max-snippet:-1","max-image-preview":"max-image-preview:large","max-video-preview":"max-video-preview:-1"},"canonical":"https:\/\/rodoaed.ee\/fi\/toode\/alumiininen-piikki-pesakoteloa-varten\/","og_locale":"fi_FI","og_type":"article","og_title":"Alumiininen piikki pes\u00e4koteloa varten","og_description":"Alumiininen naula pes\u00e4laatikon turvalliseen asentamiseen puihin. Kokeet osoittavat, ett\u00e4 alumiininaula ei h\u00e4iritse puita samalla tavalla kuin rautanaula,","og_url":"https:\/\/rodoaed.ee\/fi\/toode\/alumiininen-piikki-pesakoteloa-varten\/","og_site_name":"Rodoaed","article_publisher":"https:\/\/www.facebook.com\/kasvuhooned\/","article_modified_time":"2026-04-13T07:52:24+00:00","og_image":[{"width":400,"height":318,"url":"https:\/\/rodoaed.ee\/wp-content\/uploads\/2021\/03\/alumiiniumnael_440_01.jpg","type":"image\/jpeg"}],"twitter_card":"summary_large_image","schema":{"@context":"https:\/\/schema.org","@graph":[{"@type":"WebPage","@id":"https:\/\/rodoaed.ee\/fi\/toode\/alumiininen-piikki-pesakoteloa-varten\/","url":"https:\/\/rodoaed.ee\/fi\/toode\/alumiininen-piikki-pesakoteloa-varten\/","name":"Alumiininen piikki pes\u00e4koteloa varten - Rodoaed","isPartOf":{"@id":"https:\/\/rodoaed.ee\/#website"},"primaryImageOfPage":{"@id":"https:\/\/rodoaed.ee\/fi\/toode\/alumiininen-piikki-pesakoteloa-varten\/#primaryimage"},"image":{"@id":"https:\/\/rodoaed.ee\/fi\/toode\/alumiininen-piikki-pesakoteloa-varten\/#primaryimage"},"thumbnailUrl":"https:\/\/rodoaed.ee\/wp-content\/uploads\/2021\/03\/alumiiniumnael_440_01.jpg","datePublished":"2021-03-18T12:22:55+00:00","dateModified":"2026-04-13T07:52:24+00:00","breadcrumb":{"@id":"https:\/\/rodoaed.ee\/fi\/toode\/alumiininen-piikki-pesakoteloa-varten\/#breadcrumb"},"inLanguage":"fi","potentialAction":[{"@type":"ReadAction","target":["https:\/\/rodoaed.ee\/fi\/toode\/alumiininen-piikki-pesakoteloa-varten\/"]}]},{"@type":"ImageObject","inLanguage":"fi","@id":"https:\/\/rodoaed.ee\/fi\/toode\/alumiininen-piikki-pesakoteloa-varten\/#primaryimage","url":"https:\/\/rodoaed.ee\/wp-content\/uploads\/2021\/03\/alumiiniumnael_440_01.jpg","contentUrl":"https:\/\/rodoaed.ee\/wp-content\/uploads\/2021\/03\/alumiiniumnael_440_01.jpg","width":400,"height":318},{"@type":"BreadcrumbList","@id":"https:\/\/rodoaed.ee\/fi\/toode\/alumiininen-piikki-pesakoteloa-varten\/#breadcrumb","itemListElement":[{"@type":"ListItem","position":1,"name":"Home","item":"https:\/\/rodoaed.ee\/fi\/"},{"@type":"ListItem","position":2,"name":"Osta osoitteessa","item":"https:\/\/rodoaed.ee\/osta-osoitteessa\/"},{"@type":"ListItem","position":3,"name":"Alumiininen piikki pes\u00e4koteloa varten"}]},{"@type":"WebSite","@id":"https:\/\/rodoaed.ee\/#website","url":"https:\/\/rodoaed.ee\/","name":"Rodoaed","description":"","publisher":{"@id":"https:\/\/rodoaed.ee\/#organization"},"potentialAction":[{"@type":"SearchAction","target":{"@type":"EntryPoint","urlTemplate":"https:\/\/rodoaed.ee\/?s={search_term_string}"},"query-input":{"@type":"PropertyValueSpecification","valueRequired":true,"valueName":"search_term_string"}}],"inLanguage":"fi"},{"@type":"Organization","@id":"https:\/\/rodoaed.ee\/#organization","name":"Rodoaed","url":"https:\/\/rodoaed.ee\/","logo":{"@type":"ImageObject","inLanguage":"fi","@id":"https:\/\/rodoaed.ee\/#\/schema\/logo\/image\/","url":"https:\/\/rodoaed.ee\/wp-content\/uploads\/2019\/11\/rodoaed-logo-ilma-taustata.jpg","contentUrl":"https:\/\/rodoaed.ee\/wp-content\/uploads\/2019\/11\/rodoaed-logo-ilma-taustata.jpg","width":769,"height":268,"caption":"Rodoaed"},"image":{"@id":"https:\/\/rodoaed.ee\/#\/schema\/logo\/image\/"},"sameAs":["https:\/\/www.facebook.com\/kasvuhooned\/","https:\/\/rodoaed.ee"]}]}},"_links":{"self":[{"href":"https:\/\/rodoaed.ee\/fi\/wp-json\/wp\/v2\/product\/52714","targetHints":{"allow":["GET"]}}],"collection":[{"href":"https:\/\/rodoaed.ee\/fi\/wp-json\/wp\/v2\/product"}],"about":[{"href":"https:\/\/rodoaed.ee\/fi\/wp-json\/wp\/v2\/types\/product"}],"wp:featuredmedia":[{"embeddable":true,"href":"https:\/\/rodoaed.ee\/fi\/wp-json\/wp\/v2\/media\/36714"}],"wp:attachment":[{"href":"https:\/\/rodoaed.ee\/fi\/wp-json\/wp\/v2\/media?parent=52714"}],"wp:term":[{"taxonomy":"product_brand","embeddable":true,"href":"https:\/\/rodoaed.ee\/fi\/wp-json\/wp\/v2\/product_brand?post=52714"},{"taxonomy":"product_cat","embeddable":true,"href":"https:\/\/rodoaed.ee\/fi\/wp-json\/wp\/v2\/product_cat?post=52714"},{"taxonomy":"product_tag","embeddable":true,"href":"https:\/\/rodoaed.ee\/fi\/wp-json\/wp\/v2\/product_tag?post=52714"}],"curies":[{"name":"wp","href":"https:\/\/api.w.org\/{rel}","templated":true}]}}