{"id":52717,"date":"2021-11-10T20:47:22","date_gmt":"2021-11-10T18:47:22","guid":{"rendered":"https:\/\/rodoaed.ee\/toode\/hyonteishotelli-perhostalo-kauniissa-lahjapakkauksessa\/"},"modified":"2026-04-13T10:52:30","modified_gmt":"2026-04-13T07:52:30","slug":"hyonteishotelli-perhostalo-kauniissa-lahjapakkauksessa","status":"publish","type":"product","link":"https:\/\/rodoaed.ee\/fi\/tuote\/hyonteishotelli-perhostalo-kauniissa-lahjapakkauksessa\/","title":{"rendered":"Hy\u00f6nteishotelli &#8211; perhostalo kauniissa lahjapakkauksessa"},"content":{"rendered":"<h2>Hy\u00f6nteishotelli perhosille kauniissa lahjapakkauksessa<\/h2>\n<p>Perhoset ovat kauneimpia ja hy\u00f6dyllisimpi\u00e4 hy\u00f6nteisi\u00e4. Kun s\u00e4\u00e4 on kaunis, perhosia voi n\u00e4hd\u00e4 lentelem\u00e4ss\u00e4 kaikkialla, mutta kun on pilvist\u00e4, ne ovat kaikki piiloutuneet. Perhosmaja tarjoaa n\u00e4ille kauniille asukkaille turvallisen ja viihtyis\u00e4n suojan kostealla ja kylm\u00e4ll\u00e4 s\u00e4\u00e4ll\u00e4.  <\/p>\n<p>Suojan lis\u00e4ksi ne voivat my\u00f6s talvehtia t\u00e4\u00e4ll\u00e4. Voit tehd\u00e4 niiden el\u00e4m\u00e4st\u00e4 mukavampaa asettamalla kammioon hienoja oksia, joista ne voivat roikkua. L\u00e4p\u00e4n ansiosta kotelon sis\u00e4puoli on helppo puhdistaa ja t\u00e4ytt\u00e4\u00e4 uusilla oksilla.  <\/p>\n<ul class=\"list-with-checkmarks\">\n<li>15 mm paksut sein\u00e4t, jotka takaavat hyv\u00e4n l\u00e4mp\u00f6tilan vakauden sis\u00e4tiloissa.<\/li>\n<\/ul>\n<ul class=\"list-with-checkmarks\">\n<li>Kalteva katto suojaa sateelta<\/li>\n<\/ul>\n<ul class=\"list-with-checkmarks\">\n<li>Leve\u00e4t r\u00e4yst\u00e4\u00e4t suojaavat sateelta ja tuulelta<\/li>\n<\/ul>\n<ul class=\"list-with-checkmarks\">\n<li>Etukansi aukeaa saranoilla &#8211; helppo puhdistaa<\/li>\n<\/ul>\n<ul class=\"list-with-checkmarks\">\n<li>Rei\u00e4t pohjassa kosteuden poistoa ja tuuletusta varten<\/li>\n<\/ul>\n<ul class=\"list-with-checkmarks\">\n<li>Sivut peitt\u00e4v\u00e4t pohjalevyn. Parempi veden- ja tuulenpit\u00e4vyys <\/li>\n<\/ul>\n<ul class=\"list-with-checkmarks\">\n<li>Pakattu kauniiseen v\u00e4rikk\u00e4\u00e4seen lahjapakkaukseen<\/li>\n<\/ul>\n<h2>T\u00e4rkeimm\u00e4t ominaisuudet<\/h2>\n<p>Materiaali: pehme\u00e4 lehtipuu<\/p>\n<p>Mitat: L 15,9 x L 15,5 x K 22 cm.<\/p>\n<p>Paino: 910 g<\/p>\n<div class=\"icon-link icon-link--left font-weight-normal mt-4\">\n<p>&nbsp;<\/p>\n<\/div>\n","protected":false},"excerpt":{"rendered":"<p>Hy\u00f6nteishotelli perhosille kauniissa lahjapakkauksessa Perhoset ovat kauneimpia ja hy\u00f6dyllisimpi\u00e4 hy\u00f6nteisi\u00e4. Kun s\u00e4\u00e4 on kaunis, perhosia voi n\u00e4hd\u00e4 lentelem\u00e4ss\u00e4 kaikkialla, mutta kun on pilvist\u00e4, ne ovat kaikki piiloutuneet. Perhosmaja tarjoaa n\u00e4ille kauniille asukkaille turvallisen ja viihtyis\u00e4n suojan kostealla ja kylm\u00e4ll\u00e4 s\u00e4\u00e4ll\u00e4. Suojan lis\u00e4ksi ne voivat my\u00f6s talvehtia t\u00e4\u00e4ll\u00e4. Voit tehd\u00e4 niiden el\u00e4m\u00e4st\u00e4 mukavampaa asettamalla kammioon hienoja oksia, joista ne voivat roikkua. L\u00e4p\u00e4n ansiosta kotelon sis\u00e4puoli on&#8230;<\/p>\n","protected":false},"featured_media":38723,"template":"","meta":{"_acf_changed":false},"product_brand":[],"product_cat":[1854,1878,1785,1880,1743,1882,1745],"product_tag":[],"class_list":{"0":"post-52717","1":"product","2":"type-product","3":"status-publish","4":"has-post-thumbnail","6":"product_cat-hyonteishotellit","7":"product_cat-kilettimaiset-majat","8":"product_cat-lahjat-lapsille-6-12a","9":"product_cat-lahjat-luonnonystavalle","10":"product_cat-lisalahjat-lahjat","11":"product_cat-sudenkorennon-talot-ja-ateriat","12":"product_cat-suuri-varaston-tyhjennysmyynti","13":"product_shipping_class-toimitus-1-3-tyopaivan-kuluessa","14":"pa_variatsioon-puinen-traktori","16":"first","17":"instock","18":"sale","19":"taxable","20":"shipping-taxable","21":"purchasable","22":"product-type-simple"},"acf":[],"yoast_head":"<!-- This site is optimized with the Yoast SEO Premium plugin v27.3 (Yoast SEO v27.3) - https:\/\/yoast.com\/product\/yoast-seo-premium-wordpress\/ -->\n<title>Hy\u00f6nteishotelli - perhostalo kauniissa lahjapakkauksessa - Rodoaed<\/title>\n<meta name=\"robots\" content=\"index, follow, max-snippet:-1, max-image-preview:large, max-video-preview:-1\" \/>\n<link rel=\"canonical\" href=\"https:\/\/rodoaed.ee\/fi\/toode\/hyonteishotelli-perhostalo-kauniissa-lahjapakkauksessa\/\" \/>\n<meta property=\"og:locale\" content=\"fi_FI\" \/>\n<meta property=\"og:type\" content=\"article\" \/>\n<meta property=\"og:title\" content=\"Hy\u00f6nteishotelli - perhostalo kauniissa lahjapakkauksessa\" \/>\n<meta property=\"og:description\" content=\"Hy\u00f6nteishotelli perhosille kauniissa lahjapakkauksessa Perhoset ovat kauneimpia ja hy\u00f6dyllisimpi\u00e4 hy\u00f6nteisi\u00e4. Kun s\u00e4\u00e4 on kaunis, perhosia voi n\u00e4hd\u00e4\" \/>\n<meta property=\"og:url\" content=\"https:\/\/rodoaed.ee\/fi\/toode\/hyonteishotelli-perhostalo-kauniissa-lahjapakkauksessa\/\" \/>\n<meta property=\"og:site_name\" content=\"Rodoaed\" \/>\n<meta property=\"article:publisher\" content=\"https:\/\/www.facebook.com\/kasvuhooned\/\" \/>\n<meta property=\"article:modified_time\" content=\"2026-04-13T07:52:30+00:00\" \/>\n<meta property=\"og:image\" content=\"https:\/\/rodoaed.ee\/wp-content\/uploads\/2021\/11\/putukahotell_liblikamaja_WA70_22.png\" \/>\n\t<meta property=\"og:image:width\" content=\"1240\" \/>\n\t<meta property=\"og:image:height\" content=\"1240\" \/>\n\t<meta property=\"og:image:type\" content=\"image\/png\" \/>\n<meta name=\"twitter:card\" content=\"summary_large_image\" \/>\n<meta name=\"twitter:label1\" content=\"Arvioitu lukuaika\" \/>\n\t<meta name=\"twitter:data1\" content=\"1 minuutti\" \/>\n<script type=\"application\/ld+json\" class=\"yoast-schema-graph\">{\"@context\":\"https:\\\/\\\/schema.org\",\"@graph\":[{\"@type\":\"WebPage\",\"@id\":\"https:\\\/\\\/rodoaed.ee\\\/fi\\\/toode\\\/hyonteishotelli-perhostalo-kauniissa-lahjapakkauksessa\\\/\",\"url\":\"https:\\\/\\\/rodoaed.ee\\\/fi\\\/toode\\\/hyonteishotelli-perhostalo-kauniissa-lahjapakkauksessa\\\/\",\"name\":\"Hy\u00f6nteishotelli - perhostalo kauniissa lahjapakkauksessa - Rodoaed\",\"isPartOf\":{\"@id\":\"https:\\\/\\\/rodoaed.ee\\\/#website\"},\"primaryImageOfPage\":{\"@id\":\"https:\\\/\\\/rodoaed.ee\\\/fi\\\/toode\\\/hyonteishotelli-perhostalo-kauniissa-lahjapakkauksessa\\\/#primaryimage\"},\"image\":{\"@id\":\"https:\\\/\\\/rodoaed.ee\\\/fi\\\/toode\\\/hyonteishotelli-perhostalo-kauniissa-lahjapakkauksessa\\\/#primaryimage\"},\"thumbnailUrl\":\"https:\\\/\\\/rodoaed.ee\\\/wp-content\\\/uploads\\\/2021\\\/11\\\/putukahotell_liblikamaja_WA70_22.png\",\"datePublished\":\"2021-11-10T18:47:22+00:00\",\"dateModified\":\"2026-04-13T07:52:30+00:00\",\"breadcrumb\":{\"@id\":\"https:\\\/\\\/rodoaed.ee\\\/fi\\\/toode\\\/hyonteishotelli-perhostalo-kauniissa-lahjapakkauksessa\\\/#breadcrumb\"},\"inLanguage\":\"fi\",\"potentialAction\":[{\"@type\":\"ReadAction\",\"target\":[\"https:\\\/\\\/rodoaed.ee\\\/fi\\\/toode\\\/hyonteishotelli-perhostalo-kauniissa-lahjapakkauksessa\\\/\"]}]},{\"@type\":\"ImageObject\",\"inLanguage\":\"fi\",\"@id\":\"https:\\\/\\\/rodoaed.ee\\\/fi\\\/toode\\\/hyonteishotelli-perhostalo-kauniissa-lahjapakkauksessa\\\/#primaryimage\",\"url\":\"https:\\\/\\\/rodoaed.ee\\\/wp-content\\\/uploads\\\/2021\\\/11\\\/putukahotell_liblikamaja_WA70_22.png\",\"contentUrl\":\"https:\\\/\\\/rodoaed.ee\\\/wp-content\\\/uploads\\\/2021\\\/11\\\/putukahotell_liblikamaja_WA70_22.png\",\"width\":1240,\"height\":1240,\"caption\":\"hy\u00f6nteiset hotel_liblicottage\"},{\"@type\":\"BreadcrumbList\",\"@id\":\"https:\\\/\\\/rodoaed.ee\\\/fi\\\/toode\\\/hyonteishotelli-perhostalo-kauniissa-lahjapakkauksessa\\\/#breadcrumb\",\"itemListElement\":[{\"@type\":\"ListItem\",\"position\":1,\"name\":\"Home\",\"item\":\"https:\\\/\\\/rodoaed.ee\\\/fi\\\/\"},{\"@type\":\"ListItem\",\"position\":2,\"name\":\"Osta osoitteessa\",\"item\":\"https:\\\/\\\/rodoaed.ee\\\/osta-osoitteessa\\\/\"},{\"@type\":\"ListItem\",\"position\":3,\"name\":\"Hy\u00f6nteishotelli &#8211; perhostalo kauniissa lahjapakkauksessa\"}]},{\"@type\":\"WebSite\",\"@id\":\"https:\\\/\\\/rodoaed.ee\\\/#website\",\"url\":\"https:\\\/\\\/rodoaed.ee\\\/\",\"name\":\"Rodoaed\",\"description\":\"\",\"publisher\":{\"@id\":\"https:\\\/\\\/rodoaed.ee\\\/#organization\"},\"potentialAction\":[{\"@type\":\"SearchAction\",\"target\":{\"@type\":\"EntryPoint\",\"urlTemplate\":\"https:\\\/\\\/rodoaed.ee\\\/?s={search_term_string}\"},\"query-input\":{\"@type\":\"PropertyValueSpecification\",\"valueRequired\":true,\"valueName\":\"search_term_string\"}}],\"inLanguage\":\"fi\"},{\"@type\":\"Organization\",\"@id\":\"https:\\\/\\\/rodoaed.ee\\\/#organization\",\"name\":\"Rodoaed\",\"url\":\"https:\\\/\\\/rodoaed.ee\\\/\",\"logo\":{\"@type\":\"ImageObject\",\"inLanguage\":\"fi\",\"@id\":\"https:\\\/\\\/rodoaed.ee\\\/#\\\/schema\\\/logo\\\/image\\\/\",\"url\":\"https:\\\/\\\/rodoaed.ee\\\/wp-content\\\/uploads\\\/2019\\\/11\\\/rodoaed-logo-ilma-taustata.jpg\",\"contentUrl\":\"https:\\\/\\\/rodoaed.ee\\\/wp-content\\\/uploads\\\/2019\\\/11\\\/rodoaed-logo-ilma-taustata.jpg\",\"width\":769,\"height\":268,\"caption\":\"Rodoaed\"},\"image\":{\"@id\":\"https:\\\/\\\/rodoaed.ee\\\/#\\\/schema\\\/logo\\\/image\\\/\"},\"sameAs\":[\"https:\\\/\\\/www.facebook.com\\\/kasvuhooned\\\/\",\"https:\\\/\\\/rodoaed.ee\"]}]}<\/script>\n<!-- \/ Yoast SEO Premium plugin. -->","yoast_head_json":{"title":"Hy\u00f6nteishotelli - perhostalo kauniissa lahjapakkauksessa - Rodoaed","robots":{"index":"index","follow":"follow","max-snippet":"max-snippet:-1","max-image-preview":"max-image-preview:large","max-video-preview":"max-video-preview:-1"},"canonical":"https:\/\/rodoaed.ee\/fi\/toode\/hyonteishotelli-perhostalo-kauniissa-lahjapakkauksessa\/","og_locale":"fi_FI","og_type":"article","og_title":"Hy\u00f6nteishotelli - perhostalo kauniissa lahjapakkauksessa","og_description":"Hy\u00f6nteishotelli perhosille kauniissa lahjapakkauksessa Perhoset ovat kauneimpia ja hy\u00f6dyllisimpi\u00e4 hy\u00f6nteisi\u00e4. Kun s\u00e4\u00e4 on kaunis, perhosia voi n\u00e4hd\u00e4","og_url":"https:\/\/rodoaed.ee\/fi\/toode\/hyonteishotelli-perhostalo-kauniissa-lahjapakkauksessa\/","og_site_name":"Rodoaed","article_publisher":"https:\/\/www.facebook.com\/kasvuhooned\/","article_modified_time":"2026-04-13T07:52:30+00:00","og_image":[{"width":1240,"height":1240,"url":"https:\/\/rodoaed.ee\/wp-content\/uploads\/2021\/11\/putukahotell_liblikamaja_WA70_22.png","type":"image\/png"}],"twitter_card":"summary_large_image","twitter_misc":{"Arvioitu lukuaika":"1 minuutti"},"schema":{"@context":"https:\/\/schema.org","@graph":[{"@type":"WebPage","@id":"https:\/\/rodoaed.ee\/fi\/toode\/hyonteishotelli-perhostalo-kauniissa-lahjapakkauksessa\/","url":"https:\/\/rodoaed.ee\/fi\/toode\/hyonteishotelli-perhostalo-kauniissa-lahjapakkauksessa\/","name":"Hy\u00f6nteishotelli - perhostalo kauniissa lahjapakkauksessa - Rodoaed","isPartOf":{"@id":"https:\/\/rodoaed.ee\/#website"},"primaryImageOfPage":{"@id":"https:\/\/rodoaed.ee\/fi\/toode\/hyonteishotelli-perhostalo-kauniissa-lahjapakkauksessa\/#primaryimage"},"image":{"@id":"https:\/\/rodoaed.ee\/fi\/toode\/hyonteishotelli-perhostalo-kauniissa-lahjapakkauksessa\/#primaryimage"},"thumbnailUrl":"https:\/\/rodoaed.ee\/wp-content\/uploads\/2021\/11\/putukahotell_liblikamaja_WA70_22.png","datePublished":"2021-11-10T18:47:22+00:00","dateModified":"2026-04-13T07:52:30+00:00","breadcrumb":{"@id":"https:\/\/rodoaed.ee\/fi\/toode\/hyonteishotelli-perhostalo-kauniissa-lahjapakkauksessa\/#breadcrumb"},"inLanguage":"fi","potentialAction":[{"@type":"ReadAction","target":["https:\/\/rodoaed.ee\/fi\/toode\/hyonteishotelli-perhostalo-kauniissa-lahjapakkauksessa\/"]}]},{"@type":"ImageObject","inLanguage":"fi","@id":"https:\/\/rodoaed.ee\/fi\/toode\/hyonteishotelli-perhostalo-kauniissa-lahjapakkauksessa\/#primaryimage","url":"https:\/\/rodoaed.ee\/wp-content\/uploads\/2021\/11\/putukahotell_liblikamaja_WA70_22.png","contentUrl":"https:\/\/rodoaed.ee\/wp-content\/uploads\/2021\/11\/putukahotell_liblikamaja_WA70_22.png","width":1240,"height":1240,"caption":"hy\u00f6nteiset hotel_liblicottage"},{"@type":"BreadcrumbList","@id":"https:\/\/rodoaed.ee\/fi\/toode\/hyonteishotelli-perhostalo-kauniissa-lahjapakkauksessa\/#breadcrumb","itemListElement":[{"@type":"ListItem","position":1,"name":"Home","item":"https:\/\/rodoaed.ee\/fi\/"},{"@type":"ListItem","position":2,"name":"Osta osoitteessa","item":"https:\/\/rodoaed.ee\/osta-osoitteessa\/"},{"@type":"ListItem","position":3,"name":"Hy\u00f6nteishotelli &#8211; perhostalo kauniissa lahjapakkauksessa"}]},{"@type":"WebSite","@id":"https:\/\/rodoaed.ee\/#website","url":"https:\/\/rodoaed.ee\/","name":"Rodoaed","description":"","publisher":{"@id":"https:\/\/rodoaed.ee\/#organization"},"potentialAction":[{"@type":"SearchAction","target":{"@type":"EntryPoint","urlTemplate":"https:\/\/rodoaed.ee\/?s={search_term_string}"},"query-input":{"@type":"PropertyValueSpecification","valueRequired":true,"valueName":"search_term_string"}}],"inLanguage":"fi"},{"@type":"Organization","@id":"https:\/\/rodoaed.ee\/#organization","name":"Rodoaed","url":"https:\/\/rodoaed.ee\/","logo":{"@type":"ImageObject","inLanguage":"fi","@id":"https:\/\/rodoaed.ee\/#\/schema\/logo\/image\/","url":"https:\/\/rodoaed.ee\/wp-content\/uploads\/2019\/11\/rodoaed-logo-ilma-taustata.jpg","contentUrl":"https:\/\/rodoaed.ee\/wp-content\/uploads\/2019\/11\/rodoaed-logo-ilma-taustata.jpg","width":769,"height":268,"caption":"Rodoaed"},"image":{"@id":"https:\/\/rodoaed.ee\/#\/schema\/logo\/image\/"},"sameAs":["https:\/\/www.facebook.com\/kasvuhooned\/","https:\/\/rodoaed.ee"]}]}},"_links":{"self":[{"href":"https:\/\/rodoaed.ee\/fi\/wp-json\/wp\/v2\/product\/52717","targetHints":{"allow":["GET"]}}],"collection":[{"href":"https:\/\/rodoaed.ee\/fi\/wp-json\/wp\/v2\/product"}],"about":[{"href":"https:\/\/rodoaed.ee\/fi\/wp-json\/wp\/v2\/types\/product"}],"wp:featuredmedia":[{"embeddable":true,"href":"https:\/\/rodoaed.ee\/fi\/wp-json\/wp\/v2\/media\/38723"}],"wp:attachment":[{"href":"https:\/\/rodoaed.ee\/fi\/wp-json\/wp\/v2\/media?parent=52717"}],"wp:term":[{"taxonomy":"product_brand","embeddable":true,"href":"https:\/\/rodoaed.ee\/fi\/wp-json\/wp\/v2\/product_brand?post=52717"},{"taxonomy":"product_cat","embeddable":true,"href":"https:\/\/rodoaed.ee\/fi\/wp-json\/wp\/v2\/product_cat?post=52717"},{"taxonomy":"product_tag","embeddable":true,"href":"https:\/\/rodoaed.ee\/fi\/wp-json\/wp\/v2\/product_tag?post=52717"}],"curies":[{"name":"wp","href":"https:\/\/api.w.org\/{rel}","templated":true}]}}