{"id":52720,"date":"2021-11-10T16:32:16","date_gmt":"2021-11-10T14:32:16","guid":{"rendered":"https:\/\/rodoaed.ee\/toode\/lintujen-syottolaite-ja-kuivikepesan-puhdistusaine\/"},"modified":"2026-04-13T10:52:37","modified_gmt":"2026-04-13T07:52:37","slug":"lintujen-syottolaite-ja-kuivikepesan-puhdistusaine","status":"publish","type":"product","link":"https:\/\/rodoaed.ee\/fi\/tuote\/lintujen-syottolaite-ja-kuivikepesan-puhdistusaine\/","title":{"rendered":"Lintujen sy\u00f6tt\u00f6laite ja kuivikepes\u00e4n puhdistusaine"},"content":{"rendered":"<h2>K\u00e4tev\u00e4 ty\u00f6kalu lintujen ruokintalaitteiden ja pes\u00e4laatikoiden puhdistamiseen.<\/h2>\n<p>K\u00e4tev\u00e4 apuv\u00e4line, kun sinun on puhdistettava ruokakippo tai tyhjennett\u00e4v\u00e4 pentulaatikko vanhasta kuivikkeesta. Vanha lintujen ruokinta voi homehtua, joten se on hyv\u00e4 puhdistaa s\u00e4\u00e4nn\u00f6llisesti. Ty\u00f6kalussa on kaksi ty\u00f6pintaa eli kaksi ty\u00f6kappaletta. Mukava pit\u00e4\u00e4 k\u00e4dess\u00e4. Ruostumaton ter\u00e4s on huoltovapaa materiaali, joka kest\u00e4\u00e4 elini\u00e4n.    <\/p>\n<h2>T\u00e4rkeimm\u00e4t ominaisuudet:<\/h2>\n<p><b>Materiaali:<\/b> ruostumaton ter\u00e4s<\/p>\n<p><b>Mitat: <\/b>2,3x 4,5 x 20,2 cm<b>. <\/b><\/p>\n<p><b>Paino: <\/b>57 g<\/p>\n<p>&nbsp;<\/p>\n<p><a href=\"https:\/\/rodoaed.ee\/fi\/tootekategooria\/linnaillalliset-ja-linnan-ravintolat\/\">aloita<\/a><\/p>\n","protected":false},"excerpt":{"rendered":"<p>K\u00e4tev\u00e4 ty\u00f6kalu lintujen ruokintalaitteiden ja pes\u00e4laatikoiden puhdistamiseen. K\u00e4tev\u00e4 apuv\u00e4line, kun sinun on puhdistettava ruokakippo tai tyhjennett\u00e4v\u00e4 pentulaatikko vanhasta kuivikkeesta. Vanha lintujen ruokinta voi homehtua, joten se on hyv\u00e4 puhdistaa s\u00e4\u00e4nn\u00f6llisesti. Ty\u00f6kalussa on kaksi ty\u00f6pintaa eli kaksi ty\u00f6kappaletta. Mukava pit\u00e4\u00e4 k\u00e4dess\u00e4. Ruostumaton ter\u00e4s on huoltovapaa materiaali, joka kest\u00e4\u00e4 elini\u00e4n. T\u00e4rkeimm\u00e4t ominaisuudet: Materiaali: ruostumaton ter\u00e4s Mitat: 2,3x 4,5 x 20,2 cm. Paino: 57 g &nbsp; aloita<\/p>\n","protected":false},"featured_media":38634,"template":"","meta":{"_acf_changed":false},"product_brand":[],"product_cat":[1881,1880,1852,1885,1845,1879,1887,1861,1883,1886],"product_tag":[],"class_list":{"0":"post-52720","1":"product","2":"type-product","3":"status-publish","4":"has-post-thumbnail","6":"product_cat-kultasirkun-pesakotelo","7":"product_cat-lahjat-luonnonystavalle","8":"product_cat-lintujen-tarvikkeet","9":"product_cat-merimetson-pesalaatikko","10":"product_cat-orava-ravintolat","11":"product_cat-pesalaatikko-1b-tiaiset-varpuslinnut","12":"product_cat-pohjakerroksen-ruokasali","13":"product_cat-puiset-pesakotelot","14":"product_cat-ruokailu-linnassa","15":"product_cat-suuret-linna-ravintolat","16":"product_shipping_class-toimitus-1-3-tyopaivan-kuluessa","17":"pa_variatsioon-20-dining-house-latern-1l","19":"first","20":"instock","21":"taxable","22":"shipping-taxable","23":"purchasable","24":"product-type-simple"},"acf":[],"yoast_head":"<!-- This site is optimized with the Yoast SEO Premium plugin v27.3 (Yoast SEO v27.3) - https:\/\/yoast.com\/product\/yoast-seo-premium-wordpress\/ -->\n<title>Lintujen sy\u00f6tt\u00f6laite ja kuivikepes\u00e4n puhdistusaine - Rodoaed<\/title>\n<meta name=\"robots\" content=\"index, follow, max-snippet:-1, max-image-preview:large, max-video-preview:-1\" \/>\n<link rel=\"canonical\" href=\"https:\/\/rodoaed.ee\/fi\/toode\/lintujen-syottolaite-ja-kuivikepesan-puhdistusaine\/\" \/>\n<meta property=\"og:locale\" content=\"fi_FI\" \/>\n<meta property=\"og:type\" content=\"article\" \/>\n<meta property=\"og:title\" content=\"Lintujen sy\u00f6tt\u00f6laite ja kuivikepes\u00e4n puhdistusaine\" \/>\n<meta property=\"og:description\" content=\"K\u00e4tev\u00e4 ty\u00f6kalu lintujen ruokintalaitteiden ja pes\u00e4laatikoiden puhdistamiseen. K\u00e4tev\u00e4 apuv\u00e4line, kun sinun on puhdistettava ruokakippo tai tyhjennett\u00e4v\u00e4\" \/>\n<meta property=\"og:url\" content=\"https:\/\/rodoaed.ee\/fi\/toode\/lintujen-syottolaite-ja-kuivikepesan-puhdistusaine\/\" \/>\n<meta property=\"og:site_name\" content=\"Rodoaed\" \/>\n<meta property=\"article:publisher\" content=\"https:\/\/www.facebook.com\/kasvuhooned\/\" \/>\n<meta property=\"article:modified_time\" content=\"2026-04-13T07:52:37+00:00\" \/>\n<meta property=\"og:image\" content=\"https:\/\/rodoaed.ee\/wp-content\/uploads\/2021\/11\/soogimaja-puhastaja_FB529_01.png\" \/>\n\t<meta property=\"og:image:width\" content=\"1240\" \/>\n\t<meta property=\"og:image:height\" content=\"1240\" \/>\n\t<meta property=\"og:image:type\" content=\"image\/png\" \/>\n<meta name=\"twitter:card\" content=\"summary_large_image\" \/>\n<script type=\"application\/ld+json\" class=\"yoast-schema-graph\">{\"@context\":\"https:\\\/\\\/schema.org\",\"@graph\":[{\"@type\":\"WebPage\",\"@id\":\"https:\\\/\\\/rodoaed.ee\\\/fi\\\/toode\\\/lintujen-syottolaite-ja-kuivikepesan-puhdistusaine\\\/\",\"url\":\"https:\\\/\\\/rodoaed.ee\\\/fi\\\/toode\\\/lintujen-syottolaite-ja-kuivikepesan-puhdistusaine\\\/\",\"name\":\"Lintujen sy\u00f6tt\u00f6laite ja kuivikepes\u00e4n puhdistusaine - Rodoaed\",\"isPartOf\":{\"@id\":\"https:\\\/\\\/rodoaed.ee\\\/#website\"},\"primaryImageOfPage\":{\"@id\":\"https:\\\/\\\/rodoaed.ee\\\/fi\\\/toode\\\/lintujen-syottolaite-ja-kuivikepesan-puhdistusaine\\\/#primaryimage\"},\"image\":{\"@id\":\"https:\\\/\\\/rodoaed.ee\\\/fi\\\/toode\\\/lintujen-syottolaite-ja-kuivikepesan-puhdistusaine\\\/#primaryimage\"},\"thumbnailUrl\":\"https:\\\/\\\/rodoaed.ee\\\/wp-content\\\/uploads\\\/2021\\\/11\\\/soogimaja-puhastaja_FB529_01.png\",\"datePublished\":\"2021-11-10T14:32:16+00:00\",\"dateModified\":\"2026-04-13T07:52:37+00:00\",\"breadcrumb\":{\"@id\":\"https:\\\/\\\/rodoaed.ee\\\/fi\\\/toode\\\/lintujen-syottolaite-ja-kuivikepesan-puhdistusaine\\\/#breadcrumb\"},\"inLanguage\":\"fi\",\"potentialAction\":[{\"@type\":\"ReadAction\",\"target\":[\"https:\\\/\\\/rodoaed.ee\\\/fi\\\/toode\\\/lintujen-syottolaite-ja-kuivikepesan-puhdistusaine\\\/\"]}]},{\"@type\":\"ImageObject\",\"inLanguage\":\"fi\",\"@id\":\"https:\\\/\\\/rodoaed.ee\\\/fi\\\/toode\\\/lintujen-syottolaite-ja-kuivikepesan-puhdistusaine\\\/#primaryimage\",\"url\":\"https:\\\/\\\/rodoaed.ee\\\/wp-content\\\/uploads\\\/2021\\\/11\\\/soogimaja-puhastaja_FB529_01.png\",\"contentUrl\":\"https:\\\/\\\/rodoaed.ee\\\/wp-content\\\/uploads\\\/2021\\\/11\\\/soogimaja-puhastaja_FB529_01.png\",\"width\":1240,\"height\":1240},{\"@type\":\"BreadcrumbList\",\"@id\":\"https:\\\/\\\/rodoaed.ee\\\/fi\\\/toode\\\/lintujen-syottolaite-ja-kuivikepesan-puhdistusaine\\\/#breadcrumb\",\"itemListElement\":[{\"@type\":\"ListItem\",\"position\":1,\"name\":\"Home\",\"item\":\"https:\\\/\\\/rodoaed.ee\\\/fi\\\/\"},{\"@type\":\"ListItem\",\"position\":2,\"name\":\"Osta osoitteessa\",\"item\":\"https:\\\/\\\/rodoaed.ee\\\/osta-osoitteessa\\\/\"},{\"@type\":\"ListItem\",\"position\":3,\"name\":\"Lintujen sy\u00f6tt\u00f6laite ja kuivikepes\u00e4n puhdistusaine\"}]},{\"@type\":\"WebSite\",\"@id\":\"https:\\\/\\\/rodoaed.ee\\\/#website\",\"url\":\"https:\\\/\\\/rodoaed.ee\\\/\",\"name\":\"Rodoaed\",\"description\":\"\",\"publisher\":{\"@id\":\"https:\\\/\\\/rodoaed.ee\\\/#organization\"},\"potentialAction\":[{\"@type\":\"SearchAction\",\"target\":{\"@type\":\"EntryPoint\",\"urlTemplate\":\"https:\\\/\\\/rodoaed.ee\\\/?s={search_term_string}\"},\"query-input\":{\"@type\":\"PropertyValueSpecification\",\"valueRequired\":true,\"valueName\":\"search_term_string\"}}],\"inLanguage\":\"fi\"},{\"@type\":\"Organization\",\"@id\":\"https:\\\/\\\/rodoaed.ee\\\/#organization\",\"name\":\"Rodoaed\",\"url\":\"https:\\\/\\\/rodoaed.ee\\\/\",\"logo\":{\"@type\":\"ImageObject\",\"inLanguage\":\"fi\",\"@id\":\"https:\\\/\\\/rodoaed.ee\\\/#\\\/schema\\\/logo\\\/image\\\/\",\"url\":\"https:\\\/\\\/rodoaed.ee\\\/wp-content\\\/uploads\\\/2019\\\/11\\\/rodoaed-logo-ilma-taustata.jpg\",\"contentUrl\":\"https:\\\/\\\/rodoaed.ee\\\/wp-content\\\/uploads\\\/2019\\\/11\\\/rodoaed-logo-ilma-taustata.jpg\",\"width\":769,\"height\":268,\"caption\":\"Rodoaed\"},\"image\":{\"@id\":\"https:\\\/\\\/rodoaed.ee\\\/#\\\/schema\\\/logo\\\/image\\\/\"},\"sameAs\":[\"https:\\\/\\\/www.facebook.com\\\/kasvuhooned\\\/\",\"https:\\\/\\\/rodoaed.ee\"]}]}<\/script>\n<!-- \/ Yoast SEO Premium plugin. -->","yoast_head_json":{"title":"Lintujen sy\u00f6tt\u00f6laite ja kuivikepes\u00e4n puhdistusaine - Rodoaed","robots":{"index":"index","follow":"follow","max-snippet":"max-snippet:-1","max-image-preview":"max-image-preview:large","max-video-preview":"max-video-preview:-1"},"canonical":"https:\/\/rodoaed.ee\/fi\/toode\/lintujen-syottolaite-ja-kuivikepesan-puhdistusaine\/","og_locale":"fi_FI","og_type":"article","og_title":"Lintujen sy\u00f6tt\u00f6laite ja kuivikepes\u00e4n puhdistusaine","og_description":"K\u00e4tev\u00e4 ty\u00f6kalu lintujen ruokintalaitteiden ja pes\u00e4laatikoiden puhdistamiseen. K\u00e4tev\u00e4 apuv\u00e4line, kun sinun on puhdistettava ruokakippo tai tyhjennett\u00e4v\u00e4","og_url":"https:\/\/rodoaed.ee\/fi\/toode\/lintujen-syottolaite-ja-kuivikepesan-puhdistusaine\/","og_site_name":"Rodoaed","article_publisher":"https:\/\/www.facebook.com\/kasvuhooned\/","article_modified_time":"2026-04-13T07:52:37+00:00","og_image":[{"width":1240,"height":1240,"url":"https:\/\/rodoaed.ee\/wp-content\/uploads\/2021\/11\/soogimaja-puhastaja_FB529_01.png","type":"image\/png"}],"twitter_card":"summary_large_image","schema":{"@context":"https:\/\/schema.org","@graph":[{"@type":"WebPage","@id":"https:\/\/rodoaed.ee\/fi\/toode\/lintujen-syottolaite-ja-kuivikepesan-puhdistusaine\/","url":"https:\/\/rodoaed.ee\/fi\/toode\/lintujen-syottolaite-ja-kuivikepesan-puhdistusaine\/","name":"Lintujen sy\u00f6tt\u00f6laite ja kuivikepes\u00e4n puhdistusaine - Rodoaed","isPartOf":{"@id":"https:\/\/rodoaed.ee\/#website"},"primaryImageOfPage":{"@id":"https:\/\/rodoaed.ee\/fi\/toode\/lintujen-syottolaite-ja-kuivikepesan-puhdistusaine\/#primaryimage"},"image":{"@id":"https:\/\/rodoaed.ee\/fi\/toode\/lintujen-syottolaite-ja-kuivikepesan-puhdistusaine\/#primaryimage"},"thumbnailUrl":"https:\/\/rodoaed.ee\/wp-content\/uploads\/2021\/11\/soogimaja-puhastaja_FB529_01.png","datePublished":"2021-11-10T14:32:16+00:00","dateModified":"2026-04-13T07:52:37+00:00","breadcrumb":{"@id":"https:\/\/rodoaed.ee\/fi\/toode\/lintujen-syottolaite-ja-kuivikepesan-puhdistusaine\/#breadcrumb"},"inLanguage":"fi","potentialAction":[{"@type":"ReadAction","target":["https:\/\/rodoaed.ee\/fi\/toode\/lintujen-syottolaite-ja-kuivikepesan-puhdistusaine\/"]}]},{"@type":"ImageObject","inLanguage":"fi","@id":"https:\/\/rodoaed.ee\/fi\/toode\/lintujen-syottolaite-ja-kuivikepesan-puhdistusaine\/#primaryimage","url":"https:\/\/rodoaed.ee\/wp-content\/uploads\/2021\/11\/soogimaja-puhastaja_FB529_01.png","contentUrl":"https:\/\/rodoaed.ee\/wp-content\/uploads\/2021\/11\/soogimaja-puhastaja_FB529_01.png","width":1240,"height":1240},{"@type":"BreadcrumbList","@id":"https:\/\/rodoaed.ee\/fi\/toode\/lintujen-syottolaite-ja-kuivikepesan-puhdistusaine\/#breadcrumb","itemListElement":[{"@type":"ListItem","position":1,"name":"Home","item":"https:\/\/rodoaed.ee\/fi\/"},{"@type":"ListItem","position":2,"name":"Osta osoitteessa","item":"https:\/\/rodoaed.ee\/osta-osoitteessa\/"},{"@type":"ListItem","position":3,"name":"Lintujen sy\u00f6tt\u00f6laite ja kuivikepes\u00e4n puhdistusaine"}]},{"@type":"WebSite","@id":"https:\/\/rodoaed.ee\/#website","url":"https:\/\/rodoaed.ee\/","name":"Rodoaed","description":"","publisher":{"@id":"https:\/\/rodoaed.ee\/#organization"},"potentialAction":[{"@type":"SearchAction","target":{"@type":"EntryPoint","urlTemplate":"https:\/\/rodoaed.ee\/?s={search_term_string}"},"query-input":{"@type":"PropertyValueSpecification","valueRequired":true,"valueName":"search_term_string"}}],"inLanguage":"fi"},{"@type":"Organization","@id":"https:\/\/rodoaed.ee\/#organization","name":"Rodoaed","url":"https:\/\/rodoaed.ee\/","logo":{"@type":"ImageObject","inLanguage":"fi","@id":"https:\/\/rodoaed.ee\/#\/schema\/logo\/image\/","url":"https:\/\/rodoaed.ee\/wp-content\/uploads\/2019\/11\/rodoaed-logo-ilma-taustata.jpg","contentUrl":"https:\/\/rodoaed.ee\/wp-content\/uploads\/2019\/11\/rodoaed-logo-ilma-taustata.jpg","width":769,"height":268,"caption":"Rodoaed"},"image":{"@id":"https:\/\/rodoaed.ee\/#\/schema\/logo\/image\/"},"sameAs":["https:\/\/www.facebook.com\/kasvuhooned\/","https:\/\/rodoaed.ee"]}]}},"_links":{"self":[{"href":"https:\/\/rodoaed.ee\/fi\/wp-json\/wp\/v2\/product\/52720","targetHints":{"allow":["GET"]}}],"collection":[{"href":"https:\/\/rodoaed.ee\/fi\/wp-json\/wp\/v2\/product"}],"about":[{"href":"https:\/\/rodoaed.ee\/fi\/wp-json\/wp\/v2\/types\/product"}],"wp:featuredmedia":[{"embeddable":true,"href":"https:\/\/rodoaed.ee\/fi\/wp-json\/wp\/v2\/media\/38634"}],"wp:attachment":[{"href":"https:\/\/rodoaed.ee\/fi\/wp-json\/wp\/v2\/media?parent=52720"}],"wp:term":[{"taxonomy":"product_brand","embeddable":true,"href":"https:\/\/rodoaed.ee\/fi\/wp-json\/wp\/v2\/product_brand?post=52720"},{"taxonomy":"product_cat","embeddable":true,"href":"https:\/\/rodoaed.ee\/fi\/wp-json\/wp\/v2\/product_cat?post=52720"},{"taxonomy":"product_tag","embeddable":true,"href":"https:\/\/rodoaed.ee\/fi\/wp-json\/wp\/v2\/product_tag?post=52720"}],"curies":[{"name":"wp","href":"https:\/\/api.w.org\/{rel}","templated":true}]}}