{"id":52721,"date":"2021-11-10T21:33:16","date_gmt":"2021-11-10T19:33:16","guid":{"rendered":"https:\/\/rodoaed.ee\/toode\/siemenvalikoima-perhosille-perhosia-puutarhaan-houkuttelevat-kukat\/"},"modified":"2026-04-13T10:52:37","modified_gmt":"2026-04-13T07:52:37","slug":"siemenvalikoima-perhosille-perhosia-puutarhaan-houkuttelevat-kukat","status":"publish","type":"product","link":"https:\/\/rodoaed.ee\/fi\/tuote\/siemenvalikoima-perhosille-perhosia-puutarhaan-houkuttelevat-kukat\/","title":{"rendered":"Siemenvalikoima perhosille &#8211; perhosia puutarhaan houkuttelevat kukat"},"content":{"rendered":"<h2>Siemenpakkaus, jossa on valikoima kukkasiemeni\u00e4, joista perhoset pit\u00e4v\u00e4t.<\/h2>\n<p>Perhoset ovat luultavasti kaikkein kauneimpia ja tunnetuimpia hy\u00f6nteisi\u00e4. Perhosten el\u00e4m\u00e4 py\u00f6rii erilaisten kukkivien kasvien ymp\u00e4rill\u00e4, joissa ne sy\u00f6v\u00e4t nektaria, ja muiden kasvien ymp\u00e4rill\u00e4, joissa niiden saalistajat sy\u00f6v\u00e4t ja kasvavat. <\/p>\n<p>Koska monet luonnonniityt katoavat tai muuttuvat viljelysmaaksi, perhosia on paljon v\u00e4hemm\u00e4n kuin vuosikymmen sitten. Kylv\u00e4 perhosyst\u00e4v\u00e4llisi\u00e4 kukkia puutarhapenkkiin tai vaikka nurmikolle. N\u00e4in houkuttelet monia erilaisia perhosia puutarhaan. Lis\u00e4\u00e4t my\u00f6s puutarhasi yleist\u00e4 el\u00e4vyytt\u00e4.   <\/p>\n<p>N\u00e4m\u00e4 siemenet on helppo kylv\u00e4\u00e4 ja ne it\u00e4v\u00e4t voimakkaasti.<\/p>\n<p>Laita niille my\u00f6s nektaria sy\u00f6t\u00e4v\u00e4ksi.<\/p>\n<p><strong>Jatkaa kylv\u00f6\u00e4 noin 4 m2:iin asti<\/strong><\/p>\n<p><strong>Paino:<\/strong> 43 g<\/p>\n<div class=\"icon-link icon-link--left font-weight-normal mt-4\">\n<p>&nbsp;<\/p>\n<\/div>\n","protected":false},"excerpt":{"rendered":"<p>Siemenpakkaus, jossa on valikoima kukkasiemeni\u00e4, joista perhoset pit\u00e4v\u00e4t. Perhoset ovat luultavasti kaikkein kauneimpia ja tunnetuimpia hy\u00f6nteisi\u00e4. Perhosten el\u00e4m\u00e4 py\u00f6rii erilaisten kukkivien kasvien ymp\u00e4rill\u00e4, joissa ne sy\u00f6v\u00e4t nektaria, ja muiden kasvien ymp\u00e4rill\u00e4, joissa niiden saalistajat sy\u00f6v\u00e4t ja kasvavat. Koska monet luonnonniityt katoavat tai muuttuvat viljelysmaaksi, perhosia on paljon v\u00e4hemm\u00e4n kuin vuosikymmen sitten. Kylv\u00e4 perhosyst\u00e4v\u00e4llisi\u00e4 kukkia puutarhapenkkiin tai vaikka nurmikolle. N\u00e4in houkuttelet monia erilaisia perhosia puutarhaan. Lis\u00e4\u00e4t&#8230;<\/p>\n","protected":false},"featured_media":38758,"template":"","meta":{"_acf_changed":false},"product_brand":[],"product_cat":[1854,1743,1753,1882,1884],"product_tag":[],"class_list":{"0":"post-52721","1":"product","2":"type-product","3":"status-publish","4":"has-post-thumbnail","6":"product_cat-hyonteishotellit","7":"product_cat-lisalahjat-lahjat","8":"product_cat-siemenet","9":"product_cat-sudenkorennon-talot-ja-ateriat","10":"product_cat-villielainpuutarhat","11":"product_shipping_class-toimitus-1-3-tyopaivan-kuluessa","12":"pa_variatsioon-puinen-traktori","14":"first","15":"instock","16":"sale","17":"taxable","18":"shipping-taxable","19":"purchasable","20":"product-type-simple"},"acf":[],"yoast_head":"<!-- This site is optimized with the Yoast SEO Premium plugin v27.3 (Yoast SEO v27.3) - https:\/\/yoast.com\/product\/yoast-seo-premium-wordpress\/ -->\n<title>Siemenvalikoima perhosille - perhosia puutarhaan houkuttelevat kukat - Rodoaed<\/title>\n<meta name=\"robots\" content=\"index, follow, max-snippet:-1, max-image-preview:large, max-video-preview:-1\" \/>\n<link rel=\"canonical\" href=\"https:\/\/rodoaed.ee\/fi\/toode\/siemenvalikoima-perhosille-perhosia-puutarhaan-houkuttelevat-kukat\/\" \/>\n<meta property=\"og:locale\" content=\"fi_FI\" \/>\n<meta property=\"og:type\" content=\"article\" \/>\n<meta property=\"og:title\" content=\"Siemenvalikoima perhosille - perhosia puutarhaan houkuttelevat kukat\" \/>\n<meta property=\"og:description\" content=\"Siemenpakkaus, jossa on valikoima kukkasiemeni\u00e4, joista perhoset pit\u00e4v\u00e4t. Perhoset ovat luultavasti kaikkein kauneimpia ja tunnetuimpia hy\u00f6nteisi\u00e4.\" \/>\n<meta property=\"og:url\" content=\"https:\/\/rodoaed.ee\/fi\/toode\/siemenvalikoima-perhosille-perhosia-puutarhaan-houkuttelevat-kukat\/\" \/>\n<meta property=\"og:site_name\" content=\"Rodoaed\" \/>\n<meta property=\"article:publisher\" content=\"https:\/\/www.facebook.com\/kasvuhooned\/\" \/>\n<meta property=\"article:modified_time\" content=\"2026-04-13T07:52:37+00:00\" \/>\n<meta property=\"og:image\" content=\"https:\/\/rodoaed.ee\/wp-content\/uploads\/2021\/11\/liblika-aasa-seemned_WA13_01.png\" \/>\n\t<meta property=\"og:image:width\" content=\"1240\" \/>\n\t<meta property=\"og:image:height\" content=\"1240\" \/>\n\t<meta property=\"og:image:type\" content=\"image\/png\" \/>\n<meta name=\"twitter:card\" content=\"summary_large_image\" \/>\n<meta name=\"twitter:label1\" content=\"Arvioitu lukuaika\" \/>\n\t<meta name=\"twitter:data1\" content=\"1 minuutti\" \/>\n<script type=\"application\/ld+json\" class=\"yoast-schema-graph\">{\"@context\":\"https:\\\/\\\/schema.org\",\"@graph\":[{\"@type\":\"WebPage\",\"@id\":\"https:\\\/\\\/rodoaed.ee\\\/fi\\\/toode\\\/siemenvalikoima-perhosille-perhosia-puutarhaan-houkuttelevat-kukat\\\/\",\"url\":\"https:\\\/\\\/rodoaed.ee\\\/fi\\\/toode\\\/siemenvalikoima-perhosille-perhosia-puutarhaan-houkuttelevat-kukat\\\/\",\"name\":\"Siemenvalikoima perhosille - perhosia puutarhaan houkuttelevat kukat - Rodoaed\",\"isPartOf\":{\"@id\":\"https:\\\/\\\/rodoaed.ee\\\/#website\"},\"primaryImageOfPage\":{\"@id\":\"https:\\\/\\\/rodoaed.ee\\\/fi\\\/toode\\\/siemenvalikoima-perhosille-perhosia-puutarhaan-houkuttelevat-kukat\\\/#primaryimage\"},\"image\":{\"@id\":\"https:\\\/\\\/rodoaed.ee\\\/fi\\\/toode\\\/siemenvalikoima-perhosille-perhosia-puutarhaan-houkuttelevat-kukat\\\/#primaryimage\"},\"thumbnailUrl\":\"https:\\\/\\\/rodoaed.ee\\\/wp-content\\\/uploads\\\/2021\\\/11\\\/liblika-aasa-seemned_WA13_01.png\",\"datePublished\":\"2021-11-10T19:33:16+00:00\",\"dateModified\":\"2026-04-13T07:52:37+00:00\",\"breadcrumb\":{\"@id\":\"https:\\\/\\\/rodoaed.ee\\\/fi\\\/toode\\\/siemenvalikoima-perhosille-perhosia-puutarhaan-houkuttelevat-kukat\\\/#breadcrumb\"},\"inLanguage\":\"fi\",\"potentialAction\":[{\"@type\":\"ReadAction\",\"target\":[\"https:\\\/\\\/rodoaed.ee\\\/fi\\\/toode\\\/siemenvalikoima-perhosille-perhosia-puutarhaan-houkuttelevat-kukat\\\/\"]}]},{\"@type\":\"ImageObject\",\"inLanguage\":\"fi\",\"@id\":\"https:\\\/\\\/rodoaed.ee\\\/fi\\\/toode\\\/siemenvalikoima-perhosille-perhosia-puutarhaan-houkuttelevat-kukat\\\/#primaryimage\",\"url\":\"https:\\\/\\\/rodoaed.ee\\\/wp-content\\\/uploads\\\/2021\\\/11\\\/liblika-aasa-seemned_WA13_01.png\",\"contentUrl\":\"https:\\\/\\\/rodoaed.ee\\\/wp-content\\\/uploads\\\/2021\\\/11\\\/liblika-aasa-seemned_WA13_01.png\",\"width\":1240,\"height\":1240},{\"@type\":\"BreadcrumbList\",\"@id\":\"https:\\\/\\\/rodoaed.ee\\\/fi\\\/toode\\\/siemenvalikoima-perhosille-perhosia-puutarhaan-houkuttelevat-kukat\\\/#breadcrumb\",\"itemListElement\":[{\"@type\":\"ListItem\",\"position\":1,\"name\":\"Home\",\"item\":\"https:\\\/\\\/rodoaed.ee\\\/fi\\\/\"},{\"@type\":\"ListItem\",\"position\":2,\"name\":\"Osta osoitteessa\",\"item\":\"https:\\\/\\\/rodoaed.ee\\\/osta-osoitteessa\\\/\"},{\"@type\":\"ListItem\",\"position\":3,\"name\":\"Siemenvalikoima perhosille &#8211; perhosia puutarhaan houkuttelevat kukat\"}]},{\"@type\":\"WebSite\",\"@id\":\"https:\\\/\\\/rodoaed.ee\\\/#website\",\"url\":\"https:\\\/\\\/rodoaed.ee\\\/\",\"name\":\"Rodoaed\",\"description\":\"\",\"publisher\":{\"@id\":\"https:\\\/\\\/rodoaed.ee\\\/#organization\"},\"potentialAction\":[{\"@type\":\"SearchAction\",\"target\":{\"@type\":\"EntryPoint\",\"urlTemplate\":\"https:\\\/\\\/rodoaed.ee\\\/?s={search_term_string}\"},\"query-input\":{\"@type\":\"PropertyValueSpecification\",\"valueRequired\":true,\"valueName\":\"search_term_string\"}}],\"inLanguage\":\"fi\"},{\"@type\":\"Organization\",\"@id\":\"https:\\\/\\\/rodoaed.ee\\\/#organization\",\"name\":\"Rodoaed\",\"url\":\"https:\\\/\\\/rodoaed.ee\\\/\",\"logo\":{\"@type\":\"ImageObject\",\"inLanguage\":\"fi\",\"@id\":\"https:\\\/\\\/rodoaed.ee\\\/#\\\/schema\\\/logo\\\/image\\\/\",\"url\":\"https:\\\/\\\/rodoaed.ee\\\/wp-content\\\/uploads\\\/2019\\\/11\\\/rodoaed-logo-ilma-taustata.jpg\",\"contentUrl\":\"https:\\\/\\\/rodoaed.ee\\\/wp-content\\\/uploads\\\/2019\\\/11\\\/rodoaed-logo-ilma-taustata.jpg\",\"width\":769,\"height\":268,\"caption\":\"Rodoaed\"},\"image\":{\"@id\":\"https:\\\/\\\/rodoaed.ee\\\/#\\\/schema\\\/logo\\\/image\\\/\"},\"sameAs\":[\"https:\\\/\\\/www.facebook.com\\\/kasvuhooned\\\/\",\"https:\\\/\\\/rodoaed.ee\"]}]}<\/script>\n<!-- \/ Yoast SEO Premium plugin. -->","yoast_head_json":{"title":"Siemenvalikoima perhosille - perhosia puutarhaan houkuttelevat kukat - Rodoaed","robots":{"index":"index","follow":"follow","max-snippet":"max-snippet:-1","max-image-preview":"max-image-preview:large","max-video-preview":"max-video-preview:-1"},"canonical":"https:\/\/rodoaed.ee\/fi\/toode\/siemenvalikoima-perhosille-perhosia-puutarhaan-houkuttelevat-kukat\/","og_locale":"fi_FI","og_type":"article","og_title":"Siemenvalikoima perhosille - perhosia puutarhaan houkuttelevat kukat","og_description":"Siemenpakkaus, jossa on valikoima kukkasiemeni\u00e4, joista perhoset pit\u00e4v\u00e4t. Perhoset ovat luultavasti kaikkein kauneimpia ja tunnetuimpia hy\u00f6nteisi\u00e4.","og_url":"https:\/\/rodoaed.ee\/fi\/toode\/siemenvalikoima-perhosille-perhosia-puutarhaan-houkuttelevat-kukat\/","og_site_name":"Rodoaed","article_publisher":"https:\/\/www.facebook.com\/kasvuhooned\/","article_modified_time":"2026-04-13T07:52:37+00:00","og_image":[{"width":1240,"height":1240,"url":"https:\/\/rodoaed.ee\/wp-content\/uploads\/2021\/11\/liblika-aasa-seemned_WA13_01.png","type":"image\/png"}],"twitter_card":"summary_large_image","twitter_misc":{"Arvioitu lukuaika":"1 minuutti"},"schema":{"@context":"https:\/\/schema.org","@graph":[{"@type":"WebPage","@id":"https:\/\/rodoaed.ee\/fi\/toode\/siemenvalikoima-perhosille-perhosia-puutarhaan-houkuttelevat-kukat\/","url":"https:\/\/rodoaed.ee\/fi\/toode\/siemenvalikoima-perhosille-perhosia-puutarhaan-houkuttelevat-kukat\/","name":"Siemenvalikoima perhosille - perhosia puutarhaan houkuttelevat kukat - Rodoaed","isPartOf":{"@id":"https:\/\/rodoaed.ee\/#website"},"primaryImageOfPage":{"@id":"https:\/\/rodoaed.ee\/fi\/toode\/siemenvalikoima-perhosille-perhosia-puutarhaan-houkuttelevat-kukat\/#primaryimage"},"image":{"@id":"https:\/\/rodoaed.ee\/fi\/toode\/siemenvalikoima-perhosille-perhosia-puutarhaan-houkuttelevat-kukat\/#primaryimage"},"thumbnailUrl":"https:\/\/rodoaed.ee\/wp-content\/uploads\/2021\/11\/liblika-aasa-seemned_WA13_01.png","datePublished":"2021-11-10T19:33:16+00:00","dateModified":"2026-04-13T07:52:37+00:00","breadcrumb":{"@id":"https:\/\/rodoaed.ee\/fi\/toode\/siemenvalikoima-perhosille-perhosia-puutarhaan-houkuttelevat-kukat\/#breadcrumb"},"inLanguage":"fi","potentialAction":[{"@type":"ReadAction","target":["https:\/\/rodoaed.ee\/fi\/toode\/siemenvalikoima-perhosille-perhosia-puutarhaan-houkuttelevat-kukat\/"]}]},{"@type":"ImageObject","inLanguage":"fi","@id":"https:\/\/rodoaed.ee\/fi\/toode\/siemenvalikoima-perhosille-perhosia-puutarhaan-houkuttelevat-kukat\/#primaryimage","url":"https:\/\/rodoaed.ee\/wp-content\/uploads\/2021\/11\/liblika-aasa-seemned_WA13_01.png","contentUrl":"https:\/\/rodoaed.ee\/wp-content\/uploads\/2021\/11\/liblika-aasa-seemned_WA13_01.png","width":1240,"height":1240},{"@type":"BreadcrumbList","@id":"https:\/\/rodoaed.ee\/fi\/toode\/siemenvalikoima-perhosille-perhosia-puutarhaan-houkuttelevat-kukat\/#breadcrumb","itemListElement":[{"@type":"ListItem","position":1,"name":"Home","item":"https:\/\/rodoaed.ee\/fi\/"},{"@type":"ListItem","position":2,"name":"Osta osoitteessa","item":"https:\/\/rodoaed.ee\/osta-osoitteessa\/"},{"@type":"ListItem","position":3,"name":"Siemenvalikoima perhosille &#8211; perhosia puutarhaan houkuttelevat kukat"}]},{"@type":"WebSite","@id":"https:\/\/rodoaed.ee\/#website","url":"https:\/\/rodoaed.ee\/","name":"Rodoaed","description":"","publisher":{"@id":"https:\/\/rodoaed.ee\/#organization"},"potentialAction":[{"@type":"SearchAction","target":{"@type":"EntryPoint","urlTemplate":"https:\/\/rodoaed.ee\/?s={search_term_string}"},"query-input":{"@type":"PropertyValueSpecification","valueRequired":true,"valueName":"search_term_string"}}],"inLanguage":"fi"},{"@type":"Organization","@id":"https:\/\/rodoaed.ee\/#organization","name":"Rodoaed","url":"https:\/\/rodoaed.ee\/","logo":{"@type":"ImageObject","inLanguage":"fi","@id":"https:\/\/rodoaed.ee\/#\/schema\/logo\/image\/","url":"https:\/\/rodoaed.ee\/wp-content\/uploads\/2019\/11\/rodoaed-logo-ilma-taustata.jpg","contentUrl":"https:\/\/rodoaed.ee\/wp-content\/uploads\/2019\/11\/rodoaed-logo-ilma-taustata.jpg","width":769,"height":268,"caption":"Rodoaed"},"image":{"@id":"https:\/\/rodoaed.ee\/#\/schema\/logo\/image\/"},"sameAs":["https:\/\/www.facebook.com\/kasvuhooned\/","https:\/\/rodoaed.ee"]}]}},"_links":{"self":[{"href":"https:\/\/rodoaed.ee\/fi\/wp-json\/wp\/v2\/product\/52721","targetHints":{"allow":["GET"]}}],"collection":[{"href":"https:\/\/rodoaed.ee\/fi\/wp-json\/wp\/v2\/product"}],"about":[{"href":"https:\/\/rodoaed.ee\/fi\/wp-json\/wp\/v2\/types\/product"}],"wp:featuredmedia":[{"embeddable":true,"href":"https:\/\/rodoaed.ee\/fi\/wp-json\/wp\/v2\/media\/38758"}],"wp:attachment":[{"href":"https:\/\/rodoaed.ee\/fi\/wp-json\/wp\/v2\/media?parent=52721"}],"wp:term":[{"taxonomy":"product_brand","embeddable":true,"href":"https:\/\/rodoaed.ee\/fi\/wp-json\/wp\/v2\/product_brand?post=52721"},{"taxonomy":"product_cat","embeddable":true,"href":"https:\/\/rodoaed.ee\/fi\/wp-json\/wp\/v2\/product_cat?post=52721"},{"taxonomy":"product_tag","embeddable":true,"href":"https:\/\/rodoaed.ee\/fi\/wp-json\/wp\/v2\/product_tag?post=52721"}],"curies":[{"name":"wp","href":"https:\/\/api.w.org\/{rel}","templated":true}]}}