{"id":52723,"date":"2021-11-10T22:00:14","date_gmt":"2021-11-10T20:00:14","guid":{"rendered":"https:\/\/rodoaed.ee\/toode\/ruokailutalo-perhosille\/"},"modified":"2026-04-13T10:52:40","modified_gmt":"2026-04-13T07:52:40","slug":"ruokailutalo-perhosille","status":"publish","type":"product","link":"https:\/\/rodoaed.ee\/fi\/tuote\/ruokailutalo-perhosille\/","title":{"rendered":"Ruokailutalo perhosille"},"content":{"rendered":"<h2>Ruokailutalo perhosille<\/h2>\n<p>Perhoset ovat luultavasti kaikkein kauneimpia ja tunnetuimpia hy\u00f6nteisi\u00e4. Perhosten el\u00e4m\u00e4 py\u00f6rii erilaisten kukkivien kasvien ymp\u00e4rill\u00e4, joissa ne sy\u00f6v\u00e4t nektaria, ja muiden kasvien ymp\u00e4rill\u00e4, joissa niiden saalistajat sy\u00f6v\u00e4t ja kasvavat. <\/p>\n<p>Jos tarjoat niille k\u00e4yneit\u00e4 hedelmi\u00e4 ja nektaria, ne tulevat kiitollisina joukoittain puutarhassasi sijaitsevalle ruokintapaikalle. Laita vesimelonia, omenoita, ehdottomasti banaaniviipaleita ja muita hedelmi\u00e4 ruokasaliin ja kaada niihin ravitsevaa nektaria. <\/p>\n<p>Niin kauan kuin ne sy\u00f6v\u00e4t hedelmi\u00e4 ja nektaria ruokintakomerossa, voit n\u00e4hd\u00e4 n\u00e4m\u00e4 kauniit otukset l\u00e4helt\u00e4.vKeltainen ruokintakehys houkuttelee perhosia jo kaukaa. Voit ripustaa ruokintalaitteen tai asettaa sen johonkin. <\/p>\n<p>Loistava lahja kaikille lapsiperheille ja lasten suosikki.<\/p>\n<ul class=\"list-with-checkmarks\">\n<li>Kauniissa lahjapakkauksessa<\/li>\n<li>\n<\/li>\n<\/ul>\n<p><strong>Mitat:<\/strong> pituus 16,7 x leveys 22,7 x korkeus 22,7 cm.<\/p>\n<p><strong>Paino:<\/strong> 229 g<\/p>\n<div class=\"icon-link icon-link--left font-weight-normal mt-4\">\n<p>&nbsp;<\/p>\n<\/div>\n","protected":false},"excerpt":{"rendered":"<p>Ruokailutalo perhosille Perhoset ovat luultavasti kaikkein kauneimpia ja tunnetuimpia hy\u00f6nteisi\u00e4. Perhosten el\u00e4m\u00e4 py\u00f6rii erilaisten kukkivien kasvien ymp\u00e4rill\u00e4, joissa ne sy\u00f6v\u00e4t nektaria, ja muiden kasvien ymp\u00e4rill\u00e4, joissa niiden saalistajat sy\u00f6v\u00e4t ja kasvavat. Jos tarjoat niille k\u00e4yneit\u00e4 hedelmi\u00e4 ja nektaria, ne tulevat kiitollisina joukoittain puutarhassasi sijaitsevalle ruokintapaikalle. Laita vesimelonia, omenoita, ehdottomasti banaaniviipaleita ja muita hedelmi\u00e4 ruokasaliin ja kaada niihin ravitsevaa nektaria. Niin kauan kuin ne sy\u00f6v\u00e4t hedelmi\u00e4&#8230;<\/p>\n","protected":false},"featured_media":38782,"template":"","meta":{"_acf_changed":false},"product_brand":[],"product_cat":[1854,1882,1745],"product_tag":[],"class_list":{"0":"post-52723","1":"product","2":"type-product","3":"status-publish","4":"has-post-thumbnail","6":"product_cat-hyonteishotellit","7":"product_cat-sudenkorennon-talot-ja-ateriat","8":"product_cat-suuri-varaston-tyhjennysmyynti","9":"product_shipping_class-toimitus-1-3-tyopaivan-kuluessa","10":"pa_variatsioon-puinen-traktori","12":"first","13":"instock","14":"sale","15":"taxable","16":"shipping-taxable","17":"purchasable","18":"product-type-simple"},"acf":[],"yoast_head":"<!-- This site is optimized with the Yoast SEO Premium plugin v27.3 (Yoast SEO v27.3) - https:\/\/yoast.com\/product\/yoast-seo-premium-wordpress\/ -->\n<title>Ruokailutalo perhosille - Rodoaed<\/title>\n<meta name=\"robots\" content=\"index, follow, max-snippet:-1, max-image-preview:large, max-video-preview:-1\" \/>\n<link rel=\"canonical\" href=\"https:\/\/rodoaed.ee\/fi\/toode\/ruokailutalo-perhosille\/\" \/>\n<meta property=\"og:locale\" content=\"fi_FI\" \/>\n<meta property=\"og:type\" content=\"article\" \/>\n<meta property=\"og:title\" content=\"Ruokailutalo perhosille\" \/>\n<meta property=\"og:description\" content=\"Ruokailutalo perhosille Perhoset ovat luultavasti kaikkein kauneimpia ja tunnetuimpia hy\u00f6nteisi\u00e4. Perhosten el\u00e4m\u00e4 py\u00f6rii erilaisten kukkivien kasvien\" \/>\n<meta property=\"og:url\" content=\"https:\/\/rodoaed.ee\/fi\/toode\/ruokailutalo-perhosille\/\" \/>\n<meta property=\"og:site_name\" content=\"Rodoaed\" \/>\n<meta property=\"article:publisher\" content=\"https:\/\/www.facebook.com\/kasvuhooned\/\" \/>\n<meta property=\"article:modified_time\" content=\"2026-04-13T07:52:40+00:00\" \/>\n<meta property=\"og:image\" content=\"https:\/\/rodoaed.ee\/wp-content\/uploads\/2021\/11\/liblika-soogimaja_WA11_01.png\" \/>\n\t<meta property=\"og:image:width\" content=\"1240\" \/>\n\t<meta property=\"og:image:height\" content=\"1240\" \/>\n\t<meta property=\"og:image:type\" content=\"image\/png\" \/>\n<meta name=\"twitter:card\" content=\"summary_large_image\" \/>\n<meta name=\"twitter:label1\" content=\"Arvioitu lukuaika\" \/>\n\t<meta name=\"twitter:data1\" content=\"1 minuutti\" \/>\n<script type=\"application\/ld+json\" class=\"yoast-schema-graph\">{\"@context\":\"https:\\\/\\\/schema.org\",\"@graph\":[{\"@type\":\"WebPage\",\"@id\":\"https:\\\/\\\/rodoaed.ee\\\/fi\\\/toode\\\/ruokailutalo-perhosille\\\/\",\"url\":\"https:\\\/\\\/rodoaed.ee\\\/fi\\\/toode\\\/ruokailutalo-perhosille\\\/\",\"name\":\"Ruokailutalo perhosille - Rodoaed\",\"isPartOf\":{\"@id\":\"https:\\\/\\\/rodoaed.ee\\\/#website\"},\"primaryImageOfPage\":{\"@id\":\"https:\\\/\\\/rodoaed.ee\\\/fi\\\/toode\\\/ruokailutalo-perhosille\\\/#primaryimage\"},\"image\":{\"@id\":\"https:\\\/\\\/rodoaed.ee\\\/fi\\\/toode\\\/ruokailutalo-perhosille\\\/#primaryimage\"},\"thumbnailUrl\":\"https:\\\/\\\/rodoaed.ee\\\/wp-content\\\/uploads\\\/2021\\\/11\\\/liblika-soogimaja_WA11_01.png\",\"datePublished\":\"2021-11-10T20:00:14+00:00\",\"dateModified\":\"2026-04-13T07:52:40+00:00\",\"breadcrumb\":{\"@id\":\"https:\\\/\\\/rodoaed.ee\\\/fi\\\/toode\\\/ruokailutalo-perhosille\\\/#breadcrumb\"},\"inLanguage\":\"fi\",\"potentialAction\":[{\"@type\":\"ReadAction\",\"target\":[\"https:\\\/\\\/rodoaed.ee\\\/fi\\\/toode\\\/ruokailutalo-perhosille\\\/\"]}]},{\"@type\":\"ImageObject\",\"inLanguage\":\"fi\",\"@id\":\"https:\\\/\\\/rodoaed.ee\\\/fi\\\/toode\\\/ruokailutalo-perhosille\\\/#primaryimage\",\"url\":\"https:\\\/\\\/rodoaed.ee\\\/wp-content\\\/uploads\\\/2021\\\/11\\\/liblika-soogimaja_WA11_01.png\",\"contentUrl\":\"https:\\\/\\\/rodoaed.ee\\\/wp-content\\\/uploads\\\/2021\\\/11\\\/liblika-soogimaja_WA11_01.png\",\"width\":1240,\"height\":1240},{\"@type\":\"BreadcrumbList\",\"@id\":\"https:\\\/\\\/rodoaed.ee\\\/fi\\\/toode\\\/ruokailutalo-perhosille\\\/#breadcrumb\",\"itemListElement\":[{\"@type\":\"ListItem\",\"position\":1,\"name\":\"Home\",\"item\":\"https:\\\/\\\/rodoaed.ee\\\/fi\\\/\"},{\"@type\":\"ListItem\",\"position\":2,\"name\":\"Osta osoitteessa\",\"item\":\"https:\\\/\\\/rodoaed.ee\\\/osta-osoitteessa\\\/\"},{\"@type\":\"ListItem\",\"position\":3,\"name\":\"Ruokailutalo perhosille\"}]},{\"@type\":\"WebSite\",\"@id\":\"https:\\\/\\\/rodoaed.ee\\\/#website\",\"url\":\"https:\\\/\\\/rodoaed.ee\\\/\",\"name\":\"Rodoaed\",\"description\":\"\",\"publisher\":{\"@id\":\"https:\\\/\\\/rodoaed.ee\\\/#organization\"},\"potentialAction\":[{\"@type\":\"SearchAction\",\"target\":{\"@type\":\"EntryPoint\",\"urlTemplate\":\"https:\\\/\\\/rodoaed.ee\\\/?s={search_term_string}\"},\"query-input\":{\"@type\":\"PropertyValueSpecification\",\"valueRequired\":true,\"valueName\":\"search_term_string\"}}],\"inLanguage\":\"fi\"},{\"@type\":\"Organization\",\"@id\":\"https:\\\/\\\/rodoaed.ee\\\/#organization\",\"name\":\"Rodoaed\",\"url\":\"https:\\\/\\\/rodoaed.ee\\\/\",\"logo\":{\"@type\":\"ImageObject\",\"inLanguage\":\"fi\",\"@id\":\"https:\\\/\\\/rodoaed.ee\\\/#\\\/schema\\\/logo\\\/image\\\/\",\"url\":\"https:\\\/\\\/rodoaed.ee\\\/wp-content\\\/uploads\\\/2019\\\/11\\\/rodoaed-logo-ilma-taustata.jpg\",\"contentUrl\":\"https:\\\/\\\/rodoaed.ee\\\/wp-content\\\/uploads\\\/2019\\\/11\\\/rodoaed-logo-ilma-taustata.jpg\",\"width\":769,\"height\":268,\"caption\":\"Rodoaed\"},\"image\":{\"@id\":\"https:\\\/\\\/rodoaed.ee\\\/#\\\/schema\\\/logo\\\/image\\\/\"},\"sameAs\":[\"https:\\\/\\\/www.facebook.com\\\/kasvuhooned\\\/\",\"https:\\\/\\\/rodoaed.ee\"]}]}<\/script>\n<!-- \/ Yoast SEO Premium plugin. -->","yoast_head_json":{"title":"Ruokailutalo perhosille - Rodoaed","robots":{"index":"index","follow":"follow","max-snippet":"max-snippet:-1","max-image-preview":"max-image-preview:large","max-video-preview":"max-video-preview:-1"},"canonical":"https:\/\/rodoaed.ee\/fi\/toode\/ruokailutalo-perhosille\/","og_locale":"fi_FI","og_type":"article","og_title":"Ruokailutalo perhosille","og_description":"Ruokailutalo perhosille Perhoset ovat luultavasti kaikkein kauneimpia ja tunnetuimpia hy\u00f6nteisi\u00e4. Perhosten el\u00e4m\u00e4 py\u00f6rii erilaisten kukkivien kasvien","og_url":"https:\/\/rodoaed.ee\/fi\/toode\/ruokailutalo-perhosille\/","og_site_name":"Rodoaed","article_publisher":"https:\/\/www.facebook.com\/kasvuhooned\/","article_modified_time":"2026-04-13T07:52:40+00:00","og_image":[{"width":1240,"height":1240,"url":"https:\/\/rodoaed.ee\/wp-content\/uploads\/2021\/11\/liblika-soogimaja_WA11_01.png","type":"image\/png"}],"twitter_card":"summary_large_image","twitter_misc":{"Arvioitu lukuaika":"1 minuutti"},"schema":{"@context":"https:\/\/schema.org","@graph":[{"@type":"WebPage","@id":"https:\/\/rodoaed.ee\/fi\/toode\/ruokailutalo-perhosille\/","url":"https:\/\/rodoaed.ee\/fi\/toode\/ruokailutalo-perhosille\/","name":"Ruokailutalo perhosille - Rodoaed","isPartOf":{"@id":"https:\/\/rodoaed.ee\/#website"},"primaryImageOfPage":{"@id":"https:\/\/rodoaed.ee\/fi\/toode\/ruokailutalo-perhosille\/#primaryimage"},"image":{"@id":"https:\/\/rodoaed.ee\/fi\/toode\/ruokailutalo-perhosille\/#primaryimage"},"thumbnailUrl":"https:\/\/rodoaed.ee\/wp-content\/uploads\/2021\/11\/liblika-soogimaja_WA11_01.png","datePublished":"2021-11-10T20:00:14+00:00","dateModified":"2026-04-13T07:52:40+00:00","breadcrumb":{"@id":"https:\/\/rodoaed.ee\/fi\/toode\/ruokailutalo-perhosille\/#breadcrumb"},"inLanguage":"fi","potentialAction":[{"@type":"ReadAction","target":["https:\/\/rodoaed.ee\/fi\/toode\/ruokailutalo-perhosille\/"]}]},{"@type":"ImageObject","inLanguage":"fi","@id":"https:\/\/rodoaed.ee\/fi\/toode\/ruokailutalo-perhosille\/#primaryimage","url":"https:\/\/rodoaed.ee\/wp-content\/uploads\/2021\/11\/liblika-soogimaja_WA11_01.png","contentUrl":"https:\/\/rodoaed.ee\/wp-content\/uploads\/2021\/11\/liblika-soogimaja_WA11_01.png","width":1240,"height":1240},{"@type":"BreadcrumbList","@id":"https:\/\/rodoaed.ee\/fi\/toode\/ruokailutalo-perhosille\/#breadcrumb","itemListElement":[{"@type":"ListItem","position":1,"name":"Home","item":"https:\/\/rodoaed.ee\/fi\/"},{"@type":"ListItem","position":2,"name":"Osta osoitteessa","item":"https:\/\/rodoaed.ee\/osta-osoitteessa\/"},{"@type":"ListItem","position":3,"name":"Ruokailutalo perhosille"}]},{"@type":"WebSite","@id":"https:\/\/rodoaed.ee\/#website","url":"https:\/\/rodoaed.ee\/","name":"Rodoaed","description":"","publisher":{"@id":"https:\/\/rodoaed.ee\/#organization"},"potentialAction":[{"@type":"SearchAction","target":{"@type":"EntryPoint","urlTemplate":"https:\/\/rodoaed.ee\/?s={search_term_string}"},"query-input":{"@type":"PropertyValueSpecification","valueRequired":true,"valueName":"search_term_string"}}],"inLanguage":"fi"},{"@type":"Organization","@id":"https:\/\/rodoaed.ee\/#organization","name":"Rodoaed","url":"https:\/\/rodoaed.ee\/","logo":{"@type":"ImageObject","inLanguage":"fi","@id":"https:\/\/rodoaed.ee\/#\/schema\/logo\/image\/","url":"https:\/\/rodoaed.ee\/wp-content\/uploads\/2019\/11\/rodoaed-logo-ilma-taustata.jpg","contentUrl":"https:\/\/rodoaed.ee\/wp-content\/uploads\/2019\/11\/rodoaed-logo-ilma-taustata.jpg","width":769,"height":268,"caption":"Rodoaed"},"image":{"@id":"https:\/\/rodoaed.ee\/#\/schema\/logo\/image\/"},"sameAs":["https:\/\/www.facebook.com\/kasvuhooned\/","https:\/\/rodoaed.ee"]}]}},"_links":{"self":[{"href":"https:\/\/rodoaed.ee\/fi\/wp-json\/wp\/v2\/product\/52723","targetHints":{"allow":["GET"]}}],"collection":[{"href":"https:\/\/rodoaed.ee\/fi\/wp-json\/wp\/v2\/product"}],"about":[{"href":"https:\/\/rodoaed.ee\/fi\/wp-json\/wp\/v2\/types\/product"}],"wp:featuredmedia":[{"embeddable":true,"href":"https:\/\/rodoaed.ee\/fi\/wp-json\/wp\/v2\/media\/38782"}],"wp:attachment":[{"href":"https:\/\/rodoaed.ee\/fi\/wp-json\/wp\/v2\/media?parent=52723"}],"wp:term":[{"taxonomy":"product_brand","embeddable":true,"href":"https:\/\/rodoaed.ee\/fi\/wp-json\/wp\/v2\/product_brand?post=52723"},{"taxonomy":"product_cat","embeddable":true,"href":"https:\/\/rodoaed.ee\/fi\/wp-json\/wp\/v2\/product_cat?post=52723"},{"taxonomy":"product_tag","embeddable":true,"href":"https:\/\/rodoaed.ee\/fi\/wp-json\/wp\/v2\/product_tag?post=52723"}],"curies":[{"name":"wp","href":"https:\/\/api.w.org\/{rel}","templated":true}]}}