{"id":52724,"date":"2021-11-10T20:03:13","date_gmt":"2021-11-10T18:03:13","guid":{"rendered":"https:\/\/rodoaed.ee\/toode\/hyonteisten-maja-koko-m-malli-75\/"},"modified":"2026-04-13T10:52:45","modified_gmt":"2026-04-13T07:52:45","slug":"hyonteisten-maja-koko-m-malli-75","status":"publish","type":"product","link":"https:\/\/rodoaed.ee\/fi\/tuote\/hyonteisten-maja-koko-m-malli-75\/","title":{"rendered":"Hy\u00f6nteisten maja koko M -malli 75"},"content":{"rendered":"<h2>Hy\u00f6nteishotelli koko M- malli 75<\/h2>\n<p><strong>Putken ontelot on suunniteltu kilpikonnille ja mehil\u00e4isille ja keskiosa perhosille ja muille hy\u00f6nteisille.<\/strong><\/p>\n<p>Hy\u00f6nteiset suorittavat monia erilaisia teht\u00e4vi\u00e4 puutarhoissamme. Ne p\u00f6lytt\u00e4v\u00e4t kasvien kukkia ja toimivat luonnollisena tuholaistorjujana, mik\u00e4 on elint\u00e4rke\u00e4\u00e4 meille ihmisille. T\u00e4llaiset mukavat hy\u00f6nteissatamat tarjoavat monille eri hy\u00f6nteislajeille mahdollisuuden turvalliseen pesimiseen ja talvehtimiseen samanaikaisesti.  <\/p>\n<p>Monet hy\u00f6nteisten luonnolliset elinymp\u00e4rist\u00f6t ovat jo tuhoutuneet tehoviljelyn ja roskamyrkytysten vuoksi, ja t\u00e4llaisia suojia tarvitaan kipe\u00e4sti. N\u00e4in voimme suojella ja auttaa niit\u00e4. <\/p>\n<p>Hy\u00f6nteistalon keskiosa tarjoaa suojaa ja kodin kiilusilm\u00e4-, perhos- ja korvasienille. Punainen sis\u00e4\u00e4ntuloluukku houkuttelee erityisesti kiiltosilm\u00e4h\u00e4m\u00e4h\u00e4kkej\u00e4. Mehil\u00e4iset piiloutuvat mielell\u00e4\u00e4n onttoihin sarviin, kaislikoihin ja reik\u00e4isiin tikkuihin. Kukin mehil\u00e4islaji tarvitsee halkaisijaltaan tietynlaisen onkalon tai rei\u00e4n. Villimehil\u00e4iset peitt\u00e4v\u00e4t pistoaukkonsa vahalla.    <\/p>\n<ul>\n<li>sopii monille erilaisille hy\u00f6nteisille<\/li>\n<li>per\u00e4vaunun luukku<\/li>\n<li>oljet ja oksat eiv\u00e4t sis\u00e4lly pakkaukseen<\/li>\n<li>Puhdistusharja mukana<\/li>\n<\/ul>\n<h2>T\u00e4rkeimm\u00e4t ominaisuudet<\/h2>\n<p>Materiaali: m\u00e4nty<\/p>\n<p>Mitat: L 14,3 x L 17,7 x K 29,4 cm.<\/p>\n<p>Paino: 1,1 kg<\/p>\n<div class=\"icon-link icon-link--left font-weight-normal mt-4\"><\/div>\n","protected":false},"excerpt":{"rendered":"<p>Hy\u00f6nteishotelli koko M- malli 75 Putken ontelot on suunniteltu kilpikonnille ja mehil\u00e4isille ja keskiosa perhosille ja muille hy\u00f6nteisille. Hy\u00f6nteiset suorittavat monia erilaisia teht\u00e4vi\u00e4 puutarhoissamme. Ne p\u00f6lytt\u00e4v\u00e4t kasvien kukkia ja toimivat luonnollisena tuholaistorjujana, mik\u00e4 on elint\u00e4rke\u00e4\u00e4 meille ihmisille. T\u00e4llaiset mukavat hy\u00f6nteissatamat tarjoavat monille eri hy\u00f6nteislajeille mahdollisuuden turvalliseen pesimiseen ja talvehtimiseen samanaikaisesti. Monet hy\u00f6nteisten luonnolliset elinymp\u00e4rist\u00f6t ovat jo tuhoutuneet tehoviljelyn ja roskamyrkytysten vuoksi, ja t\u00e4llaisia suojia tarvitaan&#8230;<\/p>\n","protected":false},"featured_media":38639,"template":"","meta":{"_acf_changed":false},"product_brand":[],"product_cat":[1854,1878,1785,1880,1743,1745],"product_tag":[],"class_list":{"0":"post-52724","1":"product","2":"type-product","3":"status-publish","4":"has-post-thumbnail","6":"product_cat-hyonteishotellit","7":"product_cat-kilettimaiset-majat","8":"product_cat-lahjat-lapsille-6-12a","9":"product_cat-lahjat-luonnonystavalle","10":"product_cat-lisalahjat-lahjat","11":"product_cat-suuri-varaston-tyhjennysmyynti","12":"product_shipping_class-toimitus-1-3-tyopaivan-kuluessa","13":"pa_variatsioon-puinen-traktori","15":"first","16":"instock","17":"sale","18":"taxable","19":"shipping-taxable","20":"purchasable","21":"product-type-simple"},"acf":[],"yoast_head":"<!-- This site is optimized with the Yoast SEO Premium plugin v27.3 (Yoast SEO v27.3) - https:\/\/yoast.com\/product\/yoast-seo-premium-wordpress\/ -->\n<title>Hy\u00f6nteisten maja koko M -malli 75 - Rodoaed<\/title>\n<meta name=\"robots\" content=\"index, follow, max-snippet:-1, max-image-preview:large, max-video-preview:-1\" \/>\n<link rel=\"canonical\" href=\"https:\/\/rodoaed.ee\/fi\/toode\/hyonteisten-maja-koko-m-malli-75\/\" \/>\n<meta property=\"og:locale\" content=\"fi_FI\" \/>\n<meta property=\"og:type\" content=\"article\" \/>\n<meta property=\"og:title\" content=\"Hy\u00f6nteisten maja koko M -malli 75\" \/>\n<meta property=\"og:description\" content=\"Hy\u00f6nteishotelli koko M- malli 75 Putken ontelot on suunniteltu kilpikonnille ja mehil\u00e4isille ja keskiosa perhosille ja muille hy\u00f6nteisille. Hy\u00f6nteiset\" \/>\n<meta property=\"og:url\" content=\"https:\/\/rodoaed.ee\/fi\/toode\/hyonteisten-maja-koko-m-malli-75\/\" \/>\n<meta property=\"og:site_name\" content=\"Rodoaed\" \/>\n<meta property=\"article:publisher\" content=\"https:\/\/www.facebook.com\/kasvuhooned\/\" \/>\n<meta property=\"article:modified_time\" content=\"2026-04-13T07:52:45+00:00\" \/>\n<meta property=\"og:image\" content=\"https:\/\/rodoaed.ee\/wp-content\/uploads\/2021\/11\/putukahotell_WA75_09.png\" \/>\n\t<meta property=\"og:image:width\" content=\"1240\" \/>\n\t<meta property=\"og:image:height\" content=\"1240\" \/>\n\t<meta property=\"og:image:type\" content=\"image\/png\" \/>\n<meta name=\"twitter:card\" content=\"summary_large_image\" \/>\n<meta name=\"twitter:label1\" content=\"Arvioitu lukuaika\" \/>\n\t<meta name=\"twitter:data1\" content=\"1 minuutti\" \/>\n<script type=\"application\/ld+json\" class=\"yoast-schema-graph\">{\"@context\":\"https:\\\/\\\/schema.org\",\"@graph\":[{\"@type\":\"WebPage\",\"@id\":\"https:\\\/\\\/rodoaed.ee\\\/fi\\\/toode\\\/hyonteisten-maja-koko-m-malli-75\\\/\",\"url\":\"https:\\\/\\\/rodoaed.ee\\\/fi\\\/toode\\\/hyonteisten-maja-koko-m-malli-75\\\/\",\"name\":\"Hy\u00f6nteisten maja koko M -malli 75 - Rodoaed\",\"isPartOf\":{\"@id\":\"https:\\\/\\\/rodoaed.ee\\\/#website\"},\"primaryImageOfPage\":{\"@id\":\"https:\\\/\\\/rodoaed.ee\\\/fi\\\/toode\\\/hyonteisten-maja-koko-m-malli-75\\\/#primaryimage\"},\"image\":{\"@id\":\"https:\\\/\\\/rodoaed.ee\\\/fi\\\/toode\\\/hyonteisten-maja-koko-m-malli-75\\\/#primaryimage\"},\"thumbnailUrl\":\"https:\\\/\\\/rodoaed.ee\\\/wp-content\\\/uploads\\\/2021\\\/11\\\/putukahotell_WA75_09.png\",\"datePublished\":\"2021-11-10T18:03:13+00:00\",\"dateModified\":\"2026-04-13T07:52:45+00:00\",\"breadcrumb\":{\"@id\":\"https:\\\/\\\/rodoaed.ee\\\/fi\\\/toode\\\/hyonteisten-maja-koko-m-malli-75\\\/#breadcrumb\"},\"inLanguage\":\"fi\",\"potentialAction\":[{\"@type\":\"ReadAction\",\"target\":[\"https:\\\/\\\/rodoaed.ee\\\/fi\\\/toode\\\/hyonteisten-maja-koko-m-malli-75\\\/\"]}]},{\"@type\":\"ImageObject\",\"inLanguage\":\"fi\",\"@id\":\"https:\\\/\\\/rodoaed.ee\\\/fi\\\/toode\\\/hyonteisten-maja-koko-m-malli-75\\\/#primaryimage\",\"url\":\"https:\\\/\\\/rodoaed.ee\\\/wp-content\\\/uploads\\\/2021\\\/11\\\/putukahotell_WA75_09.png\",\"contentUrl\":\"https:\\\/\\\/rodoaed.ee\\\/wp-content\\\/uploads\\\/2021\\\/11\\\/putukahotell_WA75_09.png\",\"width\":1240,\"height\":1240,\"caption\":\"hy\u00f6nteishotelli\"},{\"@type\":\"BreadcrumbList\",\"@id\":\"https:\\\/\\\/rodoaed.ee\\\/fi\\\/toode\\\/hyonteisten-maja-koko-m-malli-75\\\/#breadcrumb\",\"itemListElement\":[{\"@type\":\"ListItem\",\"position\":1,\"name\":\"Home\",\"item\":\"https:\\\/\\\/rodoaed.ee\\\/fi\\\/\"},{\"@type\":\"ListItem\",\"position\":2,\"name\":\"Osta osoitteessa\",\"item\":\"https:\\\/\\\/rodoaed.ee\\\/osta-osoitteessa\\\/\"},{\"@type\":\"ListItem\",\"position\":3,\"name\":\"Hy\u00f6nteisten maja koko M -malli 75\"}]},{\"@type\":\"WebSite\",\"@id\":\"https:\\\/\\\/rodoaed.ee\\\/#website\",\"url\":\"https:\\\/\\\/rodoaed.ee\\\/\",\"name\":\"Rodoaed\",\"description\":\"\",\"publisher\":{\"@id\":\"https:\\\/\\\/rodoaed.ee\\\/#organization\"},\"potentialAction\":[{\"@type\":\"SearchAction\",\"target\":{\"@type\":\"EntryPoint\",\"urlTemplate\":\"https:\\\/\\\/rodoaed.ee\\\/?s={search_term_string}\"},\"query-input\":{\"@type\":\"PropertyValueSpecification\",\"valueRequired\":true,\"valueName\":\"search_term_string\"}}],\"inLanguage\":\"fi\"},{\"@type\":\"Organization\",\"@id\":\"https:\\\/\\\/rodoaed.ee\\\/#organization\",\"name\":\"Rodoaed\",\"url\":\"https:\\\/\\\/rodoaed.ee\\\/\",\"logo\":{\"@type\":\"ImageObject\",\"inLanguage\":\"fi\",\"@id\":\"https:\\\/\\\/rodoaed.ee\\\/#\\\/schema\\\/logo\\\/image\\\/\",\"url\":\"https:\\\/\\\/rodoaed.ee\\\/wp-content\\\/uploads\\\/2019\\\/11\\\/rodoaed-logo-ilma-taustata.jpg\",\"contentUrl\":\"https:\\\/\\\/rodoaed.ee\\\/wp-content\\\/uploads\\\/2019\\\/11\\\/rodoaed-logo-ilma-taustata.jpg\",\"width\":769,\"height\":268,\"caption\":\"Rodoaed\"},\"image\":{\"@id\":\"https:\\\/\\\/rodoaed.ee\\\/#\\\/schema\\\/logo\\\/image\\\/\"},\"sameAs\":[\"https:\\\/\\\/www.facebook.com\\\/kasvuhooned\\\/\",\"https:\\\/\\\/rodoaed.ee\"]}]}<\/script>\n<!-- \/ Yoast SEO Premium plugin. -->","yoast_head_json":{"title":"Hy\u00f6nteisten maja koko M -malli 75 - Rodoaed","robots":{"index":"index","follow":"follow","max-snippet":"max-snippet:-1","max-image-preview":"max-image-preview:large","max-video-preview":"max-video-preview:-1"},"canonical":"https:\/\/rodoaed.ee\/fi\/toode\/hyonteisten-maja-koko-m-malli-75\/","og_locale":"fi_FI","og_type":"article","og_title":"Hy\u00f6nteisten maja koko M -malli 75","og_description":"Hy\u00f6nteishotelli koko M- malli 75 Putken ontelot on suunniteltu kilpikonnille ja mehil\u00e4isille ja keskiosa perhosille ja muille hy\u00f6nteisille. Hy\u00f6nteiset","og_url":"https:\/\/rodoaed.ee\/fi\/toode\/hyonteisten-maja-koko-m-malli-75\/","og_site_name":"Rodoaed","article_publisher":"https:\/\/www.facebook.com\/kasvuhooned\/","article_modified_time":"2026-04-13T07:52:45+00:00","og_image":[{"width":1240,"height":1240,"url":"https:\/\/rodoaed.ee\/wp-content\/uploads\/2021\/11\/putukahotell_WA75_09.png","type":"image\/png"}],"twitter_card":"summary_large_image","twitter_misc":{"Arvioitu lukuaika":"1 minuutti"},"schema":{"@context":"https:\/\/schema.org","@graph":[{"@type":"WebPage","@id":"https:\/\/rodoaed.ee\/fi\/toode\/hyonteisten-maja-koko-m-malli-75\/","url":"https:\/\/rodoaed.ee\/fi\/toode\/hyonteisten-maja-koko-m-malli-75\/","name":"Hy\u00f6nteisten maja koko M -malli 75 - Rodoaed","isPartOf":{"@id":"https:\/\/rodoaed.ee\/#website"},"primaryImageOfPage":{"@id":"https:\/\/rodoaed.ee\/fi\/toode\/hyonteisten-maja-koko-m-malli-75\/#primaryimage"},"image":{"@id":"https:\/\/rodoaed.ee\/fi\/toode\/hyonteisten-maja-koko-m-malli-75\/#primaryimage"},"thumbnailUrl":"https:\/\/rodoaed.ee\/wp-content\/uploads\/2021\/11\/putukahotell_WA75_09.png","datePublished":"2021-11-10T18:03:13+00:00","dateModified":"2026-04-13T07:52:45+00:00","breadcrumb":{"@id":"https:\/\/rodoaed.ee\/fi\/toode\/hyonteisten-maja-koko-m-malli-75\/#breadcrumb"},"inLanguage":"fi","potentialAction":[{"@type":"ReadAction","target":["https:\/\/rodoaed.ee\/fi\/toode\/hyonteisten-maja-koko-m-malli-75\/"]}]},{"@type":"ImageObject","inLanguage":"fi","@id":"https:\/\/rodoaed.ee\/fi\/toode\/hyonteisten-maja-koko-m-malli-75\/#primaryimage","url":"https:\/\/rodoaed.ee\/wp-content\/uploads\/2021\/11\/putukahotell_WA75_09.png","contentUrl":"https:\/\/rodoaed.ee\/wp-content\/uploads\/2021\/11\/putukahotell_WA75_09.png","width":1240,"height":1240,"caption":"hy\u00f6nteishotelli"},{"@type":"BreadcrumbList","@id":"https:\/\/rodoaed.ee\/fi\/toode\/hyonteisten-maja-koko-m-malli-75\/#breadcrumb","itemListElement":[{"@type":"ListItem","position":1,"name":"Home","item":"https:\/\/rodoaed.ee\/fi\/"},{"@type":"ListItem","position":2,"name":"Osta osoitteessa","item":"https:\/\/rodoaed.ee\/osta-osoitteessa\/"},{"@type":"ListItem","position":3,"name":"Hy\u00f6nteisten maja koko M -malli 75"}]},{"@type":"WebSite","@id":"https:\/\/rodoaed.ee\/#website","url":"https:\/\/rodoaed.ee\/","name":"Rodoaed","description":"","publisher":{"@id":"https:\/\/rodoaed.ee\/#organization"},"potentialAction":[{"@type":"SearchAction","target":{"@type":"EntryPoint","urlTemplate":"https:\/\/rodoaed.ee\/?s={search_term_string}"},"query-input":{"@type":"PropertyValueSpecification","valueRequired":true,"valueName":"search_term_string"}}],"inLanguage":"fi"},{"@type":"Organization","@id":"https:\/\/rodoaed.ee\/#organization","name":"Rodoaed","url":"https:\/\/rodoaed.ee\/","logo":{"@type":"ImageObject","inLanguage":"fi","@id":"https:\/\/rodoaed.ee\/#\/schema\/logo\/image\/","url":"https:\/\/rodoaed.ee\/wp-content\/uploads\/2019\/11\/rodoaed-logo-ilma-taustata.jpg","contentUrl":"https:\/\/rodoaed.ee\/wp-content\/uploads\/2019\/11\/rodoaed-logo-ilma-taustata.jpg","width":769,"height":268,"caption":"Rodoaed"},"image":{"@id":"https:\/\/rodoaed.ee\/#\/schema\/logo\/image\/"},"sameAs":["https:\/\/www.facebook.com\/kasvuhooned\/","https:\/\/rodoaed.ee"]}]}},"_links":{"self":[{"href":"https:\/\/rodoaed.ee\/fi\/wp-json\/wp\/v2\/product\/52724","targetHints":{"allow":["GET"]}}],"collection":[{"href":"https:\/\/rodoaed.ee\/fi\/wp-json\/wp\/v2\/product"}],"about":[{"href":"https:\/\/rodoaed.ee\/fi\/wp-json\/wp\/v2\/types\/product"}],"wp:featuredmedia":[{"embeddable":true,"href":"https:\/\/rodoaed.ee\/fi\/wp-json\/wp\/v2\/media\/38639"}],"wp:attachment":[{"href":"https:\/\/rodoaed.ee\/fi\/wp-json\/wp\/v2\/media?parent=52724"}],"wp:term":[{"taxonomy":"product_brand","embeddable":true,"href":"https:\/\/rodoaed.ee\/fi\/wp-json\/wp\/v2\/product_brand?post=52724"},{"taxonomy":"product_cat","embeddable":true,"href":"https:\/\/rodoaed.ee\/fi\/wp-json\/wp\/v2\/product_cat?post=52724"},{"taxonomy":"product_tag","embeddable":true,"href":"https:\/\/rodoaed.ee\/fi\/wp-json\/wp\/v2\/product_tag?post=52724"}],"curies":[{"name":"wp","href":"https:\/\/api.w.org\/{rel}","templated":true}]}}