{"id":52726,"date":"2021-12-07T16:24:43","date_gmt":"2021-12-07T14:24:43","guid":{"rendered":"https:\/\/rodoaed.ee\/toode\/suuret-oksasakset-altuna-25-pro-60cm-erittain-kevyt-hiilikuitukangas\/"},"modified":"2026-04-13T10:52:51","modified_gmt":"2026-04-13T07:52:51","slug":"suuret-oksasakset-altuna-25-pro-60cm-erittain-kevyt-hiilikuitukangas","status":"publish","type":"product","link":"https:\/\/rodoaed.ee\/fi\/tuote\/suuret-oksasakset-altuna-25-pro-60cm-erittain-kevyt-hiilikuitukangas\/","title":{"rendered":"Suuret oksasakset Altuna 25 PRO 60cm &#8211; eritt\u00e4in kevyt hiilikuitukangas"},"content":{"rendered":"<h2>Eritt\u00e4in kevyet oksasakset hiilikuitukahvalla. Hiili on erityisen vahvaa ja l\u00e4mmint\u00e4. <\/h2>\n<p><em>Espanjalainen<strong> Altuna<\/strong> on maailmankuulu puutarhaty\u00f6kalujen valmistaja. Se on perheyritys, joka juhlii t\u00e4n\u00e4 vuonna 100-vuotisjuhlaansa.<\/em><em> Se tarjoaa laajan valikoiman oksasaksia ja puutarhaty\u00f6kaluja niin ammattilaisille kuin harrastajillekin. Tarjolla on monia innovatiivisia ratkaisuja.<\/em><\/p>\n<p><em>Jokainen puutarhuri tiet\u00e4\u00e4, miten <\/em><em> eron yksinkertaisen ty\u00f6kalun ja hyv\u00e4n ty\u00f6kalun v\u00e4lill\u00e4. Hyv\u00e4 ty\u00f6kalu ei v\u00e4syt\u00e4 yht\u00e4 paljon kuin yksinkertainen ty\u00f6kalu, edes pitk\u00e4n ty\u00f6p\u00e4iv\u00e4n aikana.<\/em><\/p>\n<p><em>Hemmottele itse\u00e4si parhaalla!<\/em><\/p>\n<h2>T\u00e4rkeimm\u00e4t ominaisuudet:<\/h2>\n<ul>\n<li>Ammattik\u00e4ytt\u00f6\u00f6n tarkoitetut suuret kaksik\u00e4tiset oksasakset hiilikahvalla<\/li>\n<li>Eritt\u00e4in kevyt malli<\/li>\n<li>Malli, jossa on vaihdettavat ter\u00e4t<\/li>\n<li>Ergonomisesti muotoiltu kahva takaa miellytt\u00e4v\u00e4n k\u00e4yt\u00f6n<\/li>\n<li>Iskunvaimennin terien v\u00e4liss\u00e4<\/li>\n<li>S\u00e4\u00e4dett\u00e4v\u00e4t ter\u00e4t<\/li>\n<\/ul>\n<h2>Tekniset tiedot:<\/h2>\n<ul>\n<li>Suurin sopiva oksan halkaisija: 35 mm<\/li>\n<li>Paino: 690 g<\/li>\n<li>Pituus: 500 mm<\/li>\n<\/ul>\n","protected":false},"excerpt":{"rendered":"<p>Eritt\u00e4in kevyet oksasakset hiilikuitukahvalla. Hiili on erityisen vahvaa ja l\u00e4mmint\u00e4. Espanjalainen Altuna on maailmankuulu puutarhaty\u00f6kalujen valmistaja. Se on perheyritys, joka juhlii t\u00e4n\u00e4 vuonna 100-vuotisjuhlaansa. Se tarjoaa laajan valikoiman oksasaksia ja puutarhaty\u00f6kaluja niin ammattilaisille kuin harrastajillekin. Tarjolla on monia innovatiivisia ratkaisuja. Jokainen puutarhuri tiet\u00e4\u00e4, miten eron yksinkertaisen ty\u00f6kalun ja hyv\u00e4n ty\u00f6kalun v\u00e4lill\u00e4. Hyv\u00e4 ty\u00f6kalu ei v\u00e4syt\u00e4 yht\u00e4 paljon kuin yksinkertainen ty\u00f6kalu, edes pitk\u00e4n ty\u00f6p\u00e4iv\u00e4n aikana. Hemmottele&#8230;<\/p>\n","protected":false},"featured_media":39102,"template":"","meta":{"_acf_changed":false},"product_brand":[],"product_cat":[1889,1890,1745],"product_tag":[],"class_list":{"0":"post-52726","1":"product","2":"type-product","3":"status-publish","4":"has-post-thumbnail","6":"product_cat-puutarhatyokalut","7":"product_cat-suuret-oksasakset","8":"product_cat-suuri-varaston-tyhjennysmyynti","9":"product_shipping_class-toimitus-1-3-tyopaivan-kuluessa","10":"pa_variatsioon-sakset-1110-suora-tera","12":"first","13":"instock","14":"sale","15":"taxable","16":"shipping-taxable","17":"purchasable","18":"product-type-simple"},"acf":[],"yoast_head":"<!-- This site is optimized with the Yoast SEO Premium plugin v27.3 (Yoast SEO v27.3) - https:\/\/yoast.com\/product\/yoast-seo-premium-wordpress\/ -->\n<title>Suuret oksasakset Altuna 25 PRO 60cm - eritt\u00e4in kevyt hiilikuitukangas -% Puutarhan oksasakset sauvalla<\/title>\n<meta name=\"description\" content=\"Altunan suorater\u00e4iset sakset. Sopii harrastepuutarhureille ja ammattilaisille. Sakset, joissa on vahva hiilikuitukahva.\" \/>\n<meta name=\"robots\" content=\"index, follow, max-snippet:-1, max-image-preview:large, max-video-preview:-1\" \/>\n<link rel=\"canonical\" href=\"https:\/\/rodoaed.ee\/fi\/toode\/suuret-oksasakset-altuna-25-pro-60cm-erittain-kevyt-hiilikuitukangas\/\" \/>\n<meta property=\"og:locale\" content=\"fi_FI\" \/>\n<meta property=\"og:type\" content=\"article\" \/>\n<meta property=\"og:title\" content=\"Suuret oksasakset Altuna 25 PRO 60cm - eritt\u00e4in kevyt hiilikuitukangas\" \/>\n<meta property=\"og:description\" content=\"Eritt\u00e4in kevyet oksasakset hiilikuitukahvalla. Hiili on erityisen vahvaa ja l\u00e4mmint\u00e4. Espanjalainen Altuna on maailmankuulu puutarhaty\u00f6kalujen valmistaja.\" \/>\n<meta property=\"og:url\" content=\"https:\/\/rodoaed.ee\/fi\/toode\/suuret-oksasakset-altuna-25-pro-60cm-erittain-kevyt-hiilikuitukangas\/\" \/>\n<meta property=\"og:site_name\" content=\"Rodoaed\" \/>\n<meta property=\"article:publisher\" content=\"https:\/\/www.facebook.com\/kasvuhooned\/\" \/>\n<meta property=\"article:modified_time\" content=\"2026-04-13T07:52:51+00:00\" \/>\n<meta property=\"og:image\" content=\"https:\/\/rodoaed.ee\/wp-content\/uploads\/2021\/12\/oksakaarid_altuna25-scaled.jpg\" \/>\n\t<meta property=\"og:image:width\" content=\"2560\" \/>\n\t<meta property=\"og:image:height\" content=\"1107\" \/>\n\t<meta property=\"og:image:type\" content=\"image\/jpeg\" \/>\n<meta name=\"twitter:card\" content=\"summary_large_image\" \/>\n<meta name=\"twitter:label1\" content=\"Arvioitu lukuaika\" \/>\n\t<meta name=\"twitter:data1\" content=\"1 minuutti\" \/>\n<script type=\"application\/ld+json\" class=\"yoast-schema-graph\">{\"@context\":\"https:\\\/\\\/schema.org\",\"@graph\":[{\"@type\":\"WebPage\",\"@id\":\"https:\\\/\\\/rodoaed.ee\\\/fi\\\/toode\\\/suuret-oksasakset-altuna-25-pro-60cm-erittain-kevyt-hiilikuitukangas\\\/\",\"url\":\"https:\\\/\\\/rodoaed.ee\\\/fi\\\/toode\\\/suuret-oksasakset-altuna-25-pro-60cm-erittain-kevyt-hiilikuitukangas\\\/\",\"name\":\"Suuret oksasakset Altuna 25 PRO 60cm - eritt\u00e4in kevyt hiilikuitukangas -% Puutarhan oksasakset sauvalla\",\"isPartOf\":{\"@id\":\"https:\\\/\\\/rodoaed.ee\\\/#website\"},\"primaryImageOfPage\":{\"@id\":\"https:\\\/\\\/rodoaed.ee\\\/fi\\\/toode\\\/suuret-oksasakset-altuna-25-pro-60cm-erittain-kevyt-hiilikuitukangas\\\/#primaryimage\"},\"image\":{\"@id\":\"https:\\\/\\\/rodoaed.ee\\\/fi\\\/toode\\\/suuret-oksasakset-altuna-25-pro-60cm-erittain-kevyt-hiilikuitukangas\\\/#primaryimage\"},\"thumbnailUrl\":\"https:\\\/\\\/rodoaed.ee\\\/wp-content\\\/uploads\\\/2021\\\/12\\\/oksakaarid_altuna25-scaled.jpg\",\"datePublished\":\"2021-12-07T14:24:43+00:00\",\"dateModified\":\"2026-04-13T07:52:51+00:00\",\"description\":\"Altunan suorater\u00e4iset sakset. Sopii harrastepuutarhureille ja ammattilaisille. Sakset, joissa on vahva hiilikuitukahva.\",\"breadcrumb\":{\"@id\":\"https:\\\/\\\/rodoaed.ee\\\/fi\\\/toode\\\/suuret-oksasakset-altuna-25-pro-60cm-erittain-kevyt-hiilikuitukangas\\\/#breadcrumb\"},\"inLanguage\":\"fi\",\"potentialAction\":[{\"@type\":\"ReadAction\",\"target\":[\"https:\\\/\\\/rodoaed.ee\\\/fi\\\/toode\\\/suuret-oksasakset-altuna-25-pro-60cm-erittain-kevyt-hiilikuitukangas\\\/\"]}]},{\"@type\":\"ImageObject\",\"inLanguage\":\"fi\",\"@id\":\"https:\\\/\\\/rodoaed.ee\\\/fi\\\/toode\\\/suuret-oksasakset-altuna-25-pro-60cm-erittain-kevyt-hiilikuitukangas\\\/#primaryimage\",\"url\":\"https:\\\/\\\/rodoaed.ee\\\/wp-content\\\/uploads\\\/2021\\\/12\\\/oksakaarid_altuna25-scaled.jpg\",\"contentUrl\":\"https:\\\/\\\/rodoaed.ee\\\/wp-content\\\/uploads\\\/2021\\\/12\\\/oksakaarid_altuna25-scaled.jpg\",\"width\":2560,\"height\":1107},{\"@type\":\"BreadcrumbList\",\"@id\":\"https:\\\/\\\/rodoaed.ee\\\/fi\\\/toode\\\/suuret-oksasakset-altuna-25-pro-60cm-erittain-kevyt-hiilikuitukangas\\\/#breadcrumb\",\"itemListElement\":[{\"@type\":\"ListItem\",\"position\":1,\"name\":\"Home\",\"item\":\"https:\\\/\\\/rodoaed.ee\\\/fi\\\/\"},{\"@type\":\"ListItem\",\"position\":2,\"name\":\"Osta osoitteessa\",\"item\":\"https:\\\/\\\/rodoaed.ee\\\/osta-osoitteessa\\\/\"},{\"@type\":\"ListItem\",\"position\":3,\"name\":\"Suuret oksasakset Altuna 25 PRO 60cm &#8211; eritt\u00e4in kevyt hiilikuitukangas\"}]},{\"@type\":\"WebSite\",\"@id\":\"https:\\\/\\\/rodoaed.ee\\\/#website\",\"url\":\"https:\\\/\\\/rodoaed.ee\\\/\",\"name\":\"Rodoaed\",\"description\":\"\",\"publisher\":{\"@id\":\"https:\\\/\\\/rodoaed.ee\\\/#organization\"},\"potentialAction\":[{\"@type\":\"SearchAction\",\"target\":{\"@type\":\"EntryPoint\",\"urlTemplate\":\"https:\\\/\\\/rodoaed.ee\\\/?s={search_term_string}\"},\"query-input\":{\"@type\":\"PropertyValueSpecification\",\"valueRequired\":true,\"valueName\":\"search_term_string\"}}],\"inLanguage\":\"fi\"},{\"@type\":\"Organization\",\"@id\":\"https:\\\/\\\/rodoaed.ee\\\/#organization\",\"name\":\"Rodoaed\",\"url\":\"https:\\\/\\\/rodoaed.ee\\\/\",\"logo\":{\"@type\":\"ImageObject\",\"inLanguage\":\"fi\",\"@id\":\"https:\\\/\\\/rodoaed.ee\\\/#\\\/schema\\\/logo\\\/image\\\/\",\"url\":\"https:\\\/\\\/rodoaed.ee\\\/wp-content\\\/uploads\\\/2019\\\/11\\\/rodoaed-logo-ilma-taustata.jpg\",\"contentUrl\":\"https:\\\/\\\/rodoaed.ee\\\/wp-content\\\/uploads\\\/2019\\\/11\\\/rodoaed-logo-ilma-taustata.jpg\",\"width\":769,\"height\":268,\"caption\":\"Rodoaed\"},\"image\":{\"@id\":\"https:\\\/\\\/rodoaed.ee\\\/#\\\/schema\\\/logo\\\/image\\\/\"},\"sameAs\":[\"https:\\\/\\\/www.facebook.com\\\/kasvuhooned\\\/\",\"https:\\\/\\\/rodoaed.ee\"]}]}<\/script>\n<!-- \/ Yoast SEO Premium plugin. -->","yoast_head_json":{"title":"Suuret oksasakset Altuna 25 PRO 60cm - eritt\u00e4in kevyt hiilikuitukangas -% Puutarhan oksasakset sauvalla","description":"Altunan suorater\u00e4iset sakset. Sopii harrastepuutarhureille ja ammattilaisille. Sakset, joissa on vahva hiilikuitukahva.","robots":{"index":"index","follow":"follow","max-snippet":"max-snippet:-1","max-image-preview":"max-image-preview:large","max-video-preview":"max-video-preview:-1"},"canonical":"https:\/\/rodoaed.ee\/fi\/toode\/suuret-oksasakset-altuna-25-pro-60cm-erittain-kevyt-hiilikuitukangas\/","og_locale":"fi_FI","og_type":"article","og_title":"Suuret oksasakset Altuna 25 PRO 60cm - eritt\u00e4in kevyt hiilikuitukangas","og_description":"Eritt\u00e4in kevyet oksasakset hiilikuitukahvalla. Hiili on erityisen vahvaa ja l\u00e4mmint\u00e4. Espanjalainen Altuna on maailmankuulu puutarhaty\u00f6kalujen valmistaja.","og_url":"https:\/\/rodoaed.ee\/fi\/toode\/suuret-oksasakset-altuna-25-pro-60cm-erittain-kevyt-hiilikuitukangas\/","og_site_name":"Rodoaed","article_publisher":"https:\/\/www.facebook.com\/kasvuhooned\/","article_modified_time":"2026-04-13T07:52:51+00:00","og_image":[{"width":2560,"height":1107,"url":"https:\/\/rodoaed.ee\/wp-content\/uploads\/2021\/12\/oksakaarid_altuna25-scaled.jpg","type":"image\/jpeg"}],"twitter_card":"summary_large_image","twitter_misc":{"Arvioitu lukuaika":"1 minuutti"},"schema":{"@context":"https:\/\/schema.org","@graph":[{"@type":"WebPage","@id":"https:\/\/rodoaed.ee\/fi\/toode\/suuret-oksasakset-altuna-25-pro-60cm-erittain-kevyt-hiilikuitukangas\/","url":"https:\/\/rodoaed.ee\/fi\/toode\/suuret-oksasakset-altuna-25-pro-60cm-erittain-kevyt-hiilikuitukangas\/","name":"Suuret oksasakset Altuna 25 PRO 60cm - eritt\u00e4in kevyt hiilikuitukangas -% Puutarhan oksasakset sauvalla","isPartOf":{"@id":"https:\/\/rodoaed.ee\/#website"},"primaryImageOfPage":{"@id":"https:\/\/rodoaed.ee\/fi\/toode\/suuret-oksasakset-altuna-25-pro-60cm-erittain-kevyt-hiilikuitukangas\/#primaryimage"},"image":{"@id":"https:\/\/rodoaed.ee\/fi\/toode\/suuret-oksasakset-altuna-25-pro-60cm-erittain-kevyt-hiilikuitukangas\/#primaryimage"},"thumbnailUrl":"https:\/\/rodoaed.ee\/wp-content\/uploads\/2021\/12\/oksakaarid_altuna25-scaled.jpg","datePublished":"2021-12-07T14:24:43+00:00","dateModified":"2026-04-13T07:52:51+00:00","description":"Altunan suorater\u00e4iset sakset. Sopii harrastepuutarhureille ja ammattilaisille. Sakset, joissa on vahva hiilikuitukahva.","breadcrumb":{"@id":"https:\/\/rodoaed.ee\/fi\/toode\/suuret-oksasakset-altuna-25-pro-60cm-erittain-kevyt-hiilikuitukangas\/#breadcrumb"},"inLanguage":"fi","potentialAction":[{"@type":"ReadAction","target":["https:\/\/rodoaed.ee\/fi\/toode\/suuret-oksasakset-altuna-25-pro-60cm-erittain-kevyt-hiilikuitukangas\/"]}]},{"@type":"ImageObject","inLanguage":"fi","@id":"https:\/\/rodoaed.ee\/fi\/toode\/suuret-oksasakset-altuna-25-pro-60cm-erittain-kevyt-hiilikuitukangas\/#primaryimage","url":"https:\/\/rodoaed.ee\/wp-content\/uploads\/2021\/12\/oksakaarid_altuna25-scaled.jpg","contentUrl":"https:\/\/rodoaed.ee\/wp-content\/uploads\/2021\/12\/oksakaarid_altuna25-scaled.jpg","width":2560,"height":1107},{"@type":"BreadcrumbList","@id":"https:\/\/rodoaed.ee\/fi\/toode\/suuret-oksasakset-altuna-25-pro-60cm-erittain-kevyt-hiilikuitukangas\/#breadcrumb","itemListElement":[{"@type":"ListItem","position":1,"name":"Home","item":"https:\/\/rodoaed.ee\/fi\/"},{"@type":"ListItem","position":2,"name":"Osta osoitteessa","item":"https:\/\/rodoaed.ee\/osta-osoitteessa\/"},{"@type":"ListItem","position":3,"name":"Suuret oksasakset Altuna 25 PRO 60cm &#8211; eritt\u00e4in kevyt hiilikuitukangas"}]},{"@type":"WebSite","@id":"https:\/\/rodoaed.ee\/#website","url":"https:\/\/rodoaed.ee\/","name":"Rodoaed","description":"","publisher":{"@id":"https:\/\/rodoaed.ee\/#organization"},"potentialAction":[{"@type":"SearchAction","target":{"@type":"EntryPoint","urlTemplate":"https:\/\/rodoaed.ee\/?s={search_term_string}"},"query-input":{"@type":"PropertyValueSpecification","valueRequired":true,"valueName":"search_term_string"}}],"inLanguage":"fi"},{"@type":"Organization","@id":"https:\/\/rodoaed.ee\/#organization","name":"Rodoaed","url":"https:\/\/rodoaed.ee\/","logo":{"@type":"ImageObject","inLanguage":"fi","@id":"https:\/\/rodoaed.ee\/#\/schema\/logo\/image\/","url":"https:\/\/rodoaed.ee\/wp-content\/uploads\/2019\/11\/rodoaed-logo-ilma-taustata.jpg","contentUrl":"https:\/\/rodoaed.ee\/wp-content\/uploads\/2019\/11\/rodoaed-logo-ilma-taustata.jpg","width":769,"height":268,"caption":"Rodoaed"},"image":{"@id":"https:\/\/rodoaed.ee\/#\/schema\/logo\/image\/"},"sameAs":["https:\/\/www.facebook.com\/kasvuhooned\/","https:\/\/rodoaed.ee"]}]}},"_links":{"self":[{"href":"https:\/\/rodoaed.ee\/fi\/wp-json\/wp\/v2\/product\/52726","targetHints":{"allow":["GET"]}}],"collection":[{"href":"https:\/\/rodoaed.ee\/fi\/wp-json\/wp\/v2\/product"}],"about":[{"href":"https:\/\/rodoaed.ee\/fi\/wp-json\/wp\/v2\/types\/product"}],"wp:featuredmedia":[{"embeddable":true,"href":"https:\/\/rodoaed.ee\/fi\/wp-json\/wp\/v2\/media\/39102"}],"wp:attachment":[{"href":"https:\/\/rodoaed.ee\/fi\/wp-json\/wp\/v2\/media?parent=52726"}],"wp:term":[{"taxonomy":"product_brand","embeddable":true,"href":"https:\/\/rodoaed.ee\/fi\/wp-json\/wp\/v2\/product_brand?post=52726"},{"taxonomy":"product_cat","embeddable":true,"href":"https:\/\/rodoaed.ee\/fi\/wp-json\/wp\/v2\/product_cat?post=52726"},{"taxonomy":"product_tag","embeddable":true,"href":"https:\/\/rodoaed.ee\/fi\/wp-json\/wp\/v2\/product_tag?post=52726"}],"curies":[{"name":"wp","href":"https:\/\/api.w.org\/{rel}","templated":true}]}}