{"id":52729,"date":"2021-12-07T16:35:07","date_gmt":"2021-12-07T14:35:07","guid":{"rendered":"https:\/\/rodoaed.ee\/toode\/suuret-oksasakset-altuna-390yt-teleskooppinen-oksasakset\/"},"modified":"2026-04-13T10:52:54","modified_gmt":"2026-04-13T07:52:54","slug":"suuret-oksasakset-altuna-390yt-teleskooppinen-oksasakset","status":"publish","type":"product","link":"https:\/\/rodoaed.ee\/fi\/tuote\/suuret-oksasakset-altuna-390yt-teleskooppinen-oksasakset\/","title":{"rendered":"Suuret oksasakset Altuna 390YT Teleskooppinen oksasakset"},"content":{"rendered":"<h2>Eritt\u00e4in kevyet teleskooppiset oksasakset, joissa on alumiinikahva<\/h2>\n<p>Teleskooppiset oksasakset voidaan tehd\u00e4 niin pitkiksi kuin tarvitset hetkess\u00e4. V\u00e4hint\u00e4\u00e4n 60 cm:st\u00e4 enint\u00e4\u00e4n 90 cm:iin. N\u00e4in voit valita sakset, joissa on oikea vahvuus ja teho. Lyhyemm\u00e4ll\u00e4 varrella on helpompi tavoittaa ja leikata pienempi\u00e4 oksia ja pidemm\u00e4ll\u00e4 varrella on helpompi leikata karkeampia oksia.   <\/p>\n<p><strong>Advanced Professional -sarja &#8211;<\/strong>puoliammattilaismallit vaativalle harrastepuutarhurille ja ammattilaiselle. Kest\u00e4v\u00e4t materiaalit, kuten karkaistu alumiinikahva ja ter\u00e4ster\u00e4t, tekev\u00e4t siit\u00e4 pitk\u00e4ik\u00e4isen ty\u00f6kalun. <\/p>\n<p><em>Espanjalainen<strong> Altuna<\/strong> on maailmankuulu puutarhaty\u00f6kalujen valmistaja. Se on perheyritys, joka juhlii t\u00e4n\u00e4 vuonna 100-vuotisjuhlaansa.<\/em><em> Se tarjoaa laajan valikoiman oksasaksia ja puutarhaty\u00f6kaluja niin ammattilaisille kuin harrastajillekin. Tarjolla on monia innovatiivisia ratkaisuja.<\/em><\/p>\n<p><em>Jokainen puutarhuri tiet\u00e4\u00e4, miten <\/em><em> eron yksinkertaisen ty\u00f6kalun ja hyv\u00e4n ty\u00f6kalun v\u00e4lill\u00e4. Hyv\u00e4 ty\u00f6kalu ei v\u00e4syt\u00e4 yht\u00e4 paljon kuin yksinkertainen ty\u00f6kalu, edes pitk\u00e4n ty\u00f6p\u00e4iv\u00e4n aikana.<\/em><\/p>\n<p><em>Hemmottele itse\u00e4si parhaalla!<\/em><\/p>\n<h2>T\u00e4rkeimm\u00e4t ominaisuudet:<\/h2>\n<ul>\n<li>Suuret oksasakset, joissa on teleskooppikahva kevytt\u00e4 ja vahvaa alumiinia<\/li>\n<li>Alustatyyppisell\u00e4 ter\u00e4ll\u00e4<\/li>\n<li>Eritt\u00e4in kevyt malli<\/li>\n<li>Malli, jossa on vaihdettavat ter\u00e4t<\/li>\n<li>Ergonomisesti muotoiltu kahva takaa miellytt\u00e4v\u00e4n k\u00e4yt\u00f6n<\/li>\n<\/ul>\n<h2>Tekniset tiedot:<\/h2>\n<ul>\n<li>Suurin sopiva haaran halkaisija: 35 mm<\/li>\n<li>Paino: 1275 g<\/li>\n<li>Pituus: 600 -900 mm<\/li>\n<\/ul>\n","protected":false},"excerpt":{"rendered":"<p>Eritt\u00e4in kevyet teleskooppiset oksasakset, joissa on alumiinikahva Teleskooppiset oksasakset voidaan tehd\u00e4 niin pitkiksi kuin tarvitset hetkess\u00e4. V\u00e4hint\u00e4\u00e4n 60 cm:st\u00e4 enint\u00e4\u00e4n 90 cm:iin. N\u00e4in voit valita sakset, joissa on oikea vahvuus ja teho. Lyhyemm\u00e4ll\u00e4 varrella on helpompi tavoittaa ja leikata pienempi\u00e4 oksia ja pidemm\u00e4ll\u00e4 varrella on helpompi leikata karkeampia oksia. Advanced Professional -sarja &#8211;puoliammattilaismallit vaativalle harrastepuutarhurille ja ammattilaiselle. Kest\u00e4v\u00e4t materiaalit, kuten karkaistu alumiinikahva ja ter\u00e4ster\u00e4t, tekev\u00e4t&#8230;<\/p>\n","protected":false},"featured_media":39108,"template":"","meta":{"_acf_changed":false},"product_brand":[],"product_cat":[1889,1890],"product_tag":[],"class_list":{"0":"post-52729","1":"product","2":"type-product","3":"status-publish","4":"has-post-thumbnail","6":"product_cat-puutarhatyokalut","7":"product_cat-suuret-oksasakset","8":"product_shipping_class-toimitus-1-3-tyopaivan-kuluessa","9":"pa_variatsioon-sakset-1110-suora-tera","11":"first","12":"outofstock","13":"sale","14":"taxable","15":"shipping-taxable","16":"purchasable","17":"product-type-simple"},"acf":[],"yoast_head":"<!-- This site is optimized with the Yoast SEO Premium plugin v27.3 (Yoast SEO v27.3) - https:\/\/yoast.com\/product\/yoast-seo-premium-wordpress\/ -->\n<title>Suuret oksasakset Altuna 390YT Teleskooppinen oksasakset -% Puutarhan oksasakset sauvalla<\/title>\n<meta name=\"description\" content=\"Altunan suorater\u00e4iset sakset. Sopii harrastepuutarhureille ja ammattilaisille. Sakset, joissa on vahva hiilikuitukahva.\" \/>\n<meta name=\"robots\" content=\"index, follow, max-snippet:-1, max-image-preview:large, max-video-preview:-1\" \/>\n<link rel=\"canonical\" href=\"https:\/\/rodoaed.ee\/fi\/toode\/suuret-oksasakset-altuna-390yt-teleskooppinen-oksasakset\/\" \/>\n<meta property=\"og:locale\" content=\"fi_FI\" \/>\n<meta property=\"og:type\" content=\"article\" \/>\n<meta property=\"og:title\" content=\"Suuret oksasakset Altuna 390YT Teleskooppinen oksasakset\" \/>\n<meta property=\"og:description\" content=\"Eritt\u00e4in kevyet teleskooppiset oksasakset, joissa on alumiinikahva Teleskooppiset oksasakset voidaan tehd\u00e4 niin pitkiksi kuin tarvitset hetkess\u00e4.\" \/>\n<meta property=\"og:url\" content=\"https:\/\/rodoaed.ee\/fi\/toode\/suuret-oksasakset-altuna-390yt-teleskooppinen-oksasakset\/\" \/>\n<meta property=\"og:site_name\" content=\"Rodoaed\" \/>\n<meta property=\"article:publisher\" content=\"https:\/\/www.facebook.com\/kasvuhooned\/\" \/>\n<meta property=\"article:modified_time\" content=\"2026-04-13T07:52:54+00:00\" \/>\n<meta property=\"og:image\" content=\"https:\/\/rodoaed.ee\/wp-content\/uploads\/2021\/12\/oksakaarid_0390YT-scaled.jpg\" \/>\n\t<meta property=\"og:image:width\" content=\"2560\" \/>\n\t<meta property=\"og:image:height\" content=\"2560\" \/>\n\t<meta property=\"og:image:type\" content=\"image\/jpeg\" \/>\n<meta name=\"twitter:card\" content=\"summary_large_image\" \/>\n<meta name=\"twitter:label1\" content=\"Arvioitu lukuaika\" \/>\n\t<meta name=\"twitter:data1\" content=\"1 minuutti\" \/>\n<script type=\"application\/ld+json\" class=\"yoast-schema-graph\">{\"@context\":\"https:\\\/\\\/schema.org\",\"@graph\":[{\"@type\":\"WebPage\",\"@id\":\"https:\\\/\\\/rodoaed.ee\\\/fi\\\/toode\\\/suuret-oksasakset-altuna-390yt-teleskooppinen-oksasakset\\\/\",\"url\":\"https:\\\/\\\/rodoaed.ee\\\/fi\\\/toode\\\/suuret-oksasakset-altuna-390yt-teleskooppinen-oksasakset\\\/\",\"name\":\"Suuret oksasakset Altuna 390YT Teleskooppinen oksasakset -% Puutarhan oksasakset sauvalla\",\"isPartOf\":{\"@id\":\"https:\\\/\\\/rodoaed.ee\\\/#website\"},\"primaryImageOfPage\":{\"@id\":\"https:\\\/\\\/rodoaed.ee\\\/fi\\\/toode\\\/suuret-oksasakset-altuna-390yt-teleskooppinen-oksasakset\\\/#primaryimage\"},\"image\":{\"@id\":\"https:\\\/\\\/rodoaed.ee\\\/fi\\\/toode\\\/suuret-oksasakset-altuna-390yt-teleskooppinen-oksasakset\\\/#primaryimage\"},\"thumbnailUrl\":\"https:\\\/\\\/rodoaed.ee\\\/wp-content\\\/uploads\\\/2021\\\/12\\\/oksakaarid_0390YT-scaled.jpg\",\"datePublished\":\"2021-12-07T14:35:07+00:00\",\"dateModified\":\"2026-04-13T07:52:54+00:00\",\"description\":\"Altunan suorater\u00e4iset sakset. Sopii harrastepuutarhureille ja ammattilaisille. Sakset, joissa on vahva hiilikuitukahva.\",\"breadcrumb\":{\"@id\":\"https:\\\/\\\/rodoaed.ee\\\/fi\\\/toode\\\/suuret-oksasakset-altuna-390yt-teleskooppinen-oksasakset\\\/#breadcrumb\"},\"inLanguage\":\"fi\",\"potentialAction\":[{\"@type\":\"ReadAction\",\"target\":[\"https:\\\/\\\/rodoaed.ee\\\/fi\\\/toode\\\/suuret-oksasakset-altuna-390yt-teleskooppinen-oksasakset\\\/\"]}]},{\"@type\":\"ImageObject\",\"inLanguage\":\"fi\",\"@id\":\"https:\\\/\\\/rodoaed.ee\\\/fi\\\/toode\\\/suuret-oksasakset-altuna-390yt-teleskooppinen-oksasakset\\\/#primaryimage\",\"url\":\"https:\\\/\\\/rodoaed.ee\\\/wp-content\\\/uploads\\\/2021\\\/12\\\/oksakaarid_0390YT-scaled.jpg\",\"contentUrl\":\"https:\\\/\\\/rodoaed.ee\\\/wp-content\\\/uploads\\\/2021\\\/12\\\/oksakaarid_0390YT-scaled.jpg\",\"width\":2560,\"height\":2560},{\"@type\":\"BreadcrumbList\",\"@id\":\"https:\\\/\\\/rodoaed.ee\\\/fi\\\/toode\\\/suuret-oksasakset-altuna-390yt-teleskooppinen-oksasakset\\\/#breadcrumb\",\"itemListElement\":[{\"@type\":\"ListItem\",\"position\":1,\"name\":\"Home\",\"item\":\"https:\\\/\\\/rodoaed.ee\\\/fi\\\/\"},{\"@type\":\"ListItem\",\"position\":2,\"name\":\"Osta osoitteessa\",\"item\":\"https:\\\/\\\/rodoaed.ee\\\/osta-osoitteessa\\\/\"},{\"@type\":\"ListItem\",\"position\":3,\"name\":\"Suuret oksasakset Altuna 390YT Teleskooppinen oksasakset\"}]},{\"@type\":\"WebSite\",\"@id\":\"https:\\\/\\\/rodoaed.ee\\\/#website\",\"url\":\"https:\\\/\\\/rodoaed.ee\\\/\",\"name\":\"Rodoaed\",\"description\":\"\",\"publisher\":{\"@id\":\"https:\\\/\\\/rodoaed.ee\\\/#organization\"},\"potentialAction\":[{\"@type\":\"SearchAction\",\"target\":{\"@type\":\"EntryPoint\",\"urlTemplate\":\"https:\\\/\\\/rodoaed.ee\\\/?s={search_term_string}\"},\"query-input\":{\"@type\":\"PropertyValueSpecification\",\"valueRequired\":true,\"valueName\":\"search_term_string\"}}],\"inLanguage\":\"fi\"},{\"@type\":\"Organization\",\"@id\":\"https:\\\/\\\/rodoaed.ee\\\/#organization\",\"name\":\"Rodoaed\",\"url\":\"https:\\\/\\\/rodoaed.ee\\\/\",\"logo\":{\"@type\":\"ImageObject\",\"inLanguage\":\"fi\",\"@id\":\"https:\\\/\\\/rodoaed.ee\\\/#\\\/schema\\\/logo\\\/image\\\/\",\"url\":\"https:\\\/\\\/rodoaed.ee\\\/wp-content\\\/uploads\\\/2019\\\/11\\\/rodoaed-logo-ilma-taustata.jpg\",\"contentUrl\":\"https:\\\/\\\/rodoaed.ee\\\/wp-content\\\/uploads\\\/2019\\\/11\\\/rodoaed-logo-ilma-taustata.jpg\",\"width\":769,\"height\":268,\"caption\":\"Rodoaed\"},\"image\":{\"@id\":\"https:\\\/\\\/rodoaed.ee\\\/#\\\/schema\\\/logo\\\/image\\\/\"},\"sameAs\":[\"https:\\\/\\\/www.facebook.com\\\/kasvuhooned\\\/\",\"https:\\\/\\\/rodoaed.ee\"]}]}<\/script>\n<!-- \/ Yoast SEO Premium plugin. -->","yoast_head_json":{"title":"Suuret oksasakset Altuna 390YT Teleskooppinen oksasakset -% Puutarhan oksasakset sauvalla","description":"Altunan suorater\u00e4iset sakset. Sopii harrastepuutarhureille ja ammattilaisille. Sakset, joissa on vahva hiilikuitukahva.","robots":{"index":"index","follow":"follow","max-snippet":"max-snippet:-1","max-image-preview":"max-image-preview:large","max-video-preview":"max-video-preview:-1"},"canonical":"https:\/\/rodoaed.ee\/fi\/toode\/suuret-oksasakset-altuna-390yt-teleskooppinen-oksasakset\/","og_locale":"fi_FI","og_type":"article","og_title":"Suuret oksasakset Altuna 390YT Teleskooppinen oksasakset","og_description":"Eritt\u00e4in kevyet teleskooppiset oksasakset, joissa on alumiinikahva Teleskooppiset oksasakset voidaan tehd\u00e4 niin pitkiksi kuin tarvitset hetkess\u00e4.","og_url":"https:\/\/rodoaed.ee\/fi\/toode\/suuret-oksasakset-altuna-390yt-teleskooppinen-oksasakset\/","og_site_name":"Rodoaed","article_publisher":"https:\/\/www.facebook.com\/kasvuhooned\/","article_modified_time":"2026-04-13T07:52:54+00:00","og_image":[{"width":2560,"height":2560,"url":"https:\/\/rodoaed.ee\/wp-content\/uploads\/2021\/12\/oksakaarid_0390YT-scaled.jpg","type":"image\/jpeg"}],"twitter_card":"summary_large_image","twitter_misc":{"Arvioitu lukuaika":"1 minuutti"},"schema":{"@context":"https:\/\/schema.org","@graph":[{"@type":"WebPage","@id":"https:\/\/rodoaed.ee\/fi\/toode\/suuret-oksasakset-altuna-390yt-teleskooppinen-oksasakset\/","url":"https:\/\/rodoaed.ee\/fi\/toode\/suuret-oksasakset-altuna-390yt-teleskooppinen-oksasakset\/","name":"Suuret oksasakset Altuna 390YT Teleskooppinen oksasakset -% Puutarhan oksasakset sauvalla","isPartOf":{"@id":"https:\/\/rodoaed.ee\/#website"},"primaryImageOfPage":{"@id":"https:\/\/rodoaed.ee\/fi\/toode\/suuret-oksasakset-altuna-390yt-teleskooppinen-oksasakset\/#primaryimage"},"image":{"@id":"https:\/\/rodoaed.ee\/fi\/toode\/suuret-oksasakset-altuna-390yt-teleskooppinen-oksasakset\/#primaryimage"},"thumbnailUrl":"https:\/\/rodoaed.ee\/wp-content\/uploads\/2021\/12\/oksakaarid_0390YT-scaled.jpg","datePublished":"2021-12-07T14:35:07+00:00","dateModified":"2026-04-13T07:52:54+00:00","description":"Altunan suorater\u00e4iset sakset. Sopii harrastepuutarhureille ja ammattilaisille. Sakset, joissa on vahva hiilikuitukahva.","breadcrumb":{"@id":"https:\/\/rodoaed.ee\/fi\/toode\/suuret-oksasakset-altuna-390yt-teleskooppinen-oksasakset\/#breadcrumb"},"inLanguage":"fi","potentialAction":[{"@type":"ReadAction","target":["https:\/\/rodoaed.ee\/fi\/toode\/suuret-oksasakset-altuna-390yt-teleskooppinen-oksasakset\/"]}]},{"@type":"ImageObject","inLanguage":"fi","@id":"https:\/\/rodoaed.ee\/fi\/toode\/suuret-oksasakset-altuna-390yt-teleskooppinen-oksasakset\/#primaryimage","url":"https:\/\/rodoaed.ee\/wp-content\/uploads\/2021\/12\/oksakaarid_0390YT-scaled.jpg","contentUrl":"https:\/\/rodoaed.ee\/wp-content\/uploads\/2021\/12\/oksakaarid_0390YT-scaled.jpg","width":2560,"height":2560},{"@type":"BreadcrumbList","@id":"https:\/\/rodoaed.ee\/fi\/toode\/suuret-oksasakset-altuna-390yt-teleskooppinen-oksasakset\/#breadcrumb","itemListElement":[{"@type":"ListItem","position":1,"name":"Home","item":"https:\/\/rodoaed.ee\/fi\/"},{"@type":"ListItem","position":2,"name":"Osta osoitteessa","item":"https:\/\/rodoaed.ee\/osta-osoitteessa\/"},{"@type":"ListItem","position":3,"name":"Suuret oksasakset Altuna 390YT Teleskooppinen oksasakset"}]},{"@type":"WebSite","@id":"https:\/\/rodoaed.ee\/#website","url":"https:\/\/rodoaed.ee\/","name":"Rodoaed","description":"","publisher":{"@id":"https:\/\/rodoaed.ee\/#organization"},"potentialAction":[{"@type":"SearchAction","target":{"@type":"EntryPoint","urlTemplate":"https:\/\/rodoaed.ee\/?s={search_term_string}"},"query-input":{"@type":"PropertyValueSpecification","valueRequired":true,"valueName":"search_term_string"}}],"inLanguage":"fi"},{"@type":"Organization","@id":"https:\/\/rodoaed.ee\/#organization","name":"Rodoaed","url":"https:\/\/rodoaed.ee\/","logo":{"@type":"ImageObject","inLanguage":"fi","@id":"https:\/\/rodoaed.ee\/#\/schema\/logo\/image\/","url":"https:\/\/rodoaed.ee\/wp-content\/uploads\/2019\/11\/rodoaed-logo-ilma-taustata.jpg","contentUrl":"https:\/\/rodoaed.ee\/wp-content\/uploads\/2019\/11\/rodoaed-logo-ilma-taustata.jpg","width":769,"height":268,"caption":"Rodoaed"},"image":{"@id":"https:\/\/rodoaed.ee\/#\/schema\/logo\/image\/"},"sameAs":["https:\/\/www.facebook.com\/kasvuhooned\/","https:\/\/rodoaed.ee"]}]}},"_links":{"self":[{"href":"https:\/\/rodoaed.ee\/fi\/wp-json\/wp\/v2\/product\/52729","targetHints":{"allow":["GET"]}}],"collection":[{"href":"https:\/\/rodoaed.ee\/fi\/wp-json\/wp\/v2\/product"}],"about":[{"href":"https:\/\/rodoaed.ee\/fi\/wp-json\/wp\/v2\/types\/product"}],"wp:featuredmedia":[{"embeddable":true,"href":"https:\/\/rodoaed.ee\/fi\/wp-json\/wp\/v2\/media\/39108"}],"wp:attachment":[{"href":"https:\/\/rodoaed.ee\/fi\/wp-json\/wp\/v2\/media?parent=52729"}],"wp:term":[{"taxonomy":"product_brand","embeddable":true,"href":"https:\/\/rodoaed.ee\/fi\/wp-json\/wp\/v2\/product_brand?post=52729"},{"taxonomy":"product_cat","embeddable":true,"href":"https:\/\/rodoaed.ee\/fi\/wp-json\/wp\/v2\/product_cat?post=52729"},{"taxonomy":"product_tag","embeddable":true,"href":"https:\/\/rodoaed.ee\/fi\/wp-json\/wp\/v2\/product_tag?post=52729"}],"curies":[{"name":"wp","href":"https:\/\/api.w.org\/{rel}","templated":true}]}}