{"id":52731,"date":"2021-12-05T18:07:35","date_gmt":"2021-12-05T16:07:35","guid":{"rendered":"https:\/\/rodoaed.ee\/toode\/pyoreat-sakset-altuna-7000-rotary-kuitukahva\/"},"modified":"2026-04-13T10:52:55","modified_gmt":"2026-04-13T07:52:55","slug":"pyoreat-sakset-altuna-7000-rotary-kuitukahva","status":"publish","type":"product","link":"https:\/\/rodoaed.ee\/fi\/tuote\/pyoreat-sakset-altuna-7000-rotary-kuitukahva\/","title":{"rendered":"Py\u00f6re\u00e4t sakset Altuna 7000 Rotary-kuitukahva"},"content":{"rendered":"<h2>Kevyet kuitusakselit, joissa on lasikuitukahva. Mukavan l\u00e4mpim\u00e4t ja eritt\u00e4in vahvat. <\/h2>\n<p><strong>Rotary Professional System &#8211;<\/strong> erityisen ter\u00e4n muodon ansiosta oksa py\u00f6rii leikkaushetkell\u00e4, jolloin energiaa kuluu 18 % v\u00e4hemm\u00e4n.<\/p>\n<p><em>Espanjalainen<strong> Altuna<\/strong> on maailmankuulu puutarhaty\u00f6kalujen valmistaja. Se on perheyritys, joka juhlii t\u00e4n\u00e4 vuonna 100-vuotisjuhlaansa.<\/em><em> Se tarjoaa laajan valikoiman oksasaksia ja puutarhaty\u00f6kaluja niin ammattilaisille kuin harrastajillekin. Tarjolla on monia innovatiivisia ratkaisuja.<\/em><\/p>\n<p><em>Jokainen puutarhuri tiet\u00e4\u00e4, miten <\/em><em> eron yksinkertaisen ty\u00f6kalun ja hyv\u00e4n ty\u00f6kalun v\u00e4lill\u00e4. Hyv\u00e4 ty\u00f6kalu ei v\u00e4syt\u00e4 yht\u00e4 paljon kuin yksinkertainen ty\u00f6kalu, edes pitk\u00e4n ty\u00f6p\u00e4iv\u00e4n aikana.<\/em><\/p>\n<p><em>Hemmottele itse\u00e4si parhaalla!<\/em><\/p>\n<h2>T\u00e4rkeimm\u00e4t ominaisuudet:<\/h2>\n<ul>\n<li>Ammattik\u00e4ytt\u00f6\u00f6n tarkoitetut kuitukahvaiset oksasakset<\/li>\n<li>Py\u00f6riv\u00e4 j\u00e4rjestelm\u00e4 &#8211; 18% helpompi leikata<\/li>\n<li>Kevyt malli<\/li>\n<li>Malli, jossa on vaihdettavat ter\u00e4t (sek\u00e4 yl\u00e4- ett\u00e4 alater\u00e4t voidaan vaihtaa).<\/li>\n<li>Ergonomisesti muotoiltu kahva takaa miellytt\u00e4v\u00e4n k\u00e4yt\u00f6n<\/li>\n<\/ul>\n<h2>Tekniset tiedot:<\/h2>\n<ul>\n<li>Suurin sopiva haaran halkaisija: 25 mm<\/li>\n<li>Paino: 235 g<\/li>\n<li>Pituus: 210 mm<\/li>\n<\/ul>\n","protected":false},"excerpt":{"rendered":"<p>Kevyet kuitusakselit, joissa on lasikuitukahva. Mukavan l\u00e4mpim\u00e4t ja eritt\u00e4in vahvat. Rotary Professional System &#8211; erityisen ter\u00e4n muodon ansiosta oksa py\u00f6rii leikkaushetkell\u00e4, jolloin energiaa kuluu 18 % v\u00e4hemm\u00e4n. Espanjalainen Altuna on maailmankuulu puutarhaty\u00f6kalujen valmistaja. Se on perheyritys, joka juhlii t\u00e4n\u00e4 vuonna 100-vuotisjuhlaansa. Se tarjoaa laajan valikoiman oksasaksia ja puutarhaty\u00f6kaluja niin ammattilaisille kuin harrastajillekin. Tarjolla on monia innovatiivisia ratkaisuja. Jokainen puutarhuri tiet\u00e4\u00e4, miten eron yksinkertaisen ty\u00f6kalun ja&#8230;<\/p>\n","protected":false},"featured_media":38966,"template":"","meta":{"_acf_changed":false},"product_brand":[],"product_cat":[1891,1889],"product_tag":[],"class_list":{"0":"post-52731","1":"product","2":"type-product","3":"status-publish","4":"has-post-thumbnail","6":"product_cat-oksasakset","7":"product_cat-puutarhatyokalut","8":"product_shipping_class-toimitus-1-3-tyopaivan-kuluessa","9":"pa_variatsioon-sakset-1110-suora-tera","11":"first","12":"instock","13":"sale","14":"taxable","15":"shipping-taxable","16":"purchasable","17":"product-type-simple"},"acf":[],"yoast_head":"<!-- This site is optimized with the Yoast SEO Premium plugin v27.3 (Yoast SEO v27.3) - https:\/\/yoast.com\/product\/yoast-seo-premium-wordpress\/ -->\n<title>Py\u00f6re\u00e4t sakset Altuna 7000 Rotary-kuitukahva -% Puutarhan oksasakset sauvalla<\/title>\n<meta name=\"description\" content=\"Altunan suorater\u00e4iset sakset. Sopii harrastepuutarhureille ja ammattilaisille. Sakset, joissa on vahva hiilikuitukahva.\" \/>\n<meta name=\"robots\" content=\"index, follow, max-snippet:-1, max-image-preview:large, max-video-preview:-1\" \/>\n<link rel=\"canonical\" href=\"https:\/\/rodoaed.ee\/fi\/toode\/pyoreat-sakset-altuna-7000-rotary-kuitukahva\/\" \/>\n<meta property=\"og:locale\" content=\"fi_FI\" \/>\n<meta property=\"og:type\" content=\"article\" \/>\n<meta property=\"og:title\" content=\"Py\u00f6re\u00e4t sakset Altuna 7000 Rotary-kuitukahva\" \/>\n<meta property=\"og:description\" content=\"Kevyet kuitusakselit, joissa on lasikuitukahva. Mukavan l\u00e4mpim\u00e4t ja eritt\u00e4in vahvat. Rotary Professional System - erityisen ter\u00e4n muodon ansiosta oksa\" \/>\n<meta property=\"og:url\" content=\"https:\/\/rodoaed.ee\/fi\/toode\/pyoreat-sakset-altuna-7000-rotary-kuitukahva\/\" \/>\n<meta property=\"og:site_name\" content=\"Rodoaed\" \/>\n<meta property=\"article:publisher\" content=\"https:\/\/www.facebook.com\/kasvuhooned\/\" \/>\n<meta property=\"article:modified_time\" content=\"2026-04-13T07:52:55+00:00\" \/>\n<meta property=\"og:image\" content=\"https:\/\/rodoaed.ee\/wp-content\/uploads\/2021\/12\/oksakaarid_7000_2.jpg\" \/>\n\t<meta property=\"og:image:width\" content=\"1118\" \/>\n\t<meta property=\"og:image:height\" content=\"1118\" \/>\n\t<meta property=\"og:image:type\" content=\"image\/jpeg\" \/>\n<meta name=\"twitter:card\" content=\"summary_large_image\" \/>\n<meta name=\"twitter:label1\" content=\"Arvioitu lukuaika\" \/>\n\t<meta name=\"twitter:data1\" content=\"1 minuutti\" \/>\n<script type=\"application\/ld+json\" class=\"yoast-schema-graph\">{\"@context\":\"https:\\\/\\\/schema.org\",\"@graph\":[{\"@type\":\"WebPage\",\"@id\":\"https:\\\/\\\/rodoaed.ee\\\/fi\\\/toode\\\/pyoreat-sakset-altuna-7000-rotary-kuitukahva\\\/\",\"url\":\"https:\\\/\\\/rodoaed.ee\\\/fi\\\/toode\\\/pyoreat-sakset-altuna-7000-rotary-kuitukahva\\\/\",\"name\":\"Py\u00f6re\u00e4t sakset Altuna 7000 Rotary-kuitukahva -% Puutarhan oksasakset sauvalla\",\"isPartOf\":{\"@id\":\"https:\\\/\\\/rodoaed.ee\\\/#website\"},\"primaryImageOfPage\":{\"@id\":\"https:\\\/\\\/rodoaed.ee\\\/fi\\\/toode\\\/pyoreat-sakset-altuna-7000-rotary-kuitukahva\\\/#primaryimage\"},\"image\":{\"@id\":\"https:\\\/\\\/rodoaed.ee\\\/fi\\\/toode\\\/pyoreat-sakset-altuna-7000-rotary-kuitukahva\\\/#primaryimage\"},\"thumbnailUrl\":\"https:\\\/\\\/rodoaed.ee\\\/wp-content\\\/uploads\\\/2021\\\/12\\\/oksakaarid_7000_2.jpg\",\"datePublished\":\"2021-12-05T16:07:35+00:00\",\"dateModified\":\"2026-04-13T07:52:55+00:00\",\"description\":\"Altunan suorater\u00e4iset sakset. Sopii harrastepuutarhureille ja ammattilaisille. Sakset, joissa on vahva hiilikuitukahva.\",\"breadcrumb\":{\"@id\":\"https:\\\/\\\/rodoaed.ee\\\/fi\\\/toode\\\/pyoreat-sakset-altuna-7000-rotary-kuitukahva\\\/#breadcrumb\"},\"inLanguage\":\"fi\",\"potentialAction\":[{\"@type\":\"ReadAction\",\"target\":[\"https:\\\/\\\/rodoaed.ee\\\/fi\\\/toode\\\/pyoreat-sakset-altuna-7000-rotary-kuitukahva\\\/\"]}]},{\"@type\":\"ImageObject\",\"inLanguage\":\"fi\",\"@id\":\"https:\\\/\\\/rodoaed.ee\\\/fi\\\/toode\\\/pyoreat-sakset-altuna-7000-rotary-kuitukahva\\\/#primaryimage\",\"url\":\"https:\\\/\\\/rodoaed.ee\\\/wp-content\\\/uploads\\\/2021\\\/12\\\/oksakaarid_7000_2.jpg\",\"contentUrl\":\"https:\\\/\\\/rodoaed.ee\\\/wp-content\\\/uploads\\\/2021\\\/12\\\/oksakaarid_7000_2.jpg\",\"width\":1118,\"height\":1118},{\"@type\":\"BreadcrumbList\",\"@id\":\"https:\\\/\\\/rodoaed.ee\\\/fi\\\/toode\\\/pyoreat-sakset-altuna-7000-rotary-kuitukahva\\\/#breadcrumb\",\"itemListElement\":[{\"@type\":\"ListItem\",\"position\":1,\"name\":\"Home\",\"item\":\"https:\\\/\\\/rodoaed.ee\\\/fi\\\/\"},{\"@type\":\"ListItem\",\"position\":2,\"name\":\"Osta osoitteessa\",\"item\":\"https:\\\/\\\/rodoaed.ee\\\/osta-osoitteessa\\\/\"},{\"@type\":\"ListItem\",\"position\":3,\"name\":\"Py\u00f6re\u00e4t sakset Altuna 7000 Rotary-kuitukahva\"}]},{\"@type\":\"WebSite\",\"@id\":\"https:\\\/\\\/rodoaed.ee\\\/#website\",\"url\":\"https:\\\/\\\/rodoaed.ee\\\/\",\"name\":\"Rodoaed\",\"description\":\"\",\"publisher\":{\"@id\":\"https:\\\/\\\/rodoaed.ee\\\/#organization\"},\"potentialAction\":[{\"@type\":\"SearchAction\",\"target\":{\"@type\":\"EntryPoint\",\"urlTemplate\":\"https:\\\/\\\/rodoaed.ee\\\/?s={search_term_string}\"},\"query-input\":{\"@type\":\"PropertyValueSpecification\",\"valueRequired\":true,\"valueName\":\"search_term_string\"}}],\"inLanguage\":\"fi\"},{\"@type\":\"Organization\",\"@id\":\"https:\\\/\\\/rodoaed.ee\\\/#organization\",\"name\":\"Rodoaed\",\"url\":\"https:\\\/\\\/rodoaed.ee\\\/\",\"logo\":{\"@type\":\"ImageObject\",\"inLanguage\":\"fi\",\"@id\":\"https:\\\/\\\/rodoaed.ee\\\/#\\\/schema\\\/logo\\\/image\\\/\",\"url\":\"https:\\\/\\\/rodoaed.ee\\\/wp-content\\\/uploads\\\/2019\\\/11\\\/rodoaed-logo-ilma-taustata.jpg\",\"contentUrl\":\"https:\\\/\\\/rodoaed.ee\\\/wp-content\\\/uploads\\\/2019\\\/11\\\/rodoaed-logo-ilma-taustata.jpg\",\"width\":769,\"height\":268,\"caption\":\"Rodoaed\"},\"image\":{\"@id\":\"https:\\\/\\\/rodoaed.ee\\\/#\\\/schema\\\/logo\\\/image\\\/\"},\"sameAs\":[\"https:\\\/\\\/www.facebook.com\\\/kasvuhooned\\\/\",\"https:\\\/\\\/rodoaed.ee\"]}]}<\/script>\n<!-- \/ Yoast SEO Premium plugin. -->","yoast_head_json":{"title":"Py\u00f6re\u00e4t sakset Altuna 7000 Rotary-kuitukahva -% Puutarhan oksasakset sauvalla","description":"Altunan suorater\u00e4iset sakset. Sopii harrastepuutarhureille ja ammattilaisille. Sakset, joissa on vahva hiilikuitukahva.","robots":{"index":"index","follow":"follow","max-snippet":"max-snippet:-1","max-image-preview":"max-image-preview:large","max-video-preview":"max-video-preview:-1"},"canonical":"https:\/\/rodoaed.ee\/fi\/toode\/pyoreat-sakset-altuna-7000-rotary-kuitukahva\/","og_locale":"fi_FI","og_type":"article","og_title":"Py\u00f6re\u00e4t sakset Altuna 7000 Rotary-kuitukahva","og_description":"Kevyet kuitusakselit, joissa on lasikuitukahva. Mukavan l\u00e4mpim\u00e4t ja eritt\u00e4in vahvat. Rotary Professional System - erityisen ter\u00e4n muodon ansiosta oksa","og_url":"https:\/\/rodoaed.ee\/fi\/toode\/pyoreat-sakset-altuna-7000-rotary-kuitukahva\/","og_site_name":"Rodoaed","article_publisher":"https:\/\/www.facebook.com\/kasvuhooned\/","article_modified_time":"2026-04-13T07:52:55+00:00","og_image":[{"width":1118,"height":1118,"url":"https:\/\/rodoaed.ee\/wp-content\/uploads\/2021\/12\/oksakaarid_7000_2.jpg","type":"image\/jpeg"}],"twitter_card":"summary_large_image","twitter_misc":{"Arvioitu lukuaika":"1 minuutti"},"schema":{"@context":"https:\/\/schema.org","@graph":[{"@type":"WebPage","@id":"https:\/\/rodoaed.ee\/fi\/toode\/pyoreat-sakset-altuna-7000-rotary-kuitukahva\/","url":"https:\/\/rodoaed.ee\/fi\/toode\/pyoreat-sakset-altuna-7000-rotary-kuitukahva\/","name":"Py\u00f6re\u00e4t sakset Altuna 7000 Rotary-kuitukahva -% Puutarhan oksasakset sauvalla","isPartOf":{"@id":"https:\/\/rodoaed.ee\/#website"},"primaryImageOfPage":{"@id":"https:\/\/rodoaed.ee\/fi\/toode\/pyoreat-sakset-altuna-7000-rotary-kuitukahva\/#primaryimage"},"image":{"@id":"https:\/\/rodoaed.ee\/fi\/toode\/pyoreat-sakset-altuna-7000-rotary-kuitukahva\/#primaryimage"},"thumbnailUrl":"https:\/\/rodoaed.ee\/wp-content\/uploads\/2021\/12\/oksakaarid_7000_2.jpg","datePublished":"2021-12-05T16:07:35+00:00","dateModified":"2026-04-13T07:52:55+00:00","description":"Altunan suorater\u00e4iset sakset. Sopii harrastepuutarhureille ja ammattilaisille. Sakset, joissa on vahva hiilikuitukahva.","breadcrumb":{"@id":"https:\/\/rodoaed.ee\/fi\/toode\/pyoreat-sakset-altuna-7000-rotary-kuitukahva\/#breadcrumb"},"inLanguage":"fi","potentialAction":[{"@type":"ReadAction","target":["https:\/\/rodoaed.ee\/fi\/toode\/pyoreat-sakset-altuna-7000-rotary-kuitukahva\/"]}]},{"@type":"ImageObject","inLanguage":"fi","@id":"https:\/\/rodoaed.ee\/fi\/toode\/pyoreat-sakset-altuna-7000-rotary-kuitukahva\/#primaryimage","url":"https:\/\/rodoaed.ee\/wp-content\/uploads\/2021\/12\/oksakaarid_7000_2.jpg","contentUrl":"https:\/\/rodoaed.ee\/wp-content\/uploads\/2021\/12\/oksakaarid_7000_2.jpg","width":1118,"height":1118},{"@type":"BreadcrumbList","@id":"https:\/\/rodoaed.ee\/fi\/toode\/pyoreat-sakset-altuna-7000-rotary-kuitukahva\/#breadcrumb","itemListElement":[{"@type":"ListItem","position":1,"name":"Home","item":"https:\/\/rodoaed.ee\/fi\/"},{"@type":"ListItem","position":2,"name":"Osta osoitteessa","item":"https:\/\/rodoaed.ee\/osta-osoitteessa\/"},{"@type":"ListItem","position":3,"name":"Py\u00f6re\u00e4t sakset Altuna 7000 Rotary-kuitukahva"}]},{"@type":"WebSite","@id":"https:\/\/rodoaed.ee\/#website","url":"https:\/\/rodoaed.ee\/","name":"Rodoaed","description":"","publisher":{"@id":"https:\/\/rodoaed.ee\/#organization"},"potentialAction":[{"@type":"SearchAction","target":{"@type":"EntryPoint","urlTemplate":"https:\/\/rodoaed.ee\/?s={search_term_string}"},"query-input":{"@type":"PropertyValueSpecification","valueRequired":true,"valueName":"search_term_string"}}],"inLanguage":"fi"},{"@type":"Organization","@id":"https:\/\/rodoaed.ee\/#organization","name":"Rodoaed","url":"https:\/\/rodoaed.ee\/","logo":{"@type":"ImageObject","inLanguage":"fi","@id":"https:\/\/rodoaed.ee\/#\/schema\/logo\/image\/","url":"https:\/\/rodoaed.ee\/wp-content\/uploads\/2019\/11\/rodoaed-logo-ilma-taustata.jpg","contentUrl":"https:\/\/rodoaed.ee\/wp-content\/uploads\/2019\/11\/rodoaed-logo-ilma-taustata.jpg","width":769,"height":268,"caption":"Rodoaed"},"image":{"@id":"https:\/\/rodoaed.ee\/#\/schema\/logo\/image\/"},"sameAs":["https:\/\/www.facebook.com\/kasvuhooned\/","https:\/\/rodoaed.ee"]}]}},"_links":{"self":[{"href":"https:\/\/rodoaed.ee\/fi\/wp-json\/wp\/v2\/product\/52731","targetHints":{"allow":["GET"]}}],"collection":[{"href":"https:\/\/rodoaed.ee\/fi\/wp-json\/wp\/v2\/product"}],"about":[{"href":"https:\/\/rodoaed.ee\/fi\/wp-json\/wp\/v2\/types\/product"}],"wp:featuredmedia":[{"embeddable":true,"href":"https:\/\/rodoaed.ee\/fi\/wp-json\/wp\/v2\/media\/38966"}],"wp:attachment":[{"href":"https:\/\/rodoaed.ee\/fi\/wp-json\/wp\/v2\/media?parent=52731"}],"wp:term":[{"taxonomy":"product_brand","embeddable":true,"href":"https:\/\/rodoaed.ee\/fi\/wp-json\/wp\/v2\/product_brand?post=52731"},{"taxonomy":"product_cat","embeddable":true,"href":"https:\/\/rodoaed.ee\/fi\/wp-json\/wp\/v2\/product_cat?post=52731"},{"taxonomy":"product_tag","embeddable":true,"href":"https:\/\/rodoaed.ee\/fi\/wp-json\/wp\/v2\/product_tag?post=52731"}],"curies":[{"name":"wp","href":"https:\/\/api.w.org\/{rel}","templated":true}]}}