{"id":52737,"date":"2021-12-11T11:45:58","date_gmt":"2021-12-11T09:45:58","guid":{"rendered":"https:\/\/rodoaed.ee\/toode\/leivanuga-195mm-pysyy-teravana-erityisen-pitkaan\/"},"modified":"2026-04-13T10:53:02","modified_gmt":"2026-04-13T07:53:02","slug":"leivanuga-195mm-pysyy-teravana-erityisen-pitkaan","status":"publish","type":"product","link":"https:\/\/rodoaed.ee\/fi\/tuote\/leivanuga-195mm-pysyy-teravana-erityisen-pitkaan\/","title":{"rendered":"Leivanuga- 195mm- pysyy ter\u00e4v\u00e4n\u00e4 erityisen pitk\u00e4\u00e4n."},"content":{"rendered":"<h2>Lehti, jossa on sahalaitainen reuna, py\u00f6kkipuinen kahva.<\/h2>\n<h3>Leiv\u00e4n leikkaamiseen leikkuulaudalla<\/h3>\n<p>Siin\u00e4 on sahalaitainen reuna ja se on kaksik\u00e4tinen, eli se sopii sek\u00e4 vasen- ett\u00e4 oikeak\u00e4tisille k\u00e4ytt\u00e4jille. Koko ter\u00e4 ja kahva on hiottu ja kiillotettu k\u00e4sin. Ter\u00e4osan hampaat on hiottu k\u00e4sin siten, ett\u00e4 ne ovat t\u00e4ysin symmetriset eli t\u00e4sm\u00e4lleen samanlaiset sek\u00e4 oikea- ett\u00e4 vasenk\u00e4tisille k\u00e4ytt\u00e4jille. Ter\u00e4ss\u00e4 on 6 mm:n syvyiset hampaat, mink\u00e4 ansiosta sill\u00e4 on poikkeuksellisen helppo leikata kaikenlaista leip\u00e4\u00e4, my\u00f6s hyvin pehme\u00e4\u00e4 leip\u00e4\u00e4 ja leivonnaisia.   <\/p>\n<p>Hampaiden erityisen hiontatavan ansiosta ter\u00e4 pysyy ter\u00e4v\u00e4n\u00e4 hyvin pitk\u00e4\u00e4n. Sit\u00e4 ei todenn\u00e4k\u00f6isesti tarvitse koskaan teroittaa. Ter\u00e4n ter\u00e4vyytt\u00e4 testattiin suurten saksalaisten hotellien, kuten Sheratonin, Block Housen ja Intercontin ravintoloissa.    <strong>Testi osoitti, ett\u00e4 t\u00e4m\u00e4 veitsi s\u00e4ilytt\u00e4\u00e4 ter\u00e4vyytens\u00e4 v\u00e4hint\u00e4\u00e4n 4 kertaa kauemmin kuin muiden valmistajien veitset.<\/strong><\/p>\n<p>Ter\u00e4n tyylik\u00e4s muoto on per\u00e4isin 1920-luvulta. Keveytens\u00e4 ja hyv\u00e4n k\u00e4den tasapainonsa ansiosta sit\u00e4 on eritt\u00e4in mukava k\u00e4ytt\u00e4\u00e4. Leikkaaminen on helppoa ja esteettisesti miellytt\u00e4v\u00e4\u00e4, sill\u00e4 leikkaus on puhdas ilman repe\u00e4mi\u00e4.  <\/p>\n<p>&nbsp;<\/p>\n<div data-testid=\"product-description-first-paragraph\">\n<div class=\"MuiMarkdownBlock-root\">\n<p><strong>Robert Herderin suora klassinen leip\u00e4veitsi<\/strong> seuraa Robert Herderin kuuluisien myllyveitsien jalanj\u00e4lki\u00e4. Serrat liikkuvat sulavasti kaikenlaisen leiv\u00e4n l\u00e4pi, olipa kyseess\u00e4 sitten pehme\u00e4kuorinen leip\u00e4 tai kovakuorinen patonki. T\u00e4m\u00e4 veitsi ei kuitenkaan rajoitu vain leip\u00e4\u00e4n. Hammastetulla ter\u00e4ll\u00e4 voi leikata my\u00f6s piirakoita ja kakkuja sek\u00e4 kovia hedelmi\u00e4 ja vihanneksia.   <\/p>\n<\/div>\n<\/div>\n<div class=\"MuiToggledCollapse-root\">\n<div class=\"MuiCollapse-container MuiCollapse-entered\">\n<div class=\"MuiCollapse-wrapper\">\n<div class=\"MuiCollapse-wrapperInner\">\n<div class=\"MuiBox-root jss135\" data-testid=\"product-description-remaining-paragraphs\">\n<div class=\"MuiMarkdownBlock-root\">\n<p>Puhtaasta ruostumattomasta ter\u00e4ksest\u00e4 valmistettu ter\u00e4 teroitetaan k\u00e4sin perinteisen saksalaisen &#8221;Solinger D\u00fcnnschliff&#8221; -periaatteen mukaisesti. Tuloksena on partaveitsen ter\u00e4v\u00e4 veitsi. Kahva on valmistettu punaisesta py\u00f6kkipuusta, joka on kiinnitetty saumattomasti ter\u00e4\u00e4n kolmella niitill\u00e4.  <\/p>\n<\/div>\n<\/div>\n<\/div>\n<\/div>\n<\/div>\n<\/div>\n<h2>Parhaat sovellukset:<\/h2>\n<div>\n<ul>\n<li>K\u00e4ytt\u00f6 leikkuulaudalla<\/li>\n<li>Leip\u00e4 ja muut leipomotuotteet<\/li>\n<\/ul>\n<\/div>\n<h2>T\u00e4rkeimm\u00e4t ominaisuudet:<\/h2>\n<ul>\n<li>Laiha ter\u00e4ter\u00e4: ruostumaton ter\u00e4s-kromi-vanadium-molybdeeniseoskuituja <strong>+ 0,7 % hiilt\u00e4.<\/strong><\/li>\n<li>Kovuus 60 HRC (normaalit veitset ovat noin HRC 55-57).<\/li>\n<li>Laadut: <strong>sinilasitettu<\/strong> (Robert Herder valmistaa kahta laatua &#8211; hienolasitettu yksinkertaisempiin veitsiin ja sinilasitettu kalliimpiin veitsiin).<\/li>\n<li>Kahva: py\u00f6kki<\/li>\n<\/ul>\n<h2>Tekniset tiedot:<\/h2>\n<ul>\n<li>Ter\u00e4n pituus 195 mm<\/li>\n<li>Ter\u00e4n korkeus 23 mm<\/li>\n<li>Paksuus 1,9 mm<\/li>\n<li>Noahin kokonaispituus kahvan kanssa 315 mm<\/li>\n<li>Paino: 79 grammaa<\/li>\n<\/ul>\n<p><a href=\"https:\/\/rodoaed.ee\/fi\/\">kotisivu<\/a> <a href=\"https:\/\/rodoaed.ee\/fi\/tootekategooria\/keittiolaitteet\/\">k\u00e4ynnist\u00e4<\/a> <a href=\"https:\/\/rodoaed.ee\/fi\/tootekategooria\/keittiolaitteet\/keittion-pesuallas\/\">Keitti\u00f6n portaat<\/a> <a href=\"https:\/\/rodoaed.ee\/fi\/toode\/poyta-jossa-on-vanhan-saksalaisen-luumupuun-kahva\/\">p\u00f6yd\u00e4ll\u00e4<\/a> <a href=\"https:\/\/rodoaed.ee\/fi\/toode\/kokanuga-k5-luumupuukahva-182mm\/\">ruoanlaitto veitsi<\/a> <a href=\"https:\/\/rodoaed.ee\/fi\/toode\/leivanuga-k-b2-luumupuukahva-230mm\/\">leip\u00e4 veitsi<\/a><\/p>\n<p>&nbsp;<\/p>\n","protected":false},"excerpt":{"rendered":"<p>Lehti, jossa on sahalaitainen reuna, py\u00f6kkipuinen kahva. Leiv\u00e4n leikkaamiseen leikkuulaudalla Siin\u00e4 on sahalaitainen reuna ja se on kaksik\u00e4tinen, eli se sopii sek\u00e4 vasen- ett\u00e4 oikeak\u00e4tisille k\u00e4ytt\u00e4jille. Koko ter\u00e4 ja kahva on hiottu ja kiillotettu k\u00e4sin. Ter\u00e4osan hampaat on hiottu k\u00e4sin siten, ett\u00e4 ne ovat t\u00e4ysin symmetriset eli t\u00e4sm\u00e4lleen samanlaiset sek\u00e4 oikea- ett\u00e4 vasenk\u00e4tisille k\u00e4ytt\u00e4jille. Ter\u00e4ss\u00e4 on 6 mm:n syvyiset hampaat, mink\u00e4 ansiosta sill\u00e4 on poikkeuksellisen&#8230;<\/p>\n","protected":false},"featured_media":39248,"template":"","meta":{"_acf_changed":false},"product_brand":[],"product_cat":[1751,1830,1838,1743,1745],"product_tag":[],"class_list":{"0":"post-52737","1":"product","2":"type-product","3":"status-publish","4":"has-post-thumbnail","6":"product_cat-keittiolaitteet","7":"product_cat-keittion-pesuallas","8":"product_cat-leivanoad","9":"product_cat-lisalahjat-lahjat","10":"product_cat-suuri-varaston-tyhjennysmyynti","11":"product_shipping_class-toimitus-1-3-tyopaivan-kuluessa","12":"pa_variatsioon-keittioveitsi-k0-hiiliteras-kiillotettu-varsi-luumupuuta","14":"first","15":"instock","16":"sale","17":"taxable","18":"shipping-taxable","19":"purchasable","20":"product-type-simple"},"acf":[],"yoast_head":"<!-- This site is optimized with the Yoast SEO Premium plugin v27.3 (Yoast SEO v27.3) - https:\/\/yoast.com\/product\/yoast-seo-premium-wordpress\/ -->\n<title>Leivanuga- 195mm- pysyy ter\u00e4v\u00e4n\u00e4 erityisen pitk\u00e4\u00e4n.% % -% Rodoaed% keitti\u00f6n lavuaarit<\/title>\n<meta name=\"description\" content=\"Leip\u00e4veitsi on ammattik\u00e4ytt\u00f6\u00f6n tarkoitettu leip\u00e4veitsi, jossa on hammastettu ter\u00e4. Ter\u00e4ss\u00e4 on erityisesti hiotut hampaat, jotka pysyv\u00e4t ter\u00e4vin\u00e4 poikkeuksellisen pitk\u00e4\u00e4n.\" \/>\n<meta name=\"robots\" content=\"index, follow, max-snippet:-1, max-image-preview:large, max-video-preview:-1\" \/>\n<link rel=\"canonical\" href=\"https:\/\/rodoaed.ee\/fi\/toode\/leivanuga-195mm-pysyy-teravana-erityisen-pitkaan\/\" \/>\n<meta property=\"og:locale\" content=\"fi_FI\" \/>\n<meta property=\"og:type\" content=\"article\" \/>\n<meta property=\"og:title\" content=\"Leivanuga- 195mm- pysyy ter\u00e4v\u00e4n\u00e4 erityisen pitk\u00e4\u00e4n.\" \/>\n<meta property=\"og:description\" content=\"Lehti, jossa on sahalaitainen reuna, py\u00f6kkipuinen kahva. Leiv\u00e4n leikkaamiseen leikkuulaudalla Siin\u00e4 on sahalaitainen reuna ja se on kaksik\u00e4tinen, eli se\" \/>\n<meta property=\"og:url\" content=\"https:\/\/rodoaed.ee\/fi\/toode\/leivanuga-195mm-pysyy-teravana-erityisen-pitkaan\/\" \/>\n<meta property=\"og:site_name\" content=\"Rodoaed\" \/>\n<meta property=\"article:publisher\" content=\"https:\/\/www.facebook.com\/kasvuhooned\/\" \/>\n<meta property=\"article:modified_time\" content=\"2026-04-13T07:53:02+00:00\" \/>\n<meta property=\"og:image\" content=\"https:\/\/rodoaed.ee\/wp-content\/uploads\/2021\/12\/leivanuga_271175001_Brotsagemesser_kurz_Rotbuche-scaled.jpg\" \/>\n\t<meta property=\"og:image:width\" content=\"2560\" \/>\n\t<meta property=\"og:image:height\" content=\"283\" \/>\n\t<meta property=\"og:image:type\" content=\"image\/jpeg\" \/>\n<meta name=\"twitter:card\" content=\"summary_large_image\" \/>\n<meta name=\"twitter:label1\" content=\"Arvioitu lukuaika\" \/>\n\t<meta name=\"twitter:data1\" content=\"2 minuuttia\" \/>\n<script type=\"application\/ld+json\" class=\"yoast-schema-graph\">{\"@context\":\"https:\\\/\\\/schema.org\",\"@graph\":[{\"@type\":\"WebPage\",\"@id\":\"https:\\\/\\\/rodoaed.ee\\\/fi\\\/toode\\\/leivanuga-195mm-pysyy-teravana-erityisen-pitkaan\\\/\",\"url\":\"https:\\\/\\\/rodoaed.ee\\\/fi\\\/toode\\\/leivanuga-195mm-pysyy-teravana-erityisen-pitkaan\\\/\",\"name\":\"Leivanuga- 195mm- pysyy ter\u00e4v\u00e4n\u00e4 erityisen pitk\u00e4\u00e4n.% % -% Rodoaed% keitti\u00f6n lavuaarit\",\"isPartOf\":{\"@id\":\"https:\\\/\\\/rodoaed.ee\\\/#website\"},\"primaryImageOfPage\":{\"@id\":\"https:\\\/\\\/rodoaed.ee\\\/fi\\\/toode\\\/leivanuga-195mm-pysyy-teravana-erityisen-pitkaan\\\/#primaryimage\"},\"image\":{\"@id\":\"https:\\\/\\\/rodoaed.ee\\\/fi\\\/toode\\\/leivanuga-195mm-pysyy-teravana-erityisen-pitkaan\\\/#primaryimage\"},\"thumbnailUrl\":\"https:\\\/\\\/rodoaed.ee\\\/wp-content\\\/uploads\\\/2021\\\/12\\\/leivanuga_271175001_Brotsagemesser_kurz_Rotbuche-scaled.jpg\",\"datePublished\":\"2021-12-11T09:45:58+00:00\",\"dateModified\":\"2026-04-13T07:53:02+00:00\",\"description\":\"Leip\u00e4veitsi on ammattik\u00e4ytt\u00f6\u00f6n tarkoitettu leip\u00e4veitsi, jossa on hammastettu ter\u00e4. Ter\u00e4ss\u00e4 on erityisesti hiotut hampaat, jotka pysyv\u00e4t ter\u00e4vin\u00e4 poikkeuksellisen pitk\u00e4\u00e4n.\",\"breadcrumb\":{\"@id\":\"https:\\\/\\\/rodoaed.ee\\\/fi\\\/toode\\\/leivanuga-195mm-pysyy-teravana-erityisen-pitkaan\\\/#breadcrumb\"},\"inLanguage\":\"fi\",\"potentialAction\":[{\"@type\":\"ReadAction\",\"target\":[\"https:\\\/\\\/rodoaed.ee\\\/fi\\\/toode\\\/leivanuga-195mm-pysyy-teravana-erityisen-pitkaan\\\/\"]}]},{\"@type\":\"ImageObject\",\"inLanguage\":\"fi\",\"@id\":\"https:\\\/\\\/rodoaed.ee\\\/fi\\\/toode\\\/leivanuga-195mm-pysyy-teravana-erityisen-pitkaan\\\/#primaryimage\",\"url\":\"https:\\\/\\\/rodoaed.ee\\\/wp-content\\\/uploads\\\/2021\\\/12\\\/leivanuga_271175001_Brotsagemesser_kurz_Rotbuche-scaled.jpg\",\"contentUrl\":\"https:\\\/\\\/rodoaed.ee\\\/wp-content\\\/uploads\\\/2021\\\/12\\\/leivanuga_271175001_Brotsagemesser_kurz_Rotbuche-scaled.jpg\",\"width\":2560,\"height\":283},{\"@type\":\"BreadcrumbList\",\"@id\":\"https:\\\/\\\/rodoaed.ee\\\/fi\\\/toode\\\/leivanuga-195mm-pysyy-teravana-erityisen-pitkaan\\\/#breadcrumb\",\"itemListElement\":[{\"@type\":\"ListItem\",\"position\":1,\"name\":\"Home\",\"item\":\"https:\\\/\\\/rodoaed.ee\\\/fi\\\/\"},{\"@type\":\"ListItem\",\"position\":2,\"name\":\"Osta osoitteessa\",\"item\":\"https:\\\/\\\/rodoaed.ee\\\/osta-osoitteessa\\\/\"},{\"@type\":\"ListItem\",\"position\":3,\"name\":\"Leivanuga- 195mm- pysyy ter\u00e4v\u00e4n\u00e4 erityisen pitk\u00e4\u00e4n.\"}]},{\"@type\":\"WebSite\",\"@id\":\"https:\\\/\\\/rodoaed.ee\\\/#website\",\"url\":\"https:\\\/\\\/rodoaed.ee\\\/\",\"name\":\"Rodoaed\",\"description\":\"\",\"publisher\":{\"@id\":\"https:\\\/\\\/rodoaed.ee\\\/#organization\"},\"potentialAction\":[{\"@type\":\"SearchAction\",\"target\":{\"@type\":\"EntryPoint\",\"urlTemplate\":\"https:\\\/\\\/rodoaed.ee\\\/?s={search_term_string}\"},\"query-input\":{\"@type\":\"PropertyValueSpecification\",\"valueRequired\":true,\"valueName\":\"search_term_string\"}}],\"inLanguage\":\"fi\"},{\"@type\":\"Organization\",\"@id\":\"https:\\\/\\\/rodoaed.ee\\\/#organization\",\"name\":\"Rodoaed\",\"url\":\"https:\\\/\\\/rodoaed.ee\\\/\",\"logo\":{\"@type\":\"ImageObject\",\"inLanguage\":\"fi\",\"@id\":\"https:\\\/\\\/rodoaed.ee\\\/#\\\/schema\\\/logo\\\/image\\\/\",\"url\":\"https:\\\/\\\/rodoaed.ee\\\/wp-content\\\/uploads\\\/2019\\\/11\\\/rodoaed-logo-ilma-taustata.jpg\",\"contentUrl\":\"https:\\\/\\\/rodoaed.ee\\\/wp-content\\\/uploads\\\/2019\\\/11\\\/rodoaed-logo-ilma-taustata.jpg\",\"width\":769,\"height\":268,\"caption\":\"Rodoaed\"},\"image\":{\"@id\":\"https:\\\/\\\/rodoaed.ee\\\/#\\\/schema\\\/logo\\\/image\\\/\"},\"sameAs\":[\"https:\\\/\\\/www.facebook.com\\\/kasvuhooned\\\/\",\"https:\\\/\\\/rodoaed.ee\"]}]}<\/script>\n<!-- \/ Yoast SEO Premium plugin. -->","yoast_head_json":{"title":"Leivanuga- 195mm- pysyy ter\u00e4v\u00e4n\u00e4 erityisen pitk\u00e4\u00e4n.% % -% Rodoaed% keitti\u00f6n lavuaarit","description":"Leip\u00e4veitsi on ammattik\u00e4ytt\u00f6\u00f6n tarkoitettu leip\u00e4veitsi, jossa on hammastettu ter\u00e4. Ter\u00e4ss\u00e4 on erityisesti hiotut hampaat, jotka pysyv\u00e4t ter\u00e4vin\u00e4 poikkeuksellisen pitk\u00e4\u00e4n.","robots":{"index":"index","follow":"follow","max-snippet":"max-snippet:-1","max-image-preview":"max-image-preview:large","max-video-preview":"max-video-preview:-1"},"canonical":"https:\/\/rodoaed.ee\/fi\/toode\/leivanuga-195mm-pysyy-teravana-erityisen-pitkaan\/","og_locale":"fi_FI","og_type":"article","og_title":"Leivanuga- 195mm- pysyy ter\u00e4v\u00e4n\u00e4 erityisen pitk\u00e4\u00e4n.","og_description":"Lehti, jossa on sahalaitainen reuna, py\u00f6kkipuinen kahva. Leiv\u00e4n leikkaamiseen leikkuulaudalla Siin\u00e4 on sahalaitainen reuna ja se on kaksik\u00e4tinen, eli se","og_url":"https:\/\/rodoaed.ee\/fi\/toode\/leivanuga-195mm-pysyy-teravana-erityisen-pitkaan\/","og_site_name":"Rodoaed","article_publisher":"https:\/\/www.facebook.com\/kasvuhooned\/","article_modified_time":"2026-04-13T07:53:02+00:00","og_image":[{"width":2560,"height":283,"url":"https:\/\/rodoaed.ee\/wp-content\/uploads\/2021\/12\/leivanuga_271175001_Brotsagemesser_kurz_Rotbuche-scaled.jpg","type":"image\/jpeg"}],"twitter_card":"summary_large_image","twitter_misc":{"Arvioitu lukuaika":"2 minuuttia"},"schema":{"@context":"https:\/\/schema.org","@graph":[{"@type":"WebPage","@id":"https:\/\/rodoaed.ee\/fi\/toode\/leivanuga-195mm-pysyy-teravana-erityisen-pitkaan\/","url":"https:\/\/rodoaed.ee\/fi\/toode\/leivanuga-195mm-pysyy-teravana-erityisen-pitkaan\/","name":"Leivanuga- 195mm- pysyy ter\u00e4v\u00e4n\u00e4 erityisen pitk\u00e4\u00e4n.% % -% Rodoaed% keitti\u00f6n lavuaarit","isPartOf":{"@id":"https:\/\/rodoaed.ee\/#website"},"primaryImageOfPage":{"@id":"https:\/\/rodoaed.ee\/fi\/toode\/leivanuga-195mm-pysyy-teravana-erityisen-pitkaan\/#primaryimage"},"image":{"@id":"https:\/\/rodoaed.ee\/fi\/toode\/leivanuga-195mm-pysyy-teravana-erityisen-pitkaan\/#primaryimage"},"thumbnailUrl":"https:\/\/rodoaed.ee\/wp-content\/uploads\/2021\/12\/leivanuga_271175001_Brotsagemesser_kurz_Rotbuche-scaled.jpg","datePublished":"2021-12-11T09:45:58+00:00","dateModified":"2026-04-13T07:53:02+00:00","description":"Leip\u00e4veitsi on ammattik\u00e4ytt\u00f6\u00f6n tarkoitettu leip\u00e4veitsi, jossa on hammastettu ter\u00e4. Ter\u00e4ss\u00e4 on erityisesti hiotut hampaat, jotka pysyv\u00e4t ter\u00e4vin\u00e4 poikkeuksellisen pitk\u00e4\u00e4n.","breadcrumb":{"@id":"https:\/\/rodoaed.ee\/fi\/toode\/leivanuga-195mm-pysyy-teravana-erityisen-pitkaan\/#breadcrumb"},"inLanguage":"fi","potentialAction":[{"@type":"ReadAction","target":["https:\/\/rodoaed.ee\/fi\/toode\/leivanuga-195mm-pysyy-teravana-erityisen-pitkaan\/"]}]},{"@type":"ImageObject","inLanguage":"fi","@id":"https:\/\/rodoaed.ee\/fi\/toode\/leivanuga-195mm-pysyy-teravana-erityisen-pitkaan\/#primaryimage","url":"https:\/\/rodoaed.ee\/wp-content\/uploads\/2021\/12\/leivanuga_271175001_Brotsagemesser_kurz_Rotbuche-scaled.jpg","contentUrl":"https:\/\/rodoaed.ee\/wp-content\/uploads\/2021\/12\/leivanuga_271175001_Brotsagemesser_kurz_Rotbuche-scaled.jpg","width":2560,"height":283},{"@type":"BreadcrumbList","@id":"https:\/\/rodoaed.ee\/fi\/toode\/leivanuga-195mm-pysyy-teravana-erityisen-pitkaan\/#breadcrumb","itemListElement":[{"@type":"ListItem","position":1,"name":"Home","item":"https:\/\/rodoaed.ee\/fi\/"},{"@type":"ListItem","position":2,"name":"Osta osoitteessa","item":"https:\/\/rodoaed.ee\/osta-osoitteessa\/"},{"@type":"ListItem","position":3,"name":"Leivanuga- 195mm- pysyy ter\u00e4v\u00e4n\u00e4 erityisen pitk\u00e4\u00e4n."}]},{"@type":"WebSite","@id":"https:\/\/rodoaed.ee\/#website","url":"https:\/\/rodoaed.ee\/","name":"Rodoaed","description":"","publisher":{"@id":"https:\/\/rodoaed.ee\/#organization"},"potentialAction":[{"@type":"SearchAction","target":{"@type":"EntryPoint","urlTemplate":"https:\/\/rodoaed.ee\/?s={search_term_string}"},"query-input":{"@type":"PropertyValueSpecification","valueRequired":true,"valueName":"search_term_string"}}],"inLanguage":"fi"},{"@type":"Organization","@id":"https:\/\/rodoaed.ee\/#organization","name":"Rodoaed","url":"https:\/\/rodoaed.ee\/","logo":{"@type":"ImageObject","inLanguage":"fi","@id":"https:\/\/rodoaed.ee\/#\/schema\/logo\/image\/","url":"https:\/\/rodoaed.ee\/wp-content\/uploads\/2019\/11\/rodoaed-logo-ilma-taustata.jpg","contentUrl":"https:\/\/rodoaed.ee\/wp-content\/uploads\/2019\/11\/rodoaed-logo-ilma-taustata.jpg","width":769,"height":268,"caption":"Rodoaed"},"image":{"@id":"https:\/\/rodoaed.ee\/#\/schema\/logo\/image\/"},"sameAs":["https:\/\/www.facebook.com\/kasvuhooned\/","https:\/\/rodoaed.ee"]}]}},"_links":{"self":[{"href":"https:\/\/rodoaed.ee\/fi\/wp-json\/wp\/v2\/product\/52737","targetHints":{"allow":["GET"]}}],"collection":[{"href":"https:\/\/rodoaed.ee\/fi\/wp-json\/wp\/v2\/product"}],"about":[{"href":"https:\/\/rodoaed.ee\/fi\/wp-json\/wp\/v2\/types\/product"}],"wp:featuredmedia":[{"embeddable":true,"href":"https:\/\/rodoaed.ee\/fi\/wp-json\/wp\/v2\/media\/39248"}],"wp:attachment":[{"href":"https:\/\/rodoaed.ee\/fi\/wp-json\/wp\/v2\/media?parent=52737"}],"wp:term":[{"taxonomy":"product_brand","embeddable":true,"href":"https:\/\/rodoaed.ee\/fi\/wp-json\/wp\/v2\/product_brand?post=52737"},{"taxonomy":"product_cat","embeddable":true,"href":"https:\/\/rodoaed.ee\/fi\/wp-json\/wp\/v2\/product_cat?post=52737"},{"taxonomy":"product_tag","embeddable":true,"href":"https:\/\/rodoaed.ee\/fi\/wp-json\/wp\/v2\/product_tag?post=52737"}],"curies":[{"name":"wp","href":"https:\/\/api.w.org\/{rel}","templated":true}]}}