{"id":52738,"date":"2021-12-07T17:14:48","date_gmt":"2021-12-07T15:14:48","guid":{"rendered":"https:\/\/rodoaed.ee\/toode\/puutarhasakset-sadonkorjuuseen-altuna-1260-inox\/"},"modified":"2026-04-13T10:53:02","modified_gmt":"2026-04-13T07:53:02","slug":"puutarhasakset-sadonkorjuuseen-altuna-1260-inox","status":"publish","type":"product","link":"https:\/\/rodoaed.ee\/fi\/tuote\/puutarhasakset-sadonkorjuuseen-altuna-1260-inox\/","title":{"rendered":"Puutarhasakset sadonkorjuuseen Altuna 1260 inox"},"content":{"rendered":"<h2>Mukavat sadonkorjuusakset, joissa on l\u00e4mmin kahva. Ter\u00e4 ruostumatonta ter\u00e4st\u00e4. <\/h2>\n<p>Mukavat puutarhasakset, joissa on taottu ter\u00e4ksinen ter\u00e4, ter\u00e4ksinen ja l\u00e4mp\u00f6p\u00e4\u00e4llystetty kahva.<\/p>\n<p><strong>K\u00e4tev\u00e4<\/strong> esimerkiksi valkosipulin ja sipulin latvojen leikkaamiseen, viiniryp\u00e4leiden sadonkorjuuseen, varsien ja perennojen leikkaamiseen, pensaiden ja pensaiden leikkaamiseen jne.<\/p>\n<p><em>Espanjalainen<strong> Altuna<\/strong> on maailmankuulu puutarhaty\u00f6kalujen valmistaja. Se on perheyritys, joka viett\u00e4\u00e4 t\u00e4n\u00e4 vuonna 100-vuotisjuhliaan.<\/em><em> Se tarjoaa laajan valikoiman oksasaksia ja puutarhaty\u00f6kaluja niin ammattilaisille kuin harrastajillekin. Tarjolla on monia innovatiivisia ratkaisuja.<\/em><\/p>\n<p><em>Jokainen puutarhuri tiet\u00e4\u00e4, miten <\/em><em> eron yksinkertaisen ty\u00f6kalun ja hyv\u00e4n ty\u00f6kalun v\u00e4lill\u00e4. Hyv\u00e4 ty\u00f6kalu ei v\u00e4syt\u00e4 yht\u00e4 paljon kuin yksinkertainen ty\u00f6kalu, edes pitk\u00e4n ty\u00f6p\u00e4iv\u00e4n aikana.<\/em><\/p>\n<p><em>Hemmottele itse\u00e4si parhaalla!<\/em><\/p>\n<h2>T\u00e4rkeimm\u00e4t ominaisuudet:<\/h2>\n<ul>\n<li>Mukava ja l\u00e4mmin kuitukahva<\/li>\n<li>Ruostumattomasta ter\u00e4ksest\u00e4 valmistettu leikkuuter\u00e4<\/li>\n<li>Kiinnitin ja jousi<\/li>\n<li>Ergonomisesti suunniteltu kahva<\/li>\n<\/ul>\n<h2>Tekniset tiedot:<\/h2>\n<ul>\n<li>Paino: 115 g<\/li>\n<li>Pituus: 190 mm<\/li>\n<\/ul>\n","protected":false},"excerpt":{"rendered":"<p>Mukavat sadonkorjuusakset, joissa on l\u00e4mmin kahva. Ter\u00e4 ruostumatonta ter\u00e4st\u00e4. Mukavat puutarhasakset, joissa on taottu ter\u00e4ksinen ter\u00e4, ter\u00e4ksinen ja l\u00e4mp\u00f6p\u00e4\u00e4llystetty kahva. K\u00e4tev\u00e4 esimerkiksi valkosipulin ja sipulin latvojen leikkaamiseen, viiniryp\u00e4leiden sadonkorjuuseen, varsien ja perennojen leikkaamiseen, pensaiden ja pensaiden leikkaamiseen jne. Espanjalainen Altuna on maailmankuulu puutarhaty\u00f6kalujen valmistaja. Se on perheyritys, joka viett\u00e4\u00e4 t\u00e4n\u00e4 vuonna 100-vuotisjuhliaan. Se tarjoaa laajan valikoiman oksasaksia ja puutarhaty\u00f6kaluja niin ammattilaisille kuin harrastajillekin. Tarjolla on&#8230;<\/p>\n","protected":false},"featured_media":39068,"template":"","meta":{"_acf_changed":false},"product_brand":[],"product_cat":[1867,1889],"product_tag":[],"class_list":{"0":"post-52738","1":"product","2":"type-product","3":"status-publish","4":"has-post-thumbnail","6":"product_cat-leikkuulaitteet","7":"product_cat-puutarhatyokalut","8":"product_shipping_class-toimitus-1-3-tyopaivan-kuluessa","9":"pa_variatsioon-sakset-1110-suora-tera","11":"first","12":"instock","13":"sale","14":"taxable","15":"shipping-taxable","16":"purchasable","17":"product-type-simple"},"acf":[],"yoast_head":"<!-- This site is optimized with the Yoast SEO Premium plugin v27.3 (Yoast SEO v27.3) - https:\/\/yoast.com\/product\/yoast-seo-premium-wordpress\/ -->\n<title>Puutarhasakset sadonkorjuuseen Altuna 1260 inox -% Puutarhan oksasakset sauvalla<\/title>\n<meta name=\"description\" content=\"Altunan suorater\u00e4iset sakset. Sopii harrastepuutarhureille ja ammattilaisille. Saksissa on vahva hiilikuitukahva.\" \/>\n<meta name=\"robots\" content=\"index, follow, max-snippet:-1, max-image-preview:large, max-video-preview:-1\" \/>\n<link rel=\"canonical\" href=\"https:\/\/rodoaed.ee\/fi\/toode\/puutarhasakset-sadonkorjuuseen-altuna-1260-inox\/\" \/>\n<meta property=\"og:locale\" content=\"fi_FI\" \/>\n<meta property=\"og:type\" content=\"article\" \/>\n<meta property=\"og:title\" content=\"Puutarhasakset sadonkorjuuseen Altuna 1260 inox\" \/>\n<meta property=\"og:description\" content=\"Mukavat sadonkorjuusakset, joissa on l\u00e4mmin kahva. Ter\u00e4 ruostumatonta ter\u00e4st\u00e4. Mukavat puutarhasakset, joissa on taottu ter\u00e4ksinen ter\u00e4, ter\u00e4ksinen ja\" \/>\n<meta property=\"og:url\" content=\"https:\/\/rodoaed.ee\/fi\/toode\/puutarhasakset-sadonkorjuuseen-altuna-1260-inox\/\" \/>\n<meta property=\"og:site_name\" content=\"Rodoaed\" \/>\n<meta property=\"article:publisher\" content=\"https:\/\/www.facebook.com\/kasvuhooned\/\" \/>\n<meta property=\"article:modified_time\" content=\"2026-04-13T07:53:02+00:00\" \/>\n<meta property=\"og:image\" content=\"https:\/\/rodoaed.ee\/wp-content\/uploads\/2021\/12\/aiakaarid_1260INOX-scaled.jpg\" \/>\n\t<meta property=\"og:image:width\" content=\"2560\" \/>\n\t<meta property=\"og:image:height\" content=\"1290\" \/>\n\t<meta property=\"og:image:type\" content=\"image\/jpeg\" \/>\n<meta name=\"twitter:card\" content=\"summary_large_image\" \/>\n<meta name=\"twitter:label1\" content=\"Arvioitu lukuaika\" \/>\n\t<meta name=\"twitter:data1\" content=\"1 minuutti\" \/>\n<script type=\"application\/ld+json\" class=\"yoast-schema-graph\">{\"@context\":\"https:\\\/\\\/schema.org\",\"@graph\":[{\"@type\":\"WebPage\",\"@id\":\"https:\\\/\\\/rodoaed.ee\\\/fi\\\/toode\\\/puutarhasakset-sadonkorjuuseen-altuna-1260-inox\\\/\",\"url\":\"https:\\\/\\\/rodoaed.ee\\\/fi\\\/toode\\\/puutarhasakset-sadonkorjuuseen-altuna-1260-inox\\\/\",\"name\":\"Puutarhasakset sadonkorjuuseen Altuna 1260 inox -% Puutarhan oksasakset sauvalla\",\"isPartOf\":{\"@id\":\"https:\\\/\\\/rodoaed.ee\\\/#website\"},\"primaryImageOfPage\":{\"@id\":\"https:\\\/\\\/rodoaed.ee\\\/fi\\\/toode\\\/puutarhasakset-sadonkorjuuseen-altuna-1260-inox\\\/#primaryimage\"},\"image\":{\"@id\":\"https:\\\/\\\/rodoaed.ee\\\/fi\\\/toode\\\/puutarhasakset-sadonkorjuuseen-altuna-1260-inox\\\/#primaryimage\"},\"thumbnailUrl\":\"https:\\\/\\\/rodoaed.ee\\\/wp-content\\\/uploads\\\/2021\\\/12\\\/aiakaarid_1260INOX-scaled.jpg\",\"datePublished\":\"2021-12-07T15:14:48+00:00\",\"dateModified\":\"2026-04-13T07:53:02+00:00\",\"description\":\"Altunan suorater\u00e4iset sakset. Sopii harrastepuutarhureille ja ammattilaisille. Saksissa on vahva hiilikuitukahva.\",\"breadcrumb\":{\"@id\":\"https:\\\/\\\/rodoaed.ee\\\/fi\\\/toode\\\/puutarhasakset-sadonkorjuuseen-altuna-1260-inox\\\/#breadcrumb\"},\"inLanguage\":\"fi\",\"potentialAction\":[{\"@type\":\"ReadAction\",\"target\":[\"https:\\\/\\\/rodoaed.ee\\\/fi\\\/toode\\\/puutarhasakset-sadonkorjuuseen-altuna-1260-inox\\\/\"]}]},{\"@type\":\"ImageObject\",\"inLanguage\":\"fi\",\"@id\":\"https:\\\/\\\/rodoaed.ee\\\/fi\\\/toode\\\/puutarhasakset-sadonkorjuuseen-altuna-1260-inox\\\/#primaryimage\",\"url\":\"https:\\\/\\\/rodoaed.ee\\\/wp-content\\\/uploads\\\/2021\\\/12\\\/aiakaarid_1260INOX-scaled.jpg\",\"contentUrl\":\"https:\\\/\\\/rodoaed.ee\\\/wp-content\\\/uploads\\\/2021\\\/12\\\/aiakaarid_1260INOX-scaled.jpg\",\"width\":2560,\"height\":1290},{\"@type\":\"BreadcrumbList\",\"@id\":\"https:\\\/\\\/rodoaed.ee\\\/fi\\\/toode\\\/puutarhasakset-sadonkorjuuseen-altuna-1260-inox\\\/#breadcrumb\",\"itemListElement\":[{\"@type\":\"ListItem\",\"position\":1,\"name\":\"Home\",\"item\":\"https:\\\/\\\/rodoaed.ee\\\/fi\\\/\"},{\"@type\":\"ListItem\",\"position\":2,\"name\":\"Osta osoitteessa\",\"item\":\"https:\\\/\\\/rodoaed.ee\\\/osta-osoitteessa\\\/\"},{\"@type\":\"ListItem\",\"position\":3,\"name\":\"Puutarhasakset sadonkorjuuseen Altuna 1260 inox\"}]},{\"@type\":\"WebSite\",\"@id\":\"https:\\\/\\\/rodoaed.ee\\\/#website\",\"url\":\"https:\\\/\\\/rodoaed.ee\\\/\",\"name\":\"Rodoaed\",\"description\":\"\",\"publisher\":{\"@id\":\"https:\\\/\\\/rodoaed.ee\\\/#organization\"},\"potentialAction\":[{\"@type\":\"SearchAction\",\"target\":{\"@type\":\"EntryPoint\",\"urlTemplate\":\"https:\\\/\\\/rodoaed.ee\\\/?s={search_term_string}\"},\"query-input\":{\"@type\":\"PropertyValueSpecification\",\"valueRequired\":true,\"valueName\":\"search_term_string\"}}],\"inLanguage\":\"fi\"},{\"@type\":\"Organization\",\"@id\":\"https:\\\/\\\/rodoaed.ee\\\/#organization\",\"name\":\"Rodoaed\",\"url\":\"https:\\\/\\\/rodoaed.ee\\\/\",\"logo\":{\"@type\":\"ImageObject\",\"inLanguage\":\"fi\",\"@id\":\"https:\\\/\\\/rodoaed.ee\\\/#\\\/schema\\\/logo\\\/image\\\/\",\"url\":\"https:\\\/\\\/rodoaed.ee\\\/wp-content\\\/uploads\\\/2019\\\/11\\\/rodoaed-logo-ilma-taustata.jpg\",\"contentUrl\":\"https:\\\/\\\/rodoaed.ee\\\/wp-content\\\/uploads\\\/2019\\\/11\\\/rodoaed-logo-ilma-taustata.jpg\",\"width\":769,\"height\":268,\"caption\":\"Rodoaed\"},\"image\":{\"@id\":\"https:\\\/\\\/rodoaed.ee\\\/#\\\/schema\\\/logo\\\/image\\\/\"},\"sameAs\":[\"https:\\\/\\\/www.facebook.com\\\/kasvuhooned\\\/\",\"https:\\\/\\\/rodoaed.ee\"]}]}<\/script>\n<!-- \/ Yoast SEO Premium plugin. -->","yoast_head_json":{"title":"Puutarhasakset sadonkorjuuseen Altuna 1260 inox -% Puutarhan oksasakset sauvalla","description":"Altunan suorater\u00e4iset sakset. Sopii harrastepuutarhureille ja ammattilaisille. Saksissa on vahva hiilikuitukahva.","robots":{"index":"index","follow":"follow","max-snippet":"max-snippet:-1","max-image-preview":"max-image-preview:large","max-video-preview":"max-video-preview:-1"},"canonical":"https:\/\/rodoaed.ee\/fi\/toode\/puutarhasakset-sadonkorjuuseen-altuna-1260-inox\/","og_locale":"fi_FI","og_type":"article","og_title":"Puutarhasakset sadonkorjuuseen Altuna 1260 inox","og_description":"Mukavat sadonkorjuusakset, joissa on l\u00e4mmin kahva. Ter\u00e4 ruostumatonta ter\u00e4st\u00e4. Mukavat puutarhasakset, joissa on taottu ter\u00e4ksinen ter\u00e4, ter\u00e4ksinen ja","og_url":"https:\/\/rodoaed.ee\/fi\/toode\/puutarhasakset-sadonkorjuuseen-altuna-1260-inox\/","og_site_name":"Rodoaed","article_publisher":"https:\/\/www.facebook.com\/kasvuhooned\/","article_modified_time":"2026-04-13T07:53:02+00:00","og_image":[{"width":2560,"height":1290,"url":"https:\/\/rodoaed.ee\/wp-content\/uploads\/2021\/12\/aiakaarid_1260INOX-scaled.jpg","type":"image\/jpeg"}],"twitter_card":"summary_large_image","twitter_misc":{"Arvioitu lukuaika":"1 minuutti"},"schema":{"@context":"https:\/\/schema.org","@graph":[{"@type":"WebPage","@id":"https:\/\/rodoaed.ee\/fi\/toode\/puutarhasakset-sadonkorjuuseen-altuna-1260-inox\/","url":"https:\/\/rodoaed.ee\/fi\/toode\/puutarhasakset-sadonkorjuuseen-altuna-1260-inox\/","name":"Puutarhasakset sadonkorjuuseen Altuna 1260 inox -% Puutarhan oksasakset sauvalla","isPartOf":{"@id":"https:\/\/rodoaed.ee\/#website"},"primaryImageOfPage":{"@id":"https:\/\/rodoaed.ee\/fi\/toode\/puutarhasakset-sadonkorjuuseen-altuna-1260-inox\/#primaryimage"},"image":{"@id":"https:\/\/rodoaed.ee\/fi\/toode\/puutarhasakset-sadonkorjuuseen-altuna-1260-inox\/#primaryimage"},"thumbnailUrl":"https:\/\/rodoaed.ee\/wp-content\/uploads\/2021\/12\/aiakaarid_1260INOX-scaled.jpg","datePublished":"2021-12-07T15:14:48+00:00","dateModified":"2026-04-13T07:53:02+00:00","description":"Altunan suorater\u00e4iset sakset. Sopii harrastepuutarhureille ja ammattilaisille. Saksissa on vahva hiilikuitukahva.","breadcrumb":{"@id":"https:\/\/rodoaed.ee\/fi\/toode\/puutarhasakset-sadonkorjuuseen-altuna-1260-inox\/#breadcrumb"},"inLanguage":"fi","potentialAction":[{"@type":"ReadAction","target":["https:\/\/rodoaed.ee\/fi\/toode\/puutarhasakset-sadonkorjuuseen-altuna-1260-inox\/"]}]},{"@type":"ImageObject","inLanguage":"fi","@id":"https:\/\/rodoaed.ee\/fi\/toode\/puutarhasakset-sadonkorjuuseen-altuna-1260-inox\/#primaryimage","url":"https:\/\/rodoaed.ee\/wp-content\/uploads\/2021\/12\/aiakaarid_1260INOX-scaled.jpg","contentUrl":"https:\/\/rodoaed.ee\/wp-content\/uploads\/2021\/12\/aiakaarid_1260INOX-scaled.jpg","width":2560,"height":1290},{"@type":"BreadcrumbList","@id":"https:\/\/rodoaed.ee\/fi\/toode\/puutarhasakset-sadonkorjuuseen-altuna-1260-inox\/#breadcrumb","itemListElement":[{"@type":"ListItem","position":1,"name":"Home","item":"https:\/\/rodoaed.ee\/fi\/"},{"@type":"ListItem","position":2,"name":"Osta osoitteessa","item":"https:\/\/rodoaed.ee\/osta-osoitteessa\/"},{"@type":"ListItem","position":3,"name":"Puutarhasakset sadonkorjuuseen Altuna 1260 inox"}]},{"@type":"WebSite","@id":"https:\/\/rodoaed.ee\/#website","url":"https:\/\/rodoaed.ee\/","name":"Rodoaed","description":"","publisher":{"@id":"https:\/\/rodoaed.ee\/#organization"},"potentialAction":[{"@type":"SearchAction","target":{"@type":"EntryPoint","urlTemplate":"https:\/\/rodoaed.ee\/?s={search_term_string}"},"query-input":{"@type":"PropertyValueSpecification","valueRequired":true,"valueName":"search_term_string"}}],"inLanguage":"fi"},{"@type":"Organization","@id":"https:\/\/rodoaed.ee\/#organization","name":"Rodoaed","url":"https:\/\/rodoaed.ee\/","logo":{"@type":"ImageObject","inLanguage":"fi","@id":"https:\/\/rodoaed.ee\/#\/schema\/logo\/image\/","url":"https:\/\/rodoaed.ee\/wp-content\/uploads\/2019\/11\/rodoaed-logo-ilma-taustata.jpg","contentUrl":"https:\/\/rodoaed.ee\/wp-content\/uploads\/2019\/11\/rodoaed-logo-ilma-taustata.jpg","width":769,"height":268,"caption":"Rodoaed"},"image":{"@id":"https:\/\/rodoaed.ee\/#\/schema\/logo\/image\/"},"sameAs":["https:\/\/www.facebook.com\/kasvuhooned\/","https:\/\/rodoaed.ee"]}]}},"_links":{"self":[{"href":"https:\/\/rodoaed.ee\/fi\/wp-json\/wp\/v2\/product\/52738","targetHints":{"allow":["GET"]}}],"collection":[{"href":"https:\/\/rodoaed.ee\/fi\/wp-json\/wp\/v2\/product"}],"about":[{"href":"https:\/\/rodoaed.ee\/fi\/wp-json\/wp\/v2\/types\/product"}],"wp:featuredmedia":[{"embeddable":true,"href":"https:\/\/rodoaed.ee\/fi\/wp-json\/wp\/v2\/media\/39068"}],"wp:attachment":[{"href":"https:\/\/rodoaed.ee\/fi\/wp-json\/wp\/v2\/media?parent=52738"}],"wp:term":[{"taxonomy":"product_brand","embeddable":true,"href":"https:\/\/rodoaed.ee\/fi\/wp-json\/wp\/v2\/product_brand?post=52738"},{"taxonomy":"product_cat","embeddable":true,"href":"https:\/\/rodoaed.ee\/fi\/wp-json\/wp\/v2\/product_cat?post=52738"},{"taxonomy":"product_tag","embeddable":true,"href":"https:\/\/rodoaed.ee\/fi\/wp-json\/wp\/v2\/product_tag?post=52738"}],"curies":[{"name":"wp","href":"https:\/\/api.w.org\/{rel}","templated":true}]}}