{"id":52739,"date":"2021-12-11T12:34:28","date_gmt":"2021-12-11T10:34:28","guid":{"rendered":"https:\/\/rodoaed.ee\/toode\/leivanuga-grandmoulin-luumupuinen-kahva-230mm-lahjapakkaus\/"},"modified":"2026-04-13T10:53:02","modified_gmt":"2026-04-13T07:53:02","slug":"leivanuga-grandmoulin-luumupuinen-kahva-230mm-lahjapakkaus","status":"publish","type":"product","link":"https:\/\/rodoaed.ee\/fi\/tuote\/leivanuga-grandmoulin-luumupuinen-kahva-230mm-lahjapakkaus\/","title":{"rendered":"Leivanuga Grandmoulin- luumupuinen kahva 230mm- lahjapakkaus"},"content":{"rendered":"<h2>Palkittu Leivanuga Grandmoulin, jossa on hammastettu reuna, luumupuinen kahva. Lahjapakkauksessa 5 ml aromaattista vartalo\u00f6ljy\u00e4. <\/h2>\n<h3>Leiv\u00e4n leikkaamiseen leikkuulaudalla<\/h3>\n<p>Grandmoulin hiivalla kuuluu v\u00e4hiten &#8221;Ainutlaatuisten perinteisten tuotteiden&#8221; luokkaan. Siihen kuuluu pieni m\u00e4\u00e4r\u00e4 veitsi\u00e4, joilla on oma historiansa, erityinen muoto ja ainutlaatuinen valmistusmenetelm\u00e4. <\/p>\n<p>Grandmoulin tarkoittaa suomeksi &#8221;Suuri mylly&#8221; (tehtaan historiallinen nimi on Windmill knives), ja sen suuri kokonaispituus on 370 mm, ja se on todellakin &#8221;Suuri mylly&#8221;. Se on tyylik\u00e4s, eritt\u00e4in tehokas ja siin\u00e4 k\u00e4ytet\u00e4\u00e4n vain parhaita materiaaleja. Todellinen veitsimaailman mestariteos.  <\/p>\n<p>Nooan jyv\u00e4n muotoa kutsutaan nimell\u00e4 &#8221;Boscher&#8221;, joka tulee hollannin sanasta &#8221;bos&#8221;, joka tarkoittaa m\u00e4kist\u00e4 maata. Alun perin sit\u00e4 valmistettiin ter\u00e4ksi ja tietenkin paljon suuremmassa mittakaavassa sokeriruokoviljelmien puimuriksi. T\u00e4m\u00e4 muoto ja mittasuhteet tekiv\u00e4t siit\u00e4 uskomattoman tehokkaan ty\u00f6kalun vahvojen sokeriruo&#8217;on varsien leikkaamiseen.  <\/p>\n<p>Ter\u00e4n leveys mahdollistaa suoran leikkauksen my\u00f6s eritt\u00e4in ohuita leikkauksia teht\u00e4ess\u00e4. Kahva my\u00f6t\u00e4ilee k\u00e4den muotoa ja istuu kuin hansikas. Ter\u00e4ss\u00e4 on 8 mm syv\u00e4t hampaat, jotka on k\u00e4sin teroitettu ja kiillotettu. T\u00e4t\u00e4 tekniikkaa kutsutaan nimell\u00e4 &#8221;Langersche Welle&#8221;, ja se on tunnetusti yksi parhaista tekniikoista, jolla saadaan eritt\u00e4in ter\u00e4v\u00e4 ter\u00e4, joka s\u00e4ilytt\u00e4\u00e4 ter\u00e4vyytens\u00e4 eritt\u00e4in pitk\u00e4\u00e4n. Koska koko ter\u00e4 on kiillotettu, se soveltuu yht\u00e4 hyvin pehme\u00e4n leiv\u00e4n, kovan ja tiiviin leiv\u00e4n kuin rapean kuorisen leiv\u00e4nkin leikkaamiseen puhtaasti.    <\/p>\n<h2>Parhaat sovellukset:<\/h2>\n<div>\n<ul>\n<li>K\u00e4ytt\u00f6 leikkuulaudalla<\/li>\n<li>Leip\u00e4 ja muut leipomotuotteet<\/li>\n<\/ul>\n<\/div>\n<h2>T\u00e4rkeimm\u00e4t ominaisuudet:<\/h2>\n<ul>\n<li>Leivanuga Grandmouline ter\u00e4: ruostumaton ter\u00e4s &#8211; kromivanadiini-molybdeeniseoskuituja <strong>+ 0,7 % hiilt\u00e4.<\/strong><\/li>\n<li>Kovuus 60 HRC (normaalit veitset ovat noin HRC 55-57).<\/li>\n<li>Laadut: <strong>sinilasitettu<\/strong> (Robert Herder valmistaa kahta laatua &#8211; hienolasitettu yksinkertaisempiin veitsiin ja sinilasitettu kalliimpiin veitsiin).<\/li>\n<li>Kahva: luumupuu<\/li>\n<li>Lahjapakkauksessa 5ml aromaattista vartalo\u00f6ljy\u00e4<\/li>\n<\/ul>\n<h2>Tekniset tiedot:<\/h2>\n<ul>\n<li>Ter\u00e4n pituus 230 mm<\/li>\n<li>Ter\u00e4n korkeus 41 mm<\/li>\n<li>Paksuus 2,1 mm<\/li>\n<li>Noahin kokonaispituus kahvan kanssa 368 mm<\/li>\n<li>Paino: 160 grammaa<\/li>\n<\/ul>\n<p><a href=\"https:\/\/rodoaed.ee\/fi\/\">kotisivu<\/a> <a href=\"https:\/\/rodoaed.ee\/fi\/tootekategooria\/keittiolaitteet\/\">k\u00e4ynnist\u00e4<\/a> <a href=\"https:\/\/rodoaed.ee\/fi\/tootekategooria\/keittiolaitteet\/keittion-pesuallas\/\">Keitti\u00f6n portaat<\/a> <a href=\"https:\/\/rodoaed.ee\/fi\/toode\/poyta-jossa-on-vanhan-saksalaisen-luumupuun-kahva\/\">p\u00f6yd\u00e4ll\u00e4<\/a> <a href=\"https:\/\/rodoaed.ee\/fi\/toode\/kokanuga-k5-luumupuukahva-182mm\/\">ruoanlaitto veitsi<\/a> <a href=\"https:\/\/rodoaed.ee\/fi\/toode\/leivanuga-k-b2-luumupuukahva-230mm\/\">leip\u00e4 veitsi<\/a><\/p>\n<p>&nbsp;<\/p>\n","protected":false},"excerpt":{"rendered":"<p>Palkittu Leivanuga Grandmoulin, jossa on hammastettu reuna, luumupuinen kahva. Lahjapakkauksessa 5 ml aromaattista vartalo\u00f6ljy\u00e4. Leiv\u00e4n leikkaamiseen leikkuulaudalla Grandmoulin hiivalla kuuluu v\u00e4hiten &#8221;Ainutlaatuisten perinteisten tuotteiden&#8221; luokkaan. Siihen kuuluu pieni m\u00e4\u00e4r\u00e4 veitsi\u00e4, joilla on oma historiansa, erityinen muoto ja ainutlaatuinen valmistusmenetelm\u00e4. Grandmoulin tarkoittaa suomeksi &#8221;Suuri mylly&#8221; (tehtaan historiallinen nimi on Windmill knives), ja sen suuri kokonaispituus on 370 mm, ja se on todellakin &#8221;Suuri mylly&#8221;. Se on&#8230;<\/p>\n","protected":false},"featured_media":39271,"template":"","meta":{"_acf_changed":false},"product_brand":[],"product_cat":[1751,1830,1836,1833,1838,1743,1745],"product_tag":[],"class_list":{"0":"post-52739","1":"product","2":"type-product","3":"status-publish","4":"has-post-thumbnail","6":"product_cat-keittiolaitteet","7":"product_cat-keittion-pesuallas","8":"product_cat-lahjat-miehille","9":"product_cat-lahjat-naisille","10":"product_cat-leivanoad","11":"product_cat-lisalahjat-lahjat","12":"product_cat-suuri-varaston-tyhjennysmyynti","13":"product_shipping_class-toimitus-1-3-tyopaivan-kuluessa","14":"pa_variatsioon-keittioveitsi-k0-hiiliteras-kiillotettu-varsi-luumupuuta","16":"first","17":"instock","18":"sale","19":"featured","20":"taxable","21":"shipping-taxable","22":"purchasable","23":"product-type-simple"},"acf":[],"yoast_head":"<!-- This site is optimized with the Yoast SEO Premium plugin v27.3 (Yoast SEO v27.3) - https:\/\/yoast.com\/product\/yoast-seo-premium-wordpress\/ -->\n<title>Leivanuga Grandmoulin- luumupuinen kahva 230mm- lahjapakkaus% % -% Rodoaed% keitti\u00f6n lavuaarit<\/title>\n<meta name=\"description\" content=\"Grandmoulin on ammattilaissarjan leip\u00e4veitsi, jossa on sahalaitainen ter\u00e4. Grandmoulin on hiottu niin, ett\u00e4 se pysyy ter\u00e4v\u00e4n\u00e4 eritt\u00e4in pitk\u00e4\u00e4n.\" \/>\n<meta name=\"robots\" content=\"index, follow, max-snippet:-1, max-image-preview:large, max-video-preview:-1\" \/>\n<link rel=\"canonical\" href=\"https:\/\/rodoaed.ee\/fi\/toode\/leivanuga-grandmoulin-luumupuinen-kahva-230mm-lahjapakkaus\/\" \/>\n<meta property=\"og:locale\" content=\"fi_FI\" \/>\n<meta property=\"og:type\" content=\"article\" \/>\n<meta property=\"og:title\" content=\"Leivanuga Grandmoulin- luumupuinen kahva 230mm- lahjapakkaus\" \/>\n<meta property=\"og:description\" content=\"Palkittu Leivanuga Grandmoulin, jossa on hammastettu reuna, luumupuinen kahva. Lahjapakkauksessa 5 ml aromaattista vartalo\u00f6ljy\u00e4. Leiv\u00e4n leikkaamiseen\" \/>\n<meta property=\"og:url\" content=\"https:\/\/rodoaed.ee\/fi\/toode\/leivanuga-grandmoulin-luumupuinen-kahva-230mm-lahjapakkaus\/\" \/>\n<meta property=\"og:site_name\" content=\"Rodoaed\" \/>\n<meta property=\"article:publisher\" content=\"https:\/\/www.facebook.com\/kasvuhooned\/\" \/>\n<meta property=\"article:modified_time\" content=\"2026-04-13T07:53:02+00:00\" \/>\n<meta property=\"og:image\" content=\"https:\/\/rodoaed.ee\/wp-content\/uploads\/2021\/12\/leivanuga-Grandmouline_9213_1975_04_7.jpg\" \/>\n\t<meta property=\"og:image:width\" content=\"1200\" \/>\n\t<meta property=\"og:image:height\" content=\"800\" \/>\n\t<meta property=\"og:image:type\" content=\"image\/jpeg\" \/>\n<meta name=\"twitter:card\" content=\"summary_large_image\" \/>\n<meta name=\"twitter:label1\" content=\"Arvioitu lukuaika\" \/>\n\t<meta name=\"twitter:data1\" content=\"2 minuuttia\" \/>\n<script type=\"application\/ld+json\" class=\"yoast-schema-graph\">{\"@context\":\"https:\\\/\\\/schema.org\",\"@graph\":[{\"@type\":\"WebPage\",\"@id\":\"https:\\\/\\\/rodoaed.ee\\\/fi\\\/toode\\\/leivanuga-grandmoulin-luumupuinen-kahva-230mm-lahjapakkaus\\\/\",\"url\":\"https:\\\/\\\/rodoaed.ee\\\/fi\\\/toode\\\/leivanuga-grandmoulin-luumupuinen-kahva-230mm-lahjapakkaus\\\/\",\"name\":\"Leivanuga Grandmoulin- luumupuinen kahva 230mm- lahjapakkaus% % -% Rodoaed% keitti\u00f6n lavuaarit\",\"isPartOf\":{\"@id\":\"https:\\\/\\\/rodoaed.ee\\\/#website\"},\"primaryImageOfPage\":{\"@id\":\"https:\\\/\\\/rodoaed.ee\\\/fi\\\/toode\\\/leivanuga-grandmoulin-luumupuinen-kahva-230mm-lahjapakkaus\\\/#primaryimage\"},\"image\":{\"@id\":\"https:\\\/\\\/rodoaed.ee\\\/fi\\\/toode\\\/leivanuga-grandmoulin-luumupuinen-kahva-230mm-lahjapakkaus\\\/#primaryimage\"},\"thumbnailUrl\":\"https:\\\/\\\/rodoaed.ee\\\/wp-content\\\/uploads\\\/2021\\\/12\\\/leivanuga-Grandmouline_9213_1975_04_7.jpg\",\"datePublished\":\"2021-12-11T10:34:28+00:00\",\"dateModified\":\"2026-04-13T07:53:02+00:00\",\"description\":\"Grandmoulin on ammattilaissarjan leip\u00e4veitsi, jossa on sahalaitainen ter\u00e4. Grandmoulin on hiottu niin, ett\u00e4 se pysyy ter\u00e4v\u00e4n\u00e4 eritt\u00e4in pitk\u00e4\u00e4n.\",\"breadcrumb\":{\"@id\":\"https:\\\/\\\/rodoaed.ee\\\/fi\\\/toode\\\/leivanuga-grandmoulin-luumupuinen-kahva-230mm-lahjapakkaus\\\/#breadcrumb\"},\"inLanguage\":\"fi\",\"potentialAction\":[{\"@type\":\"ReadAction\",\"target\":[\"https:\\\/\\\/rodoaed.ee\\\/fi\\\/toode\\\/leivanuga-grandmoulin-luumupuinen-kahva-230mm-lahjapakkaus\\\/\"]}]},{\"@type\":\"ImageObject\",\"inLanguage\":\"fi\",\"@id\":\"https:\\\/\\\/rodoaed.ee\\\/fi\\\/toode\\\/leivanuga-grandmoulin-luumupuinen-kahva-230mm-lahjapakkaus\\\/#primaryimage\",\"url\":\"https:\\\/\\\/rodoaed.ee\\\/wp-content\\\/uploads\\\/2021\\\/12\\\/leivanuga-Grandmouline_9213_1975_04_7.jpg\",\"contentUrl\":\"https:\\\/\\\/rodoaed.ee\\\/wp-content\\\/uploads\\\/2021\\\/12\\\/leivanuga-Grandmouline_9213_1975_04_7.jpg\",\"width\":1200,\"height\":800,\"caption\":\"leip\u00e4nuudelit\"},{\"@type\":\"BreadcrumbList\",\"@id\":\"https:\\\/\\\/rodoaed.ee\\\/fi\\\/toode\\\/leivanuga-grandmoulin-luumupuinen-kahva-230mm-lahjapakkaus\\\/#breadcrumb\",\"itemListElement\":[{\"@type\":\"ListItem\",\"position\":1,\"name\":\"Home\",\"item\":\"https:\\\/\\\/rodoaed.ee\\\/fi\\\/\"},{\"@type\":\"ListItem\",\"position\":2,\"name\":\"Osta osoitteessa\",\"item\":\"https:\\\/\\\/rodoaed.ee\\\/osta-osoitteessa\\\/\"},{\"@type\":\"ListItem\",\"position\":3,\"name\":\"Leivanuga Grandmoulin- luumupuinen kahva 230mm- lahjapakkaus\"}]},{\"@type\":\"WebSite\",\"@id\":\"https:\\\/\\\/rodoaed.ee\\\/#website\",\"url\":\"https:\\\/\\\/rodoaed.ee\\\/\",\"name\":\"Rodoaed\",\"description\":\"\",\"publisher\":{\"@id\":\"https:\\\/\\\/rodoaed.ee\\\/#organization\"},\"potentialAction\":[{\"@type\":\"SearchAction\",\"target\":{\"@type\":\"EntryPoint\",\"urlTemplate\":\"https:\\\/\\\/rodoaed.ee\\\/?s={search_term_string}\"},\"query-input\":{\"@type\":\"PropertyValueSpecification\",\"valueRequired\":true,\"valueName\":\"search_term_string\"}}],\"inLanguage\":\"fi\"},{\"@type\":\"Organization\",\"@id\":\"https:\\\/\\\/rodoaed.ee\\\/#organization\",\"name\":\"Rodoaed\",\"url\":\"https:\\\/\\\/rodoaed.ee\\\/\",\"logo\":{\"@type\":\"ImageObject\",\"inLanguage\":\"fi\",\"@id\":\"https:\\\/\\\/rodoaed.ee\\\/#\\\/schema\\\/logo\\\/image\\\/\",\"url\":\"https:\\\/\\\/rodoaed.ee\\\/wp-content\\\/uploads\\\/2019\\\/11\\\/rodoaed-logo-ilma-taustata.jpg\",\"contentUrl\":\"https:\\\/\\\/rodoaed.ee\\\/wp-content\\\/uploads\\\/2019\\\/11\\\/rodoaed-logo-ilma-taustata.jpg\",\"width\":769,\"height\":268,\"caption\":\"Rodoaed\"},\"image\":{\"@id\":\"https:\\\/\\\/rodoaed.ee\\\/#\\\/schema\\\/logo\\\/image\\\/\"},\"sameAs\":[\"https:\\\/\\\/www.facebook.com\\\/kasvuhooned\\\/\",\"https:\\\/\\\/rodoaed.ee\"]}]}<\/script>\n<!-- \/ Yoast SEO Premium plugin. -->","yoast_head_json":{"title":"Leivanuga Grandmoulin- luumupuinen kahva 230mm- lahjapakkaus% % -% Rodoaed% keitti\u00f6n lavuaarit","description":"Grandmoulin on ammattilaissarjan leip\u00e4veitsi, jossa on sahalaitainen ter\u00e4. Grandmoulin on hiottu niin, ett\u00e4 se pysyy ter\u00e4v\u00e4n\u00e4 eritt\u00e4in pitk\u00e4\u00e4n.","robots":{"index":"index","follow":"follow","max-snippet":"max-snippet:-1","max-image-preview":"max-image-preview:large","max-video-preview":"max-video-preview:-1"},"canonical":"https:\/\/rodoaed.ee\/fi\/toode\/leivanuga-grandmoulin-luumupuinen-kahva-230mm-lahjapakkaus\/","og_locale":"fi_FI","og_type":"article","og_title":"Leivanuga Grandmoulin- luumupuinen kahva 230mm- lahjapakkaus","og_description":"Palkittu Leivanuga Grandmoulin, jossa on hammastettu reuna, luumupuinen kahva. Lahjapakkauksessa 5 ml aromaattista vartalo\u00f6ljy\u00e4. Leiv\u00e4n leikkaamiseen","og_url":"https:\/\/rodoaed.ee\/fi\/toode\/leivanuga-grandmoulin-luumupuinen-kahva-230mm-lahjapakkaus\/","og_site_name":"Rodoaed","article_publisher":"https:\/\/www.facebook.com\/kasvuhooned\/","article_modified_time":"2026-04-13T07:53:02+00:00","og_image":[{"width":1200,"height":800,"url":"https:\/\/rodoaed.ee\/wp-content\/uploads\/2021\/12\/leivanuga-Grandmouline_9213_1975_04_7.jpg","type":"image\/jpeg"}],"twitter_card":"summary_large_image","twitter_misc":{"Arvioitu lukuaika":"2 minuuttia"},"schema":{"@context":"https:\/\/schema.org","@graph":[{"@type":"WebPage","@id":"https:\/\/rodoaed.ee\/fi\/toode\/leivanuga-grandmoulin-luumupuinen-kahva-230mm-lahjapakkaus\/","url":"https:\/\/rodoaed.ee\/fi\/toode\/leivanuga-grandmoulin-luumupuinen-kahva-230mm-lahjapakkaus\/","name":"Leivanuga Grandmoulin- luumupuinen kahva 230mm- lahjapakkaus% % -% Rodoaed% keitti\u00f6n lavuaarit","isPartOf":{"@id":"https:\/\/rodoaed.ee\/#website"},"primaryImageOfPage":{"@id":"https:\/\/rodoaed.ee\/fi\/toode\/leivanuga-grandmoulin-luumupuinen-kahva-230mm-lahjapakkaus\/#primaryimage"},"image":{"@id":"https:\/\/rodoaed.ee\/fi\/toode\/leivanuga-grandmoulin-luumupuinen-kahva-230mm-lahjapakkaus\/#primaryimage"},"thumbnailUrl":"https:\/\/rodoaed.ee\/wp-content\/uploads\/2021\/12\/leivanuga-Grandmouline_9213_1975_04_7.jpg","datePublished":"2021-12-11T10:34:28+00:00","dateModified":"2026-04-13T07:53:02+00:00","description":"Grandmoulin on ammattilaissarjan leip\u00e4veitsi, jossa on sahalaitainen ter\u00e4. Grandmoulin on hiottu niin, ett\u00e4 se pysyy ter\u00e4v\u00e4n\u00e4 eritt\u00e4in pitk\u00e4\u00e4n.","breadcrumb":{"@id":"https:\/\/rodoaed.ee\/fi\/toode\/leivanuga-grandmoulin-luumupuinen-kahva-230mm-lahjapakkaus\/#breadcrumb"},"inLanguage":"fi","potentialAction":[{"@type":"ReadAction","target":["https:\/\/rodoaed.ee\/fi\/toode\/leivanuga-grandmoulin-luumupuinen-kahva-230mm-lahjapakkaus\/"]}]},{"@type":"ImageObject","inLanguage":"fi","@id":"https:\/\/rodoaed.ee\/fi\/toode\/leivanuga-grandmoulin-luumupuinen-kahva-230mm-lahjapakkaus\/#primaryimage","url":"https:\/\/rodoaed.ee\/wp-content\/uploads\/2021\/12\/leivanuga-Grandmouline_9213_1975_04_7.jpg","contentUrl":"https:\/\/rodoaed.ee\/wp-content\/uploads\/2021\/12\/leivanuga-Grandmouline_9213_1975_04_7.jpg","width":1200,"height":800,"caption":"leip\u00e4nuudelit"},{"@type":"BreadcrumbList","@id":"https:\/\/rodoaed.ee\/fi\/toode\/leivanuga-grandmoulin-luumupuinen-kahva-230mm-lahjapakkaus\/#breadcrumb","itemListElement":[{"@type":"ListItem","position":1,"name":"Home","item":"https:\/\/rodoaed.ee\/fi\/"},{"@type":"ListItem","position":2,"name":"Osta osoitteessa","item":"https:\/\/rodoaed.ee\/osta-osoitteessa\/"},{"@type":"ListItem","position":3,"name":"Leivanuga Grandmoulin- luumupuinen kahva 230mm- lahjapakkaus"}]},{"@type":"WebSite","@id":"https:\/\/rodoaed.ee\/#website","url":"https:\/\/rodoaed.ee\/","name":"Rodoaed","description":"","publisher":{"@id":"https:\/\/rodoaed.ee\/#organization"},"potentialAction":[{"@type":"SearchAction","target":{"@type":"EntryPoint","urlTemplate":"https:\/\/rodoaed.ee\/?s={search_term_string}"},"query-input":{"@type":"PropertyValueSpecification","valueRequired":true,"valueName":"search_term_string"}}],"inLanguage":"fi"},{"@type":"Organization","@id":"https:\/\/rodoaed.ee\/#organization","name":"Rodoaed","url":"https:\/\/rodoaed.ee\/","logo":{"@type":"ImageObject","inLanguage":"fi","@id":"https:\/\/rodoaed.ee\/#\/schema\/logo\/image\/","url":"https:\/\/rodoaed.ee\/wp-content\/uploads\/2019\/11\/rodoaed-logo-ilma-taustata.jpg","contentUrl":"https:\/\/rodoaed.ee\/wp-content\/uploads\/2019\/11\/rodoaed-logo-ilma-taustata.jpg","width":769,"height":268,"caption":"Rodoaed"},"image":{"@id":"https:\/\/rodoaed.ee\/#\/schema\/logo\/image\/"},"sameAs":["https:\/\/www.facebook.com\/kasvuhooned\/","https:\/\/rodoaed.ee"]}]}},"_links":{"self":[{"href":"https:\/\/rodoaed.ee\/fi\/wp-json\/wp\/v2\/product\/52739","targetHints":{"allow":["GET"]}}],"collection":[{"href":"https:\/\/rodoaed.ee\/fi\/wp-json\/wp\/v2\/product"}],"about":[{"href":"https:\/\/rodoaed.ee\/fi\/wp-json\/wp\/v2\/types\/product"}],"wp:featuredmedia":[{"embeddable":true,"href":"https:\/\/rodoaed.ee\/fi\/wp-json\/wp\/v2\/media\/39271"}],"wp:attachment":[{"href":"https:\/\/rodoaed.ee\/fi\/wp-json\/wp\/v2\/media?parent=52739"}],"wp:term":[{"taxonomy":"product_brand","embeddable":true,"href":"https:\/\/rodoaed.ee\/fi\/wp-json\/wp\/v2\/product_brand?post=52739"},{"taxonomy":"product_cat","embeddable":true,"href":"https:\/\/rodoaed.ee\/fi\/wp-json\/wp\/v2\/product_cat?post=52739"},{"taxonomy":"product_tag","embeddable":true,"href":"https:\/\/rodoaed.ee\/fi\/wp-json\/wp\/v2\/product_tag?post=52739"}],"curies":[{"name":"wp","href":"https:\/\/api.w.org\/{rel}","templated":true}]}}