{"id":52740,"date":"2021-12-08T21:54:00","date_gmt":"2021-12-08T19:54:00","guid":{"rendered":"https:\/\/rodoaed.ee\/toode\/japanilainen-kokan-veitsi-santoku-165mm\/"},"modified":"2026-04-13T10:53:03","modified_gmt":"2026-04-13T07:53:03","slug":"japanilainen-kokan-veitsi-santoku-165mm","status":"publish","type":"product","link":"https:\/\/rodoaed.ee\/fi\/tuote\/japanilainen-kokan-veitsi-santoku-165mm\/","title":{"rendered":"Japanilainen Kokan-veitsi Santoku 165mm"},"content":{"rendered":"<h2>Japanilainen keitti\u00f6veitsi Santoku. Kirsikkakahva <\/h2>\n<h3>K\u00e4ytt\u00f6kohteet: yleisk\u00e4ytt\u00f6\u00f6n keitti\u00f6ss\u00e4; lihan, kalan ja vihannesten leikkaamiseen. Lihan ja kalan fileointiin. Sopii k\u00e4ytett\u00e4v\u00e4ksi leikkuulaudalla tai ilman leikkuulautaa.  <\/h3>\n<p>T\u00e4m\u00e4 monik\u00e4ytt\u00f6inen keitti\u00f6veitsi sopii erinomaisesti lihan, kalan ja vihannesten valmistukseen. T\u00e4ydellisesti tasapainotettu leve\u00e4 ter\u00e4 leikkaa helposti kalaa, lihaa ja vihanneksia. Ter\u00e4 on valmistettu poikkeuksellisen korkealaatuisesta ruostumattomasta ter\u00e4ksest\u00e4. Ter\u00e4ss\u00e4 on perinteisesti ohut Solingen-tyylinen teroitus ja koko ter\u00e4 on k\u00e4sin kiillotettu.   <\/p>\n<p>Veitsen voi teroittaa keraamisella teroittimella, teroitustikulla tai vesiraolla. Puinen kahva on kiillotettu ja \u00f6ljytty mestarin toimesta. <\/p>\n<div>\n<h2>Parhaat sovellukset:<\/h2>\n<div>\n<ul>\n<li>K\u00e4ytt\u00f6 leikkuulaudalla<\/li>\n<li>Leikkaaminen ja viipalointi<\/li>\n<li>Arkistointi<\/li>\n<li>Hedelm\u00e4t ja vihannekset<\/li>\n<li>Liha ja kala<\/li>\n<\/ul>\n<\/div>\n<\/div>\n<h2>T\u00e4rkeimm\u00e4t ominaisuudet:<\/h2>\n<ul>\n<li>Ter\u00e4s: ruostumaton ter\u00e4s &#8211; kromi-vanadiini- ja molybdeeniseoskuituja.<\/li>\n<li>Kovuus 60 HRC (normaalit veitset ovat noin HRC 55-57).<\/li>\n<li>Laadut: <strong>sinilasitettu<\/strong> (Robert Herder valmistaa kahta laatua &#8211; hienolasitettu yksinkertaisempiin veitsiin ja sinilasitettu kalliimpiin veitsiin).<\/li>\n<li>Keskikokoinen ter\u00e4<\/li>\n<li>Kahva: h\u00f6yrytetty kirsikkapuu<\/li>\n<\/ul>\n<h2>Tekniset tiedot:<\/h2>\n<ul>\n<li>Ter\u00e4n pituus 165 mm<\/li>\n<li>Ter\u00e4n korkeus 43 mm<\/li>\n<li>Noahin kokonaispituus kahvan kanssa 300 mm<\/li>\n<li>Paino 108 g<\/li>\n<\/ul>\n<div data-fullscreen=\"disabled\" data-mode=\"normal\" data-oembed=\"1\" data-provider=\"youtube\" data-reset-after-played id=\"arve-youtube-nxvuuaaq29c\" class=\"arve\">\n<div class=\"arve-inner\">\n<div style=\"aspect-ratio:1140\/641\" class=\"arve-embed arve-embed--has-aspect-ratio\">\n<div class=\"arve-ar\" style=\"padding-top:56.228070%\"><\/div>\n<p>\t\t\t<iframe allow=\"accelerometer &apos;none&apos;;autoplay &apos;none&apos;;bluetooth &apos;none&apos;;browsing-topics &apos;none&apos;;camera &apos;none&apos;;clipboard-read &apos;none&apos;;clipboard-write;display-capture &apos;none&apos;;encrypted-media &apos;none&apos;;gamepad &apos;none&apos;;geolocation &apos;none&apos;;gyroscope &apos;none&apos;;hid &apos;none&apos;;identity-credentials-get &apos;none&apos;;idle-detection &apos;none&apos;;keyboard-map &apos;none&apos;;local-fonts;magnetometer &apos;none&apos;;microphone &apos;none&apos;;midi &apos;none&apos;;otp-credentials &apos;none&apos;;payment &apos;none&apos;;picture-in-picture;publickey-credentials-create &apos;none&apos;;publickey-credentials-get &apos;none&apos;;screen-wake-lock &apos;none&apos;;serial &apos;none&apos;;summarizer &apos;none&apos;;sync-xhr;usb &apos;none&apos;;web-share;window-management &apos;none&apos;;xr-spatial-tracking &apos;none&apos;;\" allowfullscreen=\"\" class=\"arve-iframe fitvidsignore\" credentialless data-arve=\"arve-youtube-nxvuuaaq29c\" data-lenis-prevent=\"\" data-src-no-ap=\"https:\/\/www.youtube-nocookie.com\/embed\/nXvUuAaQ29c?feature=oembed&amp;iv_load_policy=3&amp;modestbranding=1&amp;rel=0&amp;autohide=1&amp;playsinline=0&amp;autoplay=0&amp;enablejsapi=1\" frameborder=\"0\" height=\"0\" loading=\"lazy\" name=\"\" referrerpolicy=\"strict-origin-when-cross-origin\" sandbox=\"allow-scripts allow-same-origin allow-presentation allow-popups allow-popups-to-escape-sandbox\" scrolling=\"no\" src=\"https:\/\/www.youtube-nocookie.com\/embed\/nXvUuAaQ29c?feature=oembed&#038;iv_load_policy=3&#038;modestbranding=1&#038;rel=0&#038;autohide=1&#038;playsinline=0&#038;autoplay=0&#038;enablejsapi=1\" title=\"Robert Herder Kitchen Knives\" width=\"0\"><\/iframe><\/p><\/div>\n<\/p><\/div>\n<p>\t<script type=\"application\/ld+json\">{\"@context\":\"http:\\\/\\\/schema.org\\\/\",\"@id\":\"https:\\\/\\\/rodoaed.ee\\\/fi\\\/tuote\\\/japanilainen-kokan-veitsi-santoku-165mm\\\/#arve-youtube-nxvuuaaq29c\",\"type\":\"VideoObject\",\"embedURL\":\"https:\\\/\\\/www.youtube-nocookie.com\\\/embed\\\/nXvUuAaQ29c?feature=oembed&iv_load_policy=3&modestbranding=1&rel=0&autohide=1&playsinline=0&autoplay=0&enablejsapi=1\",\"name\":\"Robert Herder Kitchen Knives\",\"thumbnailUrl\":\"https:\\\/\\\/i.ytimg.com\\\/vi\\\/nXvUuAaQ29c\\\/hqdefault.jpg\",\"uploadDate\":\"2026-04-20T19:53:27+03:00\",\"author\":\"EdenWebshopsCoUK\",\"description\":\"Japanilainen keitti\\u00f6veitsi Santoku. Kirsikkakahva K\\u00e4ytt\\u00f6kohteet: yleisk\\u00e4ytt\\u00f6\\u00f6n keitti\\u00f6ss\\u00e4; lihan, kalan ja vihannesten leikkaamiseen. Lihan ja kalan fileointiin. Sopii k\\u00e4ytett\\u00e4v\\u00e4ksi leikkuulaudalla tai ilman leikkuulautaa. T\\u00e4m\\u00e4 monik\\u00e4ytt\\u00f6inen keitti\\u00f6veitsi sopii erinomaisesti lihan, kalan ja vihanne\"}<\/script><\/p>\n<\/div>\n<p><a href=\"https:\/\/rodoaed.ee\/fi\/\">kotisivu<\/a> <a href=\"https:\/\/rodoaed.ee\/fi\/tootekategooria\/keittiolaitteet\/\">k\u00e4ynnist\u00e4<\/a> <a href=\"https:\/\/rodoaed.ee\/fi\/tootekategooria\/keittiolaitteet\/keittion-pesuallas\/\">Keitti\u00f6n portaat<\/a> <a href=\"https:\/\/rodoaed.ee\/fi\/toode\/poyta-jossa-on-vanhan-saksalaisen-luumupuun-kahva\/\">p\u00f6yd\u00e4ll\u00e4<\/a> <a href=\"https:\/\/rodoaed.ee\/fi\/toode\/kokanuga-k5-luumupuukahva-182mm\/\">ruoanlaitto veitsi<\/a> <a href=\"https:\/\/rodoaed.ee\/fi\/toode\/leivanuga-k-b2-luumupuukahva-230mm\/\">leip\u00e4 veitsi<\/a><\/p>\n<p>&nbsp;<\/p>\n","protected":false},"excerpt":{"rendered":"<p>Japanilainen keitti\u00f6veitsi Santoku. Kirsikkakahva K\u00e4ytt\u00f6kohteet: yleisk\u00e4ytt\u00f6\u00f6n keitti\u00f6ss\u00e4; lihan, kalan ja vihannesten leikkaamiseen. Lihan ja kalan fileointiin. Sopii k\u00e4ytett\u00e4v\u00e4ksi leikkuulaudalla tai ilman leikkuulautaa. T\u00e4m\u00e4 monik\u00e4ytt\u00f6inen keitti\u00f6veitsi sopii erinomaisesti lihan, kalan ja vihannesten valmistukseen. T\u00e4ydellisesti tasapainotettu leve\u00e4 ter\u00e4 leikkaa helposti kalaa, lihaa ja vihanneksia. Ter\u00e4 on valmistettu poikkeuksellisen korkealaatuisesta ruostumattomasta ter\u00e4ksest\u00e4. Ter\u00e4ss\u00e4 on perinteisesti ohut Solingen-tyylinen teroitus ja koko ter\u00e4 on k\u00e4sin kiillotettu. Veitsen voi teroittaa keraamisella&#8230;<\/p>\n","protected":false},"featured_media":39184,"template":"","meta":{"_acf_changed":false},"product_brand":[],"product_cat":[1894,1751,1830,1892,1896],"product_tag":[],"class_list":{"0":"post-52740","1":"product","2":"type-product","3":"status-publish","4":"has-post-thumbnail","6":"product_cat-japanilaiset-kookospahkinat","7":"product_cat-keittiolaitteet","8":"product_cat-keittion-pesuallas","9":"product_cat-kookos","10":"product_cat-suncraft-senzo-classic-sarja","11":"product_shipping_class-toimitus-1-3-tyopaivan-kuluessa","12":"pa_variatsioon-keittioveitsi-k0-hiiliteras-kiillotettu-varsi-luumupuuta","14":"first","15":"onbackorder","16":"taxable","17":"shipping-taxable","18":"purchasable","19":"product-type-simple"},"acf":[],"yoast_head":"<!-- This site is optimized with the Yoast SEO Premium plugin v27.3 (Yoast SEO v27.3) - https:\/\/yoast.com\/product\/yoast-seo-premium-wordpress\/ -->\n<title>Japanilainen Kokan-veitsi Santoku 165mm - Rodoaed<\/title>\n<meta name=\"description\" content=\"Keitti\u00f6n pesuallas Mini-Yatagan yleiseen k\u00e4ytt\u00f6\u00f6n miss\u00e4 tahansa keitti\u00f6ss\u00e4. Mini-Yatagan-keitti\u00f6veitsess\u00e4 on kirsikkapuinen kahva.\" \/>\n<meta name=\"robots\" content=\"index, follow, max-snippet:-1, max-image-preview:large, max-video-preview:-1\" \/>\n<link rel=\"canonical\" href=\"https:\/\/rodoaed.ee\/fi\/toode\/japanilainen-kokan-veitsi-santoku-165mm\/\" \/>\n<meta property=\"og:locale\" content=\"fi_FI\" \/>\n<meta property=\"og:type\" content=\"article\" \/>\n<meta property=\"og:title\" content=\"Japanilainen Kokan-veitsi Santoku 165mm\" \/>\n<meta property=\"og:description\" content=\"Japanilainen keitti\u00f6veitsi Santoku. Kirsikkakahva K\u00e4ytt\u00f6kohteet: yleisk\u00e4ytt\u00f6\u00f6n keitti\u00f6ss\u00e4; lihan, kalan ja vihannesten leikkaamiseen. Lihan ja kalan\" \/>\n<meta property=\"og:url\" content=\"https:\/\/rodoaed.ee\/fi\/toode\/japanilainen-kokan-veitsi-santoku-165mm\/\" \/>\n<meta property=\"og:site_name\" content=\"Rodoaed\" \/>\n<meta property=\"article:publisher\" content=\"https:\/\/www.facebook.com\/kasvuhooned\/\" \/>\n<meta property=\"article:modified_time\" content=\"2026-04-13T07:53:03+00:00\" \/>\n<meta property=\"og:image\" content=\"https:\/\/rodoaed.ee\/wp-content\/uploads\/2021\/12\/kooginuga-santoku_1840_625_02_4.jpg\" \/>\n\t<meta property=\"og:image:width\" content=\"1302\" \/>\n\t<meta property=\"og:image:height\" content=\"868\" \/>\n\t<meta property=\"og:image:type\" content=\"image\/jpeg\" \/>\n<meta name=\"twitter:card\" content=\"summary_large_image\" \/>\n<meta name=\"twitter:label1\" content=\"Arvioitu lukuaika\" \/>\n\t<meta name=\"twitter:data1\" content=\"1 minuutti\" \/>\n<script type=\"application\/ld+json\" class=\"yoast-schema-graph\">{\"@context\":\"https:\\\/\\\/schema.org\",\"@graph\":[{\"@type\":\"WebPage\",\"@id\":\"https:\\\/\\\/rodoaed.ee\\\/fi\\\/toode\\\/japanilainen-kokan-veitsi-santoku-165mm\\\/\",\"url\":\"https:\\\/\\\/rodoaed.ee\\\/fi\\\/toode\\\/japanilainen-kokan-veitsi-santoku-165mm\\\/\",\"name\":\"Japanilainen Kokan-veitsi Santoku 165mm - Rodoaed\",\"isPartOf\":{\"@id\":\"https:\\\/\\\/rodoaed.ee\\\/#website\"},\"primaryImageOfPage\":{\"@id\":\"https:\\\/\\\/rodoaed.ee\\\/fi\\\/toode\\\/japanilainen-kokan-veitsi-santoku-165mm\\\/#primaryimage\"},\"image\":{\"@id\":\"https:\\\/\\\/rodoaed.ee\\\/fi\\\/toode\\\/japanilainen-kokan-veitsi-santoku-165mm\\\/#primaryimage\"},\"thumbnailUrl\":\"https:\\\/\\\/rodoaed.ee\\\/wp-content\\\/uploads\\\/2021\\\/12\\\/kooginuga-santoku_1840_625_02_4.jpg\",\"datePublished\":\"2021-12-08T19:54:00+00:00\",\"dateModified\":\"2026-04-13T07:53:03+00:00\",\"description\":\"Keitti\u00f6n pesuallas Mini-Yatagan yleiseen k\u00e4ytt\u00f6\u00f6n miss\u00e4 tahansa keitti\u00f6ss\u00e4. Mini-Yatagan-keitti\u00f6veitsess\u00e4 on kirsikkapuinen kahva.\",\"breadcrumb\":{\"@id\":\"https:\\\/\\\/rodoaed.ee\\\/fi\\\/toode\\\/japanilainen-kokan-veitsi-santoku-165mm\\\/#breadcrumb\"},\"inLanguage\":\"fi\",\"potentialAction\":[{\"@type\":\"ReadAction\",\"target\":[\"https:\\\/\\\/rodoaed.ee\\\/fi\\\/toode\\\/japanilainen-kokan-veitsi-santoku-165mm\\\/\"]}]},{\"@type\":\"ImageObject\",\"inLanguage\":\"fi\",\"@id\":\"https:\\\/\\\/rodoaed.ee\\\/fi\\\/toode\\\/japanilainen-kokan-veitsi-santoku-165mm\\\/#primaryimage\",\"url\":\"https:\\\/\\\/rodoaed.ee\\\/wp-content\\\/uploads\\\/2021\\\/12\\\/kooginuga-santoku_1840_625_02_4.jpg\",\"contentUrl\":\"https:\\\/\\\/rodoaed.ee\\\/wp-content\\\/uploads\\\/2021\\\/12\\\/kooginuga-santoku_1840_625_02_4.jpg\",\"width\":1302,\"height\":868},{\"@type\":\"BreadcrumbList\",\"@id\":\"https:\\\/\\\/rodoaed.ee\\\/fi\\\/toode\\\/japanilainen-kokan-veitsi-santoku-165mm\\\/#breadcrumb\",\"itemListElement\":[{\"@type\":\"ListItem\",\"position\":1,\"name\":\"Home\",\"item\":\"https:\\\/\\\/rodoaed.ee\\\/fi\\\/\"},{\"@type\":\"ListItem\",\"position\":2,\"name\":\"Osta osoitteessa\",\"item\":\"https:\\\/\\\/rodoaed.ee\\\/osta-osoitteessa\\\/\"},{\"@type\":\"ListItem\",\"position\":3,\"name\":\"Japanilainen Kokan-veitsi Santoku 165mm\"}]},{\"@type\":\"WebSite\",\"@id\":\"https:\\\/\\\/rodoaed.ee\\\/#website\",\"url\":\"https:\\\/\\\/rodoaed.ee\\\/\",\"name\":\"Rodoaed\",\"description\":\"\",\"publisher\":{\"@id\":\"https:\\\/\\\/rodoaed.ee\\\/#organization\"},\"potentialAction\":[{\"@type\":\"SearchAction\",\"target\":{\"@type\":\"EntryPoint\",\"urlTemplate\":\"https:\\\/\\\/rodoaed.ee\\\/?s={search_term_string}\"},\"query-input\":{\"@type\":\"PropertyValueSpecification\",\"valueRequired\":true,\"valueName\":\"search_term_string\"}}],\"inLanguage\":\"fi\"},{\"@type\":\"Organization\",\"@id\":\"https:\\\/\\\/rodoaed.ee\\\/#organization\",\"name\":\"Rodoaed\",\"url\":\"https:\\\/\\\/rodoaed.ee\\\/\",\"logo\":{\"@type\":\"ImageObject\",\"inLanguage\":\"fi\",\"@id\":\"https:\\\/\\\/rodoaed.ee\\\/#\\\/schema\\\/logo\\\/image\\\/\",\"url\":\"https:\\\/\\\/rodoaed.ee\\\/wp-content\\\/uploads\\\/2019\\\/11\\\/rodoaed-logo-ilma-taustata.jpg\",\"contentUrl\":\"https:\\\/\\\/rodoaed.ee\\\/wp-content\\\/uploads\\\/2019\\\/11\\\/rodoaed-logo-ilma-taustata.jpg\",\"width\":769,\"height\":268,\"caption\":\"Rodoaed\"},\"image\":{\"@id\":\"https:\\\/\\\/rodoaed.ee\\\/#\\\/schema\\\/logo\\\/image\\\/\"},\"sameAs\":[\"https:\\\/\\\/www.facebook.com\\\/kasvuhooned\\\/\",\"https:\\\/\\\/rodoaed.ee\"]}]}<\/script>\n<!-- \/ Yoast SEO Premium plugin. -->","yoast_head_json":{"title":"Japanilainen Kokan-veitsi Santoku 165mm - Rodoaed","description":"Keitti\u00f6n pesuallas Mini-Yatagan yleiseen k\u00e4ytt\u00f6\u00f6n miss\u00e4 tahansa keitti\u00f6ss\u00e4. Mini-Yatagan-keitti\u00f6veitsess\u00e4 on kirsikkapuinen kahva.","robots":{"index":"index","follow":"follow","max-snippet":"max-snippet:-1","max-image-preview":"max-image-preview:large","max-video-preview":"max-video-preview:-1"},"canonical":"https:\/\/rodoaed.ee\/fi\/toode\/japanilainen-kokan-veitsi-santoku-165mm\/","og_locale":"fi_FI","og_type":"article","og_title":"Japanilainen Kokan-veitsi Santoku 165mm","og_description":"Japanilainen keitti\u00f6veitsi Santoku. Kirsikkakahva K\u00e4ytt\u00f6kohteet: yleisk\u00e4ytt\u00f6\u00f6n keitti\u00f6ss\u00e4; lihan, kalan ja vihannesten leikkaamiseen. Lihan ja kalan","og_url":"https:\/\/rodoaed.ee\/fi\/toode\/japanilainen-kokan-veitsi-santoku-165mm\/","og_site_name":"Rodoaed","article_publisher":"https:\/\/www.facebook.com\/kasvuhooned\/","article_modified_time":"2026-04-13T07:53:03+00:00","og_image":[{"width":1302,"height":868,"url":"https:\/\/rodoaed.ee\/wp-content\/uploads\/2021\/12\/kooginuga-santoku_1840_625_02_4.jpg","type":"image\/jpeg"}],"twitter_card":"summary_large_image","twitter_misc":{"Arvioitu lukuaika":"1 minuutti"},"schema":{"@context":"https:\/\/schema.org","@graph":[{"@type":"WebPage","@id":"https:\/\/rodoaed.ee\/fi\/toode\/japanilainen-kokan-veitsi-santoku-165mm\/","url":"https:\/\/rodoaed.ee\/fi\/toode\/japanilainen-kokan-veitsi-santoku-165mm\/","name":"Japanilainen Kokan-veitsi Santoku 165mm - Rodoaed","isPartOf":{"@id":"https:\/\/rodoaed.ee\/#website"},"primaryImageOfPage":{"@id":"https:\/\/rodoaed.ee\/fi\/toode\/japanilainen-kokan-veitsi-santoku-165mm\/#primaryimage"},"image":{"@id":"https:\/\/rodoaed.ee\/fi\/toode\/japanilainen-kokan-veitsi-santoku-165mm\/#primaryimage"},"thumbnailUrl":"https:\/\/rodoaed.ee\/wp-content\/uploads\/2021\/12\/kooginuga-santoku_1840_625_02_4.jpg","datePublished":"2021-12-08T19:54:00+00:00","dateModified":"2026-04-13T07:53:03+00:00","description":"Keitti\u00f6n pesuallas Mini-Yatagan yleiseen k\u00e4ytt\u00f6\u00f6n miss\u00e4 tahansa keitti\u00f6ss\u00e4. Mini-Yatagan-keitti\u00f6veitsess\u00e4 on kirsikkapuinen kahva.","breadcrumb":{"@id":"https:\/\/rodoaed.ee\/fi\/toode\/japanilainen-kokan-veitsi-santoku-165mm\/#breadcrumb"},"inLanguage":"fi","potentialAction":[{"@type":"ReadAction","target":["https:\/\/rodoaed.ee\/fi\/toode\/japanilainen-kokan-veitsi-santoku-165mm\/"]}]},{"@type":"ImageObject","inLanguage":"fi","@id":"https:\/\/rodoaed.ee\/fi\/toode\/japanilainen-kokan-veitsi-santoku-165mm\/#primaryimage","url":"https:\/\/rodoaed.ee\/wp-content\/uploads\/2021\/12\/kooginuga-santoku_1840_625_02_4.jpg","contentUrl":"https:\/\/rodoaed.ee\/wp-content\/uploads\/2021\/12\/kooginuga-santoku_1840_625_02_4.jpg","width":1302,"height":868},{"@type":"BreadcrumbList","@id":"https:\/\/rodoaed.ee\/fi\/toode\/japanilainen-kokan-veitsi-santoku-165mm\/#breadcrumb","itemListElement":[{"@type":"ListItem","position":1,"name":"Home","item":"https:\/\/rodoaed.ee\/fi\/"},{"@type":"ListItem","position":2,"name":"Osta osoitteessa","item":"https:\/\/rodoaed.ee\/osta-osoitteessa\/"},{"@type":"ListItem","position":3,"name":"Japanilainen Kokan-veitsi Santoku 165mm"}]},{"@type":"WebSite","@id":"https:\/\/rodoaed.ee\/#website","url":"https:\/\/rodoaed.ee\/","name":"Rodoaed","description":"","publisher":{"@id":"https:\/\/rodoaed.ee\/#organization"},"potentialAction":[{"@type":"SearchAction","target":{"@type":"EntryPoint","urlTemplate":"https:\/\/rodoaed.ee\/?s={search_term_string}"},"query-input":{"@type":"PropertyValueSpecification","valueRequired":true,"valueName":"search_term_string"}}],"inLanguage":"fi"},{"@type":"Organization","@id":"https:\/\/rodoaed.ee\/#organization","name":"Rodoaed","url":"https:\/\/rodoaed.ee\/","logo":{"@type":"ImageObject","inLanguage":"fi","@id":"https:\/\/rodoaed.ee\/#\/schema\/logo\/image\/","url":"https:\/\/rodoaed.ee\/wp-content\/uploads\/2019\/11\/rodoaed-logo-ilma-taustata.jpg","contentUrl":"https:\/\/rodoaed.ee\/wp-content\/uploads\/2019\/11\/rodoaed-logo-ilma-taustata.jpg","width":769,"height":268,"caption":"Rodoaed"},"image":{"@id":"https:\/\/rodoaed.ee\/#\/schema\/logo\/image\/"},"sameAs":["https:\/\/www.facebook.com\/kasvuhooned\/","https:\/\/rodoaed.ee"]}]}},"_links":{"self":[{"href":"https:\/\/rodoaed.ee\/fi\/wp-json\/wp\/v2\/product\/52740","targetHints":{"allow":["GET"]}}],"collection":[{"href":"https:\/\/rodoaed.ee\/fi\/wp-json\/wp\/v2\/product"}],"about":[{"href":"https:\/\/rodoaed.ee\/fi\/wp-json\/wp\/v2\/types\/product"}],"wp:featuredmedia":[{"embeddable":true,"href":"https:\/\/rodoaed.ee\/fi\/wp-json\/wp\/v2\/media\/39184"}],"wp:attachment":[{"href":"https:\/\/rodoaed.ee\/fi\/wp-json\/wp\/v2\/media?parent=52740"}],"wp:term":[{"taxonomy":"product_brand","embeddable":true,"href":"https:\/\/rodoaed.ee\/fi\/wp-json\/wp\/v2\/product_brand?post=52740"},{"taxonomy":"product_cat","embeddable":true,"href":"https:\/\/rodoaed.ee\/fi\/wp-json\/wp\/v2\/product_cat?post=52740"},{"taxonomy":"product_tag","embeddable":true,"href":"https:\/\/rodoaed.ee\/fi\/wp-json\/wp\/v2\/product_tag?post=52740"}],"curies":[{"name":"wp","href":"https:\/\/api.w.org\/{rel}","templated":true}]}}