{"id":52743,"date":"2021-12-17T00:48:15","date_gmt":"2021-12-16T22:48:15","guid":{"rendered":"https:\/\/rodoaed.ee\/toode\/paprika-yolo-wonder-keskiaikainen-suuri-hedelmakoko\/"},"modified":"2026-04-13T10:53:07","modified_gmt":"2026-04-13T07:53:07","slug":"paprika-yolo-wonder-keskiaikainen-suuri-hedelmakoko","status":"publish","type":"product","link":"https:\/\/rodoaed.ee\/fi\/tuote\/paprika-yolo-wonder-keskiaikainen-suuri-hedelmakoko\/","title":{"rendered":"Paprika Yolo Wonder- keskiaikainen, suuri hedelm\u00e4koko."},"content":{"rendered":"<h2>Keskiaikainen ja satoisa lajike.<\/h2>\n<p>Capsicum annuum<\/p>\n<p>Keskenkorkea ja voimakkaasti kartiomainen tai kulmikas hedelm\u00e4. Hedelm\u00e4n pituus 11 cm. Paprikat ovat kyps\u00e4t kulutukseen, kun hedelm\u00e4t ovat vihreit\u00e4, ja t\u00e4ysin kyps\u00e4t hedelm\u00e4t ovat punaisia. Mehukas ja suurikokoinen lajike. Pid\u00e4 maa kosteana, lannoita 10 p\u00e4iv\u00e4n v\u00e4lein hedelmien puhkeamisen aikana.    <\/p>\n<p>45 siement\u00e4 pakkauksessa<\/p>\n<p><a href=\"https:\/\/rodoaed.ee\/fi\/\">kotisivu<\/a> <a href=\"https:\/\/rodoaed.ee\/fi\/tootekategooria\/puutarha-ja-piha\/\">k\u00e4ynnist\u00e4<\/a>  <a href=\"https:\/\/rodoaed.ee\/fi\/tootekategooria\/puutarha-ja-piha\/siemenet\/\">siemenet<\/a><\/p>\n<p>&nbsp;<\/p>\n","protected":false},"excerpt":{"rendered":"<p>Keskiaikainen ja satoisa lajike. Capsicum annuum Keskenkorkea ja voimakkaasti kartiomainen tai kulmikas hedelm\u00e4. Hedelm\u00e4n pituus 11 cm. Paprikat ovat kyps\u00e4t kulutukseen, kun hedelm\u00e4t ovat vihreit\u00e4, ja t\u00e4ysin kyps\u00e4t hedelm\u00e4t ovat punaisia. Mehukas ja suurikokoinen lajike. Pid\u00e4 maa kosteana, lannoita 10 p\u00e4iv\u00e4n v\u00e4lein hedelmien puhkeamisen aikana. 45 siement\u00e4 pakkauksessa kotisivu k\u00e4ynnist\u00e4 siemenet &nbsp;<\/p>\n","protected":false},"featured_media":39335,"template":"","meta":{"_acf_changed":false},"product_brand":[],"product_cat":[1759,1895,1752,1753],"product_tag":[],"class_list":{"0":"post-52743","1":"product","2":"type-product","3":"status-publish","4":"has-post-thumbnail","6":"product_cat-korkean-alennuksen-siementarjoukset","7":"product_cat-paprikan-siemenet","8":"product_cat-puutarha-ja-piha","9":"product_cat-siemenet","10":"product_shipping_class-toimitus-1-3-tyopaivan-kuluessa","11":"pa_variatsioon-suuri-blumatin-automaattinen-kastelujarjestelma-jossa-on-40-anturia-ja-vesihanaliitanta","13":"first","14":"instock","15":"sale","16":"taxable","17":"shipping-taxable","18":"purchasable","19":"product-type-simple"},"acf":[],"yoast_head":"<!-- This site is optimized with the Yoast SEO Premium plugin v27.3 (Yoast SEO v27.3) - https:\/\/yoast.com\/product\/yoast-seo-premium-wordpress\/ -->\n<title>Paprika Yolo Wonder- keskiaikainen, suuri hedelm\u00e4koko. - Rodoaed<\/title>\n<meta name=\"description\" content=\"Vihannesten siemeni\u00e4 Euroopan ja Viron parhailta tuottajilta. Kasvihuoneeseen ja avomaalle soveltuvat j\u00e4lkitestatut siemenet.\" \/>\n<meta name=\"robots\" content=\"index, follow, max-snippet:-1, max-image-preview:large, max-video-preview:-1\" \/>\n<link rel=\"canonical\" href=\"https:\/\/rodoaed.ee\/fi\/toode\/paprika-yolo-wonder-keskiaikainen-suuri-hedelmakoko\/\" \/>\n<meta property=\"og:locale\" content=\"fi_FI\" \/>\n<meta property=\"og:type\" content=\"article\" \/>\n<meta property=\"og:title\" content=\"Paprika Yolo Wonder- keskiaikainen, suuri hedelm\u00e4koko.\" \/>\n<meta property=\"og:description\" content=\"Keskiaikainen ja satoisa lajike. Capsicum annuum Keskenkorkea ja voimakkaasti kartiomainen tai kulmikas hedelm\u00e4. Hedelm\u00e4n pituus 11 cm. Paprikat ovat\" \/>\n<meta property=\"og:url\" content=\"https:\/\/rodoaed.ee\/fi\/toode\/paprika-yolo-wonder-keskiaikainen-suuri-hedelmakoko\/\" \/>\n<meta property=\"og:site_name\" content=\"Rodoaed\" \/>\n<meta property=\"article:publisher\" content=\"https:\/\/www.facebook.com\/kasvuhooned\/\" \/>\n<meta property=\"article:modified_time\" content=\"2026-04-13T07:53:07+00:00\" \/>\n<meta property=\"og:image\" content=\"https:\/\/rodoaed.ee\/wp-content\/uploads\/2021\/12\/paprika-seemned-yolo-wonder_1.jpg\" \/>\n\t<meta property=\"og:image:width\" content=\"432\" \/>\n\t<meta property=\"og:image:height\" content=\"600\" \/>\n\t<meta property=\"og:image:type\" content=\"image\/jpeg\" \/>\n<meta name=\"twitter:card\" content=\"summary_large_image\" \/>\n<script type=\"application\/ld+json\" class=\"yoast-schema-graph\">{\"@context\":\"https:\\\/\\\/schema.org\",\"@graph\":[{\"@type\":\"WebPage\",\"@id\":\"https:\\\/\\\/rodoaed.ee\\\/fi\\\/toode\\\/paprika-yolo-wonder-keskiaikainen-suuri-hedelmakoko\\\/\",\"url\":\"https:\\\/\\\/rodoaed.ee\\\/fi\\\/toode\\\/paprika-yolo-wonder-keskiaikainen-suuri-hedelmakoko\\\/\",\"name\":\"Paprika Yolo Wonder- keskiaikainen, suuri hedelm\u00e4koko. - Rodoaed\",\"isPartOf\":{\"@id\":\"https:\\\/\\\/rodoaed.ee\\\/#website\"},\"primaryImageOfPage\":{\"@id\":\"https:\\\/\\\/rodoaed.ee\\\/fi\\\/toode\\\/paprika-yolo-wonder-keskiaikainen-suuri-hedelmakoko\\\/#primaryimage\"},\"image\":{\"@id\":\"https:\\\/\\\/rodoaed.ee\\\/fi\\\/toode\\\/paprika-yolo-wonder-keskiaikainen-suuri-hedelmakoko\\\/#primaryimage\"},\"thumbnailUrl\":\"https:\\\/\\\/rodoaed.ee\\\/wp-content\\\/uploads\\\/2021\\\/12\\\/paprika-seemned-yolo-wonder_1.jpg\",\"datePublished\":\"2021-12-16T22:48:15+00:00\",\"dateModified\":\"2026-04-13T07:53:07+00:00\",\"description\":\"Vihannesten siemeni\u00e4 Euroopan ja Viron parhailta tuottajilta. Kasvihuoneeseen ja avomaalle soveltuvat j\u00e4lkitestatut siemenet.\",\"breadcrumb\":{\"@id\":\"https:\\\/\\\/rodoaed.ee\\\/fi\\\/toode\\\/paprika-yolo-wonder-keskiaikainen-suuri-hedelmakoko\\\/#breadcrumb\"},\"inLanguage\":\"fi\",\"potentialAction\":[{\"@type\":\"ReadAction\",\"target\":[\"https:\\\/\\\/rodoaed.ee\\\/fi\\\/toode\\\/paprika-yolo-wonder-keskiaikainen-suuri-hedelmakoko\\\/\"]}]},{\"@type\":\"ImageObject\",\"inLanguage\":\"fi\",\"@id\":\"https:\\\/\\\/rodoaed.ee\\\/fi\\\/toode\\\/paprika-yolo-wonder-keskiaikainen-suuri-hedelmakoko\\\/#primaryimage\",\"url\":\"https:\\\/\\\/rodoaed.ee\\\/wp-content\\\/uploads\\\/2021\\\/12\\\/paprika-seemned-yolo-wonder_1.jpg\",\"contentUrl\":\"https:\\\/\\\/rodoaed.ee\\\/wp-content\\\/uploads\\\/2021\\\/12\\\/paprika-seemned-yolo-wonder_1.jpg\",\"width\":432,\"height\":600},{\"@type\":\"BreadcrumbList\",\"@id\":\"https:\\\/\\\/rodoaed.ee\\\/fi\\\/toode\\\/paprika-yolo-wonder-keskiaikainen-suuri-hedelmakoko\\\/#breadcrumb\",\"itemListElement\":[{\"@type\":\"ListItem\",\"position\":1,\"name\":\"Home\",\"item\":\"https:\\\/\\\/rodoaed.ee\\\/fi\\\/\"},{\"@type\":\"ListItem\",\"position\":2,\"name\":\"Osta osoitteessa\",\"item\":\"https:\\\/\\\/rodoaed.ee\\\/osta-osoitteessa\\\/\"},{\"@type\":\"ListItem\",\"position\":3,\"name\":\"Paprika Yolo Wonder- keskiaikainen, suuri hedelm\u00e4koko.\"}]},{\"@type\":\"WebSite\",\"@id\":\"https:\\\/\\\/rodoaed.ee\\\/#website\",\"url\":\"https:\\\/\\\/rodoaed.ee\\\/\",\"name\":\"Rodoaed\",\"description\":\"\",\"publisher\":{\"@id\":\"https:\\\/\\\/rodoaed.ee\\\/#organization\"},\"potentialAction\":[{\"@type\":\"SearchAction\",\"target\":{\"@type\":\"EntryPoint\",\"urlTemplate\":\"https:\\\/\\\/rodoaed.ee\\\/?s={search_term_string}\"},\"query-input\":{\"@type\":\"PropertyValueSpecification\",\"valueRequired\":true,\"valueName\":\"search_term_string\"}}],\"inLanguage\":\"fi\"},{\"@type\":\"Organization\",\"@id\":\"https:\\\/\\\/rodoaed.ee\\\/#organization\",\"name\":\"Rodoaed\",\"url\":\"https:\\\/\\\/rodoaed.ee\\\/\",\"logo\":{\"@type\":\"ImageObject\",\"inLanguage\":\"fi\",\"@id\":\"https:\\\/\\\/rodoaed.ee\\\/#\\\/schema\\\/logo\\\/image\\\/\",\"url\":\"https:\\\/\\\/rodoaed.ee\\\/wp-content\\\/uploads\\\/2019\\\/11\\\/rodoaed-logo-ilma-taustata.jpg\",\"contentUrl\":\"https:\\\/\\\/rodoaed.ee\\\/wp-content\\\/uploads\\\/2019\\\/11\\\/rodoaed-logo-ilma-taustata.jpg\",\"width\":769,\"height\":268,\"caption\":\"Rodoaed\"},\"image\":{\"@id\":\"https:\\\/\\\/rodoaed.ee\\\/#\\\/schema\\\/logo\\\/image\\\/\"},\"sameAs\":[\"https:\\\/\\\/www.facebook.com\\\/kasvuhooned\\\/\",\"https:\\\/\\\/rodoaed.ee\"]}]}<\/script>\n<!-- \/ Yoast SEO Premium plugin. -->","yoast_head_json":{"title":"Paprika Yolo Wonder- keskiaikainen, suuri hedelm\u00e4koko. - Rodoaed","description":"Vihannesten siemeni\u00e4 Euroopan ja Viron parhailta tuottajilta. Kasvihuoneeseen ja avomaalle soveltuvat j\u00e4lkitestatut siemenet.","robots":{"index":"index","follow":"follow","max-snippet":"max-snippet:-1","max-image-preview":"max-image-preview:large","max-video-preview":"max-video-preview:-1"},"canonical":"https:\/\/rodoaed.ee\/fi\/toode\/paprika-yolo-wonder-keskiaikainen-suuri-hedelmakoko\/","og_locale":"fi_FI","og_type":"article","og_title":"Paprika Yolo Wonder- keskiaikainen, suuri hedelm\u00e4koko.","og_description":"Keskiaikainen ja satoisa lajike. Capsicum annuum Keskenkorkea ja voimakkaasti kartiomainen tai kulmikas hedelm\u00e4. Hedelm\u00e4n pituus 11 cm. Paprikat ovat","og_url":"https:\/\/rodoaed.ee\/fi\/toode\/paprika-yolo-wonder-keskiaikainen-suuri-hedelmakoko\/","og_site_name":"Rodoaed","article_publisher":"https:\/\/www.facebook.com\/kasvuhooned\/","article_modified_time":"2026-04-13T07:53:07+00:00","og_image":[{"width":432,"height":600,"url":"https:\/\/rodoaed.ee\/wp-content\/uploads\/2021\/12\/paprika-seemned-yolo-wonder_1.jpg","type":"image\/jpeg"}],"twitter_card":"summary_large_image","schema":{"@context":"https:\/\/schema.org","@graph":[{"@type":"WebPage","@id":"https:\/\/rodoaed.ee\/fi\/toode\/paprika-yolo-wonder-keskiaikainen-suuri-hedelmakoko\/","url":"https:\/\/rodoaed.ee\/fi\/toode\/paprika-yolo-wonder-keskiaikainen-suuri-hedelmakoko\/","name":"Paprika Yolo Wonder- keskiaikainen, suuri hedelm\u00e4koko. - Rodoaed","isPartOf":{"@id":"https:\/\/rodoaed.ee\/#website"},"primaryImageOfPage":{"@id":"https:\/\/rodoaed.ee\/fi\/toode\/paprika-yolo-wonder-keskiaikainen-suuri-hedelmakoko\/#primaryimage"},"image":{"@id":"https:\/\/rodoaed.ee\/fi\/toode\/paprika-yolo-wonder-keskiaikainen-suuri-hedelmakoko\/#primaryimage"},"thumbnailUrl":"https:\/\/rodoaed.ee\/wp-content\/uploads\/2021\/12\/paprika-seemned-yolo-wonder_1.jpg","datePublished":"2021-12-16T22:48:15+00:00","dateModified":"2026-04-13T07:53:07+00:00","description":"Vihannesten siemeni\u00e4 Euroopan ja Viron parhailta tuottajilta. Kasvihuoneeseen ja avomaalle soveltuvat j\u00e4lkitestatut siemenet.","breadcrumb":{"@id":"https:\/\/rodoaed.ee\/fi\/toode\/paprika-yolo-wonder-keskiaikainen-suuri-hedelmakoko\/#breadcrumb"},"inLanguage":"fi","potentialAction":[{"@type":"ReadAction","target":["https:\/\/rodoaed.ee\/fi\/toode\/paprika-yolo-wonder-keskiaikainen-suuri-hedelmakoko\/"]}]},{"@type":"ImageObject","inLanguage":"fi","@id":"https:\/\/rodoaed.ee\/fi\/toode\/paprika-yolo-wonder-keskiaikainen-suuri-hedelmakoko\/#primaryimage","url":"https:\/\/rodoaed.ee\/wp-content\/uploads\/2021\/12\/paprika-seemned-yolo-wonder_1.jpg","contentUrl":"https:\/\/rodoaed.ee\/wp-content\/uploads\/2021\/12\/paprika-seemned-yolo-wonder_1.jpg","width":432,"height":600},{"@type":"BreadcrumbList","@id":"https:\/\/rodoaed.ee\/fi\/toode\/paprika-yolo-wonder-keskiaikainen-suuri-hedelmakoko\/#breadcrumb","itemListElement":[{"@type":"ListItem","position":1,"name":"Home","item":"https:\/\/rodoaed.ee\/fi\/"},{"@type":"ListItem","position":2,"name":"Osta osoitteessa","item":"https:\/\/rodoaed.ee\/osta-osoitteessa\/"},{"@type":"ListItem","position":3,"name":"Paprika Yolo Wonder- keskiaikainen, suuri hedelm\u00e4koko."}]},{"@type":"WebSite","@id":"https:\/\/rodoaed.ee\/#website","url":"https:\/\/rodoaed.ee\/","name":"Rodoaed","description":"","publisher":{"@id":"https:\/\/rodoaed.ee\/#organization"},"potentialAction":[{"@type":"SearchAction","target":{"@type":"EntryPoint","urlTemplate":"https:\/\/rodoaed.ee\/?s={search_term_string}"},"query-input":{"@type":"PropertyValueSpecification","valueRequired":true,"valueName":"search_term_string"}}],"inLanguage":"fi"},{"@type":"Organization","@id":"https:\/\/rodoaed.ee\/#organization","name":"Rodoaed","url":"https:\/\/rodoaed.ee\/","logo":{"@type":"ImageObject","inLanguage":"fi","@id":"https:\/\/rodoaed.ee\/#\/schema\/logo\/image\/","url":"https:\/\/rodoaed.ee\/wp-content\/uploads\/2019\/11\/rodoaed-logo-ilma-taustata.jpg","contentUrl":"https:\/\/rodoaed.ee\/wp-content\/uploads\/2019\/11\/rodoaed-logo-ilma-taustata.jpg","width":769,"height":268,"caption":"Rodoaed"},"image":{"@id":"https:\/\/rodoaed.ee\/#\/schema\/logo\/image\/"},"sameAs":["https:\/\/www.facebook.com\/kasvuhooned\/","https:\/\/rodoaed.ee"]}]}},"_links":{"self":[{"href":"https:\/\/rodoaed.ee\/fi\/wp-json\/wp\/v2\/product\/52743","targetHints":{"allow":["GET"]}}],"collection":[{"href":"https:\/\/rodoaed.ee\/fi\/wp-json\/wp\/v2\/product"}],"about":[{"href":"https:\/\/rodoaed.ee\/fi\/wp-json\/wp\/v2\/types\/product"}],"wp:featuredmedia":[{"embeddable":true,"href":"https:\/\/rodoaed.ee\/fi\/wp-json\/wp\/v2\/media\/39335"}],"wp:attachment":[{"href":"https:\/\/rodoaed.ee\/fi\/wp-json\/wp\/v2\/media?parent=52743"}],"wp:term":[{"taxonomy":"product_brand","embeddable":true,"href":"https:\/\/rodoaed.ee\/fi\/wp-json\/wp\/v2\/product_brand?post=52743"},{"taxonomy":"product_cat","embeddable":true,"href":"https:\/\/rodoaed.ee\/fi\/wp-json\/wp\/v2\/product_cat?post=52743"},{"taxonomy":"product_tag","embeddable":true,"href":"https:\/\/rodoaed.ee\/fi\/wp-json\/wp\/v2\/product_tag?post=52743"}],"curies":[{"name":"wp","href":"https:\/\/api.w.org\/{rel}","templated":true}]}}