{"id":52745,"date":"2021-12-11T11:22:37","date_gmt":"2021-12-11T09:22:37","guid":{"rendered":"https:\/\/rodoaed.ee\/toode\/hidas-mylly-big-2p-elegantti\/"},"modified":"2026-04-13T10:53:11","modified_gmt":"2026-04-13T07:53:11","slug":"hidas-mylly-big-2p-elegantti","status":"publish","type":"product","link":"https:\/\/rodoaed.ee\/fi\/tuote\/hidas-mylly-big-2p-elegantti\/","title":{"rendered":"Hidas mylly BIG-2P Elegantti"},"content":{"rendered":"<p><strong>TRE Spade -mehu- ja tomaattipuristimet on suunniteltu k\u00e4ytett\u00e4v\u00e4ksi kotikeitti\u00f6iss\u00e4, ravintoloissa ja kaupallisissa keitti\u00f6iss\u00e4.<\/strong><\/p>\n<p>TRE Spade -mehunpuristimet irrottavat marjoista tuoremehua murskaamalla ja erottamalla kuoret ja siemenet siististi toisistaan. Koneet ovat tehokkaita, mutta toimivat keskim\u00e4\u00e4r\u00e4ist\u00e4 alhaisemmalla nopeudella, mik\u00e4 s\u00e4\u00e4st\u00e4\u00e4 ravintoaineita ja vitamiineja. Kaupallisesti saatavilla olevat massamehuautomaatit jauhavat ja piiskaavat yleens\u00e4 kaiken hedelm\u00e4lihan ja siemenet, mutta perinteinen kylm\u00e4puristus s\u00e4ilytt\u00e4\u00e4 mehun aromin, maun ja rakenteen.  <\/p>\n<p>Voit aina lis\u00e4t\u00e4 TRE Spade -murskaimen suuttimen olemassa olevaan mehustimen moottoriin, joten uutta moottorilohkoa ei tarvitse ostaa.<\/p>\n<p>TRE Spade -tuotemerkki on ollut tunnettu Euroopassa ja ymp\u00e4ri maailmaa yli 120 vuoden ajan eritt\u00e4in kest\u00e4vien eli &#8221;elinik\u00e4isten&#8221; keitti\u00f6koneiden valmistajana. T\u00e4h\u00e4n asti laitteet on valmistettu Euroopassa, Italian tehtaalla Torinossa. Valmistuksessa k\u00e4ytet\u00e4\u00e4n vain kaikkein kest\u00e4vimpi\u00e4 materiaaleja, kuten ruostumatonta ter\u00e4st\u00e4 ja valurautaa.  <\/p>\n<p>TRE Spade on kuuluisa my\u00f6s palkitusta muotoilustaan. Tavallisesti ammattikeitti\u00f6ihin tarkoitettuja laitteita valmistavat tehtaat eiv\u00e4t aseta suunnittelua etusijalle, vaan tehokkuus on etusijalla. Italialainen edell\u00e4k\u00e4vij\u00e4 on kuitenkin tunnettu teknologisesta innovaatiosta, pitk\u00e4aikaisesta kest\u00e4vyydest\u00e4 ja palkitusta muotoilusta. Viime vuosina ne ovat voittaneet useita Euroopan parhaita muotoilupalkintoja.   <\/p>\n<p><strong>HUOM. Parhaan tuloksen saat kuutioimalla hedelm\u00e4t, poistamalla viiniryp\u00e4leist\u00e4 kovat varret jne. N\u00e4in hedelm\u00e4t on helpompi kaataa koneeseen, ty\u00f6 sujuu nopeammin ja lopputulos on mehukkaampi. Lue lis\u00e4\u00e4 oheisesta k\u00e4ytt\u00f6ohjeesta.  <\/strong><\/p>\n<h2>T\u00e4rkeimm\u00e4t ominaisuudet:<\/h2>\n<ul>\n<li>Runko, ruuvi ja ruuvirengas on valmistettu valuraudasta.<\/li>\n<li>Yl\u00e4alusta ja mehunker\u00e4yspohja ruostumatonta ter\u00e4st\u00e4<\/li>\n<li>Itsesuojelun avulla<\/li>\n<li>Ruostumattomasta ter\u00e4ksest\u00e4 valmistettu moottorin kansi<\/li>\n<li>Asynkroninen yksivaiheinen induktiomoottori 220 V\/50Hz<\/li>\n<li>Nopea purkaminen k\u00e4tev\u00e4\u00e4 puhdistusta varten<\/li>\n<li>Lis\u00e4varusteena voidaan lis\u00e4t\u00e4 jauhinmoduuli.<\/li>\n<li><span style=\"line-height: 1;\">Helppo k\u00e4ytt\u00e4\u00e4<\/span><\/li>\n<li>Kompakti ja vakaa<\/li>\n<\/ul>\n<h2>Tekniset tiedot:<\/h2>\n<ul>\n<li>Moottorin teho: 480 W<\/li>\n<li>Ruuvin py\u00f6rimisnopeus: 160 rpm<\/li>\n<li>Tuottavuus: 650 kg tunnissa*<\/li>\n<li>Paino: 13 kg<\/li>\n<li>Mitat: 62,5 x 29 x 45 cm.<\/li>\n<\/ul>\n<p>* Tuottavuus lasketaan mehustamalla raakoja tai puhdistettuja tomaatteja. Eri hedelmill\u00e4 ja marjoilla voi olla erilainen tuotto. <\/p>\n<h3><a href=\"https:\/\/rodoaed.ee\/wp-content\/uploads\/2021\/12\/Kasutusjuhend_TRE-Spade-mahlapress-BIG-80.pdf\">K\u00e4ytt\u00f6ohje_TRE Spade mehustin BIG-80<\/a><\/h3>\n","protected":false},"excerpt":{"rendered":"<p>TRE Spade -mehu- ja tomaattipuristimet on suunniteltu k\u00e4ytett\u00e4v\u00e4ksi kotikeitti\u00f6iss\u00e4, ravintoloissa ja kaupallisissa keitti\u00f6iss\u00e4. TRE Spade -mehunpuristimet irrottavat marjoista tuoremehua murskaamalla ja erottamalla kuoret ja siemenet siististi toisistaan. Koneet ovat tehokkaita, mutta toimivat keskim\u00e4\u00e4r\u00e4ist\u00e4 alhaisemmalla nopeudella, mik\u00e4 s\u00e4\u00e4st\u00e4\u00e4 ravintoaineita ja vitamiineja. Kaupallisesti saatavilla olevat massamehuautomaatit jauhavat ja piiskaavat yleens\u00e4 kaiken hedelm\u00e4lihan ja siemenet, mutta perinteinen kylm\u00e4puristus s\u00e4ilytt\u00e4\u00e4 mehun aromin, maun ja rakenteen. Voit aina lis\u00e4t\u00e4 TRE&#8230;<\/p>\n","protected":false},"featured_media":39219,"template":"","meta":{"_acf_changed":false},"product_brand":[],"product_cat":[1898,1751],"product_tag":[],"class_list":{"0":"post-52745","1":"product","2":"type-product","3":"status-publish","4":"has-post-thumbnail","6":"product_cat-hiontapuristimet","7":"product_cat-keittiolaitteet","8":"product_shipping_class-toimitus-1-3-tyopaivan-kuluessa","9":"pa_variatsioon-hiontapuristin-big-80","11":"first","12":"onbackorder","13":"taxable","14":"shipping-taxable","15":"purchasable","16":"product-type-simple"},"acf":[],"yoast_head":"<!-- This site is optimized with the Yoast SEO Premium plugin v27.3 (Yoast SEO v27.3) - https:\/\/yoast.com\/product\/yoast-seo-premium-wordpress\/ -->\n<title>Hidas mylly BIG-2P Elegantti -% Rodoaed-juicerit<\/title>\n<meta name=\"description\" content=\"TRE Spade -mehunpuristimet irrottavat marjoista tuoremehua murskaamalla ja erottamalla kuoret ja siemenet siististi toisistaan. Mehustin on suuritehoinen.\" \/>\n<meta name=\"robots\" content=\"index, follow, max-snippet:-1, max-image-preview:large, max-video-preview:-1\" \/>\n<link rel=\"canonical\" href=\"https:\/\/rodoaed.ee\/fi\/toode\/hidas-mylly-big-2p-elegantti\/\" \/>\n<meta property=\"og:locale\" content=\"fi_FI\" \/>\n<meta property=\"og:type\" content=\"article\" \/>\n<meta property=\"og:title\" content=\"Hidas mylly BIG-2P Elegantti\" \/>\n<meta property=\"og:description\" content=\"TRE Spade -mehu- ja tomaattipuristimet on suunniteltu k\u00e4ytett\u00e4v\u00e4ksi kotikeitti\u00f6iss\u00e4, ravintoloissa ja kaupallisissa keitti\u00f6iss\u00e4. TRE Spade\" \/>\n<meta property=\"og:url\" content=\"https:\/\/rodoaed.ee\/fi\/toode\/hidas-mylly-big-2p-elegantti\/\" \/>\n<meta property=\"og:site_name\" content=\"Rodoaed\" \/>\n<meta property=\"article:publisher\" content=\"https:\/\/www.facebook.com\/kasvuhooned\/\" \/>\n<meta property=\"article:modified_time\" content=\"2026-04-13T07:53:11+00:00\" \/>\n<meta property=\"og:image\" content=\"https:\/\/rodoaed.ee\/wp-content\/uploads\/2021\/12\/mahlapress-BIG-2P-Elegant_17000BIE_1.png\" \/>\n\t<meta property=\"og:image:width\" content=\"830\" \/>\n\t<meta property=\"og:image:height\" content=\"720\" \/>\n\t<meta property=\"og:image:type\" content=\"image\/png\" \/>\n<meta name=\"twitter:card\" content=\"summary_large_image\" \/>\n<meta name=\"twitter:label1\" content=\"Arvioitu lukuaika\" \/>\n\t<meta name=\"twitter:data1\" content=\"2 minuuttia\" \/>\n<script type=\"application\/ld+json\" class=\"yoast-schema-graph\">{\"@context\":\"https:\\\/\\\/schema.org\",\"@graph\":[{\"@type\":\"WebPage\",\"@id\":\"https:\\\/\\\/rodoaed.ee\\\/fi\\\/toode\\\/hidas-mylly-big-2p-elegantti\\\/\",\"url\":\"https:\\\/\\\/rodoaed.ee\\\/fi\\\/toode\\\/hidas-mylly-big-2p-elegantti\\\/\",\"name\":\"Hidas mylly BIG-2P Elegantti -% Rodoaed-juicerit\",\"isPartOf\":{\"@id\":\"https:\\\/\\\/rodoaed.ee\\\/#website\"},\"primaryImageOfPage\":{\"@id\":\"https:\\\/\\\/rodoaed.ee\\\/fi\\\/toode\\\/hidas-mylly-big-2p-elegantti\\\/#primaryimage\"},\"image\":{\"@id\":\"https:\\\/\\\/rodoaed.ee\\\/fi\\\/toode\\\/hidas-mylly-big-2p-elegantti\\\/#primaryimage\"},\"thumbnailUrl\":\"https:\\\/\\\/rodoaed.ee\\\/wp-content\\\/uploads\\\/2021\\\/12\\\/mahlapress-BIG-2P-Elegant_17000BIE_1.png\",\"datePublished\":\"2021-12-11T09:22:37+00:00\",\"dateModified\":\"2026-04-13T07:53:11+00:00\",\"description\":\"TRE Spade -mehunpuristimet irrottavat marjoista tuoremehua murskaamalla ja erottamalla kuoret ja siemenet siististi toisistaan. Mehustin on suuritehoinen.\",\"breadcrumb\":{\"@id\":\"https:\\\/\\\/rodoaed.ee\\\/fi\\\/toode\\\/hidas-mylly-big-2p-elegantti\\\/#breadcrumb\"},\"inLanguage\":\"fi\",\"potentialAction\":[{\"@type\":\"ReadAction\",\"target\":[\"https:\\\/\\\/rodoaed.ee\\\/fi\\\/toode\\\/hidas-mylly-big-2p-elegantti\\\/\"]}]},{\"@type\":\"ImageObject\",\"inLanguage\":\"fi\",\"@id\":\"https:\\\/\\\/rodoaed.ee\\\/fi\\\/toode\\\/hidas-mylly-big-2p-elegantti\\\/#primaryimage\",\"url\":\"https:\\\/\\\/rodoaed.ee\\\/wp-content\\\/uploads\\\/2021\\\/12\\\/mahlapress-BIG-2P-Elegant_17000BIE_1.png\",\"contentUrl\":\"https:\\\/\\\/rodoaed.ee\\\/wp-content\\\/uploads\\\/2021\\\/12\\\/mahlapress-BIG-2P-Elegant_17000BIE_1.png\",\"width\":830,\"height\":720},{\"@type\":\"BreadcrumbList\",\"@id\":\"https:\\\/\\\/rodoaed.ee\\\/fi\\\/toode\\\/hidas-mylly-big-2p-elegantti\\\/#breadcrumb\",\"itemListElement\":[{\"@type\":\"ListItem\",\"position\":1,\"name\":\"Home\",\"item\":\"https:\\\/\\\/rodoaed.ee\\\/fi\\\/\"},{\"@type\":\"ListItem\",\"position\":2,\"name\":\"Osta osoitteessa\",\"item\":\"https:\\\/\\\/rodoaed.ee\\\/osta-osoitteessa\\\/\"},{\"@type\":\"ListItem\",\"position\":3,\"name\":\"Hidas mylly BIG-2P Elegantti\"}]},{\"@type\":\"WebSite\",\"@id\":\"https:\\\/\\\/rodoaed.ee\\\/#website\",\"url\":\"https:\\\/\\\/rodoaed.ee\\\/\",\"name\":\"Rodoaed\",\"description\":\"\",\"publisher\":{\"@id\":\"https:\\\/\\\/rodoaed.ee\\\/#organization\"},\"potentialAction\":[{\"@type\":\"SearchAction\",\"target\":{\"@type\":\"EntryPoint\",\"urlTemplate\":\"https:\\\/\\\/rodoaed.ee\\\/?s={search_term_string}\"},\"query-input\":{\"@type\":\"PropertyValueSpecification\",\"valueRequired\":true,\"valueName\":\"search_term_string\"}}],\"inLanguage\":\"fi\"},{\"@type\":\"Organization\",\"@id\":\"https:\\\/\\\/rodoaed.ee\\\/#organization\",\"name\":\"Rodoaed\",\"url\":\"https:\\\/\\\/rodoaed.ee\\\/\",\"logo\":{\"@type\":\"ImageObject\",\"inLanguage\":\"fi\",\"@id\":\"https:\\\/\\\/rodoaed.ee\\\/#\\\/schema\\\/logo\\\/image\\\/\",\"url\":\"https:\\\/\\\/rodoaed.ee\\\/wp-content\\\/uploads\\\/2019\\\/11\\\/rodoaed-logo-ilma-taustata.jpg\",\"contentUrl\":\"https:\\\/\\\/rodoaed.ee\\\/wp-content\\\/uploads\\\/2019\\\/11\\\/rodoaed-logo-ilma-taustata.jpg\",\"width\":769,\"height\":268,\"caption\":\"Rodoaed\"},\"image\":{\"@id\":\"https:\\\/\\\/rodoaed.ee\\\/#\\\/schema\\\/logo\\\/image\\\/\"},\"sameAs\":[\"https:\\\/\\\/www.facebook.com\\\/kasvuhooned\\\/\",\"https:\\\/\\\/rodoaed.ee\"]}]}<\/script>\n<!-- \/ Yoast SEO Premium plugin. -->","yoast_head_json":{"title":"Hidas mylly BIG-2P Elegantti -% Rodoaed-juicerit","description":"TRE Spade -mehunpuristimet irrottavat marjoista tuoremehua murskaamalla ja erottamalla kuoret ja siemenet siististi toisistaan. Mehustin on suuritehoinen.","robots":{"index":"index","follow":"follow","max-snippet":"max-snippet:-1","max-image-preview":"max-image-preview:large","max-video-preview":"max-video-preview:-1"},"canonical":"https:\/\/rodoaed.ee\/fi\/toode\/hidas-mylly-big-2p-elegantti\/","og_locale":"fi_FI","og_type":"article","og_title":"Hidas mylly BIG-2P Elegantti","og_description":"TRE Spade -mehu- ja tomaattipuristimet on suunniteltu k\u00e4ytett\u00e4v\u00e4ksi kotikeitti\u00f6iss\u00e4, ravintoloissa ja kaupallisissa keitti\u00f6iss\u00e4. TRE Spade","og_url":"https:\/\/rodoaed.ee\/fi\/toode\/hidas-mylly-big-2p-elegantti\/","og_site_name":"Rodoaed","article_publisher":"https:\/\/www.facebook.com\/kasvuhooned\/","article_modified_time":"2026-04-13T07:53:11+00:00","og_image":[{"width":830,"height":720,"url":"https:\/\/rodoaed.ee\/wp-content\/uploads\/2021\/12\/mahlapress-BIG-2P-Elegant_17000BIE_1.png","type":"image\/png"}],"twitter_card":"summary_large_image","twitter_misc":{"Arvioitu lukuaika":"2 minuuttia"},"schema":{"@context":"https:\/\/schema.org","@graph":[{"@type":"WebPage","@id":"https:\/\/rodoaed.ee\/fi\/toode\/hidas-mylly-big-2p-elegantti\/","url":"https:\/\/rodoaed.ee\/fi\/toode\/hidas-mylly-big-2p-elegantti\/","name":"Hidas mylly BIG-2P Elegantti -% Rodoaed-juicerit","isPartOf":{"@id":"https:\/\/rodoaed.ee\/#website"},"primaryImageOfPage":{"@id":"https:\/\/rodoaed.ee\/fi\/toode\/hidas-mylly-big-2p-elegantti\/#primaryimage"},"image":{"@id":"https:\/\/rodoaed.ee\/fi\/toode\/hidas-mylly-big-2p-elegantti\/#primaryimage"},"thumbnailUrl":"https:\/\/rodoaed.ee\/wp-content\/uploads\/2021\/12\/mahlapress-BIG-2P-Elegant_17000BIE_1.png","datePublished":"2021-12-11T09:22:37+00:00","dateModified":"2026-04-13T07:53:11+00:00","description":"TRE Spade -mehunpuristimet irrottavat marjoista tuoremehua murskaamalla ja erottamalla kuoret ja siemenet siististi toisistaan. Mehustin on suuritehoinen.","breadcrumb":{"@id":"https:\/\/rodoaed.ee\/fi\/toode\/hidas-mylly-big-2p-elegantti\/#breadcrumb"},"inLanguage":"fi","potentialAction":[{"@type":"ReadAction","target":["https:\/\/rodoaed.ee\/fi\/toode\/hidas-mylly-big-2p-elegantti\/"]}]},{"@type":"ImageObject","inLanguage":"fi","@id":"https:\/\/rodoaed.ee\/fi\/toode\/hidas-mylly-big-2p-elegantti\/#primaryimage","url":"https:\/\/rodoaed.ee\/wp-content\/uploads\/2021\/12\/mahlapress-BIG-2P-Elegant_17000BIE_1.png","contentUrl":"https:\/\/rodoaed.ee\/wp-content\/uploads\/2021\/12\/mahlapress-BIG-2P-Elegant_17000BIE_1.png","width":830,"height":720},{"@type":"BreadcrumbList","@id":"https:\/\/rodoaed.ee\/fi\/toode\/hidas-mylly-big-2p-elegantti\/#breadcrumb","itemListElement":[{"@type":"ListItem","position":1,"name":"Home","item":"https:\/\/rodoaed.ee\/fi\/"},{"@type":"ListItem","position":2,"name":"Osta osoitteessa","item":"https:\/\/rodoaed.ee\/osta-osoitteessa\/"},{"@type":"ListItem","position":3,"name":"Hidas mylly BIG-2P Elegantti"}]},{"@type":"WebSite","@id":"https:\/\/rodoaed.ee\/#website","url":"https:\/\/rodoaed.ee\/","name":"Rodoaed","description":"","publisher":{"@id":"https:\/\/rodoaed.ee\/#organization"},"potentialAction":[{"@type":"SearchAction","target":{"@type":"EntryPoint","urlTemplate":"https:\/\/rodoaed.ee\/?s={search_term_string}"},"query-input":{"@type":"PropertyValueSpecification","valueRequired":true,"valueName":"search_term_string"}}],"inLanguage":"fi"},{"@type":"Organization","@id":"https:\/\/rodoaed.ee\/#organization","name":"Rodoaed","url":"https:\/\/rodoaed.ee\/","logo":{"@type":"ImageObject","inLanguage":"fi","@id":"https:\/\/rodoaed.ee\/#\/schema\/logo\/image\/","url":"https:\/\/rodoaed.ee\/wp-content\/uploads\/2019\/11\/rodoaed-logo-ilma-taustata.jpg","contentUrl":"https:\/\/rodoaed.ee\/wp-content\/uploads\/2019\/11\/rodoaed-logo-ilma-taustata.jpg","width":769,"height":268,"caption":"Rodoaed"},"image":{"@id":"https:\/\/rodoaed.ee\/#\/schema\/logo\/image\/"},"sameAs":["https:\/\/www.facebook.com\/kasvuhooned\/","https:\/\/rodoaed.ee"]}]}},"_links":{"self":[{"href":"https:\/\/rodoaed.ee\/fi\/wp-json\/wp\/v2\/product\/52745","targetHints":{"allow":["GET"]}}],"collection":[{"href":"https:\/\/rodoaed.ee\/fi\/wp-json\/wp\/v2\/product"}],"about":[{"href":"https:\/\/rodoaed.ee\/fi\/wp-json\/wp\/v2\/types\/product"}],"wp:featuredmedia":[{"embeddable":true,"href":"https:\/\/rodoaed.ee\/fi\/wp-json\/wp\/v2\/media\/39219"}],"wp:attachment":[{"href":"https:\/\/rodoaed.ee\/fi\/wp-json\/wp\/v2\/media?parent=52745"}],"wp:term":[{"taxonomy":"product_brand","embeddable":true,"href":"https:\/\/rodoaed.ee\/fi\/wp-json\/wp\/v2\/product_brand?post=52745"},{"taxonomy":"product_cat","embeddable":true,"href":"https:\/\/rodoaed.ee\/fi\/wp-json\/wp\/v2\/product_cat?post=52745"},{"taxonomy":"product_tag","embeddable":true,"href":"https:\/\/rodoaed.ee\/fi\/wp-json\/wp\/v2\/product_tag?post=52745"}],"curies":[{"name":"wp","href":"https:\/\/api.w.org\/{rel}","templated":true}]}}