{"id":52746,"date":"2021-12-20T20:31:12","date_gmt":"2021-12-20T18:31:12","guid":{"rendered":"https:\/\/rodoaed.ee\/toode\/tomaatti-polbig-f1-erittain-satoisa-erittain-suuret-hedelmat-200g\/"},"modified":"2026-04-13T10:53:17","modified_gmt":"2026-04-13T07:53:17","slug":"tomaatti-polbig-f1-erittain-satoisa-erittain-suuret-hedelmat-200g","status":"publish","type":"product","link":"https:\/\/rodoaed.ee\/fi\/tuote\/tomaatti-polbig-f1-erittain-satoisa-erittain-suuret-hedelmat-200g\/","title":{"rendered":"Tomaatti Polbig F1- eritt\u00e4in satoisa, eritt\u00e4in suuret hedelm\u00e4t 200g"},"content":{"rendered":"<h2>Eritt\u00e4in tuottava ja eritt\u00e4in suurikokoinen lihantuotantoon tarkoitettu tomaatti.<\/h2>\n<p>Lycopersicon esculentum<\/p>\n<p>Tomaatti Polbig F1 on yksi korkeatuottoisimmista lihatomaateista. Taimien kasvatus kest\u00e4\u00e4 45-60 p\u00e4iv\u00e4\u00e4. Hedelm\u00e4t ovat suuria (noin 200 g), py\u00f6reit\u00e4 ja kiinte\u00e4lihaisia, ja ne s\u00e4ilyv\u00e4t hyvin. Miellytt\u00e4\u00e4 sek\u00e4 kokkeja ett\u00e4 sy\u00f6ji\u00e4. Se siet\u00e4\u00e4 hyvin my\u00f6s alhaisia l\u00e4mp\u00f6tiloja kasvukauden aikana. Melko taudinkest\u00e4v\u00e4.     <\/p>\n<p>Pakkaus sis\u00e4lt\u00e4\u00e4 0,25 g siemeni\u00e4 (noin 50 siement\u00e4).<\/p>\n<p><a href=\"https:\/\/rodoaed.ee\/fi\/\">kotisivu<\/a> <a href=\"https:\/\/rodoaed.ee\/fi\/tootekategooria\/puutarha-ja-piha\/\">k\u00e4ynnist\u00e4<\/a>  <a href=\"https:\/\/rodoaed.ee\/fi\/tootekategooria\/puutarha-ja-piha\/siemenet\/\">siemenet<\/a><\/p>\n<p>&nbsp;<\/p>\n","protected":false},"excerpt":{"rendered":"<p>Eritt\u00e4in tuottava ja eritt\u00e4in suurikokoinen lihantuotantoon tarkoitettu tomaatti. Lycopersicon esculentum Tomaatti Polbig F1 on yksi korkeatuottoisimmista lihatomaateista. Taimien kasvatus kest\u00e4\u00e4 45-60 p\u00e4iv\u00e4\u00e4. Hedelm\u00e4t ovat suuria (noin 200 g), py\u00f6reit\u00e4 ja kiinte\u00e4lihaisia, ja ne s\u00e4ilyv\u00e4t hyvin. Miellytt\u00e4\u00e4 sek\u00e4 kokkeja ett\u00e4 sy\u00f6ji\u00e4. Se siet\u00e4\u00e4 hyvin my\u00f6s alhaisia l\u00e4mp\u00f6tiloja kasvukauden aikana. Melko taudinkest\u00e4v\u00e4. Pakkaus sis\u00e4lt\u00e4\u00e4 0,25 g siemeni\u00e4 (noin 50 siement\u00e4). kotisivu k\u00e4ynnist\u00e4 siemenet &nbsp;<\/p>\n","protected":false},"featured_media":39450,"template":"","meta":{"_acf_changed":false},"product_brand":[],"product_cat":[1752,1753,1893],"product_tag":[],"class_list":{"0":"post-52746","1":"product","2":"type-product","3":"status-publish","4":"has-post-thumbnail","6":"product_cat-puutarha-ja-piha","7":"product_cat-siemenet","8":"product_cat-tomaatin-siemenet","9":"product_shipping_class-toimitus-1-3-tyopaivan-kuluessa","10":"pa_variatsioon-suuri-blumatin-automaattinen-kastelujarjestelma-jossa-on-40-anturia-ja-vesihanaliitanta","12":"first","13":"outofstock","14":"taxable","15":"shipping-taxable","16":"purchasable","17":"product-type-simple"},"acf":[],"yoast_head":"<!-- This site is optimized with the Yoast SEO Premium plugin v27.3 (Yoast SEO v27.3) - https:\/\/yoast.com\/product\/yoast-seo-premium-wordpress\/ -->\n<title>Tomaatti Polbig F1- eritt\u00e4in satoisa, eritt\u00e4in suuret hedelm\u00e4t 200g - Rodoaed<\/title>\n<meta name=\"description\" content=\"Vihannesten siemeni\u00e4 Euroopan ja Viron parhailta tuottajilta. Kasvihuoneeseen ja avomaalle soveltuvat j\u00e4lkitestatut siemenet.\" \/>\n<meta name=\"robots\" content=\"index, follow, max-snippet:-1, max-image-preview:large, max-video-preview:-1\" \/>\n<link rel=\"canonical\" href=\"https:\/\/rodoaed.ee\/fi\/toode\/tomaatti-polbig-f1-erittain-satoisa-erittain-suuret-hedelmat-200g\/\" \/>\n<meta property=\"og:locale\" content=\"fi_FI\" \/>\n<meta property=\"og:type\" content=\"article\" \/>\n<meta property=\"og:title\" content=\"Tomaatti Polbig F1- eritt\u00e4in satoisa, eritt\u00e4in suuret hedelm\u00e4t 200g\" \/>\n<meta property=\"og:description\" content=\"Eritt\u00e4in tuottava ja eritt\u00e4in suurikokoinen lihantuotantoon tarkoitettu tomaatti. Lycopersicon esculentum Tomaatti Polbig F1 on yksi korkeatuottoisimmista\" \/>\n<meta property=\"og:url\" content=\"https:\/\/rodoaed.ee\/fi\/toode\/tomaatti-polbig-f1-erittain-satoisa-erittain-suuret-hedelmat-200g\/\" \/>\n<meta property=\"og:site_name\" content=\"Rodoaed\" \/>\n<meta property=\"article:publisher\" content=\"https:\/\/www.facebook.com\/kasvuhooned\/\" \/>\n<meta property=\"article:modified_time\" content=\"2026-04-13T07:53:17+00:00\" \/>\n<meta property=\"og:image\" content=\"https:\/\/rodoaed.ee\/wp-content\/uploads\/2021\/12\/tomatiseemned_suvipiha_Polbig-F1_8711117584650_ss.png\" \/>\n\t<meta property=\"og:image:width\" content=\"606\" \/>\n\t<meta property=\"og:image:height\" content=\"970\" \/>\n\t<meta property=\"og:image:type\" content=\"image\/png\" \/>\n<meta name=\"twitter:card\" content=\"summary_large_image\" \/>\n<script type=\"application\/ld+json\" class=\"yoast-schema-graph\">{\"@context\":\"https:\\\/\\\/schema.org\",\"@graph\":[{\"@type\":\"WebPage\",\"@id\":\"https:\\\/\\\/rodoaed.ee\\\/fi\\\/toode\\\/tomaatti-polbig-f1-erittain-satoisa-erittain-suuret-hedelmat-200g\\\/\",\"url\":\"https:\\\/\\\/rodoaed.ee\\\/fi\\\/toode\\\/tomaatti-polbig-f1-erittain-satoisa-erittain-suuret-hedelmat-200g\\\/\",\"name\":\"Tomaatti Polbig F1- eritt\u00e4in satoisa, eritt\u00e4in suuret hedelm\u00e4t 200g - Rodoaed\",\"isPartOf\":{\"@id\":\"https:\\\/\\\/rodoaed.ee\\\/#website\"},\"primaryImageOfPage\":{\"@id\":\"https:\\\/\\\/rodoaed.ee\\\/fi\\\/toode\\\/tomaatti-polbig-f1-erittain-satoisa-erittain-suuret-hedelmat-200g\\\/#primaryimage\"},\"image\":{\"@id\":\"https:\\\/\\\/rodoaed.ee\\\/fi\\\/toode\\\/tomaatti-polbig-f1-erittain-satoisa-erittain-suuret-hedelmat-200g\\\/#primaryimage\"},\"thumbnailUrl\":\"https:\\\/\\\/rodoaed.ee\\\/wp-content\\\/uploads\\\/2021\\\/12\\\/tomatiseemned_suvipiha_Polbig-F1_8711117584650_ss.png\",\"datePublished\":\"2021-12-20T18:31:12+00:00\",\"dateModified\":\"2026-04-13T07:53:17+00:00\",\"description\":\"Vihannesten siemeni\u00e4 Euroopan ja Viron parhailta tuottajilta. Kasvihuoneeseen ja avomaalle soveltuvat j\u00e4lkitestatut siemenet.\",\"breadcrumb\":{\"@id\":\"https:\\\/\\\/rodoaed.ee\\\/fi\\\/toode\\\/tomaatti-polbig-f1-erittain-satoisa-erittain-suuret-hedelmat-200g\\\/#breadcrumb\"},\"inLanguage\":\"fi\",\"potentialAction\":[{\"@type\":\"ReadAction\",\"target\":[\"https:\\\/\\\/rodoaed.ee\\\/fi\\\/toode\\\/tomaatti-polbig-f1-erittain-satoisa-erittain-suuret-hedelmat-200g\\\/\"]}]},{\"@type\":\"ImageObject\",\"inLanguage\":\"fi\",\"@id\":\"https:\\\/\\\/rodoaed.ee\\\/fi\\\/toode\\\/tomaatti-polbig-f1-erittain-satoisa-erittain-suuret-hedelmat-200g\\\/#primaryimage\",\"url\":\"https:\\\/\\\/rodoaed.ee\\\/wp-content\\\/uploads\\\/2021\\\/12\\\/tomatiseemned_suvipiha_Polbig-F1_8711117584650_ss.png\",\"contentUrl\":\"https:\\\/\\\/rodoaed.ee\\\/wp-content\\\/uploads\\\/2021\\\/12\\\/tomatiseemned_suvipiha_Polbig-F1_8711117584650_ss.png\",\"width\":606,\"height\":970},{\"@type\":\"BreadcrumbList\",\"@id\":\"https:\\\/\\\/rodoaed.ee\\\/fi\\\/toode\\\/tomaatti-polbig-f1-erittain-satoisa-erittain-suuret-hedelmat-200g\\\/#breadcrumb\",\"itemListElement\":[{\"@type\":\"ListItem\",\"position\":1,\"name\":\"Home\",\"item\":\"https:\\\/\\\/rodoaed.ee\\\/fi\\\/\"},{\"@type\":\"ListItem\",\"position\":2,\"name\":\"Osta osoitteessa\",\"item\":\"https:\\\/\\\/rodoaed.ee\\\/osta-osoitteessa\\\/\"},{\"@type\":\"ListItem\",\"position\":3,\"name\":\"Tomaatti Polbig F1- eritt\u00e4in satoisa, eritt\u00e4in suuret hedelm\u00e4t 200g\"}]},{\"@type\":\"WebSite\",\"@id\":\"https:\\\/\\\/rodoaed.ee\\\/#website\",\"url\":\"https:\\\/\\\/rodoaed.ee\\\/\",\"name\":\"Rodoaed\",\"description\":\"\",\"publisher\":{\"@id\":\"https:\\\/\\\/rodoaed.ee\\\/#organization\"},\"potentialAction\":[{\"@type\":\"SearchAction\",\"target\":{\"@type\":\"EntryPoint\",\"urlTemplate\":\"https:\\\/\\\/rodoaed.ee\\\/?s={search_term_string}\"},\"query-input\":{\"@type\":\"PropertyValueSpecification\",\"valueRequired\":true,\"valueName\":\"search_term_string\"}}],\"inLanguage\":\"fi\"},{\"@type\":\"Organization\",\"@id\":\"https:\\\/\\\/rodoaed.ee\\\/#organization\",\"name\":\"Rodoaed\",\"url\":\"https:\\\/\\\/rodoaed.ee\\\/\",\"logo\":{\"@type\":\"ImageObject\",\"inLanguage\":\"fi\",\"@id\":\"https:\\\/\\\/rodoaed.ee\\\/#\\\/schema\\\/logo\\\/image\\\/\",\"url\":\"https:\\\/\\\/rodoaed.ee\\\/wp-content\\\/uploads\\\/2019\\\/11\\\/rodoaed-logo-ilma-taustata.jpg\",\"contentUrl\":\"https:\\\/\\\/rodoaed.ee\\\/wp-content\\\/uploads\\\/2019\\\/11\\\/rodoaed-logo-ilma-taustata.jpg\",\"width\":769,\"height\":268,\"caption\":\"Rodoaed\"},\"image\":{\"@id\":\"https:\\\/\\\/rodoaed.ee\\\/#\\\/schema\\\/logo\\\/image\\\/\"},\"sameAs\":[\"https:\\\/\\\/www.facebook.com\\\/kasvuhooned\\\/\",\"https:\\\/\\\/rodoaed.ee\"]}]}<\/script>\n<!-- \/ Yoast SEO Premium plugin. -->","yoast_head_json":{"title":"Tomaatti Polbig F1- eritt\u00e4in satoisa, eritt\u00e4in suuret hedelm\u00e4t 200g - Rodoaed","description":"Vihannesten siemeni\u00e4 Euroopan ja Viron parhailta tuottajilta. Kasvihuoneeseen ja avomaalle soveltuvat j\u00e4lkitestatut siemenet.","robots":{"index":"index","follow":"follow","max-snippet":"max-snippet:-1","max-image-preview":"max-image-preview:large","max-video-preview":"max-video-preview:-1"},"canonical":"https:\/\/rodoaed.ee\/fi\/toode\/tomaatti-polbig-f1-erittain-satoisa-erittain-suuret-hedelmat-200g\/","og_locale":"fi_FI","og_type":"article","og_title":"Tomaatti Polbig F1- eritt\u00e4in satoisa, eritt\u00e4in suuret hedelm\u00e4t 200g","og_description":"Eritt\u00e4in tuottava ja eritt\u00e4in suurikokoinen lihantuotantoon tarkoitettu tomaatti. Lycopersicon esculentum Tomaatti Polbig F1 on yksi korkeatuottoisimmista","og_url":"https:\/\/rodoaed.ee\/fi\/toode\/tomaatti-polbig-f1-erittain-satoisa-erittain-suuret-hedelmat-200g\/","og_site_name":"Rodoaed","article_publisher":"https:\/\/www.facebook.com\/kasvuhooned\/","article_modified_time":"2026-04-13T07:53:17+00:00","og_image":[{"width":606,"height":970,"url":"https:\/\/rodoaed.ee\/wp-content\/uploads\/2021\/12\/tomatiseemned_suvipiha_Polbig-F1_8711117584650_ss.png","type":"image\/png"}],"twitter_card":"summary_large_image","schema":{"@context":"https:\/\/schema.org","@graph":[{"@type":"WebPage","@id":"https:\/\/rodoaed.ee\/fi\/toode\/tomaatti-polbig-f1-erittain-satoisa-erittain-suuret-hedelmat-200g\/","url":"https:\/\/rodoaed.ee\/fi\/toode\/tomaatti-polbig-f1-erittain-satoisa-erittain-suuret-hedelmat-200g\/","name":"Tomaatti Polbig F1- eritt\u00e4in satoisa, eritt\u00e4in suuret hedelm\u00e4t 200g - Rodoaed","isPartOf":{"@id":"https:\/\/rodoaed.ee\/#website"},"primaryImageOfPage":{"@id":"https:\/\/rodoaed.ee\/fi\/toode\/tomaatti-polbig-f1-erittain-satoisa-erittain-suuret-hedelmat-200g\/#primaryimage"},"image":{"@id":"https:\/\/rodoaed.ee\/fi\/toode\/tomaatti-polbig-f1-erittain-satoisa-erittain-suuret-hedelmat-200g\/#primaryimage"},"thumbnailUrl":"https:\/\/rodoaed.ee\/wp-content\/uploads\/2021\/12\/tomatiseemned_suvipiha_Polbig-F1_8711117584650_ss.png","datePublished":"2021-12-20T18:31:12+00:00","dateModified":"2026-04-13T07:53:17+00:00","description":"Vihannesten siemeni\u00e4 Euroopan ja Viron parhailta tuottajilta. Kasvihuoneeseen ja avomaalle soveltuvat j\u00e4lkitestatut siemenet.","breadcrumb":{"@id":"https:\/\/rodoaed.ee\/fi\/toode\/tomaatti-polbig-f1-erittain-satoisa-erittain-suuret-hedelmat-200g\/#breadcrumb"},"inLanguage":"fi","potentialAction":[{"@type":"ReadAction","target":["https:\/\/rodoaed.ee\/fi\/toode\/tomaatti-polbig-f1-erittain-satoisa-erittain-suuret-hedelmat-200g\/"]}]},{"@type":"ImageObject","inLanguage":"fi","@id":"https:\/\/rodoaed.ee\/fi\/toode\/tomaatti-polbig-f1-erittain-satoisa-erittain-suuret-hedelmat-200g\/#primaryimage","url":"https:\/\/rodoaed.ee\/wp-content\/uploads\/2021\/12\/tomatiseemned_suvipiha_Polbig-F1_8711117584650_ss.png","contentUrl":"https:\/\/rodoaed.ee\/wp-content\/uploads\/2021\/12\/tomatiseemned_suvipiha_Polbig-F1_8711117584650_ss.png","width":606,"height":970},{"@type":"BreadcrumbList","@id":"https:\/\/rodoaed.ee\/fi\/toode\/tomaatti-polbig-f1-erittain-satoisa-erittain-suuret-hedelmat-200g\/#breadcrumb","itemListElement":[{"@type":"ListItem","position":1,"name":"Home","item":"https:\/\/rodoaed.ee\/fi\/"},{"@type":"ListItem","position":2,"name":"Osta osoitteessa","item":"https:\/\/rodoaed.ee\/osta-osoitteessa\/"},{"@type":"ListItem","position":3,"name":"Tomaatti Polbig F1- eritt\u00e4in satoisa, eritt\u00e4in suuret hedelm\u00e4t 200g"}]},{"@type":"WebSite","@id":"https:\/\/rodoaed.ee\/#website","url":"https:\/\/rodoaed.ee\/","name":"Rodoaed","description":"","publisher":{"@id":"https:\/\/rodoaed.ee\/#organization"},"potentialAction":[{"@type":"SearchAction","target":{"@type":"EntryPoint","urlTemplate":"https:\/\/rodoaed.ee\/?s={search_term_string}"},"query-input":{"@type":"PropertyValueSpecification","valueRequired":true,"valueName":"search_term_string"}}],"inLanguage":"fi"},{"@type":"Organization","@id":"https:\/\/rodoaed.ee\/#organization","name":"Rodoaed","url":"https:\/\/rodoaed.ee\/","logo":{"@type":"ImageObject","inLanguage":"fi","@id":"https:\/\/rodoaed.ee\/#\/schema\/logo\/image\/","url":"https:\/\/rodoaed.ee\/wp-content\/uploads\/2019\/11\/rodoaed-logo-ilma-taustata.jpg","contentUrl":"https:\/\/rodoaed.ee\/wp-content\/uploads\/2019\/11\/rodoaed-logo-ilma-taustata.jpg","width":769,"height":268,"caption":"Rodoaed"},"image":{"@id":"https:\/\/rodoaed.ee\/#\/schema\/logo\/image\/"},"sameAs":["https:\/\/www.facebook.com\/kasvuhooned\/","https:\/\/rodoaed.ee"]}]}},"_links":{"self":[{"href":"https:\/\/rodoaed.ee\/fi\/wp-json\/wp\/v2\/product\/52746","targetHints":{"allow":["GET"]}}],"collection":[{"href":"https:\/\/rodoaed.ee\/fi\/wp-json\/wp\/v2\/product"}],"about":[{"href":"https:\/\/rodoaed.ee\/fi\/wp-json\/wp\/v2\/types\/product"}],"wp:featuredmedia":[{"embeddable":true,"href":"https:\/\/rodoaed.ee\/fi\/wp-json\/wp\/v2\/media\/39450"}],"wp:attachment":[{"href":"https:\/\/rodoaed.ee\/fi\/wp-json\/wp\/v2\/media?parent=52746"}],"wp:term":[{"taxonomy":"product_brand","embeddable":true,"href":"https:\/\/rodoaed.ee\/fi\/wp-json\/wp\/v2\/product_brand?post=52746"},{"taxonomy":"product_cat","embeddable":true,"href":"https:\/\/rodoaed.ee\/fi\/wp-json\/wp\/v2\/product_cat?post=52746"},{"taxonomy":"product_tag","embeddable":true,"href":"https:\/\/rodoaed.ee\/fi\/wp-json\/wp\/v2\/product_tag?post=52746"}],"curies":[{"name":"wp","href":"https:\/\/api.w.org\/{rel}","templated":true}]}}