{"id":52752,"date":"2021-12-20T20:12:32","date_gmt":"2021-12-20T18:12:32","guid":{"rendered":"https:\/\/rodoaed.ee\/toode\/tomaatti-bajaja-matalakasvuinen-kirsikkatomaatti-erittain-pitkat-tertut\/"},"modified":"2026-04-13T10:53:19","modified_gmt":"2026-04-13T07:53:19","slug":"tomaatti-bajaja-matalakasvuinen-kirsikkatomaatti-erittain-pitkat-tertut","status":"publish","type":"product","link":"https:\/\/rodoaed.ee\/fi\/tuote\/tomaatti-bajaja-matalakasvuinen-kirsikkatomaatti-erittain-pitkat-tertut\/","title":{"rendered":"Tomaatti Bajaja &#8211; matalakasvuinen kirsikkatomaatti, eritt\u00e4in pitk\u00e4t tertut."},"content":{"rendered":"<h2>Matalakasvuinen kirsikkatomaatti, eritt\u00e4in pitk\u00e4t tertut.<\/h2>\n<p>Lycopersicon esculentum<\/p>\n<p>Tomaatti Bajaja on matalakasvuinen, kirsikkatyyppinen lajike. Se on jatkuvakasvuinen, l\u00f6ys\u00e4vartinen, vapaamuotoinen lajike. Muodostuu hyvin pitki\u00e4, tiiviit\u00e4 ryp\u00e4leit\u00e4. Hedelm\u00e4t ovat pieni\u00e4, punaisia ja hyvin lihaisia. Kasvien tukeminen on suositeltavaa. Ihanteellinen suoraan kulutukseen ja koristeluun.     <\/p>\n<p>&nbsp;<\/p>\n<p><a href=\"https:\/\/rodoaed.ee\/fi\/\">kotisivu<\/a> <a href=\"https:\/\/rodoaed.ee\/fi\/tootekategooria\/puutarha-ja-piha\/\">k\u00e4ynnist\u00e4<\/a>  <a href=\"https:\/\/rodoaed.ee\/fi\/tootekategooria\/puutarha-ja-piha\/siemenet\/\">siemenet<\/a><\/p>\n<p>&nbsp;<\/p>\n","protected":false},"excerpt":{"rendered":"<p>Matalakasvuinen kirsikkatomaatti, eritt\u00e4in pitk\u00e4t tertut. Lycopersicon esculentum Tomaatti Bajaja on matalakasvuinen, kirsikkatyyppinen lajike. Se on jatkuvakasvuinen, l\u00f6ys\u00e4vartinen, vapaamuotoinen lajike. Muodostuu hyvin pitki\u00e4, tiiviit\u00e4 ryp\u00e4leit\u00e4. Hedelm\u00e4t ovat pieni\u00e4, punaisia ja hyvin lihaisia. Kasvien tukeminen on suositeltavaa. Ihanteellinen suoraan kulutukseen ja koristeluun. &nbsp; kotisivu k\u00e4ynnist\u00e4 siemenet &nbsp;<\/p>\n","protected":false},"featured_media":49606,"template":"","meta":{"_acf_changed":false},"product_brand":[],"product_cat":[1752,1753,1893],"product_tag":[],"class_list":{"0":"post-52752","1":"product","2":"type-product","3":"status-publish","4":"has-post-thumbnail","6":"product_cat-puutarha-ja-piha","7":"product_cat-siemenet","8":"product_cat-tomaatin-siemenet","9":"product_shipping_class-toimitus-1-3-tyopaivan-kuluessa","10":"pa_variatsioon-suuri-blumatin-automaattinen-kastelujarjestelma-jossa-on-40-anturia-ja-vesihanaliitanta","12":"first","13":"instock","14":"taxable","15":"shipping-taxable","16":"purchasable","17":"product-type-simple"},"acf":[],"yoast_head":"<!-- This site is optimized with the Yoast SEO Premium plugin v27.3 (Yoast SEO v27.3) - https:\/\/yoast.com\/product\/yoast-seo-premium-wordpress\/ -->\n<title>Tomaatti Bajaja - matalakasvuinen kirsikkatomaatti, eritt\u00e4in pitk\u00e4t tertut. - Rodoaed<\/title>\n<meta name=\"description\" content=\"Vihannesten siemeni\u00e4 Euroopan ja Viron parhailta tuottajilta. Kasvihuoneeseen ja avomaalle soveltuvat j\u00e4lkitestatut siemenet.\" \/>\n<meta name=\"robots\" content=\"index, follow, max-snippet:-1, max-image-preview:large, max-video-preview:-1\" \/>\n<link rel=\"canonical\" href=\"https:\/\/rodoaed.ee\/fi\/toode\/tomaatti-bajaja-matalakasvuinen-kirsikkatomaatti-erittain-pitkat-tertut\/\" \/>\n<meta property=\"og:locale\" content=\"fi_FI\" \/>\n<meta property=\"og:type\" content=\"article\" \/>\n<meta property=\"og:title\" content=\"Tomaatti Bajaja - matalakasvuinen kirsikkatomaatti, eritt\u00e4in pitk\u00e4t tertut.\" \/>\n<meta property=\"og:description\" content=\"Matalakasvuinen kirsikkatomaatti, eritt\u00e4in pitk\u00e4t tertut. Lycopersicon esculentum Tomaatti Bajaja on matalakasvuinen, kirsikkatyyppinen lajike. Se on\" \/>\n<meta property=\"og:url\" content=\"https:\/\/rodoaed.ee\/fi\/toode\/tomaatti-bajaja-matalakasvuinen-kirsikkatomaatti-erittain-pitkat-tertut\/\" \/>\n<meta property=\"og:site_name\" content=\"Rodoaed\" \/>\n<meta property=\"article:publisher\" content=\"https:\/\/www.facebook.com\/kasvuhooned\/\" \/>\n<meta property=\"article:modified_time\" content=\"2026-04-13T07:53:19+00:00\" \/>\n<meta property=\"og:image\" content=\"https:\/\/rodoaed.ee\/wp-content\/uploads\/2021\/12\/tomati-seemned_5907617304697_1.png\" \/>\n\t<meta property=\"og:image:width\" content=\"502\" \/>\n\t<meta property=\"og:image:height\" content=\"926\" \/>\n\t<meta property=\"og:image:type\" content=\"image\/png\" \/>\n<meta name=\"twitter:card\" content=\"summary_large_image\" \/>\n<script type=\"application\/ld+json\" class=\"yoast-schema-graph\">{\"@context\":\"https:\\\/\\\/schema.org\",\"@graph\":[{\"@type\":\"WebPage\",\"@id\":\"https:\\\/\\\/rodoaed.ee\\\/fi\\\/toode\\\/tomaatti-bajaja-matalakasvuinen-kirsikkatomaatti-erittain-pitkat-tertut\\\/\",\"url\":\"https:\\\/\\\/rodoaed.ee\\\/fi\\\/toode\\\/tomaatti-bajaja-matalakasvuinen-kirsikkatomaatti-erittain-pitkat-tertut\\\/\",\"name\":\"Tomaatti Bajaja - matalakasvuinen kirsikkatomaatti, eritt\u00e4in pitk\u00e4t tertut. - Rodoaed\",\"isPartOf\":{\"@id\":\"https:\\\/\\\/rodoaed.ee\\\/#website\"},\"primaryImageOfPage\":{\"@id\":\"https:\\\/\\\/rodoaed.ee\\\/fi\\\/toode\\\/tomaatti-bajaja-matalakasvuinen-kirsikkatomaatti-erittain-pitkat-tertut\\\/#primaryimage\"},\"image\":{\"@id\":\"https:\\\/\\\/rodoaed.ee\\\/fi\\\/toode\\\/tomaatti-bajaja-matalakasvuinen-kirsikkatomaatti-erittain-pitkat-tertut\\\/#primaryimage\"},\"thumbnailUrl\":\"https:\\\/\\\/rodoaed.ee\\\/wp-content\\\/uploads\\\/2021\\\/12\\\/tomati-seemned_5907617304697_1.png\",\"datePublished\":\"2021-12-20T18:12:32+00:00\",\"dateModified\":\"2026-04-13T07:53:19+00:00\",\"description\":\"Vihannesten siemeni\u00e4 Euroopan ja Viron parhailta tuottajilta. Kasvihuoneeseen ja avomaalle soveltuvat j\u00e4lkitestatut siemenet.\",\"breadcrumb\":{\"@id\":\"https:\\\/\\\/rodoaed.ee\\\/fi\\\/toode\\\/tomaatti-bajaja-matalakasvuinen-kirsikkatomaatti-erittain-pitkat-tertut\\\/#breadcrumb\"},\"inLanguage\":\"fi\",\"potentialAction\":[{\"@type\":\"ReadAction\",\"target\":[\"https:\\\/\\\/rodoaed.ee\\\/fi\\\/toode\\\/tomaatti-bajaja-matalakasvuinen-kirsikkatomaatti-erittain-pitkat-tertut\\\/\"]}]},{\"@type\":\"ImageObject\",\"inLanguage\":\"fi\",\"@id\":\"https:\\\/\\\/rodoaed.ee\\\/fi\\\/toode\\\/tomaatti-bajaja-matalakasvuinen-kirsikkatomaatti-erittain-pitkat-tertut\\\/#primaryimage\",\"url\":\"https:\\\/\\\/rodoaed.ee\\\/wp-content\\\/uploads\\\/2021\\\/12\\\/tomati-seemned_5907617304697_1.png\",\"contentUrl\":\"https:\\\/\\\/rodoaed.ee\\\/wp-content\\\/uploads\\\/2021\\\/12\\\/tomati-seemned_5907617304697_1.png\",\"width\":502,\"height\":926},{\"@type\":\"BreadcrumbList\",\"@id\":\"https:\\\/\\\/rodoaed.ee\\\/fi\\\/toode\\\/tomaatti-bajaja-matalakasvuinen-kirsikkatomaatti-erittain-pitkat-tertut\\\/#breadcrumb\",\"itemListElement\":[{\"@type\":\"ListItem\",\"position\":1,\"name\":\"Home\",\"item\":\"https:\\\/\\\/rodoaed.ee\\\/fi\\\/\"},{\"@type\":\"ListItem\",\"position\":2,\"name\":\"Osta osoitteessa\",\"item\":\"https:\\\/\\\/rodoaed.ee\\\/osta-osoitteessa\\\/\"},{\"@type\":\"ListItem\",\"position\":3,\"name\":\"Tomaatti Bajaja &#8211; matalakasvuinen kirsikkatomaatti, eritt\u00e4in pitk\u00e4t tertut.\"}]},{\"@type\":\"WebSite\",\"@id\":\"https:\\\/\\\/rodoaed.ee\\\/#website\",\"url\":\"https:\\\/\\\/rodoaed.ee\\\/\",\"name\":\"Rodoaed\",\"description\":\"\",\"publisher\":{\"@id\":\"https:\\\/\\\/rodoaed.ee\\\/#organization\"},\"potentialAction\":[{\"@type\":\"SearchAction\",\"target\":{\"@type\":\"EntryPoint\",\"urlTemplate\":\"https:\\\/\\\/rodoaed.ee\\\/?s={search_term_string}\"},\"query-input\":{\"@type\":\"PropertyValueSpecification\",\"valueRequired\":true,\"valueName\":\"search_term_string\"}}],\"inLanguage\":\"fi\"},{\"@type\":\"Organization\",\"@id\":\"https:\\\/\\\/rodoaed.ee\\\/#organization\",\"name\":\"Rodoaed\",\"url\":\"https:\\\/\\\/rodoaed.ee\\\/\",\"logo\":{\"@type\":\"ImageObject\",\"inLanguage\":\"fi\",\"@id\":\"https:\\\/\\\/rodoaed.ee\\\/#\\\/schema\\\/logo\\\/image\\\/\",\"url\":\"https:\\\/\\\/rodoaed.ee\\\/wp-content\\\/uploads\\\/2019\\\/11\\\/rodoaed-logo-ilma-taustata.jpg\",\"contentUrl\":\"https:\\\/\\\/rodoaed.ee\\\/wp-content\\\/uploads\\\/2019\\\/11\\\/rodoaed-logo-ilma-taustata.jpg\",\"width\":769,\"height\":268,\"caption\":\"Rodoaed\"},\"image\":{\"@id\":\"https:\\\/\\\/rodoaed.ee\\\/#\\\/schema\\\/logo\\\/image\\\/\"},\"sameAs\":[\"https:\\\/\\\/www.facebook.com\\\/kasvuhooned\\\/\",\"https:\\\/\\\/rodoaed.ee\"]}]}<\/script>\n<!-- \/ Yoast SEO Premium plugin. -->","yoast_head_json":{"title":"Tomaatti Bajaja - matalakasvuinen kirsikkatomaatti, eritt\u00e4in pitk\u00e4t tertut. - Rodoaed","description":"Vihannesten siemeni\u00e4 Euroopan ja Viron parhailta tuottajilta. Kasvihuoneeseen ja avomaalle soveltuvat j\u00e4lkitestatut siemenet.","robots":{"index":"index","follow":"follow","max-snippet":"max-snippet:-1","max-image-preview":"max-image-preview:large","max-video-preview":"max-video-preview:-1"},"canonical":"https:\/\/rodoaed.ee\/fi\/toode\/tomaatti-bajaja-matalakasvuinen-kirsikkatomaatti-erittain-pitkat-tertut\/","og_locale":"fi_FI","og_type":"article","og_title":"Tomaatti Bajaja - matalakasvuinen kirsikkatomaatti, eritt\u00e4in pitk\u00e4t tertut.","og_description":"Matalakasvuinen kirsikkatomaatti, eritt\u00e4in pitk\u00e4t tertut. Lycopersicon esculentum Tomaatti Bajaja on matalakasvuinen, kirsikkatyyppinen lajike. Se on","og_url":"https:\/\/rodoaed.ee\/fi\/toode\/tomaatti-bajaja-matalakasvuinen-kirsikkatomaatti-erittain-pitkat-tertut\/","og_site_name":"Rodoaed","article_publisher":"https:\/\/www.facebook.com\/kasvuhooned\/","article_modified_time":"2026-04-13T07:53:19+00:00","og_image":[{"width":502,"height":926,"url":"https:\/\/rodoaed.ee\/wp-content\/uploads\/2021\/12\/tomati-seemned_5907617304697_1.png","type":"image\/png"}],"twitter_card":"summary_large_image","schema":{"@context":"https:\/\/schema.org","@graph":[{"@type":"WebPage","@id":"https:\/\/rodoaed.ee\/fi\/toode\/tomaatti-bajaja-matalakasvuinen-kirsikkatomaatti-erittain-pitkat-tertut\/","url":"https:\/\/rodoaed.ee\/fi\/toode\/tomaatti-bajaja-matalakasvuinen-kirsikkatomaatti-erittain-pitkat-tertut\/","name":"Tomaatti Bajaja - matalakasvuinen kirsikkatomaatti, eritt\u00e4in pitk\u00e4t tertut. - Rodoaed","isPartOf":{"@id":"https:\/\/rodoaed.ee\/#website"},"primaryImageOfPage":{"@id":"https:\/\/rodoaed.ee\/fi\/toode\/tomaatti-bajaja-matalakasvuinen-kirsikkatomaatti-erittain-pitkat-tertut\/#primaryimage"},"image":{"@id":"https:\/\/rodoaed.ee\/fi\/toode\/tomaatti-bajaja-matalakasvuinen-kirsikkatomaatti-erittain-pitkat-tertut\/#primaryimage"},"thumbnailUrl":"https:\/\/rodoaed.ee\/wp-content\/uploads\/2021\/12\/tomati-seemned_5907617304697_1.png","datePublished":"2021-12-20T18:12:32+00:00","dateModified":"2026-04-13T07:53:19+00:00","description":"Vihannesten siemeni\u00e4 Euroopan ja Viron parhailta tuottajilta. Kasvihuoneeseen ja avomaalle soveltuvat j\u00e4lkitestatut siemenet.","breadcrumb":{"@id":"https:\/\/rodoaed.ee\/fi\/toode\/tomaatti-bajaja-matalakasvuinen-kirsikkatomaatti-erittain-pitkat-tertut\/#breadcrumb"},"inLanguage":"fi","potentialAction":[{"@type":"ReadAction","target":["https:\/\/rodoaed.ee\/fi\/toode\/tomaatti-bajaja-matalakasvuinen-kirsikkatomaatti-erittain-pitkat-tertut\/"]}]},{"@type":"ImageObject","inLanguage":"fi","@id":"https:\/\/rodoaed.ee\/fi\/toode\/tomaatti-bajaja-matalakasvuinen-kirsikkatomaatti-erittain-pitkat-tertut\/#primaryimage","url":"https:\/\/rodoaed.ee\/wp-content\/uploads\/2021\/12\/tomati-seemned_5907617304697_1.png","contentUrl":"https:\/\/rodoaed.ee\/wp-content\/uploads\/2021\/12\/tomati-seemned_5907617304697_1.png","width":502,"height":926},{"@type":"BreadcrumbList","@id":"https:\/\/rodoaed.ee\/fi\/toode\/tomaatti-bajaja-matalakasvuinen-kirsikkatomaatti-erittain-pitkat-tertut\/#breadcrumb","itemListElement":[{"@type":"ListItem","position":1,"name":"Home","item":"https:\/\/rodoaed.ee\/fi\/"},{"@type":"ListItem","position":2,"name":"Osta osoitteessa","item":"https:\/\/rodoaed.ee\/osta-osoitteessa\/"},{"@type":"ListItem","position":3,"name":"Tomaatti Bajaja &#8211; matalakasvuinen kirsikkatomaatti, eritt\u00e4in pitk\u00e4t tertut."}]},{"@type":"WebSite","@id":"https:\/\/rodoaed.ee\/#website","url":"https:\/\/rodoaed.ee\/","name":"Rodoaed","description":"","publisher":{"@id":"https:\/\/rodoaed.ee\/#organization"},"potentialAction":[{"@type":"SearchAction","target":{"@type":"EntryPoint","urlTemplate":"https:\/\/rodoaed.ee\/?s={search_term_string}"},"query-input":{"@type":"PropertyValueSpecification","valueRequired":true,"valueName":"search_term_string"}}],"inLanguage":"fi"},{"@type":"Organization","@id":"https:\/\/rodoaed.ee\/#organization","name":"Rodoaed","url":"https:\/\/rodoaed.ee\/","logo":{"@type":"ImageObject","inLanguage":"fi","@id":"https:\/\/rodoaed.ee\/#\/schema\/logo\/image\/","url":"https:\/\/rodoaed.ee\/wp-content\/uploads\/2019\/11\/rodoaed-logo-ilma-taustata.jpg","contentUrl":"https:\/\/rodoaed.ee\/wp-content\/uploads\/2019\/11\/rodoaed-logo-ilma-taustata.jpg","width":769,"height":268,"caption":"Rodoaed"},"image":{"@id":"https:\/\/rodoaed.ee\/#\/schema\/logo\/image\/"},"sameAs":["https:\/\/www.facebook.com\/kasvuhooned\/","https:\/\/rodoaed.ee"]}]}},"_links":{"self":[{"href":"https:\/\/rodoaed.ee\/fi\/wp-json\/wp\/v2\/product\/52752","targetHints":{"allow":["GET"]}}],"collection":[{"href":"https:\/\/rodoaed.ee\/fi\/wp-json\/wp\/v2\/product"}],"about":[{"href":"https:\/\/rodoaed.ee\/fi\/wp-json\/wp\/v2\/types\/product"}],"wp:featuredmedia":[{"embeddable":true,"href":"https:\/\/rodoaed.ee\/fi\/wp-json\/wp\/v2\/media\/49606"}],"wp:attachment":[{"href":"https:\/\/rodoaed.ee\/fi\/wp-json\/wp\/v2\/media?parent=52752"}],"wp:term":[{"taxonomy":"product_brand","embeddable":true,"href":"https:\/\/rodoaed.ee\/fi\/wp-json\/wp\/v2\/product_brand?post=52752"},{"taxonomy":"product_cat","embeddable":true,"href":"https:\/\/rodoaed.ee\/fi\/wp-json\/wp\/v2\/product_cat?post=52752"},{"taxonomy":"product_tag","embeddable":true,"href":"https:\/\/rodoaed.ee\/fi\/wp-json\/wp\/v2\/product_tag?post=52752"}],"curies":[{"name":"wp","href":"https:\/\/api.w.org\/{rel}","templated":true}]}}