{"id":52756,"date":"2021-12-23T21:12:25","date_gmt":"2021-12-23T19:12:25","guid":{"rendered":"https:\/\/rodoaed.ee\/toode\/rasvapallosyottolaite-10-11-rasvapalloa-varten\/"},"modified":"2026-04-13T10:53:23","modified_gmt":"2026-04-13T07:53:23","slug":"rasvapallosyottolaite-10-11-rasvapalloa-varten","status":"publish","type":"product","link":"https:\/\/rodoaed.ee\/fi\/tuote\/rasvapallosyottolaite-10-11-rasvapalloa-varten\/","title":{"rendered":"Rasvapallosy\u00f6tt\u00f6laite 10-11 rasvapalloa varten"},"content":{"rendered":"<h2>Py\u00f6re\u00e4 rasvapallosy\u00f6tt\u00f6laite 10-11 rasvapalloa varten (ilman rasvapalloja).<\/h2>\n<p>Tyylik\u00e4s roikkuva rasvapallon sy\u00f6tt\u00f6laite. Sopii enint\u00e4\u00e4n \u00d8 65 mm:n rasvapalloille. <\/p>\n<p>Sopii talvi- ja kes\u00e4k\u00e4ytt\u00f6\u00f6n. Helppo t\u00e4ytt\u00e4\u00e4. <\/p>\n<h2>T\u00e4rkeimm\u00e4t ominaisuudet:<\/h2>\n<p><b>Materiaali:<\/b> metalli, musta<\/p>\n<p><b>Mitat <\/b>L 25 x L 8 x K 25 cm.<\/p>\n<p>&nbsp;<\/p>\n<p><a href=\"https:\/\/rodoaed.ee\/fi\/tootekategooria\/linnaillalliset-ja-linnan-ravintolat\/\">aloita<\/a><\/p>\n","protected":false},"excerpt":{"rendered":"<p>Py\u00f6re\u00e4 rasvapallosy\u00f6tt\u00f6laite 10-11 rasvapalloa varten (ilman rasvapalloja). Tyylik\u00e4s roikkuva rasvapallon sy\u00f6tt\u00f6laite. Sopii enint\u00e4\u00e4n \u00d8 65 mm:n rasvapalloille. Sopii talvi- ja kes\u00e4k\u00e4ytt\u00f6\u00f6n. Helppo t\u00e4ytt\u00e4\u00e4. T\u00e4rkeimm\u00e4t ominaisuudet: Materiaali: metalli, musta Mitat L 25 x L 8 x K 25 cm. &nbsp; aloita<\/p>\n","protected":false},"featured_media":39486,"template":"","meta":{"_acf_changed":false},"product_brand":[],"product_cat":[1767,1775],"product_tag":[],"class_list":{"0":"post-52756","1":"product","2":"type-product","3":"status-publish","4":"has-post-thumbnail","6":"product_cat-linnaillalliset-ja-linnan-ravintolat","7":"product_cat-rasvapallot-linnuille","8":"product_shipping_class-toimitus-1-3-tyopaivan-kuluessa","9":"pa_variatsioon-20-dining-house-latern-1l","11":"first","12":"instock","13":"sale","14":"taxable","15":"shipping-taxable","16":"purchasable","17":"product-type-simple"},"acf":[],"yoast_head":"<!-- This site is optimized with the Yoast SEO Premium plugin v27.3 (Yoast SEO v27.3) - https:\/\/yoast.com\/product\/yoast-seo-premium-wordpress\/ -->\n<title>Rasvapallosy\u00f6tt\u00f6laite 10-11 rasvapalloa varten - Rodoaed<\/title>\n<meta name=\"robots\" content=\"index, follow, max-snippet:-1, max-image-preview:large, max-video-preview:-1\" \/>\n<link rel=\"canonical\" href=\"https:\/\/rodoaed.ee\/fi\/toode\/rasvapallosyottolaite-10-11-rasvapalloa-varten\/\" \/>\n<meta property=\"og:locale\" content=\"fi_FI\" \/>\n<meta property=\"og:type\" content=\"article\" \/>\n<meta property=\"og:title\" content=\"Rasvapallosy\u00f6tt\u00f6laite 10-11 rasvapalloa varten\" \/>\n<meta property=\"og:description\" content=\"Py\u00f6re\u00e4 rasvapallosy\u00f6tt\u00f6laite 10-11 rasvapalloa varten (ilman rasvapalloja). Tyylik\u00e4s roikkuva rasvapallon sy\u00f6tt\u00f6laite. Sopii enint\u00e4\u00e4n \u00d8 65 mm:n\" \/>\n<meta property=\"og:url\" content=\"https:\/\/rodoaed.ee\/fi\/toode\/rasvapallosyottolaite-10-11-rasvapalloa-varten\/\" \/>\n<meta property=\"og:site_name\" content=\"Rodoaed\" \/>\n<meta property=\"article:publisher\" content=\"https:\/\/www.facebook.com\/kasvuhooned\/\" \/>\n<meta property=\"article:modified_time\" content=\"2026-04-13T07:53:23+00:00\" \/>\n<meta property=\"og:image\" content=\"https:\/\/rodoaed.ee\/wp-content\/uploads\/2021\/12\/rasvapalli-sootja-ummargune_2.jpg\" \/>\n\t<meta property=\"og:image:width\" content=\"200\" \/>\n\t<meta property=\"og:image:height\" content=\"200\" \/>\n\t<meta property=\"og:image:type\" content=\"image\/jpeg\" \/>\n<meta name=\"twitter:card\" content=\"summary_large_image\" \/>\n<script type=\"application\/ld+json\" class=\"yoast-schema-graph\">{\"@context\":\"https:\\\/\\\/schema.org\",\"@graph\":[{\"@type\":\"WebPage\",\"@id\":\"https:\\\/\\\/rodoaed.ee\\\/fi\\\/toode\\\/rasvapallosyottolaite-10-11-rasvapalloa-varten\\\/\",\"url\":\"https:\\\/\\\/rodoaed.ee\\\/fi\\\/toode\\\/rasvapallosyottolaite-10-11-rasvapalloa-varten\\\/\",\"name\":\"Rasvapallosy\u00f6tt\u00f6laite 10-11 rasvapalloa varten - Rodoaed\",\"isPartOf\":{\"@id\":\"https:\\\/\\\/rodoaed.ee\\\/#website\"},\"primaryImageOfPage\":{\"@id\":\"https:\\\/\\\/rodoaed.ee\\\/fi\\\/toode\\\/rasvapallosyottolaite-10-11-rasvapalloa-varten\\\/#primaryimage\"},\"image\":{\"@id\":\"https:\\\/\\\/rodoaed.ee\\\/fi\\\/toode\\\/rasvapallosyottolaite-10-11-rasvapalloa-varten\\\/#primaryimage\"},\"thumbnailUrl\":\"https:\\\/\\\/rodoaed.ee\\\/wp-content\\\/uploads\\\/2021\\\/12\\\/rasvapalli-sootja-ummargune_2.jpg\",\"datePublished\":\"2021-12-23T19:12:25+00:00\",\"dateModified\":\"2026-04-13T07:53:23+00:00\",\"breadcrumb\":{\"@id\":\"https:\\\/\\\/rodoaed.ee\\\/fi\\\/toode\\\/rasvapallosyottolaite-10-11-rasvapalloa-varten\\\/#breadcrumb\"},\"inLanguage\":\"fi\",\"potentialAction\":[{\"@type\":\"ReadAction\",\"target\":[\"https:\\\/\\\/rodoaed.ee\\\/fi\\\/toode\\\/rasvapallosyottolaite-10-11-rasvapalloa-varten\\\/\"]}]},{\"@type\":\"ImageObject\",\"inLanguage\":\"fi\",\"@id\":\"https:\\\/\\\/rodoaed.ee\\\/fi\\\/toode\\\/rasvapallosyottolaite-10-11-rasvapalloa-varten\\\/#primaryimage\",\"url\":\"https:\\\/\\\/rodoaed.ee\\\/wp-content\\\/uploads\\\/2021\\\/12\\\/rasvapalli-sootja-ummargune_2.jpg\",\"contentUrl\":\"https:\\\/\\\/rodoaed.ee\\\/wp-content\\\/uploads\\\/2021\\\/12\\\/rasvapalli-sootja-ummargune_2.jpg\",\"width\":200,\"height\":200},{\"@type\":\"BreadcrumbList\",\"@id\":\"https:\\\/\\\/rodoaed.ee\\\/fi\\\/toode\\\/rasvapallosyottolaite-10-11-rasvapalloa-varten\\\/#breadcrumb\",\"itemListElement\":[{\"@type\":\"ListItem\",\"position\":1,\"name\":\"Home\",\"item\":\"https:\\\/\\\/rodoaed.ee\\\/fi\\\/\"},{\"@type\":\"ListItem\",\"position\":2,\"name\":\"Osta osoitteessa\",\"item\":\"https:\\\/\\\/rodoaed.ee\\\/osta-osoitteessa\\\/\"},{\"@type\":\"ListItem\",\"position\":3,\"name\":\"Rasvapallosy\u00f6tt\u00f6laite 10-11 rasvapalloa varten\"}]},{\"@type\":\"WebSite\",\"@id\":\"https:\\\/\\\/rodoaed.ee\\\/#website\",\"url\":\"https:\\\/\\\/rodoaed.ee\\\/\",\"name\":\"Rodoaed\",\"description\":\"\",\"publisher\":{\"@id\":\"https:\\\/\\\/rodoaed.ee\\\/#organization\"},\"potentialAction\":[{\"@type\":\"SearchAction\",\"target\":{\"@type\":\"EntryPoint\",\"urlTemplate\":\"https:\\\/\\\/rodoaed.ee\\\/?s={search_term_string}\"},\"query-input\":{\"@type\":\"PropertyValueSpecification\",\"valueRequired\":true,\"valueName\":\"search_term_string\"}}],\"inLanguage\":\"fi\"},{\"@type\":\"Organization\",\"@id\":\"https:\\\/\\\/rodoaed.ee\\\/#organization\",\"name\":\"Rodoaed\",\"url\":\"https:\\\/\\\/rodoaed.ee\\\/\",\"logo\":{\"@type\":\"ImageObject\",\"inLanguage\":\"fi\",\"@id\":\"https:\\\/\\\/rodoaed.ee\\\/#\\\/schema\\\/logo\\\/image\\\/\",\"url\":\"https:\\\/\\\/rodoaed.ee\\\/wp-content\\\/uploads\\\/2019\\\/11\\\/rodoaed-logo-ilma-taustata.jpg\",\"contentUrl\":\"https:\\\/\\\/rodoaed.ee\\\/wp-content\\\/uploads\\\/2019\\\/11\\\/rodoaed-logo-ilma-taustata.jpg\",\"width\":769,\"height\":268,\"caption\":\"Rodoaed\"},\"image\":{\"@id\":\"https:\\\/\\\/rodoaed.ee\\\/#\\\/schema\\\/logo\\\/image\\\/\"},\"sameAs\":[\"https:\\\/\\\/www.facebook.com\\\/kasvuhooned\\\/\",\"https:\\\/\\\/rodoaed.ee\"]}]}<\/script>\n<!-- \/ Yoast SEO Premium plugin. -->","yoast_head_json":{"title":"Rasvapallosy\u00f6tt\u00f6laite 10-11 rasvapalloa varten - Rodoaed","robots":{"index":"index","follow":"follow","max-snippet":"max-snippet:-1","max-image-preview":"max-image-preview:large","max-video-preview":"max-video-preview:-1"},"canonical":"https:\/\/rodoaed.ee\/fi\/toode\/rasvapallosyottolaite-10-11-rasvapalloa-varten\/","og_locale":"fi_FI","og_type":"article","og_title":"Rasvapallosy\u00f6tt\u00f6laite 10-11 rasvapalloa varten","og_description":"Py\u00f6re\u00e4 rasvapallosy\u00f6tt\u00f6laite 10-11 rasvapalloa varten (ilman rasvapalloja). Tyylik\u00e4s roikkuva rasvapallon sy\u00f6tt\u00f6laite. Sopii enint\u00e4\u00e4n \u00d8 65 mm:n","og_url":"https:\/\/rodoaed.ee\/fi\/toode\/rasvapallosyottolaite-10-11-rasvapalloa-varten\/","og_site_name":"Rodoaed","article_publisher":"https:\/\/www.facebook.com\/kasvuhooned\/","article_modified_time":"2026-04-13T07:53:23+00:00","og_image":[{"width":200,"height":200,"url":"https:\/\/rodoaed.ee\/wp-content\/uploads\/2021\/12\/rasvapalli-sootja-ummargune_2.jpg","type":"image\/jpeg"}],"twitter_card":"summary_large_image","schema":{"@context":"https:\/\/schema.org","@graph":[{"@type":"WebPage","@id":"https:\/\/rodoaed.ee\/fi\/toode\/rasvapallosyottolaite-10-11-rasvapalloa-varten\/","url":"https:\/\/rodoaed.ee\/fi\/toode\/rasvapallosyottolaite-10-11-rasvapalloa-varten\/","name":"Rasvapallosy\u00f6tt\u00f6laite 10-11 rasvapalloa varten - Rodoaed","isPartOf":{"@id":"https:\/\/rodoaed.ee\/#website"},"primaryImageOfPage":{"@id":"https:\/\/rodoaed.ee\/fi\/toode\/rasvapallosyottolaite-10-11-rasvapalloa-varten\/#primaryimage"},"image":{"@id":"https:\/\/rodoaed.ee\/fi\/toode\/rasvapallosyottolaite-10-11-rasvapalloa-varten\/#primaryimage"},"thumbnailUrl":"https:\/\/rodoaed.ee\/wp-content\/uploads\/2021\/12\/rasvapalli-sootja-ummargune_2.jpg","datePublished":"2021-12-23T19:12:25+00:00","dateModified":"2026-04-13T07:53:23+00:00","breadcrumb":{"@id":"https:\/\/rodoaed.ee\/fi\/toode\/rasvapallosyottolaite-10-11-rasvapalloa-varten\/#breadcrumb"},"inLanguage":"fi","potentialAction":[{"@type":"ReadAction","target":["https:\/\/rodoaed.ee\/fi\/toode\/rasvapallosyottolaite-10-11-rasvapalloa-varten\/"]}]},{"@type":"ImageObject","inLanguage":"fi","@id":"https:\/\/rodoaed.ee\/fi\/toode\/rasvapallosyottolaite-10-11-rasvapalloa-varten\/#primaryimage","url":"https:\/\/rodoaed.ee\/wp-content\/uploads\/2021\/12\/rasvapalli-sootja-ummargune_2.jpg","contentUrl":"https:\/\/rodoaed.ee\/wp-content\/uploads\/2021\/12\/rasvapalli-sootja-ummargune_2.jpg","width":200,"height":200},{"@type":"BreadcrumbList","@id":"https:\/\/rodoaed.ee\/fi\/toode\/rasvapallosyottolaite-10-11-rasvapalloa-varten\/#breadcrumb","itemListElement":[{"@type":"ListItem","position":1,"name":"Home","item":"https:\/\/rodoaed.ee\/fi\/"},{"@type":"ListItem","position":2,"name":"Osta osoitteessa","item":"https:\/\/rodoaed.ee\/osta-osoitteessa\/"},{"@type":"ListItem","position":3,"name":"Rasvapallosy\u00f6tt\u00f6laite 10-11 rasvapalloa varten"}]},{"@type":"WebSite","@id":"https:\/\/rodoaed.ee\/#website","url":"https:\/\/rodoaed.ee\/","name":"Rodoaed","description":"","publisher":{"@id":"https:\/\/rodoaed.ee\/#organization"},"potentialAction":[{"@type":"SearchAction","target":{"@type":"EntryPoint","urlTemplate":"https:\/\/rodoaed.ee\/?s={search_term_string}"},"query-input":{"@type":"PropertyValueSpecification","valueRequired":true,"valueName":"search_term_string"}}],"inLanguage":"fi"},{"@type":"Organization","@id":"https:\/\/rodoaed.ee\/#organization","name":"Rodoaed","url":"https:\/\/rodoaed.ee\/","logo":{"@type":"ImageObject","inLanguage":"fi","@id":"https:\/\/rodoaed.ee\/#\/schema\/logo\/image\/","url":"https:\/\/rodoaed.ee\/wp-content\/uploads\/2019\/11\/rodoaed-logo-ilma-taustata.jpg","contentUrl":"https:\/\/rodoaed.ee\/wp-content\/uploads\/2019\/11\/rodoaed-logo-ilma-taustata.jpg","width":769,"height":268,"caption":"Rodoaed"},"image":{"@id":"https:\/\/rodoaed.ee\/#\/schema\/logo\/image\/"},"sameAs":["https:\/\/www.facebook.com\/kasvuhooned\/","https:\/\/rodoaed.ee"]}]}},"_links":{"self":[{"href":"https:\/\/rodoaed.ee\/fi\/wp-json\/wp\/v2\/product\/52756","targetHints":{"allow":["GET"]}}],"collection":[{"href":"https:\/\/rodoaed.ee\/fi\/wp-json\/wp\/v2\/product"}],"about":[{"href":"https:\/\/rodoaed.ee\/fi\/wp-json\/wp\/v2\/types\/product"}],"wp:featuredmedia":[{"embeddable":true,"href":"https:\/\/rodoaed.ee\/fi\/wp-json\/wp\/v2\/media\/39486"}],"wp:attachment":[{"href":"https:\/\/rodoaed.ee\/fi\/wp-json\/wp\/v2\/media?parent=52756"}],"wp:term":[{"taxonomy":"product_brand","embeddable":true,"href":"https:\/\/rodoaed.ee\/fi\/wp-json\/wp\/v2\/product_brand?post=52756"},{"taxonomy":"product_cat","embeddable":true,"href":"https:\/\/rodoaed.ee\/fi\/wp-json\/wp\/v2\/product_cat?post=52756"},{"taxonomy":"product_tag","embeddable":true,"href":"https:\/\/rodoaed.ee\/fi\/wp-json\/wp\/v2\/product_tag?post=52756"}],"curies":[{"name":"wp","href":"https:\/\/api.w.org\/{rel}","templated":true}]}}