{"id":52757,"date":"2022-01-07T19:38:56","date_gmt":"2022-01-07T17:38:56","guid":{"rendered":"https:\/\/rodoaed.ee\/toode\/kasvihuone-floria-xl12-ral7016-125m2-290x430x225cm\/"},"modified":"2026-04-13T10:53:23","modified_gmt":"2026-04-13T07:53:23","slug":"kasvihuone-floria-xl12-ral7016-125m2-290x430x225cm","status":"publish","type":"product","link":"https:\/\/rodoaed.ee\/fi\/tuote\/kasvihuone-floria-xl12-ral7016-125m2-290x430x225cm\/","title":{"rendered":"Kasvihuone Floria XL12 -RAL7016- 12<sup>,5m2<\/sup> 290x430x225cm"},"content":{"rendered":"<h2>UUTUUS: RAL 7016 (antrasiitti\/tummanharmaa) jauhemaalattu runko.<\/h2>\n<h2>Floria on kasvihuone, jossa on klassinen harjakatto ja vankka rakenne.<\/h2>\n<p>Kasvihuoneet valmistetaan Liettuassa Ruotsissa valmistetuista alumiiniprofiileista ja katetaan Saksassa valmistetulla polykarbonaatilla. Jos belgialaiset kasvihuoneet kuulostavat sinusta kalliilta, t\u00e4m\u00e4 on juuri sinulle sopiva kasvihuone. <\/p>\n<p><strong>Tukevasta rungosta huolimatta kasvihuoneen hinta on uskomattoman edullinen<\/strong>. Kaarikatolla varustettuihin kiinalaisiin ja ven\u00e4l\u00e4isiin malleihin verrattuna kasvihuone on kaksi luokkaa ylemp\u00e4n\u00e4, mutta hinnaltaan vertailukelpoinen. N\u00e4iden kasvihuoneiden hinta nousee todenn\u00e4k\u00f6isesti nopeasti l\u00e4hivuosina niiden suosion vuoksi, joten kyseess\u00e4 on hyv\u00e4 sijoitus.  <\/p>\n<h2>Kasvihuoneen mitat<\/h2>\n<p>Kasvihuoneet ovat joko 2,20 tai 2,90 metri\u00e4 leveit\u00e4 ja pituudeltaan 2,10-8,50 metri\u00e4. L-malleissa katon harjakorkeus<span style=\"line-height: 18px;\"> on<\/span> 2,10 m ja XL-malleissa 2,25 m, mukaan lukien peruskehys. <\/p>\n<h2>Kasvihuoneen luukut ja ovet<\/h2>\n<p>Kaikissa kasvihuonemalleissa on optimaalinen m\u00e4\u00e4r\u00e4 kattoluukkuja ja asianmukainen saranoitu kaksiosainen k\u00e4\u00e4ntyv\u00e4 ovi. HUOM Suosittelemme l\u00e4mpim\u00e4sti kattoluukkujen automaattisten luukkujen avaajien hankkimista, sill\u00e4 ne tekev\u00e4t el\u00e4m\u00e4st\u00e4 eritt\u00e4in mukavaa. <\/p>\n<p>Kattoluukkujen lukum\u00e4\u00e4r\u00e4 malleittain:<\/p>\n<p>L-5 &#8211; 1 kattoluukku<\/p>\n<p>L-7 &#8211; 1 kattoluukku<\/p>\n<p>L-10 &#8211; 2 kattoluukkua<\/p>\n<p>L-15 &#8211; 3 kattoluukku<\/p>\n<p>XL-12 &#8211; 2 kattotuuletinta<\/p>\n<p>XL-18 &#8211; 3 kattoikkuna<\/p>\n<p>XL-24 &#8211; 4 kattoikkunaa<\/p>\n<h2>Polykarbonaatti<\/h2>\n<p>Kasvihuone on vakiona p\u00e4\u00e4llystetty vahvalla <strong>6 mm:n polykarbonaatilla<\/strong>. <strong>Polykarbonaattilaattojen tiivistysnauhat<\/strong> voi ostaa kasvihuoneen mukana. T\u00e4m\u00e4 pit\u00e4\u00e4 laatat kauniina ja puhtaina pitk\u00e4\u00e4n ja lis\u00e4\u00e4 huomattavasti l\u00e4mm\u00f6npid\u00e4tyskyky\u00e4. Kasvihuoneessa on 70 cm leve\u00e4 sein\u00e4.   <\/p>\n<h2>Alusraam<\/h2>\n<p>Tukeva alumiininen pohjakehys antaa kasvihuoneelle enemm\u00e4n vakautta ja helpottaa kokoamista huomattavasti. Runko on valmistettu vahvasta karppiprofiilista. <\/p>\n<p><a href=\"https:\/\/rodoaed.ee\/fi\/\">kotisivu<\/a> <a href=\"https:\/\/rodoaed.ee\/tootekategooria\/kasvuhooned-ja-talveaiad\/\">k\u00e4ynnist\u00e4<\/a> <a href=\"https:\/\/rodoaed.ee\/fi\/tootekategooria\/floria-kasvihuoneet\/\">Floria<\/a><\/p>\n","protected":false},"excerpt":{"rendered":"<p>UUTUUS: RAL 7016 (antrasiitti\/tummanharmaa) jauhemaalattu runko. Floria on kasvihuone, jossa on klassinen harjakatto ja vankka rakenne. Kasvihuoneet valmistetaan Liettuassa Ruotsissa valmistetuista alumiiniprofiileista ja katetaan Saksassa valmistetulla polykarbonaatilla. Jos belgialaiset kasvihuoneet kuulostavat sinusta kalliilta, t\u00e4m\u00e4 on juuri sinulle sopiva kasvihuone. Tukevasta rungosta huolimatta kasvihuoneen hinta on uskomattoman edullinen. Kaarikatolla varustettuihin kiinalaisiin ja ven\u00e4l\u00e4isiin malleihin verrattuna kasvihuone on kaksi luokkaa ylemp\u00e4n\u00e4, mutta hinnaltaan vertailukelpoinen. N\u00e4iden kasvihuoneiden hinta&#8230;<\/p>\n","protected":false},"featured_media":43371,"template":"","meta":{"_acf_changed":false},"product_brand":[],"product_cat":[1873],"product_tag":[],"class_list":{"0":"post-52757","1":"product","2":"type-product","3":"status-publish","4":"has-post-thumbnail","6":"product_cat-floria-kasvihuoneet","7":"product_shipping_class-tuote-ei-mahdu-pakettikoneeseen","8":"pa_variatsioon-20-kasvihuone-floria-xl13-13m2-290x431cm-20-kasvihuone-floria-xl13-13m2-290x431cm","10":"first","11":"instock","12":"sale","13":"taxable","14":"shipping-taxable","15":"purchasable","16":"product-type-simple"},"acf":[],"yoast_head":"<!-- This site is optimized with the Yoast SEO Premium plugin v27.3 (Yoast SEO v27.3) - https:\/\/yoast.com\/product\/yoast-seo-premium-wordpress\/ -->\n<title>Kasvihuone Floria XL12 -RAL7016- 12,5m2 290x430x225cm - Rodoaed<\/title>\n<meta name=\"robots\" content=\"index, follow, max-snippet:-1, max-image-preview:large, max-video-preview:-1\" \/>\n<link rel=\"canonical\" href=\"https:\/\/rodoaed.ee\/fi\/toode\/kasvihuone-floria-xl12-ral7016-125m2-290x430x225cm\/\" \/>\n<meta property=\"og:locale\" content=\"fi_FI\" \/>\n<meta property=\"og:type\" content=\"article\" \/>\n<meta property=\"og:title\" content=\"Kasvihuone Floria XL12 -RAL7016- 12,5m2 290x430x225cm\" \/>\n<meta property=\"og:description\" content=\"UUTUUS: RAL 7016 (antrasiitti\/tummanharmaa) jauhemaalattu runko. Floria on kasvihuone, jossa on klassinen harjakatto ja vankka rakenne. Kasvihuoneet\" \/>\n<meta property=\"og:url\" content=\"https:\/\/rodoaed.ee\/fi\/toode\/kasvihuone-floria-xl12-ral7016-125m2-290x430x225cm\/\" \/>\n<meta property=\"og:site_name\" content=\"Rodoaed\" \/>\n<meta property=\"article:publisher\" content=\"https:\/\/www.facebook.com\/kasvuhooned\/\" \/>\n<meta property=\"article:modified_time\" content=\"2026-04-13T07:53:23+00:00\" \/>\n<meta property=\"og:image\" content=\"https:\/\/rodoaed.ee\/wp-content\/uploads\/2022\/01\/kasvuhoone-Floria_7_RAL_DS_0060-scaled.jpg\" \/>\n\t<meta property=\"og:image:width\" content=\"2560\" \/>\n\t<meta property=\"og:image:height\" content=\"1707\" \/>\n\t<meta property=\"og:image:type\" content=\"image\/jpeg\" \/>\n<meta name=\"twitter:card\" content=\"summary_large_image\" \/>\n<meta name=\"twitter:label1\" content=\"Arvioitu lukuaika\" \/>\n\t<meta name=\"twitter:data1\" content=\"1 minuutti\" \/>\n<script type=\"application\/ld+json\" class=\"yoast-schema-graph\">{\"@context\":\"https:\\\/\\\/schema.org\",\"@graph\":[{\"@type\":\"WebPage\",\"@id\":\"https:\\\/\\\/rodoaed.ee\\\/fi\\\/toode\\\/kasvihuone-floria-xl12-ral7016-125m2-290x430x225cm\\\/\",\"url\":\"https:\\\/\\\/rodoaed.ee\\\/fi\\\/toode\\\/kasvihuone-floria-xl12-ral7016-125m2-290x430x225cm\\\/\",\"name\":\"Kasvihuone Floria XL12 -RAL7016- 12,5m2 290x430x225cm - Rodoaed\",\"isPartOf\":{\"@id\":\"https:\\\/\\\/rodoaed.ee\\\/#website\"},\"primaryImageOfPage\":{\"@id\":\"https:\\\/\\\/rodoaed.ee\\\/fi\\\/toode\\\/kasvihuone-floria-xl12-ral7016-125m2-290x430x225cm\\\/#primaryimage\"},\"image\":{\"@id\":\"https:\\\/\\\/rodoaed.ee\\\/fi\\\/toode\\\/kasvihuone-floria-xl12-ral7016-125m2-290x430x225cm\\\/#primaryimage\"},\"thumbnailUrl\":\"https:\\\/\\\/rodoaed.ee\\\/wp-content\\\/uploads\\\/2022\\\/01\\\/kasvuhoone-Floria_7_RAL_DS_0060-scaled.jpg\",\"datePublished\":\"2022-01-07T17:38:56+00:00\",\"dateModified\":\"2026-04-13T07:53:23+00:00\",\"breadcrumb\":{\"@id\":\"https:\\\/\\\/rodoaed.ee\\\/fi\\\/toode\\\/kasvihuone-floria-xl12-ral7016-125m2-290x430x225cm\\\/#breadcrumb\"},\"inLanguage\":\"fi\",\"potentialAction\":[{\"@type\":\"ReadAction\",\"target\":[\"https:\\\/\\\/rodoaed.ee\\\/fi\\\/toode\\\/kasvihuone-floria-xl12-ral7016-125m2-290x430x225cm\\\/\"]}]},{\"@type\":\"ImageObject\",\"inLanguage\":\"fi\",\"@id\":\"https:\\\/\\\/rodoaed.ee\\\/fi\\\/toode\\\/kasvihuone-floria-xl12-ral7016-125m2-290x430x225cm\\\/#primaryimage\",\"url\":\"https:\\\/\\\/rodoaed.ee\\\/wp-content\\\/uploads\\\/2022\\\/01\\\/kasvuhoone-Floria_7_RAL_DS_0060-scaled.jpg\",\"contentUrl\":\"https:\\\/\\\/rodoaed.ee\\\/wp-content\\\/uploads\\\/2022\\\/01\\\/kasvuhoone-Floria_7_RAL_DS_0060-scaled.jpg\",\"width\":2560,\"height\":1707,\"caption\":\"Floria kasvihuoneet\"},{\"@type\":\"BreadcrumbList\",\"@id\":\"https:\\\/\\\/rodoaed.ee\\\/fi\\\/toode\\\/kasvihuone-floria-xl12-ral7016-125m2-290x430x225cm\\\/#breadcrumb\",\"itemListElement\":[{\"@type\":\"ListItem\",\"position\":1,\"name\":\"Home\",\"item\":\"https:\\\/\\\/rodoaed.ee\\\/fi\\\/\"},{\"@type\":\"ListItem\",\"position\":2,\"name\":\"Osta osoitteessa\",\"item\":\"https:\\\/\\\/rodoaed.ee\\\/osta-osoitteessa\\\/\"},{\"@type\":\"ListItem\",\"position\":3,\"name\":\"Kasvihuone Floria XL12 -RAL7016- 12,5m2 290x430x225cm\"}]},{\"@type\":\"WebSite\",\"@id\":\"https:\\\/\\\/rodoaed.ee\\\/#website\",\"url\":\"https:\\\/\\\/rodoaed.ee\\\/\",\"name\":\"Rodoaed\",\"description\":\"\",\"publisher\":{\"@id\":\"https:\\\/\\\/rodoaed.ee\\\/#organization\"},\"potentialAction\":[{\"@type\":\"SearchAction\",\"target\":{\"@type\":\"EntryPoint\",\"urlTemplate\":\"https:\\\/\\\/rodoaed.ee\\\/?s={search_term_string}\"},\"query-input\":{\"@type\":\"PropertyValueSpecification\",\"valueRequired\":true,\"valueName\":\"search_term_string\"}}],\"inLanguage\":\"fi\"},{\"@type\":\"Organization\",\"@id\":\"https:\\\/\\\/rodoaed.ee\\\/#organization\",\"name\":\"Rodoaed\",\"url\":\"https:\\\/\\\/rodoaed.ee\\\/\",\"logo\":{\"@type\":\"ImageObject\",\"inLanguage\":\"fi\",\"@id\":\"https:\\\/\\\/rodoaed.ee\\\/#\\\/schema\\\/logo\\\/image\\\/\",\"url\":\"https:\\\/\\\/rodoaed.ee\\\/wp-content\\\/uploads\\\/2019\\\/11\\\/rodoaed-logo-ilma-taustata.jpg\",\"contentUrl\":\"https:\\\/\\\/rodoaed.ee\\\/wp-content\\\/uploads\\\/2019\\\/11\\\/rodoaed-logo-ilma-taustata.jpg\",\"width\":769,\"height\":268,\"caption\":\"Rodoaed\"},\"image\":{\"@id\":\"https:\\\/\\\/rodoaed.ee\\\/#\\\/schema\\\/logo\\\/image\\\/\"},\"sameAs\":[\"https:\\\/\\\/www.facebook.com\\\/kasvuhooned\\\/\",\"https:\\\/\\\/rodoaed.ee\"]}]}<\/script>\n<!-- \/ Yoast SEO Premium plugin. -->","yoast_head_json":{"title":"Kasvihuone Floria XL12 -RAL7016- 12,5m2 290x430x225cm - Rodoaed","robots":{"index":"index","follow":"follow","max-snippet":"max-snippet:-1","max-image-preview":"max-image-preview:large","max-video-preview":"max-video-preview:-1"},"canonical":"https:\/\/rodoaed.ee\/fi\/toode\/kasvihuone-floria-xl12-ral7016-125m2-290x430x225cm\/","og_locale":"fi_FI","og_type":"article","og_title":"Kasvihuone Floria XL12 -RAL7016- 12,5m2 290x430x225cm","og_description":"UUTUUS: RAL 7016 (antrasiitti\/tummanharmaa) jauhemaalattu runko. Floria on kasvihuone, jossa on klassinen harjakatto ja vankka rakenne. Kasvihuoneet","og_url":"https:\/\/rodoaed.ee\/fi\/toode\/kasvihuone-floria-xl12-ral7016-125m2-290x430x225cm\/","og_site_name":"Rodoaed","article_publisher":"https:\/\/www.facebook.com\/kasvuhooned\/","article_modified_time":"2026-04-13T07:53:23+00:00","og_image":[{"width":2560,"height":1707,"url":"https:\/\/rodoaed.ee\/wp-content\/uploads\/2022\/01\/kasvuhoone-Floria_7_RAL_DS_0060-scaled.jpg","type":"image\/jpeg"}],"twitter_card":"summary_large_image","twitter_misc":{"Arvioitu lukuaika":"1 minuutti"},"schema":{"@context":"https:\/\/schema.org","@graph":[{"@type":"WebPage","@id":"https:\/\/rodoaed.ee\/fi\/toode\/kasvihuone-floria-xl12-ral7016-125m2-290x430x225cm\/","url":"https:\/\/rodoaed.ee\/fi\/toode\/kasvihuone-floria-xl12-ral7016-125m2-290x430x225cm\/","name":"Kasvihuone Floria XL12 -RAL7016- 12,5m2 290x430x225cm - Rodoaed","isPartOf":{"@id":"https:\/\/rodoaed.ee\/#website"},"primaryImageOfPage":{"@id":"https:\/\/rodoaed.ee\/fi\/toode\/kasvihuone-floria-xl12-ral7016-125m2-290x430x225cm\/#primaryimage"},"image":{"@id":"https:\/\/rodoaed.ee\/fi\/toode\/kasvihuone-floria-xl12-ral7016-125m2-290x430x225cm\/#primaryimage"},"thumbnailUrl":"https:\/\/rodoaed.ee\/wp-content\/uploads\/2022\/01\/kasvuhoone-Floria_7_RAL_DS_0060-scaled.jpg","datePublished":"2022-01-07T17:38:56+00:00","dateModified":"2026-04-13T07:53:23+00:00","breadcrumb":{"@id":"https:\/\/rodoaed.ee\/fi\/toode\/kasvihuone-floria-xl12-ral7016-125m2-290x430x225cm\/#breadcrumb"},"inLanguage":"fi","potentialAction":[{"@type":"ReadAction","target":["https:\/\/rodoaed.ee\/fi\/toode\/kasvihuone-floria-xl12-ral7016-125m2-290x430x225cm\/"]}]},{"@type":"ImageObject","inLanguage":"fi","@id":"https:\/\/rodoaed.ee\/fi\/toode\/kasvihuone-floria-xl12-ral7016-125m2-290x430x225cm\/#primaryimage","url":"https:\/\/rodoaed.ee\/wp-content\/uploads\/2022\/01\/kasvuhoone-Floria_7_RAL_DS_0060-scaled.jpg","contentUrl":"https:\/\/rodoaed.ee\/wp-content\/uploads\/2022\/01\/kasvuhoone-Floria_7_RAL_DS_0060-scaled.jpg","width":2560,"height":1707,"caption":"Floria kasvihuoneet"},{"@type":"BreadcrumbList","@id":"https:\/\/rodoaed.ee\/fi\/toode\/kasvihuone-floria-xl12-ral7016-125m2-290x430x225cm\/#breadcrumb","itemListElement":[{"@type":"ListItem","position":1,"name":"Home","item":"https:\/\/rodoaed.ee\/fi\/"},{"@type":"ListItem","position":2,"name":"Osta osoitteessa","item":"https:\/\/rodoaed.ee\/osta-osoitteessa\/"},{"@type":"ListItem","position":3,"name":"Kasvihuone Floria XL12 -RAL7016- 12,5m2 290x430x225cm"}]},{"@type":"WebSite","@id":"https:\/\/rodoaed.ee\/#website","url":"https:\/\/rodoaed.ee\/","name":"Rodoaed","description":"","publisher":{"@id":"https:\/\/rodoaed.ee\/#organization"},"potentialAction":[{"@type":"SearchAction","target":{"@type":"EntryPoint","urlTemplate":"https:\/\/rodoaed.ee\/?s={search_term_string}"},"query-input":{"@type":"PropertyValueSpecification","valueRequired":true,"valueName":"search_term_string"}}],"inLanguage":"fi"},{"@type":"Organization","@id":"https:\/\/rodoaed.ee\/#organization","name":"Rodoaed","url":"https:\/\/rodoaed.ee\/","logo":{"@type":"ImageObject","inLanguage":"fi","@id":"https:\/\/rodoaed.ee\/#\/schema\/logo\/image\/","url":"https:\/\/rodoaed.ee\/wp-content\/uploads\/2019\/11\/rodoaed-logo-ilma-taustata.jpg","contentUrl":"https:\/\/rodoaed.ee\/wp-content\/uploads\/2019\/11\/rodoaed-logo-ilma-taustata.jpg","width":769,"height":268,"caption":"Rodoaed"},"image":{"@id":"https:\/\/rodoaed.ee\/#\/schema\/logo\/image\/"},"sameAs":["https:\/\/www.facebook.com\/kasvuhooned\/","https:\/\/rodoaed.ee"]}]}},"_links":{"self":[{"href":"https:\/\/rodoaed.ee\/fi\/wp-json\/wp\/v2\/product\/52757","targetHints":{"allow":["GET"]}}],"collection":[{"href":"https:\/\/rodoaed.ee\/fi\/wp-json\/wp\/v2\/product"}],"about":[{"href":"https:\/\/rodoaed.ee\/fi\/wp-json\/wp\/v2\/types\/product"}],"wp:featuredmedia":[{"embeddable":true,"href":"https:\/\/rodoaed.ee\/fi\/wp-json\/wp\/v2\/media\/43371"}],"wp:attachment":[{"href":"https:\/\/rodoaed.ee\/fi\/wp-json\/wp\/v2\/media?parent=52757"}],"wp:term":[{"taxonomy":"product_brand","embeddable":true,"href":"https:\/\/rodoaed.ee\/fi\/wp-json\/wp\/v2\/product_brand?post=52757"},{"taxonomy":"product_cat","embeddable":true,"href":"https:\/\/rodoaed.ee\/fi\/wp-json\/wp\/v2\/product_cat?post=52757"},{"taxonomy":"product_tag","embeddable":true,"href":"https:\/\/rodoaed.ee\/fi\/wp-json\/wp\/v2\/product_tag?post=52757"}],"curies":[{"name":"wp","href":"https:\/\/api.w.org\/{rel}","templated":true}]}}