{"id":52761,"date":"2021-12-29T18:36:10","date_gmt":"2021-12-29T16:36:10","guid":{"rendered":"https:\/\/rodoaed.ee\/toode\/nupin-koko-5-valmistettu-luonnollisesta-pellavasta-210-180x60mm\/"},"modified":"2026-04-13T10:53:25","modified_gmt":"2026-04-13T07:53:25","slug":"nupin-koko-5-valmistettu-luonnollisesta-pellavasta-210-180x60mm","status":"publish","type":"product","link":"https:\/\/rodoaed.ee\/fi\/tuote\/nupin-koko-5-valmistettu-luonnollisesta-pellavasta-210-180x60mm\/","title":{"rendered":"Nupin koko 5- valmistettu luonnollisesta pellavasta (210\/180x60mm)."},"content":{"rendered":"<h2>Luonnonpellavasta valmistettu veitsikuppi suojaa veitsen ter\u00e4\u00e4 laatikossa.<\/h2>\n<div class=\"text\">\n<p>Eritt\u00e4in j\u00e4ykk\u00e4 ja vahva puristettu luonnonpellavamateriaali.<\/p>\n<\/div>\n<div class=\"text\">\n<p>Eritt\u00e4in yksinkertainen ja k\u00e4tev\u00e4 tapa suojata veitset esimerkiksi laatikossa tai matkalaukussa. Laatikossa veitsi\u00e4 ei voi pit\u00e4\u00e4 irrallaan, sill\u00e4 ne vahingoittavat toisiaan ja ovat vaarallisia k\u00e4ytt\u00e4j\u00e4lle, jos ter\u00e4v\u00e4t leikkuureunat ty\u00f6ntyv\u00e4t vaarallisesti esiin. T\u00e4m\u00e4n pienen ty\u00f6kalun avulla veitsi\u00e4 on kuitenkin helppo s\u00e4ilytt\u00e4\u00e4 laatikossa.  <\/p>\n<\/div>\n<h2>T\u00e4rkeimm\u00e4t ominaisuudet:<\/h2>\n<ul>\n<li>Materiaali: luonnollinen pellavakuitu<\/li>\n<li>Mitat Koko 5 (210\/180 x 60 mm).<\/li>\n<\/ul>\n<p>&nbsp;<\/p>\n<p><a href=\"https:\/\/rodoaed.ee\/fi\/\">kotisivu<\/a> <a href=\"https:\/\/rodoaed.ee\/fi\/tootekategooria\/keittiolaitteet\/\">k\u00e4ynnist\u00e4<\/a> <a href=\"https:\/\/rodoaed.ee\/fi\/tootekategooria\/keittiolaitteet\/keittion-pesuallas\/\">Keitti\u00f6n portaat<\/a> <a href=\"https:\/\/rodoaed.ee\/toode\/lauanuga-old-german-ploomipuust-kaepide\/\">p\u00f6yd\u00e4ll\u00e4<\/a> <a href=\"https:\/\/rodoaed.ee\/toode\/kokanuga-k5-ploomipuust-kaepide\/\">ruoanlaitto veitsi<\/a> <a href=\"https:\/\/rodoaed.ee\/toode\/leivanuga-k-b2-ploomipuust-kaepide\/\">leip\u00e4 veitsi<\/a><\/p>\n","protected":false},"excerpt":{"rendered":"<p>Luonnonpellavasta valmistettu veitsikuppi suojaa veitsen ter\u00e4\u00e4 laatikossa. Eritt\u00e4in j\u00e4ykk\u00e4 ja vahva puristettu luonnonpellavamateriaali. Eritt\u00e4in yksinkertainen ja k\u00e4tev\u00e4 tapa suojata veitset esimerkiksi laatikossa tai matkalaukussa. Laatikossa veitsi\u00e4 ei voi pit\u00e4\u00e4 irrallaan, sill\u00e4 ne vahingoittavat toisiaan ja ovat vaarallisia k\u00e4ytt\u00e4j\u00e4lle, jos ter\u00e4v\u00e4t leikkuureunat ty\u00f6ntyv\u00e4t vaarallisesti esiin. T\u00e4m\u00e4n pienen ty\u00f6kalun avulla veitsi\u00e4 on kuitenkin helppo s\u00e4ilytt\u00e4\u00e4 laatikossa. T\u00e4rkeimm\u00e4t ominaisuudet: Materiaali: luonnollinen pellavakuitu Mitat Koko 5 (210\/180 x 60&#8230;<\/p>\n","protected":false},"featured_media":33520,"template":"","meta":{"_acf_changed":false},"product_brand":[],"product_cat":[1751,1830,1902],"product_tag":[],"class_list":{"0":"post-52761","1":"product","2":"type-product","3":"status-publish","4":"has-post-thumbnail","6":"product_cat-keittiolaitteet","7":"product_cat-keittion-pesuallas","8":"product_cat-noah-holders","9":"product_shipping_class-toimitus-1-3-tyopaivan-kuluessa","10":"pa_variatsioon-keittioveitsi-k0-hiiliteras-kiillotettu-varsi-luumupuuta","12":"first","13":"instock","14":"sale","15":"taxable","16":"shipping-taxable","17":"purchasable","18":"product-type-simple"},"acf":[],"yoast_head":"<!-- This site is optimized with the Yoast SEO Premium plugin v27.3 (Yoast SEO v27.3) - https:\/\/yoast.com\/product\/yoast-seo-premium-wordpress\/ -->\n<title>Nupin koko 5- valmistettu luonnollisesta pellavasta (210\/180x60mm). - Rodoaed<\/title>\n<meta name=\"description\" content=\"Luonnonpellavakuituinen veitsisokkeli suojaa veitsen ter\u00e4\u00e4 laatikossa tai matkalaukussa.\" \/>\n<meta name=\"robots\" content=\"index, follow, max-snippet:-1, max-image-preview:large, max-video-preview:-1\" \/>\n<link rel=\"canonical\" href=\"https:\/\/rodoaed.ee\/fi\/toode\/nupin-koko-5-valmistettu-luonnollisesta-pellavasta-210-180x60mm\/\" \/>\n<meta property=\"og:locale\" content=\"fi_FI\" \/>\n<meta property=\"og:type\" content=\"article\" \/>\n<meta property=\"og:title\" content=\"Nupin koko 5- valmistettu luonnollisesta pellavasta (210\/180x60mm).\" \/>\n<meta property=\"og:description\" content=\"Luonnonpellavasta valmistettu veitsikuppi suojaa veitsen ter\u00e4\u00e4 laatikossa. Eritt\u00e4in j\u00e4ykk\u00e4 ja vahva puristettu luonnonpellavamateriaali. Eritt\u00e4in\" \/>\n<meta property=\"og:url\" content=\"https:\/\/rodoaed.ee\/fi\/toode\/nupin-koko-5-valmistettu-luonnollisesta-pellavasta-210-180x60mm\/\" \/>\n<meta property=\"og:site_name\" content=\"Rodoaed\" \/>\n<meta property=\"article:publisher\" content=\"https:\/\/www.facebook.com\/kasvuhooned\/\" \/>\n<meta property=\"article:modified_time\" content=\"2026-04-13T07:53:25+00:00\" \/>\n<meta property=\"og:image\" content=\"https:\/\/rodoaed.ee\/wp-content\/uploads\/2020\/09\/noatupp_2118x6cm.jpg\" \/>\n\t<meta property=\"og:image:width\" content=\"1400\" \/>\n\t<meta property=\"og:image:height\" content=\"1050\" \/>\n\t<meta property=\"og:image:type\" content=\"image\/jpeg\" \/>\n<meta name=\"twitter:card\" content=\"summary_large_image\" \/>\n<script type=\"application\/ld+json\" class=\"yoast-schema-graph\">{\"@context\":\"https:\\\/\\\/schema.org\",\"@graph\":[{\"@type\":\"WebPage\",\"@id\":\"https:\\\/\\\/rodoaed.ee\\\/fi\\\/toode\\\/nupin-koko-5-valmistettu-luonnollisesta-pellavasta-210-180x60mm\\\/\",\"url\":\"https:\\\/\\\/rodoaed.ee\\\/fi\\\/toode\\\/nupin-koko-5-valmistettu-luonnollisesta-pellavasta-210-180x60mm\\\/\",\"name\":\"Nupin koko 5- valmistettu luonnollisesta pellavasta (210\\\/180x60mm). - Rodoaed\",\"isPartOf\":{\"@id\":\"https:\\\/\\\/rodoaed.ee\\\/#website\"},\"primaryImageOfPage\":{\"@id\":\"https:\\\/\\\/rodoaed.ee\\\/fi\\\/toode\\\/nupin-koko-5-valmistettu-luonnollisesta-pellavasta-210-180x60mm\\\/#primaryimage\"},\"image\":{\"@id\":\"https:\\\/\\\/rodoaed.ee\\\/fi\\\/toode\\\/nupin-koko-5-valmistettu-luonnollisesta-pellavasta-210-180x60mm\\\/#primaryimage\"},\"thumbnailUrl\":\"https:\\\/\\\/rodoaed.ee\\\/wp-content\\\/uploads\\\/2020\\\/09\\\/noatupp_2118x6cm.jpg\",\"datePublished\":\"2021-12-29T16:36:10+00:00\",\"dateModified\":\"2026-04-13T07:53:25+00:00\",\"description\":\"Luonnonpellavakuituinen veitsisokkeli suojaa veitsen ter\u00e4\u00e4 laatikossa tai matkalaukussa.\",\"breadcrumb\":{\"@id\":\"https:\\\/\\\/rodoaed.ee\\\/fi\\\/toode\\\/nupin-koko-5-valmistettu-luonnollisesta-pellavasta-210-180x60mm\\\/#breadcrumb\"},\"inLanguage\":\"fi\",\"potentialAction\":[{\"@type\":\"ReadAction\",\"target\":[\"https:\\\/\\\/rodoaed.ee\\\/fi\\\/toode\\\/nupin-koko-5-valmistettu-luonnollisesta-pellavasta-210-180x60mm\\\/\"]}]},{\"@type\":\"ImageObject\",\"inLanguage\":\"fi\",\"@id\":\"https:\\\/\\\/rodoaed.ee\\\/fi\\\/toode\\\/nupin-koko-5-valmistettu-luonnollisesta-pellavasta-210-180x60mm\\\/#primaryimage\",\"url\":\"https:\\\/\\\/rodoaed.ee\\\/wp-content\\\/uploads\\\/2020\\\/09\\\/noatupp_2118x6cm.jpg\",\"contentUrl\":\"https:\\\/\\\/rodoaed.ee\\\/wp-content\\\/uploads\\\/2020\\\/09\\\/noatupp_2118x6cm.jpg\",\"width\":1400,\"height\":1050},{\"@type\":\"BreadcrumbList\",\"@id\":\"https:\\\/\\\/rodoaed.ee\\\/fi\\\/toode\\\/nupin-koko-5-valmistettu-luonnollisesta-pellavasta-210-180x60mm\\\/#breadcrumb\",\"itemListElement\":[{\"@type\":\"ListItem\",\"position\":1,\"name\":\"Home\",\"item\":\"https:\\\/\\\/rodoaed.ee\\\/fi\\\/\"},{\"@type\":\"ListItem\",\"position\":2,\"name\":\"Osta osoitteessa\",\"item\":\"https:\\\/\\\/rodoaed.ee\\\/osta-osoitteessa\\\/\"},{\"@type\":\"ListItem\",\"position\":3,\"name\":\"Nupin koko 5- valmistettu luonnollisesta pellavasta (210\\\/180x60mm).\"}]},{\"@type\":\"WebSite\",\"@id\":\"https:\\\/\\\/rodoaed.ee\\\/#website\",\"url\":\"https:\\\/\\\/rodoaed.ee\\\/\",\"name\":\"Rodoaed\",\"description\":\"\",\"publisher\":{\"@id\":\"https:\\\/\\\/rodoaed.ee\\\/#organization\"},\"potentialAction\":[{\"@type\":\"SearchAction\",\"target\":{\"@type\":\"EntryPoint\",\"urlTemplate\":\"https:\\\/\\\/rodoaed.ee\\\/?s={search_term_string}\"},\"query-input\":{\"@type\":\"PropertyValueSpecification\",\"valueRequired\":true,\"valueName\":\"search_term_string\"}}],\"inLanguage\":\"fi\"},{\"@type\":\"Organization\",\"@id\":\"https:\\\/\\\/rodoaed.ee\\\/#organization\",\"name\":\"Rodoaed\",\"url\":\"https:\\\/\\\/rodoaed.ee\\\/\",\"logo\":{\"@type\":\"ImageObject\",\"inLanguage\":\"fi\",\"@id\":\"https:\\\/\\\/rodoaed.ee\\\/#\\\/schema\\\/logo\\\/image\\\/\",\"url\":\"https:\\\/\\\/rodoaed.ee\\\/wp-content\\\/uploads\\\/2019\\\/11\\\/rodoaed-logo-ilma-taustata.jpg\",\"contentUrl\":\"https:\\\/\\\/rodoaed.ee\\\/wp-content\\\/uploads\\\/2019\\\/11\\\/rodoaed-logo-ilma-taustata.jpg\",\"width\":769,\"height\":268,\"caption\":\"Rodoaed\"},\"image\":{\"@id\":\"https:\\\/\\\/rodoaed.ee\\\/#\\\/schema\\\/logo\\\/image\\\/\"},\"sameAs\":[\"https:\\\/\\\/www.facebook.com\\\/kasvuhooned\\\/\",\"https:\\\/\\\/rodoaed.ee\"]}]}<\/script>\n<!-- \/ Yoast SEO Premium plugin. -->","yoast_head_json":{"title":"Nupin koko 5- valmistettu luonnollisesta pellavasta (210\/180x60mm). - Rodoaed","description":"Luonnonpellavakuituinen veitsisokkeli suojaa veitsen ter\u00e4\u00e4 laatikossa tai matkalaukussa.","robots":{"index":"index","follow":"follow","max-snippet":"max-snippet:-1","max-image-preview":"max-image-preview:large","max-video-preview":"max-video-preview:-1"},"canonical":"https:\/\/rodoaed.ee\/fi\/toode\/nupin-koko-5-valmistettu-luonnollisesta-pellavasta-210-180x60mm\/","og_locale":"fi_FI","og_type":"article","og_title":"Nupin koko 5- valmistettu luonnollisesta pellavasta (210\/180x60mm).","og_description":"Luonnonpellavasta valmistettu veitsikuppi suojaa veitsen ter\u00e4\u00e4 laatikossa. Eritt\u00e4in j\u00e4ykk\u00e4 ja vahva puristettu luonnonpellavamateriaali. Eritt\u00e4in","og_url":"https:\/\/rodoaed.ee\/fi\/toode\/nupin-koko-5-valmistettu-luonnollisesta-pellavasta-210-180x60mm\/","og_site_name":"Rodoaed","article_publisher":"https:\/\/www.facebook.com\/kasvuhooned\/","article_modified_time":"2026-04-13T07:53:25+00:00","og_image":[{"width":1400,"height":1050,"url":"https:\/\/rodoaed.ee\/wp-content\/uploads\/2020\/09\/noatupp_2118x6cm.jpg","type":"image\/jpeg"}],"twitter_card":"summary_large_image","schema":{"@context":"https:\/\/schema.org","@graph":[{"@type":"WebPage","@id":"https:\/\/rodoaed.ee\/fi\/toode\/nupin-koko-5-valmistettu-luonnollisesta-pellavasta-210-180x60mm\/","url":"https:\/\/rodoaed.ee\/fi\/toode\/nupin-koko-5-valmistettu-luonnollisesta-pellavasta-210-180x60mm\/","name":"Nupin koko 5- valmistettu luonnollisesta pellavasta (210\/180x60mm). - Rodoaed","isPartOf":{"@id":"https:\/\/rodoaed.ee\/#website"},"primaryImageOfPage":{"@id":"https:\/\/rodoaed.ee\/fi\/toode\/nupin-koko-5-valmistettu-luonnollisesta-pellavasta-210-180x60mm\/#primaryimage"},"image":{"@id":"https:\/\/rodoaed.ee\/fi\/toode\/nupin-koko-5-valmistettu-luonnollisesta-pellavasta-210-180x60mm\/#primaryimage"},"thumbnailUrl":"https:\/\/rodoaed.ee\/wp-content\/uploads\/2020\/09\/noatupp_2118x6cm.jpg","datePublished":"2021-12-29T16:36:10+00:00","dateModified":"2026-04-13T07:53:25+00:00","description":"Luonnonpellavakuituinen veitsisokkeli suojaa veitsen ter\u00e4\u00e4 laatikossa tai matkalaukussa.","breadcrumb":{"@id":"https:\/\/rodoaed.ee\/fi\/toode\/nupin-koko-5-valmistettu-luonnollisesta-pellavasta-210-180x60mm\/#breadcrumb"},"inLanguage":"fi","potentialAction":[{"@type":"ReadAction","target":["https:\/\/rodoaed.ee\/fi\/toode\/nupin-koko-5-valmistettu-luonnollisesta-pellavasta-210-180x60mm\/"]}]},{"@type":"ImageObject","inLanguage":"fi","@id":"https:\/\/rodoaed.ee\/fi\/toode\/nupin-koko-5-valmistettu-luonnollisesta-pellavasta-210-180x60mm\/#primaryimage","url":"https:\/\/rodoaed.ee\/wp-content\/uploads\/2020\/09\/noatupp_2118x6cm.jpg","contentUrl":"https:\/\/rodoaed.ee\/wp-content\/uploads\/2020\/09\/noatupp_2118x6cm.jpg","width":1400,"height":1050},{"@type":"BreadcrumbList","@id":"https:\/\/rodoaed.ee\/fi\/toode\/nupin-koko-5-valmistettu-luonnollisesta-pellavasta-210-180x60mm\/#breadcrumb","itemListElement":[{"@type":"ListItem","position":1,"name":"Home","item":"https:\/\/rodoaed.ee\/fi\/"},{"@type":"ListItem","position":2,"name":"Osta osoitteessa","item":"https:\/\/rodoaed.ee\/osta-osoitteessa\/"},{"@type":"ListItem","position":3,"name":"Nupin koko 5- valmistettu luonnollisesta pellavasta (210\/180x60mm)."}]},{"@type":"WebSite","@id":"https:\/\/rodoaed.ee\/#website","url":"https:\/\/rodoaed.ee\/","name":"Rodoaed","description":"","publisher":{"@id":"https:\/\/rodoaed.ee\/#organization"},"potentialAction":[{"@type":"SearchAction","target":{"@type":"EntryPoint","urlTemplate":"https:\/\/rodoaed.ee\/?s={search_term_string}"},"query-input":{"@type":"PropertyValueSpecification","valueRequired":true,"valueName":"search_term_string"}}],"inLanguage":"fi"},{"@type":"Organization","@id":"https:\/\/rodoaed.ee\/#organization","name":"Rodoaed","url":"https:\/\/rodoaed.ee\/","logo":{"@type":"ImageObject","inLanguage":"fi","@id":"https:\/\/rodoaed.ee\/#\/schema\/logo\/image\/","url":"https:\/\/rodoaed.ee\/wp-content\/uploads\/2019\/11\/rodoaed-logo-ilma-taustata.jpg","contentUrl":"https:\/\/rodoaed.ee\/wp-content\/uploads\/2019\/11\/rodoaed-logo-ilma-taustata.jpg","width":769,"height":268,"caption":"Rodoaed"},"image":{"@id":"https:\/\/rodoaed.ee\/#\/schema\/logo\/image\/"},"sameAs":["https:\/\/www.facebook.com\/kasvuhooned\/","https:\/\/rodoaed.ee"]}]}},"_links":{"self":[{"href":"https:\/\/rodoaed.ee\/fi\/wp-json\/wp\/v2\/product\/52761","targetHints":{"allow":["GET"]}}],"collection":[{"href":"https:\/\/rodoaed.ee\/fi\/wp-json\/wp\/v2\/product"}],"about":[{"href":"https:\/\/rodoaed.ee\/fi\/wp-json\/wp\/v2\/types\/product"}],"wp:featuredmedia":[{"embeddable":true,"href":"https:\/\/rodoaed.ee\/fi\/wp-json\/wp\/v2\/media\/33520"}],"wp:attachment":[{"href":"https:\/\/rodoaed.ee\/fi\/wp-json\/wp\/v2\/media?parent=52761"}],"wp:term":[{"taxonomy":"product_brand","embeddable":true,"href":"https:\/\/rodoaed.ee\/fi\/wp-json\/wp\/v2\/product_brand?post=52761"},{"taxonomy":"product_cat","embeddable":true,"href":"https:\/\/rodoaed.ee\/fi\/wp-json\/wp\/v2\/product_cat?post=52761"},{"taxonomy":"product_tag","embeddable":true,"href":"https:\/\/rodoaed.ee\/fi\/wp-json\/wp\/v2\/product_tag?post=52761"}],"curies":[{"name":"wp","href":"https:\/\/api.w.org\/{rel}","templated":true}]}}