{"id":52765,"date":"2022-01-07T13:15:12","date_gmt":"2022-01-07T11:15:12","guid":{"rendered":"https:\/\/rodoaed.ee\/toode\/hakkuri-ilman-moottoria-mehunpuristimille\/"},"modified":"2026-04-13T10:53:35","modified_gmt":"2026-04-13T07:53:35","slug":"hakkuri-ilman-moottoria-mehunpuristimille","status":"publish","type":"product","link":"https:\/\/rodoaed.ee\/fi\/tuote\/hakkuri-ilman-moottoria-mehunpuristimille\/","title":{"rendered":"Hakkuri ilman moottoria &#8211; mehunpuristimille"},"content":{"rendered":"<h2>TRE Spade-hakkurisuutin, joka kiinnitet\u00e4\u00e4n moottorimyllyyn tai mehustimeen. Sopii kaikkiin 8 malliin. <\/h2>\n<p>Jos sinulla on Easy Squeezy-, Med Junor- tai TC-8-mehustin, voit helposti muuttaa mehustimen tehokkaaksi jauhelihaksi. Moottoriosa pysyy samana, vaihdat vain ensimm\u00e4isen osan. <\/p>\n<p><em>TRE Spade -tuotemerkki on ollut tunnettu Euroopassa ja ymp\u00e4ri maailmaa yli 120 vuoden ajan eritt\u00e4in kest\u00e4vien eli &#8221;elinik\u00e4isten&#8221; keitti\u00f6koneiden valmistajana. T\u00e4h\u00e4n asti laitteet on valmistettu Euroopassa, Italian tehtaalla Torinossa. Valmistuksessa k\u00e4ytet\u00e4\u00e4n vain kaikkein kest\u00e4vimpi\u00e4 materiaaleja, kuten ruostumatonta ter\u00e4st\u00e4 ja valurautaa.  <\/em><\/p>\n<p><em>TRE Spade on kuuluisa my\u00f6s palkitusta muotoilustaan. Tavallisesti ammattikeitti\u00f6ihin tarkoitettuja laitteita valmistavat tehtaat eiv\u00e4t aseta suunnittelua etusijalle, vaan tehokkuus on etusijalla. Italialainen edell\u00e4k\u00e4vij\u00e4 on kuitenkin tunnettu teknologisesta innovaatiosta, pitk\u00e4aikaisesta kest\u00e4vyydest\u00e4 ja palkitusta muotoilusta. Viime vuosina ne ovat voittaneet useita Euroopan parhaita muotoilupalkintoja.   <\/em><\/p>\n<h2>T\u00e4rkeimm\u00e4t ominaisuudet:<\/h2>\n<ul>\n<li>Runko, ruuvi ja ruuvirengas on valmistettu valuraudasta.<\/li>\n<li>Yl\u00e4alusta on valmistettu elintarvikekelpoisesta muovista<\/li>\n<li><span style=\"line-height: 1;\">Ruostumattomasta ter\u00e4ksest\u00e4 valmistettu ter\u00e4 ja siivil\u00e4<\/span><\/li>\n<li><span style=\"line-height: 1;\">Nopea purkaminen k\u00e4tev\u00e4\u00e4 puhdistusta varten<\/span><\/li>\n<li><span style=\"line-height: 1;\">Helppo k\u00e4ytt\u00e4\u00e4<\/span><\/li>\n<\/ul>\n","protected":false},"excerpt":{"rendered":"<p>TRE Spade-hakkurisuutin, joka kiinnitet\u00e4\u00e4n moottorimyllyyn tai mehustimeen. Sopii kaikkiin 8 malliin. Jos sinulla on Easy Squeezy-, Med Junor- tai TC-8-mehustin, voit helposti muuttaa mehustimen tehokkaaksi jauhelihaksi. Moottoriosa pysyy samana, vaihdat vain ensimm\u00e4isen osan. TRE Spade -tuotemerkki on ollut tunnettu Euroopassa ja ymp\u00e4ri maailmaa yli 120 vuoden ajan eritt\u00e4in kest\u00e4vien eli &#8221;elinik\u00e4isten&#8221; keitti\u00f6koneiden valmistajana. T\u00e4h\u00e4n asti laitteet on valmistettu Euroopassa, Italian tehtaalla Torinossa. Valmistuksessa k\u00e4ytet\u00e4\u00e4n vain&#8230;<\/p>\n","protected":false},"featured_media":39584,"template":"","meta":{"_acf_changed":false},"product_brand":[],"product_cat":[1919,1898,1751],"product_tag":[],"class_list":{"0":"post-52765","1":"product","2":"type-product","3":"status-publish","4":"has-post-thumbnail","6":"product_cat-chippers","7":"product_cat-hiontapuristimet","8":"product_cat-keittiolaitteet","9":"product_shipping_class-toimitus-1-3-tyopaivan-kuluessa","10":"pa_variatsioon-hiomakone-medium-ilman-moottoriosaa","12":"first","13":"onbackorder","14":"taxable","15":"shipping-taxable","16":"purchasable","17":"product-type-simple"},"acf":[],"yoast_head":"<!-- This site is optimized with the Yoast SEO Premium plugin v27.3 (Yoast SEO v27.3) - https:\/\/yoast.com\/product\/yoast-seo-premium-wordpress\/ -->\n<title>Hakkuri ilman moottoria - mehunpuristimille -% Rodoaed-juicerit<\/title>\n<meta name=\"description\" content=\"TRE Spade -mehunpuristimet irrottavat marjoista tuoremehua murskaamalla ja erottamalla kuoret ja siemenet siististi toisistaan. Mehustin on suuritehoinen.\" \/>\n<meta name=\"robots\" content=\"index, follow, max-snippet:-1, max-image-preview:large, max-video-preview:-1\" \/>\n<link rel=\"canonical\" href=\"https:\/\/rodoaed.ee\/fi\/toode\/hakkuri-ilman-moottoria-mehunpuristimille\/\" \/>\n<meta property=\"og:locale\" content=\"fi_FI\" \/>\n<meta property=\"og:type\" content=\"article\" \/>\n<meta property=\"og:title\" content=\"Hakkuri ilman moottoria - mehunpuristimille\" \/>\n<meta property=\"og:description\" content=\"TRE Spade-hakkurisuutin, joka kiinnitet\u00e4\u00e4n moottorimyllyyn tai mehustimeen. Sopii kaikkiin 8 malliin. Jos sinulla on Easy Squeezy-, Med Junor- tai\" \/>\n<meta property=\"og:url\" content=\"https:\/\/rodoaed.ee\/fi\/toode\/hakkuri-ilman-moottoria-mehunpuristimille\/\" \/>\n<meta property=\"og:site_name\" content=\"Rodoaed\" \/>\n<meta property=\"article:publisher\" content=\"https:\/\/www.facebook.com\/kasvuhooned\/\" \/>\n<meta property=\"article:modified_time\" content=\"2026-04-13T07:53:35+00:00\" \/>\n<meta property=\"og:image\" content=\"https:\/\/rodoaed.ee\/wp-content\/uploads\/2022\/01\/hakklihamasina-otsik_mahlapressile.png\" \/>\n\t<meta property=\"og:image:width\" content=\"918\" \/>\n\t<meta property=\"og:image:height\" content=\"916\" \/>\n\t<meta property=\"og:image:type\" content=\"image\/png\" \/>\n<meta name=\"twitter:card\" content=\"summary_large_image\" \/>\n<meta name=\"twitter:label1\" content=\"Arvioitu lukuaika\" \/>\n\t<meta name=\"twitter:data1\" content=\"1 minuutti\" \/>\n<script type=\"application\/ld+json\" class=\"yoast-schema-graph\">{\"@context\":\"https:\\\/\\\/schema.org\",\"@graph\":[{\"@type\":\"WebPage\",\"@id\":\"https:\\\/\\\/rodoaed.ee\\\/fi\\\/toode\\\/hakkuri-ilman-moottoria-mehunpuristimille\\\/\",\"url\":\"https:\\\/\\\/rodoaed.ee\\\/fi\\\/toode\\\/hakkuri-ilman-moottoria-mehunpuristimille\\\/\",\"name\":\"Hakkuri ilman moottoria - mehunpuristimille -% Rodoaed-juicerit\",\"isPartOf\":{\"@id\":\"https:\\\/\\\/rodoaed.ee\\\/#website\"},\"primaryImageOfPage\":{\"@id\":\"https:\\\/\\\/rodoaed.ee\\\/fi\\\/toode\\\/hakkuri-ilman-moottoria-mehunpuristimille\\\/#primaryimage\"},\"image\":{\"@id\":\"https:\\\/\\\/rodoaed.ee\\\/fi\\\/toode\\\/hakkuri-ilman-moottoria-mehunpuristimille\\\/#primaryimage\"},\"thumbnailUrl\":\"https:\\\/\\\/rodoaed.ee\\\/wp-content\\\/uploads\\\/2022\\\/01\\\/hakklihamasina-otsik_mahlapressile.png\",\"datePublished\":\"2022-01-07T11:15:12+00:00\",\"dateModified\":\"2026-04-13T07:53:35+00:00\",\"description\":\"TRE Spade -mehunpuristimet irrottavat marjoista tuoremehua murskaamalla ja erottamalla kuoret ja siemenet siististi toisistaan. Mehustin on suuritehoinen.\",\"breadcrumb\":{\"@id\":\"https:\\\/\\\/rodoaed.ee\\\/fi\\\/toode\\\/hakkuri-ilman-moottoria-mehunpuristimille\\\/#breadcrumb\"},\"inLanguage\":\"fi\",\"potentialAction\":[{\"@type\":\"ReadAction\",\"target\":[\"https:\\\/\\\/rodoaed.ee\\\/fi\\\/toode\\\/hakkuri-ilman-moottoria-mehunpuristimille\\\/\"]}]},{\"@type\":\"ImageObject\",\"inLanguage\":\"fi\",\"@id\":\"https:\\\/\\\/rodoaed.ee\\\/fi\\\/toode\\\/hakkuri-ilman-moottoria-mehunpuristimille\\\/#primaryimage\",\"url\":\"https:\\\/\\\/rodoaed.ee\\\/wp-content\\\/uploads\\\/2022\\\/01\\\/hakklihamasina-otsik_mahlapressile.png\",\"contentUrl\":\"https:\\\/\\\/rodoaed.ee\\\/wp-content\\\/uploads\\\/2022\\\/01\\\/hakklihamasina-otsik_mahlapressile.png\",\"width\":918,\"height\":916},{\"@type\":\"BreadcrumbList\",\"@id\":\"https:\\\/\\\/rodoaed.ee\\\/fi\\\/toode\\\/hakkuri-ilman-moottoria-mehunpuristimille\\\/#breadcrumb\",\"itemListElement\":[{\"@type\":\"ListItem\",\"position\":1,\"name\":\"Home\",\"item\":\"https:\\\/\\\/rodoaed.ee\\\/fi\\\/\"},{\"@type\":\"ListItem\",\"position\":2,\"name\":\"Osta osoitteessa\",\"item\":\"https:\\\/\\\/rodoaed.ee\\\/osta-osoitteessa\\\/\"},{\"@type\":\"ListItem\",\"position\":3,\"name\":\"Hakkuri ilman moottoria &#8211; mehunpuristimille\"}]},{\"@type\":\"WebSite\",\"@id\":\"https:\\\/\\\/rodoaed.ee\\\/#website\",\"url\":\"https:\\\/\\\/rodoaed.ee\\\/\",\"name\":\"Rodoaed\",\"description\":\"\",\"publisher\":{\"@id\":\"https:\\\/\\\/rodoaed.ee\\\/#organization\"},\"potentialAction\":[{\"@type\":\"SearchAction\",\"target\":{\"@type\":\"EntryPoint\",\"urlTemplate\":\"https:\\\/\\\/rodoaed.ee\\\/?s={search_term_string}\"},\"query-input\":{\"@type\":\"PropertyValueSpecification\",\"valueRequired\":true,\"valueName\":\"search_term_string\"}}],\"inLanguage\":\"fi\"},{\"@type\":\"Organization\",\"@id\":\"https:\\\/\\\/rodoaed.ee\\\/#organization\",\"name\":\"Rodoaed\",\"url\":\"https:\\\/\\\/rodoaed.ee\\\/\",\"logo\":{\"@type\":\"ImageObject\",\"inLanguage\":\"fi\",\"@id\":\"https:\\\/\\\/rodoaed.ee\\\/#\\\/schema\\\/logo\\\/image\\\/\",\"url\":\"https:\\\/\\\/rodoaed.ee\\\/wp-content\\\/uploads\\\/2019\\\/11\\\/rodoaed-logo-ilma-taustata.jpg\",\"contentUrl\":\"https:\\\/\\\/rodoaed.ee\\\/wp-content\\\/uploads\\\/2019\\\/11\\\/rodoaed-logo-ilma-taustata.jpg\",\"width\":769,\"height\":268,\"caption\":\"Rodoaed\"},\"image\":{\"@id\":\"https:\\\/\\\/rodoaed.ee\\\/#\\\/schema\\\/logo\\\/image\\\/\"},\"sameAs\":[\"https:\\\/\\\/www.facebook.com\\\/kasvuhooned\\\/\",\"https:\\\/\\\/rodoaed.ee\"]}]}<\/script>\n<!-- \/ Yoast SEO Premium plugin. -->","yoast_head_json":{"title":"Hakkuri ilman moottoria - mehunpuristimille -% Rodoaed-juicerit","description":"TRE Spade -mehunpuristimet irrottavat marjoista tuoremehua murskaamalla ja erottamalla kuoret ja siemenet siististi toisistaan. Mehustin on suuritehoinen.","robots":{"index":"index","follow":"follow","max-snippet":"max-snippet:-1","max-image-preview":"max-image-preview:large","max-video-preview":"max-video-preview:-1"},"canonical":"https:\/\/rodoaed.ee\/fi\/toode\/hakkuri-ilman-moottoria-mehunpuristimille\/","og_locale":"fi_FI","og_type":"article","og_title":"Hakkuri ilman moottoria - mehunpuristimille","og_description":"TRE Spade-hakkurisuutin, joka kiinnitet\u00e4\u00e4n moottorimyllyyn tai mehustimeen. Sopii kaikkiin 8 malliin. Jos sinulla on Easy Squeezy-, Med Junor- tai","og_url":"https:\/\/rodoaed.ee\/fi\/toode\/hakkuri-ilman-moottoria-mehunpuristimille\/","og_site_name":"Rodoaed","article_publisher":"https:\/\/www.facebook.com\/kasvuhooned\/","article_modified_time":"2026-04-13T07:53:35+00:00","og_image":[{"width":918,"height":916,"url":"https:\/\/rodoaed.ee\/wp-content\/uploads\/2022\/01\/hakklihamasina-otsik_mahlapressile.png","type":"image\/png"}],"twitter_card":"summary_large_image","twitter_misc":{"Arvioitu lukuaika":"1 minuutti"},"schema":{"@context":"https:\/\/schema.org","@graph":[{"@type":"WebPage","@id":"https:\/\/rodoaed.ee\/fi\/toode\/hakkuri-ilman-moottoria-mehunpuristimille\/","url":"https:\/\/rodoaed.ee\/fi\/toode\/hakkuri-ilman-moottoria-mehunpuristimille\/","name":"Hakkuri ilman moottoria - mehunpuristimille -% Rodoaed-juicerit","isPartOf":{"@id":"https:\/\/rodoaed.ee\/#website"},"primaryImageOfPage":{"@id":"https:\/\/rodoaed.ee\/fi\/toode\/hakkuri-ilman-moottoria-mehunpuristimille\/#primaryimage"},"image":{"@id":"https:\/\/rodoaed.ee\/fi\/toode\/hakkuri-ilman-moottoria-mehunpuristimille\/#primaryimage"},"thumbnailUrl":"https:\/\/rodoaed.ee\/wp-content\/uploads\/2022\/01\/hakklihamasina-otsik_mahlapressile.png","datePublished":"2022-01-07T11:15:12+00:00","dateModified":"2026-04-13T07:53:35+00:00","description":"TRE Spade -mehunpuristimet irrottavat marjoista tuoremehua murskaamalla ja erottamalla kuoret ja siemenet siististi toisistaan. Mehustin on suuritehoinen.","breadcrumb":{"@id":"https:\/\/rodoaed.ee\/fi\/toode\/hakkuri-ilman-moottoria-mehunpuristimille\/#breadcrumb"},"inLanguage":"fi","potentialAction":[{"@type":"ReadAction","target":["https:\/\/rodoaed.ee\/fi\/toode\/hakkuri-ilman-moottoria-mehunpuristimille\/"]}]},{"@type":"ImageObject","inLanguage":"fi","@id":"https:\/\/rodoaed.ee\/fi\/toode\/hakkuri-ilman-moottoria-mehunpuristimille\/#primaryimage","url":"https:\/\/rodoaed.ee\/wp-content\/uploads\/2022\/01\/hakklihamasina-otsik_mahlapressile.png","contentUrl":"https:\/\/rodoaed.ee\/wp-content\/uploads\/2022\/01\/hakklihamasina-otsik_mahlapressile.png","width":918,"height":916},{"@type":"BreadcrumbList","@id":"https:\/\/rodoaed.ee\/fi\/toode\/hakkuri-ilman-moottoria-mehunpuristimille\/#breadcrumb","itemListElement":[{"@type":"ListItem","position":1,"name":"Home","item":"https:\/\/rodoaed.ee\/fi\/"},{"@type":"ListItem","position":2,"name":"Osta osoitteessa","item":"https:\/\/rodoaed.ee\/osta-osoitteessa\/"},{"@type":"ListItem","position":3,"name":"Hakkuri ilman moottoria &#8211; mehunpuristimille"}]},{"@type":"WebSite","@id":"https:\/\/rodoaed.ee\/#website","url":"https:\/\/rodoaed.ee\/","name":"Rodoaed","description":"","publisher":{"@id":"https:\/\/rodoaed.ee\/#organization"},"potentialAction":[{"@type":"SearchAction","target":{"@type":"EntryPoint","urlTemplate":"https:\/\/rodoaed.ee\/?s={search_term_string}"},"query-input":{"@type":"PropertyValueSpecification","valueRequired":true,"valueName":"search_term_string"}}],"inLanguage":"fi"},{"@type":"Organization","@id":"https:\/\/rodoaed.ee\/#organization","name":"Rodoaed","url":"https:\/\/rodoaed.ee\/","logo":{"@type":"ImageObject","inLanguage":"fi","@id":"https:\/\/rodoaed.ee\/#\/schema\/logo\/image\/","url":"https:\/\/rodoaed.ee\/wp-content\/uploads\/2019\/11\/rodoaed-logo-ilma-taustata.jpg","contentUrl":"https:\/\/rodoaed.ee\/wp-content\/uploads\/2019\/11\/rodoaed-logo-ilma-taustata.jpg","width":769,"height":268,"caption":"Rodoaed"},"image":{"@id":"https:\/\/rodoaed.ee\/#\/schema\/logo\/image\/"},"sameAs":["https:\/\/www.facebook.com\/kasvuhooned\/","https:\/\/rodoaed.ee"]}]}},"_links":{"self":[{"href":"https:\/\/rodoaed.ee\/fi\/wp-json\/wp\/v2\/product\/52765","targetHints":{"allow":["GET"]}}],"collection":[{"href":"https:\/\/rodoaed.ee\/fi\/wp-json\/wp\/v2\/product"}],"about":[{"href":"https:\/\/rodoaed.ee\/fi\/wp-json\/wp\/v2\/types\/product"}],"wp:featuredmedia":[{"embeddable":true,"href":"https:\/\/rodoaed.ee\/fi\/wp-json\/wp\/v2\/media\/39584"}],"wp:attachment":[{"href":"https:\/\/rodoaed.ee\/fi\/wp-json\/wp\/v2\/media?parent=52765"}],"wp:term":[{"taxonomy":"product_brand","embeddable":true,"href":"https:\/\/rodoaed.ee\/fi\/wp-json\/wp\/v2\/product_brand?post=52765"},{"taxonomy":"product_cat","embeddable":true,"href":"https:\/\/rodoaed.ee\/fi\/wp-json\/wp\/v2\/product_cat?post=52765"},{"taxonomy":"product_tag","embeddable":true,"href":"https:\/\/rodoaed.ee\/fi\/wp-json\/wp\/v2\/product_tag?post=52765"}],"curies":[{"name":"wp","href":"https:\/\/api.w.org\/{rel}","templated":true}]}}