{"id":52767,"date":"2020-10-23T19:59:20","date_gmt":"2020-10-23T16:59:20","guid":{"rendered":"https:\/\/rodoaed.ee\/toode\/multipot-siemenkasettipohja-50x30x3cm\/"},"modified":"2026-04-13T10:54:11","modified_gmt":"2026-04-13T07:54:11","slug":"multipot-siemenkasettipohja-50x30x3cm","status":"publish","type":"product","link":"https:\/\/rodoaed.ee\/fi\/tuote\/multipot-siemenkasettipohja-50x30x3cm\/","title":{"rendered":"Multipot-siemenkasettipohja 50x30x3cm"},"content":{"rendered":"<h2>Kasettipohja<\/h2>\n<p><strong>Yhteensopiva 50&#215;30 cm Multipot-siemenkasettien kanssa.<\/strong><\/p>\n<p><strong>Ylim\u00e4\u00e4r\u00e4inen vesi valuu patruunasta pohjaan. Antaa kasvikasetille enemm\u00e4n j\u00e4ykkyytt\u00e4, kun se on t\u00e4ynn\u00e4 multaa. My\u00f6s erinomainen kuljetusalusta ja ty\u00f6skentelyalusta kaseteille.  <\/strong><\/p>\n<p>Vihre\u00e4 PS, jonka paksuus on 0,6 mm.<\/p>\n<p><strong>Ihanteellinen laajamittaiseen esikasvatukseen. Rombergin laatu on koeteltu ja testattu. <\/strong><\/p>\n<p>Monia tuotteita voidaan yhdistell\u00e4 vakiokokojen ansiosta. Sopii kasettipohjaan ja kansiin. Ylim\u00e4\u00e4r\u00e4inen vesi valuu pohjalle. Kasvikasetit voidaan t\u00e4ytt\u00e4\u00e4 joko laajenevalla Popup-kasvualustalla, laajenevilla kasettikaseteilla tai kasvumullalla.   <\/p>\n<p>Valmistettu Saksassa<\/p>\n<p>&nbsp;<\/p>\n","protected":false},"excerpt":{"rendered":"<p>Kasettipohja Yhteensopiva 50&#215;30 cm Multipot-siemenkasettien kanssa. Ylim\u00e4\u00e4r\u00e4inen vesi valuu patruunasta pohjaan. Antaa kasvikasetille enemm\u00e4n j\u00e4ykkyytt\u00e4, kun se on t\u00e4ynn\u00e4 multaa. My\u00f6s erinomainen kuljetusalusta ja ty\u00f6skentelyalusta kaseteille. Vihre\u00e4 PS, jonka paksuus on 0,6 mm. Ihanteellinen laajamittaiseen esikasvatukseen. Rombergin laatu on koeteltu ja testattu. Monia tuotteita voidaan yhdistell\u00e4 vakiokokojen ansiosta. Sopii kasettipohjaan ja kansiin. Ylim\u00e4\u00e4r\u00e4inen vesi valuu pohjalle. Kasvikasetit voidaan t\u00e4ytt\u00e4\u00e4 joko laajenevalla Popup-kasvualustalla, laajenevilla kasettikaseteilla tai&#8230;<\/p>\n","protected":false},"featured_media":34338,"template":"","meta":{"_acf_changed":false},"product_brand":[],"product_cat":[1865],"product_tag":[],"class_list":{"0":"post-52767","1":"product","2":"type-product","3":"status-publish","4":"has-post-thumbnail","6":"product_cat-kasettikasetit","7":"product_shipping_class-toimitus-1-3-tyopaivan-kuluessa","8":"pa_variatsioon-superseeder-kylvokone-21","10":"first","11":"instock","12":"sale","13":"taxable","14":"shipping-taxable","15":"purchasable","16":"product-type-simple"},"acf":[],"yoast_head":"<!-- This site is optimized with the Yoast SEO Premium plugin v27.3 (Yoast SEO v27.3) - https:\/\/yoast.com\/product\/yoast-seo-premium-wordpress\/ -->\n<title>Multipot-siemenkasettipohja 50x30x3cm - Rodoaed<\/title>\n<meta name=\"robots\" content=\"index, follow, max-snippet:-1, max-image-preview:large, max-video-preview:-1\" \/>\n<link rel=\"canonical\" href=\"https:\/\/rodoaed.ee\/fi\/toode\/multipot-siemenkasettipohja-50x30x3cm\/\" \/>\n<meta property=\"og:locale\" content=\"fi_FI\" \/>\n<meta property=\"og:type\" content=\"article\" \/>\n<meta property=\"og:title\" content=\"Multipot-siemenkasettipohja 50x30x3cm\" \/>\n<meta property=\"og:description\" content=\"Kasettipohja Yhteensopiva 50x30 cm Multipot-siemenkasettien kanssa. Ylim\u00e4\u00e4r\u00e4inen vesi valuu patruunasta pohjaan. Antaa kasvikasetille enemm\u00e4n j\u00e4ykkyytt\u00e4,\" \/>\n<meta property=\"og:url\" content=\"https:\/\/rodoaed.ee\/fi\/toode\/multipot-siemenkasettipohja-50x30x3cm\/\" \/>\n<meta property=\"og:site_name\" content=\"Rodoaed\" \/>\n<meta property=\"article:publisher\" content=\"https:\/\/www.facebook.com\/kasvuhooned\/\" \/>\n<meta property=\"article:modified_time\" content=\"2026-04-13T07:54:11+00:00\" \/>\n<meta property=\"og:image\" content=\"https:\/\/rodoaed.ee\/wp-content\/uploads\/2020\/10\/taimekasseti-alus_10294011.jpg\" \/>\n\t<meta property=\"og:image:width\" content=\"1024\" \/>\n\t<meta property=\"og:image:height\" content=\"435\" \/>\n\t<meta property=\"og:image:type\" content=\"image\/jpeg\" \/>\n<meta name=\"twitter:card\" content=\"summary_large_image\" \/>\n<script type=\"application\/ld+json\" class=\"yoast-schema-graph\">{\"@context\":\"https:\\\/\\\/schema.org\",\"@graph\":[{\"@type\":\"WebPage\",\"@id\":\"https:\\\/\\\/rodoaed.ee\\\/fi\\\/toode\\\/multipot-siemenkasettipohja-50x30x3cm\\\/\",\"url\":\"https:\\\/\\\/rodoaed.ee\\\/fi\\\/toode\\\/multipot-siemenkasettipohja-50x30x3cm\\\/\",\"name\":\"Multipot-siemenkasettipohja 50x30x3cm - Rodoaed\",\"isPartOf\":{\"@id\":\"https:\\\/\\\/rodoaed.ee\\\/#website\"},\"primaryImageOfPage\":{\"@id\":\"https:\\\/\\\/rodoaed.ee\\\/fi\\\/toode\\\/multipot-siemenkasettipohja-50x30x3cm\\\/#primaryimage\"},\"image\":{\"@id\":\"https:\\\/\\\/rodoaed.ee\\\/fi\\\/toode\\\/multipot-siemenkasettipohja-50x30x3cm\\\/#primaryimage\"},\"thumbnailUrl\":\"https:\\\/\\\/rodoaed.ee\\\/wp-content\\\/uploads\\\/2020\\\/10\\\/taimekasseti-alus_10294011.jpg\",\"datePublished\":\"2020-10-23T16:59:20+00:00\",\"dateModified\":\"2026-04-13T07:54:11+00:00\",\"breadcrumb\":{\"@id\":\"https:\\\/\\\/rodoaed.ee\\\/fi\\\/toode\\\/multipot-siemenkasettipohja-50x30x3cm\\\/#breadcrumb\"},\"inLanguage\":\"fi\",\"potentialAction\":[{\"@type\":\"ReadAction\",\"target\":[\"https:\\\/\\\/rodoaed.ee\\\/fi\\\/toode\\\/multipot-siemenkasettipohja-50x30x3cm\\\/\"]}]},{\"@type\":\"ImageObject\",\"inLanguage\":\"fi\",\"@id\":\"https:\\\/\\\/rodoaed.ee\\\/fi\\\/toode\\\/multipot-siemenkasettipohja-50x30x3cm\\\/#primaryimage\",\"url\":\"https:\\\/\\\/rodoaed.ee\\\/wp-content\\\/uploads\\\/2020\\\/10\\\/taimekasseti-alus_10294011.jpg\",\"contentUrl\":\"https:\\\/\\\/rodoaed.ee\\\/wp-content\\\/uploads\\\/2020\\\/10\\\/taimekasseti-alus_10294011.jpg\",\"width\":1024,\"height\":435,\"caption\":\"kasettipohja\"},{\"@type\":\"BreadcrumbList\",\"@id\":\"https:\\\/\\\/rodoaed.ee\\\/fi\\\/toode\\\/multipot-siemenkasettipohja-50x30x3cm\\\/#breadcrumb\",\"itemListElement\":[{\"@type\":\"ListItem\",\"position\":1,\"name\":\"Home\",\"item\":\"https:\\\/\\\/rodoaed.ee\\\/fi\\\/\"},{\"@type\":\"ListItem\",\"position\":2,\"name\":\"Osta osoitteessa\",\"item\":\"https:\\\/\\\/rodoaed.ee\\\/osta-osoitteessa\\\/\"},{\"@type\":\"ListItem\",\"position\":3,\"name\":\"Multipot-siemenkasettipohja 50x30x3cm\"}]},{\"@type\":\"WebSite\",\"@id\":\"https:\\\/\\\/rodoaed.ee\\\/#website\",\"url\":\"https:\\\/\\\/rodoaed.ee\\\/\",\"name\":\"Rodoaed\",\"description\":\"\",\"publisher\":{\"@id\":\"https:\\\/\\\/rodoaed.ee\\\/#organization\"},\"potentialAction\":[{\"@type\":\"SearchAction\",\"target\":{\"@type\":\"EntryPoint\",\"urlTemplate\":\"https:\\\/\\\/rodoaed.ee\\\/?s={search_term_string}\"},\"query-input\":{\"@type\":\"PropertyValueSpecification\",\"valueRequired\":true,\"valueName\":\"search_term_string\"}}],\"inLanguage\":\"fi\"},{\"@type\":\"Organization\",\"@id\":\"https:\\\/\\\/rodoaed.ee\\\/#organization\",\"name\":\"Rodoaed\",\"url\":\"https:\\\/\\\/rodoaed.ee\\\/\",\"logo\":{\"@type\":\"ImageObject\",\"inLanguage\":\"fi\",\"@id\":\"https:\\\/\\\/rodoaed.ee\\\/#\\\/schema\\\/logo\\\/image\\\/\",\"url\":\"https:\\\/\\\/rodoaed.ee\\\/wp-content\\\/uploads\\\/2019\\\/11\\\/rodoaed-logo-ilma-taustata.jpg\",\"contentUrl\":\"https:\\\/\\\/rodoaed.ee\\\/wp-content\\\/uploads\\\/2019\\\/11\\\/rodoaed-logo-ilma-taustata.jpg\",\"width\":769,\"height\":268,\"caption\":\"Rodoaed\"},\"image\":{\"@id\":\"https:\\\/\\\/rodoaed.ee\\\/#\\\/schema\\\/logo\\\/image\\\/\"},\"sameAs\":[\"https:\\\/\\\/www.facebook.com\\\/kasvuhooned\\\/\",\"https:\\\/\\\/rodoaed.ee\"]}]}<\/script>\n<!-- \/ Yoast SEO Premium plugin. -->","yoast_head_json":{"title":"Multipot-siemenkasettipohja 50x30x3cm - Rodoaed","robots":{"index":"index","follow":"follow","max-snippet":"max-snippet:-1","max-image-preview":"max-image-preview:large","max-video-preview":"max-video-preview:-1"},"canonical":"https:\/\/rodoaed.ee\/fi\/toode\/multipot-siemenkasettipohja-50x30x3cm\/","og_locale":"fi_FI","og_type":"article","og_title":"Multipot-siemenkasettipohja 50x30x3cm","og_description":"Kasettipohja Yhteensopiva 50x30 cm Multipot-siemenkasettien kanssa. Ylim\u00e4\u00e4r\u00e4inen vesi valuu patruunasta pohjaan. Antaa kasvikasetille enemm\u00e4n j\u00e4ykkyytt\u00e4,","og_url":"https:\/\/rodoaed.ee\/fi\/toode\/multipot-siemenkasettipohja-50x30x3cm\/","og_site_name":"Rodoaed","article_publisher":"https:\/\/www.facebook.com\/kasvuhooned\/","article_modified_time":"2026-04-13T07:54:11+00:00","og_image":[{"width":1024,"height":435,"url":"https:\/\/rodoaed.ee\/wp-content\/uploads\/2020\/10\/taimekasseti-alus_10294011.jpg","type":"image\/jpeg"}],"twitter_card":"summary_large_image","schema":{"@context":"https:\/\/schema.org","@graph":[{"@type":"WebPage","@id":"https:\/\/rodoaed.ee\/fi\/toode\/multipot-siemenkasettipohja-50x30x3cm\/","url":"https:\/\/rodoaed.ee\/fi\/toode\/multipot-siemenkasettipohja-50x30x3cm\/","name":"Multipot-siemenkasettipohja 50x30x3cm - Rodoaed","isPartOf":{"@id":"https:\/\/rodoaed.ee\/#website"},"primaryImageOfPage":{"@id":"https:\/\/rodoaed.ee\/fi\/toode\/multipot-siemenkasettipohja-50x30x3cm\/#primaryimage"},"image":{"@id":"https:\/\/rodoaed.ee\/fi\/toode\/multipot-siemenkasettipohja-50x30x3cm\/#primaryimage"},"thumbnailUrl":"https:\/\/rodoaed.ee\/wp-content\/uploads\/2020\/10\/taimekasseti-alus_10294011.jpg","datePublished":"2020-10-23T16:59:20+00:00","dateModified":"2026-04-13T07:54:11+00:00","breadcrumb":{"@id":"https:\/\/rodoaed.ee\/fi\/toode\/multipot-siemenkasettipohja-50x30x3cm\/#breadcrumb"},"inLanguage":"fi","potentialAction":[{"@type":"ReadAction","target":["https:\/\/rodoaed.ee\/fi\/toode\/multipot-siemenkasettipohja-50x30x3cm\/"]}]},{"@type":"ImageObject","inLanguage":"fi","@id":"https:\/\/rodoaed.ee\/fi\/toode\/multipot-siemenkasettipohja-50x30x3cm\/#primaryimage","url":"https:\/\/rodoaed.ee\/wp-content\/uploads\/2020\/10\/taimekasseti-alus_10294011.jpg","contentUrl":"https:\/\/rodoaed.ee\/wp-content\/uploads\/2020\/10\/taimekasseti-alus_10294011.jpg","width":1024,"height":435,"caption":"kasettipohja"},{"@type":"BreadcrumbList","@id":"https:\/\/rodoaed.ee\/fi\/toode\/multipot-siemenkasettipohja-50x30x3cm\/#breadcrumb","itemListElement":[{"@type":"ListItem","position":1,"name":"Home","item":"https:\/\/rodoaed.ee\/fi\/"},{"@type":"ListItem","position":2,"name":"Osta osoitteessa","item":"https:\/\/rodoaed.ee\/osta-osoitteessa\/"},{"@type":"ListItem","position":3,"name":"Multipot-siemenkasettipohja 50x30x3cm"}]},{"@type":"WebSite","@id":"https:\/\/rodoaed.ee\/#website","url":"https:\/\/rodoaed.ee\/","name":"Rodoaed","description":"","publisher":{"@id":"https:\/\/rodoaed.ee\/#organization"},"potentialAction":[{"@type":"SearchAction","target":{"@type":"EntryPoint","urlTemplate":"https:\/\/rodoaed.ee\/?s={search_term_string}"},"query-input":{"@type":"PropertyValueSpecification","valueRequired":true,"valueName":"search_term_string"}}],"inLanguage":"fi"},{"@type":"Organization","@id":"https:\/\/rodoaed.ee\/#organization","name":"Rodoaed","url":"https:\/\/rodoaed.ee\/","logo":{"@type":"ImageObject","inLanguage":"fi","@id":"https:\/\/rodoaed.ee\/#\/schema\/logo\/image\/","url":"https:\/\/rodoaed.ee\/wp-content\/uploads\/2019\/11\/rodoaed-logo-ilma-taustata.jpg","contentUrl":"https:\/\/rodoaed.ee\/wp-content\/uploads\/2019\/11\/rodoaed-logo-ilma-taustata.jpg","width":769,"height":268,"caption":"Rodoaed"},"image":{"@id":"https:\/\/rodoaed.ee\/#\/schema\/logo\/image\/"},"sameAs":["https:\/\/www.facebook.com\/kasvuhooned\/","https:\/\/rodoaed.ee"]}]}},"_links":{"self":[{"href":"https:\/\/rodoaed.ee\/fi\/wp-json\/wp\/v2\/product\/52767","targetHints":{"allow":["GET"]}}],"collection":[{"href":"https:\/\/rodoaed.ee\/fi\/wp-json\/wp\/v2\/product"}],"about":[{"href":"https:\/\/rodoaed.ee\/fi\/wp-json\/wp\/v2\/types\/product"}],"wp:featuredmedia":[{"embeddable":true,"href":"https:\/\/rodoaed.ee\/fi\/wp-json\/wp\/v2\/media\/34338"}],"wp:attachment":[{"href":"https:\/\/rodoaed.ee\/fi\/wp-json\/wp\/v2\/media?parent=52767"}],"wp:term":[{"taxonomy":"product_brand","embeddable":true,"href":"https:\/\/rodoaed.ee\/fi\/wp-json\/wp\/v2\/product_brand?post=52767"},{"taxonomy":"product_cat","embeddable":true,"href":"https:\/\/rodoaed.ee\/fi\/wp-json\/wp\/v2\/product_cat?post=52767"},{"taxonomy":"product_tag","embeddable":true,"href":"https:\/\/rodoaed.ee\/fi\/wp-json\/wp\/v2\/product_tag?post=52767"}],"curies":[{"name":"wp","href":"https:\/\/api.w.org\/{rel}","templated":true}]}}