{"id":52769,"date":"2020-10-24T11:09:07","date_gmt":"2020-10-24T08:09:07","guid":{"rendered":"https:\/\/rodoaed.ee\/toode\/lapinakyva-kansi-kasvikasetille-50x32x12cm\/"},"modified":"2026-04-13T10:54:12","modified_gmt":"2026-04-13T07:54:12","slug":"lapinakyva-kansi-kasvikasetille-50x32x12cm","status":"publish","type":"product","link":"https:\/\/rodoaed.ee\/fi\/tuote\/lapinakyva-kansi-kasvikasetille-50x32x12cm\/","title":{"rendered":"L\u00e4pin\u00e4kyv\u00e4 kansi kasvikasetille 50x32x12cm"},"content":{"rendered":"<h2>L\u00e4pin\u00e4kyv\u00e4 kansi kasvikasettia varten<\/h2>\n<p><strong>Yhteensopiva 50&#215;32 cm:n kasvikasettien <a href=\"https:\/\/rodoaed.ee\/fi\/toode\/kasettikasetti-jossa-24-istutusruukkua-50x32x6cm-extra-vahva\/\">10294006<\/a> ja <a href=\"https:\/\/rodoaed.ee\/fi\/toode\/kasettikasetti-jossa-54-istutusruukkua-50x32x4cm-extra-vahva\/\">10294005<\/a> sek\u00e4 <a href=\"https:\/\/rodoaed.ee\/fi\/toode\/kasettialusta-50x32x6cm-extra-vahva\/\">kasvualustan 10294003 kanssa .<\/a><\/strong><\/p>\n<p>&nbsp;<\/p>\n<p><strong>Kansi luo ihanteelliset kasvihuoneolosuhteet kasvien kasvulle kasetissa. Yhdess\u00e4 kannen ja pohjan kanssa sinulla on jo minikasvihuone. <\/strong><\/p>\n<p>L\u00e4pin\u00e4kyv\u00e4 PET, jonka paksuus on 0,5 mm.<\/p>\n<p><strong>Ihanteellinen laajamittaiseen esikasvatukseen. Rombergin laatu on koeteltu ja testattu. <\/strong><\/p>\n<p>Monia tuotteita voidaan yhdistell\u00e4 vakiokokojen ansiosta. Sopii kasettipohjaan ja kansiin. Ylim\u00e4\u00e4r\u00e4inen vesi valuu pohjalle. Kasvikasetit voidaan t\u00e4ytt\u00e4\u00e4 joko laajenevalla Popup-kasvualustalla, laajenevilla kasettikaseteilla tai kasvumullalla.   <\/p>\n<p>Valmistettu Saksassa<\/p>\n<p>&nbsp;<\/p>\n","protected":false},"excerpt":{"rendered":"<p>L\u00e4pin\u00e4kyv\u00e4 kansi kasvikasettia varten Yhteensopiva 50&#215;32 cm:n kasvikasettien 10294006 ja 10294005 sek\u00e4 kasvualustan 10294003 kanssa . &nbsp; Kansi luo ihanteelliset kasvihuoneolosuhteet kasvien kasvulle kasetissa. Yhdess\u00e4 kannen ja pohjan kanssa sinulla on jo minikasvihuone. L\u00e4pin\u00e4kyv\u00e4 PET, jonka paksuus on 0,5 mm. Ihanteellinen laajamittaiseen esikasvatukseen. Rombergin laatu on koeteltu ja testattu. Monia tuotteita voidaan yhdistell\u00e4 vakiokokojen ansiosta. Sopii kasettipohjaan ja kansiin. Ylim\u00e4\u00e4r\u00e4inen vesi valuu pohjalle. Kasvikasetit voidaan&#8230;<\/p>\n","protected":false},"featured_media":34335,"template":"","meta":{"_acf_changed":false},"product_brand":[],"product_cat":[1865],"product_tag":[],"class_list":{"0":"post-52769","1":"product","2":"type-product","3":"status-publish","4":"has-post-thumbnail","6":"product_cat-kasettikasetit","7":"product_shipping_class-toimitus-1-3-tyopaivan-kuluessa","8":"pa_variatsioon-superseeder-kylvokone-21","10":"first","11":"instock","12":"sale","13":"taxable","14":"shipping-taxable","15":"purchasable","16":"product-type-simple"},"acf":[],"yoast_head":"<!-- This site is optimized with the Yoast SEO Premium plugin v27.3 (Yoast SEO v27.3) - https:\/\/yoast.com\/product\/yoast-seo-premium-wordpress\/ -->\n<title>L\u00e4pin\u00e4kyv\u00e4 kansi kasvikasetille 50x32x12cm - Rodoaed<\/title>\n<meta name=\"robots\" content=\"index, follow, max-snippet:-1, max-image-preview:large, max-video-preview:-1\" \/>\n<link rel=\"canonical\" href=\"https:\/\/rodoaed.ee\/fi\/toode\/lapinakyva-kansi-kasvikasetille-50x32x12cm\/\" \/>\n<meta property=\"og:locale\" content=\"fi_FI\" \/>\n<meta property=\"og:type\" content=\"article\" \/>\n<meta property=\"og:title\" content=\"L\u00e4pin\u00e4kyv\u00e4 kansi kasvikasetille 50x32x12cm\" \/>\n<meta property=\"og:description\" content=\"L\u00e4pin\u00e4kyv\u00e4 kansi kasvikasettia varten Yhteensopiva 50x32 cm:n kasvikasettien 10294006 ja 10294005 sek\u00e4 kasvualustan 10294003 kanssa . &nbsp; Kansi luo\" \/>\n<meta property=\"og:url\" content=\"https:\/\/rodoaed.ee\/fi\/toode\/lapinakyva-kansi-kasvikasetille-50x32x12cm\/\" \/>\n<meta property=\"og:site_name\" content=\"Rodoaed\" \/>\n<meta property=\"article:publisher\" content=\"https:\/\/www.facebook.com\/kasvuhooned\/\" \/>\n<meta property=\"article:modified_time\" content=\"2026-04-13T07:54:12+00:00\" \/>\n<meta property=\"og:image\" content=\"https:\/\/rodoaed.ee\/wp-content\/uploads\/2020\/10\/Taimekasseti-kate_10294004_1.jpg\" \/>\n\t<meta property=\"og:image:width\" content=\"1024\" \/>\n\t<meta property=\"og:image:height\" content=\"768\" \/>\n\t<meta property=\"og:image:type\" content=\"image\/jpeg\" \/>\n<meta name=\"twitter:card\" content=\"summary_large_image\" \/>\n<script type=\"application\/ld+json\" class=\"yoast-schema-graph\">{\"@context\":\"https:\\\/\\\/schema.org\",\"@graph\":[{\"@type\":\"WebPage\",\"@id\":\"https:\\\/\\\/rodoaed.ee\\\/fi\\\/toode\\\/lapinakyva-kansi-kasvikasetille-50x32x12cm\\\/\",\"url\":\"https:\\\/\\\/rodoaed.ee\\\/fi\\\/toode\\\/lapinakyva-kansi-kasvikasetille-50x32x12cm\\\/\",\"name\":\"L\u00e4pin\u00e4kyv\u00e4 kansi kasvikasetille 50x32x12cm - Rodoaed\",\"isPartOf\":{\"@id\":\"https:\\\/\\\/rodoaed.ee\\\/#website\"},\"primaryImageOfPage\":{\"@id\":\"https:\\\/\\\/rodoaed.ee\\\/fi\\\/toode\\\/lapinakyva-kansi-kasvikasetille-50x32x12cm\\\/#primaryimage\"},\"image\":{\"@id\":\"https:\\\/\\\/rodoaed.ee\\\/fi\\\/toode\\\/lapinakyva-kansi-kasvikasetille-50x32x12cm\\\/#primaryimage\"},\"thumbnailUrl\":\"https:\\\/\\\/rodoaed.ee\\\/wp-content\\\/uploads\\\/2020\\\/10\\\/Taimekasseti-kate_10294004_1.jpg\",\"datePublished\":\"2020-10-24T08:09:07+00:00\",\"dateModified\":\"2026-04-13T07:54:12+00:00\",\"breadcrumb\":{\"@id\":\"https:\\\/\\\/rodoaed.ee\\\/fi\\\/toode\\\/lapinakyva-kansi-kasvikasetille-50x32x12cm\\\/#breadcrumb\"},\"inLanguage\":\"fi\",\"potentialAction\":[{\"@type\":\"ReadAction\",\"target\":[\"https:\\\/\\\/rodoaed.ee\\\/fi\\\/toode\\\/lapinakyva-kansi-kasvikasetille-50x32x12cm\\\/\"]}]},{\"@type\":\"ImageObject\",\"inLanguage\":\"fi\",\"@id\":\"https:\\\/\\\/rodoaed.ee\\\/fi\\\/toode\\\/lapinakyva-kansi-kasvikasetille-50x32x12cm\\\/#primaryimage\",\"url\":\"https:\\\/\\\/rodoaed.ee\\\/wp-content\\\/uploads\\\/2020\\\/10\\\/Taimekasseti-kate_10294004_1.jpg\",\"contentUrl\":\"https:\\\/\\\/rodoaed.ee\\\/wp-content\\\/uploads\\\/2020\\\/10\\\/Taimekasseti-kate_10294004_1.jpg\",\"width\":1024,\"height\":768,\"caption\":\"kasetin kansi\"},{\"@type\":\"BreadcrumbList\",\"@id\":\"https:\\\/\\\/rodoaed.ee\\\/fi\\\/toode\\\/lapinakyva-kansi-kasvikasetille-50x32x12cm\\\/#breadcrumb\",\"itemListElement\":[{\"@type\":\"ListItem\",\"position\":1,\"name\":\"Home\",\"item\":\"https:\\\/\\\/rodoaed.ee\\\/fi\\\/\"},{\"@type\":\"ListItem\",\"position\":2,\"name\":\"Osta osoitteessa\",\"item\":\"https:\\\/\\\/rodoaed.ee\\\/osta-osoitteessa\\\/\"},{\"@type\":\"ListItem\",\"position\":3,\"name\":\"L\u00e4pin\u00e4kyv\u00e4 kansi kasvikasetille 50x32x12cm\"}]},{\"@type\":\"WebSite\",\"@id\":\"https:\\\/\\\/rodoaed.ee\\\/#website\",\"url\":\"https:\\\/\\\/rodoaed.ee\\\/\",\"name\":\"Rodoaed\",\"description\":\"\",\"publisher\":{\"@id\":\"https:\\\/\\\/rodoaed.ee\\\/#organization\"},\"potentialAction\":[{\"@type\":\"SearchAction\",\"target\":{\"@type\":\"EntryPoint\",\"urlTemplate\":\"https:\\\/\\\/rodoaed.ee\\\/?s={search_term_string}\"},\"query-input\":{\"@type\":\"PropertyValueSpecification\",\"valueRequired\":true,\"valueName\":\"search_term_string\"}}],\"inLanguage\":\"fi\"},{\"@type\":\"Organization\",\"@id\":\"https:\\\/\\\/rodoaed.ee\\\/#organization\",\"name\":\"Rodoaed\",\"url\":\"https:\\\/\\\/rodoaed.ee\\\/\",\"logo\":{\"@type\":\"ImageObject\",\"inLanguage\":\"fi\",\"@id\":\"https:\\\/\\\/rodoaed.ee\\\/#\\\/schema\\\/logo\\\/image\\\/\",\"url\":\"https:\\\/\\\/rodoaed.ee\\\/wp-content\\\/uploads\\\/2019\\\/11\\\/rodoaed-logo-ilma-taustata.jpg\",\"contentUrl\":\"https:\\\/\\\/rodoaed.ee\\\/wp-content\\\/uploads\\\/2019\\\/11\\\/rodoaed-logo-ilma-taustata.jpg\",\"width\":769,\"height\":268,\"caption\":\"Rodoaed\"},\"image\":{\"@id\":\"https:\\\/\\\/rodoaed.ee\\\/#\\\/schema\\\/logo\\\/image\\\/\"},\"sameAs\":[\"https:\\\/\\\/www.facebook.com\\\/kasvuhooned\\\/\",\"https:\\\/\\\/rodoaed.ee\"]}]}<\/script>\n<!-- \/ Yoast SEO Premium plugin. -->","yoast_head_json":{"title":"L\u00e4pin\u00e4kyv\u00e4 kansi kasvikasetille 50x32x12cm - Rodoaed","robots":{"index":"index","follow":"follow","max-snippet":"max-snippet:-1","max-image-preview":"max-image-preview:large","max-video-preview":"max-video-preview:-1"},"canonical":"https:\/\/rodoaed.ee\/fi\/toode\/lapinakyva-kansi-kasvikasetille-50x32x12cm\/","og_locale":"fi_FI","og_type":"article","og_title":"L\u00e4pin\u00e4kyv\u00e4 kansi kasvikasetille 50x32x12cm","og_description":"L\u00e4pin\u00e4kyv\u00e4 kansi kasvikasettia varten Yhteensopiva 50x32 cm:n kasvikasettien 10294006 ja 10294005 sek\u00e4 kasvualustan 10294003 kanssa . &nbsp; Kansi luo","og_url":"https:\/\/rodoaed.ee\/fi\/toode\/lapinakyva-kansi-kasvikasetille-50x32x12cm\/","og_site_name":"Rodoaed","article_publisher":"https:\/\/www.facebook.com\/kasvuhooned\/","article_modified_time":"2026-04-13T07:54:12+00:00","og_image":[{"width":1024,"height":768,"url":"https:\/\/rodoaed.ee\/wp-content\/uploads\/2020\/10\/Taimekasseti-kate_10294004_1.jpg","type":"image\/jpeg"}],"twitter_card":"summary_large_image","schema":{"@context":"https:\/\/schema.org","@graph":[{"@type":"WebPage","@id":"https:\/\/rodoaed.ee\/fi\/toode\/lapinakyva-kansi-kasvikasetille-50x32x12cm\/","url":"https:\/\/rodoaed.ee\/fi\/toode\/lapinakyva-kansi-kasvikasetille-50x32x12cm\/","name":"L\u00e4pin\u00e4kyv\u00e4 kansi kasvikasetille 50x32x12cm - Rodoaed","isPartOf":{"@id":"https:\/\/rodoaed.ee\/#website"},"primaryImageOfPage":{"@id":"https:\/\/rodoaed.ee\/fi\/toode\/lapinakyva-kansi-kasvikasetille-50x32x12cm\/#primaryimage"},"image":{"@id":"https:\/\/rodoaed.ee\/fi\/toode\/lapinakyva-kansi-kasvikasetille-50x32x12cm\/#primaryimage"},"thumbnailUrl":"https:\/\/rodoaed.ee\/wp-content\/uploads\/2020\/10\/Taimekasseti-kate_10294004_1.jpg","datePublished":"2020-10-24T08:09:07+00:00","dateModified":"2026-04-13T07:54:12+00:00","breadcrumb":{"@id":"https:\/\/rodoaed.ee\/fi\/toode\/lapinakyva-kansi-kasvikasetille-50x32x12cm\/#breadcrumb"},"inLanguage":"fi","potentialAction":[{"@type":"ReadAction","target":["https:\/\/rodoaed.ee\/fi\/toode\/lapinakyva-kansi-kasvikasetille-50x32x12cm\/"]}]},{"@type":"ImageObject","inLanguage":"fi","@id":"https:\/\/rodoaed.ee\/fi\/toode\/lapinakyva-kansi-kasvikasetille-50x32x12cm\/#primaryimage","url":"https:\/\/rodoaed.ee\/wp-content\/uploads\/2020\/10\/Taimekasseti-kate_10294004_1.jpg","contentUrl":"https:\/\/rodoaed.ee\/wp-content\/uploads\/2020\/10\/Taimekasseti-kate_10294004_1.jpg","width":1024,"height":768,"caption":"kasetin kansi"},{"@type":"BreadcrumbList","@id":"https:\/\/rodoaed.ee\/fi\/toode\/lapinakyva-kansi-kasvikasetille-50x32x12cm\/#breadcrumb","itemListElement":[{"@type":"ListItem","position":1,"name":"Home","item":"https:\/\/rodoaed.ee\/fi\/"},{"@type":"ListItem","position":2,"name":"Osta osoitteessa","item":"https:\/\/rodoaed.ee\/osta-osoitteessa\/"},{"@type":"ListItem","position":3,"name":"L\u00e4pin\u00e4kyv\u00e4 kansi kasvikasetille 50x32x12cm"}]},{"@type":"WebSite","@id":"https:\/\/rodoaed.ee\/#website","url":"https:\/\/rodoaed.ee\/","name":"Rodoaed","description":"","publisher":{"@id":"https:\/\/rodoaed.ee\/#organization"},"potentialAction":[{"@type":"SearchAction","target":{"@type":"EntryPoint","urlTemplate":"https:\/\/rodoaed.ee\/?s={search_term_string}"},"query-input":{"@type":"PropertyValueSpecification","valueRequired":true,"valueName":"search_term_string"}}],"inLanguage":"fi"},{"@type":"Organization","@id":"https:\/\/rodoaed.ee\/#organization","name":"Rodoaed","url":"https:\/\/rodoaed.ee\/","logo":{"@type":"ImageObject","inLanguage":"fi","@id":"https:\/\/rodoaed.ee\/#\/schema\/logo\/image\/","url":"https:\/\/rodoaed.ee\/wp-content\/uploads\/2019\/11\/rodoaed-logo-ilma-taustata.jpg","contentUrl":"https:\/\/rodoaed.ee\/wp-content\/uploads\/2019\/11\/rodoaed-logo-ilma-taustata.jpg","width":769,"height":268,"caption":"Rodoaed"},"image":{"@id":"https:\/\/rodoaed.ee\/#\/schema\/logo\/image\/"},"sameAs":["https:\/\/www.facebook.com\/kasvuhooned\/","https:\/\/rodoaed.ee"]}]}},"_links":{"self":[{"href":"https:\/\/rodoaed.ee\/fi\/wp-json\/wp\/v2\/product\/52769","targetHints":{"allow":["GET"]}}],"collection":[{"href":"https:\/\/rodoaed.ee\/fi\/wp-json\/wp\/v2\/product"}],"about":[{"href":"https:\/\/rodoaed.ee\/fi\/wp-json\/wp\/v2\/types\/product"}],"wp:featuredmedia":[{"embeddable":true,"href":"https:\/\/rodoaed.ee\/fi\/wp-json\/wp\/v2\/media\/34335"}],"wp:attachment":[{"href":"https:\/\/rodoaed.ee\/fi\/wp-json\/wp\/v2\/media?parent=52769"}],"wp:term":[{"taxonomy":"product_brand","embeddable":true,"href":"https:\/\/rodoaed.ee\/fi\/wp-json\/wp\/v2\/product_brand?post=52769"},{"taxonomy":"product_cat","embeddable":true,"href":"https:\/\/rodoaed.ee\/fi\/wp-json\/wp\/v2\/product_cat?post=52769"},{"taxonomy":"product_tag","embeddable":true,"href":"https:\/\/rodoaed.ee\/fi\/wp-json\/wp\/v2\/product_tag?post=52769"}],"curies":[{"name":"wp","href":"https:\/\/api.w.org\/{rel}","templated":true}]}}