{"id":52774,"date":"2020-10-24T11:26:12","date_gmt":"2020-10-24T08:26:12","guid":{"rendered":"https:\/\/rodoaed.ee\/toode\/kasettialusta-50x32x6cm-extra-vahva\/"},"modified":"2026-04-13T10:54:14","modified_gmt":"2026-04-13T07:54:14","slug":"kasettialusta-50x32x6cm-extra-vahva","status":"publish","type":"product","link":"https:\/\/rodoaed.ee\/fi\/tuote\/kasettialusta-50x32x6cm-extra-vahva\/","title":{"rendered":"Kasettialusta 50x32x6cm- Extra Vahva!"},"content":{"rendered":"<h2>Siemenlaatikko ja kasettipohja. Ilman reiki\u00e4 pohjassa. <\/h2>\n<p><strong>Yhteensopiva 50&#215;32 cm:n kasettien <a href=\"https:\/\/rodoaed.ee\/fi\/toode\/kasettikasetti-jossa-24-istutusruukkua-50x32x6cm-extra-vahva\/\">10294006<\/a> ja <a href=\"https:\/\/rodoaed.ee\/fi\/toode\/kasettikasetti-jossa-54-istutusruukkua-50x32x4cm-extra-vahva\/\">10294005<\/a> kanssa ja<\/strong><strong> <a href=\"https:\/\/rodoaed.ee\/fi\/toode\/lapinakyva-kansi-kasvikasetille-50x32x12cm\/\">l\u00e4pin\u00e4kyv\u00e4ll\u00e4 kannella 10294004<\/a><\/strong><\/p>\n<p><strong>tai k\u00e4ytett\u00e4v\u00e4ksi erillisen\u00e4 siemenlaatikkona<\/strong><\/p>\n<p>&nbsp;<\/p>\n<p>Se on my\u00f6s erinomainen kuljetus- ja ty\u00f6skentelyalusta kaseteille. Kun sit\u00e4 k\u00e4ytet\u00e4\u00e4n siemenalustana, voit t\u00e4ytt\u00e4\u00e4 sen suoraan kasvumullalla ja kylv\u00e4\u00e4 kasvit sen sis\u00e4\u00e4n. Voit peitt\u00e4\u00e4 yl\u00e4osan l\u00e4pin\u00e4kyv\u00e4ll\u00e4 kannella, ja sinulla on minikasvihuone.  <\/p>\n<p>Vihre\u00e4 PS, jonka paksuus on 0,6 mm.<\/p>\n<p><strong>Ihanteellinen laajamittaiseen esikasvatukseen. Rombergin laatu on koeteltu ja testattu. <\/strong><\/p>\n<p>Monia tuotteita voidaan yhdistell\u00e4 vakiokokojen ansiosta. Sopii kasettipohjaan ja kansiin. Ylim\u00e4\u00e4r\u00e4inen vesi valuu pohjalle. Kasvikasetit voidaan t\u00e4ytt\u00e4\u00e4 joko laajenevalla Popup-kasvualustalla, laajenevilla kasettikaseteilla tai kasvumullalla.   <\/p>\n<p>Valmistettu Saksassa<\/p>\n<p>&nbsp;<\/p>\n","protected":false},"excerpt":{"rendered":"<p>Siemenlaatikko ja kasettipohja. Ilman reiki\u00e4 pohjassa. Yhteensopiva 50&#215;32 cm:n kasettien 10294006 ja 10294005 kanssa ja l\u00e4pin\u00e4kyv\u00e4ll\u00e4 kannella 10294004 tai k\u00e4ytett\u00e4v\u00e4ksi erillisen\u00e4 siemenlaatikkona &nbsp; Se on my\u00f6s erinomainen kuljetus- ja ty\u00f6skentelyalusta kaseteille. Kun sit\u00e4 k\u00e4ytet\u00e4\u00e4n siemenalustana, voit t\u00e4ytt\u00e4\u00e4 sen suoraan kasvumullalla ja kylv\u00e4\u00e4 kasvit sen sis\u00e4\u00e4n. Voit peitt\u00e4\u00e4 yl\u00e4osan l\u00e4pin\u00e4kyv\u00e4ll\u00e4 kannella, ja sinulla on minikasvihuone. Vihre\u00e4 PS, jonka paksuus on 0,6 mm. Ihanteellinen laajamittaiseen esikasvatukseen. Rombergin&#8230;<\/p>\n","protected":false},"featured_media":34352,"template":"","meta":{"_acf_changed":false},"product_brand":[],"product_cat":[1865],"product_tag":[],"class_list":{"0":"post-52774","1":"product","2":"type-product","3":"status-publish","4":"has-post-thumbnail","6":"product_cat-kasettikasetit","7":"product_shipping_class-toimitus-1-3-tyopaivan-kuluessa","8":"pa_variatsioon-superseeder-kylvokone-21","10":"first","11":"instock","12":"sale","13":"taxable","14":"shipping-taxable","15":"purchasable","16":"product-type-simple"},"acf":[],"yoast_head":"<!-- This site is optimized with the Yoast SEO Premium plugin v27.3 (Yoast SEO v27.3) - https:\/\/yoast.com\/product\/yoast-seo-premium-wordpress\/ -->\n<title>Kasettialusta 50x32x6cm- Extra Vahva! - Rodoaed<\/title>\n<meta name=\"robots\" content=\"index, follow, max-snippet:-1, max-image-preview:large, max-video-preview:-1\" \/>\n<link rel=\"canonical\" href=\"https:\/\/rodoaed.ee\/fi\/toode\/kasettialusta-50x32x6cm-extra-vahva\/\" \/>\n<meta property=\"og:locale\" content=\"fi_FI\" \/>\n<meta property=\"og:type\" content=\"article\" \/>\n<meta property=\"og:title\" content=\"Kasettialusta 50x32x6cm- Extra Vahva!\" \/>\n<meta property=\"og:description\" content=\"Siemenlaatikko ja kasettipohja. Ilman reiki\u00e4 pohjassa. Yhteensopiva 50x32 cm:n kasettien 10294006 ja 10294005 kanssa ja l\u00e4pin\u00e4kyv\u00e4ll\u00e4 kannella 10294004\" \/>\n<meta property=\"og:url\" content=\"https:\/\/rodoaed.ee\/fi\/toode\/kasettialusta-50x32x6cm-extra-vahva\/\" \/>\n<meta property=\"og:site_name\" content=\"Rodoaed\" \/>\n<meta property=\"article:publisher\" content=\"https:\/\/www.facebook.com\/kasvuhooned\/\" \/>\n<meta property=\"article:modified_time\" content=\"2026-04-13T07:54:14+00:00\" \/>\n<meta property=\"og:image\" content=\"https:\/\/rodoaed.ee\/wp-content\/uploads\/2020\/10\/taimekassetti-alus_paksem_10294003.jpg\" \/>\n\t<meta property=\"og:image:width\" content=\"1024\" \/>\n\t<meta property=\"og:image:height\" content=\"768\" \/>\n\t<meta property=\"og:image:type\" content=\"image\/jpeg\" \/>\n<meta name=\"twitter:card\" content=\"summary_large_image\" \/>\n<meta name=\"twitter:label1\" content=\"Arvioitu lukuaika\" \/>\n\t<meta name=\"twitter:data1\" content=\"1 minuutti\" \/>\n<script type=\"application\/ld+json\" class=\"yoast-schema-graph\">{\"@context\":\"https:\\\/\\\/schema.org\",\"@graph\":[{\"@type\":\"WebPage\",\"@id\":\"https:\\\/\\\/rodoaed.ee\\\/fi\\\/toode\\\/kasettialusta-50x32x6cm-extra-vahva\\\/\",\"url\":\"https:\\\/\\\/rodoaed.ee\\\/fi\\\/toode\\\/kasettialusta-50x32x6cm-extra-vahva\\\/\",\"name\":\"Kasettialusta 50x32x6cm- Extra Vahva! - Rodoaed\",\"isPartOf\":{\"@id\":\"https:\\\/\\\/rodoaed.ee\\\/#website\"},\"primaryImageOfPage\":{\"@id\":\"https:\\\/\\\/rodoaed.ee\\\/fi\\\/toode\\\/kasettialusta-50x32x6cm-extra-vahva\\\/#primaryimage\"},\"image\":{\"@id\":\"https:\\\/\\\/rodoaed.ee\\\/fi\\\/toode\\\/kasettialusta-50x32x6cm-extra-vahva\\\/#primaryimage\"},\"thumbnailUrl\":\"https:\\\/\\\/rodoaed.ee\\\/wp-content\\\/uploads\\\/2020\\\/10\\\/taimekassetti-alus_paksem_10294003.jpg\",\"datePublished\":\"2020-10-24T08:26:12+00:00\",\"dateModified\":\"2026-04-13T07:54:14+00:00\",\"breadcrumb\":{\"@id\":\"https:\\\/\\\/rodoaed.ee\\\/fi\\\/toode\\\/kasettialusta-50x32x6cm-extra-vahva\\\/#breadcrumb\"},\"inLanguage\":\"fi\",\"potentialAction\":[{\"@type\":\"ReadAction\",\"target\":[\"https:\\\/\\\/rodoaed.ee\\\/fi\\\/toode\\\/kasettialusta-50x32x6cm-extra-vahva\\\/\"]}]},{\"@type\":\"ImageObject\",\"inLanguage\":\"fi\",\"@id\":\"https:\\\/\\\/rodoaed.ee\\\/fi\\\/toode\\\/kasettialusta-50x32x6cm-extra-vahva\\\/#primaryimage\",\"url\":\"https:\\\/\\\/rodoaed.ee\\\/wp-content\\\/uploads\\\/2020\\\/10\\\/taimekassetti-alus_paksem_10294003.jpg\",\"contentUrl\":\"https:\\\/\\\/rodoaed.ee\\\/wp-content\\\/uploads\\\/2020\\\/10\\\/taimekassetti-alus_paksem_10294003.jpg\",\"width\":1024,\"height\":768,\"caption\":\"kylv\u00f6alustan kasetin pohjaan\"},{\"@type\":\"BreadcrumbList\",\"@id\":\"https:\\\/\\\/rodoaed.ee\\\/fi\\\/toode\\\/kasettialusta-50x32x6cm-extra-vahva\\\/#breadcrumb\",\"itemListElement\":[{\"@type\":\"ListItem\",\"position\":1,\"name\":\"Home\",\"item\":\"https:\\\/\\\/rodoaed.ee\\\/fi\\\/\"},{\"@type\":\"ListItem\",\"position\":2,\"name\":\"Osta osoitteessa\",\"item\":\"https:\\\/\\\/rodoaed.ee\\\/osta-osoitteessa\\\/\"},{\"@type\":\"ListItem\",\"position\":3,\"name\":\"Kasettialusta 50x32x6cm- Extra Vahva!\"}]},{\"@type\":\"WebSite\",\"@id\":\"https:\\\/\\\/rodoaed.ee\\\/#website\",\"url\":\"https:\\\/\\\/rodoaed.ee\\\/\",\"name\":\"Rodoaed\",\"description\":\"\",\"publisher\":{\"@id\":\"https:\\\/\\\/rodoaed.ee\\\/#organization\"},\"potentialAction\":[{\"@type\":\"SearchAction\",\"target\":{\"@type\":\"EntryPoint\",\"urlTemplate\":\"https:\\\/\\\/rodoaed.ee\\\/?s={search_term_string}\"},\"query-input\":{\"@type\":\"PropertyValueSpecification\",\"valueRequired\":true,\"valueName\":\"search_term_string\"}}],\"inLanguage\":\"fi\"},{\"@type\":\"Organization\",\"@id\":\"https:\\\/\\\/rodoaed.ee\\\/#organization\",\"name\":\"Rodoaed\",\"url\":\"https:\\\/\\\/rodoaed.ee\\\/\",\"logo\":{\"@type\":\"ImageObject\",\"inLanguage\":\"fi\",\"@id\":\"https:\\\/\\\/rodoaed.ee\\\/#\\\/schema\\\/logo\\\/image\\\/\",\"url\":\"https:\\\/\\\/rodoaed.ee\\\/wp-content\\\/uploads\\\/2019\\\/11\\\/rodoaed-logo-ilma-taustata.jpg\",\"contentUrl\":\"https:\\\/\\\/rodoaed.ee\\\/wp-content\\\/uploads\\\/2019\\\/11\\\/rodoaed-logo-ilma-taustata.jpg\",\"width\":769,\"height\":268,\"caption\":\"Rodoaed\"},\"image\":{\"@id\":\"https:\\\/\\\/rodoaed.ee\\\/#\\\/schema\\\/logo\\\/image\\\/\"},\"sameAs\":[\"https:\\\/\\\/www.facebook.com\\\/kasvuhooned\\\/\",\"https:\\\/\\\/rodoaed.ee\"]}]}<\/script>\n<!-- \/ Yoast SEO Premium plugin. -->","yoast_head_json":{"title":"Kasettialusta 50x32x6cm- Extra Vahva! - Rodoaed","robots":{"index":"index","follow":"follow","max-snippet":"max-snippet:-1","max-image-preview":"max-image-preview:large","max-video-preview":"max-video-preview:-1"},"canonical":"https:\/\/rodoaed.ee\/fi\/toode\/kasettialusta-50x32x6cm-extra-vahva\/","og_locale":"fi_FI","og_type":"article","og_title":"Kasettialusta 50x32x6cm- Extra Vahva!","og_description":"Siemenlaatikko ja kasettipohja. Ilman reiki\u00e4 pohjassa. Yhteensopiva 50x32 cm:n kasettien 10294006 ja 10294005 kanssa ja l\u00e4pin\u00e4kyv\u00e4ll\u00e4 kannella 10294004","og_url":"https:\/\/rodoaed.ee\/fi\/toode\/kasettialusta-50x32x6cm-extra-vahva\/","og_site_name":"Rodoaed","article_publisher":"https:\/\/www.facebook.com\/kasvuhooned\/","article_modified_time":"2026-04-13T07:54:14+00:00","og_image":[{"width":1024,"height":768,"url":"https:\/\/rodoaed.ee\/wp-content\/uploads\/2020\/10\/taimekassetti-alus_paksem_10294003.jpg","type":"image\/jpeg"}],"twitter_card":"summary_large_image","twitter_misc":{"Arvioitu lukuaika":"1 minuutti"},"schema":{"@context":"https:\/\/schema.org","@graph":[{"@type":"WebPage","@id":"https:\/\/rodoaed.ee\/fi\/toode\/kasettialusta-50x32x6cm-extra-vahva\/","url":"https:\/\/rodoaed.ee\/fi\/toode\/kasettialusta-50x32x6cm-extra-vahva\/","name":"Kasettialusta 50x32x6cm- Extra Vahva! - Rodoaed","isPartOf":{"@id":"https:\/\/rodoaed.ee\/#website"},"primaryImageOfPage":{"@id":"https:\/\/rodoaed.ee\/fi\/toode\/kasettialusta-50x32x6cm-extra-vahva\/#primaryimage"},"image":{"@id":"https:\/\/rodoaed.ee\/fi\/toode\/kasettialusta-50x32x6cm-extra-vahva\/#primaryimage"},"thumbnailUrl":"https:\/\/rodoaed.ee\/wp-content\/uploads\/2020\/10\/taimekassetti-alus_paksem_10294003.jpg","datePublished":"2020-10-24T08:26:12+00:00","dateModified":"2026-04-13T07:54:14+00:00","breadcrumb":{"@id":"https:\/\/rodoaed.ee\/fi\/toode\/kasettialusta-50x32x6cm-extra-vahva\/#breadcrumb"},"inLanguage":"fi","potentialAction":[{"@type":"ReadAction","target":["https:\/\/rodoaed.ee\/fi\/toode\/kasettialusta-50x32x6cm-extra-vahva\/"]}]},{"@type":"ImageObject","inLanguage":"fi","@id":"https:\/\/rodoaed.ee\/fi\/toode\/kasettialusta-50x32x6cm-extra-vahva\/#primaryimage","url":"https:\/\/rodoaed.ee\/wp-content\/uploads\/2020\/10\/taimekassetti-alus_paksem_10294003.jpg","contentUrl":"https:\/\/rodoaed.ee\/wp-content\/uploads\/2020\/10\/taimekassetti-alus_paksem_10294003.jpg","width":1024,"height":768,"caption":"kylv\u00f6alustan kasetin pohjaan"},{"@type":"BreadcrumbList","@id":"https:\/\/rodoaed.ee\/fi\/toode\/kasettialusta-50x32x6cm-extra-vahva\/#breadcrumb","itemListElement":[{"@type":"ListItem","position":1,"name":"Home","item":"https:\/\/rodoaed.ee\/fi\/"},{"@type":"ListItem","position":2,"name":"Osta osoitteessa","item":"https:\/\/rodoaed.ee\/osta-osoitteessa\/"},{"@type":"ListItem","position":3,"name":"Kasettialusta 50x32x6cm- Extra Vahva!"}]},{"@type":"WebSite","@id":"https:\/\/rodoaed.ee\/#website","url":"https:\/\/rodoaed.ee\/","name":"Rodoaed","description":"","publisher":{"@id":"https:\/\/rodoaed.ee\/#organization"},"potentialAction":[{"@type":"SearchAction","target":{"@type":"EntryPoint","urlTemplate":"https:\/\/rodoaed.ee\/?s={search_term_string}"},"query-input":{"@type":"PropertyValueSpecification","valueRequired":true,"valueName":"search_term_string"}}],"inLanguage":"fi"},{"@type":"Organization","@id":"https:\/\/rodoaed.ee\/#organization","name":"Rodoaed","url":"https:\/\/rodoaed.ee\/","logo":{"@type":"ImageObject","inLanguage":"fi","@id":"https:\/\/rodoaed.ee\/#\/schema\/logo\/image\/","url":"https:\/\/rodoaed.ee\/wp-content\/uploads\/2019\/11\/rodoaed-logo-ilma-taustata.jpg","contentUrl":"https:\/\/rodoaed.ee\/wp-content\/uploads\/2019\/11\/rodoaed-logo-ilma-taustata.jpg","width":769,"height":268,"caption":"Rodoaed"},"image":{"@id":"https:\/\/rodoaed.ee\/#\/schema\/logo\/image\/"},"sameAs":["https:\/\/www.facebook.com\/kasvuhooned\/","https:\/\/rodoaed.ee"]}]}},"_links":{"self":[{"href":"https:\/\/rodoaed.ee\/fi\/wp-json\/wp\/v2\/product\/52774","targetHints":{"allow":["GET"]}}],"collection":[{"href":"https:\/\/rodoaed.ee\/fi\/wp-json\/wp\/v2\/product"}],"about":[{"href":"https:\/\/rodoaed.ee\/fi\/wp-json\/wp\/v2\/types\/product"}],"wp:featuredmedia":[{"embeddable":true,"href":"https:\/\/rodoaed.ee\/fi\/wp-json\/wp\/v2\/media\/34352"}],"wp:attachment":[{"href":"https:\/\/rodoaed.ee\/fi\/wp-json\/wp\/v2\/media?parent=52774"}],"wp:term":[{"taxonomy":"product_brand","embeddable":true,"href":"https:\/\/rodoaed.ee\/fi\/wp-json\/wp\/v2\/product_brand?post=52774"},{"taxonomy":"product_cat","embeddable":true,"href":"https:\/\/rodoaed.ee\/fi\/wp-json\/wp\/v2\/product_cat?post=52774"},{"taxonomy":"product_tag","embeddable":true,"href":"https:\/\/rodoaed.ee\/fi\/wp-json\/wp\/v2\/product_tag?post=52774"}],"curies":[{"name":"wp","href":"https:\/\/api.w.org\/{rel}","templated":true}]}}