{"id":52785,"date":"2020-10-26T11:28:41","date_gmt":"2020-10-26T09:28:41","guid":{"rendered":"https:\/\/rodoaed.ee\/toode\/japanilainen-coca-knife-senzo-classic-kuorintaveitsi-80-mm\/"},"modified":"2026-04-13T10:54:25","modified_gmt":"2026-04-13T07:54:25","slug":"japanilainen-coca-knife-senzo-classic-kuorintaveitsi-80-mm","status":"publish","type":"product","link":"https:\/\/rodoaed.ee\/fi\/tuote\/japanilainen-coca-knife-senzo-classic-kuorintaveitsi-80-mm\/","title":{"rendered":"Japanilainen Coca Knife Senzo Classic kuorintaveitsi, 80 mm"},"content":{"rendered":"<h2>Japanilainen Kokanuga Senzo Classic kuorintaveitsi, 80 mm<\/h2>\n<h3>Japanilainen valmistaja Suncraft<\/h3>\n<p>Pieni kuorintaveitsi on ihanteellinen tarkkuutta vaativiin t\u00f6ihin, kuten vihannesten kuorimiseen, hedelmien kuorimiseen ja kuorimiseen, siementen poistamiseen jne. Erityisen mukava pit\u00e4\u00e4 k\u00e4dess\u00e4 leikkuulaudan p\u00e4\u00e4ll\u00e4 ty\u00f6skentelyn sijaan. <\/p>\n<p>Classic-nupille on ominaista yksinkertainen mutta tyylik\u00e4s muotoilu ja tinkim\u00e4tt\u00f6m\u00e4n korkea laatu.<\/p>\n<div class=\"heading-text margin-small\">\n<div class=\"text\">\n<p>Ter\u00e4s on valmistettu 33-kerroksisesta damaskoter\u00e4ksest\u00e4. Leikkaussyd\u00e4n on valmistettu kest\u00e4v\u00e4st\u00e4 VG-10-ter\u00e4ksest\u00e4 (HRC 60-61). Sen lis\u00e4ksi, ett\u00e4 veitsi s\u00e4ilytt\u00e4\u00e4 ter\u00e4vyytens\u00e4 pitk\u00e4\u00e4n, se on my\u00f6s eritt\u00e4in kest\u00e4v\u00e4 korroosiota, kulumista ja v\u00e4rj\u00e4ytymist\u00e4 vastaan.   Vasaroitu tai &#8221;tsuchime&#8221;-viimeistely on kaunis ja varmistaa, ett\u00e4 ruoka irtoaa ter\u00e4st\u00e4 nopeammin ja leikkaus pysyy puhtaana.<\/p>\n<p>Kahva on valmistettu mustasta pakkauspuusta ja koristeltu hienolla punaisella reunuksella. Kahvassa ei ole niittej\u00e4, materiaali on hygieenist\u00e4 ja kest\u00e4\u00e4 hyvin kulutusta. <\/p>\n<\/div>\n<\/div>\n<h2>Parhaat sovellukset:<\/h2>\n<div>\n<ul>\n<li>K\u00e4ytt\u00f6 ilman leikkuulautaa<\/li>\n<li>Kuorinta ja puhdistus<\/li>\n<li>Hedelm\u00e4t ja vihannekset<\/li>\n<\/ul>\n<\/div>\n<h2>T\u00e4rkeimm\u00e4t ominaisuudet:<\/h2>\n<ul>\n<li>Ter\u00e4materiaali: <strong>damascuster\u00e4s<\/strong>, VG-10 ruostumaton ter\u00e4s, <strong>kerrosten m\u00e4\u00e4r\u00e4-33<\/strong>.<\/li>\n<li>Kovuus 60-61 HRC<\/li>\n<li>Kahvan tyyli: perinteinen (japanilainen)<\/li>\n<li>Symmetrinen &#8211; sopii sek\u00e4 vasen- ett\u00e4 oikeak\u00e4tisille.<\/li>\n<li>Kahva: <strong>Pakkauspuu<\/strong><\/li>\n<li>Valmistettu: <strong>Japanissa<\/strong><\/li>\n<li>Valmistaja: Suncraft<\/li>\n<\/ul>\n<h2>Tekniset tiedot:<\/h2>\n<ul>\n<li>Ter\u00e4n pituus 80 mm<\/li>\n<li>Damaskuster\u00e4kerrosten m\u00e4\u00e4r\u00e4: 33<\/li>\n<li>Teroituskulma 15 \u00b0<\/li>\n<li>Noahin kokonaispituus kahvan kanssa 200 mm<\/li>\n<li>Paino: 65 g<\/li>\n<\/ul>\n<p><a href=\"https:\/\/rodoaed.ee\/fi\/\">kotisivu<\/a> <a href=\"https:\/\/rodoaed.ee\/fi\/tootekategooria\/keittiolaitteet\/\">k\u00e4ynnist\u00e4<\/a> <a href=\"https:\/\/rodoaed.ee\/fi\/tootekategooria\/keittiolaitteet\/keittion-pesuallas\/\">Keitti\u00f6n portaat<\/a> <a href=\"https:\/\/rodoaed.ee\/fi\/toode\/poyta-jossa-on-vanhan-saksalaisen-luumupuun-kahva\/\">p\u00f6yd\u00e4ll\u00e4<\/a> <a href=\"https:\/\/rodoaed.ee\/fi\/toode\/kokanuga-k5-luumupuukahva-182mm\/\">ruoanlaitto veitsi<\/a> <a href=\"https:\/\/rodoaed.ee\/fi\/toode\/leivanuga-k-b2-luumupuukahva-230mm\/\">leip\u00e4 veitsi<\/a><\/p>\n<p>&nbsp;<\/p>\n","protected":false},"excerpt":{"rendered":"<p>Japanilainen Kokanuga Senzo Classic kuorintaveitsi, 80 mm Japanilainen valmistaja Suncraft Pieni kuorintaveitsi on ihanteellinen tarkkuutta vaativiin t\u00f6ihin, kuten vihannesten kuorimiseen, hedelmien kuorimiseen ja kuorimiseen, siementen poistamiseen jne. Erityisen mukava pit\u00e4\u00e4 k\u00e4dess\u00e4 leikkuulaudan p\u00e4\u00e4ll\u00e4 ty\u00f6skentelyn sijaan. Classic-nupille on ominaista yksinkertainen mutta tyylik\u00e4s muotoilu ja tinkim\u00e4tt\u00f6m\u00e4n korkea laatu. Ter\u00e4s on valmistettu 33-kerroksisesta damaskoter\u00e4ksest\u00e4. Leikkaussyd\u00e4n on valmistettu kest\u00e4v\u00e4st\u00e4 VG-10-ter\u00e4ksest\u00e4 (HRC 60-61). Sen lis\u00e4ksi, ett\u00e4 veitsi s\u00e4ilytt\u00e4\u00e4 ter\u00e4vyytens\u00e4 pitk\u00e4\u00e4n,&#8230;<\/p>\n","protected":false},"featured_media":34449,"template":"","meta":{"_acf_changed":false},"product_brand":[],"product_cat":[1894,1832,1830,1896],"product_tag":[],"class_list":{"0":"post-52785","1":"product","2":"type-product","3":"status-publish","4":"has-post-thumbnail","6":"product_cat-japanilaiset-kookospahkinat","7":"product_cat-juuripavut-ja-kuoripavut","8":"product_cat-keittion-pesuallas","9":"product_cat-suncraft-senzo-classic-sarja","10":"product_shipping_class-toimitus-1-3-tyopaivan-kuluessa","11":"pa_variatsioon-keittioveitsi-k0-hiiliteras-kiillotettu-varsi-luumupuuta","13":"first","14":"instock","15":"taxable","16":"shipping-taxable","17":"purchasable","18":"product-type-simple"},"acf":[],"yoast_head":"<!-- This site is optimized with the Yoast SEO Premium plugin v27.3 (Yoast SEO v27.3) - https:\/\/yoast.com\/product\/yoast-seo-premium-wordpress\/ -->\n<title>Japanilainen Coca Knife Senzo Classic kuorintaveitsi, 80 mm% % -% Rodoaed% keitti\u00f6n lavuaarit<\/title>\n<meta name=\"description\" content=\"Japanilainen Kokanuga ammattik\u00e4ytt\u00f6\u00f6n. Sopii kaikkiin keitti\u00f6t\u00f6ihin.\" \/>\n<meta name=\"robots\" content=\"index, follow, max-snippet:-1, max-image-preview:large, max-video-preview:-1\" \/>\n<link rel=\"canonical\" href=\"https:\/\/rodoaed.ee\/fi\/toode\/japanilainen-coca-knife-senzo-classic-kuorintaveitsi-80-mm\/\" \/>\n<meta property=\"og:locale\" content=\"fi_FI\" \/>\n<meta property=\"og:type\" content=\"article\" \/>\n<meta property=\"og:title\" content=\"Japanilainen Coca Knife Senzo Classic kuorintaveitsi, 80 mm\" \/>\n<meta property=\"og:description\" content=\"Japanilainen Kokanuga Senzo Classic kuorintaveitsi, 80 mm Japanilainen valmistaja Suncraft Pieni kuorintaveitsi on ihanteellinen tarkkuutta vaativiin\" \/>\n<meta property=\"og:url\" content=\"https:\/\/rodoaed.ee\/fi\/toode\/japanilainen-coca-knife-senzo-classic-kuorintaveitsi-80-mm\/\" \/>\n<meta property=\"og:site_name\" content=\"Rodoaed\" \/>\n<meta property=\"article:publisher\" content=\"https:\/\/www.facebook.com\/kasvuhooned\/\" \/>\n<meta property=\"article:modified_time\" content=\"2026-04-13T07:54:25+00:00\" \/>\n<meta property=\"og:image\" content=\"https:\/\/rodoaed.ee\/wp-content\/uploads\/2020\/10\/Jaapani-kokanuga_Suncraft-Senzo-Classic_SZ_01.jpg\" \/>\n\t<meta property=\"og:image:width\" content=\"1092\" \/>\n\t<meta property=\"og:image:height\" content=\"819\" \/>\n\t<meta property=\"og:image:type\" content=\"image\/jpeg\" \/>\n<meta name=\"twitter:card\" content=\"summary_large_image\" \/>\n<meta name=\"twitter:label1\" content=\"Arvioitu lukuaika\" \/>\n\t<meta name=\"twitter:data1\" content=\"1 minuutti\" \/>\n<script type=\"application\/ld+json\" class=\"yoast-schema-graph\">{\"@context\":\"https:\\\/\\\/schema.org\",\"@graph\":[{\"@type\":\"WebPage\",\"@id\":\"https:\\\/\\\/rodoaed.ee\\\/fi\\\/toode\\\/japanilainen-coca-knife-senzo-classic-kuorintaveitsi-80-mm\\\/\",\"url\":\"https:\\\/\\\/rodoaed.ee\\\/fi\\\/toode\\\/japanilainen-coca-knife-senzo-classic-kuorintaveitsi-80-mm\\\/\",\"name\":\"Japanilainen Coca Knife Senzo Classic kuorintaveitsi, 80 mm% % -% Rodoaed% keitti\u00f6n lavuaarit\",\"isPartOf\":{\"@id\":\"https:\\\/\\\/rodoaed.ee\\\/#website\"},\"primaryImageOfPage\":{\"@id\":\"https:\\\/\\\/rodoaed.ee\\\/fi\\\/toode\\\/japanilainen-coca-knife-senzo-classic-kuorintaveitsi-80-mm\\\/#primaryimage\"},\"image\":{\"@id\":\"https:\\\/\\\/rodoaed.ee\\\/fi\\\/toode\\\/japanilainen-coca-knife-senzo-classic-kuorintaveitsi-80-mm\\\/#primaryimage\"},\"thumbnailUrl\":\"https:\\\/\\\/rodoaed.ee\\\/wp-content\\\/uploads\\\/2020\\\/10\\\/Jaapani-kokanuga_Suncraft-Senzo-Classic_SZ_01.jpg\",\"datePublished\":\"2020-10-26T09:28:41+00:00\",\"dateModified\":\"2026-04-13T07:54:25+00:00\",\"description\":\"Japanilainen Kokanuga ammattik\u00e4ytt\u00f6\u00f6n. Sopii kaikkiin keitti\u00f6t\u00f6ihin.\",\"breadcrumb\":{\"@id\":\"https:\\\/\\\/rodoaed.ee\\\/fi\\\/toode\\\/japanilainen-coca-knife-senzo-classic-kuorintaveitsi-80-mm\\\/#breadcrumb\"},\"inLanguage\":\"fi\",\"potentialAction\":[{\"@type\":\"ReadAction\",\"target\":[\"https:\\\/\\\/rodoaed.ee\\\/fi\\\/toode\\\/japanilainen-coca-knife-senzo-classic-kuorintaveitsi-80-mm\\\/\"]}]},{\"@type\":\"ImageObject\",\"inLanguage\":\"fi\",\"@id\":\"https:\\\/\\\/rodoaed.ee\\\/fi\\\/toode\\\/japanilainen-coca-knife-senzo-classic-kuorintaveitsi-80-mm\\\/#primaryimage\",\"url\":\"https:\\\/\\\/rodoaed.ee\\\/wp-content\\\/uploads\\\/2020\\\/10\\\/Jaapani-kokanuga_Suncraft-Senzo-Classic_SZ_01.jpg\",\"contentUrl\":\"https:\\\/\\\/rodoaed.ee\\\/wp-content\\\/uploads\\\/2020\\\/10\\\/Jaapani-kokanuga_Suncraft-Senzo-Classic_SZ_01.jpg\",\"width\":1092,\"height\":819,\"caption\":\"Japanilainen kokan-veitsi_Suncraft Senzo Classic_kooriimisnuga_SZ_01\"},{\"@type\":\"BreadcrumbList\",\"@id\":\"https:\\\/\\\/rodoaed.ee\\\/fi\\\/toode\\\/japanilainen-coca-knife-senzo-classic-kuorintaveitsi-80-mm\\\/#breadcrumb\",\"itemListElement\":[{\"@type\":\"ListItem\",\"position\":1,\"name\":\"Home\",\"item\":\"https:\\\/\\\/rodoaed.ee\\\/fi\\\/\"},{\"@type\":\"ListItem\",\"position\":2,\"name\":\"Osta osoitteessa\",\"item\":\"https:\\\/\\\/rodoaed.ee\\\/osta-osoitteessa\\\/\"},{\"@type\":\"ListItem\",\"position\":3,\"name\":\"Japanilainen Coca Knife Senzo Classic kuorintaveitsi, 80 mm\"}]},{\"@type\":\"WebSite\",\"@id\":\"https:\\\/\\\/rodoaed.ee\\\/#website\",\"url\":\"https:\\\/\\\/rodoaed.ee\\\/\",\"name\":\"Rodoaed\",\"description\":\"\",\"publisher\":{\"@id\":\"https:\\\/\\\/rodoaed.ee\\\/#organization\"},\"potentialAction\":[{\"@type\":\"SearchAction\",\"target\":{\"@type\":\"EntryPoint\",\"urlTemplate\":\"https:\\\/\\\/rodoaed.ee\\\/?s={search_term_string}\"},\"query-input\":{\"@type\":\"PropertyValueSpecification\",\"valueRequired\":true,\"valueName\":\"search_term_string\"}}],\"inLanguage\":\"fi\"},{\"@type\":\"Organization\",\"@id\":\"https:\\\/\\\/rodoaed.ee\\\/#organization\",\"name\":\"Rodoaed\",\"url\":\"https:\\\/\\\/rodoaed.ee\\\/\",\"logo\":{\"@type\":\"ImageObject\",\"inLanguage\":\"fi\",\"@id\":\"https:\\\/\\\/rodoaed.ee\\\/#\\\/schema\\\/logo\\\/image\\\/\",\"url\":\"https:\\\/\\\/rodoaed.ee\\\/wp-content\\\/uploads\\\/2019\\\/11\\\/rodoaed-logo-ilma-taustata.jpg\",\"contentUrl\":\"https:\\\/\\\/rodoaed.ee\\\/wp-content\\\/uploads\\\/2019\\\/11\\\/rodoaed-logo-ilma-taustata.jpg\",\"width\":769,\"height\":268,\"caption\":\"Rodoaed\"},\"image\":{\"@id\":\"https:\\\/\\\/rodoaed.ee\\\/#\\\/schema\\\/logo\\\/image\\\/\"},\"sameAs\":[\"https:\\\/\\\/www.facebook.com\\\/kasvuhooned\\\/\",\"https:\\\/\\\/rodoaed.ee\"]}]}<\/script>\n<!-- \/ Yoast SEO Premium plugin. -->","yoast_head_json":{"title":"Japanilainen Coca Knife Senzo Classic kuorintaveitsi, 80 mm% % -% Rodoaed% keitti\u00f6n lavuaarit","description":"Japanilainen Kokanuga ammattik\u00e4ytt\u00f6\u00f6n. Sopii kaikkiin keitti\u00f6t\u00f6ihin.","robots":{"index":"index","follow":"follow","max-snippet":"max-snippet:-1","max-image-preview":"max-image-preview:large","max-video-preview":"max-video-preview:-1"},"canonical":"https:\/\/rodoaed.ee\/fi\/toode\/japanilainen-coca-knife-senzo-classic-kuorintaveitsi-80-mm\/","og_locale":"fi_FI","og_type":"article","og_title":"Japanilainen Coca Knife Senzo Classic kuorintaveitsi, 80 mm","og_description":"Japanilainen Kokanuga Senzo Classic kuorintaveitsi, 80 mm Japanilainen valmistaja Suncraft Pieni kuorintaveitsi on ihanteellinen tarkkuutta vaativiin","og_url":"https:\/\/rodoaed.ee\/fi\/toode\/japanilainen-coca-knife-senzo-classic-kuorintaveitsi-80-mm\/","og_site_name":"Rodoaed","article_publisher":"https:\/\/www.facebook.com\/kasvuhooned\/","article_modified_time":"2026-04-13T07:54:25+00:00","og_image":[{"width":1092,"height":819,"url":"https:\/\/rodoaed.ee\/wp-content\/uploads\/2020\/10\/Jaapani-kokanuga_Suncraft-Senzo-Classic_SZ_01.jpg","type":"image\/jpeg"}],"twitter_card":"summary_large_image","twitter_misc":{"Arvioitu lukuaika":"1 minuutti"},"schema":{"@context":"https:\/\/schema.org","@graph":[{"@type":"WebPage","@id":"https:\/\/rodoaed.ee\/fi\/toode\/japanilainen-coca-knife-senzo-classic-kuorintaveitsi-80-mm\/","url":"https:\/\/rodoaed.ee\/fi\/toode\/japanilainen-coca-knife-senzo-classic-kuorintaveitsi-80-mm\/","name":"Japanilainen Coca Knife Senzo Classic kuorintaveitsi, 80 mm% % -% Rodoaed% keitti\u00f6n lavuaarit","isPartOf":{"@id":"https:\/\/rodoaed.ee\/#website"},"primaryImageOfPage":{"@id":"https:\/\/rodoaed.ee\/fi\/toode\/japanilainen-coca-knife-senzo-classic-kuorintaveitsi-80-mm\/#primaryimage"},"image":{"@id":"https:\/\/rodoaed.ee\/fi\/toode\/japanilainen-coca-knife-senzo-classic-kuorintaveitsi-80-mm\/#primaryimage"},"thumbnailUrl":"https:\/\/rodoaed.ee\/wp-content\/uploads\/2020\/10\/Jaapani-kokanuga_Suncraft-Senzo-Classic_SZ_01.jpg","datePublished":"2020-10-26T09:28:41+00:00","dateModified":"2026-04-13T07:54:25+00:00","description":"Japanilainen Kokanuga ammattik\u00e4ytt\u00f6\u00f6n. Sopii kaikkiin keitti\u00f6t\u00f6ihin.","breadcrumb":{"@id":"https:\/\/rodoaed.ee\/fi\/toode\/japanilainen-coca-knife-senzo-classic-kuorintaveitsi-80-mm\/#breadcrumb"},"inLanguage":"fi","potentialAction":[{"@type":"ReadAction","target":["https:\/\/rodoaed.ee\/fi\/toode\/japanilainen-coca-knife-senzo-classic-kuorintaveitsi-80-mm\/"]}]},{"@type":"ImageObject","inLanguage":"fi","@id":"https:\/\/rodoaed.ee\/fi\/toode\/japanilainen-coca-knife-senzo-classic-kuorintaveitsi-80-mm\/#primaryimage","url":"https:\/\/rodoaed.ee\/wp-content\/uploads\/2020\/10\/Jaapani-kokanuga_Suncraft-Senzo-Classic_SZ_01.jpg","contentUrl":"https:\/\/rodoaed.ee\/wp-content\/uploads\/2020\/10\/Jaapani-kokanuga_Suncraft-Senzo-Classic_SZ_01.jpg","width":1092,"height":819,"caption":"Japanilainen kokan-veitsi_Suncraft Senzo Classic_kooriimisnuga_SZ_01"},{"@type":"BreadcrumbList","@id":"https:\/\/rodoaed.ee\/fi\/toode\/japanilainen-coca-knife-senzo-classic-kuorintaveitsi-80-mm\/#breadcrumb","itemListElement":[{"@type":"ListItem","position":1,"name":"Home","item":"https:\/\/rodoaed.ee\/fi\/"},{"@type":"ListItem","position":2,"name":"Osta osoitteessa","item":"https:\/\/rodoaed.ee\/osta-osoitteessa\/"},{"@type":"ListItem","position":3,"name":"Japanilainen Coca Knife Senzo Classic kuorintaveitsi, 80 mm"}]},{"@type":"WebSite","@id":"https:\/\/rodoaed.ee\/#website","url":"https:\/\/rodoaed.ee\/","name":"Rodoaed","description":"","publisher":{"@id":"https:\/\/rodoaed.ee\/#organization"},"potentialAction":[{"@type":"SearchAction","target":{"@type":"EntryPoint","urlTemplate":"https:\/\/rodoaed.ee\/?s={search_term_string}"},"query-input":{"@type":"PropertyValueSpecification","valueRequired":true,"valueName":"search_term_string"}}],"inLanguage":"fi"},{"@type":"Organization","@id":"https:\/\/rodoaed.ee\/#organization","name":"Rodoaed","url":"https:\/\/rodoaed.ee\/","logo":{"@type":"ImageObject","inLanguage":"fi","@id":"https:\/\/rodoaed.ee\/#\/schema\/logo\/image\/","url":"https:\/\/rodoaed.ee\/wp-content\/uploads\/2019\/11\/rodoaed-logo-ilma-taustata.jpg","contentUrl":"https:\/\/rodoaed.ee\/wp-content\/uploads\/2019\/11\/rodoaed-logo-ilma-taustata.jpg","width":769,"height":268,"caption":"Rodoaed"},"image":{"@id":"https:\/\/rodoaed.ee\/#\/schema\/logo\/image\/"},"sameAs":["https:\/\/www.facebook.com\/kasvuhooned\/","https:\/\/rodoaed.ee"]}]}},"_links":{"self":[{"href":"https:\/\/rodoaed.ee\/fi\/wp-json\/wp\/v2\/product\/52785","targetHints":{"allow":["GET"]}}],"collection":[{"href":"https:\/\/rodoaed.ee\/fi\/wp-json\/wp\/v2\/product"}],"about":[{"href":"https:\/\/rodoaed.ee\/fi\/wp-json\/wp\/v2\/types\/product"}],"wp:featuredmedia":[{"embeddable":true,"href":"https:\/\/rodoaed.ee\/fi\/wp-json\/wp\/v2\/media\/34449"}],"wp:attachment":[{"href":"https:\/\/rodoaed.ee\/fi\/wp-json\/wp\/v2\/media?parent=52785"}],"wp:term":[{"taxonomy":"product_brand","embeddable":true,"href":"https:\/\/rodoaed.ee\/fi\/wp-json\/wp\/v2\/product_brand?post=52785"},{"taxonomy":"product_cat","embeddable":true,"href":"https:\/\/rodoaed.ee\/fi\/wp-json\/wp\/v2\/product_cat?post=52785"},{"taxonomy":"product_tag","embeddable":true,"href":"https:\/\/rodoaed.ee\/fi\/wp-json\/wp\/v2\/product_tag?post=52785"}],"curies":[{"name":"wp","href":"https:\/\/api.w.org\/{rel}","templated":true}]}}