{"id":52786,"date":"2020-10-06T16:09:49","date_gmt":"2020-10-06T13:09:49","guid":{"rendered":"https:\/\/rodoaed.ee\/toode\/suuri-dixter-tulppaanisipuli-istutin\/"},"modified":"2026-04-13T10:54:59","modified_gmt":"2026-04-13T07:54:59","slug":"suuri-dixter-tulppaanisipuli-istutin","status":"publish","type":"product","link":"https:\/\/rodoaed.ee\/fi\/tuote\/suuri-dixter-tulppaanisipuli-istutin\/","title":{"rendered":"Suuri Dixter tulppaanisipuli istutin"},"content":{"rendered":"<h2>Suuri Dixter-tulppaanisipuli-istutin. Loistava v\u00e4line tulppaanisipuleiden istuttamiseen. <\/h2>\n<p>Tuotekoodi: 9070-129070<\/p>\n<p>Great Dixter -tulppaanisipuliistutin on saanut inspiraationsa Nathaniel Lloydin historiallisesta tulppaanisipuliistuttajasta. Nykyaikaisella mallilla on kuitenkin suuria paino- ja tasapainoetuja vanhempaan malliin verrattuna. Istutusastian kulmaa varteen n\u00e4hden ja monia muita yksityiskohtia on parannettu. K\u00e4yt\u00e4nn\u00f6n testit todistavat, ett\u00e4 se on todellakin maailman tehokkain ja mukavin tulppaanikasvattamo.   <\/p>\n<p>Tulppaanisipulien istutuskoneen avulla voit k\u00e4vell\u00e4 nurmikon poikki ja tehd\u00e4 istutuskuoppia kuin sattumalta. T\u00e4m\u00e4 on luonnollisin tapa, jolla tulppaanit kukkivat. Molemmin puolin olevien jalkaa tukevien harjanteiden ansiosta se on helppo painaa mihin tahansa maaper\u00e4\u00e4n. Kun ved\u00e4t ulos, multapisara irtoaa helposti, koska rauta on laajasti kapeneva.   <\/p>\n<p>Se on vankkarakenteinen ja k\u00e4tev\u00e4 ty\u00f6kalu, joka tekee tulppaanisipuleiden istuttamisesta nautinnollista puuhaa. Tietenkin voit istuttaa sipuleita sek\u00e4 narsisseja ja muita sipuleita. <\/p>\n<p>Istutussyvyys 9 cm. Silmukan leveys 6cm ja 4cm ohuemmassa p\u00e4\u00e4ss\u00e4. <\/p>\n<p>&nbsp;<\/p>\n<p><em style=\"font-family: inherit; font-size: inherit; font-variant-caps: inherit;\">Sneeboer &amp; Zn on perinteinen hollantilainen ty\u00f6kaluyritys, joka on valmistanut laadukkaita puutarhaty\u00f6kaluja vuodesta 1913. Sneeboer &amp; Zn valmistaa p\u00e4\u00e4asiassa k\u00e4sin taottuja ruostumattomasta ter\u00e4ksest\u00e4 valmistettuja puutarhaty\u00f6kaluja, joiden k\u00e4ytt\u00f6ik\u00e4 on v\u00e4hint\u00e4\u00e4n yksi sukupolvi. Mutta se, mik\u00e4 tekee heid\u00e4n tuotannostaan hyvin erikoista ja on tehnyt heist\u00e4 maailmankuuluja, on heid\u00e4n sovellusinnovaationsa. T\u00e4m\u00e4 tarkoittaa, ett\u00e4 keksij\u00e4t ymp\u00e4ri maailmaa ovat lis\u00e4nneet omia innovaatioitaan heid\u00e4n tuotevalikoimaansa. Joskus hyvin innovatiivisia ratkaisuja, joskus aivan pieni\u00e4 keksint\u00f6j\u00e4, mutta ne tekev\u00e4t puutarhanhoidosta ja ty\u00f6kalun k\u00e4yt\u00f6st\u00e4 paljon helpompaa.    <\/em><\/p>\n<p><em>Voit n\u00e4hd\u00e4 sen itse, kun tutustut valikoimaan.<\/em><\/p>\n<p>Hemmottele itse\u00e4si parhaalla. El\u00e4mme vain kerran. <\/p>\n<h2>Tekniset tiedot:<\/h2>\n<ul>\n<li>Ty\u00f6kalun p\u00e4\u00e4n leveys: 4 cm<\/li>\n<li>Ty\u00f6kalun p\u00e4\u00e4n pituus: 9 cm<\/li>\n<li>Kahvan pituus: 78 cm<\/li>\n<li>Kokonaispituus: 104 cm<\/li>\n<li>Kahvamateriaali: saarni ja varsi<\/li>\n<li>Paino: 1,6 kg<\/li>\n<\/ul>\n","protected":false},"excerpt":{"rendered":"<p>Suuri Dixter-tulppaanisipuli-istutin. Loistava v\u00e4line tulppaanisipuleiden istuttamiseen. Tuotekoodi: 9070-129070 Great Dixter -tulppaanisipuliistutin on saanut inspiraationsa Nathaniel Lloydin historiallisesta tulppaanisipuliistuttajasta. Nykyaikaisella mallilla on kuitenkin suuria paino- ja tasapainoetuja vanhempaan malliin verrattuna. Istutusastian kulmaa varteen n\u00e4hden ja monia muita yksityiskohtia on parannettu. K\u00e4yt\u00e4nn\u00f6n testit todistavat, ett\u00e4 se on todellakin maailman tehokkain ja mukavin tulppaanikasvattamo. Tulppaanisipulien istutuskoneen avulla voit k\u00e4vell\u00e4 nurmikon poikki ja tehd\u00e4 istutuskuoppia kuin sattumalta. T\u00e4m\u00e4 on&#8230;<\/p>\n","protected":false},"featured_media":33803,"template":"","meta":{"_acf_changed":false},"product_brand":[],"product_cat":[1859,1889,1922],"product_tag":[],"class_list":{"0":"post-52786","1":"product","2":"type-product","3":"status-publish","4":"has-post-thumbnail","6":"product_cat-istutuskauhat","7":"product_cat-puutarhatyokalut","8":"product_cat-renkaat-ja-lapiot","9":"product_shipping_class-kuljetus-ainoastaan-kuriiripalvelun-valityksella","10":"pa_variatsioon-puutarhan-runko-8-tikulla","12":"first","13":"instock","14":"sale","15":"taxable","16":"shipping-taxable","17":"purchasable","18":"product-type-simple"},"acf":[],"yoast_head":"<!-- This site is optimized with the Yoast SEO Premium plugin v27.3 (Yoast SEO v27.3) - https:\/\/yoast.com\/product\/yoast-seo-premium-wordpress\/ -->\n<title>Suuri Dixter tulppaanisipuli istutin -% Puutarhaty\u00f6kalut puutarhaan Puutarha Puutarha<\/title>\n<meta name=\"description\" content=\"Suuri Dixter-tulppaanisipuli-istutusastia, jossa on ruostumattomasta ter\u00e4ksest\u00e4 valmistettu k\u00e4rki ja tuhkapuusta valmistettu varsi. T\u00e4ydellinen ty\u00f6kalu koko elini\u00e4ksi.\" \/>\n<meta name=\"robots\" content=\"index, follow, max-snippet:-1, max-image-preview:large, max-video-preview:-1\" \/>\n<link rel=\"canonical\" href=\"https:\/\/rodoaed.ee\/fi\/toode\/suuri-dixter-tulppaanisipuli-istutin\/\" \/>\n<meta property=\"og:locale\" content=\"fi_FI\" \/>\n<meta property=\"og:type\" content=\"article\" \/>\n<meta property=\"og:title\" content=\"Suuri Dixter tulppaanisipuli istutin\" \/>\n<meta property=\"og:description\" content=\"Suuri Dixter-tulppaanisipuli-istutin. Loistava v\u00e4line tulppaanisipuleiden istuttamiseen. Tuotekoodi: 9070-129070 Great Dixter -tulppaanisipuliistutin on\" \/>\n<meta property=\"og:url\" content=\"https:\/\/rodoaed.ee\/fi\/toode\/suuri-dixter-tulppaanisipuli-istutin\/\" \/>\n<meta property=\"og:site_name\" content=\"Rodoaed\" \/>\n<meta property=\"article:publisher\" content=\"https:\/\/www.facebook.com\/kasvuhooned\/\" \/>\n<meta property=\"article:modified_time\" content=\"2026-04-13T07:54:59+00:00\" \/>\n<meta property=\"og:image\" content=\"https:\/\/rodoaed.ee\/wp-content\/uploads\/2020\/10\/Great-Dixter-tulbisibula-istutaja_9070-129070_11-scaled.jpg\" \/>\n\t<meta property=\"og:image:width\" content=\"2560\" \/>\n\t<meta property=\"og:image:height\" content=\"2560\" \/>\n\t<meta property=\"og:image:type\" content=\"image\/jpeg\" \/>\n<meta name=\"twitter:card\" content=\"summary_large_image\" \/>\n<meta name=\"twitter:label1\" content=\"Arvioitu lukuaika\" \/>\n\t<meta name=\"twitter:data1\" content=\"1 minuutti\" \/>\n<script type=\"application\/ld+json\" class=\"yoast-schema-graph\">{\"@context\":\"https:\\\/\\\/schema.org\",\"@graph\":[{\"@type\":\"WebPage\",\"@id\":\"https:\\\/\\\/rodoaed.ee\\\/fi\\\/toode\\\/suuri-dixter-tulppaanisipuli-istutin\\\/\",\"url\":\"https:\\\/\\\/rodoaed.ee\\\/fi\\\/toode\\\/suuri-dixter-tulppaanisipuli-istutin\\\/\",\"name\":\"Suuri Dixter tulppaanisipuli istutin -% Puutarhaty\u00f6kalut puutarhaan Puutarha Puutarha\",\"isPartOf\":{\"@id\":\"https:\\\/\\\/rodoaed.ee\\\/#website\"},\"primaryImageOfPage\":{\"@id\":\"https:\\\/\\\/rodoaed.ee\\\/fi\\\/toode\\\/suuri-dixter-tulppaanisipuli-istutin\\\/#primaryimage\"},\"image\":{\"@id\":\"https:\\\/\\\/rodoaed.ee\\\/fi\\\/toode\\\/suuri-dixter-tulppaanisipuli-istutin\\\/#primaryimage\"},\"thumbnailUrl\":\"https:\\\/\\\/rodoaed.ee\\\/wp-content\\\/uploads\\\/2020\\\/10\\\/Great-Dixter-tulbisibula-istutaja_9070-129070_11-scaled.jpg\",\"datePublished\":\"2020-10-06T13:09:49+00:00\",\"dateModified\":\"2026-04-13T07:54:59+00:00\",\"description\":\"Suuri Dixter-tulppaanisipuli-istutusastia, jossa on ruostumattomasta ter\u00e4ksest\u00e4 valmistettu k\u00e4rki ja tuhkapuusta valmistettu varsi. T\u00e4ydellinen ty\u00f6kalu koko elini\u00e4ksi.\",\"breadcrumb\":{\"@id\":\"https:\\\/\\\/rodoaed.ee\\\/fi\\\/toode\\\/suuri-dixter-tulppaanisipuli-istutin\\\/#breadcrumb\"},\"inLanguage\":\"fi\",\"potentialAction\":[{\"@type\":\"ReadAction\",\"target\":[\"https:\\\/\\\/rodoaed.ee\\\/fi\\\/toode\\\/suuri-dixter-tulppaanisipuli-istutin\\\/\"]}]},{\"@type\":\"ImageObject\",\"inLanguage\":\"fi\",\"@id\":\"https:\\\/\\\/rodoaed.ee\\\/fi\\\/toode\\\/suuri-dixter-tulppaanisipuli-istutin\\\/#primaryimage\",\"url\":\"https:\\\/\\\/rodoaed.ee\\\/wp-content\\\/uploads\\\/2020\\\/10\\\/Great-Dixter-tulbisibula-istutaja_9070-129070_11-scaled.jpg\",\"contentUrl\":\"https:\\\/\\\/rodoaed.ee\\\/wp-content\\\/uploads\\\/2020\\\/10\\\/Great-Dixter-tulbisibula-istutaja_9070-129070_11-scaled.jpg\",\"width\":2560,\"height\":2560,\"caption\":\"OLYMPUS DIGITAL CAMERA\"},{\"@type\":\"BreadcrumbList\",\"@id\":\"https:\\\/\\\/rodoaed.ee\\\/fi\\\/toode\\\/suuri-dixter-tulppaanisipuli-istutin\\\/#breadcrumb\",\"itemListElement\":[{\"@type\":\"ListItem\",\"position\":1,\"name\":\"Home\",\"item\":\"https:\\\/\\\/rodoaed.ee\\\/fi\\\/\"},{\"@type\":\"ListItem\",\"position\":2,\"name\":\"Osta osoitteessa\",\"item\":\"https:\\\/\\\/rodoaed.ee\\\/osta-osoitteessa\\\/\"},{\"@type\":\"ListItem\",\"position\":3,\"name\":\"Suuri Dixter tulppaanisipuli istutin\"}]},{\"@type\":\"WebSite\",\"@id\":\"https:\\\/\\\/rodoaed.ee\\\/#website\",\"url\":\"https:\\\/\\\/rodoaed.ee\\\/\",\"name\":\"Rodoaed\",\"description\":\"\",\"publisher\":{\"@id\":\"https:\\\/\\\/rodoaed.ee\\\/#organization\"},\"potentialAction\":[{\"@type\":\"SearchAction\",\"target\":{\"@type\":\"EntryPoint\",\"urlTemplate\":\"https:\\\/\\\/rodoaed.ee\\\/?s={search_term_string}\"},\"query-input\":{\"@type\":\"PropertyValueSpecification\",\"valueRequired\":true,\"valueName\":\"search_term_string\"}}],\"inLanguage\":\"fi\"},{\"@type\":\"Organization\",\"@id\":\"https:\\\/\\\/rodoaed.ee\\\/#organization\",\"name\":\"Rodoaed\",\"url\":\"https:\\\/\\\/rodoaed.ee\\\/\",\"logo\":{\"@type\":\"ImageObject\",\"inLanguage\":\"fi\",\"@id\":\"https:\\\/\\\/rodoaed.ee\\\/#\\\/schema\\\/logo\\\/image\\\/\",\"url\":\"https:\\\/\\\/rodoaed.ee\\\/wp-content\\\/uploads\\\/2019\\\/11\\\/rodoaed-logo-ilma-taustata.jpg\",\"contentUrl\":\"https:\\\/\\\/rodoaed.ee\\\/wp-content\\\/uploads\\\/2019\\\/11\\\/rodoaed-logo-ilma-taustata.jpg\",\"width\":769,\"height\":268,\"caption\":\"Rodoaed\"},\"image\":{\"@id\":\"https:\\\/\\\/rodoaed.ee\\\/#\\\/schema\\\/logo\\\/image\\\/\"},\"sameAs\":[\"https:\\\/\\\/www.facebook.com\\\/kasvuhooned\\\/\",\"https:\\\/\\\/rodoaed.ee\"]}]}<\/script>\n<!-- \/ Yoast SEO Premium plugin. -->","yoast_head_json":{"title":"Suuri Dixter tulppaanisipuli istutin -% Puutarhaty\u00f6kalut puutarhaan Puutarha Puutarha","description":"Suuri Dixter-tulppaanisipuli-istutusastia, jossa on ruostumattomasta ter\u00e4ksest\u00e4 valmistettu k\u00e4rki ja tuhkapuusta valmistettu varsi. T\u00e4ydellinen ty\u00f6kalu koko elini\u00e4ksi.","robots":{"index":"index","follow":"follow","max-snippet":"max-snippet:-1","max-image-preview":"max-image-preview:large","max-video-preview":"max-video-preview:-1"},"canonical":"https:\/\/rodoaed.ee\/fi\/toode\/suuri-dixter-tulppaanisipuli-istutin\/","og_locale":"fi_FI","og_type":"article","og_title":"Suuri Dixter tulppaanisipuli istutin","og_description":"Suuri Dixter-tulppaanisipuli-istutin. Loistava v\u00e4line tulppaanisipuleiden istuttamiseen. Tuotekoodi: 9070-129070 Great Dixter -tulppaanisipuliistutin on","og_url":"https:\/\/rodoaed.ee\/fi\/toode\/suuri-dixter-tulppaanisipuli-istutin\/","og_site_name":"Rodoaed","article_publisher":"https:\/\/www.facebook.com\/kasvuhooned\/","article_modified_time":"2026-04-13T07:54:59+00:00","og_image":[{"width":2560,"height":2560,"url":"https:\/\/rodoaed.ee\/wp-content\/uploads\/2020\/10\/Great-Dixter-tulbisibula-istutaja_9070-129070_11-scaled.jpg","type":"image\/jpeg"}],"twitter_card":"summary_large_image","twitter_misc":{"Arvioitu lukuaika":"1 minuutti"},"schema":{"@context":"https:\/\/schema.org","@graph":[{"@type":"WebPage","@id":"https:\/\/rodoaed.ee\/fi\/toode\/suuri-dixter-tulppaanisipuli-istutin\/","url":"https:\/\/rodoaed.ee\/fi\/toode\/suuri-dixter-tulppaanisipuli-istutin\/","name":"Suuri Dixter tulppaanisipuli istutin -% Puutarhaty\u00f6kalut puutarhaan Puutarha Puutarha","isPartOf":{"@id":"https:\/\/rodoaed.ee\/#website"},"primaryImageOfPage":{"@id":"https:\/\/rodoaed.ee\/fi\/toode\/suuri-dixter-tulppaanisipuli-istutin\/#primaryimage"},"image":{"@id":"https:\/\/rodoaed.ee\/fi\/toode\/suuri-dixter-tulppaanisipuli-istutin\/#primaryimage"},"thumbnailUrl":"https:\/\/rodoaed.ee\/wp-content\/uploads\/2020\/10\/Great-Dixter-tulbisibula-istutaja_9070-129070_11-scaled.jpg","datePublished":"2020-10-06T13:09:49+00:00","dateModified":"2026-04-13T07:54:59+00:00","description":"Suuri Dixter-tulppaanisipuli-istutusastia, jossa on ruostumattomasta ter\u00e4ksest\u00e4 valmistettu k\u00e4rki ja tuhkapuusta valmistettu varsi. T\u00e4ydellinen ty\u00f6kalu koko elini\u00e4ksi.","breadcrumb":{"@id":"https:\/\/rodoaed.ee\/fi\/toode\/suuri-dixter-tulppaanisipuli-istutin\/#breadcrumb"},"inLanguage":"fi","potentialAction":[{"@type":"ReadAction","target":["https:\/\/rodoaed.ee\/fi\/toode\/suuri-dixter-tulppaanisipuli-istutin\/"]}]},{"@type":"ImageObject","inLanguage":"fi","@id":"https:\/\/rodoaed.ee\/fi\/toode\/suuri-dixter-tulppaanisipuli-istutin\/#primaryimage","url":"https:\/\/rodoaed.ee\/wp-content\/uploads\/2020\/10\/Great-Dixter-tulbisibula-istutaja_9070-129070_11-scaled.jpg","contentUrl":"https:\/\/rodoaed.ee\/wp-content\/uploads\/2020\/10\/Great-Dixter-tulbisibula-istutaja_9070-129070_11-scaled.jpg","width":2560,"height":2560,"caption":"OLYMPUS DIGITAL CAMERA"},{"@type":"BreadcrumbList","@id":"https:\/\/rodoaed.ee\/fi\/toode\/suuri-dixter-tulppaanisipuli-istutin\/#breadcrumb","itemListElement":[{"@type":"ListItem","position":1,"name":"Home","item":"https:\/\/rodoaed.ee\/fi\/"},{"@type":"ListItem","position":2,"name":"Osta osoitteessa","item":"https:\/\/rodoaed.ee\/osta-osoitteessa\/"},{"@type":"ListItem","position":3,"name":"Suuri Dixter tulppaanisipuli istutin"}]},{"@type":"WebSite","@id":"https:\/\/rodoaed.ee\/#website","url":"https:\/\/rodoaed.ee\/","name":"Rodoaed","description":"","publisher":{"@id":"https:\/\/rodoaed.ee\/#organization"},"potentialAction":[{"@type":"SearchAction","target":{"@type":"EntryPoint","urlTemplate":"https:\/\/rodoaed.ee\/?s={search_term_string}"},"query-input":{"@type":"PropertyValueSpecification","valueRequired":true,"valueName":"search_term_string"}}],"inLanguage":"fi"},{"@type":"Organization","@id":"https:\/\/rodoaed.ee\/#organization","name":"Rodoaed","url":"https:\/\/rodoaed.ee\/","logo":{"@type":"ImageObject","inLanguage":"fi","@id":"https:\/\/rodoaed.ee\/#\/schema\/logo\/image\/","url":"https:\/\/rodoaed.ee\/wp-content\/uploads\/2019\/11\/rodoaed-logo-ilma-taustata.jpg","contentUrl":"https:\/\/rodoaed.ee\/wp-content\/uploads\/2019\/11\/rodoaed-logo-ilma-taustata.jpg","width":769,"height":268,"caption":"Rodoaed"},"image":{"@id":"https:\/\/rodoaed.ee\/#\/schema\/logo\/image\/"},"sameAs":["https:\/\/www.facebook.com\/kasvuhooned\/","https:\/\/rodoaed.ee"]}]}},"_links":{"self":[{"href":"https:\/\/rodoaed.ee\/fi\/wp-json\/wp\/v2\/product\/52786","targetHints":{"allow":["GET"]}}],"collection":[{"href":"https:\/\/rodoaed.ee\/fi\/wp-json\/wp\/v2\/product"}],"about":[{"href":"https:\/\/rodoaed.ee\/fi\/wp-json\/wp\/v2\/types\/product"}],"wp:featuredmedia":[{"embeddable":true,"href":"https:\/\/rodoaed.ee\/fi\/wp-json\/wp\/v2\/media\/33803"}],"wp:attachment":[{"href":"https:\/\/rodoaed.ee\/fi\/wp-json\/wp\/v2\/media?parent=52786"}],"wp:term":[{"taxonomy":"product_brand","embeddable":true,"href":"https:\/\/rodoaed.ee\/fi\/wp-json\/wp\/v2\/product_brand?post=52786"},{"taxonomy":"product_cat","embeddable":true,"href":"https:\/\/rodoaed.ee\/fi\/wp-json\/wp\/v2\/product_cat?post=52786"},{"taxonomy":"product_tag","embeddable":true,"href":"https:\/\/rodoaed.ee\/fi\/wp-json\/wp\/v2\/product_tag?post=52786"}],"curies":[{"name":"wp","href":"https:\/\/api.w.org\/{rel}","templated":true}]}}