{"id":52791,"date":"2020-10-12T12:55:47","date_gmt":"2020-10-12T09:55:47","guid":{"rendered":"https:\/\/rodoaed.ee\/toode\/kasviteline-urbalive-matala-48cm-kermanvalkoinen-ivory-puujalat\/"},"modified":"2026-04-13T10:55:02","modified_gmt":"2026-04-13T07:55:02","slug":"kasviteline-urbalive-matala-48cm-kermanvalkoinen-ivory-puujalat","status":"publish","type":"product","link":"https:\/\/rodoaed.ee\/fi\/tuote\/kasviteline-urbalive-matala-48cm-kermanvalkoinen-ivory-puujalat\/","title":{"rendered":"Kasviteline Urbalive matala 48cm, kermanvalkoinen (Ivory), puujalat"},"content":{"rendered":"<h3>Kauniisti muotoiltu istutusastia olohuoneeseen, toimistoon tai kattoterassille.<\/h3>\n<p><strong>Ihanteellinen huonekasvien, kukkien, yrttien ja pienempien vihannesten viljelyyn. Houkuttelevan muotoilunsa ansiosta sit\u00e4 voidaan k\u00e4ytt\u00e4\u00e4 koristeellisena elementtin\u00e4 miss\u00e4 tahansa asunnossa tai liiketilassa, puutarhahuoneessa, eteisess\u00e4. <\/strong><\/p>\n<p>Urbalive-istutusastiat on suunnitellut kuuluisa t\u0161ekkil\u00e4inen suunnittelija Ji\u0159\u00ed Pelcl. Istutin yhdist\u00e4\u00e4 taitavasti luonnonpuuta ja muovia. <\/p>\n<p>Istutuslaatikon alaosassa on vesis\u00e4ili\u00f6, josta kasvit voivat ottaa tarvitsemansa veden. Se on sinua varten, jos haluat kauniin vihre\u00e4n keidas olohuoneeseen tai ty\u00f6paikalle, josta ei ole liikaa vaivaa. Kasviastia on mukavan siisti ja huoleton. Sopii mihin tahansa huoneeseen. Saatavana eri v\u00e4reiss\u00e4 ja kahdessa eri korkeudessa.    <\/p>\n<h4>Se on kuin pienikokoinen istutin, jossa on automaattinen kasteluj\u00e4rjestelm\u00e4. T\u00e4ydellinen kumppani siistille ja liikkuvalle modernille ihmiselle. Voit l\u00e4hte\u00e4 leppoisalle lomalle ja kasvisi voivat sill\u00e4 v\u00e4lin hyvin.  <\/h4>\n<h4>T\u00e4rkeimm\u00e4t ominaisuudet<\/h4>\n<ul>\n<li>Mitat: leveys 38 cm, pituus 50,5 cm ja korkeus 48 cm.<\/li>\n<li>S\u00e4ili\u00f6n maaper\u00e4osan tilavuus on 21,7 l.<\/li>\n<li>S\u00e4ili\u00f6n vesis\u00e4ili\u00f6osan tilavuus on 15 litraa.<\/li>\n<li>Paino 4,6 kg<\/li>\n<li>K\u00e4tev\u00e4 itsesulkeutuva j\u00e4rjestelm\u00e4<\/li>\n<\/ul>\n<p><a href=\"https:\/\/rodoaed.ee\/fi\/\">kotisivu<\/a> <a href=\"https:\/\/rodoaed.ee\/tootekategooria\/kasvuhooned-ja-talveaiad\/\">k\u00e4ynnist\u00e4<\/a> <a href=\"https:\/\/rodoaed.ee\/fi\/tootekategooria\/kasvihuoneen-tarvikkeet\/\">tarvikkeet<\/a> <a href=\"https:\/\/rodoaed.ee\/tootekategooria\/kasvihuoneen-tarvikkeet\/kasvuhoone-tarvikud\/\">tarvikkeet<\/a><\/p>\n<div>\n<div><\/div>\n<\/div>\n","protected":false},"excerpt":{"rendered":"<p>Kauniisti muotoiltu istutusastia olohuoneeseen, toimistoon tai kattoterassille. Ihanteellinen huonekasvien, kukkien, yrttien ja pienempien vihannesten viljelyyn. Houkuttelevan muotoilunsa ansiosta sit\u00e4 voidaan k\u00e4ytt\u00e4\u00e4 koristeellisena elementtin\u00e4 miss\u00e4 tahansa asunnossa tai liiketilassa, puutarhahuoneessa, eteisess\u00e4. Urbalive-istutusastiat on suunnitellut kuuluisa t\u0161ekkil\u00e4inen suunnittelija Ji\u0159\u00ed Pelcl. Istutin yhdist\u00e4\u00e4 taitavasti luonnonpuuta ja muovia. Istutuslaatikon alaosassa on vesis\u00e4ili\u00f6, josta kasvit voivat ottaa tarvitsemansa veden. Se on sinua varten, jos haluat kauniin vihre\u00e4n keidas olohuoneeseen tai&#8230;<\/p>\n","protected":false},"featured_media":33962,"template":"","meta":{"_acf_changed":false},"product_brand":[],"product_cat":[1789,1788,1880,1833,1772,1752],"product_tag":[],"class_list":{"0":"post-52791","1":"product","2":"type-product","3":"status-publish","4":"has-post-thumbnail","6":"product_cat-kasviastiat-urbalive-olohuoneeseen-ja-toimistoon","7":"product_cat-kukkaruukut-ja-kasviastiat","8":"product_cat-lahjat-luonnonystavalle","9":"product_cat-lahjat-naisille","10":"product_cat-lahjat-puutarhurille","11":"product_cat-puutarha-ja-piha","12":"product_shipping_class-toimitus-1-3-tyopaivan-kuluessa","13":"pa_variatsioon-kasvatussailio-16l2l-jossa-on-vesisailio-ja-kehys","15":"first","16":"onbackorder","17":"sale","18":"taxable","19":"shipping-taxable","20":"purchasable","21":"product-type-simple"},"acf":[],"yoast_head":"<!-- This site is optimized with the Yoast SEO Premium plugin v27.3 (Yoast SEO v27.3) - https:\/\/yoast.com\/product\/yoast-seo-premium-wordpress\/ -->\n<title>Kasviteline Urbalive matala 48cm, kermanvalkoinen (Ivory), puujalat - Rodoaed<\/title>\n<meta name=\"description\" content=\"Kasvien kasvatusastia, jonka maaper\u00e4n tilavuus on 22 litraa. S\u00e4ili\u00f6n alla on 15 litran kasteluvesis\u00e4ili\u00f6, josta kasvit voivat ottaa juurineen sopivan m\u00e4\u00e4r\u00e4n vett\u00e4.\" \/>\n<meta name=\"robots\" content=\"index, follow, max-snippet:-1, max-image-preview:large, max-video-preview:-1\" \/>\n<link rel=\"canonical\" href=\"https:\/\/rodoaed.ee\/fi\/toode\/kasviteline-urbalive-matala-48cm-kermanvalkoinen-ivory-puujalat\/\" \/>\n<meta property=\"og:locale\" content=\"fi_FI\" \/>\n<meta property=\"og:type\" content=\"article\" \/>\n<meta property=\"og:title\" content=\"Kasviteline Urbalive matala 48cm, kermanvalkoinen (Ivory), puujalat\" \/>\n<meta property=\"og:description\" content=\"Kauniisti muotoiltu istutusastia olohuoneeseen, toimistoon tai kattoterassille. Ihanteellinen huonekasvien, kukkien, yrttien ja pienempien vihannesten\" \/>\n<meta property=\"og:url\" content=\"https:\/\/rodoaed.ee\/fi\/toode\/kasviteline-urbalive-matala-48cm-kermanvalkoinen-ivory-puujalat\/\" \/>\n<meta property=\"og:site_name\" content=\"Rodoaed\" \/>\n<meta property=\"article:publisher\" content=\"https:\/\/www.facebook.com\/kasvuhooned\/\" \/>\n<meta property=\"article:modified_time\" content=\"2026-04-13T07:55:02+00:00\" \/>\n<meta property=\"og:image\" content=\"https:\/\/rodoaed.ee\/wp-content\/uploads\/2020\/10\/Taimekast_Urbalive_031.jpg\" \/>\n\t<meta property=\"og:image:width\" content=\"1026\" \/>\n\t<meta property=\"og:image:height\" content=\"1400\" \/>\n\t<meta property=\"og:image:type\" content=\"image\/jpeg\" \/>\n<meta name=\"twitter:card\" content=\"summary_large_image\" \/>\n<meta name=\"twitter:label1\" content=\"Arvioitu lukuaika\" \/>\n\t<meta name=\"twitter:data1\" content=\"1 minuutti\" \/>\n<script type=\"application\/ld+json\" class=\"yoast-schema-graph\">{\"@context\":\"https:\\\/\\\/schema.org\",\"@graph\":[{\"@type\":\"WebPage\",\"@id\":\"https:\\\/\\\/rodoaed.ee\\\/fi\\\/toode\\\/kasviteline-urbalive-matala-48cm-kermanvalkoinen-ivory-puujalat\\\/\",\"url\":\"https:\\\/\\\/rodoaed.ee\\\/fi\\\/toode\\\/kasviteline-urbalive-matala-48cm-kermanvalkoinen-ivory-puujalat\\\/\",\"name\":\"Kasviteline Urbalive matala 48cm, kermanvalkoinen (Ivory), puujalat - Rodoaed\",\"isPartOf\":{\"@id\":\"https:\\\/\\\/rodoaed.ee\\\/#website\"},\"primaryImageOfPage\":{\"@id\":\"https:\\\/\\\/rodoaed.ee\\\/fi\\\/toode\\\/kasviteline-urbalive-matala-48cm-kermanvalkoinen-ivory-puujalat\\\/#primaryimage\"},\"image\":{\"@id\":\"https:\\\/\\\/rodoaed.ee\\\/fi\\\/toode\\\/kasviteline-urbalive-matala-48cm-kermanvalkoinen-ivory-puujalat\\\/#primaryimage\"},\"thumbnailUrl\":\"https:\\\/\\\/rodoaed.ee\\\/wp-content\\\/uploads\\\/2020\\\/10\\\/Taimekast_Urbalive_031.jpg\",\"datePublished\":\"2020-10-12T09:55:47+00:00\",\"dateModified\":\"2026-04-13T07:55:02+00:00\",\"description\":\"Kasvien kasvatusastia, jonka maaper\u00e4n tilavuus on 22 litraa. S\u00e4ili\u00f6n alla on 15 litran kasteluvesis\u00e4ili\u00f6, josta kasvit voivat ottaa juurineen sopivan m\u00e4\u00e4r\u00e4n vett\u00e4.\",\"breadcrumb\":{\"@id\":\"https:\\\/\\\/rodoaed.ee\\\/fi\\\/toode\\\/kasviteline-urbalive-matala-48cm-kermanvalkoinen-ivory-puujalat\\\/#breadcrumb\"},\"inLanguage\":\"fi\",\"potentialAction\":[{\"@type\":\"ReadAction\",\"target\":[\"https:\\\/\\\/rodoaed.ee\\\/fi\\\/toode\\\/kasviteline-urbalive-matala-48cm-kermanvalkoinen-ivory-puujalat\\\/\"]}]},{\"@type\":\"ImageObject\",\"inLanguage\":\"fi\",\"@id\":\"https:\\\/\\\/rodoaed.ee\\\/fi\\\/toode\\\/kasviteline-urbalive-matala-48cm-kermanvalkoinen-ivory-puujalat\\\/#primaryimage\",\"url\":\"https:\\\/\\\/rodoaed.ee\\\/wp-content\\\/uploads\\\/2020\\\/10\\\/Taimekast_Urbalive_031.jpg\",\"contentUrl\":\"https:\\\/\\\/rodoaed.ee\\\/wp-content\\\/uploads\\\/2020\\\/10\\\/Taimekast_Urbalive_031.jpg\",\"width\":1026,\"height\":1400,\"caption\":\"kasviastiat kontti puutarhanhoito\"},{\"@type\":\"BreadcrumbList\",\"@id\":\"https:\\\/\\\/rodoaed.ee\\\/fi\\\/toode\\\/kasviteline-urbalive-matala-48cm-kermanvalkoinen-ivory-puujalat\\\/#breadcrumb\",\"itemListElement\":[{\"@type\":\"ListItem\",\"position\":1,\"name\":\"Home\",\"item\":\"https:\\\/\\\/rodoaed.ee\\\/fi\\\/\"},{\"@type\":\"ListItem\",\"position\":2,\"name\":\"Osta osoitteessa\",\"item\":\"https:\\\/\\\/rodoaed.ee\\\/osta-osoitteessa\\\/\"},{\"@type\":\"ListItem\",\"position\":3,\"name\":\"Kasviteline Urbalive matala 48cm, kermanvalkoinen (Ivory), puujalat\"}]},{\"@type\":\"WebSite\",\"@id\":\"https:\\\/\\\/rodoaed.ee\\\/#website\",\"url\":\"https:\\\/\\\/rodoaed.ee\\\/\",\"name\":\"Rodoaed\",\"description\":\"\",\"publisher\":{\"@id\":\"https:\\\/\\\/rodoaed.ee\\\/#organization\"},\"potentialAction\":[{\"@type\":\"SearchAction\",\"target\":{\"@type\":\"EntryPoint\",\"urlTemplate\":\"https:\\\/\\\/rodoaed.ee\\\/?s={search_term_string}\"},\"query-input\":{\"@type\":\"PropertyValueSpecification\",\"valueRequired\":true,\"valueName\":\"search_term_string\"}}],\"inLanguage\":\"fi\"},{\"@type\":\"Organization\",\"@id\":\"https:\\\/\\\/rodoaed.ee\\\/#organization\",\"name\":\"Rodoaed\",\"url\":\"https:\\\/\\\/rodoaed.ee\\\/\",\"logo\":{\"@type\":\"ImageObject\",\"inLanguage\":\"fi\",\"@id\":\"https:\\\/\\\/rodoaed.ee\\\/#\\\/schema\\\/logo\\\/image\\\/\",\"url\":\"https:\\\/\\\/rodoaed.ee\\\/wp-content\\\/uploads\\\/2019\\\/11\\\/rodoaed-logo-ilma-taustata.jpg\",\"contentUrl\":\"https:\\\/\\\/rodoaed.ee\\\/wp-content\\\/uploads\\\/2019\\\/11\\\/rodoaed-logo-ilma-taustata.jpg\",\"width\":769,\"height\":268,\"caption\":\"Rodoaed\"},\"image\":{\"@id\":\"https:\\\/\\\/rodoaed.ee\\\/#\\\/schema\\\/logo\\\/image\\\/\"},\"sameAs\":[\"https:\\\/\\\/www.facebook.com\\\/kasvuhooned\\\/\",\"https:\\\/\\\/rodoaed.ee\"]}]}<\/script>\n<!-- \/ Yoast SEO Premium plugin. -->","yoast_head_json":{"title":"Kasviteline Urbalive matala 48cm, kermanvalkoinen (Ivory), puujalat - Rodoaed","description":"Kasvien kasvatusastia, jonka maaper\u00e4n tilavuus on 22 litraa. S\u00e4ili\u00f6n alla on 15 litran kasteluvesis\u00e4ili\u00f6, josta kasvit voivat ottaa juurineen sopivan m\u00e4\u00e4r\u00e4n vett\u00e4.","robots":{"index":"index","follow":"follow","max-snippet":"max-snippet:-1","max-image-preview":"max-image-preview:large","max-video-preview":"max-video-preview:-1"},"canonical":"https:\/\/rodoaed.ee\/fi\/toode\/kasviteline-urbalive-matala-48cm-kermanvalkoinen-ivory-puujalat\/","og_locale":"fi_FI","og_type":"article","og_title":"Kasviteline Urbalive matala 48cm, kermanvalkoinen (Ivory), puujalat","og_description":"Kauniisti muotoiltu istutusastia olohuoneeseen, toimistoon tai kattoterassille. Ihanteellinen huonekasvien, kukkien, yrttien ja pienempien vihannesten","og_url":"https:\/\/rodoaed.ee\/fi\/toode\/kasviteline-urbalive-matala-48cm-kermanvalkoinen-ivory-puujalat\/","og_site_name":"Rodoaed","article_publisher":"https:\/\/www.facebook.com\/kasvuhooned\/","article_modified_time":"2026-04-13T07:55:02+00:00","og_image":[{"width":1026,"height":1400,"url":"https:\/\/rodoaed.ee\/wp-content\/uploads\/2020\/10\/Taimekast_Urbalive_031.jpg","type":"image\/jpeg"}],"twitter_card":"summary_large_image","twitter_misc":{"Arvioitu lukuaika":"1 minuutti"},"schema":{"@context":"https:\/\/schema.org","@graph":[{"@type":"WebPage","@id":"https:\/\/rodoaed.ee\/fi\/toode\/kasviteline-urbalive-matala-48cm-kermanvalkoinen-ivory-puujalat\/","url":"https:\/\/rodoaed.ee\/fi\/toode\/kasviteline-urbalive-matala-48cm-kermanvalkoinen-ivory-puujalat\/","name":"Kasviteline Urbalive matala 48cm, kermanvalkoinen (Ivory), puujalat - Rodoaed","isPartOf":{"@id":"https:\/\/rodoaed.ee\/#website"},"primaryImageOfPage":{"@id":"https:\/\/rodoaed.ee\/fi\/toode\/kasviteline-urbalive-matala-48cm-kermanvalkoinen-ivory-puujalat\/#primaryimage"},"image":{"@id":"https:\/\/rodoaed.ee\/fi\/toode\/kasviteline-urbalive-matala-48cm-kermanvalkoinen-ivory-puujalat\/#primaryimage"},"thumbnailUrl":"https:\/\/rodoaed.ee\/wp-content\/uploads\/2020\/10\/Taimekast_Urbalive_031.jpg","datePublished":"2020-10-12T09:55:47+00:00","dateModified":"2026-04-13T07:55:02+00:00","description":"Kasvien kasvatusastia, jonka maaper\u00e4n tilavuus on 22 litraa. S\u00e4ili\u00f6n alla on 15 litran kasteluvesis\u00e4ili\u00f6, josta kasvit voivat ottaa juurineen sopivan m\u00e4\u00e4r\u00e4n vett\u00e4.","breadcrumb":{"@id":"https:\/\/rodoaed.ee\/fi\/toode\/kasviteline-urbalive-matala-48cm-kermanvalkoinen-ivory-puujalat\/#breadcrumb"},"inLanguage":"fi","potentialAction":[{"@type":"ReadAction","target":["https:\/\/rodoaed.ee\/fi\/toode\/kasviteline-urbalive-matala-48cm-kermanvalkoinen-ivory-puujalat\/"]}]},{"@type":"ImageObject","inLanguage":"fi","@id":"https:\/\/rodoaed.ee\/fi\/toode\/kasviteline-urbalive-matala-48cm-kermanvalkoinen-ivory-puujalat\/#primaryimage","url":"https:\/\/rodoaed.ee\/wp-content\/uploads\/2020\/10\/Taimekast_Urbalive_031.jpg","contentUrl":"https:\/\/rodoaed.ee\/wp-content\/uploads\/2020\/10\/Taimekast_Urbalive_031.jpg","width":1026,"height":1400,"caption":"kasviastiat kontti puutarhanhoito"},{"@type":"BreadcrumbList","@id":"https:\/\/rodoaed.ee\/fi\/toode\/kasviteline-urbalive-matala-48cm-kermanvalkoinen-ivory-puujalat\/#breadcrumb","itemListElement":[{"@type":"ListItem","position":1,"name":"Home","item":"https:\/\/rodoaed.ee\/fi\/"},{"@type":"ListItem","position":2,"name":"Osta osoitteessa","item":"https:\/\/rodoaed.ee\/osta-osoitteessa\/"},{"@type":"ListItem","position":3,"name":"Kasviteline Urbalive matala 48cm, kermanvalkoinen (Ivory), puujalat"}]},{"@type":"WebSite","@id":"https:\/\/rodoaed.ee\/#website","url":"https:\/\/rodoaed.ee\/","name":"Rodoaed","description":"","publisher":{"@id":"https:\/\/rodoaed.ee\/#organization"},"potentialAction":[{"@type":"SearchAction","target":{"@type":"EntryPoint","urlTemplate":"https:\/\/rodoaed.ee\/?s={search_term_string}"},"query-input":{"@type":"PropertyValueSpecification","valueRequired":true,"valueName":"search_term_string"}}],"inLanguage":"fi"},{"@type":"Organization","@id":"https:\/\/rodoaed.ee\/#organization","name":"Rodoaed","url":"https:\/\/rodoaed.ee\/","logo":{"@type":"ImageObject","inLanguage":"fi","@id":"https:\/\/rodoaed.ee\/#\/schema\/logo\/image\/","url":"https:\/\/rodoaed.ee\/wp-content\/uploads\/2019\/11\/rodoaed-logo-ilma-taustata.jpg","contentUrl":"https:\/\/rodoaed.ee\/wp-content\/uploads\/2019\/11\/rodoaed-logo-ilma-taustata.jpg","width":769,"height":268,"caption":"Rodoaed"},"image":{"@id":"https:\/\/rodoaed.ee\/#\/schema\/logo\/image\/"},"sameAs":["https:\/\/www.facebook.com\/kasvuhooned\/","https:\/\/rodoaed.ee"]}]}},"_links":{"self":[{"href":"https:\/\/rodoaed.ee\/fi\/wp-json\/wp\/v2\/product\/52791","targetHints":{"allow":["GET"]}}],"collection":[{"href":"https:\/\/rodoaed.ee\/fi\/wp-json\/wp\/v2\/product"}],"about":[{"href":"https:\/\/rodoaed.ee\/fi\/wp-json\/wp\/v2\/types\/product"}],"wp:featuredmedia":[{"embeddable":true,"href":"https:\/\/rodoaed.ee\/fi\/wp-json\/wp\/v2\/media\/33962"}],"wp:attachment":[{"href":"https:\/\/rodoaed.ee\/fi\/wp-json\/wp\/v2\/media?parent=52791"}],"wp:term":[{"taxonomy":"product_brand","embeddable":true,"href":"https:\/\/rodoaed.ee\/fi\/wp-json\/wp\/v2\/product_brand?post=52791"},{"taxonomy":"product_cat","embeddable":true,"href":"https:\/\/rodoaed.ee\/fi\/wp-json\/wp\/v2\/product_cat?post=52791"},{"taxonomy":"product_tag","embeddable":true,"href":"https:\/\/rodoaed.ee\/fi\/wp-json\/wp\/v2\/product_tag?post=52791"}],"curies":[{"name":"wp","href":"https:\/\/api.w.org\/{rel}","templated":true}]}}