{"id":52799,"date":"2020-10-22T14:36:18","date_gmt":"2020-10-22T11:36:18","guid":{"rendered":"https:\/\/rodoaed.ee\/toode\/klassinen-kahvimylly-mc140r-kasivivulla-pronssinvarinen\/"},"modified":"2026-04-13T10:55:09","modified_gmt":"2026-04-13T07:55:09","slug":"klassinen-kahvimylly-mc140r-kasivivulla-pronssinvarinen","status":"publish","type":"product","link":"https:\/\/rodoaed.ee\/fi\/tuote\/klassinen-kahvimylly-mc140r-kasivivulla-pronssinvarinen\/","title":{"rendered":"Klassinen kahvimylly MC140R k\u00e4sivivulla, pronssinv\u00e4rinen"},"content":{"rendered":"<h2>Klassinen kahvimylly, jossa on jalopuusta valmistettu kaappi &#8211; tumma p\u00e4hkin\u00e4n s\u00e4vyinen yl\u00e4osa<\/h2>\n<p>Klassinen kahvimylly, joka on valmistettu huolellisesti valituista materiaaleista ja jokaiseen yksityiskohtaan kiinnitetty huomiota.<\/p>\n<p>TRE Spade on valmistanut ylellisi\u00e4 kodinkoneita jo yli 125 vuoden ajan.<\/p>\n<p>Vaikka kahvimylly on valmistettu kest\u00e4vist\u00e4 materiaaleista ja se on realistinen todelliseen k\u00e4ytt\u00f6\u00f6n, se sopii my\u00f6s retromuotoiluelementiksi keitti\u00f6\u00f6n, ravintolaan tai antiikkihuonekaluihin.<\/p>\n<p>Loistava lahja. Loistava sisustuselementti kauppoihin ja yrityksiin. <\/p>\n<div class=\"testo_introduttivo\"><\/div>\n<div><\/div>\n<p><em>TRE Spade -tuotemerkki on ollut tunnettu Euroopassa ja ymp\u00e4ri maailmaa yli 120 vuoden ajan eritt\u00e4in kest\u00e4vien eli &#8221;elinik\u00e4isten&#8221; keitti\u00f6koneiden valmistajana. T\u00e4h\u00e4n asti laitteet on valmistettu Euroopassa, Italian tehtaalla Torinossa. Valmistuksessa k\u00e4ytet\u00e4\u00e4n vain kaikkein kest\u00e4vimpi\u00e4 materiaaleja, kuten ruostumatonta ter\u00e4st\u00e4 ja valurautaa.  <\/em><\/p>\n<p><em>TRE Spade on kuuluisa my\u00f6s palkitusta muotoilustaan. Tavallisesti ammattikeitti\u00f6ihin tarkoitettuja laitteita valmistavat tehtaat eiv\u00e4t aseta suunnittelua etusijalle, vaan tehokkuus on etusijalla. Italialainen edell\u00e4k\u00e4vij\u00e4 on kuitenkin tunnettu teknologisesta innovaatiosta, pitk\u00e4aikaisesta kest\u00e4vyydest\u00e4 ja palkitusta muotoilusta. Viime vuosina ne ovat voittaneet useita Euroopan parhaita muotoilupalkintoja.   <\/em><\/p>\n<h2>T\u00e4rkeimm\u00e4t ominaisuudet:<\/h2>\n<ul>\n<li>Valmistettu valetusta metallista ja parhaasta py\u00f6kkipuusta.<\/li>\n<li>TRE Spaden yksinoikeudella valmistettu kartiohiontamekanismi on valmistettu karkaistusta ter\u00e4ksest\u00e4 (patentoitu vuodesta 1900).<\/li>\n<li>Helppo ja tarkka jauhatuksen s\u00e4\u00e4t\u00f6 (hienommasta karkeampaan).<\/li>\n<li>Nopea purkaminen k\u00e4tev\u00e4\u00e4 puhdistusta varten<\/li>\n<li>Helppo k\u00e4ytt\u00e4\u00e4<\/li>\n<li>Puujalustalla<\/li>\n<\/ul>\n<h2>Tekniset tiedot:<\/h2>\n<ul>\n<li>Paino: 5,6 kg<\/li>\n<li>Mitat: 33 x 22 x 20 cm<\/li>\n<li>Kapasiteetti: 100g<\/li>\n<\/ul>\n<p><a href=\"https:\/\/rodoaed.ee\/fi\/\">kotisivu<\/a> <a href=\"https:\/\/rodoaed.ee\/fi\/tootekategooria\/keittiolaitteet\/\">k\u00e4ynnist\u00e4<\/a> <a href=\"\/?product_cat=pipraveskid-ja-soolatoosid\">myllyt<\/a> <a href=\"https:\/\/rodoaed.ee\/fi\/tootekategooria\/vanhat-kahvimyllyt\/\">kahvimyllyt<\/a><\/p>\n<p>&nbsp;<\/p>\n","protected":false},"excerpt":{"rendered":"<p>Klassinen kahvimylly, jossa on jalopuusta valmistettu kaappi &#8211; tumma p\u00e4hkin\u00e4n s\u00e4vyinen yl\u00e4osa Klassinen kahvimylly, joka on valmistettu huolellisesti valituista materiaaleista ja jokaiseen yksityiskohtaan kiinnitetty huomiota. TRE Spade on valmistanut ylellisi\u00e4 kodinkoneita jo yli 125 vuoden ajan. Vaikka kahvimylly on valmistettu kest\u00e4vist\u00e4 materiaaleista ja se on realistinen todelliseen k\u00e4ytt\u00f6\u00f6n, se sopii my\u00f6s retromuotoiluelementiksi keitti\u00f6\u00f6n, ravintolaan tai antiikkihuonekaluihin. Loistava lahja. Loistava sisustuselementti kauppoihin ja yrityksiin. TRE Spade&#8230;<\/p>\n","protected":false},"featured_media":34177,"template":"","meta":{"_acf_changed":false},"product_brand":[],"product_cat":[1751,1924],"product_tag":[],"class_list":{"0":"post-52799","1":"product","2":"type-product","3":"status-publish","4":"has-post-thumbnail","6":"product_cat-keittiolaitteet","7":"product_cat-vanhat-kahvimyllyt","8":"product_shipping_class-toimitus-1-3-tyopaivan-kuluessa","9":"pa_variatsioon-kahvimylly-kasivivulla-11a","11":"first","12":"outofstock","13":"sale","14":"taxable","15":"shipping-taxable","16":"purchasable","17":"product-type-simple"},"acf":[],"yoast_head":"<!-- This site is optimized with the Yoast SEO Premium plugin v27.3 (Yoast SEO v27.3) - https:\/\/yoast.com\/product\/yoast-seo-premium-wordpress\/ -->\n<title>Klassinen kahvimylly MC140R k\u00e4sivivulla, pronssinv\u00e4rinen - Rodoaed<\/title>\n<meta name=\"robots\" content=\"index, follow, max-snippet:-1, max-image-preview:large, max-video-preview:-1\" \/>\n<link rel=\"canonical\" href=\"https:\/\/rodoaed.ee\/fi\/toode\/klassinen-kahvimylly-mc140r-kasivivulla-pronssinvarinen\/\" \/>\n<meta property=\"og:locale\" content=\"fi_FI\" \/>\n<meta property=\"og:type\" content=\"article\" \/>\n<meta property=\"og:title\" content=\"Klassinen kahvimylly MC140R k\u00e4sivivulla, pronssinv\u00e4rinen\" \/>\n<meta property=\"og:description\" content=\"Klassinen kahvimylly, jossa on jalopuusta valmistettu kaappi - tumma p\u00e4hkin\u00e4n s\u00e4vyinen yl\u00e4osa Klassinen kahvimylly, joka on valmistettu huolellisesti\" \/>\n<meta property=\"og:url\" content=\"https:\/\/rodoaed.ee\/fi\/toode\/klassinen-kahvimylly-mc140r-kasivivulla-pronssinvarinen\/\" \/>\n<meta property=\"og:site_name\" content=\"Rodoaed\" \/>\n<meta property=\"article:publisher\" content=\"https:\/\/www.facebook.com\/kasvuhooned\/\" \/>\n<meta property=\"article:modified_time\" content=\"2026-04-13T07:55:09+00:00\" \/>\n<meta property=\"og:image\" content=\"https:\/\/rodoaed.ee\/wp-content\/uploads\/2020\/10\/TRE-Spade_vandaga-kohviveski_pronksjas_F33400_B.jpg\" \/>\n\t<meta property=\"og:image:width\" content=\"533\" \/>\n\t<meta property=\"og:image:height\" content=\"800\" \/>\n\t<meta property=\"og:image:type\" content=\"image\/jpeg\" \/>\n<meta name=\"twitter:card\" content=\"summary_large_image\" \/>\n<meta name=\"twitter:label1\" content=\"Arvioitu lukuaika\" \/>\n\t<meta name=\"twitter:data1\" content=\"1 minuutti\" \/>\n<script type=\"application\/ld+json\" class=\"yoast-schema-graph\">{\"@context\":\"https:\\\/\\\/schema.org\",\"@graph\":[{\"@type\":\"WebPage\",\"@id\":\"https:\\\/\\\/rodoaed.ee\\\/fi\\\/toode\\\/klassinen-kahvimylly-mc140r-kasivivulla-pronssinvarinen\\\/\",\"url\":\"https:\\\/\\\/rodoaed.ee\\\/fi\\\/toode\\\/klassinen-kahvimylly-mc140r-kasivivulla-pronssinvarinen\\\/\",\"name\":\"Klassinen kahvimylly MC140R k\u00e4sivivulla, pronssinv\u00e4rinen - Rodoaed\",\"isPartOf\":{\"@id\":\"https:\\\/\\\/rodoaed.ee\\\/#website\"},\"primaryImageOfPage\":{\"@id\":\"https:\\\/\\\/rodoaed.ee\\\/fi\\\/toode\\\/klassinen-kahvimylly-mc140r-kasivivulla-pronssinvarinen\\\/#primaryimage\"},\"image\":{\"@id\":\"https:\\\/\\\/rodoaed.ee\\\/fi\\\/toode\\\/klassinen-kahvimylly-mc140r-kasivivulla-pronssinvarinen\\\/#primaryimage\"},\"thumbnailUrl\":\"https:\\\/\\\/rodoaed.ee\\\/wp-content\\\/uploads\\\/2020\\\/10\\\/TRE-Spade_vandaga-kohviveski_pronksjas_F33400_B.jpg\",\"datePublished\":\"2020-10-22T11:36:18+00:00\",\"dateModified\":\"2026-04-13T07:55:09+00:00\",\"breadcrumb\":{\"@id\":\"https:\\\/\\\/rodoaed.ee\\\/fi\\\/toode\\\/klassinen-kahvimylly-mc140r-kasivivulla-pronssinvarinen\\\/#breadcrumb\"},\"inLanguage\":\"fi\",\"potentialAction\":[{\"@type\":\"ReadAction\",\"target\":[\"https:\\\/\\\/rodoaed.ee\\\/fi\\\/toode\\\/klassinen-kahvimylly-mc140r-kasivivulla-pronssinvarinen\\\/\"]}]},{\"@type\":\"ImageObject\",\"inLanguage\":\"fi\",\"@id\":\"https:\\\/\\\/rodoaed.ee\\\/fi\\\/toode\\\/klassinen-kahvimylly-mc140r-kasivivulla-pronssinvarinen\\\/#primaryimage\",\"url\":\"https:\\\/\\\/rodoaed.ee\\\/wp-content\\\/uploads\\\/2020\\\/10\\\/TRE-Spade_vandaga-kohviveski_pronksjas_F33400_B.jpg\",\"contentUrl\":\"https:\\\/\\\/rodoaed.ee\\\/wp-content\\\/uploads\\\/2020\\\/10\\\/TRE-Spade_vandaga-kohviveski_pronksjas_F33400_B.jpg\",\"width\":533,\"height\":800,\"caption\":\"TRE Spade_kahvimylly_pronssilla_F33400_B\"},{\"@type\":\"BreadcrumbList\",\"@id\":\"https:\\\/\\\/rodoaed.ee\\\/fi\\\/toode\\\/klassinen-kahvimylly-mc140r-kasivivulla-pronssinvarinen\\\/#breadcrumb\",\"itemListElement\":[{\"@type\":\"ListItem\",\"position\":1,\"name\":\"Home\",\"item\":\"https:\\\/\\\/rodoaed.ee\\\/fi\\\/\"},{\"@type\":\"ListItem\",\"position\":2,\"name\":\"Osta osoitteessa\",\"item\":\"https:\\\/\\\/rodoaed.ee\\\/osta-osoitteessa\\\/\"},{\"@type\":\"ListItem\",\"position\":3,\"name\":\"Klassinen kahvimylly MC140R k\u00e4sivivulla, pronssinv\u00e4rinen\"}]},{\"@type\":\"WebSite\",\"@id\":\"https:\\\/\\\/rodoaed.ee\\\/#website\",\"url\":\"https:\\\/\\\/rodoaed.ee\\\/\",\"name\":\"Rodoaed\",\"description\":\"\",\"publisher\":{\"@id\":\"https:\\\/\\\/rodoaed.ee\\\/#organization\"},\"potentialAction\":[{\"@type\":\"SearchAction\",\"target\":{\"@type\":\"EntryPoint\",\"urlTemplate\":\"https:\\\/\\\/rodoaed.ee\\\/?s={search_term_string}\"},\"query-input\":{\"@type\":\"PropertyValueSpecification\",\"valueRequired\":true,\"valueName\":\"search_term_string\"}}],\"inLanguage\":\"fi\"},{\"@type\":\"Organization\",\"@id\":\"https:\\\/\\\/rodoaed.ee\\\/#organization\",\"name\":\"Rodoaed\",\"url\":\"https:\\\/\\\/rodoaed.ee\\\/\",\"logo\":{\"@type\":\"ImageObject\",\"inLanguage\":\"fi\",\"@id\":\"https:\\\/\\\/rodoaed.ee\\\/#\\\/schema\\\/logo\\\/image\\\/\",\"url\":\"https:\\\/\\\/rodoaed.ee\\\/wp-content\\\/uploads\\\/2019\\\/11\\\/rodoaed-logo-ilma-taustata.jpg\",\"contentUrl\":\"https:\\\/\\\/rodoaed.ee\\\/wp-content\\\/uploads\\\/2019\\\/11\\\/rodoaed-logo-ilma-taustata.jpg\",\"width\":769,\"height\":268,\"caption\":\"Rodoaed\"},\"image\":{\"@id\":\"https:\\\/\\\/rodoaed.ee\\\/#\\\/schema\\\/logo\\\/image\\\/\"},\"sameAs\":[\"https:\\\/\\\/www.facebook.com\\\/kasvuhooned\\\/\",\"https:\\\/\\\/rodoaed.ee\"]}]}<\/script>\n<!-- \/ Yoast SEO Premium plugin. -->","yoast_head_json":{"title":"Klassinen kahvimylly MC140R k\u00e4sivivulla, pronssinv\u00e4rinen - Rodoaed","robots":{"index":"index","follow":"follow","max-snippet":"max-snippet:-1","max-image-preview":"max-image-preview:large","max-video-preview":"max-video-preview:-1"},"canonical":"https:\/\/rodoaed.ee\/fi\/toode\/klassinen-kahvimylly-mc140r-kasivivulla-pronssinvarinen\/","og_locale":"fi_FI","og_type":"article","og_title":"Klassinen kahvimylly MC140R k\u00e4sivivulla, pronssinv\u00e4rinen","og_description":"Klassinen kahvimylly, jossa on jalopuusta valmistettu kaappi - tumma p\u00e4hkin\u00e4n s\u00e4vyinen yl\u00e4osa Klassinen kahvimylly, joka on valmistettu huolellisesti","og_url":"https:\/\/rodoaed.ee\/fi\/toode\/klassinen-kahvimylly-mc140r-kasivivulla-pronssinvarinen\/","og_site_name":"Rodoaed","article_publisher":"https:\/\/www.facebook.com\/kasvuhooned\/","article_modified_time":"2026-04-13T07:55:09+00:00","og_image":[{"width":533,"height":800,"url":"https:\/\/rodoaed.ee\/wp-content\/uploads\/2020\/10\/TRE-Spade_vandaga-kohviveski_pronksjas_F33400_B.jpg","type":"image\/jpeg"}],"twitter_card":"summary_large_image","twitter_misc":{"Arvioitu lukuaika":"1 minuutti"},"schema":{"@context":"https:\/\/schema.org","@graph":[{"@type":"WebPage","@id":"https:\/\/rodoaed.ee\/fi\/toode\/klassinen-kahvimylly-mc140r-kasivivulla-pronssinvarinen\/","url":"https:\/\/rodoaed.ee\/fi\/toode\/klassinen-kahvimylly-mc140r-kasivivulla-pronssinvarinen\/","name":"Klassinen kahvimylly MC140R k\u00e4sivivulla, pronssinv\u00e4rinen - Rodoaed","isPartOf":{"@id":"https:\/\/rodoaed.ee\/#website"},"primaryImageOfPage":{"@id":"https:\/\/rodoaed.ee\/fi\/toode\/klassinen-kahvimylly-mc140r-kasivivulla-pronssinvarinen\/#primaryimage"},"image":{"@id":"https:\/\/rodoaed.ee\/fi\/toode\/klassinen-kahvimylly-mc140r-kasivivulla-pronssinvarinen\/#primaryimage"},"thumbnailUrl":"https:\/\/rodoaed.ee\/wp-content\/uploads\/2020\/10\/TRE-Spade_vandaga-kohviveski_pronksjas_F33400_B.jpg","datePublished":"2020-10-22T11:36:18+00:00","dateModified":"2026-04-13T07:55:09+00:00","breadcrumb":{"@id":"https:\/\/rodoaed.ee\/fi\/toode\/klassinen-kahvimylly-mc140r-kasivivulla-pronssinvarinen\/#breadcrumb"},"inLanguage":"fi","potentialAction":[{"@type":"ReadAction","target":["https:\/\/rodoaed.ee\/fi\/toode\/klassinen-kahvimylly-mc140r-kasivivulla-pronssinvarinen\/"]}]},{"@type":"ImageObject","inLanguage":"fi","@id":"https:\/\/rodoaed.ee\/fi\/toode\/klassinen-kahvimylly-mc140r-kasivivulla-pronssinvarinen\/#primaryimage","url":"https:\/\/rodoaed.ee\/wp-content\/uploads\/2020\/10\/TRE-Spade_vandaga-kohviveski_pronksjas_F33400_B.jpg","contentUrl":"https:\/\/rodoaed.ee\/wp-content\/uploads\/2020\/10\/TRE-Spade_vandaga-kohviveski_pronksjas_F33400_B.jpg","width":533,"height":800,"caption":"TRE Spade_kahvimylly_pronssilla_F33400_B"},{"@type":"BreadcrumbList","@id":"https:\/\/rodoaed.ee\/fi\/toode\/klassinen-kahvimylly-mc140r-kasivivulla-pronssinvarinen\/#breadcrumb","itemListElement":[{"@type":"ListItem","position":1,"name":"Home","item":"https:\/\/rodoaed.ee\/fi\/"},{"@type":"ListItem","position":2,"name":"Osta osoitteessa","item":"https:\/\/rodoaed.ee\/osta-osoitteessa\/"},{"@type":"ListItem","position":3,"name":"Klassinen kahvimylly MC140R k\u00e4sivivulla, pronssinv\u00e4rinen"}]},{"@type":"WebSite","@id":"https:\/\/rodoaed.ee\/#website","url":"https:\/\/rodoaed.ee\/","name":"Rodoaed","description":"","publisher":{"@id":"https:\/\/rodoaed.ee\/#organization"},"potentialAction":[{"@type":"SearchAction","target":{"@type":"EntryPoint","urlTemplate":"https:\/\/rodoaed.ee\/?s={search_term_string}"},"query-input":{"@type":"PropertyValueSpecification","valueRequired":true,"valueName":"search_term_string"}}],"inLanguage":"fi"},{"@type":"Organization","@id":"https:\/\/rodoaed.ee\/#organization","name":"Rodoaed","url":"https:\/\/rodoaed.ee\/","logo":{"@type":"ImageObject","inLanguage":"fi","@id":"https:\/\/rodoaed.ee\/#\/schema\/logo\/image\/","url":"https:\/\/rodoaed.ee\/wp-content\/uploads\/2019\/11\/rodoaed-logo-ilma-taustata.jpg","contentUrl":"https:\/\/rodoaed.ee\/wp-content\/uploads\/2019\/11\/rodoaed-logo-ilma-taustata.jpg","width":769,"height":268,"caption":"Rodoaed"},"image":{"@id":"https:\/\/rodoaed.ee\/#\/schema\/logo\/image\/"},"sameAs":["https:\/\/www.facebook.com\/kasvuhooned\/","https:\/\/rodoaed.ee"]}]}},"_links":{"self":[{"href":"https:\/\/rodoaed.ee\/fi\/wp-json\/wp\/v2\/product\/52799","targetHints":{"allow":["GET"]}}],"collection":[{"href":"https:\/\/rodoaed.ee\/fi\/wp-json\/wp\/v2\/product"}],"about":[{"href":"https:\/\/rodoaed.ee\/fi\/wp-json\/wp\/v2\/types\/product"}],"wp:featuredmedia":[{"embeddable":true,"href":"https:\/\/rodoaed.ee\/fi\/wp-json\/wp\/v2\/media\/34177"}],"wp:attachment":[{"href":"https:\/\/rodoaed.ee\/fi\/wp-json\/wp\/v2\/media?parent=52799"}],"wp:term":[{"taxonomy":"product_brand","embeddable":true,"href":"https:\/\/rodoaed.ee\/fi\/wp-json\/wp\/v2\/product_brand?post=52799"},{"taxonomy":"product_cat","embeddable":true,"href":"https:\/\/rodoaed.ee\/fi\/wp-json\/wp\/v2\/product_cat?post=52799"},{"taxonomy":"product_tag","embeddable":true,"href":"https:\/\/rodoaed.ee\/fi\/wp-json\/wp\/v2\/product_tag?post=52799"}],"curies":[{"name":"wp","href":"https:\/\/api.w.org\/{rel}","templated":true}]}}