{"id":52801,"date":"2020-10-23T13:21:41","date_gmt":"2020-10-23T10:21:41","guid":{"rendered":"https:\/\/rodoaed.ee\/toode\/biohajoavat-istutusruukut-4x6kpl-kaistaleina-6cm-24kpl-24kpl\/"},"modified":"2026-04-13T10:55:10","modified_gmt":"2026-04-13T07:55:10","slug":"biohajoavat-istutusruukut-4x6kpl-kaistaleina-6cm-24kpl-24kpl","status":"publish","type":"product","link":"https:\/\/rodoaed.ee\/fi\/tuote\/biohajoavat-istutusruukut-4x6kpl-kaistaleina-6cm-24kpl-24kpl\/","title":{"rendered":"Biohajoavat istutusruukut 4x6kpl kaistaleina 6cm 24kpl 24kpl"},"content":{"rendered":"<h2>Biohajoavat selluloosasta valmistetut istutusruukut<\/h2>\n<p><strong>24kpl per pakkaus, 6cm neli\u00f6, suikaleina 2x3kpl tai 6kpl yhdess\u00e4.<\/strong><\/p>\n<p>Luonnollinen selluloosa. 100 % turvetonta (s\u00e4ilyt\u00e4mme suojattuja turvepapuja). Ihanteellinen esi- ja j\u00e4lkikasvatukseen.  <\/p>\n<p>Kasvit alkavat kasvaa heti, kun ne istutetaan biohajoavaan istutusruukkuun. Juuria ei karsita. N\u00e4in ei synny siirtosokkia ja kasvit kasvavat heti uudessa paikassa. Istutusruukku yksinkertaisesti kompostoituu multaan istutuksen j\u00e4lkeen, ja kasvi k\u00e4ytt\u00e4\u00e4 sen.   <\/p>\n<p><span style=\"color: #008000;\"><strong>Tuotteella on<em>&#8221;Sininen enkeli<\/em>&#8221; -merkint\u00e4 ymp\u00e4rist\u00f6n suojelemiseksi.<\/strong><\/span>. Kaikki Rombergin istumapaikat on merkitty<em>&#8221;Sinisell\u00e4 enkelill\u00e4<\/em>&#8221;, mik\u00e4 tarkoittaa, ett\u00e4 ne ovat erityisen ymp\u00e4rist\u00f6yst\u00e4v\u00e4llisi\u00e4 ja kest\u00e4vi\u00e4.<\/p>\n<p>Istutusruukut soveltuvat hyvin siementen kylv\u00e4miseen, taimien ja pistokkaiden kasvattamiseen sek\u00e4 kasvien kasvattamiseen.<\/p>\n<p><strong>K\u00e4ytt\u00f6:<\/strong> T\u00e4yt\u00e4 istutusruukut noin 0,5 cm reunasta alasp\u00e4in mullalla. Kylv\u00e4 kasvista riippuen yksi tai useampi siemen maan pinnalle ja peit\u00e4 kevyesti mullalla. Istuta yksi tai kaksi siement\u00e4, istuta yksi tai useampi siemen pienell\u00e4 m\u00e4\u00e4r\u00e4ll\u00e4 siemeni\u00e4 ja aseta yksi tai useampi siemen mullan p\u00e4\u00e4lle.  <\/p>\n<p>&nbsp;<\/p>\n<p>&nbsp;<\/p>\n<div id=\"article-specifications\" class=\"tab-links__content is-active col-md-6 mb-4\">\n<p>&nbsp;<\/p>\n<\/div>\n","protected":false},"excerpt":{"rendered":"<p>Biohajoavat selluloosasta valmistetut istutusruukut 24kpl per pakkaus, 6cm neli\u00f6, suikaleina 2x3kpl tai 6kpl yhdess\u00e4. Luonnollinen selluloosa. 100 % turvetonta (s\u00e4ilyt\u00e4mme suojattuja turvepapuja). Ihanteellinen esi- ja j\u00e4lkikasvatukseen. Kasvit alkavat kasvaa heti, kun ne istutetaan biohajoavaan istutusruukkuun. Juuria ei karsita. N\u00e4in ei synny siirtosokkia ja kasvit kasvavat heti uudessa paikassa. Istutusruukku yksinkertaisesti kompostoituu multaan istutuksen j\u00e4lkeen, ja kasvi k\u00e4ytt\u00e4\u00e4 sen. Tuotteella on&#8221;Sininen enkeli&#8221; -merkint\u00e4 ymp\u00e4rist\u00f6n suojelemiseksi.. Kaikki&#8230;<\/p>\n","protected":false},"featured_media":34276,"template":"","meta":{"_acf_changed":false},"product_brand":[],"product_cat":[1862],"product_tag":[],"class_list":{"0":"post-52801","1":"product","2":"type-product","3":"status-publish","4":"has-post-thumbnail","6":"product_cat-istutusruukut","7":"product_shipping_class-toimitus-1-3-tyopaivan-kuluessa","8":"pa_variatsioon-superseeder-kylvokone-21","10":"first","11":"instock","12":"taxable","13":"shipping-taxable","14":"purchasable","15":"product-type-simple"},"acf":[],"yoast_head":"<!-- This site is optimized with the Yoast SEO Premium plugin v27.3 (Yoast SEO v27.3) - https:\/\/yoast.com\/product\/yoast-seo-premium-wordpress\/ -->\n<title>Biohajoavat istutusruukut 4x6kpl kaistaleina 6cm 24kpl 24kpl - Rodoaed<\/title>\n<meta name=\"robots\" content=\"index, follow, max-snippet:-1, max-image-preview:large, max-video-preview:-1\" \/>\n<link rel=\"canonical\" href=\"https:\/\/rodoaed.ee\/fi\/toode\/biohajoavat-istutusruukut-4x6kpl-kaistaleina-6cm-24kpl-24kpl\/\" \/>\n<meta property=\"og:locale\" content=\"fi_FI\" \/>\n<meta property=\"og:type\" content=\"article\" \/>\n<meta property=\"og:title\" content=\"Biohajoavat istutusruukut 4x6kpl kaistaleina 6cm 24kpl 24kpl\" \/>\n<meta property=\"og:description\" content=\"Biohajoavat selluloosasta valmistetut istutusruukut 24kpl per pakkaus, 6cm neli\u00f6, suikaleina 2x3kpl tai 6kpl yhdess\u00e4. Luonnollinen selluloosa. 100 %\" \/>\n<meta property=\"og:url\" content=\"https:\/\/rodoaed.ee\/fi\/toode\/biohajoavat-istutusruukut-4x6kpl-kaistaleina-6cm-24kpl-24kpl\/\" \/>\n<meta property=\"og:site_name\" content=\"Rodoaed\" \/>\n<meta property=\"article:publisher\" content=\"https:\/\/www.facebook.com\/kasvuhooned\/\" \/>\n<meta property=\"article:modified_time\" content=\"2026-04-13T07:55:10+00:00\" \/>\n<meta property=\"og:image\" content=\"https:\/\/rodoaed.ee\/wp-content\/uploads\/2020\/10\/biolagunevad-taimepotid_ribad_2x3_10091104.jpg\" \/>\n\t<meta property=\"og:image:width\" content=\"1024\" \/>\n\t<meta property=\"og:image:height\" content=\"732\" \/>\n\t<meta property=\"og:image:type\" content=\"image\/jpeg\" \/>\n<meta name=\"twitter:card\" content=\"summary_large_image\" \/>\n<meta name=\"twitter:label1\" content=\"Arvioitu lukuaika\" \/>\n\t<meta name=\"twitter:data1\" content=\"1 minuutti\" \/>\n<script type=\"application\/ld+json\" class=\"yoast-schema-graph\">{\"@context\":\"https:\\\/\\\/schema.org\",\"@graph\":[{\"@type\":\"WebPage\",\"@id\":\"https:\\\/\\\/rodoaed.ee\\\/fi\\\/toode\\\/biohajoavat-istutusruukut-4x6kpl-kaistaleina-6cm-24kpl-24kpl\\\/\",\"url\":\"https:\\\/\\\/rodoaed.ee\\\/fi\\\/toode\\\/biohajoavat-istutusruukut-4x6kpl-kaistaleina-6cm-24kpl-24kpl\\\/\",\"name\":\"Biohajoavat istutusruukut 4x6kpl kaistaleina 6cm 24kpl 24kpl - Rodoaed\",\"isPartOf\":{\"@id\":\"https:\\\/\\\/rodoaed.ee\\\/#website\"},\"primaryImageOfPage\":{\"@id\":\"https:\\\/\\\/rodoaed.ee\\\/fi\\\/toode\\\/biohajoavat-istutusruukut-4x6kpl-kaistaleina-6cm-24kpl-24kpl\\\/#primaryimage\"},\"image\":{\"@id\":\"https:\\\/\\\/rodoaed.ee\\\/fi\\\/toode\\\/biohajoavat-istutusruukut-4x6kpl-kaistaleina-6cm-24kpl-24kpl\\\/#primaryimage\"},\"thumbnailUrl\":\"https:\\\/\\\/rodoaed.ee\\\/wp-content\\\/uploads\\\/2020\\\/10\\\/biolagunevad-taimepotid_ribad_2x3_10091104.jpg\",\"datePublished\":\"2020-10-23T10:21:41+00:00\",\"dateModified\":\"2026-04-13T07:55:10+00:00\",\"breadcrumb\":{\"@id\":\"https:\\\/\\\/rodoaed.ee\\\/fi\\\/toode\\\/biohajoavat-istutusruukut-4x6kpl-kaistaleina-6cm-24kpl-24kpl\\\/#breadcrumb\"},\"inLanguage\":\"fi\",\"potentialAction\":[{\"@type\":\"ReadAction\",\"target\":[\"https:\\\/\\\/rodoaed.ee\\\/fi\\\/toode\\\/biohajoavat-istutusruukut-4x6kpl-kaistaleina-6cm-24kpl-24kpl\\\/\"]}]},{\"@type\":\"ImageObject\",\"inLanguage\":\"fi\",\"@id\":\"https:\\\/\\\/rodoaed.ee\\\/fi\\\/toode\\\/biohajoavat-istutusruukut-4x6kpl-kaistaleina-6cm-24kpl-24kpl\\\/#primaryimage\",\"url\":\"https:\\\/\\\/rodoaed.ee\\\/wp-content\\\/uploads\\\/2020\\\/10\\\/biolagunevad-taimepotid_ribad_2x3_10091104.jpg\",\"contentUrl\":\"https:\\\/\\\/rodoaed.ee\\\/wp-content\\\/uploads\\\/2020\\\/10\\\/biolagunevad-taimepotid_ribad_2x3_10091104.jpg\",\"width\":1024,\"height\":732},{\"@type\":\"BreadcrumbList\",\"@id\":\"https:\\\/\\\/rodoaed.ee\\\/fi\\\/toode\\\/biohajoavat-istutusruukut-4x6kpl-kaistaleina-6cm-24kpl-24kpl\\\/#breadcrumb\",\"itemListElement\":[{\"@type\":\"ListItem\",\"position\":1,\"name\":\"Home\",\"item\":\"https:\\\/\\\/rodoaed.ee\\\/fi\\\/\"},{\"@type\":\"ListItem\",\"position\":2,\"name\":\"Osta osoitteessa\",\"item\":\"https:\\\/\\\/rodoaed.ee\\\/osta-osoitteessa\\\/\"},{\"@type\":\"ListItem\",\"position\":3,\"name\":\"Biohajoavat istutusruukut 4x6kpl kaistaleina 6cm 24kpl 24kpl\"}]},{\"@type\":\"WebSite\",\"@id\":\"https:\\\/\\\/rodoaed.ee\\\/#website\",\"url\":\"https:\\\/\\\/rodoaed.ee\\\/\",\"name\":\"Rodoaed\",\"description\":\"\",\"publisher\":{\"@id\":\"https:\\\/\\\/rodoaed.ee\\\/#organization\"},\"potentialAction\":[{\"@type\":\"SearchAction\",\"target\":{\"@type\":\"EntryPoint\",\"urlTemplate\":\"https:\\\/\\\/rodoaed.ee\\\/?s={search_term_string}\"},\"query-input\":{\"@type\":\"PropertyValueSpecification\",\"valueRequired\":true,\"valueName\":\"search_term_string\"}}],\"inLanguage\":\"fi\"},{\"@type\":\"Organization\",\"@id\":\"https:\\\/\\\/rodoaed.ee\\\/#organization\",\"name\":\"Rodoaed\",\"url\":\"https:\\\/\\\/rodoaed.ee\\\/\",\"logo\":{\"@type\":\"ImageObject\",\"inLanguage\":\"fi\",\"@id\":\"https:\\\/\\\/rodoaed.ee\\\/#\\\/schema\\\/logo\\\/image\\\/\",\"url\":\"https:\\\/\\\/rodoaed.ee\\\/wp-content\\\/uploads\\\/2019\\\/11\\\/rodoaed-logo-ilma-taustata.jpg\",\"contentUrl\":\"https:\\\/\\\/rodoaed.ee\\\/wp-content\\\/uploads\\\/2019\\\/11\\\/rodoaed-logo-ilma-taustata.jpg\",\"width\":769,\"height\":268,\"caption\":\"Rodoaed\"},\"image\":{\"@id\":\"https:\\\/\\\/rodoaed.ee\\\/#\\\/schema\\\/logo\\\/image\\\/\"},\"sameAs\":[\"https:\\\/\\\/www.facebook.com\\\/kasvuhooned\\\/\",\"https:\\\/\\\/rodoaed.ee\"]}]}<\/script>\n<!-- \/ Yoast SEO Premium plugin. -->","yoast_head_json":{"title":"Biohajoavat istutusruukut 4x6kpl kaistaleina 6cm 24kpl 24kpl - Rodoaed","robots":{"index":"index","follow":"follow","max-snippet":"max-snippet:-1","max-image-preview":"max-image-preview:large","max-video-preview":"max-video-preview:-1"},"canonical":"https:\/\/rodoaed.ee\/fi\/toode\/biohajoavat-istutusruukut-4x6kpl-kaistaleina-6cm-24kpl-24kpl\/","og_locale":"fi_FI","og_type":"article","og_title":"Biohajoavat istutusruukut 4x6kpl kaistaleina 6cm 24kpl 24kpl","og_description":"Biohajoavat selluloosasta valmistetut istutusruukut 24kpl per pakkaus, 6cm neli\u00f6, suikaleina 2x3kpl tai 6kpl yhdess\u00e4. Luonnollinen selluloosa. 100 %","og_url":"https:\/\/rodoaed.ee\/fi\/toode\/biohajoavat-istutusruukut-4x6kpl-kaistaleina-6cm-24kpl-24kpl\/","og_site_name":"Rodoaed","article_publisher":"https:\/\/www.facebook.com\/kasvuhooned\/","article_modified_time":"2026-04-13T07:55:10+00:00","og_image":[{"width":1024,"height":732,"url":"https:\/\/rodoaed.ee\/wp-content\/uploads\/2020\/10\/biolagunevad-taimepotid_ribad_2x3_10091104.jpg","type":"image\/jpeg"}],"twitter_card":"summary_large_image","twitter_misc":{"Arvioitu lukuaika":"1 minuutti"},"schema":{"@context":"https:\/\/schema.org","@graph":[{"@type":"WebPage","@id":"https:\/\/rodoaed.ee\/fi\/toode\/biohajoavat-istutusruukut-4x6kpl-kaistaleina-6cm-24kpl-24kpl\/","url":"https:\/\/rodoaed.ee\/fi\/toode\/biohajoavat-istutusruukut-4x6kpl-kaistaleina-6cm-24kpl-24kpl\/","name":"Biohajoavat istutusruukut 4x6kpl kaistaleina 6cm 24kpl 24kpl - Rodoaed","isPartOf":{"@id":"https:\/\/rodoaed.ee\/#website"},"primaryImageOfPage":{"@id":"https:\/\/rodoaed.ee\/fi\/toode\/biohajoavat-istutusruukut-4x6kpl-kaistaleina-6cm-24kpl-24kpl\/#primaryimage"},"image":{"@id":"https:\/\/rodoaed.ee\/fi\/toode\/biohajoavat-istutusruukut-4x6kpl-kaistaleina-6cm-24kpl-24kpl\/#primaryimage"},"thumbnailUrl":"https:\/\/rodoaed.ee\/wp-content\/uploads\/2020\/10\/biolagunevad-taimepotid_ribad_2x3_10091104.jpg","datePublished":"2020-10-23T10:21:41+00:00","dateModified":"2026-04-13T07:55:10+00:00","breadcrumb":{"@id":"https:\/\/rodoaed.ee\/fi\/toode\/biohajoavat-istutusruukut-4x6kpl-kaistaleina-6cm-24kpl-24kpl\/#breadcrumb"},"inLanguage":"fi","potentialAction":[{"@type":"ReadAction","target":["https:\/\/rodoaed.ee\/fi\/toode\/biohajoavat-istutusruukut-4x6kpl-kaistaleina-6cm-24kpl-24kpl\/"]}]},{"@type":"ImageObject","inLanguage":"fi","@id":"https:\/\/rodoaed.ee\/fi\/toode\/biohajoavat-istutusruukut-4x6kpl-kaistaleina-6cm-24kpl-24kpl\/#primaryimage","url":"https:\/\/rodoaed.ee\/wp-content\/uploads\/2020\/10\/biolagunevad-taimepotid_ribad_2x3_10091104.jpg","contentUrl":"https:\/\/rodoaed.ee\/wp-content\/uploads\/2020\/10\/biolagunevad-taimepotid_ribad_2x3_10091104.jpg","width":1024,"height":732},{"@type":"BreadcrumbList","@id":"https:\/\/rodoaed.ee\/fi\/toode\/biohajoavat-istutusruukut-4x6kpl-kaistaleina-6cm-24kpl-24kpl\/#breadcrumb","itemListElement":[{"@type":"ListItem","position":1,"name":"Home","item":"https:\/\/rodoaed.ee\/fi\/"},{"@type":"ListItem","position":2,"name":"Osta osoitteessa","item":"https:\/\/rodoaed.ee\/osta-osoitteessa\/"},{"@type":"ListItem","position":3,"name":"Biohajoavat istutusruukut 4x6kpl kaistaleina 6cm 24kpl 24kpl"}]},{"@type":"WebSite","@id":"https:\/\/rodoaed.ee\/#website","url":"https:\/\/rodoaed.ee\/","name":"Rodoaed","description":"","publisher":{"@id":"https:\/\/rodoaed.ee\/#organization"},"potentialAction":[{"@type":"SearchAction","target":{"@type":"EntryPoint","urlTemplate":"https:\/\/rodoaed.ee\/?s={search_term_string}"},"query-input":{"@type":"PropertyValueSpecification","valueRequired":true,"valueName":"search_term_string"}}],"inLanguage":"fi"},{"@type":"Organization","@id":"https:\/\/rodoaed.ee\/#organization","name":"Rodoaed","url":"https:\/\/rodoaed.ee\/","logo":{"@type":"ImageObject","inLanguage":"fi","@id":"https:\/\/rodoaed.ee\/#\/schema\/logo\/image\/","url":"https:\/\/rodoaed.ee\/wp-content\/uploads\/2019\/11\/rodoaed-logo-ilma-taustata.jpg","contentUrl":"https:\/\/rodoaed.ee\/wp-content\/uploads\/2019\/11\/rodoaed-logo-ilma-taustata.jpg","width":769,"height":268,"caption":"Rodoaed"},"image":{"@id":"https:\/\/rodoaed.ee\/#\/schema\/logo\/image\/"},"sameAs":["https:\/\/www.facebook.com\/kasvuhooned\/","https:\/\/rodoaed.ee"]}]}},"_links":{"self":[{"href":"https:\/\/rodoaed.ee\/fi\/wp-json\/wp\/v2\/product\/52801","targetHints":{"allow":["GET"]}}],"collection":[{"href":"https:\/\/rodoaed.ee\/fi\/wp-json\/wp\/v2\/product"}],"about":[{"href":"https:\/\/rodoaed.ee\/fi\/wp-json\/wp\/v2\/types\/product"}],"wp:featuredmedia":[{"embeddable":true,"href":"https:\/\/rodoaed.ee\/fi\/wp-json\/wp\/v2\/media\/34276"}],"wp:attachment":[{"href":"https:\/\/rodoaed.ee\/fi\/wp-json\/wp\/v2\/media?parent=52801"}],"wp:term":[{"taxonomy":"product_brand","embeddable":true,"href":"https:\/\/rodoaed.ee\/fi\/wp-json\/wp\/v2\/product_brand?post=52801"},{"taxonomy":"product_cat","embeddable":true,"href":"https:\/\/rodoaed.ee\/fi\/wp-json\/wp\/v2\/product_cat?post=52801"},{"taxonomy":"product_tag","embeddable":true,"href":"https:\/\/rodoaed.ee\/fi\/wp-json\/wp\/v2\/product_tag?post=52801"}],"curies":[{"name":"wp","href":"https:\/\/api.w.org\/{rel}","templated":true}]}}