{"id":52802,"date":"2020-10-23T16:08:06","date_gmt":"2020-10-23T13:08:06","guid":{"rendered":"https:\/\/rodoaed.ee\/toode\/siemenlaatikko-mini-kasvihuone-s-color-29x19x19cm\/"},"modified":"2026-04-13T10:55:11","modified_gmt":"2026-04-13T07:55:11","slug":"siemenlaatikko-mini-kasvihuone-s-color-29x19x19cm","status":"publish","type":"product","link":"https:\/\/rodoaed.ee\/fi\/tuote\/siemenlaatikko-mini-kasvihuone-s-color-29x19x19cm\/","title":{"rendered":"Siemenlaatikko Mini kasvihuone S Color 29x19x19cm"},"content":{"rendered":"<h2>K\u00e4tevin tapa kylv\u00e4\u00e4 ja esikasvattaa siemeni\u00e4.<\/h2>\n<p><strong>Elintarviketurvallinen (PAH-vapaa) muovinen minikasvihuone, siemenlaatikko. Kompakti. Ihanteellinen koko ikkunalaudalla kasvattamiseen.  <\/strong><\/p>\n<p><strong>Minikokoa on saatavana useissa eri v\u00e4reiss\u00e4 &#8211; sininen, punainen, valkoinen, tummanharmaa &#8211; mutta v\u00e4ri on pakkauksessa satunnainen.<\/strong><\/p>\n<p>Luo oikea mikroilmasto kasveillesi suoraan huoneeseen tai ikkunalaudalle. Ihanteellinen kaikenlaisten siementen kylv\u00e4miseen ja kasvattamiseen &#8211; yrtit, kukat, vihannekset jne. <\/p>\n<p>Minikasvihuoneessa voit luoda kasveillesi oikeat kasvuolosuhteet valon, l\u00e4mm\u00f6n ja kosteuden suhteen. Suunniteltu siten, ett\u00e4 kondenssivesi ei valu lehtien p\u00e4\u00e4lle vaan valuu takaisin pohjaan. Pohjassa on urat tabletteja varten ja salaojitusurat, jotta kasteluvesi jakautuu parhaiten. L\u00e4pin\u00e4kyv\u00e4ss\u00e4 ja sirpaleenkest\u00e4v\u00e4ss\u00e4 katossa on tuuletusreiki\u00e4.   <\/p>\n<p>Ihanteellinen k\u00e4ytett\u00e4v\u00e4ksi kookoskuidusta valmistettujen paisuvien tablettien tai biohajoavien istutusruukkujen kanssa.<\/p>\n<ul>\n<li>Mitat: 29 x 19 x 19 cm<\/li>\n<li>Tuuletettu ja sirpalesuojattu katto<\/li>\n<li>Eritt\u00e4in vahva ja vakaa<\/li>\n<li>Saatavana 4 v\u00e4ri\u00e4<\/li>\n<\/ul>\n<p><strong>K\u00e4ytt\u00f6:<\/strong> Minikasvihuoneemme avulla voit kasvattaa tarvittavia mausteita, kukkivia kasveja tai vihanneksia miss\u00e4 tahansa kodissa. T\u00e4yt\u00e4 valitsemasi minikasvihuone yksinkertaisesti joko laajenevilla tableteilla tai biohajoavilla istutusruukuilla, jotka on t\u00e4ytetty kasvualustalla. Kastele kasvualustaa riitt\u00e4v\u00e4sti ja kylv\u00e4 siemenet. Kastele uudelleen. Laita kansi minikasvihuoneen p\u00e4\u00e4lle ja olet valmis. Varmista, ett\u00e4 taimet saavat riitt\u00e4v\u00e4sti ilmastusta ja kosteutta. Lis\u00e4\u00e4 tarvittaessa lis\u00e4valaistusta.      <\/p>\n<p>&nbsp;<\/p>\n<p>&nbsp;<\/p>\n<div id=\"article-specifications\" class=\"tab-links__content is-active col-md-6 mb-4\">\n<p>&nbsp;<\/p>\n<\/div>\n","protected":false},"excerpt":{"rendered":"<p>K\u00e4tevin tapa kylv\u00e4\u00e4 ja esikasvattaa siemeni\u00e4. Elintarviketurvallinen (PAH-vapaa) muovinen minikasvihuone, siemenlaatikko. Kompakti. Ihanteellinen koko ikkunalaudalla kasvattamiseen. Minikokoa on saatavana useissa eri v\u00e4reiss\u00e4 &#8211; sininen, punainen, valkoinen, tummanharmaa &#8211; mutta v\u00e4ri on pakkauksessa satunnainen. Luo oikea mikroilmasto kasveillesi suoraan huoneeseen tai ikkunalaudalle. Ihanteellinen kaikenlaisten siementen kylv\u00e4miseen ja kasvattamiseen &#8211; yrtit, kukat, vihannekset jne. Minikasvihuoneessa voit luoda kasveillesi oikeat kasvuolosuhteet valon, l\u00e4mm\u00f6n ja kosteuden suhteen. Suunniteltu siten,&#8230;<\/p>\n","protected":false},"featured_media":35843,"template":"","meta":{"_acf_changed":false},"product_brand":[],"product_cat":[1814],"product_tag":[],"class_list":{"0":"post-52802","1":"product","2":"type-product","3":"status-publish","4":"has-post-thumbnail","6":"product_cat-kylvo-ja-siemenlaatikot","7":"product_shipping_class-toimitus-1-3-tyopaivan-kuluessa","8":"pa_variatsioon-superseeder-kylvokone-21","10":"first","11":"instock","12":"taxable","13":"shipping-taxable","14":"purchasable","15":"product-type-simple"},"acf":[],"yoast_head":"<!-- This site is optimized with the Yoast SEO Premium plugin v27.3 (Yoast SEO v27.3) - https:\/\/yoast.com\/product\/yoast-seo-premium-wordpress\/ -->\n<title>Siemenlaatikko Mini kasvihuone S Color 29x19x19cm - Rodoaed<\/title>\n<meta name=\"robots\" content=\"index, follow, max-snippet:-1, max-image-preview:large, max-video-preview:-1\" \/>\n<link rel=\"canonical\" href=\"https:\/\/rodoaed.ee\/fi\/toode\/siemenlaatikko-mini-kasvihuone-s-color-29x19x19cm\/\" \/>\n<meta property=\"og:locale\" content=\"fi_FI\" \/>\n<meta property=\"og:type\" content=\"article\" \/>\n<meta property=\"og:title\" content=\"Siemenlaatikko Mini kasvihuone S Color 29x19x19cm\" \/>\n<meta property=\"og:description\" content=\"K\u00e4tevin tapa kylv\u00e4\u00e4 ja esikasvattaa siemeni\u00e4. Elintarviketurvallinen (PAH-vapaa) muovinen minikasvihuone, siemenlaatikko. Kompakti. Ihanteellinen koko\" \/>\n<meta property=\"og:url\" content=\"https:\/\/rodoaed.ee\/fi\/toode\/siemenlaatikko-mini-kasvihuone-s-color-29x19x19cm\/\" \/>\n<meta property=\"og:site_name\" content=\"Rodoaed\" \/>\n<meta property=\"article:publisher\" content=\"https:\/\/www.facebook.com\/kasvuhooned\/\" \/>\n<meta property=\"article:modified_time\" content=\"2026-04-13T07:55:11+00:00\" \/>\n<meta property=\"og:image\" content=\"https:\/\/rodoaed.ee\/wp-content\/uploads\/2020\/10\/10094101_navy_web.jpg\" \/>\n\t<meta property=\"og:image:width\" content=\"1270\" \/>\n\t<meta property=\"og:image:height\" content=\"989\" \/>\n\t<meta property=\"og:image:type\" content=\"image\/jpeg\" \/>\n<meta name=\"twitter:card\" content=\"summary_large_image\" \/>\n<meta name=\"twitter:label1\" content=\"Arvioitu lukuaika\" \/>\n\t<meta name=\"twitter:data1\" content=\"1 minuutti\" \/>\n<script type=\"application\/ld+json\" class=\"yoast-schema-graph\">{\"@context\":\"https:\\\/\\\/schema.org\",\"@graph\":[{\"@type\":\"WebPage\",\"@id\":\"https:\\\/\\\/rodoaed.ee\\\/fi\\\/toode\\\/siemenlaatikko-mini-kasvihuone-s-color-29x19x19cm\\\/\",\"url\":\"https:\\\/\\\/rodoaed.ee\\\/fi\\\/toode\\\/siemenlaatikko-mini-kasvihuone-s-color-29x19x19cm\\\/\",\"name\":\"Siemenlaatikko Mini kasvihuone S Color 29x19x19cm - Rodoaed\",\"isPartOf\":{\"@id\":\"https:\\\/\\\/rodoaed.ee\\\/#website\"},\"primaryImageOfPage\":{\"@id\":\"https:\\\/\\\/rodoaed.ee\\\/fi\\\/toode\\\/siemenlaatikko-mini-kasvihuone-s-color-29x19x19cm\\\/#primaryimage\"},\"image\":{\"@id\":\"https:\\\/\\\/rodoaed.ee\\\/fi\\\/toode\\\/siemenlaatikko-mini-kasvihuone-s-color-29x19x19cm\\\/#primaryimage\"},\"thumbnailUrl\":\"https:\\\/\\\/rodoaed.ee\\\/wp-content\\\/uploads\\\/2020\\\/10\\\/10094101_navy_web.jpg\",\"datePublished\":\"2020-10-23T13:08:06+00:00\",\"dateModified\":\"2026-04-13T07:55:11+00:00\",\"breadcrumb\":{\"@id\":\"https:\\\/\\\/rodoaed.ee\\\/fi\\\/toode\\\/siemenlaatikko-mini-kasvihuone-s-color-29x19x19cm\\\/#breadcrumb\"},\"inLanguage\":\"fi\",\"potentialAction\":[{\"@type\":\"ReadAction\",\"target\":[\"https:\\\/\\\/rodoaed.ee\\\/fi\\\/toode\\\/siemenlaatikko-mini-kasvihuone-s-color-29x19x19cm\\\/\"]}]},{\"@type\":\"ImageObject\",\"inLanguage\":\"fi\",\"@id\":\"https:\\\/\\\/rodoaed.ee\\\/fi\\\/toode\\\/siemenlaatikko-mini-kasvihuone-s-color-29x19x19cm\\\/#primaryimage\",\"url\":\"https:\\\/\\\/rodoaed.ee\\\/wp-content\\\/uploads\\\/2020\\\/10\\\/10094101_navy_web.jpg\",\"contentUrl\":\"https:\\\/\\\/rodoaed.ee\\\/wp-content\\\/uploads\\\/2020\\\/10\\\/10094101_navy_web.jpg\",\"width\":1270,\"height\":989},{\"@type\":\"BreadcrumbList\",\"@id\":\"https:\\\/\\\/rodoaed.ee\\\/fi\\\/toode\\\/siemenlaatikko-mini-kasvihuone-s-color-29x19x19cm\\\/#breadcrumb\",\"itemListElement\":[{\"@type\":\"ListItem\",\"position\":1,\"name\":\"Home\",\"item\":\"https:\\\/\\\/rodoaed.ee\\\/fi\\\/\"},{\"@type\":\"ListItem\",\"position\":2,\"name\":\"Osta osoitteessa\",\"item\":\"https:\\\/\\\/rodoaed.ee\\\/osta-osoitteessa\\\/\"},{\"@type\":\"ListItem\",\"position\":3,\"name\":\"Siemenlaatikko Mini kasvihuone S Color 29x19x19cm\"}]},{\"@type\":\"WebSite\",\"@id\":\"https:\\\/\\\/rodoaed.ee\\\/#website\",\"url\":\"https:\\\/\\\/rodoaed.ee\\\/\",\"name\":\"Rodoaed\",\"description\":\"\",\"publisher\":{\"@id\":\"https:\\\/\\\/rodoaed.ee\\\/#organization\"},\"potentialAction\":[{\"@type\":\"SearchAction\",\"target\":{\"@type\":\"EntryPoint\",\"urlTemplate\":\"https:\\\/\\\/rodoaed.ee\\\/?s={search_term_string}\"},\"query-input\":{\"@type\":\"PropertyValueSpecification\",\"valueRequired\":true,\"valueName\":\"search_term_string\"}}],\"inLanguage\":\"fi\"},{\"@type\":\"Organization\",\"@id\":\"https:\\\/\\\/rodoaed.ee\\\/#organization\",\"name\":\"Rodoaed\",\"url\":\"https:\\\/\\\/rodoaed.ee\\\/\",\"logo\":{\"@type\":\"ImageObject\",\"inLanguage\":\"fi\",\"@id\":\"https:\\\/\\\/rodoaed.ee\\\/#\\\/schema\\\/logo\\\/image\\\/\",\"url\":\"https:\\\/\\\/rodoaed.ee\\\/wp-content\\\/uploads\\\/2019\\\/11\\\/rodoaed-logo-ilma-taustata.jpg\",\"contentUrl\":\"https:\\\/\\\/rodoaed.ee\\\/wp-content\\\/uploads\\\/2019\\\/11\\\/rodoaed-logo-ilma-taustata.jpg\",\"width\":769,\"height\":268,\"caption\":\"Rodoaed\"},\"image\":{\"@id\":\"https:\\\/\\\/rodoaed.ee\\\/#\\\/schema\\\/logo\\\/image\\\/\"},\"sameAs\":[\"https:\\\/\\\/www.facebook.com\\\/kasvuhooned\\\/\",\"https:\\\/\\\/rodoaed.ee\"]}]}<\/script>\n<!-- \/ Yoast SEO Premium plugin. -->","yoast_head_json":{"title":"Siemenlaatikko Mini kasvihuone S Color 29x19x19cm - Rodoaed","robots":{"index":"index","follow":"follow","max-snippet":"max-snippet:-1","max-image-preview":"max-image-preview:large","max-video-preview":"max-video-preview:-1"},"canonical":"https:\/\/rodoaed.ee\/fi\/toode\/siemenlaatikko-mini-kasvihuone-s-color-29x19x19cm\/","og_locale":"fi_FI","og_type":"article","og_title":"Siemenlaatikko Mini kasvihuone S Color 29x19x19cm","og_description":"K\u00e4tevin tapa kylv\u00e4\u00e4 ja esikasvattaa siemeni\u00e4. Elintarviketurvallinen (PAH-vapaa) muovinen minikasvihuone, siemenlaatikko. Kompakti. Ihanteellinen koko","og_url":"https:\/\/rodoaed.ee\/fi\/toode\/siemenlaatikko-mini-kasvihuone-s-color-29x19x19cm\/","og_site_name":"Rodoaed","article_publisher":"https:\/\/www.facebook.com\/kasvuhooned\/","article_modified_time":"2026-04-13T07:55:11+00:00","og_image":[{"width":1270,"height":989,"url":"https:\/\/rodoaed.ee\/wp-content\/uploads\/2020\/10\/10094101_navy_web.jpg","type":"image\/jpeg"}],"twitter_card":"summary_large_image","twitter_misc":{"Arvioitu lukuaika":"1 minuutti"},"schema":{"@context":"https:\/\/schema.org","@graph":[{"@type":"WebPage","@id":"https:\/\/rodoaed.ee\/fi\/toode\/siemenlaatikko-mini-kasvihuone-s-color-29x19x19cm\/","url":"https:\/\/rodoaed.ee\/fi\/toode\/siemenlaatikko-mini-kasvihuone-s-color-29x19x19cm\/","name":"Siemenlaatikko Mini kasvihuone S Color 29x19x19cm - Rodoaed","isPartOf":{"@id":"https:\/\/rodoaed.ee\/#website"},"primaryImageOfPage":{"@id":"https:\/\/rodoaed.ee\/fi\/toode\/siemenlaatikko-mini-kasvihuone-s-color-29x19x19cm\/#primaryimage"},"image":{"@id":"https:\/\/rodoaed.ee\/fi\/toode\/siemenlaatikko-mini-kasvihuone-s-color-29x19x19cm\/#primaryimage"},"thumbnailUrl":"https:\/\/rodoaed.ee\/wp-content\/uploads\/2020\/10\/10094101_navy_web.jpg","datePublished":"2020-10-23T13:08:06+00:00","dateModified":"2026-04-13T07:55:11+00:00","breadcrumb":{"@id":"https:\/\/rodoaed.ee\/fi\/toode\/siemenlaatikko-mini-kasvihuone-s-color-29x19x19cm\/#breadcrumb"},"inLanguage":"fi","potentialAction":[{"@type":"ReadAction","target":["https:\/\/rodoaed.ee\/fi\/toode\/siemenlaatikko-mini-kasvihuone-s-color-29x19x19cm\/"]}]},{"@type":"ImageObject","inLanguage":"fi","@id":"https:\/\/rodoaed.ee\/fi\/toode\/siemenlaatikko-mini-kasvihuone-s-color-29x19x19cm\/#primaryimage","url":"https:\/\/rodoaed.ee\/wp-content\/uploads\/2020\/10\/10094101_navy_web.jpg","contentUrl":"https:\/\/rodoaed.ee\/wp-content\/uploads\/2020\/10\/10094101_navy_web.jpg","width":1270,"height":989},{"@type":"BreadcrumbList","@id":"https:\/\/rodoaed.ee\/fi\/toode\/siemenlaatikko-mini-kasvihuone-s-color-29x19x19cm\/#breadcrumb","itemListElement":[{"@type":"ListItem","position":1,"name":"Home","item":"https:\/\/rodoaed.ee\/fi\/"},{"@type":"ListItem","position":2,"name":"Osta osoitteessa","item":"https:\/\/rodoaed.ee\/osta-osoitteessa\/"},{"@type":"ListItem","position":3,"name":"Siemenlaatikko Mini kasvihuone S Color 29x19x19cm"}]},{"@type":"WebSite","@id":"https:\/\/rodoaed.ee\/#website","url":"https:\/\/rodoaed.ee\/","name":"Rodoaed","description":"","publisher":{"@id":"https:\/\/rodoaed.ee\/#organization"},"potentialAction":[{"@type":"SearchAction","target":{"@type":"EntryPoint","urlTemplate":"https:\/\/rodoaed.ee\/?s={search_term_string}"},"query-input":{"@type":"PropertyValueSpecification","valueRequired":true,"valueName":"search_term_string"}}],"inLanguage":"fi"},{"@type":"Organization","@id":"https:\/\/rodoaed.ee\/#organization","name":"Rodoaed","url":"https:\/\/rodoaed.ee\/","logo":{"@type":"ImageObject","inLanguage":"fi","@id":"https:\/\/rodoaed.ee\/#\/schema\/logo\/image\/","url":"https:\/\/rodoaed.ee\/wp-content\/uploads\/2019\/11\/rodoaed-logo-ilma-taustata.jpg","contentUrl":"https:\/\/rodoaed.ee\/wp-content\/uploads\/2019\/11\/rodoaed-logo-ilma-taustata.jpg","width":769,"height":268,"caption":"Rodoaed"},"image":{"@id":"https:\/\/rodoaed.ee\/#\/schema\/logo\/image\/"},"sameAs":["https:\/\/www.facebook.com\/kasvuhooned\/","https:\/\/rodoaed.ee"]}]}},"_links":{"self":[{"href":"https:\/\/rodoaed.ee\/fi\/wp-json\/wp\/v2\/product\/52802","targetHints":{"allow":["GET"]}}],"collection":[{"href":"https:\/\/rodoaed.ee\/fi\/wp-json\/wp\/v2\/product"}],"about":[{"href":"https:\/\/rodoaed.ee\/fi\/wp-json\/wp\/v2\/types\/product"}],"wp:featuredmedia":[{"embeddable":true,"href":"https:\/\/rodoaed.ee\/fi\/wp-json\/wp\/v2\/media\/35843"}],"wp:attachment":[{"href":"https:\/\/rodoaed.ee\/fi\/wp-json\/wp\/v2\/media?parent=52802"}],"wp:term":[{"taxonomy":"product_brand","embeddable":true,"href":"https:\/\/rodoaed.ee\/fi\/wp-json\/wp\/v2\/product_brand?post=52802"},{"taxonomy":"product_cat","embeddable":true,"href":"https:\/\/rodoaed.ee\/fi\/wp-json\/wp\/v2\/product_cat?post=52802"},{"taxonomy":"product_tag","embeddable":true,"href":"https:\/\/rodoaed.ee\/fi\/wp-json\/wp\/v2\/product_tag?post=52802"}],"curies":[{"name":"wp","href":"https:\/\/api.w.org\/{rel}","templated":true}]}}