{"id":52803,"date":"2020-10-22T14:45:17","date_gmt":"2020-10-22T11:45:17","guid":{"rendered":"https:\/\/rodoaed.ee\/toode\/klassinen-kahvimylly-kasivivulla-mc140v-sinertavasti\/"},"modified":"2026-04-13T10:55:12","modified_gmt":"2026-04-13T07:55:12","slug":"klassinen-kahvimylly-kasivivulla-mc140v-sinertavasti","status":"publish","type":"product","link":"https:\/\/rodoaed.ee\/fi\/tuote\/klassinen-kahvimylly-kasivivulla-mc140v-sinertavasti\/","title":{"rendered":"Klassinen kahvimylly k\u00e4sivivulla MC140V sinert\u00e4v\u00e4sti"},"content":{"rendered":"<h2>Klassinen kahvimylly, jossa on jalopuusta valmistettu kaappi &#8211; retro sinert\u00e4v\u00e4n s\u00e4vyinen kaappi<\/h2>\n<p>Klassinen kahvimylly, joka on valmistettu huolellisesti valituista materiaaleista ja jokaiseen yksityiskohtaan kiinnitetty huomiota.<\/p>\n<p>TRE Spade on valmistanut ylellisi\u00e4 kodinkoneita jo yli 125 vuoden ajan.<\/p>\n<p>Vaikka kahvimylly on valmistettu kest\u00e4vist\u00e4 materiaaleista ja se on realistinen todelliseen k\u00e4ytt\u00f6\u00f6n, se sopii my\u00f6s retromuotoiluelementiksi keitti\u00f6\u00f6n, ravintolaan tai antiikkihuonekaluihin.<\/p>\n<p>Loistava lahja. Loistava sisustuselementti kauppoihin ja yrityksiin. <\/p>\n<div class=\"testo_introduttivo\"><\/div>\n<div><\/div>\n<p><em>TRE Spade -tuotemerkki on ollut tunnettu Euroopassa ja ymp\u00e4ri maailmaa yli 120 vuoden ajan eritt\u00e4in kest\u00e4vien eli &#8221;elinik\u00e4isten&#8221; keitti\u00f6koneiden valmistajana. T\u00e4h\u00e4n asti laitteet on valmistettu Euroopassa, Italian tehtaalla Torinossa. Valmistuksessa k\u00e4ytet\u00e4\u00e4n vain kaikkein kest\u00e4vimpi\u00e4 materiaaleja, kuten ruostumatonta ter\u00e4st\u00e4 ja valurautaa.  <\/em><\/p>\n<p><em>TRE Spade on kuuluisa my\u00f6s palkitusta muotoilustaan. Tavallisesti ammattikeitti\u00f6ihin tarkoitettuja laitteita valmistavat tehtaat eiv\u00e4t aseta suunnittelua etusijalle, vaan tehokkuus on etusijalla. Italialainen edell\u00e4k\u00e4vij\u00e4 on kuitenkin tunnettu teknologisesta innovaatiosta, pitk\u00e4aikaisesta kest\u00e4vyydest\u00e4 ja palkitusta muotoilusta. Viime vuosina ne ovat voittaneet useita Euroopan parhaita muotoilupalkintoja.   <\/em><\/p>\n<h2>T\u00e4rkeimm\u00e4t ominaisuudet:<\/h2>\n<ul>\n<li>Valmistettu valetusta metallista ja parhaasta py\u00f6kkipuusta.<\/li>\n<li>TRE Spaden yksinoikeudella valmistettu kartiohiontamekanismi on valmistettu karkaistusta ter\u00e4ksest\u00e4 (patentoitu vuodesta 1900).<\/li>\n<li>Helppo ja tarkka jauhatuksen s\u00e4\u00e4t\u00f6 (hienommasta karkeampaan).<\/li>\n<li>Nopea purkaminen k\u00e4tev\u00e4\u00e4 puhdistusta varten<\/li>\n<li>Helppo k\u00e4ytt\u00e4\u00e4<\/li>\n<li>Puujalustalla<\/li>\n<\/ul>\n<h2>Tekniset tiedot:<\/h2>\n<ul>\n<li>Paino: 5,6 kg<\/li>\n<li>Mitat: 33 x 22 x 20 cm<\/li>\n<li>Kapasiteetti: 100g<\/li>\n<\/ul>\n<p><a href=\"https:\/\/rodoaed.ee\/fi\/\">kotisivu<\/a> <a href=\"https:\/\/rodoaed.ee\/fi\/tootekategooria\/keittiolaitteet\/\">k\u00e4ynnist\u00e4<\/a> <a href=\"\/?product_cat=pipraveskid-ja-soolatoosid\">myllyt<\/a> <a href=\"https:\/\/rodoaed.ee\/fi\/tootekategooria\/vanhat-kahvimyllyt\/\">kahvimyllyt<\/a><\/p>\n<p>&nbsp;<\/p>\n","protected":false},"excerpt":{"rendered":"<p>Klassinen kahvimylly, jossa on jalopuusta valmistettu kaappi &#8211; retro sinert\u00e4v\u00e4n s\u00e4vyinen kaappi Klassinen kahvimylly, joka on valmistettu huolellisesti valituista materiaaleista ja jokaiseen yksityiskohtaan kiinnitetty huomiota. TRE Spade on valmistanut ylellisi\u00e4 kodinkoneita jo yli 125 vuoden ajan. Vaikka kahvimylly on valmistettu kest\u00e4vist\u00e4 materiaaleista ja se on realistinen todelliseen k\u00e4ytt\u00f6\u00f6n, se sopii my\u00f6s retromuotoiluelementiksi keitti\u00f6\u00f6n, ravintolaan tai antiikkihuonekaluihin. Loistava lahja. Loistava sisustuselementti kauppoihin ja yrityksiin. TRE Spade&#8230;<\/p>\n","protected":false},"featured_media":34181,"template":"","meta":{"_acf_changed":false},"product_brand":[],"product_cat":[1751,1836,1743,1745,1924],"product_tag":[],"class_list":{"0":"post-52803","1":"product","2":"type-product","3":"status-publish","4":"has-post-thumbnail","6":"product_cat-keittiolaitteet","7":"product_cat-lahjat-miehille","8":"product_cat-lisalahjat-lahjat","9":"product_cat-suuri-varaston-tyhjennysmyynti","10":"product_cat-vanhat-kahvimyllyt","11":"product_shipping_class-toimitus-1-3-tyopaivan-kuluessa","12":"pa_variatsioon-kahvimylly-kasivivulla-11a","14":"first","15":"instock","16":"sale","17":"taxable","18":"shipping-taxable","19":"purchasable","20":"product-type-simple"},"acf":[],"yoast_head":"<!-- This site is optimized with the Yoast SEO Premium plugin v27.3 (Yoast SEO v27.3) - https:\/\/yoast.com\/product\/yoast-seo-premium-wordpress\/ -->\n<title>Klassinen kahvimylly k\u00e4sivivulla MC140V sinert\u00e4v\u00e4sti - Rodoaed<\/title>\n<meta name=\"robots\" content=\"index, follow, max-snippet:-1, max-image-preview:large, max-video-preview:-1\" \/>\n<link rel=\"canonical\" href=\"https:\/\/rodoaed.ee\/fi\/toode\/klassinen-kahvimylly-kasivivulla-mc140v-sinertavasti\/\" \/>\n<meta property=\"og:locale\" content=\"fi_FI\" \/>\n<meta property=\"og:type\" content=\"article\" \/>\n<meta property=\"og:title\" content=\"Klassinen kahvimylly k\u00e4sivivulla MC140V sinert\u00e4v\u00e4sti\" \/>\n<meta property=\"og:description\" content=\"Klassinen kahvimylly, jossa on jalopuusta valmistettu kaappi - retro sinert\u00e4v\u00e4n s\u00e4vyinen kaappi Klassinen kahvimylly, joka on valmistettu huolellisesti\" \/>\n<meta property=\"og:url\" content=\"https:\/\/rodoaed.ee\/fi\/toode\/klassinen-kahvimylly-kasivivulla-mc140v-sinertavasti\/\" \/>\n<meta property=\"og:site_name\" content=\"Rodoaed\" \/>\n<meta property=\"article:publisher\" content=\"https:\/\/www.facebook.com\/kasvuhooned\/\" \/>\n<meta property=\"article:modified_time\" content=\"2026-04-13T07:55:12+00:00\" \/>\n<meta property=\"og:image\" content=\"https:\/\/rodoaed.ee\/wp-content\/uploads\/2020\/10\/TRE-Spade_vandaga-kohviveski_sinine_F32400_B.jpg\" \/>\n\t<meta property=\"og:image:width\" content=\"533\" \/>\n\t<meta property=\"og:image:height\" content=\"800\" \/>\n\t<meta property=\"og:image:type\" content=\"image\/jpeg\" \/>\n<meta name=\"twitter:card\" content=\"summary_large_image\" \/>\n<meta name=\"twitter:label1\" content=\"Arvioitu lukuaika\" \/>\n\t<meta name=\"twitter:data1\" content=\"1 minuutti\" \/>\n<script type=\"application\/ld+json\" class=\"yoast-schema-graph\">{\"@context\":\"https:\\\/\\\/schema.org\",\"@graph\":[{\"@type\":\"WebPage\",\"@id\":\"https:\\\/\\\/rodoaed.ee\\\/fi\\\/toode\\\/klassinen-kahvimylly-kasivivulla-mc140v-sinertavasti\\\/\",\"url\":\"https:\\\/\\\/rodoaed.ee\\\/fi\\\/toode\\\/klassinen-kahvimylly-kasivivulla-mc140v-sinertavasti\\\/\",\"name\":\"Klassinen kahvimylly k\u00e4sivivulla MC140V sinert\u00e4v\u00e4sti - Rodoaed\",\"isPartOf\":{\"@id\":\"https:\\\/\\\/rodoaed.ee\\\/#website\"},\"primaryImageOfPage\":{\"@id\":\"https:\\\/\\\/rodoaed.ee\\\/fi\\\/toode\\\/klassinen-kahvimylly-kasivivulla-mc140v-sinertavasti\\\/#primaryimage\"},\"image\":{\"@id\":\"https:\\\/\\\/rodoaed.ee\\\/fi\\\/toode\\\/klassinen-kahvimylly-kasivivulla-mc140v-sinertavasti\\\/#primaryimage\"},\"thumbnailUrl\":\"https:\\\/\\\/rodoaed.ee\\\/wp-content\\\/uploads\\\/2020\\\/10\\\/TRE-Spade_vandaga-kohviveski_sinine_F32400_B.jpg\",\"datePublished\":\"2020-10-22T11:45:17+00:00\",\"dateModified\":\"2026-04-13T07:55:12+00:00\",\"breadcrumb\":{\"@id\":\"https:\\\/\\\/rodoaed.ee\\\/fi\\\/toode\\\/klassinen-kahvimylly-kasivivulla-mc140v-sinertavasti\\\/#breadcrumb\"},\"inLanguage\":\"fi\",\"potentialAction\":[{\"@type\":\"ReadAction\",\"target\":[\"https:\\\/\\\/rodoaed.ee\\\/fi\\\/toode\\\/klassinen-kahvimylly-kasivivulla-mc140v-sinertavasti\\\/\"]}]},{\"@type\":\"ImageObject\",\"inLanguage\":\"fi\",\"@id\":\"https:\\\/\\\/rodoaed.ee\\\/fi\\\/toode\\\/klassinen-kahvimylly-kasivivulla-mc140v-sinertavasti\\\/#primaryimage\",\"url\":\"https:\\\/\\\/rodoaed.ee\\\/wp-content\\\/uploads\\\/2020\\\/10\\\/TRE-Spade_vandaga-kohviveski_sinine_F32400_B.jpg\",\"contentUrl\":\"https:\\\/\\\/rodoaed.ee\\\/wp-content\\\/uploads\\\/2020\\\/10\\\/TRE-Spade_vandaga-kohviveski_sinine_F32400_B.jpg\",\"width\":533,\"height\":800,\"caption\":\"TRE Spade_kahvimylly_kahvimyllyll\u00e4_kouralla_sininen_F32400_B\"},{\"@type\":\"BreadcrumbList\",\"@id\":\"https:\\\/\\\/rodoaed.ee\\\/fi\\\/toode\\\/klassinen-kahvimylly-kasivivulla-mc140v-sinertavasti\\\/#breadcrumb\",\"itemListElement\":[{\"@type\":\"ListItem\",\"position\":1,\"name\":\"Home\",\"item\":\"https:\\\/\\\/rodoaed.ee\\\/fi\\\/\"},{\"@type\":\"ListItem\",\"position\":2,\"name\":\"Osta osoitteessa\",\"item\":\"https:\\\/\\\/rodoaed.ee\\\/osta-osoitteessa\\\/\"},{\"@type\":\"ListItem\",\"position\":3,\"name\":\"Klassinen kahvimylly k\u00e4sivivulla MC140V sinert\u00e4v\u00e4sti\"}]},{\"@type\":\"WebSite\",\"@id\":\"https:\\\/\\\/rodoaed.ee\\\/#website\",\"url\":\"https:\\\/\\\/rodoaed.ee\\\/\",\"name\":\"Rodoaed\",\"description\":\"\",\"publisher\":{\"@id\":\"https:\\\/\\\/rodoaed.ee\\\/#organization\"},\"potentialAction\":[{\"@type\":\"SearchAction\",\"target\":{\"@type\":\"EntryPoint\",\"urlTemplate\":\"https:\\\/\\\/rodoaed.ee\\\/?s={search_term_string}\"},\"query-input\":{\"@type\":\"PropertyValueSpecification\",\"valueRequired\":true,\"valueName\":\"search_term_string\"}}],\"inLanguage\":\"fi\"},{\"@type\":\"Organization\",\"@id\":\"https:\\\/\\\/rodoaed.ee\\\/#organization\",\"name\":\"Rodoaed\",\"url\":\"https:\\\/\\\/rodoaed.ee\\\/\",\"logo\":{\"@type\":\"ImageObject\",\"inLanguage\":\"fi\",\"@id\":\"https:\\\/\\\/rodoaed.ee\\\/#\\\/schema\\\/logo\\\/image\\\/\",\"url\":\"https:\\\/\\\/rodoaed.ee\\\/wp-content\\\/uploads\\\/2019\\\/11\\\/rodoaed-logo-ilma-taustata.jpg\",\"contentUrl\":\"https:\\\/\\\/rodoaed.ee\\\/wp-content\\\/uploads\\\/2019\\\/11\\\/rodoaed-logo-ilma-taustata.jpg\",\"width\":769,\"height\":268,\"caption\":\"Rodoaed\"},\"image\":{\"@id\":\"https:\\\/\\\/rodoaed.ee\\\/#\\\/schema\\\/logo\\\/image\\\/\"},\"sameAs\":[\"https:\\\/\\\/www.facebook.com\\\/kasvuhooned\\\/\",\"https:\\\/\\\/rodoaed.ee\"]}]}<\/script>\n<!-- \/ Yoast SEO Premium plugin. -->","yoast_head_json":{"title":"Klassinen kahvimylly k\u00e4sivivulla MC140V sinert\u00e4v\u00e4sti - Rodoaed","robots":{"index":"index","follow":"follow","max-snippet":"max-snippet:-1","max-image-preview":"max-image-preview:large","max-video-preview":"max-video-preview:-1"},"canonical":"https:\/\/rodoaed.ee\/fi\/toode\/klassinen-kahvimylly-kasivivulla-mc140v-sinertavasti\/","og_locale":"fi_FI","og_type":"article","og_title":"Klassinen kahvimylly k\u00e4sivivulla MC140V sinert\u00e4v\u00e4sti","og_description":"Klassinen kahvimylly, jossa on jalopuusta valmistettu kaappi - retro sinert\u00e4v\u00e4n s\u00e4vyinen kaappi Klassinen kahvimylly, joka on valmistettu huolellisesti","og_url":"https:\/\/rodoaed.ee\/fi\/toode\/klassinen-kahvimylly-kasivivulla-mc140v-sinertavasti\/","og_site_name":"Rodoaed","article_publisher":"https:\/\/www.facebook.com\/kasvuhooned\/","article_modified_time":"2026-04-13T07:55:12+00:00","og_image":[{"width":533,"height":800,"url":"https:\/\/rodoaed.ee\/wp-content\/uploads\/2020\/10\/TRE-Spade_vandaga-kohviveski_sinine_F32400_B.jpg","type":"image\/jpeg"}],"twitter_card":"summary_large_image","twitter_misc":{"Arvioitu lukuaika":"1 minuutti"},"schema":{"@context":"https:\/\/schema.org","@graph":[{"@type":"WebPage","@id":"https:\/\/rodoaed.ee\/fi\/toode\/klassinen-kahvimylly-kasivivulla-mc140v-sinertavasti\/","url":"https:\/\/rodoaed.ee\/fi\/toode\/klassinen-kahvimylly-kasivivulla-mc140v-sinertavasti\/","name":"Klassinen kahvimylly k\u00e4sivivulla MC140V sinert\u00e4v\u00e4sti - Rodoaed","isPartOf":{"@id":"https:\/\/rodoaed.ee\/#website"},"primaryImageOfPage":{"@id":"https:\/\/rodoaed.ee\/fi\/toode\/klassinen-kahvimylly-kasivivulla-mc140v-sinertavasti\/#primaryimage"},"image":{"@id":"https:\/\/rodoaed.ee\/fi\/toode\/klassinen-kahvimylly-kasivivulla-mc140v-sinertavasti\/#primaryimage"},"thumbnailUrl":"https:\/\/rodoaed.ee\/wp-content\/uploads\/2020\/10\/TRE-Spade_vandaga-kohviveski_sinine_F32400_B.jpg","datePublished":"2020-10-22T11:45:17+00:00","dateModified":"2026-04-13T07:55:12+00:00","breadcrumb":{"@id":"https:\/\/rodoaed.ee\/fi\/toode\/klassinen-kahvimylly-kasivivulla-mc140v-sinertavasti\/#breadcrumb"},"inLanguage":"fi","potentialAction":[{"@type":"ReadAction","target":["https:\/\/rodoaed.ee\/fi\/toode\/klassinen-kahvimylly-kasivivulla-mc140v-sinertavasti\/"]}]},{"@type":"ImageObject","inLanguage":"fi","@id":"https:\/\/rodoaed.ee\/fi\/toode\/klassinen-kahvimylly-kasivivulla-mc140v-sinertavasti\/#primaryimage","url":"https:\/\/rodoaed.ee\/wp-content\/uploads\/2020\/10\/TRE-Spade_vandaga-kohviveski_sinine_F32400_B.jpg","contentUrl":"https:\/\/rodoaed.ee\/wp-content\/uploads\/2020\/10\/TRE-Spade_vandaga-kohviveski_sinine_F32400_B.jpg","width":533,"height":800,"caption":"TRE Spade_kahvimylly_kahvimyllyll\u00e4_kouralla_sininen_F32400_B"},{"@type":"BreadcrumbList","@id":"https:\/\/rodoaed.ee\/fi\/toode\/klassinen-kahvimylly-kasivivulla-mc140v-sinertavasti\/#breadcrumb","itemListElement":[{"@type":"ListItem","position":1,"name":"Home","item":"https:\/\/rodoaed.ee\/fi\/"},{"@type":"ListItem","position":2,"name":"Osta osoitteessa","item":"https:\/\/rodoaed.ee\/osta-osoitteessa\/"},{"@type":"ListItem","position":3,"name":"Klassinen kahvimylly k\u00e4sivivulla MC140V sinert\u00e4v\u00e4sti"}]},{"@type":"WebSite","@id":"https:\/\/rodoaed.ee\/#website","url":"https:\/\/rodoaed.ee\/","name":"Rodoaed","description":"","publisher":{"@id":"https:\/\/rodoaed.ee\/#organization"},"potentialAction":[{"@type":"SearchAction","target":{"@type":"EntryPoint","urlTemplate":"https:\/\/rodoaed.ee\/?s={search_term_string}"},"query-input":{"@type":"PropertyValueSpecification","valueRequired":true,"valueName":"search_term_string"}}],"inLanguage":"fi"},{"@type":"Organization","@id":"https:\/\/rodoaed.ee\/#organization","name":"Rodoaed","url":"https:\/\/rodoaed.ee\/","logo":{"@type":"ImageObject","inLanguage":"fi","@id":"https:\/\/rodoaed.ee\/#\/schema\/logo\/image\/","url":"https:\/\/rodoaed.ee\/wp-content\/uploads\/2019\/11\/rodoaed-logo-ilma-taustata.jpg","contentUrl":"https:\/\/rodoaed.ee\/wp-content\/uploads\/2019\/11\/rodoaed-logo-ilma-taustata.jpg","width":769,"height":268,"caption":"Rodoaed"},"image":{"@id":"https:\/\/rodoaed.ee\/#\/schema\/logo\/image\/"},"sameAs":["https:\/\/www.facebook.com\/kasvuhooned\/","https:\/\/rodoaed.ee"]}]}},"_links":{"self":[{"href":"https:\/\/rodoaed.ee\/fi\/wp-json\/wp\/v2\/product\/52803","targetHints":{"allow":["GET"]}}],"collection":[{"href":"https:\/\/rodoaed.ee\/fi\/wp-json\/wp\/v2\/product"}],"about":[{"href":"https:\/\/rodoaed.ee\/fi\/wp-json\/wp\/v2\/types\/product"}],"wp:featuredmedia":[{"embeddable":true,"href":"https:\/\/rodoaed.ee\/fi\/wp-json\/wp\/v2\/media\/34181"}],"wp:attachment":[{"href":"https:\/\/rodoaed.ee\/fi\/wp-json\/wp\/v2\/media?parent=52803"}],"wp:term":[{"taxonomy":"product_brand","embeddable":true,"href":"https:\/\/rodoaed.ee\/fi\/wp-json\/wp\/v2\/product_brand?post=52803"},{"taxonomy":"product_cat","embeddable":true,"href":"https:\/\/rodoaed.ee\/fi\/wp-json\/wp\/v2\/product_cat?post=52803"},{"taxonomy":"product_tag","embeddable":true,"href":"https:\/\/rodoaed.ee\/fi\/wp-json\/wp\/v2\/product_tag?post=52803"}],"curies":[{"name":"wp","href":"https:\/\/api.w.org\/{rel}","templated":true}]}}