{"id":52806,"date":"2020-10-29T17:56:02","date_gmt":"2020-10-29T15:56:02","guid":{"rendered":"https:\/\/rodoaed.ee\/toode\/puinen-bumerangi-eagle-jopa-10m-vasenkatisille\/"},"modified":"2026-04-13T10:55:17","modified_gmt":"2026-04-13T07:55:17","slug":"puinen-bumerangi-eagle-jopa-10m-vasenkatisille","status":"publish","type":"product","link":"https:\/\/rodoaed.ee\/fi\/tuote\/puinen-bumerangi-eagle-jopa-10m-vasenkatisille\/","title":{"rendered":"Puinen bumerangi Eagle, jopa 10m &#8211; vasenk\u00e4tisille."},"content":{"rendered":"<h2>Puinen kevyt bumerangi aloittelijoille, 10m lentomatka<\/h2>\n<p>Bumerangimalli Eagle on eritt\u00e4in kevyt. Sit\u00e4 on helppo heitt\u00e4\u00e4 ja ottaa kiinni. Bumerangi on ihanteellinen malli lapsille, jotka haluavat aloittaa t\u00e4m\u00e4n j\u00e4nnitt\u00e4v\u00e4n lajin. Saatavana sek\u00e4 oikea- ett\u00e4 vasenk\u00e4tisen\u00e4 mallina.   <\/p>\n<h2>T\u00e4rkeimm\u00e4t ominaisuudet:<\/h2>\n<p><strong>Vaikeustaso ja ik\u00e4:<\/strong> sopii aloittelijoille ja 12-vuotiaille lapsille.<\/p>\n<p><strong>Paino:<\/strong> 30 g<\/p>\n<p><strong>Lentoet\u00e4isyys:<\/strong> 10 m<\/p>\n<p id=\"product_condition\"><strong>Tiiviste:<\/strong> 29 cm<\/p>\n<p><strong>Materiaali:<\/strong> casewood aerovineer<\/p>\n<p>&nbsp;<\/p>\n","protected":false},"excerpt":{"rendered":"<p>Puinen kevyt bumerangi aloittelijoille, 10m lentomatka Bumerangimalli Eagle on eritt\u00e4in kevyt. Sit\u00e4 on helppo heitt\u00e4\u00e4 ja ottaa kiinni. Bumerangi on ihanteellinen malli lapsille, jotka haluavat aloittaa t\u00e4m\u00e4n j\u00e4nnitt\u00e4v\u00e4n lajin. Saatavana sek\u00e4 oikea- ett\u00e4 vasenk\u00e4tisen\u00e4 mallina. T\u00e4rkeimm\u00e4t ominaisuudet: Vaikeustaso ja ik\u00e4: sopii aloittelijoille ja 12-vuotiaille lapsille. Paino: 30 g Lentoet\u00e4isyys: 10 m Tiiviste: 29 cm Materiaali: casewood aerovineer &nbsp;<\/p>\n","protected":false},"featured_media":34486,"template":"","meta":{"_acf_changed":false},"product_brand":[],"product_cat":[1846,1763,1848],"product_tag":[],"class_list":{"0":"post-52806","1":"product","2":"type-product","3":"status-publish","4":"has-post-thumbnail","6":"product_cat-bumerangit-aloittelijoille-ja-lapsille","7":"product_cat-harrastukset-ja-lelut","8":"product_cat-puiset-bumerangit","9":"product_shipping_class-toimitus-1-3-tyopaivan-kuluessa","10":"pa_variatsioon-320dl-hydraulinen-tela-alustainen-kaivukone","12":"first","13":"outofstock","14":"taxable","15":"shipping-taxable","16":"purchasable","17":"product-type-simple"},"acf":[],"yoast_head":"<!-- This site is optimized with the Yoast SEO Premium plugin v27.3 (Yoast SEO v27.3) - https:\/\/yoast.com\/product\/yoast-seo-premium-wordpress\/ -->\n<title>Puinen bumerangi Eagle, jopa 10m - vasenk\u00e4tisille. - Rodoaed<\/title>\n<meta name=\"robots\" content=\"index, follow, max-snippet:-1, max-image-preview:large, max-video-preview:-1\" \/>\n<link rel=\"canonical\" href=\"https:\/\/rodoaed.ee\/fi\/toode\/puinen-bumerangi-eagle-jopa-10m-vasenkatisille\/\" \/>\n<meta property=\"og:locale\" content=\"fi_FI\" \/>\n<meta property=\"og:type\" content=\"article\" \/>\n<meta property=\"og:title\" content=\"Puinen bumerangi Eagle, jopa 10m - vasenk\u00e4tisille.\" \/>\n<meta property=\"og:description\" content=\"Puinen kevyt bumerangi aloittelijoille, 10m lentomatka Bumerangimalli Eagle on eritt\u00e4in kevyt. Sit\u00e4 on helppo heitt\u00e4\u00e4 ja ottaa kiinni. Bumerangi on\" \/>\n<meta property=\"og:url\" content=\"https:\/\/rodoaed.ee\/fi\/toode\/puinen-bumerangi-eagle-jopa-10m-vasenkatisille\/\" \/>\n<meta property=\"og:site_name\" content=\"Rodoaed\" \/>\n<meta property=\"article:publisher\" content=\"https:\/\/www.facebook.com\/kasvuhooned\/\" \/>\n<meta property=\"article:modified_time\" content=\"2026-04-13T07:55:17+00:00\" \/>\n<meta property=\"og:image\" content=\"https:\/\/rodoaed.ee\/wp-content\/uploads\/2020\/10\/Bumerang_EAGLE_rodoaed_1.jpg\" \/>\n\t<meta property=\"og:image:width\" content=\"1000\" \/>\n\t<meta property=\"og:image:height\" content=\"1000\" \/>\n\t<meta property=\"og:image:type\" content=\"image\/jpeg\" \/>\n<meta name=\"twitter:card\" content=\"summary_large_image\" \/>\n<script type=\"application\/ld+json\" class=\"yoast-schema-graph\">{\"@context\":\"https:\\\/\\\/schema.org\",\"@graph\":[{\"@type\":\"WebPage\",\"@id\":\"https:\\\/\\\/rodoaed.ee\\\/fi\\\/toode\\\/puinen-bumerangi-eagle-jopa-10m-vasenkatisille\\\/\",\"url\":\"https:\\\/\\\/rodoaed.ee\\\/fi\\\/toode\\\/puinen-bumerangi-eagle-jopa-10m-vasenkatisille\\\/\",\"name\":\"Puinen bumerangi Eagle, jopa 10m - vasenk\u00e4tisille. - Rodoaed\",\"isPartOf\":{\"@id\":\"https:\\\/\\\/rodoaed.ee\\\/#website\"},\"primaryImageOfPage\":{\"@id\":\"https:\\\/\\\/rodoaed.ee\\\/fi\\\/toode\\\/puinen-bumerangi-eagle-jopa-10m-vasenkatisille\\\/#primaryimage\"},\"image\":{\"@id\":\"https:\\\/\\\/rodoaed.ee\\\/fi\\\/toode\\\/puinen-bumerangi-eagle-jopa-10m-vasenkatisille\\\/#primaryimage\"},\"thumbnailUrl\":\"https:\\\/\\\/rodoaed.ee\\\/wp-content\\\/uploads\\\/2020\\\/10\\\/Bumerang_EAGLE_rodoaed_1.jpg\",\"datePublished\":\"2020-10-29T15:56:02+00:00\",\"dateModified\":\"2026-04-13T07:55:17+00:00\",\"breadcrumb\":{\"@id\":\"https:\\\/\\\/rodoaed.ee\\\/fi\\\/toode\\\/puinen-bumerangi-eagle-jopa-10m-vasenkatisille\\\/#breadcrumb\"},\"inLanguage\":\"fi\",\"potentialAction\":[{\"@type\":\"ReadAction\",\"target\":[\"https:\\\/\\\/rodoaed.ee\\\/fi\\\/toode\\\/puinen-bumerangi-eagle-jopa-10m-vasenkatisille\\\/\"]}]},{\"@type\":\"ImageObject\",\"inLanguage\":\"fi\",\"@id\":\"https:\\\/\\\/rodoaed.ee\\\/fi\\\/toode\\\/puinen-bumerangi-eagle-jopa-10m-vasenkatisille\\\/#primaryimage\",\"url\":\"https:\\\/\\\/rodoaed.ee\\\/wp-content\\\/uploads\\\/2020\\\/10\\\/Bumerang_EAGLE_rodoaed_1.jpg\",\"contentUrl\":\"https:\\\/\\\/rodoaed.ee\\\/wp-content\\\/uploads\\\/2020\\\/10\\\/Bumerang_EAGLE_rodoaed_1.jpg\",\"width\":1000,\"height\":1000,\"caption\":\"Boomerang_EAGLE_rodoaed_1\"},{\"@type\":\"BreadcrumbList\",\"@id\":\"https:\\\/\\\/rodoaed.ee\\\/fi\\\/toode\\\/puinen-bumerangi-eagle-jopa-10m-vasenkatisille\\\/#breadcrumb\",\"itemListElement\":[{\"@type\":\"ListItem\",\"position\":1,\"name\":\"Home\",\"item\":\"https:\\\/\\\/rodoaed.ee\\\/fi\\\/\"},{\"@type\":\"ListItem\",\"position\":2,\"name\":\"Osta osoitteessa\",\"item\":\"https:\\\/\\\/rodoaed.ee\\\/osta-osoitteessa\\\/\"},{\"@type\":\"ListItem\",\"position\":3,\"name\":\"Puinen bumerangi Eagle, jopa 10m &#8211; vasenk\u00e4tisille.\"}]},{\"@type\":\"WebSite\",\"@id\":\"https:\\\/\\\/rodoaed.ee\\\/#website\",\"url\":\"https:\\\/\\\/rodoaed.ee\\\/\",\"name\":\"Rodoaed\",\"description\":\"\",\"publisher\":{\"@id\":\"https:\\\/\\\/rodoaed.ee\\\/#organization\"},\"potentialAction\":[{\"@type\":\"SearchAction\",\"target\":{\"@type\":\"EntryPoint\",\"urlTemplate\":\"https:\\\/\\\/rodoaed.ee\\\/?s={search_term_string}\"},\"query-input\":{\"@type\":\"PropertyValueSpecification\",\"valueRequired\":true,\"valueName\":\"search_term_string\"}}],\"inLanguage\":\"fi\"},{\"@type\":\"Organization\",\"@id\":\"https:\\\/\\\/rodoaed.ee\\\/#organization\",\"name\":\"Rodoaed\",\"url\":\"https:\\\/\\\/rodoaed.ee\\\/\",\"logo\":{\"@type\":\"ImageObject\",\"inLanguage\":\"fi\",\"@id\":\"https:\\\/\\\/rodoaed.ee\\\/#\\\/schema\\\/logo\\\/image\\\/\",\"url\":\"https:\\\/\\\/rodoaed.ee\\\/wp-content\\\/uploads\\\/2019\\\/11\\\/rodoaed-logo-ilma-taustata.jpg\",\"contentUrl\":\"https:\\\/\\\/rodoaed.ee\\\/wp-content\\\/uploads\\\/2019\\\/11\\\/rodoaed-logo-ilma-taustata.jpg\",\"width\":769,\"height\":268,\"caption\":\"Rodoaed\"},\"image\":{\"@id\":\"https:\\\/\\\/rodoaed.ee\\\/#\\\/schema\\\/logo\\\/image\\\/\"},\"sameAs\":[\"https:\\\/\\\/www.facebook.com\\\/kasvuhooned\\\/\",\"https:\\\/\\\/rodoaed.ee\"]}]}<\/script>\n<!-- \/ Yoast SEO Premium plugin. -->","yoast_head_json":{"title":"Puinen bumerangi Eagle, jopa 10m - vasenk\u00e4tisille. - Rodoaed","robots":{"index":"index","follow":"follow","max-snippet":"max-snippet:-1","max-image-preview":"max-image-preview:large","max-video-preview":"max-video-preview:-1"},"canonical":"https:\/\/rodoaed.ee\/fi\/toode\/puinen-bumerangi-eagle-jopa-10m-vasenkatisille\/","og_locale":"fi_FI","og_type":"article","og_title":"Puinen bumerangi Eagle, jopa 10m - vasenk\u00e4tisille.","og_description":"Puinen kevyt bumerangi aloittelijoille, 10m lentomatka Bumerangimalli Eagle on eritt\u00e4in kevyt. Sit\u00e4 on helppo heitt\u00e4\u00e4 ja ottaa kiinni. Bumerangi on","og_url":"https:\/\/rodoaed.ee\/fi\/toode\/puinen-bumerangi-eagle-jopa-10m-vasenkatisille\/","og_site_name":"Rodoaed","article_publisher":"https:\/\/www.facebook.com\/kasvuhooned\/","article_modified_time":"2026-04-13T07:55:17+00:00","og_image":[{"width":1000,"height":1000,"url":"https:\/\/rodoaed.ee\/wp-content\/uploads\/2020\/10\/Bumerang_EAGLE_rodoaed_1.jpg","type":"image\/jpeg"}],"twitter_card":"summary_large_image","schema":{"@context":"https:\/\/schema.org","@graph":[{"@type":"WebPage","@id":"https:\/\/rodoaed.ee\/fi\/toode\/puinen-bumerangi-eagle-jopa-10m-vasenkatisille\/","url":"https:\/\/rodoaed.ee\/fi\/toode\/puinen-bumerangi-eagle-jopa-10m-vasenkatisille\/","name":"Puinen bumerangi Eagle, jopa 10m - vasenk\u00e4tisille. - Rodoaed","isPartOf":{"@id":"https:\/\/rodoaed.ee\/#website"},"primaryImageOfPage":{"@id":"https:\/\/rodoaed.ee\/fi\/toode\/puinen-bumerangi-eagle-jopa-10m-vasenkatisille\/#primaryimage"},"image":{"@id":"https:\/\/rodoaed.ee\/fi\/toode\/puinen-bumerangi-eagle-jopa-10m-vasenkatisille\/#primaryimage"},"thumbnailUrl":"https:\/\/rodoaed.ee\/wp-content\/uploads\/2020\/10\/Bumerang_EAGLE_rodoaed_1.jpg","datePublished":"2020-10-29T15:56:02+00:00","dateModified":"2026-04-13T07:55:17+00:00","breadcrumb":{"@id":"https:\/\/rodoaed.ee\/fi\/toode\/puinen-bumerangi-eagle-jopa-10m-vasenkatisille\/#breadcrumb"},"inLanguage":"fi","potentialAction":[{"@type":"ReadAction","target":["https:\/\/rodoaed.ee\/fi\/toode\/puinen-bumerangi-eagle-jopa-10m-vasenkatisille\/"]}]},{"@type":"ImageObject","inLanguage":"fi","@id":"https:\/\/rodoaed.ee\/fi\/toode\/puinen-bumerangi-eagle-jopa-10m-vasenkatisille\/#primaryimage","url":"https:\/\/rodoaed.ee\/wp-content\/uploads\/2020\/10\/Bumerang_EAGLE_rodoaed_1.jpg","contentUrl":"https:\/\/rodoaed.ee\/wp-content\/uploads\/2020\/10\/Bumerang_EAGLE_rodoaed_1.jpg","width":1000,"height":1000,"caption":"Boomerang_EAGLE_rodoaed_1"},{"@type":"BreadcrumbList","@id":"https:\/\/rodoaed.ee\/fi\/toode\/puinen-bumerangi-eagle-jopa-10m-vasenkatisille\/#breadcrumb","itemListElement":[{"@type":"ListItem","position":1,"name":"Home","item":"https:\/\/rodoaed.ee\/fi\/"},{"@type":"ListItem","position":2,"name":"Osta osoitteessa","item":"https:\/\/rodoaed.ee\/osta-osoitteessa\/"},{"@type":"ListItem","position":3,"name":"Puinen bumerangi Eagle, jopa 10m &#8211; vasenk\u00e4tisille."}]},{"@type":"WebSite","@id":"https:\/\/rodoaed.ee\/#website","url":"https:\/\/rodoaed.ee\/","name":"Rodoaed","description":"","publisher":{"@id":"https:\/\/rodoaed.ee\/#organization"},"potentialAction":[{"@type":"SearchAction","target":{"@type":"EntryPoint","urlTemplate":"https:\/\/rodoaed.ee\/?s={search_term_string}"},"query-input":{"@type":"PropertyValueSpecification","valueRequired":true,"valueName":"search_term_string"}}],"inLanguage":"fi"},{"@type":"Organization","@id":"https:\/\/rodoaed.ee\/#organization","name":"Rodoaed","url":"https:\/\/rodoaed.ee\/","logo":{"@type":"ImageObject","inLanguage":"fi","@id":"https:\/\/rodoaed.ee\/#\/schema\/logo\/image\/","url":"https:\/\/rodoaed.ee\/wp-content\/uploads\/2019\/11\/rodoaed-logo-ilma-taustata.jpg","contentUrl":"https:\/\/rodoaed.ee\/wp-content\/uploads\/2019\/11\/rodoaed-logo-ilma-taustata.jpg","width":769,"height":268,"caption":"Rodoaed"},"image":{"@id":"https:\/\/rodoaed.ee\/#\/schema\/logo\/image\/"},"sameAs":["https:\/\/www.facebook.com\/kasvuhooned\/","https:\/\/rodoaed.ee"]}]}},"_links":{"self":[{"href":"https:\/\/rodoaed.ee\/fi\/wp-json\/wp\/v2\/product\/52806","targetHints":{"allow":["GET"]}}],"collection":[{"href":"https:\/\/rodoaed.ee\/fi\/wp-json\/wp\/v2\/product"}],"about":[{"href":"https:\/\/rodoaed.ee\/fi\/wp-json\/wp\/v2\/types\/product"}],"wp:featuredmedia":[{"embeddable":true,"href":"https:\/\/rodoaed.ee\/fi\/wp-json\/wp\/v2\/media\/34486"}],"wp:attachment":[{"href":"https:\/\/rodoaed.ee\/fi\/wp-json\/wp\/v2\/media?parent=52806"}],"wp:term":[{"taxonomy":"product_brand","embeddable":true,"href":"https:\/\/rodoaed.ee\/fi\/wp-json\/wp\/v2\/product_brand?post=52806"},{"taxonomy":"product_cat","embeddable":true,"href":"https:\/\/rodoaed.ee\/fi\/wp-json\/wp\/v2\/product_cat?post=52806"},{"taxonomy":"product_tag","embeddable":true,"href":"https:\/\/rodoaed.ee\/fi\/wp-json\/wp\/v2\/product_tag?post=52806"}],"curies":[{"name":"wp","href":"https:\/\/api.w.org\/{rel}","templated":true}]}}